{"id":9917,"date":"2026-03-06T12:45:38","date_gmt":"2026-03-06T11:45:38","guid":{"rendered":"https:\/\/stagezone.hu\/?post_type=product&#038;p=9917"},"modified":"2026-05-04T19:50:05","modified_gmt":"2026-05-04T18:50:05","slug":"fos-scorpio-spot","status":"publish","type":"product","link":"https:\/\/stagezone.hu\/en\/product\/fos-scorpio-spot-200w-led-spot-light\/","title":{"rendered":"FOS Scorpio Spot - 200W LED Spot Light"},"content":{"rendered":"<p><strong>FOS Scorpio Spot &#8211; 200W LED Spot Light<\/strong><\/p>\n<p>The FOS Scorpio Spot is the brand&#8217;s highest-performing spot light. Features include 7 colors, 8 static and 6 rotating gobos with a 16\u00b0 beam angle. Its light weight and robust housing make it suitable for mobile applications.<\/p>\n<ul>\n<li>Power: 200W<\/li>\n<li>DMX 14\/16 CH<\/li>\n<li>Pan: 360\/540\/630\u00b0<\/li>\n<li>Tilt: 180\/270\u00b0<\/li>\n<li>8 static gobos + open<\/li>\n<li>6 rotating gobos<\/li>\n<li>7 colors + half colors<\/li>\n<li>Beam angle 16\u00b0<\/li>\n<li>Prism: 3-facet<\/li>\n<li>Quiet fans &#8211; 55dB<\/li>\n<li>Powercon<\/li>\n<li>DMX 3 pin<\/li>\n<li>Quick-lock omega bracket<\/li>\n<li>DMX 512\/Auto\/Sound<\/li>\n<\/ul>\n<p>FOS Technologies was founded in Athens in 2009 with the aim of providing efficiency, durability, outstanding performance, and easy maintenance at affordable prices. The name &#8220;FOS&#8221; (Greek: \u03a6\u03a9\u03a3 = light) reflects their mission: to bring light and experience to every production. Since then, FOS has exported its products to over 48 countries worldwide.<\/p>\n<p><iframe title=\"FOS Scorpio Spot\" width=\"1220\" height=\"686\" src=\"https:\/\/www.youtube.com\/embed\/W5ttXXUTkIE?feature=oembed\" frameborder=\"0\" allow=\"accelerometer; autoplay; clipboard-write; encrypted-media; gyroscope; picture-in-picture; web-share\" referrerpolicy=\"strict-origin-when-cross-origin\" allowfullscreen><\/iframe><\/p>\n","protected":false},"excerpt":{"rendered":"<p>200W LED spot light with a 3-facet prism and quiet 55dB fans, suitable for mobile use.<\/p>\n","protected":false},"featured_media":9918,"comment_status":"open","ping_status":"closed","template":"","meta":[],"product_brand":[],"product_cat":[166,169],"product_tag":[514,378],"class_list":{"0":"post-9917","1":"product","2":"type-product","3":"status-publish","4":"has-post-thumbnail","6":"product_cat-robotlampa","7":"product_cat-spot-lampak","8":"product_tag-fos","9":"product_tag-spot","11":"first","12":"contact_us","13":"taxable","14":"shipping-taxable","15":"purchasable","16":"product-type-simple"},"yoast_head":"<!-- This site is optimized with the Yoast SEO Premium plugin v27.2 (Yoast SEO v27.2) - https:\/\/yoast.com\/product\/yoast-seo-premium-wordpress\/ -->\n<title>FOS Scorpio Spot - 200W LED Spot Light<\/title>\n<meta name=\"description\" content=\"200W LED spot light with a 3-facet prism and quiet 55dB fans, suitable for mobile use.\" \/>\n<meta name=\"robots\" content=\"index, follow, max-snippet:-1, max-image-preview:large, max-video-preview:-1\" \/>\n<link rel=\"canonical\" href=\"http:\/\/200W%20LED%20spot%20light%20with%20a%203-facet%20prism%20and%20quiet%2055dB%20fans,%20suitable%20for%20mobile%20use.\" \/>\n<meta property=\"og:locale\" content=\"en_US\" \/>\n<meta property=\"og:type\" content=\"article\" \/>\n<meta property=\"og:title\" content=\"FOS Scorpio Spot - 200W LED Spot Light\" \/>\n<meta property=\"og:description\" content=\"200W LED spot light with a 3-facet prism and quiet 55dB fans, suitable for mobile use.\" \/>\n<meta property=\"og:url\" content=\"https:\/\/stagezone.hu\/en\/product\/fos-scorpio-spot-200w-led-spot-light\/\" \/>\n<meta property=\"og:site_name\" content=\"StageZone\" \/>\n<meta property=\"article:publisher\" content=\"https:\/\/www.facebook.com\/stagezonehungary\/\" \/>\n<meta property=\"article:modified_time\" content=\"2026-05-04T18:50:05+00:00\" \/>\n<meta property=\"og:image\" content=\"https:\/\/stagezone.hu\/wp-content\/uploads\/2026\/03\/1.png\" \/>\n\t<meta property=\"og:image:width\" content=\"1000\" \/>\n\t<meta property=\"og:image:height\" content=\"1000\" \/>\n\t<meta property=\"og:image:type\" content=\"image\/png\" \/>\n<meta name=\"twitter:card\" content=\"summary_large_image\" \/>\n<meta name=\"twitter:label1\" content=\"Est. reading time\" \/>\n\t<meta name=\"twitter:data1\" content=\"1 minute\" \/>\n<script type=\"application\/ld+json\" class=\"yoast-schema-graph\">{\"@context\":\"https:\/\/schema.org\",\"@graph\":[{\"@type\":\"WebPage\",\"@id\":\"https:\/\/stagezone.hu\/en\/product\/fos-scorpio-spot-200w-led-spot-light\/\",\"url\":\"https:\/\/stagezone.hu\/en\/product\/fos-scorpio-spot-200w-led-spot-light\/\",\"name\":\"FOS Scorpio Spot - StageZone\",\"isPartOf\":{\"@id\":\"https:\/\/stagezone.hu\/#website\"},\"primaryImageOfPage\":{\"@id\":\"https:\/\/stagezone.hu\/en\/product\/fos-scorpio-spot-200w-led-spot-light\/#primaryimage\"},\"image\":{\"@id\":\"https:\/\/stagezone.hu\/en\/product\/fos-scorpio-spot-200w-led-spot-light\/#primaryimage\"},\"thumbnailUrl\":\"https:\/\/stagezone.hu\/wp-content\/uploads\/2026\/03\/1.png\",\"datePublished\":\"2026-03-06T11:45:38+00:00\",\"dateModified\":\"2026-05-04T18:50:05+00:00\",\"description\":\"FOS Scorpio Spot 200W 7500K leddel, 3 oldala prizm\u00e1val, 8 db statikus \u00e9s 6 db rot\u00e1ci\u00f3s goboval, 16\u00b0-os niyt\u00e1si sz\u00f6ggel \u00e9s csendes h\u0171t\u00e9ssel.\",\"breadcrumb\":{\"@id\":\"https:\/\/stagezone.hu\/en\/product\/fos-scorpio-spot-200w-led-spot-light\/#breadcrumb\"},\"inLanguage\":\"en-US\",\"potentialAction\":[{\"@type\":\"ReadAction\",\"target\":[\"https:\/\/stagezone.hu\/en\/product\/fos-scorpio-spot-200w-led-spot-light\/\"]}]},{\"@type\":\"ImageObject\",\"inLanguage\":\"en-US\",\"@id\":\"https:\/\/stagezone.hu\/en\/product\/fos-scorpio-spot-200w-led-spot-light\/#primaryimage\",\"url\":\"https:\/\/stagezone.hu\/wp-content\/uploads\/2026\/03\/1.png\",\"contentUrl\":\"https:\/\/stagezone.hu\/wp-content\/uploads\/2026\/03\/1.png\",\"width\":1000,\"height\":1000,\"caption\":\"FOS Scorpio Spot\"},{\"@type\":\"BreadcrumbList\",\"@id\":\"https:\/\/stagezone.hu\/en\/product\/fos-scorpio-spot-200w-led-spot-light\/#breadcrumb\",\"itemListElement\":[{\"@type\":\"ListItem\",\"position\":1,\"name\":\"Kezd\u0151lap\",\"item\":\"https:\/\/stagezone.hu\/\"},{\"@type\":\"ListItem\",\"position\":2,\"name\":\"\u00dczlet\",\"item\":\"https:\/\/stagezone.hu\/uzlet\/\"},{\"@type\":\"ListItem\",\"position\":3,\"name\":\"FOS Scorpio Spot - 200W LED Spot Light\"}]},{\"@type\":\"WebSite\",\"@id\":\"https:\/\/stagezone.hu\/en\/#website\",\"url\":\"https:\/\/stagezone.hu\/en\/\",\"name\":\"StageZone - Ragyogj a Stagezone min\u0151s\u00e9gi f\u00e9nytechnik\u00e1j\u00e1val.\",\"description\":\"StageZone\",\"publisher\":{\"@id\":\"https:\/\/stagezone.hu\/en\/#organization\"},\"potentialAction\":[{\"@type\":\"SearchAction\",\"target\":{\"@type\":\"EntryPoint\",\"urlTemplate\":\"https:\/\/stagezone.hu\/en\/?s={search_term_string}\"},\"query-input\":{\"@type\":\"PropertyValueSpecification\",\"valueRequired\":true,\"valueName\":\"search_term_string\"}}],\"inLanguage\":\"en-US\"},{\"@type\":\"Organization\",\"@id\":\"https:\/\/stagezone.hu\/en\/#organization\",\"name\":\"StageZone\",\"url\":\"https:\/\/stagezone.hu\/en\/\",\"logo\":{\"@type\":\"ImageObject\",\"inLanguage\":\"en-US\",\"@id\":\"https:\/\/stagezone.hu\/en\/#\/schema\/logo\/image\/\",\"url\":\"https:\/\/stagezone.hu\/wp-content\/uploads\/2026\/01\/Adam-Hall_1000x1000-1-1.png\",\"contentUrl\":\"https:\/\/stagezone.hu\/wp-content\/uploads\/2026\/01\/Adam-Hall_1000x1000-1-1.png\",\"width\":1000,\"height\":1000,\"caption\":\"StageZone\"},\"image\":{\"@id\":\"https:\/\/stagezone.hu\/en\/#\/schema\/logo\/image\/\"},\"sameAs\":[\"https:\/\/www.facebook.com\/stagezonehungary\/\",\"https:\/\/www.instagram.com\/stagezonehungary\/\"]}]}<\/script>\n<!-- \/ Yoast SEO Premium plugin. -->","yoast_head_json":{"title":"FOS Scorpio Spot - 200W LED Spot Light","description":"200W LED spot light with a 3-facet prism and quiet 55dB fans, suitable for mobile use.","robots":{"index":"index","follow":"follow","max-snippet":"max-snippet:-1","max-image-preview":"max-image-preview:large","max-video-preview":"max-video-preview:-1"},"canonical":"200W LED spot light with a 3-facet prism and quiet 55dB fans, suitable for mobile use.","og_locale":"en_US","og_type":"article","og_title":"FOS Scorpio Spot - 200W LED Spot Light","og_description":"200W LED spot light with a 3-facet prism and quiet 55dB fans, suitable for mobile use.","og_url":"https:\/\/stagezone.hu\/en\/product\/fos-scorpio-spot-200w-led-spot-light\/","og_site_name":"StageZone","article_publisher":"https:\/\/www.facebook.com\/stagezonehungary\/","article_modified_time":"2026-05-04T18:50:05+00:00","og_image":[{"width":1000,"height":1000,"url":"https:\/\/stagezone.hu\/wp-content\/uploads\/2026\/03\/1.png","type":"image\/png"}],"twitter_card":"summary_large_image","twitter_misc":{"Est. reading time":"1 minute"},"schema":{"@context":"https:\/\/schema.org","@graph":[{"@type":"WebPage","@id":"https:\/\/stagezone.hu\/en\/product\/fos-scorpio-spot-200w-led-spot-light\/","url":"https:\/\/stagezone.hu\/en\/product\/fos-scorpio-spot-200w-led-spot-light\/","name":"FOS Scorpio Spot - StageZone","isPartOf":{"@id":"https:\/\/stagezone.hu\/#website"},"primaryImageOfPage":{"@id":"https:\/\/stagezone.hu\/en\/product\/fos-scorpio-spot-200w-led-spot-light\/#primaryimage"},"image":{"@id":"https:\/\/stagezone.hu\/en\/product\/fos-scorpio-spot-200w-led-spot-light\/#primaryimage"},"thumbnailUrl":"https:\/\/stagezone.hu\/wp-content\/uploads\/2026\/03\/1.png","datePublished":"2026-03-06T11:45:38+00:00","dateModified":"2026-05-04T18:50:05+00:00","description":"FOS Scorpio Spot 200W 7500K leddel, 3 oldala prizm\u00e1val, 8 db statikus \u00e9s 6 db rot\u00e1ci\u00f3s goboval, 16\u00b0-os niyt\u00e1si sz\u00f6ggel \u00e9s csendes h\u0171t\u00e9ssel.","breadcrumb":{"@id":"https:\/\/stagezone.hu\/en\/product\/fos-scorpio-spot-200w-led-spot-light\/#breadcrumb"},"inLanguage":"en-US","potentialAction":[{"@type":"ReadAction","target":["https:\/\/stagezone.hu\/en\/product\/fos-scorpio-spot-200w-led-spot-light\/"]}]},{"@type":"ImageObject","inLanguage":"en-US","@id":"https:\/\/stagezone.hu\/en\/product\/fos-scorpio-spot-200w-led-spot-light\/#primaryimage","url":"https:\/\/stagezone.hu\/wp-content\/uploads\/2026\/03\/1.png","contentUrl":"https:\/\/stagezone.hu\/wp-content\/uploads\/2026\/03\/1.png","width":1000,"height":1000,"caption":"FOS Scorpio Spot"},{"@type":"BreadcrumbList","@id":"https:\/\/stagezone.hu\/en\/product\/fos-scorpio-spot-200w-led-spot-light\/#breadcrumb","itemListElement":[{"@type":"ListItem","position":1,"name":"Kezd\u0151lap","item":"https:\/\/stagezone.hu\/"},{"@type":"ListItem","position":2,"name":"\u00dczlet","item":"https:\/\/stagezone.hu\/uzlet\/"},{"@type":"ListItem","position":3,"name":"FOS Scorpio Spot - 200W LED Spot Light"}]},{"@type":"WebSite","@id":"https:\/\/stagezone.hu\/en\/#website","url":"https:\/\/stagezone.hu\/en\/","name":"StageZone - Ragyogj a Stagezone min\u0151s\u00e9gi f\u00e9nytechnik\u00e1j\u00e1val.","description":"StageZone","publisher":{"@id":"https:\/\/stagezone.hu\/en\/#organization"},"potentialAction":[{"@type":"SearchAction","target":{"@type":"EntryPoint","urlTemplate":"https:\/\/stagezone.hu\/en\/?s={search_term_string}"},"query-input":{"@type":"PropertyValueSpecification","valueRequired":true,"valueName":"search_term_string"}}],"inLanguage":"en-US"},{"@type":"Organization","@id":"https:\/\/stagezone.hu\/en\/#organization","name":"StageZone","url":"https:\/\/stagezone.hu\/en\/","logo":{"@type":"ImageObject","inLanguage":"en-US","@id":"https:\/\/stagezone.hu\/en\/#\/schema\/logo\/image\/","url":"https:\/\/stagezone.hu\/wp-content\/uploads\/2026\/01\/Adam-Hall_1000x1000-1-1.png","contentUrl":"https:\/\/stagezone.hu\/wp-content\/uploads\/2026\/01\/Adam-Hall_1000x1000-1-1.png","width":1000,"height":1000,"caption":"StageZone"},"image":{"@id":"https:\/\/stagezone.hu\/en\/#\/schema\/logo\/image\/"},"sameAs":["https:\/\/www.facebook.com\/stagezonehungary\/","https:\/\/www.instagram.com\/stagezonehungary\/"]}]}},"_links":{"self":[{"href":"https:\/\/stagezone.hu\/en\/wp-json\/wp\/v2\/product\/9917","targetHints":{"allow":["GET"]}}],"collection":[{"href":"https:\/\/stagezone.hu\/en\/wp-json\/wp\/v2\/product"}],"about":[{"href":"https:\/\/stagezone.hu\/en\/wp-json\/wp\/v2\/types\/product"}],"replies":[{"embeddable":true,"href":"https:\/\/stagezone.hu\/en\/wp-json\/wp\/v2\/comments?post=9917"}],"version-history":[{"count":3,"href":"https:\/\/stagezone.hu\/en\/wp-json\/wp\/v2\/product\/9917\/revisions"}],"predecessor-version":[{"id":10352,"href":"https:\/\/stagezone.hu\/en\/wp-json\/wp\/v2\/product\/9917\/revisions\/10352"}],"wp:featuredmedia":[{"embeddable":true,"href":"https:\/\/stagezone.hu\/en\/wp-json\/wp\/v2\/media\/9918"}],"wp:attachment":[{"href":"https:\/\/stagezone.hu\/en\/wp-json\/wp\/v2\/media?parent=9917"}],"wp:term":[{"taxonomy":"product_brand","embeddable":true,"href":"https:\/\/stagezone.hu\/en\/wp-json\/wp\/v2\/product_brand?post=9917"},{"taxonomy":"product_cat","embeddable":true,"href":"https:\/\/stagezone.hu\/en\/wp-json\/wp\/v2\/product_cat?post=9917"},{"taxonomy":"product_tag","embeddable":true,"href":"https:\/\/stagezone.hu\/en\/wp-json\/wp\/v2\/product_tag?post=9917"}],"curies":[{"name":"wp","href":"https:\/\/api.w.org\/{rel}","templated":true}]}}