{"id":9907,"date":"2026-03-05T15:20:46","date_gmt":"2026-03-05T14:20:46","guid":{"rendered":"https:\/\/stagezone.hu\/?post_type=product&#038;p=9907"},"modified":"2026-05-04T19:50:06","modified_gmt":"2026-05-04T18:50:06","slug":"adj-entourage","status":"publish","type":"product","link":"https:\/\/stagezone.hu\/en\/product\/adj-entourage-1400w-hazer\/","title":{"rendered":"ADJ Entourage 1400W Hazer"},"content":{"rendered":"<p><strong>ADJ Entourage &#8211; 1400W hazer<\/strong><\/p>\n<p>The ADJ Entourage is a sibling to the Entour Venue. They are identical in power and operation, but the Entourage has been specifically designed for rental companies and service providers. The flight case offers a safe transport environment for the machine.<\/p>\n<ul>\n<li>Power: 1400W<\/li>\n<li>Warm-up time: 45 sec<\/li>\n<li>420 m3\/min<\/li>\n<li>Max. 16 ml\/min consumption<\/li>\n<li>5.6 L tank<\/li>\n<li>DMX 1\/2\/4 CH<\/li>\n<li>Fan speed: 5-100%<\/li>\n<li>Injection: 5-100%<\/li>\n<li>Powercon<\/li>\n<li>DMX 3 pin\/5 pin<\/li>\n<li>IP20<\/li>\n<li>LCD display<\/li>\n<li>Operating modes: DMX\/timer\/manual\/continuous<\/li>\n<\/ul>\n<p>The machine can only be operated with water-based haze fluid!<\/p>\n<p>ADJ is a globally recognized manufacturer specializing in entertainment lighting technology, LED video technology, and various stage effects. With over 35 years of industry experience, ADJ holds a leading position in the global market with its reliable and innovative products. Their product range covers a wide spectrum: moving head lights, static lighting effects, DMX control hardware and software, smoke and other effect machines.<\/p>\n","protected":false},"excerpt":{"rendered":"<p>1400W hazer, 420 m3\/min output, designed for rental companies.<\/p>\n","protected":false},"featured_media":9908,"comment_status":"open","ping_status":"closed","template":"","meta":[],"product_brand":[],"product_cat":[178,565],"product_tag":[218,566,222],"class_list":{"0":"post-9907","1":"product","2":"type-product","3":"status-publish","4":"has-post-thumbnail","6":"product_cat-effekt","7":"product_cat-hazer","8":"product_tag-adj","9":"product_tag-entourage","10":"product_tag-hazer","12":"first","13":"contact_us","14":"taxable","15":"shipping-taxable","16":"purchasable","17":"product-type-simple"},"yoast_head":"<!-- This site is optimized with the Yoast SEO Premium plugin v27.2 (Yoast SEO v27.2) - https:\/\/yoast.com\/product\/yoast-seo-premium-wordpress\/ -->\n<title>ADJ Entourage 1400W Hazer<\/title>\n<meta name=\"description\" content=\"1400W hazer, 420 m3\/min output, designed for rental companies.\" \/>\n<meta name=\"robots\" content=\"index, follow, max-snippet:-1, max-image-preview:large, max-video-preview:-1\" \/>\n<link rel=\"canonical\" href=\"http:\/\/1400W%20hazer,%20420%20m3\/min%20output,%20designed%20for%20rental%20companies.\" \/>\n<meta property=\"og:locale\" content=\"en_US\" \/>\n<meta property=\"og:type\" content=\"article\" \/>\n<meta property=\"og:title\" content=\"ADJ Entourage 1400W Hazer\" \/>\n<meta property=\"og:description\" content=\"1400W hazer, 420 m3\/min output, designed for rental companies.\" \/>\n<meta property=\"og:url\" content=\"https:\/\/stagezone.hu\/en\/product\/adj-entourage-1400w-hazer\/\" \/>\n<meta property=\"og:site_name\" content=\"StageZone\" \/>\n<meta property=\"article:publisher\" content=\"https:\/\/www.facebook.com\/stagezonehungary\/\" \/>\n<meta property=\"article:modified_time\" content=\"2026-05-04T18:50:06+00:00\" \/>\n<meta property=\"og:image\" content=\"https:\/\/stagezone.hu\/wp-content\/uploads\/2026\/03\/entourage-1_1.jpg\" \/>\n\t<meta property=\"og:image:width\" content=\"1100\" \/>\n\t<meta property=\"og:image:height\" content=\"1100\" \/>\n\t<meta property=\"og:image:type\" content=\"image\/jpeg\" \/>\n<meta name=\"twitter:card\" content=\"summary_large_image\" \/>\n<meta name=\"twitter:label1\" content=\"Est. reading time\" \/>\n\t<meta name=\"twitter:data1\" content=\"1 minute\" \/>\n<script type=\"application\/ld+json\" class=\"yoast-schema-graph\">{\"@context\":\"https:\/\/schema.org\",\"@graph\":[{\"@type\":\"WebPage\",\"@id\":\"https:\/\/stagezone.hu\/en\/product\/adj-entourage-1400w-hazer\/\",\"url\":\"https:\/\/stagezone.hu\/en\/product\/adj-entourage-1400w-hazer\/\",\"name\":\"ADJ Entourage - StageZone\",\"isPartOf\":{\"@id\":\"https:\/\/stagezone.hu\/#website\"},\"primaryImageOfPage\":{\"@id\":\"https:\/\/stagezone.hu\/en\/product\/adj-entourage-1400w-hazer\/#primaryimage\"},\"image\":{\"@id\":\"https:\/\/stagezone.hu\/en\/product\/adj-entourage-1400w-hazer\/#primaryimage\"},\"thumbnailUrl\":\"https:\/\/stagezone.hu\/wp-content\/uploads\/2026\/03\/entourage-1_1.jpg\",\"datePublished\":\"2026-03-05T14:20:46+00:00\",\"dateModified\":\"2026-05-04T18:50:06+00:00\",\"description\":\"Az ADJ Entourage mobil felhaszn\u00e1l\u00e1sra tervezett 1400W teljes\u00edtm\u00e9ny\u0171 hazer id\u0151z\u00edt\u0151vel, 5.6 literes tankkal, maximum 420 m3\/perc teljes\u00edtm\u00e9nnyel.\",\"breadcrumb\":{\"@id\":\"https:\/\/stagezone.hu\/en\/product\/adj-entourage-1400w-hazer\/#breadcrumb\"},\"inLanguage\":\"en-US\",\"potentialAction\":[{\"@type\":\"ReadAction\",\"target\":[\"https:\/\/stagezone.hu\/en\/product\/adj-entourage-1400w-hazer\/\"]}]},{\"@type\":\"ImageObject\",\"inLanguage\":\"en-US\",\"@id\":\"https:\/\/stagezone.hu\/en\/product\/adj-entourage-1400w-hazer\/#primaryimage\",\"url\":\"https:\/\/stagezone.hu\/wp-content\/uploads\/2026\/03\/entourage-1_1.jpg\",\"contentUrl\":\"https:\/\/stagezone.hu\/wp-content\/uploads\/2026\/03\/entourage-1_1.jpg\",\"width\":1100,\"height\":1100,\"caption\":\"ADJ Entourage\"},{\"@type\":\"BreadcrumbList\",\"@id\":\"https:\/\/stagezone.hu\/en\/product\/adj-entourage-1400w-hazer\/#breadcrumb\",\"itemListElement\":[{\"@type\":\"ListItem\",\"position\":1,\"name\":\"Kezd\u0151lap\",\"item\":\"https:\/\/stagezone.hu\/\"},{\"@type\":\"ListItem\",\"position\":2,\"name\":\"\u00dczlet\",\"item\":\"https:\/\/stagezone.hu\/uzlet\/\"},{\"@type\":\"ListItem\",\"position\":3,\"name\":\"ADJ Entourage 1400W Hazer\"}]},{\"@type\":\"WebSite\",\"@id\":\"https:\/\/stagezone.hu\/en\/#website\",\"url\":\"https:\/\/stagezone.hu\/en\/\",\"name\":\"StageZone - Ragyogj a Stagezone min\u0151s\u00e9gi f\u00e9nytechnik\u00e1j\u00e1val.\",\"description\":\"StageZone\",\"publisher\":{\"@id\":\"https:\/\/stagezone.hu\/en\/#organization\"},\"potentialAction\":[{\"@type\":\"SearchAction\",\"target\":{\"@type\":\"EntryPoint\",\"urlTemplate\":\"https:\/\/stagezone.hu\/en\/?s={search_term_string}\"},\"query-input\":{\"@type\":\"PropertyValueSpecification\",\"valueRequired\":true,\"valueName\":\"search_term_string\"}}],\"inLanguage\":\"en-US\"},{\"@type\":\"Organization\",\"@id\":\"https:\/\/stagezone.hu\/en\/#organization\",\"name\":\"StageZone\",\"url\":\"https:\/\/stagezone.hu\/en\/\",\"logo\":{\"@type\":\"ImageObject\",\"inLanguage\":\"en-US\",\"@id\":\"https:\/\/stagezone.hu\/en\/#\/schema\/logo\/image\/\",\"url\":\"https:\/\/stagezone.hu\/wp-content\/uploads\/2026\/01\/Adam-Hall_1000x1000-1-1.png\",\"contentUrl\":\"https:\/\/stagezone.hu\/wp-content\/uploads\/2026\/01\/Adam-Hall_1000x1000-1-1.png\",\"width\":1000,\"height\":1000,\"caption\":\"StageZone\"},\"image\":{\"@id\":\"https:\/\/stagezone.hu\/en\/#\/schema\/logo\/image\/\"},\"sameAs\":[\"https:\/\/www.facebook.com\/stagezonehungary\/\",\"https:\/\/www.instagram.com\/stagezonehungary\/\"]}]}<\/script>\n<!-- \/ Yoast SEO Premium plugin. -->","yoast_head_json":{"title":"ADJ Entourage 1400W Hazer","description":"1400W hazer, 420 m3\/min output, designed for rental companies.","robots":{"index":"index","follow":"follow","max-snippet":"max-snippet:-1","max-image-preview":"max-image-preview:large","max-video-preview":"max-video-preview:-1"},"canonical":"1400W hazer, 420 m3\/min output, designed for rental companies.","og_locale":"en_US","og_type":"article","og_title":"ADJ Entourage 1400W Hazer","og_description":"1400W hazer, 420 m3\/min output, designed for rental companies.","og_url":"https:\/\/stagezone.hu\/en\/product\/adj-entourage-1400w-hazer\/","og_site_name":"StageZone","article_publisher":"https:\/\/www.facebook.com\/stagezonehungary\/","article_modified_time":"2026-05-04T18:50:06+00:00","og_image":[{"width":1100,"height":1100,"url":"https:\/\/stagezone.hu\/wp-content\/uploads\/2026\/03\/entourage-1_1.jpg","type":"image\/jpeg"}],"twitter_card":"summary_large_image","twitter_misc":{"Est. reading time":"1 minute"},"schema":{"@context":"https:\/\/schema.org","@graph":[{"@type":"WebPage","@id":"https:\/\/stagezone.hu\/en\/product\/adj-entourage-1400w-hazer\/","url":"https:\/\/stagezone.hu\/en\/product\/adj-entourage-1400w-hazer\/","name":"ADJ Entourage - StageZone","isPartOf":{"@id":"https:\/\/stagezone.hu\/#website"},"primaryImageOfPage":{"@id":"https:\/\/stagezone.hu\/en\/product\/adj-entourage-1400w-hazer\/#primaryimage"},"image":{"@id":"https:\/\/stagezone.hu\/en\/product\/adj-entourage-1400w-hazer\/#primaryimage"},"thumbnailUrl":"https:\/\/stagezone.hu\/wp-content\/uploads\/2026\/03\/entourage-1_1.jpg","datePublished":"2026-03-05T14:20:46+00:00","dateModified":"2026-05-04T18:50:06+00:00","description":"Az ADJ Entourage mobil felhaszn\u00e1l\u00e1sra tervezett 1400W teljes\u00edtm\u00e9ny\u0171 hazer id\u0151z\u00edt\u0151vel, 5.6 literes tankkal, maximum 420 m3\/perc teljes\u00edtm\u00e9nnyel.","breadcrumb":{"@id":"https:\/\/stagezone.hu\/en\/product\/adj-entourage-1400w-hazer\/#breadcrumb"},"inLanguage":"en-US","potentialAction":[{"@type":"ReadAction","target":["https:\/\/stagezone.hu\/en\/product\/adj-entourage-1400w-hazer\/"]}]},{"@type":"ImageObject","inLanguage":"en-US","@id":"https:\/\/stagezone.hu\/en\/product\/adj-entourage-1400w-hazer\/#primaryimage","url":"https:\/\/stagezone.hu\/wp-content\/uploads\/2026\/03\/entourage-1_1.jpg","contentUrl":"https:\/\/stagezone.hu\/wp-content\/uploads\/2026\/03\/entourage-1_1.jpg","width":1100,"height":1100,"caption":"ADJ Entourage"},{"@type":"BreadcrumbList","@id":"https:\/\/stagezone.hu\/en\/product\/adj-entourage-1400w-hazer\/#breadcrumb","itemListElement":[{"@type":"ListItem","position":1,"name":"Kezd\u0151lap","item":"https:\/\/stagezone.hu\/"},{"@type":"ListItem","position":2,"name":"\u00dczlet","item":"https:\/\/stagezone.hu\/uzlet\/"},{"@type":"ListItem","position":3,"name":"ADJ Entourage 1400W Hazer"}]},{"@type":"WebSite","@id":"https:\/\/stagezone.hu\/en\/#website","url":"https:\/\/stagezone.hu\/en\/","name":"StageZone - Ragyogj a Stagezone min\u0151s\u00e9gi f\u00e9nytechnik\u00e1j\u00e1val.","description":"StageZone","publisher":{"@id":"https:\/\/stagezone.hu\/en\/#organization"},"potentialAction":[{"@type":"SearchAction","target":{"@type":"EntryPoint","urlTemplate":"https:\/\/stagezone.hu\/en\/?s={search_term_string}"},"query-input":{"@type":"PropertyValueSpecification","valueRequired":true,"valueName":"search_term_string"}}],"inLanguage":"en-US"},{"@type":"Organization","@id":"https:\/\/stagezone.hu\/en\/#organization","name":"StageZone","url":"https:\/\/stagezone.hu\/en\/","logo":{"@type":"ImageObject","inLanguage":"en-US","@id":"https:\/\/stagezone.hu\/en\/#\/schema\/logo\/image\/","url":"https:\/\/stagezone.hu\/wp-content\/uploads\/2026\/01\/Adam-Hall_1000x1000-1-1.png","contentUrl":"https:\/\/stagezone.hu\/wp-content\/uploads\/2026\/01\/Adam-Hall_1000x1000-1-1.png","width":1000,"height":1000,"caption":"StageZone"},"image":{"@id":"https:\/\/stagezone.hu\/en\/#\/schema\/logo\/image\/"},"sameAs":["https:\/\/www.facebook.com\/stagezonehungary\/","https:\/\/www.instagram.com\/stagezonehungary\/"]}]}},"_links":{"self":[{"href":"https:\/\/stagezone.hu\/en\/wp-json\/wp\/v2\/product\/9907","targetHints":{"allow":["GET"]}}],"collection":[{"href":"https:\/\/stagezone.hu\/en\/wp-json\/wp\/v2\/product"}],"about":[{"href":"https:\/\/stagezone.hu\/en\/wp-json\/wp\/v2\/types\/product"}],"replies":[{"embeddable":true,"href":"https:\/\/stagezone.hu\/en\/wp-json\/wp\/v2\/comments?post=9907"}],"version-history":[{"count":3,"href":"https:\/\/stagezone.hu\/en\/wp-json\/wp\/v2\/product\/9907\/revisions"}],"predecessor-version":[{"id":10612,"href":"https:\/\/stagezone.hu\/en\/wp-json\/wp\/v2\/product\/9907\/revisions\/10612"}],"wp:featuredmedia":[{"embeddable":true,"href":"https:\/\/stagezone.hu\/en\/wp-json\/wp\/v2\/media\/9908"}],"wp:attachment":[{"href":"https:\/\/stagezone.hu\/en\/wp-json\/wp\/v2\/media?parent=9907"}],"wp:term":[{"taxonomy":"product_brand","embeddable":true,"href":"https:\/\/stagezone.hu\/en\/wp-json\/wp\/v2\/product_brand?post=9907"},{"taxonomy":"product_cat","embeddable":true,"href":"https:\/\/stagezone.hu\/en\/wp-json\/wp\/v2\/product_cat?post=9907"},{"taxonomy":"product_tag","embeddable":true,"href":"https:\/\/stagezone.hu\/en\/wp-json\/wp\/v2\/product_tag?post=9907"}],"curies":[{"name":"wp","href":"https:\/\/api.w.org\/{rel}","templated":true}]}}