{"id":9890,"date":"2026-03-05T11:53:33","date_gmt":"2026-03-05T10:53:33","guid":{"rendered":"https:\/\/stagezone.hu\/?post_type=product&#038;p=9890"},"modified":"2026-05-04T19:50:09","modified_gmt":"2026-05-04T18:50:09","slug":"shehds-zoom-moving-bar","status":"publish","type":"product","link":"https:\/\/stagezone.hu\/en\/product\/shehds-zoom-moving-bar-12x40w-rbgw\/","title":{"rendered":"SHEHDS Zoom Moving Bar 12x40W RBGW"},"content":{"rendered":"<p><strong>SHEHDS Zoom Moving Bar &#8211; 12x40W RBGW<\/strong><\/p>\n<ul>\n<li>Power Supply: AC 100-240 V, 50\/60 Hz<\/li>\n<li>Power Consumption: 600W<\/li>\n<li>Beam Angle: 4.5-31\u00b0<\/li>\n<li>Tilt: 180\u00b0<\/li>\n<li>Linear Dimmer<\/li>\n<li>CTO: 2500-8000K<\/li>\n<li>DMX Channels: 26\/32\/76 CH<\/li>\n<li>Connectors: Powercon, DMX 3 pin\/5 pin<\/li>\n<li>IP Rating: IP20<\/li>\n<li>Control Modes: DMX 512\/RDM\/Auto\/Sound<\/li>\n<\/ul>\n<p>Shehds, founded in 2015, specializes in stage lighting equipment. Their products offer reliable quality and materials, suitable for various applications. They hold safety certifications including CE, ROHS, UL, FCC, TP, TC, SAA, and others. The brand has become a trusted name in the lighting technology segment.<\/p>\n","protected":false},"excerpt":{"rendered":"<p>12x40W RGBW, CTO 2500-8000K, 4.5-31\u00b0 beam angle.<\/p>\n","protected":false},"featured_media":9897,"comment_status":"open","ping_status":"closed","template":"","meta":[],"product_brand":[],"product_cat":[456,166],"product_tag":[394,193,534],"class_list":{"0":"post-9890","1":"product","2":"type-product","3":"status-publish","4":"has-post-thumbnail","6":"product_cat-hybrid-lampak","7":"product_cat-robotlampa","8":"product_tag-bar","9":"product_tag-led","10":"product_tag-shehds","12":"first","13":"contact_us","14":"taxable","15":"shipping-taxable","16":"purchasable","17":"product-type-simple"},"yoast_head":"<!-- This site is optimized with the Yoast SEO Premium plugin v27.2 (Yoast SEO v27.2) - https:\/\/yoast.com\/product\/yoast-seo-premium-wordpress\/ -->\n<title>SHEHDS Zoom Moving Bar 12x40W RBGW<\/title>\n<meta name=\"description\" content=\"12x40W RGBW, CTO 2500-8000K, 4.5-31\u00b0 beam angle.\" \/>\n<meta name=\"robots\" content=\"index, follow, max-snippet:-1, max-image-preview:large, max-video-preview:-1\" \/>\n<link rel=\"canonical\" href=\"http:\/\/12x40W%20RGBW,%20CTO%202500-8000K,%204.5-31\u00b0%20beam%20angle.\" \/>\n<meta property=\"og:locale\" content=\"en_US\" \/>\n<meta property=\"og:type\" content=\"article\" \/>\n<meta property=\"og:title\" content=\"SHEHDS Zoom Moving Bar 12x40W RBGW\" \/>\n<meta property=\"og:description\" content=\"12x40W RGBW, CTO 2500-8000K, 4.5-31\u00b0 beam angle.\" \/>\n<meta property=\"og:url\" content=\"https:\/\/stagezone.hu\/en\/product\/shehds-zoom-moving-bar-12x40w-rbgw\/\" \/>\n<meta property=\"og:site_name\" content=\"StageZone\" \/>\n<meta property=\"article:publisher\" content=\"https:\/\/www.facebook.com\/stagezonehungary\/\" \/>\n<meta property=\"article:modified_time\" content=\"2026-05-04T18:50:09+00:00\" \/>\n<meta property=\"og:image\" content=\"https:\/\/stagezone.hu\/wp-content\/uploads\/2026\/03\/1.jpg\" \/>\n\t<meta property=\"og:image:width\" content=\"1000\" \/>\n\t<meta property=\"og:image:height\" content=\"1000\" \/>\n\t<meta property=\"og:image:type\" content=\"image\/jpeg\" \/>\n<meta name=\"twitter:card\" content=\"summary_large_image\" \/>\n<meta name=\"twitter:label1\" content=\"Est. reading time\" \/>\n\t<meta name=\"twitter:data1\" content=\"1 minute\" \/>\n<script type=\"application\/ld+json\" class=\"yoast-schema-graph\">{\"@context\":\"https:\/\/schema.org\",\"@graph\":[{\"@type\":\"WebPage\",\"@id\":\"https:\/\/stagezone.hu\/en\/product\/shehds-zoom-moving-bar-12x40w-rbgw\/\",\"url\":\"https:\/\/stagezone.hu\/en\/product\/shehds-zoom-moving-bar-12x40w-rbgw\/\",\"name\":\"SHEHDS Zoom Moving Bar - StageZone\",\"isPartOf\":{\"@id\":\"https:\/\/stagezone.hu\/#website\"},\"primaryImageOfPage\":{\"@id\":\"https:\/\/stagezone.hu\/en\/product\/shehds-zoom-moving-bar-12x40w-rbgw\/#primaryimage\"},\"image\":{\"@id\":\"https:\/\/stagezone.hu\/en\/product\/shehds-zoom-moving-bar-12x40w-rbgw\/#primaryimage\"},\"thumbnailUrl\":\"https:\/\/stagezone.hu\/wp-content\/uploads\/2026\/03\/1.jpg\",\"datePublished\":\"2026-03-05T10:53:33+00:00\",\"dateModified\":\"2026-05-04T18:50:09+00:00\",\"description\":\"SHEHDS Zoom Moving Bar 12x40W RGBW ledekkel, 4.5-31\u00b0 nyit\u00e1si sz\u00f6ggel, line\u00e1ris CTO-val \u00e9s 180\u00b0-os mozg\u00e1si tartom\u00e1nnyal.\",\"breadcrumb\":{\"@id\":\"https:\/\/stagezone.hu\/en\/product\/shehds-zoom-moving-bar-12x40w-rbgw\/#breadcrumb\"},\"inLanguage\":\"en-US\",\"potentialAction\":[{\"@type\":\"ReadAction\",\"target\":[\"https:\/\/stagezone.hu\/en\/product\/shehds-zoom-moving-bar-12x40w-rbgw\/\"]}]},{\"@type\":\"ImageObject\",\"inLanguage\":\"en-US\",\"@id\":\"https:\/\/stagezone.hu\/en\/product\/shehds-zoom-moving-bar-12x40w-rbgw\/#primaryimage\",\"url\":\"https:\/\/stagezone.hu\/wp-content\/uploads\/2026\/03\/1.jpg\",\"contentUrl\":\"https:\/\/stagezone.hu\/wp-content\/uploads\/2026\/03\/1.jpg\",\"width\":1000,\"height\":1000,\"caption\":\"SHEHDS Zoom Moving Bar\"},{\"@type\":\"BreadcrumbList\",\"@id\":\"https:\/\/stagezone.hu\/en\/product\/shehds-zoom-moving-bar-12x40w-rbgw\/#breadcrumb\",\"itemListElement\":[{\"@type\":\"ListItem\",\"position\":1,\"name\":\"Kezd\u0151lap\",\"item\":\"https:\/\/stagezone.hu\/\"},{\"@type\":\"ListItem\",\"position\":2,\"name\":\"\u00dczlet\",\"item\":\"https:\/\/stagezone.hu\/uzlet\/\"},{\"@type\":\"ListItem\",\"position\":3,\"name\":\"SHEHDS Zoom Moving Bar 12x40W RBGW\"}]},{\"@type\":\"WebSite\",\"@id\":\"https:\/\/stagezone.hu\/en\/#website\",\"url\":\"https:\/\/stagezone.hu\/en\/\",\"name\":\"StageZone - Ragyogj a Stagezone min\u0151s\u00e9gi f\u00e9nytechnik\u00e1j\u00e1val.\",\"description\":\"StageZone\",\"publisher\":{\"@id\":\"https:\/\/stagezone.hu\/en\/#organization\"},\"potentialAction\":[{\"@type\":\"SearchAction\",\"target\":{\"@type\":\"EntryPoint\",\"urlTemplate\":\"https:\/\/stagezone.hu\/en\/?s={search_term_string}\"},\"query-input\":{\"@type\":\"PropertyValueSpecification\",\"valueRequired\":true,\"valueName\":\"search_term_string\"}}],\"inLanguage\":\"en-US\"},{\"@type\":\"Organization\",\"@id\":\"https:\/\/stagezone.hu\/en\/#organization\",\"name\":\"StageZone\",\"url\":\"https:\/\/stagezone.hu\/en\/\",\"logo\":{\"@type\":\"ImageObject\",\"inLanguage\":\"en-US\",\"@id\":\"https:\/\/stagezone.hu\/en\/#\/schema\/logo\/image\/\",\"url\":\"https:\/\/stagezone.hu\/wp-content\/uploads\/2026\/01\/Adam-Hall_1000x1000-1-1.png\",\"contentUrl\":\"https:\/\/stagezone.hu\/wp-content\/uploads\/2026\/01\/Adam-Hall_1000x1000-1-1.png\",\"width\":1000,\"height\":1000,\"caption\":\"StageZone\"},\"image\":{\"@id\":\"https:\/\/stagezone.hu\/en\/#\/schema\/logo\/image\/\"},\"sameAs\":[\"https:\/\/www.facebook.com\/stagezonehungary\/\",\"https:\/\/www.instagram.com\/stagezonehungary\/\"]}]}<\/script>\n<!-- \/ Yoast SEO Premium plugin. -->","yoast_head_json":{"title":"SHEHDS Zoom Moving Bar 12x40W RBGW","description":"12x40W RGBW, CTO 2500-8000K, 4.5-31\u00b0 beam angle.","robots":{"index":"index","follow":"follow","max-snippet":"max-snippet:-1","max-image-preview":"max-image-preview:large","max-video-preview":"max-video-preview:-1"},"canonical":"12x40W RGBW, CTO 2500-8000K, 4.5-31\u00b0 beam angle.","og_locale":"en_US","og_type":"article","og_title":"SHEHDS Zoom Moving Bar 12x40W RBGW","og_description":"12x40W RGBW, CTO 2500-8000K, 4.5-31\u00b0 beam angle.","og_url":"https:\/\/stagezone.hu\/en\/product\/shehds-zoom-moving-bar-12x40w-rbgw\/","og_site_name":"StageZone","article_publisher":"https:\/\/www.facebook.com\/stagezonehungary\/","article_modified_time":"2026-05-04T18:50:09+00:00","og_image":[{"width":1000,"height":1000,"url":"https:\/\/stagezone.hu\/wp-content\/uploads\/2026\/03\/1.jpg","type":"image\/jpeg"}],"twitter_card":"summary_large_image","twitter_misc":{"Est. reading time":"1 minute"},"schema":{"@context":"https:\/\/schema.org","@graph":[{"@type":"WebPage","@id":"https:\/\/stagezone.hu\/en\/product\/shehds-zoom-moving-bar-12x40w-rbgw\/","url":"https:\/\/stagezone.hu\/en\/product\/shehds-zoom-moving-bar-12x40w-rbgw\/","name":"SHEHDS Zoom Moving Bar - StageZone","isPartOf":{"@id":"https:\/\/stagezone.hu\/#website"},"primaryImageOfPage":{"@id":"https:\/\/stagezone.hu\/en\/product\/shehds-zoom-moving-bar-12x40w-rbgw\/#primaryimage"},"image":{"@id":"https:\/\/stagezone.hu\/en\/product\/shehds-zoom-moving-bar-12x40w-rbgw\/#primaryimage"},"thumbnailUrl":"https:\/\/stagezone.hu\/wp-content\/uploads\/2026\/03\/1.jpg","datePublished":"2026-03-05T10:53:33+00:00","dateModified":"2026-05-04T18:50:09+00:00","description":"SHEHDS Zoom Moving Bar 12x40W RGBW ledekkel, 4.5-31\u00b0 nyit\u00e1si sz\u00f6ggel, line\u00e1ris CTO-val \u00e9s 180\u00b0-os mozg\u00e1si tartom\u00e1nnyal.","breadcrumb":{"@id":"https:\/\/stagezone.hu\/en\/product\/shehds-zoom-moving-bar-12x40w-rbgw\/#breadcrumb"},"inLanguage":"en-US","potentialAction":[{"@type":"ReadAction","target":["https:\/\/stagezone.hu\/en\/product\/shehds-zoom-moving-bar-12x40w-rbgw\/"]}]},{"@type":"ImageObject","inLanguage":"en-US","@id":"https:\/\/stagezone.hu\/en\/product\/shehds-zoom-moving-bar-12x40w-rbgw\/#primaryimage","url":"https:\/\/stagezone.hu\/wp-content\/uploads\/2026\/03\/1.jpg","contentUrl":"https:\/\/stagezone.hu\/wp-content\/uploads\/2026\/03\/1.jpg","width":1000,"height":1000,"caption":"SHEHDS Zoom Moving Bar"},{"@type":"BreadcrumbList","@id":"https:\/\/stagezone.hu\/en\/product\/shehds-zoom-moving-bar-12x40w-rbgw\/#breadcrumb","itemListElement":[{"@type":"ListItem","position":1,"name":"Kezd\u0151lap","item":"https:\/\/stagezone.hu\/"},{"@type":"ListItem","position":2,"name":"\u00dczlet","item":"https:\/\/stagezone.hu\/uzlet\/"},{"@type":"ListItem","position":3,"name":"SHEHDS Zoom Moving Bar 12x40W RBGW"}]},{"@type":"WebSite","@id":"https:\/\/stagezone.hu\/en\/#website","url":"https:\/\/stagezone.hu\/en\/","name":"StageZone - Ragyogj a Stagezone min\u0151s\u00e9gi f\u00e9nytechnik\u00e1j\u00e1val.","description":"StageZone","publisher":{"@id":"https:\/\/stagezone.hu\/en\/#organization"},"potentialAction":[{"@type":"SearchAction","target":{"@type":"EntryPoint","urlTemplate":"https:\/\/stagezone.hu\/en\/?s={search_term_string}"},"query-input":{"@type":"PropertyValueSpecification","valueRequired":true,"valueName":"search_term_string"}}],"inLanguage":"en-US"},{"@type":"Organization","@id":"https:\/\/stagezone.hu\/en\/#organization","name":"StageZone","url":"https:\/\/stagezone.hu\/en\/","logo":{"@type":"ImageObject","inLanguage":"en-US","@id":"https:\/\/stagezone.hu\/en\/#\/schema\/logo\/image\/","url":"https:\/\/stagezone.hu\/wp-content\/uploads\/2026\/01\/Adam-Hall_1000x1000-1-1.png","contentUrl":"https:\/\/stagezone.hu\/wp-content\/uploads\/2026\/01\/Adam-Hall_1000x1000-1-1.png","width":1000,"height":1000,"caption":"StageZone"},"image":{"@id":"https:\/\/stagezone.hu\/en\/#\/schema\/logo\/image\/"},"sameAs":["https:\/\/www.facebook.com\/stagezonehungary\/","https:\/\/www.instagram.com\/stagezonehungary\/"]}]}},"_links":{"self":[{"href":"https:\/\/stagezone.hu\/en\/wp-json\/wp\/v2\/product\/9890","targetHints":{"allow":["GET"]}}],"collection":[{"href":"https:\/\/stagezone.hu\/en\/wp-json\/wp\/v2\/product"}],"about":[{"href":"https:\/\/stagezone.hu\/en\/wp-json\/wp\/v2\/types\/product"}],"replies":[{"embeddable":true,"href":"https:\/\/stagezone.hu\/en\/wp-json\/wp\/v2\/comments?post=9890"}],"version-history":[{"count":4,"href":"https:\/\/stagezone.hu\/en\/wp-json\/wp\/v2\/product\/9890\/revisions"}],"predecessor-version":[{"id":10625,"href":"https:\/\/stagezone.hu\/en\/wp-json\/wp\/v2\/product\/9890\/revisions\/10625"}],"wp:featuredmedia":[{"embeddable":true,"href":"https:\/\/stagezone.hu\/en\/wp-json\/wp\/v2\/media\/9897"}],"wp:attachment":[{"href":"https:\/\/stagezone.hu\/en\/wp-json\/wp\/v2\/media?parent=9890"}],"wp:term":[{"taxonomy":"product_brand","embeddable":true,"href":"https:\/\/stagezone.hu\/en\/wp-json\/wp\/v2\/product_brand?post=9890"},{"taxonomy":"product_cat","embeddable":true,"href":"https:\/\/stagezone.hu\/en\/wp-json\/wp\/v2\/product_cat?post=9890"},{"taxonomy":"product_tag","embeddable":true,"href":"https:\/\/stagezone.hu\/en\/wp-json\/wp\/v2\/product_tag?post=9890"}],"curies":[{"name":"wp","href":"https:\/\/api.w.org\/{rel}","templated":true}]}}