{"id":9843,"date":"2026-02-19T16:56:24","date_gmt":"2026-02-19T15:56:24","guid":{"rendered":"https:\/\/stagezone.hu\/?post_type=product&#038;p=9843"},"modified":"2026-05-04T19:50:10","modified_gmt":"2026-05-04T18:50:10","slug":"defender-exa-tape-iso-b","status":"publish","type":"product","link":"https:\/\/stagezone.hu\/en\/product\/defender-exa-tape-iso-b-pvc-adhesive-tape\/","title":{"rendered":"Defender EXA-TAPE ISO B - PVC Adhesive Tape"},"content":{"rendered":"<p><strong>Defender EXA-TAPE ISO B &#8211; PVC Adhesive Tape<\/strong><\/p>\n<p>Matt coated black <a href=\"https:\/\/stagezone.hu\/termekkategoria\/kiegeszito\/ragasztoszalag\/\">adhesive tape<\/a>.<\/p>\n<ul>\n<li>-30-105\u00b0C<\/li>\n<li>Adhesive base: rubber<\/li>\n<li>Tensile strength: 20 N<\/li>\n<li>30m x 19mm<\/li>\n<\/ul>\n","protected":false},"excerpt":{"rendered":"<p>Matt coated black PVC adhesive tape.<\/p>\n","protected":false},"featured_media":9845,"comment_status":"open","ping_status":"closed","template":"","meta":[],"product_brand":[],"product_cat":[550],"product_tag":[439,438],"class_list":{"0":"post-9843","1":"product","2":"type-product","3":"status-publish","4":"has-post-thumbnail","6":"product_cat-ragasztoszalag","7":"product_tag-ragasztoszalag","8":"product_tag-tape","10":"first","11":"contact_us","12":"taxable","13":"shipping-taxable","14":"purchasable","15":"product-type-simple"},"yoast_head":"<!-- This site is optimized with the Yoast SEO Premium plugin v27.2 (Yoast SEO v27.2) - https:\/\/yoast.com\/product\/yoast-seo-premium-wordpress\/ -->\n<title>Defender EXA-TAPE ISO B - PVC Adhesive Tape<\/title>\n<meta name=\"description\" content=\"Matt coated black PVC adhesive tape.\" \/>\n<meta name=\"robots\" content=\"index, follow, max-snippet:-1, max-image-preview:large, max-video-preview:-1\" \/>\n<link rel=\"canonical\" href=\"http:\/\/Matt%20coated%20black%20PVC%20adhesive%20tape.\" \/>\n<meta property=\"og:locale\" content=\"en_US\" \/>\n<meta property=\"og:type\" content=\"article\" \/>\n<meta property=\"og:title\" content=\"Defender EXA-TAPE ISO B - PVC Adhesive Tape\" \/>\n<meta property=\"og:description\" content=\"Matt coated black PVC adhesive tape.\" \/>\n<meta property=\"og:url\" content=\"https:\/\/stagezone.hu\/en\/product\/defender-exa-tape-iso-b-pvc-adhesive-tape\/\" \/>\n<meta property=\"og:site_name\" content=\"StageZone\" \/>\n<meta property=\"article:publisher\" content=\"https:\/\/www.facebook.com\/stagezonehungary\/\" \/>\n<meta property=\"article:modified_time\" content=\"2026-05-04T18:50:10+00:00\" \/>\n<meta property=\"og:image\" content=\"https:\/\/stagezone.hu\/wp-content\/uploads\/2026\/02\/DTEXAIB19_2.jpg\" \/>\n\t<meta property=\"og:image:width\" content=\"2000\" \/>\n\t<meta property=\"og:image:height\" content=\"2000\" \/>\n\t<meta property=\"og:image:type\" content=\"image\/jpeg\" \/>\n<meta name=\"twitter:card\" content=\"summary_large_image\" \/>\n<meta name=\"twitter:label1\" content=\"Est. reading time\" \/>\n\t<meta name=\"twitter:data1\" content=\"1 minute\" \/>\n<script type=\"application\/ld+json\" class=\"yoast-schema-graph\">{\"@context\":\"https:\/\/schema.org\",\"@graph\":[{\"@type\":\"WebPage\",\"@id\":\"https:\/\/stagezone.hu\/en\/product\/defender-exa-tape-iso-b-pvc-adhesive-tape\/\",\"url\":\"https:\/\/stagezone.hu\/en\/product\/defender-exa-tape-iso-b-pvc-adhesive-tape\/\",\"name\":\"Defender EXA-TAPE ISO B - StageZone\",\"isPartOf\":{\"@id\":\"https:\/\/stagezone.hu\/#website\"},\"primaryImageOfPage\":{\"@id\":\"https:\/\/stagezone.hu\/en\/product\/defender-exa-tape-iso-b-pvc-adhesive-tape\/#primaryimage\"},\"image\":{\"@id\":\"https:\/\/stagezone.hu\/en\/product\/defender-exa-tape-iso-b-pvc-adhesive-tape\/#primaryimage\"},\"thumbnailUrl\":\"https:\/\/stagezone.hu\/wp-content\/uploads\/2026\/02\/DTEXAIB19_2.jpg\",\"datePublished\":\"2026-02-19T15:56:24+00:00\",\"dateModified\":\"2026-05-04T18:50:10+00:00\",\"description\":\"Defender EXA-TAPE ISO B matt bevonat\u00fa fekete ragaszt\u00f3szalag, 30m x 19mm.\",\"breadcrumb\":{\"@id\":\"https:\/\/stagezone.hu\/en\/product\/defender-exa-tape-iso-b-pvc-adhesive-tape\/#breadcrumb\"},\"inLanguage\":\"en-US\",\"potentialAction\":[{\"@type\":\"ReadAction\",\"target\":[\"https:\/\/stagezone.hu\/en\/product\/defender-exa-tape-iso-b-pvc-adhesive-tape\/\"]}]},{\"@type\":\"ImageObject\",\"inLanguage\":\"en-US\",\"@id\":\"https:\/\/stagezone.hu\/en\/product\/defender-exa-tape-iso-b-pvc-adhesive-tape\/#primaryimage\",\"url\":\"https:\/\/stagezone.hu\/wp-content\/uploads\/2026\/02\/DTEXAIB19_2.jpg\",\"contentUrl\":\"https:\/\/stagezone.hu\/wp-content\/uploads\/2026\/02\/DTEXAIB19_2.jpg\",\"width\":2000,\"height\":2000,\"caption\":\"Defender EXA-TAPE ISO B\"},{\"@type\":\"BreadcrumbList\",\"@id\":\"https:\/\/stagezone.hu\/en\/product\/defender-exa-tape-iso-b-pvc-adhesive-tape\/#breadcrumb\",\"itemListElement\":[{\"@type\":\"ListItem\",\"position\":1,\"name\":\"Kezd\u0151lap\",\"item\":\"https:\/\/stagezone.hu\/\"},{\"@type\":\"ListItem\",\"position\":2,\"name\":\"\u00dczlet\",\"item\":\"https:\/\/stagezone.hu\/uzlet\/\"},{\"@type\":\"ListItem\",\"position\":3,\"name\":\"Defender EXA-TAPE ISO B - PVC Adhesive Tape\"}]},{\"@type\":\"WebSite\",\"@id\":\"https:\/\/stagezone.hu\/en\/#website\",\"url\":\"https:\/\/stagezone.hu\/en\/\",\"name\":\"StageZone - Ragyogj a Stagezone min\u0151s\u00e9gi f\u00e9nytechnik\u00e1j\u00e1val.\",\"description\":\"StageZone\",\"publisher\":{\"@id\":\"https:\/\/stagezone.hu\/en\/#organization\"},\"potentialAction\":[{\"@type\":\"SearchAction\",\"target\":{\"@type\":\"EntryPoint\",\"urlTemplate\":\"https:\/\/stagezone.hu\/en\/?s={search_term_string}\"},\"query-input\":{\"@type\":\"PropertyValueSpecification\",\"valueRequired\":true,\"valueName\":\"search_term_string\"}}],\"inLanguage\":\"en-US\"},{\"@type\":\"Organization\",\"@id\":\"https:\/\/stagezone.hu\/en\/#organization\",\"name\":\"StageZone\",\"url\":\"https:\/\/stagezone.hu\/en\/\",\"logo\":{\"@type\":\"ImageObject\",\"inLanguage\":\"en-US\",\"@id\":\"https:\/\/stagezone.hu\/en\/#\/schema\/logo\/image\/\",\"url\":\"https:\/\/stagezone.hu\/wp-content\/uploads\/2026\/01\/Adam-Hall_1000x1000-1-1.png\",\"contentUrl\":\"https:\/\/stagezone.hu\/wp-content\/uploads\/2026\/01\/Adam-Hall_1000x1000-1-1.png\",\"width\":1000,\"height\":1000,\"caption\":\"StageZone\"},\"image\":{\"@id\":\"https:\/\/stagezone.hu\/en\/#\/schema\/logo\/image\/\"},\"sameAs\":[\"https:\/\/www.facebook.com\/stagezonehungary\/\",\"https:\/\/www.instagram.com\/stagezonehungary\/\"]}]}<\/script>\n<!-- \/ Yoast SEO Premium plugin. -->","yoast_head_json":{"title":"Defender EXA-TAPE ISO B - PVC Adhesive Tape","description":"Matt coated black PVC adhesive tape.","robots":{"index":"index","follow":"follow","max-snippet":"max-snippet:-1","max-image-preview":"max-image-preview:large","max-video-preview":"max-video-preview:-1"},"canonical":"Matt coated black PVC adhesive tape.","og_locale":"en_US","og_type":"article","og_title":"Defender EXA-TAPE ISO B - PVC Adhesive Tape","og_description":"Matt coated black PVC adhesive tape.","og_url":"https:\/\/stagezone.hu\/en\/product\/defender-exa-tape-iso-b-pvc-adhesive-tape\/","og_site_name":"StageZone","article_publisher":"https:\/\/www.facebook.com\/stagezonehungary\/","article_modified_time":"2026-05-04T18:50:10+00:00","og_image":[{"width":2000,"height":2000,"url":"https:\/\/stagezone.hu\/wp-content\/uploads\/2026\/02\/DTEXAIB19_2.jpg","type":"image\/jpeg"}],"twitter_card":"summary_large_image","twitter_misc":{"Est. reading time":"1 minute"},"schema":{"@context":"https:\/\/schema.org","@graph":[{"@type":"WebPage","@id":"https:\/\/stagezone.hu\/en\/product\/defender-exa-tape-iso-b-pvc-adhesive-tape\/","url":"https:\/\/stagezone.hu\/en\/product\/defender-exa-tape-iso-b-pvc-adhesive-tape\/","name":"Defender EXA-TAPE ISO B - StageZone","isPartOf":{"@id":"https:\/\/stagezone.hu\/#website"},"primaryImageOfPage":{"@id":"https:\/\/stagezone.hu\/en\/product\/defender-exa-tape-iso-b-pvc-adhesive-tape\/#primaryimage"},"image":{"@id":"https:\/\/stagezone.hu\/en\/product\/defender-exa-tape-iso-b-pvc-adhesive-tape\/#primaryimage"},"thumbnailUrl":"https:\/\/stagezone.hu\/wp-content\/uploads\/2026\/02\/DTEXAIB19_2.jpg","datePublished":"2026-02-19T15:56:24+00:00","dateModified":"2026-05-04T18:50:10+00:00","description":"Defender EXA-TAPE ISO B matt bevonat\u00fa fekete ragaszt\u00f3szalag, 30m x 19mm.","breadcrumb":{"@id":"https:\/\/stagezone.hu\/en\/product\/defender-exa-tape-iso-b-pvc-adhesive-tape\/#breadcrumb"},"inLanguage":"en-US","potentialAction":[{"@type":"ReadAction","target":["https:\/\/stagezone.hu\/en\/product\/defender-exa-tape-iso-b-pvc-adhesive-tape\/"]}]},{"@type":"ImageObject","inLanguage":"en-US","@id":"https:\/\/stagezone.hu\/en\/product\/defender-exa-tape-iso-b-pvc-adhesive-tape\/#primaryimage","url":"https:\/\/stagezone.hu\/wp-content\/uploads\/2026\/02\/DTEXAIB19_2.jpg","contentUrl":"https:\/\/stagezone.hu\/wp-content\/uploads\/2026\/02\/DTEXAIB19_2.jpg","width":2000,"height":2000,"caption":"Defender EXA-TAPE ISO B"},{"@type":"BreadcrumbList","@id":"https:\/\/stagezone.hu\/en\/product\/defender-exa-tape-iso-b-pvc-adhesive-tape\/#breadcrumb","itemListElement":[{"@type":"ListItem","position":1,"name":"Kezd\u0151lap","item":"https:\/\/stagezone.hu\/"},{"@type":"ListItem","position":2,"name":"\u00dczlet","item":"https:\/\/stagezone.hu\/uzlet\/"},{"@type":"ListItem","position":3,"name":"Defender EXA-TAPE ISO B - PVC Adhesive Tape"}]},{"@type":"WebSite","@id":"https:\/\/stagezone.hu\/en\/#website","url":"https:\/\/stagezone.hu\/en\/","name":"StageZone - Ragyogj a Stagezone min\u0151s\u00e9gi f\u00e9nytechnik\u00e1j\u00e1val.","description":"StageZone","publisher":{"@id":"https:\/\/stagezone.hu\/en\/#organization"},"potentialAction":[{"@type":"SearchAction","target":{"@type":"EntryPoint","urlTemplate":"https:\/\/stagezone.hu\/en\/?s={search_term_string}"},"query-input":{"@type":"PropertyValueSpecification","valueRequired":true,"valueName":"search_term_string"}}],"inLanguage":"en-US"},{"@type":"Organization","@id":"https:\/\/stagezone.hu\/en\/#organization","name":"StageZone","url":"https:\/\/stagezone.hu\/en\/","logo":{"@type":"ImageObject","inLanguage":"en-US","@id":"https:\/\/stagezone.hu\/en\/#\/schema\/logo\/image\/","url":"https:\/\/stagezone.hu\/wp-content\/uploads\/2026\/01\/Adam-Hall_1000x1000-1-1.png","contentUrl":"https:\/\/stagezone.hu\/wp-content\/uploads\/2026\/01\/Adam-Hall_1000x1000-1-1.png","width":1000,"height":1000,"caption":"StageZone"},"image":{"@id":"https:\/\/stagezone.hu\/en\/#\/schema\/logo\/image\/"},"sameAs":["https:\/\/www.facebook.com\/stagezonehungary\/","https:\/\/www.instagram.com\/stagezonehungary\/"]}]}},"_links":{"self":[{"href":"https:\/\/stagezone.hu\/en\/wp-json\/wp\/v2\/product\/9843","targetHints":{"allow":["GET"]}}],"collection":[{"href":"https:\/\/stagezone.hu\/en\/wp-json\/wp\/v2\/product"}],"about":[{"href":"https:\/\/stagezone.hu\/en\/wp-json\/wp\/v2\/types\/product"}],"replies":[{"embeddable":true,"href":"https:\/\/stagezone.hu\/en\/wp-json\/wp\/v2\/comments?post=9843"}],"version-history":[{"count":2,"href":"https:\/\/stagezone.hu\/en\/wp-json\/wp\/v2\/product\/9843\/revisions"}],"predecessor-version":[{"id":9848,"href":"https:\/\/stagezone.hu\/en\/wp-json\/wp\/v2\/product\/9843\/revisions\/9848"}],"wp:featuredmedia":[{"embeddable":true,"href":"https:\/\/stagezone.hu\/en\/wp-json\/wp\/v2\/media\/9845"}],"wp:attachment":[{"href":"https:\/\/stagezone.hu\/en\/wp-json\/wp\/v2\/media?parent=9843"}],"wp:term":[{"taxonomy":"product_brand","embeddable":true,"href":"https:\/\/stagezone.hu\/en\/wp-json\/wp\/v2\/product_brand?post=9843"},{"taxonomy":"product_cat","embeddable":true,"href":"https:\/\/stagezone.hu\/en\/wp-json\/wp\/v2\/product_cat?post=9843"},{"taxonomy":"product_tag","embeddable":true,"href":"https:\/\/stagezone.hu\/en\/wp-json\/wp\/v2\/product_tag?post=9843"}],"curies":[{"name":"wp","href":"https:\/\/api.w.org\/{rel}","templated":true}]}}