{"id":9834,"date":"2026-02-19T16:09:42","date_gmt":"2026-02-19T15:09:42","guid":{"rendered":"https:\/\/stagezone.hu\/?post_type=product&#038;p=9834"},"modified":"2026-05-04T19:50:13","modified_gmt":"2026-05-04T18:50:13","slug":"defender-exa-tape-value-w50","status":"publish","type":"product","link":"https:\/\/stagezone.hu\/en\/product\/defender-exa-tape-value-w50-white-cloth-tape\/","title":{"rendered":"Defender EXA-TAPE VALUE W50 White Cloth Tape"},"content":{"rendered":"<p><strong>Defender EXA-TAPE VALUE W50 &#8211; White Adhesive Tape<\/strong><\/p>\n<p>Coated fabric adhesive tape.<\/p>\n<ul>\n<li>0-40\u00b0C<\/li>\n<li>Adhesive base: rubber<\/li>\n<li>Mesh density: 26 threads\/inch<\/li>\n<li>Thickness: 0.17 mm<\/li>\n<li>Tensile strength: 82 N<\/li>\n<li>50m x 50mm<\/li>\n<\/ul>\n","protected":false},"excerpt":{"rendered":"<p>Coated fabric adhesive tape, white, glossy finish, 50m x 50mm.<\/p>\n","protected":false},"featured_media":9835,"comment_status":"open","ping_status":"closed","template":"","meta":[],"product_brand":[],"product_cat":[550],"product_tag":[439,438],"class_list":{"0":"post-9834","1":"product","2":"type-product","3":"status-publish","4":"has-post-thumbnail","6":"product_cat-ragasztoszalag","7":"product_tag-ragasztoszalag","8":"product_tag-tape","10":"first","11":"contact_us","12":"taxable","13":"shipping-taxable","14":"purchasable","15":"product-type-simple"},"yoast_head":"<!-- This site is optimized with the Yoast SEO Premium plugin v27.2 (Yoast SEO v27.2) - https:\/\/yoast.com\/product\/yoast-seo-premium-wordpress\/ -->\n<title>Defender EXA-TAPE VALUE W50 White Cloth Tape<\/title>\n<meta name=\"description\" content=\"Coated fabric adhesive tape, white, glossy finish, 50m x 50mm.\" \/>\n<meta name=\"robots\" content=\"index, follow, max-snippet:-1, max-image-preview:large, max-video-preview:-1\" \/>\n<link rel=\"canonical\" href=\"http:\/\/Coated%20fabric%20adhesive%20tape,%20white,%20glossy%20finish,%2050m%20x%2050mm.\" \/>\n<meta property=\"og:locale\" content=\"en_US\" \/>\n<meta property=\"og:type\" content=\"article\" \/>\n<meta property=\"og:title\" content=\"Defender EXA-TAPE VALUE W50 White Cloth Tape\" \/>\n<meta property=\"og:description\" content=\"Coated fabric adhesive tape, white, glossy finish, 50m x 50mm.\" \/>\n<meta property=\"og:url\" content=\"https:\/\/stagezone.hu\/en\/product\/defender-exa-tape-value-w50-white-cloth-tape\/\" \/>\n<meta property=\"og:site_name\" content=\"StageZone\" \/>\n<meta property=\"article:publisher\" content=\"https:\/\/www.facebook.com\/stagezonehungary\/\" \/>\n<meta property=\"article:modified_time\" content=\"2026-05-04T18:50:13+00:00\" \/>\n<meta property=\"og:image\" content=\"https:\/\/stagezone.hu\/wp-content\/uploads\/2026\/02\/DTEXAVW50_1.jpg\" \/>\n\t<meta property=\"og:image:width\" content=\"1600\" \/>\n\t<meta property=\"og:image:height\" content=\"1600\" \/>\n\t<meta property=\"og:image:type\" content=\"image\/jpeg\" \/>\n<meta name=\"twitter:card\" content=\"summary_large_image\" \/>\n<meta name=\"twitter:label1\" content=\"Est. reading time\" \/>\n\t<meta name=\"twitter:data1\" content=\"1 minute\" \/>\n<script type=\"application\/ld+json\" class=\"yoast-schema-graph\">{\"@context\":\"https:\/\/schema.org\",\"@graph\":[{\"@type\":\"WebPage\",\"@id\":\"https:\/\/stagezone.hu\/en\/product\/defender-exa-tape-value-w50-white-cloth-tape\/\",\"url\":\"https:\/\/stagezone.hu\/en\/product\/defender-exa-tape-value-w50-white-cloth-tape\/\",\"name\":\"Defender EXA-TAPE VALUE W50 - StageZone\",\"isPartOf\":{\"@id\":\"https:\/\/stagezone.hu\/#website\"},\"primaryImageOfPage\":{\"@id\":\"https:\/\/stagezone.hu\/en\/product\/defender-exa-tape-value-w50-white-cloth-tape\/#primaryimage\"},\"image\":{\"@id\":\"https:\/\/stagezone.hu\/en\/product\/defender-exa-tape-value-w50-white-cloth-tape\/#primaryimage\"},\"thumbnailUrl\":\"https:\/\/stagezone.hu\/wp-content\/uploads\/2026\/02\/DTEXAVW50_1.jpg\",\"datePublished\":\"2026-02-19T15:09:42+00:00\",\"dateModified\":\"2026-05-04T18:50:13+00:00\",\"description\":\"Defender EXA-TAPE VALUE W50 ragaszt\u00f3szalag f\u00e9nyes feh\u00e9r sz\u00ednben, sz\u00f6vet, sz\u00ednpadi felhaszn\u00e1l\u00e1sra. 50m x 50mm.\",\"breadcrumb\":{\"@id\":\"https:\/\/stagezone.hu\/en\/product\/defender-exa-tape-value-w50-white-cloth-tape\/#breadcrumb\"},\"inLanguage\":\"en-US\",\"potentialAction\":[{\"@type\":\"ReadAction\",\"target\":[\"https:\/\/stagezone.hu\/en\/product\/defender-exa-tape-value-w50-white-cloth-tape\/\"]}]},{\"@type\":\"ImageObject\",\"inLanguage\":\"en-US\",\"@id\":\"https:\/\/stagezone.hu\/en\/product\/defender-exa-tape-value-w50-white-cloth-tape\/#primaryimage\",\"url\":\"https:\/\/stagezone.hu\/wp-content\/uploads\/2026\/02\/DTEXAVW50_1.jpg\",\"contentUrl\":\"https:\/\/stagezone.hu\/wp-content\/uploads\/2026\/02\/DTEXAVW50_1.jpg\",\"width\":1600,\"height\":1600,\"caption\":\"Defender EXA-TAPE VALUE W50\"},{\"@type\":\"BreadcrumbList\",\"@id\":\"https:\/\/stagezone.hu\/en\/product\/defender-exa-tape-value-w50-white-cloth-tape\/#breadcrumb\",\"itemListElement\":[{\"@type\":\"ListItem\",\"position\":1,\"name\":\"Kezd\u0151lap\",\"item\":\"https:\/\/stagezone.hu\/\"},{\"@type\":\"ListItem\",\"position\":2,\"name\":\"\u00dczlet\",\"item\":\"https:\/\/stagezone.hu\/uzlet\/\"},{\"@type\":\"ListItem\",\"position\":3,\"name\":\"Defender EXA-TAPE VALUE W50 White Cloth Tape\"}]},{\"@type\":\"WebSite\",\"@id\":\"https:\/\/stagezone.hu\/en\/#website\",\"url\":\"https:\/\/stagezone.hu\/en\/\",\"name\":\"StageZone - Ragyogj a Stagezone min\u0151s\u00e9gi f\u00e9nytechnik\u00e1j\u00e1val.\",\"description\":\"StageZone\",\"publisher\":{\"@id\":\"https:\/\/stagezone.hu\/en\/#organization\"},\"potentialAction\":[{\"@type\":\"SearchAction\",\"target\":{\"@type\":\"EntryPoint\",\"urlTemplate\":\"https:\/\/stagezone.hu\/en\/?s={search_term_string}\"},\"query-input\":{\"@type\":\"PropertyValueSpecification\",\"valueRequired\":true,\"valueName\":\"search_term_string\"}}],\"inLanguage\":\"en-US\"},{\"@type\":\"Organization\",\"@id\":\"https:\/\/stagezone.hu\/en\/#organization\",\"name\":\"StageZone\",\"url\":\"https:\/\/stagezone.hu\/en\/\",\"logo\":{\"@type\":\"ImageObject\",\"inLanguage\":\"en-US\",\"@id\":\"https:\/\/stagezone.hu\/en\/#\/schema\/logo\/image\/\",\"url\":\"https:\/\/stagezone.hu\/wp-content\/uploads\/2026\/01\/Adam-Hall_1000x1000-1-1.png\",\"contentUrl\":\"https:\/\/stagezone.hu\/wp-content\/uploads\/2026\/01\/Adam-Hall_1000x1000-1-1.png\",\"width\":1000,\"height\":1000,\"caption\":\"StageZone\"},\"image\":{\"@id\":\"https:\/\/stagezone.hu\/en\/#\/schema\/logo\/image\/\"},\"sameAs\":[\"https:\/\/www.facebook.com\/stagezonehungary\/\",\"https:\/\/www.instagram.com\/stagezonehungary\/\"]}]}<\/script>\n<!-- \/ Yoast SEO Premium plugin. -->","yoast_head_json":{"title":"Defender EXA-TAPE VALUE W50 White Cloth Tape","description":"Coated fabric adhesive tape, white, glossy finish, 50m x 50mm.","robots":{"index":"index","follow":"follow","max-snippet":"max-snippet:-1","max-image-preview":"max-image-preview:large","max-video-preview":"max-video-preview:-1"},"canonical":"Coated fabric adhesive tape, white, glossy finish, 50m x 50mm.","og_locale":"en_US","og_type":"article","og_title":"Defender EXA-TAPE VALUE W50 White Cloth Tape","og_description":"Coated fabric adhesive tape, white, glossy finish, 50m x 50mm.","og_url":"https:\/\/stagezone.hu\/en\/product\/defender-exa-tape-value-w50-white-cloth-tape\/","og_site_name":"StageZone","article_publisher":"https:\/\/www.facebook.com\/stagezonehungary\/","article_modified_time":"2026-05-04T18:50:13+00:00","og_image":[{"width":1600,"height":1600,"url":"https:\/\/stagezone.hu\/wp-content\/uploads\/2026\/02\/DTEXAVW50_1.jpg","type":"image\/jpeg"}],"twitter_card":"summary_large_image","twitter_misc":{"Est. reading time":"1 minute"},"schema":{"@context":"https:\/\/schema.org","@graph":[{"@type":"WebPage","@id":"https:\/\/stagezone.hu\/en\/product\/defender-exa-tape-value-w50-white-cloth-tape\/","url":"https:\/\/stagezone.hu\/en\/product\/defender-exa-tape-value-w50-white-cloth-tape\/","name":"Defender EXA-TAPE VALUE W50 - StageZone","isPartOf":{"@id":"https:\/\/stagezone.hu\/#website"},"primaryImageOfPage":{"@id":"https:\/\/stagezone.hu\/en\/product\/defender-exa-tape-value-w50-white-cloth-tape\/#primaryimage"},"image":{"@id":"https:\/\/stagezone.hu\/en\/product\/defender-exa-tape-value-w50-white-cloth-tape\/#primaryimage"},"thumbnailUrl":"https:\/\/stagezone.hu\/wp-content\/uploads\/2026\/02\/DTEXAVW50_1.jpg","datePublished":"2026-02-19T15:09:42+00:00","dateModified":"2026-05-04T18:50:13+00:00","description":"Defender EXA-TAPE VALUE W50 ragaszt\u00f3szalag f\u00e9nyes feh\u00e9r sz\u00ednben, sz\u00f6vet, sz\u00ednpadi felhaszn\u00e1l\u00e1sra. 50m x 50mm.","breadcrumb":{"@id":"https:\/\/stagezone.hu\/en\/product\/defender-exa-tape-value-w50-white-cloth-tape\/#breadcrumb"},"inLanguage":"en-US","potentialAction":[{"@type":"ReadAction","target":["https:\/\/stagezone.hu\/en\/product\/defender-exa-tape-value-w50-white-cloth-tape\/"]}]},{"@type":"ImageObject","inLanguage":"en-US","@id":"https:\/\/stagezone.hu\/en\/product\/defender-exa-tape-value-w50-white-cloth-tape\/#primaryimage","url":"https:\/\/stagezone.hu\/wp-content\/uploads\/2026\/02\/DTEXAVW50_1.jpg","contentUrl":"https:\/\/stagezone.hu\/wp-content\/uploads\/2026\/02\/DTEXAVW50_1.jpg","width":1600,"height":1600,"caption":"Defender EXA-TAPE VALUE W50"},{"@type":"BreadcrumbList","@id":"https:\/\/stagezone.hu\/en\/product\/defender-exa-tape-value-w50-white-cloth-tape\/#breadcrumb","itemListElement":[{"@type":"ListItem","position":1,"name":"Kezd\u0151lap","item":"https:\/\/stagezone.hu\/"},{"@type":"ListItem","position":2,"name":"\u00dczlet","item":"https:\/\/stagezone.hu\/uzlet\/"},{"@type":"ListItem","position":3,"name":"Defender EXA-TAPE VALUE W50 White Cloth Tape"}]},{"@type":"WebSite","@id":"https:\/\/stagezone.hu\/en\/#website","url":"https:\/\/stagezone.hu\/en\/","name":"StageZone - Ragyogj a Stagezone min\u0151s\u00e9gi f\u00e9nytechnik\u00e1j\u00e1val.","description":"StageZone","publisher":{"@id":"https:\/\/stagezone.hu\/en\/#organization"},"potentialAction":[{"@type":"SearchAction","target":{"@type":"EntryPoint","urlTemplate":"https:\/\/stagezone.hu\/en\/?s={search_term_string}"},"query-input":{"@type":"PropertyValueSpecification","valueRequired":true,"valueName":"search_term_string"}}],"inLanguage":"en-US"},{"@type":"Organization","@id":"https:\/\/stagezone.hu\/en\/#organization","name":"StageZone","url":"https:\/\/stagezone.hu\/en\/","logo":{"@type":"ImageObject","inLanguage":"en-US","@id":"https:\/\/stagezone.hu\/en\/#\/schema\/logo\/image\/","url":"https:\/\/stagezone.hu\/wp-content\/uploads\/2026\/01\/Adam-Hall_1000x1000-1-1.png","contentUrl":"https:\/\/stagezone.hu\/wp-content\/uploads\/2026\/01\/Adam-Hall_1000x1000-1-1.png","width":1000,"height":1000,"caption":"StageZone"},"image":{"@id":"https:\/\/stagezone.hu\/en\/#\/schema\/logo\/image\/"},"sameAs":["https:\/\/www.facebook.com\/stagezonehungary\/","https:\/\/www.instagram.com\/stagezonehungary\/"]}]}},"_links":{"self":[{"href":"https:\/\/stagezone.hu\/en\/wp-json\/wp\/v2\/product\/9834","targetHints":{"allow":["GET"]}}],"collection":[{"href":"https:\/\/stagezone.hu\/en\/wp-json\/wp\/v2\/product"}],"about":[{"href":"https:\/\/stagezone.hu\/en\/wp-json\/wp\/v2\/types\/product"}],"replies":[{"embeddable":true,"href":"https:\/\/stagezone.hu\/en\/wp-json\/wp\/v2\/comments?post=9834"}],"version-history":[{"count":2,"href":"https:\/\/stagezone.hu\/en\/wp-json\/wp\/v2\/product\/9834\/revisions"}],"predecessor-version":[{"id":9853,"href":"https:\/\/stagezone.hu\/en\/wp-json\/wp\/v2\/product\/9834\/revisions\/9853"}],"wp:featuredmedia":[{"embeddable":true,"href":"https:\/\/stagezone.hu\/en\/wp-json\/wp\/v2\/media\/9835"}],"wp:attachment":[{"href":"https:\/\/stagezone.hu\/en\/wp-json\/wp\/v2\/media?parent=9834"}],"wp:term":[{"taxonomy":"product_brand","embeddable":true,"href":"https:\/\/stagezone.hu\/en\/wp-json\/wp\/v2\/product_brand?post=9834"},{"taxonomy":"product_cat","embeddable":true,"href":"https:\/\/stagezone.hu\/en\/wp-json\/wp\/v2\/product_cat?post=9834"},{"taxonomy":"product_tag","embeddable":true,"href":"https:\/\/stagezone.hu\/en\/wp-json\/wp\/v2\/product_tag?post=9834"}],"curies":[{"name":"wp","href":"https:\/\/api.w.org\/{rel}","templated":true}]}}