{"id":9826,"date":"2026-02-19T15:23:04","date_gmt":"2026-02-19T14:23:04","guid":{"rendered":"https:\/\/stagezone.hu\/?post_type=product&#038;p=9826"},"modified":"2026-05-04T19:50:15","modified_gmt":"2026-05-04T18:50:15","slug":"defender-exa-tape-neon-yel","status":"publish","type":"product","link":"https:\/\/stagezone.hu\/en\/product\/defender-exa-tape-neon-yellow-gaffer-tape\/","title":{"rendered":"Defender EXA-TAPE Neon Yellow Gaffer Tape"},"content":{"rendered":"<p><strong>Defender EXA-TAPE Neon Yellow &#8211; neon yellow adhesive tape<\/strong><\/p>\n<p>Matt coated fabric <a href=\"https:\/\/stagezone.hu\/termekkategoria\/kiegeszito\/ragasztoszalag\/\">adhesive tape<\/a>.<\/p>\n<ul>\n<li>-30-80\u00b0C<\/li>\n<li>Thickness: 0.31 mm<\/li>\n<li>Tensile strength: 64 N<\/li>\n<li>25m x 19mm<\/li>\n<\/ul>\n","protected":false},"excerpt":{"rendered":"<p>Fabric tape, neon yellow, 25m x 19mm.<\/p>\n","protected":false},"featured_media":9827,"comment_status":"open","ping_status":"closed","template":"","meta":[],"product_brand":[],"product_cat":[550],"product_tag":[439,438],"class_list":{"0":"post-9826","1":"product","2":"type-product","3":"status-publish","4":"has-post-thumbnail","6":"product_cat-ragasztoszalag","7":"product_tag-ragasztoszalag","8":"product_tag-tape","10":"first","11":"instock","12":"taxable","13":"shipping-taxable","14":"purchasable","15":"product-type-simple"},"yoast_head":"<!-- This site is optimized with the Yoast SEO Premium plugin v27.2 (Yoast SEO v27.2) - https:\/\/yoast.com\/product\/yoast-seo-premium-wordpress\/ -->\n<title>Defender EXA-TAPE Neon Yellow Gaffer Tape<\/title>\n<meta name=\"description\" content=\"Fabric tape, neon yellow, 25m x 19mm.\" \/>\n<meta name=\"robots\" content=\"index, follow, max-snippet:-1, max-image-preview:large, max-video-preview:-1\" \/>\n<link rel=\"canonical\" href=\"http:\/\/Fabric%20tape,%20neon%20yellow,%2025m%20x%2019mm.\" \/>\n<meta property=\"og:locale\" content=\"en_US\" \/>\n<meta property=\"og:type\" content=\"article\" \/>\n<meta property=\"og:title\" content=\"Defender EXA-TAPE Neon Yellow Gaffer Tape\" \/>\n<meta property=\"og:description\" content=\"Fabric tape, neon yellow, 25m x 19mm.\" \/>\n<meta property=\"og:url\" content=\"https:\/\/stagezone.hu\/en\/product\/defender-exa-tape-neon-yellow-gaffer-tape\/\" \/>\n<meta property=\"og:site_name\" content=\"StageZone\" \/>\n<meta property=\"article:publisher\" content=\"https:\/\/www.facebook.com\/stagezonehungary\/\" \/>\n<meta property=\"article:modified_time\" content=\"2026-05-04T18:50:15+00:00\" \/>\n<meta property=\"og:image\" content=\"https:\/\/stagezone.hu\/wp-content\/uploads\/2026\/02\/58064NYEL_1.jpg\" \/>\n\t<meta property=\"og:image:width\" content=\"1600\" \/>\n\t<meta property=\"og:image:height\" content=\"1600\" \/>\n\t<meta property=\"og:image:type\" content=\"image\/jpeg\" \/>\n<meta name=\"twitter:card\" content=\"summary_large_image\" \/>\n<meta name=\"twitter:label1\" content=\"Est. reading time\" \/>\n\t<meta name=\"twitter:data1\" content=\"1 minute\" \/>\n<script type=\"application\/ld+json\" class=\"yoast-schema-graph\">{\"@context\":\"https:\/\/schema.org\",\"@graph\":[{\"@type\":\"WebPage\",\"@id\":\"https:\/\/stagezone.hu\/en\/product\/defender-exa-tape-neon-yellow-gaffer-tape\/\",\"url\":\"https:\/\/stagezone.hu\/en\/product\/defender-exa-tape-neon-yellow-gaffer-tape\/\",\"name\":\"Defender EXA-TAPE Neon YEL - StageZone\",\"isPartOf\":{\"@id\":\"https:\/\/stagezone.hu\/#website\"},\"primaryImageOfPage\":{\"@id\":\"https:\/\/stagezone.hu\/en\/product\/defender-exa-tape-neon-yellow-gaffer-tape\/#primaryimage\"},\"image\":{\"@id\":\"https:\/\/stagezone.hu\/en\/product\/defender-exa-tape-neon-yellow-gaffer-tape\/#primaryimage\"},\"thumbnailUrl\":\"https:\/\/stagezone.hu\/wp-content\/uploads\/2026\/02\/58064NYEL_1.jpg\",\"datePublished\":\"2026-02-19T14:23:04+00:00\",\"dateModified\":\"2026-05-04T18:50:15+00:00\",\"description\":\"Defender EXA-TAPE Neon YEL jel\u00f6l\u00e9sre alkalmas sz\u00f6vet ragaszt\u00f3szalag, 25m x 19mm.\",\"breadcrumb\":{\"@id\":\"https:\/\/stagezone.hu\/en\/product\/defender-exa-tape-neon-yellow-gaffer-tape\/#breadcrumb\"},\"inLanguage\":\"en-US\",\"potentialAction\":[{\"@type\":\"ReadAction\",\"target\":[\"https:\/\/stagezone.hu\/en\/product\/defender-exa-tape-neon-yellow-gaffer-tape\/\"]}]},{\"@type\":\"ImageObject\",\"inLanguage\":\"en-US\",\"@id\":\"https:\/\/stagezone.hu\/en\/product\/defender-exa-tape-neon-yellow-gaffer-tape\/#primaryimage\",\"url\":\"https:\/\/stagezone.hu\/wp-content\/uploads\/2026\/02\/58064NYEL_1.jpg\",\"contentUrl\":\"https:\/\/stagezone.hu\/wp-content\/uploads\/2026\/02\/58064NYEL_1.jpg\",\"width\":1600,\"height\":1600,\"caption\":\"Defender EXA-TAPE Neon YEL\"},{\"@type\":\"BreadcrumbList\",\"@id\":\"https:\/\/stagezone.hu\/en\/product\/defender-exa-tape-neon-yellow-gaffer-tape\/#breadcrumb\",\"itemListElement\":[{\"@type\":\"ListItem\",\"position\":1,\"name\":\"Kezd\u0151lap\",\"item\":\"https:\/\/stagezone.hu\/\"},{\"@type\":\"ListItem\",\"position\":2,\"name\":\"\u00dczlet\",\"item\":\"https:\/\/stagezone.hu\/uzlet\/\"},{\"@type\":\"ListItem\",\"position\":3,\"name\":\"Defender EXA-TAPE Neon Yellow Gaffer Tape\"}]},{\"@type\":\"WebSite\",\"@id\":\"https:\/\/stagezone.hu\/en\/#website\",\"url\":\"https:\/\/stagezone.hu\/en\/\",\"name\":\"StageZone - Ragyogj a Stagezone min\u0151s\u00e9gi f\u00e9nytechnik\u00e1j\u00e1val.\",\"description\":\"StageZone\",\"publisher\":{\"@id\":\"https:\/\/stagezone.hu\/en\/#organization\"},\"potentialAction\":[{\"@type\":\"SearchAction\",\"target\":{\"@type\":\"EntryPoint\",\"urlTemplate\":\"https:\/\/stagezone.hu\/en\/?s={search_term_string}\"},\"query-input\":{\"@type\":\"PropertyValueSpecification\",\"valueRequired\":true,\"valueName\":\"search_term_string\"}}],\"inLanguage\":\"en-US\"},{\"@type\":\"Organization\",\"@id\":\"https:\/\/stagezone.hu\/en\/#organization\",\"name\":\"StageZone\",\"url\":\"https:\/\/stagezone.hu\/en\/\",\"logo\":{\"@type\":\"ImageObject\",\"inLanguage\":\"en-US\",\"@id\":\"https:\/\/stagezone.hu\/en\/#\/schema\/logo\/image\/\",\"url\":\"https:\/\/stagezone.hu\/wp-content\/uploads\/2026\/01\/Adam-Hall_1000x1000-1-1.png\",\"contentUrl\":\"https:\/\/stagezone.hu\/wp-content\/uploads\/2026\/01\/Adam-Hall_1000x1000-1-1.png\",\"width\":1000,\"height\":1000,\"caption\":\"StageZone\"},\"image\":{\"@id\":\"https:\/\/stagezone.hu\/en\/#\/schema\/logo\/image\/\"},\"sameAs\":[\"https:\/\/www.facebook.com\/stagezonehungary\/\",\"https:\/\/www.instagram.com\/stagezonehungary\/\"]}]}<\/script>\n<!-- \/ Yoast SEO Premium plugin. -->","yoast_head_json":{"title":"Defender EXA-TAPE Neon Yellow Gaffer Tape","description":"Fabric tape, neon yellow, 25m x 19mm.","robots":{"index":"index","follow":"follow","max-snippet":"max-snippet:-1","max-image-preview":"max-image-preview:large","max-video-preview":"max-video-preview:-1"},"canonical":"Fabric tape, neon yellow, 25m x 19mm.","og_locale":"en_US","og_type":"article","og_title":"Defender EXA-TAPE Neon Yellow Gaffer Tape","og_description":"Fabric tape, neon yellow, 25m x 19mm.","og_url":"https:\/\/stagezone.hu\/en\/product\/defender-exa-tape-neon-yellow-gaffer-tape\/","og_site_name":"StageZone","article_publisher":"https:\/\/www.facebook.com\/stagezonehungary\/","article_modified_time":"2026-05-04T18:50:15+00:00","og_image":[{"width":1600,"height":1600,"url":"https:\/\/stagezone.hu\/wp-content\/uploads\/2026\/02\/58064NYEL_1.jpg","type":"image\/jpeg"}],"twitter_card":"summary_large_image","twitter_misc":{"Est. reading time":"1 minute"},"schema":{"@context":"https:\/\/schema.org","@graph":[{"@type":"WebPage","@id":"https:\/\/stagezone.hu\/en\/product\/defender-exa-tape-neon-yellow-gaffer-tape\/","url":"https:\/\/stagezone.hu\/en\/product\/defender-exa-tape-neon-yellow-gaffer-tape\/","name":"Defender EXA-TAPE Neon YEL - StageZone","isPartOf":{"@id":"https:\/\/stagezone.hu\/#website"},"primaryImageOfPage":{"@id":"https:\/\/stagezone.hu\/en\/product\/defender-exa-tape-neon-yellow-gaffer-tape\/#primaryimage"},"image":{"@id":"https:\/\/stagezone.hu\/en\/product\/defender-exa-tape-neon-yellow-gaffer-tape\/#primaryimage"},"thumbnailUrl":"https:\/\/stagezone.hu\/wp-content\/uploads\/2026\/02\/58064NYEL_1.jpg","datePublished":"2026-02-19T14:23:04+00:00","dateModified":"2026-05-04T18:50:15+00:00","description":"Defender EXA-TAPE Neon YEL jel\u00f6l\u00e9sre alkalmas sz\u00f6vet ragaszt\u00f3szalag, 25m x 19mm.","breadcrumb":{"@id":"https:\/\/stagezone.hu\/en\/product\/defender-exa-tape-neon-yellow-gaffer-tape\/#breadcrumb"},"inLanguage":"en-US","potentialAction":[{"@type":"ReadAction","target":["https:\/\/stagezone.hu\/en\/product\/defender-exa-tape-neon-yellow-gaffer-tape\/"]}]},{"@type":"ImageObject","inLanguage":"en-US","@id":"https:\/\/stagezone.hu\/en\/product\/defender-exa-tape-neon-yellow-gaffer-tape\/#primaryimage","url":"https:\/\/stagezone.hu\/wp-content\/uploads\/2026\/02\/58064NYEL_1.jpg","contentUrl":"https:\/\/stagezone.hu\/wp-content\/uploads\/2026\/02\/58064NYEL_1.jpg","width":1600,"height":1600,"caption":"Defender EXA-TAPE Neon YEL"},{"@type":"BreadcrumbList","@id":"https:\/\/stagezone.hu\/en\/product\/defender-exa-tape-neon-yellow-gaffer-tape\/#breadcrumb","itemListElement":[{"@type":"ListItem","position":1,"name":"Kezd\u0151lap","item":"https:\/\/stagezone.hu\/"},{"@type":"ListItem","position":2,"name":"\u00dczlet","item":"https:\/\/stagezone.hu\/uzlet\/"},{"@type":"ListItem","position":3,"name":"Defender EXA-TAPE Neon Yellow Gaffer Tape"}]},{"@type":"WebSite","@id":"https:\/\/stagezone.hu\/en\/#website","url":"https:\/\/stagezone.hu\/en\/","name":"StageZone - Ragyogj a Stagezone min\u0151s\u00e9gi f\u00e9nytechnik\u00e1j\u00e1val.","description":"StageZone","publisher":{"@id":"https:\/\/stagezone.hu\/en\/#organization"},"potentialAction":[{"@type":"SearchAction","target":{"@type":"EntryPoint","urlTemplate":"https:\/\/stagezone.hu\/en\/?s={search_term_string}"},"query-input":{"@type":"PropertyValueSpecification","valueRequired":true,"valueName":"search_term_string"}}],"inLanguage":"en-US"},{"@type":"Organization","@id":"https:\/\/stagezone.hu\/en\/#organization","name":"StageZone","url":"https:\/\/stagezone.hu\/en\/","logo":{"@type":"ImageObject","inLanguage":"en-US","@id":"https:\/\/stagezone.hu\/en\/#\/schema\/logo\/image\/","url":"https:\/\/stagezone.hu\/wp-content\/uploads\/2026\/01\/Adam-Hall_1000x1000-1-1.png","contentUrl":"https:\/\/stagezone.hu\/wp-content\/uploads\/2026\/01\/Adam-Hall_1000x1000-1-1.png","width":1000,"height":1000,"caption":"StageZone"},"image":{"@id":"https:\/\/stagezone.hu\/en\/#\/schema\/logo\/image\/"},"sameAs":["https:\/\/www.facebook.com\/stagezonehungary\/","https:\/\/www.instagram.com\/stagezonehungary\/"]}]}},"_links":{"self":[{"href":"https:\/\/stagezone.hu\/en\/wp-json\/wp\/v2\/product\/9826","targetHints":{"allow":["GET"]}}],"collection":[{"href":"https:\/\/stagezone.hu\/en\/wp-json\/wp\/v2\/product"}],"about":[{"href":"https:\/\/stagezone.hu\/en\/wp-json\/wp\/v2\/types\/product"}],"replies":[{"embeddable":true,"href":"https:\/\/stagezone.hu\/en\/wp-json\/wp\/v2\/comments?post=9826"}],"version-history":[{"count":3,"href":"https:\/\/stagezone.hu\/en\/wp-json\/wp\/v2\/product\/9826\/revisions"}],"predecessor-version":[{"id":9855,"href":"https:\/\/stagezone.hu\/en\/wp-json\/wp\/v2\/product\/9826\/revisions\/9855"}],"wp:featuredmedia":[{"embeddable":true,"href":"https:\/\/stagezone.hu\/en\/wp-json\/wp\/v2\/media\/9827"}],"wp:attachment":[{"href":"https:\/\/stagezone.hu\/en\/wp-json\/wp\/v2\/media?parent=9826"}],"wp:term":[{"taxonomy":"product_brand","embeddable":true,"href":"https:\/\/stagezone.hu\/en\/wp-json\/wp\/v2\/product_brand?post=9826"},{"taxonomy":"product_cat","embeddable":true,"href":"https:\/\/stagezone.hu\/en\/wp-json\/wp\/v2\/product_cat?post=9826"},{"taxonomy":"product_tag","embeddable":true,"href":"https:\/\/stagezone.hu\/en\/wp-json\/wp\/v2\/product_tag?post=9826"}],"curies":[{"name":"wp","href":"https:\/\/api.w.org\/{rel}","templated":true}]}}