{"id":9638,"date":"2026-01-28T02:02:15","date_gmt":"2026-01-28T01:02:15","guid":{"rendered":"https:\/\/stagezone.hu\/?post_type=product&#038;p=9638"},"modified":"2026-05-05T20:51:03","modified_gmt":"2026-05-05T19:51:03","slug":"entour-ice","status":"publish","type":"product","link":"https:\/\/stagezone.hu\/en\/product\/adj-entour-ice-dry-ice-machine\/","title":{"rendered":"ADJ Entour Ice Dry Ice Machine"},"content":{"rendered":"<p><strong>ADJ Entour Ice &#8211; Dry Ice Fog Machine<\/strong><\/p>\n<p>The ADJ Entour Ice is a dry ice fog machine designed for professional use.<\/p>\n<p>ADJ is a globally recognized manufacturer specializing in entertainment lighting, LED video technology, and various stage effects. With over 35 years of industry experience, ADJ holds a leading position in the global market with its reliable and innovative products. Their product range covers a wide spectrum: moving head lights, static lighting effects, DMX control hardware and software, fog machines, and other effect machines.<\/p>\n","protected":false},"excerpt":{"rendered":"<p>The ADJ Entour Ice is a professional-grade dry ice fog machine with a 3000W output, capable of covering up to 550 square meters per minute.<\/p>\n","protected":false},"featured_media":10616,"comment_status":"open","ping_status":"closed","template":"","meta":[],"product_brand":[],"product_cat":[178,185],"product_tag":[],"class_list":{"0":"post-9638","1":"product","2":"type-product","3":"status-publish","4":"has-post-thumbnail","6":"product_cat-effekt","7":"product_cat-fustgep","9":"first","10":"contact_us","11":"taxable","12":"shipping-taxable","13":"purchasable","14":"product-type-simple"},"yoast_head":"<!-- This site is optimized with the Yoast SEO Premium plugin v27.2 (Yoast SEO v27.2) - https:\/\/yoast.com\/product\/yoast-seo-premium-wordpress\/ -->\n<title>ADJ Entour Ice Dry Ice Machine<\/title>\n<meta name=\"description\" content=\"The ADJ Entour Ice is a professional-grade dry ice fog machine with a 3000W output, capable of covering up to 550 square meters per minute.\" \/>\n<meta name=\"robots\" content=\"index, follow, max-snippet:-1, max-image-preview:large, max-video-preview:-1\" \/>\n<link rel=\"canonical\" href=\"http:\/\/The%20ADJ%20Entour%20Ice%20is%20a%20professional-grade%20dry%20ice%20fog%20machine%20with%20a%203000W%20output,%20capable%20of%20covering%20up%20to%20550%20square%20meters%20per%20minute.\" \/>\n<meta property=\"og:locale\" content=\"en_US\" \/>\n<meta property=\"og:type\" content=\"article\" \/>\n<meta property=\"og:title\" content=\"ADJ Entour Ice Dry Ice Machine\" \/>\n<meta property=\"og:description\" content=\"The ADJ Entour Ice is a professional-grade dry ice fog machine with a 3000W output, capable of covering up to 550 square meters per minute.\" \/>\n<meta property=\"og:url\" content=\"https:\/\/stagezone.hu\/en\/product\/adj-entour-ice-dry-ice-machine\/\" \/>\n<meta property=\"og:site_name\" content=\"StageZone\" \/>\n<meta property=\"article:publisher\" content=\"https:\/\/www.facebook.com\/stagezonehungary\/\" \/>\n<meta property=\"article:modified_time\" content=\"2026-05-05T19:51:03+00:00\" \/>\n<meta property=\"og:image\" content=\"https:\/\/stagezone.hu\/wp-content\/uploads\/2026\/01\/entourice01.jpg_5_1.jpg\" \/>\n\t<meta property=\"og:image:width\" content=\"1100\" \/>\n\t<meta property=\"og:image:height\" content=\"1100\" \/>\n\t<meta property=\"og:image:type\" content=\"image\/jpeg\" \/>\n<meta name=\"twitter:card\" content=\"summary_large_image\" \/>\n<meta name=\"twitter:label1\" content=\"Est. reading time\" \/>\n\t<meta name=\"twitter:data1\" content=\"1 minute\" \/>\n<script type=\"application\/ld+json\" class=\"yoast-schema-graph\">{\"@context\":\"https:\/\/schema.org\",\"@graph\":[{\"@type\":\"WebPage\",\"@id\":\"https:\/\/stagezone.hu\/en\/product\/adj-entour-ice-dry-ice-machine\/\",\"url\":\"https:\/\/stagezone.hu\/en\/product\/adj-entour-ice-dry-ice-machine\/\",\"name\":\"ADJ Entour Ice - StageZone\",\"isPartOf\":{\"@id\":\"https:\/\/stagezone.hu\/#website\"},\"primaryImageOfPage\":{\"@id\":\"https:\/\/stagezone.hu\/en\/product\/adj-entour-ice-dry-ice-machine\/#primaryimage\"},\"image\":{\"@id\":\"https:\/\/stagezone.hu\/en\/product\/adj-entour-ice-dry-ice-machine\/#primaryimage\"},\"thumbnailUrl\":\"https:\/\/stagezone.hu\/wp-content\/uploads\/2026\/01\/entourice01.jpg_5_1.jpg\",\"datePublished\":\"2026-01-28T01:02:15+00:00\",\"dateModified\":\"2026-05-05T19:51:03+00:00\",\"description\":\"ADJ Entour Ice professzion\u00e1lis sz\u00e1razjeges f\u00fcstg\u00e9p. K\u00e9t kamr\u00e1s m\u0171k\u00f6d\u00e9si elv, 32 L tart\u00e1ly, 12 kg sz\u00e1razj\u00e9g kapacit\u00e1s, 550 m2\/perc teljes\u00edtm\u00e9ny.\",\"breadcrumb\":{\"@id\":\"https:\/\/stagezone.hu\/en\/product\/adj-entour-ice-dry-ice-machine\/#breadcrumb\"},\"inLanguage\":\"en-US\",\"potentialAction\":[{\"@type\":\"ReadAction\",\"target\":[\"https:\/\/stagezone.hu\/en\/product\/adj-entour-ice-dry-ice-machine\/\"]}]},{\"@type\":\"ImageObject\",\"inLanguage\":\"en-US\",\"@id\":\"https:\/\/stagezone.hu\/en\/product\/adj-entour-ice-dry-ice-machine\/#primaryimage\",\"url\":\"https:\/\/stagezone.hu\/wp-content\/uploads\/2026\/01\/entourice01.jpg_5_1.jpg\",\"contentUrl\":\"https:\/\/stagezone.hu\/wp-content\/uploads\/2026\/01\/entourice01.jpg_5_1.jpg\",\"width\":1100,\"height\":1100,\"caption\":\"ADJ Entour Ice\"},{\"@type\":\"BreadcrumbList\",\"@id\":\"https:\/\/stagezone.hu\/en\/product\/adj-entour-ice-dry-ice-machine\/#breadcrumb\",\"itemListElement\":[{\"@type\":\"ListItem\",\"position\":1,\"name\":\"Kezd\u0151lap\",\"item\":\"https:\/\/stagezone.hu\/\"},{\"@type\":\"ListItem\",\"position\":2,\"name\":\"\u00dczlet\",\"item\":\"https:\/\/stagezone.hu\/uzlet\/\"},{\"@type\":\"ListItem\",\"position\":3,\"name\":\"ADJ Entour Ice Dry Ice Machine\"}]},{\"@type\":\"WebSite\",\"@id\":\"https:\/\/stagezone.hu\/en\/#website\",\"url\":\"https:\/\/stagezone.hu\/en\/\",\"name\":\"StageZone - Ragyogj a Stagezone min\u0151s\u00e9gi f\u00e9nytechnik\u00e1j\u00e1val.\",\"description\":\"StageZone\",\"publisher\":{\"@id\":\"https:\/\/stagezone.hu\/en\/#organization\"},\"potentialAction\":[{\"@type\":\"SearchAction\",\"target\":{\"@type\":\"EntryPoint\",\"urlTemplate\":\"https:\/\/stagezone.hu\/en\/?s={search_term_string}\"},\"query-input\":{\"@type\":\"PropertyValueSpecification\",\"valueRequired\":true,\"valueName\":\"search_term_string\"}}],\"inLanguage\":\"en-US\"},{\"@type\":\"Organization\",\"@id\":\"https:\/\/stagezone.hu\/en\/#organization\",\"name\":\"StageZone\",\"url\":\"https:\/\/stagezone.hu\/en\/\",\"logo\":{\"@type\":\"ImageObject\",\"inLanguage\":\"en-US\",\"@id\":\"https:\/\/stagezone.hu\/en\/#\/schema\/logo\/image\/\",\"url\":\"https:\/\/stagezone.hu\/wp-content\/uploads\/2026\/01\/Adam-Hall_1000x1000-1-1.png\",\"contentUrl\":\"https:\/\/stagezone.hu\/wp-content\/uploads\/2026\/01\/Adam-Hall_1000x1000-1-1.png\",\"width\":1000,\"height\":1000,\"caption\":\"StageZone\"},\"image\":{\"@id\":\"https:\/\/stagezone.hu\/en\/#\/schema\/logo\/image\/\"},\"sameAs\":[\"https:\/\/www.facebook.com\/stagezonehungary\/\",\"https:\/\/www.instagram.com\/stagezonehungary\/\"]}]}<\/script>\n<!-- \/ Yoast SEO Premium plugin. -->","yoast_head_json":{"title":"ADJ Entour Ice Dry Ice Machine","description":"The ADJ Entour Ice is a professional-grade dry ice fog machine with a 3000W output, capable of covering up to 550 square meters per minute.","robots":{"index":"index","follow":"follow","max-snippet":"max-snippet:-1","max-image-preview":"max-image-preview:large","max-video-preview":"max-video-preview:-1"},"canonical":"The ADJ Entour Ice is a professional-grade dry ice fog machine with a 3000W output, capable of covering up to 550 square meters per minute.","og_locale":"en_US","og_type":"article","og_title":"ADJ Entour Ice Dry Ice Machine","og_description":"The ADJ Entour Ice is a professional-grade dry ice fog machine with a 3000W output, capable of covering up to 550 square meters per minute.","og_url":"https:\/\/stagezone.hu\/en\/product\/adj-entour-ice-dry-ice-machine\/","og_site_name":"StageZone","article_publisher":"https:\/\/www.facebook.com\/stagezonehungary\/","article_modified_time":"2026-05-05T19:51:03+00:00","og_image":[{"width":1100,"height":1100,"url":"https:\/\/stagezone.hu\/wp-content\/uploads\/2026\/01\/entourice01.jpg_5_1.jpg","type":"image\/jpeg"}],"twitter_card":"summary_large_image","twitter_misc":{"Est. reading time":"1 minute"},"schema":{"@context":"https:\/\/schema.org","@graph":[{"@type":"WebPage","@id":"https:\/\/stagezone.hu\/en\/product\/adj-entour-ice-dry-ice-machine\/","url":"https:\/\/stagezone.hu\/en\/product\/adj-entour-ice-dry-ice-machine\/","name":"ADJ Entour Ice - StageZone","isPartOf":{"@id":"https:\/\/stagezone.hu\/#website"},"primaryImageOfPage":{"@id":"https:\/\/stagezone.hu\/en\/product\/adj-entour-ice-dry-ice-machine\/#primaryimage"},"image":{"@id":"https:\/\/stagezone.hu\/en\/product\/adj-entour-ice-dry-ice-machine\/#primaryimage"},"thumbnailUrl":"https:\/\/stagezone.hu\/wp-content\/uploads\/2026\/01\/entourice01.jpg_5_1.jpg","datePublished":"2026-01-28T01:02:15+00:00","dateModified":"2026-05-05T19:51:03+00:00","description":"ADJ Entour Ice professzion\u00e1lis sz\u00e1razjeges f\u00fcstg\u00e9p. K\u00e9t kamr\u00e1s m\u0171k\u00f6d\u00e9si elv, 32 L tart\u00e1ly, 12 kg sz\u00e1razj\u00e9g kapacit\u00e1s, 550 m2\/perc teljes\u00edtm\u00e9ny.","breadcrumb":{"@id":"https:\/\/stagezone.hu\/en\/product\/adj-entour-ice-dry-ice-machine\/#breadcrumb"},"inLanguage":"en-US","potentialAction":[{"@type":"ReadAction","target":["https:\/\/stagezone.hu\/en\/product\/adj-entour-ice-dry-ice-machine\/"]}]},{"@type":"ImageObject","inLanguage":"en-US","@id":"https:\/\/stagezone.hu\/en\/product\/adj-entour-ice-dry-ice-machine\/#primaryimage","url":"https:\/\/stagezone.hu\/wp-content\/uploads\/2026\/01\/entourice01.jpg_5_1.jpg","contentUrl":"https:\/\/stagezone.hu\/wp-content\/uploads\/2026\/01\/entourice01.jpg_5_1.jpg","width":1100,"height":1100,"caption":"ADJ Entour Ice"},{"@type":"BreadcrumbList","@id":"https:\/\/stagezone.hu\/en\/product\/adj-entour-ice-dry-ice-machine\/#breadcrumb","itemListElement":[{"@type":"ListItem","position":1,"name":"Kezd\u0151lap","item":"https:\/\/stagezone.hu\/"},{"@type":"ListItem","position":2,"name":"\u00dczlet","item":"https:\/\/stagezone.hu\/uzlet\/"},{"@type":"ListItem","position":3,"name":"ADJ Entour Ice Dry Ice Machine"}]},{"@type":"WebSite","@id":"https:\/\/stagezone.hu\/en\/#website","url":"https:\/\/stagezone.hu\/en\/","name":"StageZone - Ragyogj a Stagezone min\u0151s\u00e9gi f\u00e9nytechnik\u00e1j\u00e1val.","description":"StageZone","publisher":{"@id":"https:\/\/stagezone.hu\/en\/#organization"},"potentialAction":[{"@type":"SearchAction","target":{"@type":"EntryPoint","urlTemplate":"https:\/\/stagezone.hu\/en\/?s={search_term_string}"},"query-input":{"@type":"PropertyValueSpecification","valueRequired":true,"valueName":"search_term_string"}}],"inLanguage":"en-US"},{"@type":"Organization","@id":"https:\/\/stagezone.hu\/en\/#organization","name":"StageZone","url":"https:\/\/stagezone.hu\/en\/","logo":{"@type":"ImageObject","inLanguage":"en-US","@id":"https:\/\/stagezone.hu\/en\/#\/schema\/logo\/image\/","url":"https:\/\/stagezone.hu\/wp-content\/uploads\/2026\/01\/Adam-Hall_1000x1000-1-1.png","contentUrl":"https:\/\/stagezone.hu\/wp-content\/uploads\/2026\/01\/Adam-Hall_1000x1000-1-1.png","width":1000,"height":1000,"caption":"StageZone"},"image":{"@id":"https:\/\/stagezone.hu\/en\/#\/schema\/logo\/image\/"},"sameAs":["https:\/\/www.facebook.com\/stagezonehungary\/","https:\/\/www.instagram.com\/stagezonehungary\/"]}]}},"_links":{"self":[{"href":"https:\/\/stagezone.hu\/en\/wp-json\/wp\/v2\/product\/9638","targetHints":{"allow":["GET"]}}],"collection":[{"href":"https:\/\/stagezone.hu\/en\/wp-json\/wp\/v2\/product"}],"about":[{"href":"https:\/\/stagezone.hu\/en\/wp-json\/wp\/v2\/types\/product"}],"replies":[{"embeddable":true,"href":"https:\/\/stagezone.hu\/en\/wp-json\/wp\/v2\/comments?post=9638"}],"version-history":[{"count":3,"href":"https:\/\/stagezone.hu\/en\/wp-json\/wp\/v2\/product\/9638\/revisions"}],"predecessor-version":[{"id":10621,"href":"https:\/\/stagezone.hu\/en\/wp-json\/wp\/v2\/product\/9638\/revisions\/10621"}],"wp:featuredmedia":[{"embeddable":true,"href":"https:\/\/stagezone.hu\/en\/wp-json\/wp\/v2\/media\/10616"}],"wp:attachment":[{"href":"https:\/\/stagezone.hu\/en\/wp-json\/wp\/v2\/media?parent=9638"}],"wp:term":[{"taxonomy":"product_brand","embeddable":true,"href":"https:\/\/stagezone.hu\/en\/wp-json\/wp\/v2\/product_brand?post=9638"},{"taxonomy":"product_cat","embeddable":true,"href":"https:\/\/stagezone.hu\/en\/wp-json\/wp\/v2\/product_cat?post=9638"},{"taxonomy":"product_tag","embeddable":true,"href":"https:\/\/stagezone.hu\/en\/wp-json\/wp\/v2\/product_tag?post=9638"}],"curies":[{"name":"wp","href":"https:\/\/api.w.org\/{rel}","templated":true}]}}