{"id":9134,"date":"2026-01-16T16:17:15","date_gmt":"2026-01-16T15:17:15","guid":{"rendered":"https:\/\/stagezone.hu\/?post_type=product&#038;p=9134"},"modified":"2026-05-04T19:50:19","modified_gmt":"2026-05-04T18:50:19","slug":"shehds-12w-rgb-laser-ip65","status":"publish","type":"product","link":"https:\/\/stagezone.hu\/en\/product\/shehds-12w-rgb-laser-ip65-animation-laser-with-app-control\/","title":{"rendered":"SHEHDS 12W RGB Laser IP65 - Animation Laser with App Control"},"content":{"rendered":"<p>&nbsp;<\/p>\n<p><strong>SHEHDS 12W RGB Laser IP65 &#8211; Animation Laser with Application Control and IP65 Protection<\/strong><\/p>\n<p>The SHEHDS 12W RGB Laser IP65 is designed for large-scale events thanks to its high performance. The RGB laser diodes allow for a variable color palette of projected images. Its projection speed is 25 KPPS, ensuring smooth and uniform animation playback. The ideal projection distance is 30-100 meters. Both animations and non-figurative patterns can be projected in both 2D and 3D. It is a suitable choice for mobile use and fixed installations, clubs, and stages.<\/p>\n<ul>\n<li>Power: R-3W, G-4W, B-5W<\/li>\n<li>Wavelength: R-638 nm, G-520 nm, B-450 nm<\/li>\n<li>Beam Angle: 60\u00b0<\/li>\n<li>DMX Channels: 16\/20 CH<\/li>\n<li>RJ45\/DMX\/ILDA\/Bluetooth<\/li>\n<li>Auto and Sound-controlled modes<\/li>\n<li>Active Cooling<\/li>\n<li>IP65<\/li>\n<\/ul>\n<p>Shehds is a company founded in 2015, specializing in stage lighting equipment. Their products ensure reliable quality and material usage, suitable for numerous applications. They hold CE, ROHS, UL, FCC, TP, TC, SAA, and other safety certifications. The brand has become a reliable player in the lighting technology segment.<\/p>\n","protected":false},"excerpt":{"rendered":"<p>SHEHDS 12W RGB Laser IP65 with application, ILDA, and DMX control. The application is compatible with both Android and iOS, suitable for both mobile and fixed installations.<\/p>\n","protected":false},"featured_media":9140,"comment_status":"open","ping_status":"closed","template":"","meta":[],"product_brand":[],"product_cat":[178,179],"product_tag":[397],"class_list":{"0":"post-9134","1":"product","2":"type-product","3":"status-publish","4":"has-post-thumbnail","6":"product_cat-effekt","7":"product_cat-lezer","8":"product_tag-lezer","10":"first","11":"contact_us","12":"taxable","13":"shipping-taxable","14":"purchasable","15":"product-type-simple"},"yoast_head":"<!-- This site is optimized with the Yoast SEO Premium plugin v27.2 (Yoast SEO v27.2) - https:\/\/yoast.com\/product\/yoast-seo-premium-wordpress\/ -->\n<title>SHEHDS 12W RGB Laser IP65 - Animation Laser with App Control<\/title>\n<meta name=\"description\" content=\"SHEHDS 12W RGB Laser IP65 with application, ILDA, and DMX control. The application is compatible with both Android and iOS, suitable for both mobile and fixed installations.\" \/>\n<meta name=\"robots\" content=\"index, follow, max-snippet:-1, max-image-preview:large, max-video-preview:-1\" \/>\n<link rel=\"canonical\" href=\"http:\/\/SHEHDS%2012W%20RGB%20Laser%20IP65%20with%20application,%20ILDA,%20and%20DMX%20control.%20The%20application%20is%20compatible%20with%20both%20Android%20and%20iOS,%20suitable%20for%20both%20mobile%20and%20fixed%20installations.\" \/>\n<meta property=\"og:locale\" content=\"en_US\" \/>\n<meta property=\"og:type\" content=\"article\" \/>\n<meta property=\"og:title\" content=\"SHEHDS 12W RGB Laser IP65 - Animation Laser with App Control\" \/>\n<meta property=\"og:description\" content=\"SHEHDS 12W RGB Laser IP65 with application, ILDA, and DMX control. The application is compatible with both Android and iOS, suitable for both mobile and fixed installations.\" \/>\n<meta property=\"og:url\" content=\"https:\/\/stagezone.hu\/en\/product\/shehds-12w-rgb-laser-ip65-animation-laser-with-app-control\/\" \/>\n<meta property=\"og:site_name\" content=\"StageZone\" \/>\n<meta property=\"article:publisher\" content=\"https:\/\/www.facebook.com\/stagezonehungary\/\" \/>\n<meta property=\"article:modified_time\" content=\"2026-05-04T18:50:19+00:00\" \/>\n<meta property=\"og:image\" content=\"https:\/\/stagezone.hu\/wp-content\/uploads\/2026\/01\/Adam-Hall_1000x1000-2.png\" \/>\n\t<meta property=\"og:image:width\" content=\"1000\" \/>\n\t<meta property=\"og:image:height\" content=\"1000\" \/>\n\t<meta property=\"og:image:type\" content=\"image\/png\" \/>\n<meta name=\"twitter:card\" content=\"summary_large_image\" \/>\n<meta name=\"twitter:label1\" content=\"Est. reading time\" \/>\n\t<meta name=\"twitter:data1\" content=\"1 minute\" \/>\n<script type=\"application\/ld+json\" class=\"yoast-schema-graph\">{\"@context\":\"https:\/\/schema.org\",\"@graph\":[{\"@type\":\"WebPage\",\"@id\":\"https:\/\/stagezone.hu\/en\/product\/shehds-12w-rgb-laser-ip65-animation-laser-with-app-control\/\",\"url\":\"https:\/\/stagezone.hu\/en\/product\/shehds-12w-rgb-laser-ip65-animation-laser-with-app-control\/\",\"name\":\"SHEHDS 12W RGB Laser IP65 - StageZone\",\"isPartOf\":{\"@id\":\"https:\/\/stagezone.hu\/#website\"},\"primaryImageOfPage\":{\"@id\":\"https:\/\/stagezone.hu\/en\/product\/shehds-12w-rgb-laser-ip65-animation-laser-with-app-control\/#primaryimage\"},\"image\":{\"@id\":\"https:\/\/stagezone.hu\/en\/product\/shehds-12w-rgb-laser-ip65-animation-laser-with-app-control\/#primaryimage\"},\"thumbnailUrl\":\"https:\/\/stagezone.hu\/wp-content\/uploads\/2026\/01\/Adam-Hall_1000x1000-2.png\",\"datePublished\":\"2026-01-16T15:17:15+00:00\",\"dateModified\":\"2026-05-04T18:50:19+00:00\",\"description\":\"SHEHDS 12W RGB Laser IP65 applik\u00e1ci\u00f3s, ILDA \u00e9s DMX vez\u00e9rl\u00e9ssel. Az applik\u00e1ci\u00f3 androiddal \u00e9s iOS-el is egyar\u00e1nt kompatibilis, mobil \u00e9s fix telep\u00edt\u00e9shez egyar\u00e1nt.\",\"breadcrumb\":{\"@id\":\"https:\/\/stagezone.hu\/en\/product\/shehds-12w-rgb-laser-ip65-animation-laser-with-app-control\/#breadcrumb\"},\"inLanguage\":\"en-US\",\"potentialAction\":[{\"@type\":\"ReadAction\",\"target\":[\"https:\/\/stagezone.hu\/en\/product\/shehds-12w-rgb-laser-ip65-animation-laser-with-app-control\/\"]}]},{\"@type\":\"ImageObject\",\"inLanguage\":\"en-US\",\"@id\":\"https:\/\/stagezone.hu\/en\/product\/shehds-12w-rgb-laser-ip65-animation-laser-with-app-control\/#primaryimage\",\"url\":\"https:\/\/stagezone.hu\/wp-content\/uploads\/2026\/01\/Adam-Hall_1000x1000-2.png\",\"contentUrl\":\"https:\/\/stagezone.hu\/wp-content\/uploads\/2026\/01\/Adam-Hall_1000x1000-2.png\",\"width\":1000,\"height\":1000,\"caption\":\"SHEHDS 12W RGB Laser IP65\"},{\"@type\":\"BreadcrumbList\",\"@id\":\"https:\/\/stagezone.hu\/en\/product\/shehds-12w-rgb-laser-ip65-animation-laser-with-app-control\/#breadcrumb\",\"itemListElement\":[{\"@type\":\"ListItem\",\"position\":1,\"name\":\"Kezd\u0151lap\",\"item\":\"https:\/\/stagezone.hu\/\"},{\"@type\":\"ListItem\",\"position\":2,\"name\":\"\u00dczlet\",\"item\":\"https:\/\/stagezone.hu\/uzlet\/\"},{\"@type\":\"ListItem\",\"position\":3,\"name\":\"SHEHDS 12W RGB Laser IP65 - Animation Laser with App Control\"}]},{\"@type\":\"WebSite\",\"@id\":\"https:\/\/stagezone.hu\/en\/#website\",\"url\":\"https:\/\/stagezone.hu\/en\/\",\"name\":\"StageZone - Ragyogj a Stagezone min\u0151s\u00e9gi f\u00e9nytechnik\u00e1j\u00e1val.\",\"description\":\"StageZone\",\"publisher\":{\"@id\":\"https:\/\/stagezone.hu\/en\/#organization\"},\"potentialAction\":[{\"@type\":\"SearchAction\",\"target\":{\"@type\":\"EntryPoint\",\"urlTemplate\":\"https:\/\/stagezone.hu\/en\/?s={search_term_string}\"},\"query-input\":{\"@type\":\"PropertyValueSpecification\",\"valueRequired\":true,\"valueName\":\"search_term_string\"}}],\"inLanguage\":\"en-US\"},{\"@type\":\"Organization\",\"@id\":\"https:\/\/stagezone.hu\/en\/#organization\",\"name\":\"StageZone\",\"url\":\"https:\/\/stagezone.hu\/en\/\",\"logo\":{\"@type\":\"ImageObject\",\"inLanguage\":\"en-US\",\"@id\":\"https:\/\/stagezone.hu\/en\/#\/schema\/logo\/image\/\",\"url\":\"https:\/\/stagezone.hu\/wp-content\/uploads\/2026\/01\/Adam-Hall_1000x1000-1-1.png\",\"contentUrl\":\"https:\/\/stagezone.hu\/wp-content\/uploads\/2026\/01\/Adam-Hall_1000x1000-1-1.png\",\"width\":1000,\"height\":1000,\"caption\":\"StageZone\"},\"image\":{\"@id\":\"https:\/\/stagezone.hu\/en\/#\/schema\/logo\/image\/\"},\"sameAs\":[\"https:\/\/www.facebook.com\/stagezonehungary\/\",\"https:\/\/www.instagram.com\/stagezonehungary\/\"]}]}<\/script>\n<!-- \/ Yoast SEO Premium plugin. -->","yoast_head_json":{"title":"SHEHDS 12W RGB Laser IP65 - Animation Laser with App Control","description":"SHEHDS 12W RGB Laser IP65 with application, ILDA, and DMX control. The application is compatible with both Android and iOS, suitable for both mobile and fixed installations.","robots":{"index":"index","follow":"follow","max-snippet":"max-snippet:-1","max-image-preview":"max-image-preview:large","max-video-preview":"max-video-preview:-1"},"canonical":"SHEHDS 12W RGB Laser IP65 with application, ILDA, and DMX control. The application is compatible with both Android and iOS, suitable for both mobile and fixed installations.","og_locale":"en_US","og_type":"article","og_title":"SHEHDS 12W RGB Laser IP65 - Animation Laser with App Control","og_description":"SHEHDS 12W RGB Laser IP65 with application, ILDA, and DMX control. The application is compatible with both Android and iOS, suitable for both mobile and fixed installations.","og_url":"https:\/\/stagezone.hu\/en\/product\/shehds-12w-rgb-laser-ip65-animation-laser-with-app-control\/","og_site_name":"StageZone","article_publisher":"https:\/\/www.facebook.com\/stagezonehungary\/","article_modified_time":"2026-05-04T18:50:19+00:00","og_image":[{"width":1000,"height":1000,"url":"https:\/\/stagezone.hu\/wp-content\/uploads\/2026\/01\/Adam-Hall_1000x1000-2.png","type":"image\/png"}],"twitter_card":"summary_large_image","twitter_misc":{"Est. reading time":"1 minute"},"schema":{"@context":"https:\/\/schema.org","@graph":[{"@type":"WebPage","@id":"https:\/\/stagezone.hu\/en\/product\/shehds-12w-rgb-laser-ip65-animation-laser-with-app-control\/","url":"https:\/\/stagezone.hu\/en\/product\/shehds-12w-rgb-laser-ip65-animation-laser-with-app-control\/","name":"SHEHDS 12W RGB Laser IP65 - StageZone","isPartOf":{"@id":"https:\/\/stagezone.hu\/#website"},"primaryImageOfPage":{"@id":"https:\/\/stagezone.hu\/en\/product\/shehds-12w-rgb-laser-ip65-animation-laser-with-app-control\/#primaryimage"},"image":{"@id":"https:\/\/stagezone.hu\/en\/product\/shehds-12w-rgb-laser-ip65-animation-laser-with-app-control\/#primaryimage"},"thumbnailUrl":"https:\/\/stagezone.hu\/wp-content\/uploads\/2026\/01\/Adam-Hall_1000x1000-2.png","datePublished":"2026-01-16T15:17:15+00:00","dateModified":"2026-05-04T18:50:19+00:00","description":"SHEHDS 12W RGB Laser IP65 applik\u00e1ci\u00f3s, ILDA \u00e9s DMX vez\u00e9rl\u00e9ssel. Az applik\u00e1ci\u00f3 androiddal \u00e9s iOS-el is egyar\u00e1nt kompatibilis, mobil \u00e9s fix telep\u00edt\u00e9shez egyar\u00e1nt.","breadcrumb":{"@id":"https:\/\/stagezone.hu\/en\/product\/shehds-12w-rgb-laser-ip65-animation-laser-with-app-control\/#breadcrumb"},"inLanguage":"en-US","potentialAction":[{"@type":"ReadAction","target":["https:\/\/stagezone.hu\/en\/product\/shehds-12w-rgb-laser-ip65-animation-laser-with-app-control\/"]}]},{"@type":"ImageObject","inLanguage":"en-US","@id":"https:\/\/stagezone.hu\/en\/product\/shehds-12w-rgb-laser-ip65-animation-laser-with-app-control\/#primaryimage","url":"https:\/\/stagezone.hu\/wp-content\/uploads\/2026\/01\/Adam-Hall_1000x1000-2.png","contentUrl":"https:\/\/stagezone.hu\/wp-content\/uploads\/2026\/01\/Adam-Hall_1000x1000-2.png","width":1000,"height":1000,"caption":"SHEHDS 12W RGB Laser IP65"},{"@type":"BreadcrumbList","@id":"https:\/\/stagezone.hu\/en\/product\/shehds-12w-rgb-laser-ip65-animation-laser-with-app-control\/#breadcrumb","itemListElement":[{"@type":"ListItem","position":1,"name":"Kezd\u0151lap","item":"https:\/\/stagezone.hu\/"},{"@type":"ListItem","position":2,"name":"\u00dczlet","item":"https:\/\/stagezone.hu\/uzlet\/"},{"@type":"ListItem","position":3,"name":"SHEHDS 12W RGB Laser IP65 - Animation Laser with App Control"}]},{"@type":"WebSite","@id":"https:\/\/stagezone.hu\/en\/#website","url":"https:\/\/stagezone.hu\/en\/","name":"StageZone - Ragyogj a Stagezone min\u0151s\u00e9gi f\u00e9nytechnik\u00e1j\u00e1val.","description":"StageZone","publisher":{"@id":"https:\/\/stagezone.hu\/en\/#organization"},"potentialAction":[{"@type":"SearchAction","target":{"@type":"EntryPoint","urlTemplate":"https:\/\/stagezone.hu\/en\/?s={search_term_string}"},"query-input":{"@type":"PropertyValueSpecification","valueRequired":true,"valueName":"search_term_string"}}],"inLanguage":"en-US"},{"@type":"Organization","@id":"https:\/\/stagezone.hu\/en\/#organization","name":"StageZone","url":"https:\/\/stagezone.hu\/en\/","logo":{"@type":"ImageObject","inLanguage":"en-US","@id":"https:\/\/stagezone.hu\/en\/#\/schema\/logo\/image\/","url":"https:\/\/stagezone.hu\/wp-content\/uploads\/2026\/01\/Adam-Hall_1000x1000-1-1.png","contentUrl":"https:\/\/stagezone.hu\/wp-content\/uploads\/2026\/01\/Adam-Hall_1000x1000-1-1.png","width":1000,"height":1000,"caption":"StageZone"},"image":{"@id":"https:\/\/stagezone.hu\/en\/#\/schema\/logo\/image\/"},"sameAs":["https:\/\/www.facebook.com\/stagezonehungary\/","https:\/\/www.instagram.com\/stagezonehungary\/"]}]}},"_links":{"self":[{"href":"https:\/\/stagezone.hu\/en\/wp-json\/wp\/v2\/product\/9134","targetHints":{"allow":["GET"]}}],"collection":[{"href":"https:\/\/stagezone.hu\/en\/wp-json\/wp\/v2\/product"}],"about":[{"href":"https:\/\/stagezone.hu\/en\/wp-json\/wp\/v2\/types\/product"}],"replies":[{"embeddable":true,"href":"https:\/\/stagezone.hu\/en\/wp-json\/wp\/v2\/comments?post=9134"}],"version-history":[{"count":2,"href":"https:\/\/stagezone.hu\/en\/wp-json\/wp\/v2\/product\/9134\/revisions"}],"predecessor-version":[{"id":9142,"href":"https:\/\/stagezone.hu\/en\/wp-json\/wp\/v2\/product\/9134\/revisions\/9142"}],"wp:featuredmedia":[{"embeddable":true,"href":"https:\/\/stagezone.hu\/en\/wp-json\/wp\/v2\/media\/9140"}],"wp:attachment":[{"href":"https:\/\/stagezone.hu\/en\/wp-json\/wp\/v2\/media?parent=9134"}],"wp:term":[{"taxonomy":"product_brand","embeddable":true,"href":"https:\/\/stagezone.hu\/en\/wp-json\/wp\/v2\/product_brand?post=9134"},{"taxonomy":"product_cat","embeddable":true,"href":"https:\/\/stagezone.hu\/en\/wp-json\/wp\/v2\/product_cat?post=9134"},{"taxonomy":"product_tag","embeddable":true,"href":"https:\/\/stagezone.hu\/en\/wp-json\/wp\/v2\/product_tag?post=9134"}],"curies":[{"name":"wp","href":"https:\/\/api.w.org\/{rel}","templated":true}]}}