{"id":886,"date":"2024-05-14T11:11:36","date_gmt":"2024-05-14T11:11:36","guid":{"rendered":"https:\/\/stagezone.hu\/?post_type=product&#038;p=886"},"modified":"2026-05-04T19:57:52","modified_gmt":"2026-05-04T18:57:52","slug":"stagezone-led-spotlight-100w","status":"publish","type":"product","link":"https:\/\/stagezone.hu\/en\/product\/shehds-led-spot-100w-moving-head-light\/","title":{"rendered":"SHEHDS Led Spot 100W Moving Head Light"},"content":{"rendered":"<p><strong>SHEHDS Led Spot 100W &#8211; moving head spot light<\/strong><\/p>\n<p>SHEHDS Led Spot 100W moving head spot light, a favorite for mobile users. A medium-sized device with motorized focus, a 6-facet circular prism, and rotating gobos. It includes all the features a DJ or band needs. The stackable gobos allow users to create diverse patterns. Its wide beam angle enables coverage of large areas.<\/p>\n<ul>\n<li>Power Supply: AC 100-240 V, 50\/60 Hz<\/li>\n<li>Power Consumption: 100W<\/li>\n<li>DMX Channels: 14 CH<\/li>\n<li>Static Gobos: 6 + open<\/li>\n<li>Rotating Gobos: 7<\/li>\n<li>Colors: 7 + half colors<\/li>\n<li>Beam Angle: 25\u00b0<\/li>\n<li>Strobe: 0-25 Hz<\/li>\n<li>Connector: Powercon<\/li>\n<li>DMX Connector: 3 pin<\/li>\n<li>Mounting: Quick-lock omega bracket<\/li>\n<li>Control Modes: DMX 512\/Auto\/Sound<\/li>\n<\/ul>\n<p>Shehds, founded in 2015, specializes in stage lighting equipment. Their products offer reliable quality and materials, suitable for various applications. They hold CE, ROHS, UL, FCC, TP, TC, SAA, and other safety certifications. The brand has become a trusted name in the lighting industry.<\/p>\n","protected":false},"excerpt":{"rendered":"<p>SHEHDS Led Spot 100W moving head spot light with motorized focus, 6-facet circular prism, and rotating gobos. Ideal for DJs and bands.<\/p>\n","protected":false},"featured_media":9169,"comment_status":"closed","ping_status":"closed","template":"","meta":[],"product_brand":[],"product_cat":[166,169],"product_tag":[197,378,209],"class_list":{"0":"post-886","1":"product","2":"type-product","3":"status-publish","4":"has-post-thumbnail","6":"product_cat-robotlampa","7":"product_cat-spot-lampak","8":"product_tag-robotlampa","9":"product_tag-spot","10":"product_tag-stagezone","12":"first","13":"contact_us","14":"taxable","15":"shipping-taxable","16":"purchasable","17":"product-type-simple"},"yoast_head":"<!-- This site is optimized with the Yoast SEO Premium plugin v27.2 (Yoast SEO v27.2) - https:\/\/yoast.com\/product\/yoast-seo-premium-wordpress\/ -->\n<title>SHEHDS Led Spot 100W Moving Head Light<\/title>\n<meta name=\"description\" content=\"SHEHDS Led Spot 100W moving head spot light with motorized focus, 6-facet circular prism, and rotating gobos. Ideal for DJs and bands.\" \/>\n<meta name=\"robots\" content=\"index, follow, max-snippet:-1, max-image-preview:large, max-video-preview:-1\" \/>\n<link rel=\"canonical\" href=\"http:\/\/SHEHDS%20Led%20Spot%20100W%20moving%20head%20spot%20light%20with%20motorized%20focus,%206-facet%20circular%20prism,%20and%20rotating%20gobos.%20Ideal%20for%20DJs%20and%20bands.\" \/>\n<meta property=\"og:locale\" content=\"en_US\" \/>\n<meta property=\"og:type\" content=\"article\" \/>\n<meta property=\"og:title\" content=\"SHEHDS Led Spot 100W Moving Head Light\" \/>\n<meta property=\"og:description\" content=\"SHEHDS Led Spot 100W moving head spot light with motorized focus, 6-facet circular prism, and rotating gobos. Ideal for DJs and bands.\" \/>\n<meta property=\"og:url\" content=\"https:\/\/stagezone.hu\/en\/product\/shehds-led-spot-100w-moving-head-light\/\" \/>\n<meta property=\"og:site_name\" content=\"StageZone\" \/>\n<meta property=\"article:publisher\" content=\"https:\/\/www.facebook.com\/stagezonehungary\/\" \/>\n<meta property=\"article:modified_time\" content=\"2026-05-04T18:57:52+00:00\" \/>\n<meta property=\"og:image\" content=\"https:\/\/stagezone.hu\/wp-content\/uploads\/2024\/05\/IMG_8315.jpg0_.jpg\" \/>\n\t<meta property=\"og:image:width\" content=\"1000\" \/>\n\t<meta property=\"og:image:height\" content=\"1000\" \/>\n\t<meta property=\"og:image:type\" content=\"image\/jpeg\" \/>\n<meta name=\"twitter:card\" content=\"summary_large_image\" \/>\n<meta name=\"twitter:label1\" content=\"Est. reading time\" \/>\n\t<meta name=\"twitter:data1\" content=\"1 minute\" \/>\n<script type=\"application\/ld+json\" class=\"yoast-schema-graph\">{\"@context\":\"https:\/\/schema.org\",\"@graph\":[{\"@type\":\"WebPage\",\"@id\":\"https:\/\/stagezone.hu\/en\/product\/shehds-led-spot-100w-moving-head-light\/\",\"url\":\"https:\/\/stagezone.hu\/en\/product\/shehds-led-spot-100w-moving-head-light\/\",\"name\":\"SHEHDS Led Spot 100W - StageZone\",\"isPartOf\":{\"@id\":\"https:\/\/stagezone.hu\/#website\"},\"primaryImageOfPage\":{\"@id\":\"https:\/\/stagezone.hu\/en\/product\/shehds-led-spot-100w-moving-head-light\/#primaryimage\"},\"image\":{\"@id\":\"https:\/\/stagezone.hu\/en\/product\/shehds-led-spot-100w-moving-head-light\/#primaryimage\"},\"thumbnailUrl\":\"https:\/\/stagezone.hu\/wp-content\/uploads\/2024\/05\/IMG_8315.jpg0_.jpg\",\"datePublished\":\"2024-05-14T11:11:36+00:00\",\"dateModified\":\"2026-05-04T18:57:52+00:00\",\"description\":\"SHEHDS Led Spot 100W motoriz\u00e1lt f\u00f3kusszal, statikus \u00e9s rot\u00e1ci\u00f3s gobo t\u00e1rcs\u00e1kkal \u00e9s 6 oldalas k\u00f6rprizm\u00e1val. Ide\u00e1lis v\u00e1laszt\u00e1s zenekarok \u00e9s DJ-k sz\u00e1m\u00e1ra.\",\"breadcrumb\":{\"@id\":\"https:\/\/stagezone.hu\/en\/product\/shehds-led-spot-100w-moving-head-light\/#breadcrumb\"},\"inLanguage\":\"en-US\",\"potentialAction\":[{\"@type\":\"ReadAction\",\"target\":[\"https:\/\/stagezone.hu\/en\/product\/shehds-led-spot-100w-moving-head-light\/\"]}]},{\"@type\":\"ImageObject\",\"inLanguage\":\"en-US\",\"@id\":\"https:\/\/stagezone.hu\/en\/product\/shehds-led-spot-100w-moving-head-light\/#primaryimage\",\"url\":\"https:\/\/stagezone.hu\/wp-content\/uploads\/2024\/05\/IMG_8315.jpg0_.jpg\",\"contentUrl\":\"https:\/\/stagezone.hu\/wp-content\/uploads\/2024\/05\/IMG_8315.jpg0_.jpg\",\"width\":1000,\"height\":1000,\"caption\":\"SHEHDS Led Spot 100W\"},{\"@type\":\"BreadcrumbList\",\"@id\":\"https:\/\/stagezone.hu\/en\/product\/shehds-led-spot-100w-moving-head-light\/#breadcrumb\",\"itemListElement\":[{\"@type\":\"ListItem\",\"position\":1,\"name\":\"Kezd\u0151lap\",\"item\":\"https:\/\/stagezone.hu\/\"},{\"@type\":\"ListItem\",\"position\":2,\"name\":\"\u00dczlet\",\"item\":\"https:\/\/stagezone.hu\/uzlet\/\"},{\"@type\":\"ListItem\",\"position\":3,\"name\":\"SHEHDS Led Spot 100W Moving Head Light\"}]},{\"@type\":\"WebSite\",\"@id\":\"https:\/\/stagezone.hu\/en\/#website\",\"url\":\"https:\/\/stagezone.hu\/en\/\",\"name\":\"StageZone - Ragyogj a Stagezone min\u0151s\u00e9gi f\u00e9nytechnik\u00e1j\u00e1val.\",\"description\":\"StageZone\",\"publisher\":{\"@id\":\"https:\/\/stagezone.hu\/en\/#organization\"},\"potentialAction\":[{\"@type\":\"SearchAction\",\"target\":{\"@type\":\"EntryPoint\",\"urlTemplate\":\"https:\/\/stagezone.hu\/en\/?s={search_term_string}\"},\"query-input\":{\"@type\":\"PropertyValueSpecification\",\"valueRequired\":true,\"valueName\":\"search_term_string\"}}],\"inLanguage\":\"en-US\"},{\"@type\":\"Organization\",\"@id\":\"https:\/\/stagezone.hu\/en\/#organization\",\"name\":\"StageZone\",\"url\":\"https:\/\/stagezone.hu\/en\/\",\"logo\":{\"@type\":\"ImageObject\",\"inLanguage\":\"en-US\",\"@id\":\"https:\/\/stagezone.hu\/en\/#\/schema\/logo\/image\/\",\"url\":\"https:\/\/stagezone.hu\/wp-content\/uploads\/2026\/01\/Adam-Hall_1000x1000-1-1.png\",\"contentUrl\":\"https:\/\/stagezone.hu\/wp-content\/uploads\/2026\/01\/Adam-Hall_1000x1000-1-1.png\",\"width\":1000,\"height\":1000,\"caption\":\"StageZone\"},\"image\":{\"@id\":\"https:\/\/stagezone.hu\/en\/#\/schema\/logo\/image\/\"},\"sameAs\":[\"https:\/\/www.facebook.com\/stagezonehungary\/\",\"https:\/\/www.instagram.com\/stagezonehungary\/\"]}]}<\/script>\n<!-- \/ Yoast SEO Premium plugin. -->","yoast_head_json":{"title":"SHEHDS Led Spot 100W Moving Head Light","description":"SHEHDS Led Spot 100W moving head spot light with motorized focus, 6-facet circular prism, and rotating gobos. Ideal for DJs and bands.","robots":{"index":"index","follow":"follow","max-snippet":"max-snippet:-1","max-image-preview":"max-image-preview:large","max-video-preview":"max-video-preview:-1"},"canonical":"SHEHDS Led Spot 100W moving head spot light with motorized focus, 6-facet circular prism, and rotating gobos. Ideal for DJs and bands.","og_locale":"en_US","og_type":"article","og_title":"SHEHDS Led Spot 100W Moving Head Light","og_description":"SHEHDS Led Spot 100W moving head spot light with motorized focus, 6-facet circular prism, and rotating gobos. Ideal for DJs and bands.","og_url":"https:\/\/stagezone.hu\/en\/product\/shehds-led-spot-100w-moving-head-light\/","og_site_name":"StageZone","article_publisher":"https:\/\/www.facebook.com\/stagezonehungary\/","article_modified_time":"2026-05-04T18:57:52+00:00","og_image":[{"width":1000,"height":1000,"url":"https:\/\/stagezone.hu\/wp-content\/uploads\/2024\/05\/IMG_8315.jpg0_.jpg","type":"image\/jpeg"}],"twitter_card":"summary_large_image","twitter_misc":{"Est. reading time":"1 minute"},"schema":{"@context":"https:\/\/schema.org","@graph":[{"@type":"WebPage","@id":"https:\/\/stagezone.hu\/en\/product\/shehds-led-spot-100w-moving-head-light\/","url":"https:\/\/stagezone.hu\/en\/product\/shehds-led-spot-100w-moving-head-light\/","name":"SHEHDS Led Spot 100W - StageZone","isPartOf":{"@id":"https:\/\/stagezone.hu\/#website"},"primaryImageOfPage":{"@id":"https:\/\/stagezone.hu\/en\/product\/shehds-led-spot-100w-moving-head-light\/#primaryimage"},"image":{"@id":"https:\/\/stagezone.hu\/en\/product\/shehds-led-spot-100w-moving-head-light\/#primaryimage"},"thumbnailUrl":"https:\/\/stagezone.hu\/wp-content\/uploads\/2024\/05\/IMG_8315.jpg0_.jpg","datePublished":"2024-05-14T11:11:36+00:00","dateModified":"2026-05-04T18:57:52+00:00","description":"SHEHDS Led Spot 100W motoriz\u00e1lt f\u00f3kusszal, statikus \u00e9s rot\u00e1ci\u00f3s gobo t\u00e1rcs\u00e1kkal \u00e9s 6 oldalas k\u00f6rprizm\u00e1val. Ide\u00e1lis v\u00e1laszt\u00e1s zenekarok \u00e9s DJ-k sz\u00e1m\u00e1ra.","breadcrumb":{"@id":"https:\/\/stagezone.hu\/en\/product\/shehds-led-spot-100w-moving-head-light\/#breadcrumb"},"inLanguage":"en-US","potentialAction":[{"@type":"ReadAction","target":["https:\/\/stagezone.hu\/en\/product\/shehds-led-spot-100w-moving-head-light\/"]}]},{"@type":"ImageObject","inLanguage":"en-US","@id":"https:\/\/stagezone.hu\/en\/product\/shehds-led-spot-100w-moving-head-light\/#primaryimage","url":"https:\/\/stagezone.hu\/wp-content\/uploads\/2024\/05\/IMG_8315.jpg0_.jpg","contentUrl":"https:\/\/stagezone.hu\/wp-content\/uploads\/2024\/05\/IMG_8315.jpg0_.jpg","width":1000,"height":1000,"caption":"SHEHDS Led Spot 100W"},{"@type":"BreadcrumbList","@id":"https:\/\/stagezone.hu\/en\/product\/shehds-led-spot-100w-moving-head-light\/#breadcrumb","itemListElement":[{"@type":"ListItem","position":1,"name":"Kezd\u0151lap","item":"https:\/\/stagezone.hu\/"},{"@type":"ListItem","position":2,"name":"\u00dczlet","item":"https:\/\/stagezone.hu\/uzlet\/"},{"@type":"ListItem","position":3,"name":"SHEHDS Led Spot 100W Moving Head Light"}]},{"@type":"WebSite","@id":"https:\/\/stagezone.hu\/en\/#website","url":"https:\/\/stagezone.hu\/en\/","name":"StageZone - Ragyogj a Stagezone min\u0151s\u00e9gi f\u00e9nytechnik\u00e1j\u00e1val.","description":"StageZone","publisher":{"@id":"https:\/\/stagezone.hu\/en\/#organization"},"potentialAction":[{"@type":"SearchAction","target":{"@type":"EntryPoint","urlTemplate":"https:\/\/stagezone.hu\/en\/?s={search_term_string}"},"query-input":{"@type":"PropertyValueSpecification","valueRequired":true,"valueName":"search_term_string"}}],"inLanguage":"en-US"},{"@type":"Organization","@id":"https:\/\/stagezone.hu\/en\/#organization","name":"StageZone","url":"https:\/\/stagezone.hu\/en\/","logo":{"@type":"ImageObject","inLanguage":"en-US","@id":"https:\/\/stagezone.hu\/en\/#\/schema\/logo\/image\/","url":"https:\/\/stagezone.hu\/wp-content\/uploads\/2026\/01\/Adam-Hall_1000x1000-1-1.png","contentUrl":"https:\/\/stagezone.hu\/wp-content\/uploads\/2026\/01\/Adam-Hall_1000x1000-1-1.png","width":1000,"height":1000,"caption":"StageZone"},"image":{"@id":"https:\/\/stagezone.hu\/en\/#\/schema\/logo\/image\/"},"sameAs":["https:\/\/www.facebook.com\/stagezonehungary\/","https:\/\/www.instagram.com\/stagezonehungary\/"]}]}},"_links":{"self":[{"href":"https:\/\/stagezone.hu\/en\/wp-json\/wp\/v2\/product\/886","targetHints":{"allow":["GET"]}}],"collection":[{"href":"https:\/\/stagezone.hu\/en\/wp-json\/wp\/v2\/product"}],"about":[{"href":"https:\/\/stagezone.hu\/en\/wp-json\/wp\/v2\/types\/product"}],"replies":[{"embeddable":true,"href":"https:\/\/stagezone.hu\/en\/wp-json\/wp\/v2\/comments?post=886"}],"version-history":[{"count":10,"href":"https:\/\/stagezone.hu\/en\/wp-json\/wp\/v2\/product\/886\/revisions"}],"predecessor-version":[{"id":10356,"href":"https:\/\/stagezone.hu\/en\/wp-json\/wp\/v2\/product\/886\/revisions\/10356"}],"wp:featuredmedia":[{"embeddable":true,"href":"https:\/\/stagezone.hu\/en\/wp-json\/wp\/v2\/media\/9169"}],"wp:attachment":[{"href":"https:\/\/stagezone.hu\/en\/wp-json\/wp\/v2\/media?parent=886"}],"wp:term":[{"taxonomy":"product_brand","embeddable":true,"href":"https:\/\/stagezone.hu\/en\/wp-json\/wp\/v2\/product_brand?post=886"},{"taxonomy":"product_cat","embeddable":true,"href":"https:\/\/stagezone.hu\/en\/wp-json\/wp\/v2\/product_cat?post=886"},{"taxonomy":"product_tag","embeddable":true,"href":"https:\/\/stagezone.hu\/en\/wp-json\/wp\/v2\/product_tag?post=886"}],"curies":[{"name":"wp","href":"https:\/\/api.w.org\/{rel}","templated":true}]}}