{"id":8842,"date":"2025-11-20T15:40:31","date_gmt":"2025-11-20T14:40:31","guid":{"rendered":"https:\/\/stagezone.hu\/?post_type=product&#038;p=8842"},"modified":"2026-05-04T19:50:24","modified_gmt":"2026-05-04T18:50:24","slug":"eliminator-vf-flurry-ep","status":"publish","type":"product","link":"https:\/\/stagezone.hu\/en\/product\/eliminator-vf-flurry-ep-snow-machine\/","title":{"rendered":"Eliminator VF FLURRY EP Snow Machine"},"content":{"rendered":"<p>&nbsp;<\/p>\n<p><strong>Eliminator VF FLURRY EP &#8211; Snow Machine<\/strong><\/p>\n<p>The Eliminator VF Flurry EP is a compact yet powerful 600W snow machine with a projection distance of 2-5 meters. Key features include a switch to control low\/high volume output, auto shut-off to protect the pump when fluid is low, and a fluid level indicator.<\/p>\n<p><strong>Eliminator Lighting<\/strong> is an American lighting technology brand that has been serving the needs of DJs, clubs, event organizers, and other entertainment industry professionals for over 15 years with affordable yet reliable lighting and effect equipment. The brand is particularly known for its party-focused devices, ease of use, and excellent value for money. It is primarily strong in the entry-level and mid-range segments, for users looking for lighting technology not for industrial use, but often as a portable, mobile system. Additionally, many of its products can be an ideal choice for fixed installations in smaller clubs, pubs, or community centers. The brand has been part of the <strong>ADJ Group<\/strong> since 2019.<\/p>\n","protected":false},"excerpt":{"rendered":"<p>The Eliminator VF FLURRY EP is a compact snow machine ideal for home use, easily creating a winter atmosphere indoors or outdoors.<\/p>\n","protected":false},"featured_media":8843,"comment_status":"open","ping_status":"closed","template":"","meta":[],"product_brand":[],"product_cat":[178,537],"product_tag":[489,538],"class_list":{"0":"post-8842","1":"product","2":"type-product","3":"status-publish","4":"has-post-thumbnail","6":"product_cat-effekt","7":"product_cat-hogepek","8":"product_tag-eliminator","9":"product_tag-hogep","11":"first","12":"instock","13":"taxable","14":"shipping-taxable","15":"purchasable","16":"product-type-simple"},"yoast_head":"<!-- This site is optimized with the Yoast SEO Premium plugin v27.2 (Yoast SEO v27.2) - https:\/\/yoast.com\/product\/yoast-seo-premium-wordpress\/ -->\n<title>Eliminator VF FLURRY EP Snow Machine<\/title>\n<meta name=\"description\" content=\"The Eliminator VF FLURRY EP is a compact snow machine ideal for home use, easily creating a winter atmosphere indoors or outdoors.\" \/>\n<meta name=\"robots\" content=\"index, follow, max-snippet:-1, max-image-preview:large, max-video-preview:-1\" \/>\n<link rel=\"canonical\" href=\"http:\/\/The%20Eliminator%20VF%20FLURRY%20EP%20is%20a%20compact%20snow%20machine%20ideal%20for%20home%20use,%20easily%20creating%20a%20winter%20atmosphere%20indoors%20or%20outdoors.\" \/>\n<meta property=\"og:locale\" content=\"en_US\" \/>\n<meta property=\"og:type\" content=\"article\" \/>\n<meta property=\"og:title\" content=\"Eliminator VF FLURRY EP Snow Machine\" \/>\n<meta property=\"og:description\" content=\"The Eliminator VF FLURRY EP is a compact snow machine ideal for home use, easily creating a winter atmosphere indoors or outdoors.\" \/>\n<meta property=\"og:url\" content=\"https:\/\/stagezone.hu\/en\/product\/eliminator-vf-flurry-ep-snow-machine\/\" \/>\n<meta property=\"og:site_name\" content=\"StageZone\" \/>\n<meta property=\"article:publisher\" content=\"https:\/\/www.facebook.com\/stagezonehungary\/\" \/>\n<meta property=\"article:modified_time\" content=\"2026-05-04T18:50:24+00:00\" \/>\n<meta property=\"og:image\" content=\"https:\/\/stagezone.hu\/wp-content\/uploads\/2025\/11\/vf-flurry-lt_1100x1100_1.jpg\" \/>\n\t<meta property=\"og:image:width\" content=\"1100\" \/>\n\t<meta property=\"og:image:height\" content=\"1100\" \/>\n\t<meta property=\"og:image:type\" content=\"image\/jpeg\" \/>\n<meta name=\"twitter:card\" content=\"summary_large_image\" \/>\n<meta name=\"twitter:label1\" content=\"Est. reading time\" \/>\n\t<meta name=\"twitter:data1\" content=\"1 minute\" \/>\n<script type=\"application\/ld+json\" class=\"yoast-schema-graph\">{\"@context\":\"https:\/\/schema.org\",\"@graph\":[{\"@type\":\"WebPage\",\"@id\":\"https:\/\/stagezone.hu\/en\/product\/eliminator-vf-flurry-ep-snow-machine\/\",\"url\":\"https:\/\/stagezone.hu\/en\/product\/eliminator-vf-flurry-ep-snow-machine\/\",\"name\":\"Eliminator VF FLURRY EP - StageZone\",\"isPartOf\":{\"@id\":\"https:\/\/stagezone.hu\/#website\"},\"primaryImageOfPage\":{\"@id\":\"https:\/\/stagezone.hu\/en\/product\/eliminator-vf-flurry-ep-snow-machine\/#primaryimage\"},\"image\":{\"@id\":\"https:\/\/stagezone.hu\/en\/product\/eliminator-vf-flurry-ep-snow-machine\/#primaryimage\"},\"thumbnailUrl\":\"https:\/\/stagezone.hu\/wp-content\/uploads\/2025\/11\/vf-flurry-lt_1100x1100_1.jpg\",\"datePublished\":\"2025-11-20T14:40:31+00:00\",\"dateModified\":\"2026-05-04T18:50:24+00:00\",\"description\":\"Eliminator VF FLURRY EP kis m\u00e9ret\u0171 h\u00f3g\u00e9p otthoni felhaszn\u00e1l\u00e1sra. Seg\u00edts\u00e9g\u00e9vel k\u00f6nnyen t\u00e9li hangulat var\u00e1zsolhat\u00f3 ak\u00e1r ny\u00edlt, ak\u00e1r z\u00e1rt t\u00e9rben.\",\"breadcrumb\":{\"@id\":\"https:\/\/stagezone.hu\/en\/product\/eliminator-vf-flurry-ep-snow-machine\/#breadcrumb\"},\"inLanguage\":\"en-US\",\"potentialAction\":[{\"@type\":\"ReadAction\",\"target\":[\"https:\/\/stagezone.hu\/en\/product\/eliminator-vf-flurry-ep-snow-machine\/\"]}]},{\"@type\":\"ImageObject\",\"inLanguage\":\"en-US\",\"@id\":\"https:\/\/stagezone.hu\/en\/product\/eliminator-vf-flurry-ep-snow-machine\/#primaryimage\",\"url\":\"https:\/\/stagezone.hu\/wp-content\/uploads\/2025\/11\/vf-flurry-lt_1100x1100_1.jpg\",\"contentUrl\":\"https:\/\/stagezone.hu\/wp-content\/uploads\/2025\/11\/vf-flurry-lt_1100x1100_1.jpg\",\"width\":1100,\"height\":1100,\"caption\":\"Eliminator VF FLURRY EP\"},{\"@type\":\"BreadcrumbList\",\"@id\":\"https:\/\/stagezone.hu\/en\/product\/eliminator-vf-flurry-ep-snow-machine\/#breadcrumb\",\"itemListElement\":[{\"@type\":\"ListItem\",\"position\":1,\"name\":\"Kezd\u0151lap\",\"item\":\"https:\/\/stagezone.hu\/\"},{\"@type\":\"ListItem\",\"position\":2,\"name\":\"\u00dczlet\",\"item\":\"https:\/\/stagezone.hu\/uzlet\/\"},{\"@type\":\"ListItem\",\"position\":3,\"name\":\"Eliminator VF FLURRY EP Snow Machine\"}]},{\"@type\":\"WebSite\",\"@id\":\"https:\/\/stagezone.hu\/en\/#website\",\"url\":\"https:\/\/stagezone.hu\/en\/\",\"name\":\"StageZone - Ragyogj a Stagezone min\u0151s\u00e9gi f\u00e9nytechnik\u00e1j\u00e1val.\",\"description\":\"StageZone\",\"publisher\":{\"@id\":\"https:\/\/stagezone.hu\/en\/#organization\"},\"potentialAction\":[{\"@type\":\"SearchAction\",\"target\":{\"@type\":\"EntryPoint\",\"urlTemplate\":\"https:\/\/stagezone.hu\/en\/?s={search_term_string}\"},\"query-input\":{\"@type\":\"PropertyValueSpecification\",\"valueRequired\":true,\"valueName\":\"search_term_string\"}}],\"inLanguage\":\"en-US\"},{\"@type\":\"Organization\",\"@id\":\"https:\/\/stagezone.hu\/en\/#organization\",\"name\":\"StageZone\",\"url\":\"https:\/\/stagezone.hu\/en\/\",\"logo\":{\"@type\":\"ImageObject\",\"inLanguage\":\"en-US\",\"@id\":\"https:\/\/stagezone.hu\/en\/#\/schema\/logo\/image\/\",\"url\":\"https:\/\/stagezone.hu\/wp-content\/uploads\/2026\/01\/Adam-Hall_1000x1000-1-1.png\",\"contentUrl\":\"https:\/\/stagezone.hu\/wp-content\/uploads\/2026\/01\/Adam-Hall_1000x1000-1-1.png\",\"width\":1000,\"height\":1000,\"caption\":\"StageZone\"},\"image\":{\"@id\":\"https:\/\/stagezone.hu\/en\/#\/schema\/logo\/image\/\"},\"sameAs\":[\"https:\/\/www.facebook.com\/stagezonehungary\/\",\"https:\/\/www.instagram.com\/stagezonehungary\/\"]}]}<\/script>\n<!-- \/ Yoast SEO Premium plugin. -->","yoast_head_json":{"title":"Eliminator VF FLURRY EP Snow Machine","description":"The Eliminator VF FLURRY EP is a compact snow machine ideal for home use, easily creating a winter atmosphere indoors or outdoors.","robots":{"index":"index","follow":"follow","max-snippet":"max-snippet:-1","max-image-preview":"max-image-preview:large","max-video-preview":"max-video-preview:-1"},"canonical":"The Eliminator VF FLURRY EP is a compact snow machine ideal for home use, easily creating a winter atmosphere indoors or outdoors.","og_locale":"en_US","og_type":"article","og_title":"Eliminator VF FLURRY EP Snow Machine","og_description":"The Eliminator VF FLURRY EP is a compact snow machine ideal for home use, easily creating a winter atmosphere indoors or outdoors.","og_url":"https:\/\/stagezone.hu\/en\/product\/eliminator-vf-flurry-ep-snow-machine\/","og_site_name":"StageZone","article_publisher":"https:\/\/www.facebook.com\/stagezonehungary\/","article_modified_time":"2026-05-04T18:50:24+00:00","og_image":[{"width":1100,"height":1100,"url":"https:\/\/stagezone.hu\/wp-content\/uploads\/2025\/11\/vf-flurry-lt_1100x1100_1.jpg","type":"image\/jpeg"}],"twitter_card":"summary_large_image","twitter_misc":{"Est. reading time":"1 minute"},"schema":{"@context":"https:\/\/schema.org","@graph":[{"@type":"WebPage","@id":"https:\/\/stagezone.hu\/en\/product\/eliminator-vf-flurry-ep-snow-machine\/","url":"https:\/\/stagezone.hu\/en\/product\/eliminator-vf-flurry-ep-snow-machine\/","name":"Eliminator VF FLURRY EP - StageZone","isPartOf":{"@id":"https:\/\/stagezone.hu\/#website"},"primaryImageOfPage":{"@id":"https:\/\/stagezone.hu\/en\/product\/eliminator-vf-flurry-ep-snow-machine\/#primaryimage"},"image":{"@id":"https:\/\/stagezone.hu\/en\/product\/eliminator-vf-flurry-ep-snow-machine\/#primaryimage"},"thumbnailUrl":"https:\/\/stagezone.hu\/wp-content\/uploads\/2025\/11\/vf-flurry-lt_1100x1100_1.jpg","datePublished":"2025-11-20T14:40:31+00:00","dateModified":"2026-05-04T18:50:24+00:00","description":"Eliminator VF FLURRY EP kis m\u00e9ret\u0171 h\u00f3g\u00e9p otthoni felhaszn\u00e1l\u00e1sra. Seg\u00edts\u00e9g\u00e9vel k\u00f6nnyen t\u00e9li hangulat var\u00e1zsolhat\u00f3 ak\u00e1r ny\u00edlt, ak\u00e1r z\u00e1rt t\u00e9rben.","breadcrumb":{"@id":"https:\/\/stagezone.hu\/en\/product\/eliminator-vf-flurry-ep-snow-machine\/#breadcrumb"},"inLanguage":"en-US","potentialAction":[{"@type":"ReadAction","target":["https:\/\/stagezone.hu\/en\/product\/eliminator-vf-flurry-ep-snow-machine\/"]}]},{"@type":"ImageObject","inLanguage":"en-US","@id":"https:\/\/stagezone.hu\/en\/product\/eliminator-vf-flurry-ep-snow-machine\/#primaryimage","url":"https:\/\/stagezone.hu\/wp-content\/uploads\/2025\/11\/vf-flurry-lt_1100x1100_1.jpg","contentUrl":"https:\/\/stagezone.hu\/wp-content\/uploads\/2025\/11\/vf-flurry-lt_1100x1100_1.jpg","width":1100,"height":1100,"caption":"Eliminator VF FLURRY EP"},{"@type":"BreadcrumbList","@id":"https:\/\/stagezone.hu\/en\/product\/eliminator-vf-flurry-ep-snow-machine\/#breadcrumb","itemListElement":[{"@type":"ListItem","position":1,"name":"Kezd\u0151lap","item":"https:\/\/stagezone.hu\/"},{"@type":"ListItem","position":2,"name":"\u00dczlet","item":"https:\/\/stagezone.hu\/uzlet\/"},{"@type":"ListItem","position":3,"name":"Eliminator VF FLURRY EP Snow Machine"}]},{"@type":"WebSite","@id":"https:\/\/stagezone.hu\/en\/#website","url":"https:\/\/stagezone.hu\/en\/","name":"StageZone - Ragyogj a Stagezone min\u0151s\u00e9gi f\u00e9nytechnik\u00e1j\u00e1val.","description":"StageZone","publisher":{"@id":"https:\/\/stagezone.hu\/en\/#organization"},"potentialAction":[{"@type":"SearchAction","target":{"@type":"EntryPoint","urlTemplate":"https:\/\/stagezone.hu\/en\/?s={search_term_string}"},"query-input":{"@type":"PropertyValueSpecification","valueRequired":true,"valueName":"search_term_string"}}],"inLanguage":"en-US"},{"@type":"Organization","@id":"https:\/\/stagezone.hu\/en\/#organization","name":"StageZone","url":"https:\/\/stagezone.hu\/en\/","logo":{"@type":"ImageObject","inLanguage":"en-US","@id":"https:\/\/stagezone.hu\/en\/#\/schema\/logo\/image\/","url":"https:\/\/stagezone.hu\/wp-content\/uploads\/2026\/01\/Adam-Hall_1000x1000-1-1.png","contentUrl":"https:\/\/stagezone.hu\/wp-content\/uploads\/2026\/01\/Adam-Hall_1000x1000-1-1.png","width":1000,"height":1000,"caption":"StageZone"},"image":{"@id":"https:\/\/stagezone.hu\/en\/#\/schema\/logo\/image\/"},"sameAs":["https:\/\/www.facebook.com\/stagezonehungary\/","https:\/\/www.instagram.com\/stagezonehungary\/"]}]}},"_links":{"self":[{"href":"https:\/\/stagezone.hu\/en\/wp-json\/wp\/v2\/product\/8842","targetHints":{"allow":["GET"]}}],"collection":[{"href":"https:\/\/stagezone.hu\/en\/wp-json\/wp\/v2\/product"}],"about":[{"href":"https:\/\/stagezone.hu\/en\/wp-json\/wp\/v2\/types\/product"}],"replies":[{"embeddable":true,"href":"https:\/\/stagezone.hu\/en\/wp-json\/wp\/v2\/comments?post=8842"}],"version-history":[{"count":1,"href":"https:\/\/stagezone.hu\/en\/wp-json\/wp\/v2\/product\/8842\/revisions"}],"predecessor-version":[{"id":8846,"href":"https:\/\/stagezone.hu\/en\/wp-json\/wp\/v2\/product\/8842\/revisions\/8846"}],"wp:featuredmedia":[{"embeddable":true,"href":"https:\/\/stagezone.hu\/en\/wp-json\/wp\/v2\/media\/8843"}],"wp:attachment":[{"href":"https:\/\/stagezone.hu\/en\/wp-json\/wp\/v2\/media?parent=8842"}],"wp:term":[{"taxonomy":"product_brand","embeddable":true,"href":"https:\/\/stagezone.hu\/en\/wp-json\/wp\/v2\/product_brand?post=8842"},{"taxonomy":"product_cat","embeddable":true,"href":"https:\/\/stagezone.hu\/en\/wp-json\/wp\/v2\/product_cat?post=8842"},{"taxonomy":"product_tag","embeddable":true,"href":"https:\/\/stagezone.hu\/en\/wp-json\/wp\/v2\/product_tag?post=8842"}],"curies":[{"name":"wp","href":"https:\/\/api.w.org\/{rel}","templated":true}]}}