{"id":8816,"date":"2025-11-18T14:53:43","date_gmt":"2025-11-18T13:53:43","guid":{"rendered":"https:\/\/stagezone.hu\/?post_type=product&#038;p=8816"},"modified":"2026-05-04T19:50:28","modified_gmt":"2026-05-04T18:50:28","slug":"durastage-szinpadkorlat-0-5m","status":"publish","type":"product","link":"https:\/\/stagezone.hu\/en\/product\/durastage-stage-barrier-0-5m\/","title":{"rendered":"DURASTAGE Stage Barrier 0.5m"},"content":{"rendered":"<p><strong>DURASTAGE Stage Barrier 0.5m<\/strong><\/p>\n<p>DURASTAGE Stage Barrier 0.5m is compatible with DURASTAGE 750 <a href=\"https:\/\/stagezone.hu\/termekkategoria\/hardver\/szinpad\/szinpadelem\/\">series<\/a>.<\/p>\n<p><strong>Duratruss<\/strong> products are made from high-quality aluminum and meet the strictest technical standards, such as the German <strong>T\u00dcV<\/strong> regulations. Their 5500 m\u00b2 warehouse capacity allows them to maintain a constant stock, ensuring standard products are always quickly available.<\/p>\n","protected":false},"excerpt":{"rendered":"<p>The DURASTAGE Stage Barrier 0.5m is compatible with the DURASTAGE 750 series. Duratruss products are made from high-quality aluminum and meet strict technical standards.<\/p>\n","protected":false},"featured_media":8817,"comment_status":"open","ping_status":"closed","template":"","meta":[],"product_brand":[],"product_cat":[363,498,536],"product_tag":[484,191],"class_list":{"0":"post-8816","1":"product","2":"type-product","3":"status-publish","4":"has-post-thumbnail","6":"product_cat-hardver","7":"product_cat-szinpad","8":"product_cat-szinpadkorlat","9":"product_tag-duratruss","10":"product_tag-szinpad","12":"first","13":"contact_us","14":"taxable","15":"shipping-taxable","16":"purchasable","17":"product-type-simple"},"yoast_head":"<!-- This site is optimized with the Yoast SEO Premium plugin v27.2 (Yoast SEO v27.2) - https:\/\/yoast.com\/product\/yoast-seo-premium-wordpress\/ -->\n<title>DURASTAGE Stage Barrier 0.5m<\/title>\n<meta name=\"description\" content=\"The DURASTAGE Stage Barrier 0.5m is compatible with the DURASTAGE 750 series. Duratruss products are made from high-quality aluminum and meet strict technical standards.\" \/>\n<meta name=\"robots\" content=\"index, follow, max-snippet:-1, max-image-preview:large, max-video-preview:-1\" \/>\n<link rel=\"canonical\" href=\"http:\/\/The%20DURASTAGE%20Stage%20Barrier%200.5m%20is%20compatible%20with%20the%20DURASTAGE%20750%20series.%20Duratruss%20products%20are%20made%20from%20high-quality%20aluminum%20and%20meet%20strict%20technical%20standards.\" \/>\n<meta property=\"og:locale\" content=\"en_US\" \/>\n<meta property=\"og:type\" content=\"article\" \/>\n<meta property=\"og:title\" content=\"DURASTAGE Stage Barrier 0.5m\" \/>\n<meta property=\"og:description\" content=\"The DURASTAGE Stage Barrier 0.5m is compatible with the DURASTAGE 750 series. Duratruss products are made from high-quality aluminum and meet strict technical standards.\" \/>\n<meta property=\"og:url\" content=\"https:\/\/stagezone.hu\/en\/product\/durastage-stage-barrier-0-5m\/\" \/>\n<meta property=\"og:site_name\" content=\"StageZone\" \/>\n<meta property=\"article:publisher\" content=\"https:\/\/www.facebook.com\/stagezonehungary\/\" \/>\n<meta property=\"article:modified_time\" content=\"2026-05-04T18:50:28+00:00\" \/>\n<meta property=\"og:image\" content=\"https:\/\/stagezone.hu\/wp-content\/uploads\/2025\/11\/Handrail_05.jpg\" \/>\n\t<meta property=\"og:image:width\" content=\"1100\" \/>\n\t<meta property=\"og:image:height\" content=\"1100\" \/>\n\t<meta property=\"og:image:type\" content=\"image\/jpeg\" \/>\n<meta name=\"twitter:card\" content=\"summary_large_image\" \/>\n<meta name=\"twitter:label1\" content=\"Est. reading time\" \/>\n\t<meta name=\"twitter:data1\" content=\"1 minute\" \/>\n<script type=\"application\/ld+json\" class=\"yoast-schema-graph\">{\"@context\":\"https:\/\/schema.org\",\"@graph\":[{\"@type\":\"WebPage\",\"@id\":\"https:\/\/stagezone.hu\/en\/product\/durastage-stage-barrier-0-5m\/\",\"url\":\"https:\/\/stagezone.hu\/en\/product\/durastage-stage-barrier-0-5m\/\",\"name\":\"DURASTAGE Sz\u00ednpadkorl\u00e1t 0.5m - StageZone\",\"isPartOf\":{\"@id\":\"https:\/\/stagezone.hu\/#website\"},\"primaryImageOfPage\":{\"@id\":\"https:\/\/stagezone.hu\/en\/product\/durastage-stage-barrier-0-5m\/#primaryimage\"},\"image\":{\"@id\":\"https:\/\/stagezone.hu\/en\/product\/durastage-stage-barrier-0-5m\/#primaryimage\"},\"thumbnailUrl\":\"https:\/\/stagezone.hu\/wp-content\/uploads\/2025\/11\/Handrail_05.jpg\",\"datePublished\":\"2025-11-18T13:53:43+00:00\",\"dateModified\":\"2026-05-04T18:50:28+00:00\",\"description\":\"DURASTAGE Sz\u00ednpadkorl\u00e1t 0.5m DURASTAGE 750 sz\u00ednpadelemekhez.\",\"breadcrumb\":{\"@id\":\"https:\/\/stagezone.hu\/en\/product\/durastage-stage-barrier-0-5m\/#breadcrumb\"},\"inLanguage\":\"en-US\",\"potentialAction\":[{\"@type\":\"ReadAction\",\"target\":[\"https:\/\/stagezone.hu\/en\/product\/durastage-stage-barrier-0-5m\/\"]}]},{\"@type\":\"ImageObject\",\"inLanguage\":\"en-US\",\"@id\":\"https:\/\/stagezone.hu\/en\/product\/durastage-stage-barrier-0-5m\/#primaryimage\",\"url\":\"https:\/\/stagezone.hu\/wp-content\/uploads\/2025\/11\/Handrail_05.jpg\",\"contentUrl\":\"https:\/\/stagezone.hu\/wp-content\/uploads\/2025\/11\/Handrail_05.jpg\",\"width\":1100,\"height\":1100,\"caption\":\"DURASTAGE Sz\u00ednpadkorl\u00e1t 0,5m\"},{\"@type\":\"BreadcrumbList\",\"@id\":\"https:\/\/stagezone.hu\/en\/product\/durastage-stage-barrier-0-5m\/#breadcrumb\",\"itemListElement\":[{\"@type\":\"ListItem\",\"position\":1,\"name\":\"Kezd\u0151lap\",\"item\":\"https:\/\/stagezone.hu\/\"},{\"@type\":\"ListItem\",\"position\":2,\"name\":\"\u00dczlet\",\"item\":\"https:\/\/stagezone.hu\/uzlet\/\"},{\"@type\":\"ListItem\",\"position\":3,\"name\":\"DURASTAGE Stage Barrier 0.5m\"}]},{\"@type\":\"WebSite\",\"@id\":\"https:\/\/stagezone.hu\/en\/#website\",\"url\":\"https:\/\/stagezone.hu\/en\/\",\"name\":\"StageZone - Ragyogj a Stagezone min\u0151s\u00e9gi f\u00e9nytechnik\u00e1j\u00e1val.\",\"description\":\"StageZone\",\"publisher\":{\"@id\":\"https:\/\/stagezone.hu\/en\/#organization\"},\"potentialAction\":[{\"@type\":\"SearchAction\",\"target\":{\"@type\":\"EntryPoint\",\"urlTemplate\":\"https:\/\/stagezone.hu\/en\/?s={search_term_string}\"},\"query-input\":{\"@type\":\"PropertyValueSpecification\",\"valueRequired\":true,\"valueName\":\"search_term_string\"}}],\"inLanguage\":\"en-US\"},{\"@type\":\"Organization\",\"@id\":\"https:\/\/stagezone.hu\/en\/#organization\",\"name\":\"StageZone\",\"url\":\"https:\/\/stagezone.hu\/en\/\",\"logo\":{\"@type\":\"ImageObject\",\"inLanguage\":\"en-US\",\"@id\":\"https:\/\/stagezone.hu\/en\/#\/schema\/logo\/image\/\",\"url\":\"https:\/\/stagezone.hu\/wp-content\/uploads\/2026\/01\/Adam-Hall_1000x1000-1-1.png\",\"contentUrl\":\"https:\/\/stagezone.hu\/wp-content\/uploads\/2026\/01\/Adam-Hall_1000x1000-1-1.png\",\"width\":1000,\"height\":1000,\"caption\":\"StageZone\"},\"image\":{\"@id\":\"https:\/\/stagezone.hu\/en\/#\/schema\/logo\/image\/\"},\"sameAs\":[\"https:\/\/www.facebook.com\/stagezonehungary\/\",\"https:\/\/www.instagram.com\/stagezonehungary\/\"]}]}<\/script>\n<!-- \/ Yoast SEO Premium plugin. -->","yoast_head_json":{"title":"DURASTAGE Stage Barrier 0.5m","description":"The DURASTAGE Stage Barrier 0.5m is compatible with the DURASTAGE 750 series. Duratruss products are made from high-quality aluminum and meet strict technical standards.","robots":{"index":"index","follow":"follow","max-snippet":"max-snippet:-1","max-image-preview":"max-image-preview:large","max-video-preview":"max-video-preview:-1"},"canonical":"The DURASTAGE Stage Barrier 0.5m is compatible with the DURASTAGE 750 series. Duratruss products are made from high-quality aluminum and meet strict technical standards.","og_locale":"en_US","og_type":"article","og_title":"DURASTAGE Stage Barrier 0.5m","og_description":"The DURASTAGE Stage Barrier 0.5m is compatible with the DURASTAGE 750 series. Duratruss products are made from high-quality aluminum and meet strict technical standards.","og_url":"https:\/\/stagezone.hu\/en\/product\/durastage-stage-barrier-0-5m\/","og_site_name":"StageZone","article_publisher":"https:\/\/www.facebook.com\/stagezonehungary\/","article_modified_time":"2026-05-04T18:50:28+00:00","og_image":[{"width":1100,"height":1100,"url":"https:\/\/stagezone.hu\/wp-content\/uploads\/2025\/11\/Handrail_05.jpg","type":"image\/jpeg"}],"twitter_card":"summary_large_image","twitter_misc":{"Est. reading time":"1 minute"},"schema":{"@context":"https:\/\/schema.org","@graph":[{"@type":"WebPage","@id":"https:\/\/stagezone.hu\/en\/product\/durastage-stage-barrier-0-5m\/","url":"https:\/\/stagezone.hu\/en\/product\/durastage-stage-barrier-0-5m\/","name":"DURASTAGE Sz\u00ednpadkorl\u00e1t 0.5m - StageZone","isPartOf":{"@id":"https:\/\/stagezone.hu\/#website"},"primaryImageOfPage":{"@id":"https:\/\/stagezone.hu\/en\/product\/durastage-stage-barrier-0-5m\/#primaryimage"},"image":{"@id":"https:\/\/stagezone.hu\/en\/product\/durastage-stage-barrier-0-5m\/#primaryimage"},"thumbnailUrl":"https:\/\/stagezone.hu\/wp-content\/uploads\/2025\/11\/Handrail_05.jpg","datePublished":"2025-11-18T13:53:43+00:00","dateModified":"2026-05-04T18:50:28+00:00","description":"DURASTAGE Sz\u00ednpadkorl\u00e1t 0.5m DURASTAGE 750 sz\u00ednpadelemekhez.","breadcrumb":{"@id":"https:\/\/stagezone.hu\/en\/product\/durastage-stage-barrier-0-5m\/#breadcrumb"},"inLanguage":"en-US","potentialAction":[{"@type":"ReadAction","target":["https:\/\/stagezone.hu\/en\/product\/durastage-stage-barrier-0-5m\/"]}]},{"@type":"ImageObject","inLanguage":"en-US","@id":"https:\/\/stagezone.hu\/en\/product\/durastage-stage-barrier-0-5m\/#primaryimage","url":"https:\/\/stagezone.hu\/wp-content\/uploads\/2025\/11\/Handrail_05.jpg","contentUrl":"https:\/\/stagezone.hu\/wp-content\/uploads\/2025\/11\/Handrail_05.jpg","width":1100,"height":1100,"caption":"DURASTAGE Sz\u00ednpadkorl\u00e1t 0,5m"},{"@type":"BreadcrumbList","@id":"https:\/\/stagezone.hu\/en\/product\/durastage-stage-barrier-0-5m\/#breadcrumb","itemListElement":[{"@type":"ListItem","position":1,"name":"Kezd\u0151lap","item":"https:\/\/stagezone.hu\/"},{"@type":"ListItem","position":2,"name":"\u00dczlet","item":"https:\/\/stagezone.hu\/uzlet\/"},{"@type":"ListItem","position":3,"name":"DURASTAGE Stage Barrier 0.5m"}]},{"@type":"WebSite","@id":"https:\/\/stagezone.hu\/en\/#website","url":"https:\/\/stagezone.hu\/en\/","name":"StageZone - Ragyogj a Stagezone min\u0151s\u00e9gi f\u00e9nytechnik\u00e1j\u00e1val.","description":"StageZone","publisher":{"@id":"https:\/\/stagezone.hu\/en\/#organization"},"potentialAction":[{"@type":"SearchAction","target":{"@type":"EntryPoint","urlTemplate":"https:\/\/stagezone.hu\/en\/?s={search_term_string}"},"query-input":{"@type":"PropertyValueSpecification","valueRequired":true,"valueName":"search_term_string"}}],"inLanguage":"en-US"},{"@type":"Organization","@id":"https:\/\/stagezone.hu\/en\/#organization","name":"StageZone","url":"https:\/\/stagezone.hu\/en\/","logo":{"@type":"ImageObject","inLanguage":"en-US","@id":"https:\/\/stagezone.hu\/en\/#\/schema\/logo\/image\/","url":"https:\/\/stagezone.hu\/wp-content\/uploads\/2026\/01\/Adam-Hall_1000x1000-1-1.png","contentUrl":"https:\/\/stagezone.hu\/wp-content\/uploads\/2026\/01\/Adam-Hall_1000x1000-1-1.png","width":1000,"height":1000,"caption":"StageZone"},"image":{"@id":"https:\/\/stagezone.hu\/en\/#\/schema\/logo\/image\/"},"sameAs":["https:\/\/www.facebook.com\/stagezonehungary\/","https:\/\/www.instagram.com\/stagezonehungary\/"]}]}},"_links":{"self":[{"href":"https:\/\/stagezone.hu\/en\/wp-json\/wp\/v2\/product\/8816","targetHints":{"allow":["GET"]}}],"collection":[{"href":"https:\/\/stagezone.hu\/en\/wp-json\/wp\/v2\/product"}],"about":[{"href":"https:\/\/stagezone.hu\/en\/wp-json\/wp\/v2\/types\/product"}],"replies":[{"embeddable":true,"href":"https:\/\/stagezone.hu\/en\/wp-json\/wp\/v2\/comments?post=8816"}],"version-history":[{"count":2,"href":"https:\/\/stagezone.hu\/en\/wp-json\/wp\/v2\/product\/8816\/revisions"}],"predecessor-version":[{"id":10245,"href":"https:\/\/stagezone.hu\/en\/wp-json\/wp\/v2\/product\/8816\/revisions\/10245"}],"wp:featuredmedia":[{"embeddable":true,"href":"https:\/\/stagezone.hu\/en\/wp-json\/wp\/v2\/media\/8817"}],"wp:attachment":[{"href":"https:\/\/stagezone.hu\/en\/wp-json\/wp\/v2\/media?parent=8816"}],"wp:term":[{"taxonomy":"product_brand","embeddable":true,"href":"https:\/\/stagezone.hu\/en\/wp-json\/wp\/v2\/product_brand?post=8816"},{"taxonomy":"product_cat","embeddable":true,"href":"https:\/\/stagezone.hu\/en\/wp-json\/wp\/v2\/product_cat?post=8816"},{"taxonomy":"product_tag","embeddable":true,"href":"https:\/\/stagezone.hu\/en\/wp-json\/wp\/v2\/product_tag?post=8816"}],"curies":[{"name":"wp","href":"https:\/\/api.w.org\/{rel}","templated":true}]}}