{"id":881,"date":"2024-05-14T11:11:36","date_gmt":"2024-05-14T11:11:36","guid":{"rendered":"https:\/\/stagezone.hu\/?post_type=product&#038;p=881"},"modified":"2026-05-04T19:57:57","modified_gmt":"2026-05-04T18:57:57","slug":"stagezone-mini-led-beam-spider-8x6w","status":"publish","type":"product","link":"https:\/\/stagezone.hu\/en\/product\/shehds-mini-led-spider-light-8x6w-rgbw\/","title":{"rendered":"SHEHDS Mini LED Spider Light 8x6W RGBW"},"content":{"rendered":"<p><strong>SHEHDS Mini Led Spider &#8211; 8x6W RGBW<\/strong><\/p>\n<ul>\n<li>Power Supply: AC 100-240 V, 50\/60 Hz<\/li>\n<li>Power Consumption: 48W<\/li>\n<li>LEDs: Red 6W\/Green 6w\/Blue 6W\/White 6W<\/li>\n<li>DMX Channels: 7\/15 CH<\/li>\n<li>Strobe: 0-10 Hz<\/li>\n<li>Connectors: Powercon, DMX 3 pin<\/li>\n<li>Modes: DMX 512\/Auto\/Sound<\/li>\n<\/ul>\n<p>Shehds, founded in 2015, specializes in stage lighting equipment. Their products offer reliable quality and material usage, suitable for various applications. They hold CE, ROHS, UL, FCC, TP, TC, SAA, and other safety certifications. The brand has become a trusted name in the lighting industry.<\/p>\n","protected":false},"excerpt":{"rendered":"<p>The SHEHDS Mini LED Spider features 8x6W RGBW LEDs and supports DMX 512, Auto, and Sound modes.<\/p>\n","protected":false},"featured_media":9222,"comment_status":"closed","ping_status":"closed","template":"","meta":[],"product_brand":[],"product_cat":[168,166],"product_tag":[197,391,209],"class_list":{"0":"post-881","1":"product","2":"type-product","3":"status-publish","4":"has-post-thumbnail","6":"product_cat-beam-lampa","7":"product_cat-robotlampa","8":"product_tag-robotlampa","9":"product_tag-spider","10":"product_tag-stagezone","12":"first","13":"instock","14":"taxable","15":"shipping-taxable","16":"purchasable","17":"product-type-simple"},"yoast_head":"<!-- This site is optimized with the Yoast SEO Premium plugin v27.2 (Yoast SEO v27.2) - https:\/\/yoast.com\/product\/yoast-seo-premium-wordpress\/ -->\n<title>SHEHDS Mini LED Spider Light 8x6W RGBW<\/title>\n<meta name=\"description\" content=\"The SHEHDS Mini LED Spider features 8x6W RGBW LEDs and supports DMX 512, Auto, and Sound modes.\" \/>\n<meta name=\"robots\" content=\"index, follow, max-snippet:-1, max-image-preview:large, max-video-preview:-1\" \/>\n<link rel=\"canonical\" href=\"http:\/\/The%20SHEHDS%20Mini%20LED%20Spider%20features%208x6W%20RGBW%20LEDs%20and%20supports%20DMX%20512,%20Auto,%20and%20Sound%20modes.\" \/>\n<meta property=\"og:locale\" content=\"en_US\" \/>\n<meta property=\"og:type\" content=\"article\" \/>\n<meta property=\"og:title\" content=\"SHEHDS Mini LED Spider Light 8x6W RGBW\" \/>\n<meta property=\"og:description\" content=\"The SHEHDS Mini LED Spider features 8x6W RGBW LEDs and supports DMX 512, Auto, and Sound modes.\" \/>\n<meta property=\"og:url\" content=\"https:\/\/stagezone.hu\/en\/product\/shehds-mini-led-spider-light-8x6w-rgbw\/\" \/>\n<meta property=\"og:site_name\" content=\"StageZone\" \/>\n<meta property=\"article:publisher\" content=\"https:\/\/www.facebook.com\/stagezonehungary\/\" \/>\n<meta property=\"article:modified_time\" content=\"2026-05-04T18:57:57+00:00\" \/>\n<meta property=\"og:image\" content=\"https:\/\/stagezone.hu\/wp-content\/uploads\/2024\/05\/1-31.png\" \/>\n\t<meta property=\"og:image:width\" content=\"1000\" \/>\n\t<meta property=\"og:image:height\" content=\"1000\" \/>\n\t<meta property=\"og:image:type\" content=\"image\/png\" \/>\n<meta name=\"twitter:card\" content=\"summary_large_image\" \/>\n<meta name=\"twitter:label1\" content=\"Est. reading time\" \/>\n\t<meta name=\"twitter:data1\" content=\"1 minute\" \/>\n<script type=\"application\/ld+json\" class=\"yoast-schema-graph\">{\"@context\":\"https:\/\/schema.org\",\"@graph\":[{\"@type\":\"WebPage\",\"@id\":\"https:\/\/stagezone.hu\/en\/product\/shehds-mini-led-spider-light-8x6w-rgbw\/\",\"url\":\"https:\/\/stagezone.hu\/en\/product\/shehds-mini-led-spider-light-8x6w-rgbw\/\",\"name\":\"SHEHDS Mini Led Spider - StageZone\",\"isPartOf\":{\"@id\":\"https:\/\/stagezone.hu\/#website\"},\"primaryImageOfPage\":{\"@id\":\"https:\/\/stagezone.hu\/en\/product\/shehds-mini-led-spider-light-8x6w-rgbw\/#primaryimage\"},\"image\":{\"@id\":\"https:\/\/stagezone.hu\/en\/product\/shehds-mini-led-spider-light-8x6w-rgbw\/#primaryimage\"},\"thumbnailUrl\":\"https:\/\/stagezone.hu\/wp-content\/uploads\/2024\/05\/1-31.png\",\"datePublished\":\"2024-05-14T11:11:36+00:00\",\"dateModified\":\"2026-05-04T18:57:57+00:00\",\"description\":\"SHEHDS Mini Led Spider k\u00e9t karos beam robotl\u00e1mpa RGBW ledekkel. Otthoni \u00e9s hobbi felhaszn\u00e1l\u00e1sra, vertik\u00e1lis \u00e9s horizont\u00e1lis telep\u00edt\u00e9sre.\",\"breadcrumb\":{\"@id\":\"https:\/\/stagezone.hu\/en\/product\/shehds-mini-led-spider-light-8x6w-rgbw\/#breadcrumb\"},\"inLanguage\":\"en-US\",\"potentialAction\":[{\"@type\":\"ReadAction\",\"target\":[\"https:\/\/stagezone.hu\/en\/product\/shehds-mini-led-spider-light-8x6w-rgbw\/\"]}]},{\"@type\":\"ImageObject\",\"inLanguage\":\"en-US\",\"@id\":\"https:\/\/stagezone.hu\/en\/product\/shehds-mini-led-spider-light-8x6w-rgbw\/#primaryimage\",\"url\":\"https:\/\/stagezone.hu\/wp-content\/uploads\/2024\/05\/1-31.png\",\"contentUrl\":\"https:\/\/stagezone.hu\/wp-content\/uploads\/2024\/05\/1-31.png\",\"width\":1000,\"height\":1000,\"caption\":\"SHEHDS Mini Led Spider\"},{\"@type\":\"BreadcrumbList\",\"@id\":\"https:\/\/stagezone.hu\/en\/product\/shehds-mini-led-spider-light-8x6w-rgbw\/#breadcrumb\",\"itemListElement\":[{\"@type\":\"ListItem\",\"position\":1,\"name\":\"Kezd\u0151lap\",\"item\":\"https:\/\/stagezone.hu\/\"},{\"@type\":\"ListItem\",\"position\":2,\"name\":\"\u00dczlet\",\"item\":\"https:\/\/stagezone.hu\/uzlet\/\"},{\"@type\":\"ListItem\",\"position\":3,\"name\":\"SHEHDS Mini LED Spider Light 8x6W RGBW\"}]},{\"@type\":\"WebSite\",\"@id\":\"https:\/\/stagezone.hu\/en\/#website\",\"url\":\"https:\/\/stagezone.hu\/en\/\",\"name\":\"StageZone - Ragyogj a Stagezone min\u0151s\u00e9gi f\u00e9nytechnik\u00e1j\u00e1val.\",\"description\":\"StageZone\",\"publisher\":{\"@id\":\"https:\/\/stagezone.hu\/en\/#organization\"},\"potentialAction\":[{\"@type\":\"SearchAction\",\"target\":{\"@type\":\"EntryPoint\",\"urlTemplate\":\"https:\/\/stagezone.hu\/en\/?s={search_term_string}\"},\"query-input\":{\"@type\":\"PropertyValueSpecification\",\"valueRequired\":true,\"valueName\":\"search_term_string\"}}],\"inLanguage\":\"en-US\"},{\"@type\":\"Organization\",\"@id\":\"https:\/\/stagezone.hu\/en\/#organization\",\"name\":\"StageZone\",\"url\":\"https:\/\/stagezone.hu\/en\/\",\"logo\":{\"@type\":\"ImageObject\",\"inLanguage\":\"en-US\",\"@id\":\"https:\/\/stagezone.hu\/en\/#\/schema\/logo\/image\/\",\"url\":\"https:\/\/stagezone.hu\/wp-content\/uploads\/2026\/01\/Adam-Hall_1000x1000-1-1.png\",\"contentUrl\":\"https:\/\/stagezone.hu\/wp-content\/uploads\/2026\/01\/Adam-Hall_1000x1000-1-1.png\",\"width\":1000,\"height\":1000,\"caption\":\"StageZone\"},\"image\":{\"@id\":\"https:\/\/stagezone.hu\/en\/#\/schema\/logo\/image\/\"},\"sameAs\":[\"https:\/\/www.facebook.com\/stagezonehungary\/\",\"https:\/\/www.instagram.com\/stagezonehungary\/\"]}]}<\/script>\n<!-- \/ Yoast SEO Premium plugin. -->","yoast_head_json":{"title":"SHEHDS Mini LED Spider Light 8x6W RGBW","description":"The SHEHDS Mini LED Spider features 8x6W RGBW LEDs and supports DMX 512, Auto, and Sound modes.","robots":{"index":"index","follow":"follow","max-snippet":"max-snippet:-1","max-image-preview":"max-image-preview:large","max-video-preview":"max-video-preview:-1"},"canonical":"The SHEHDS Mini LED Spider features 8x6W RGBW LEDs and supports DMX 512, Auto, and Sound modes.","og_locale":"en_US","og_type":"article","og_title":"SHEHDS Mini LED Spider Light 8x6W RGBW","og_description":"The SHEHDS Mini LED Spider features 8x6W RGBW LEDs and supports DMX 512, Auto, and Sound modes.","og_url":"https:\/\/stagezone.hu\/en\/product\/shehds-mini-led-spider-light-8x6w-rgbw\/","og_site_name":"StageZone","article_publisher":"https:\/\/www.facebook.com\/stagezonehungary\/","article_modified_time":"2026-05-04T18:57:57+00:00","og_image":[{"width":1000,"height":1000,"url":"https:\/\/stagezone.hu\/wp-content\/uploads\/2024\/05\/1-31.png","type":"image\/png"}],"twitter_card":"summary_large_image","twitter_misc":{"Est. reading time":"1 minute"},"schema":{"@context":"https:\/\/schema.org","@graph":[{"@type":"WebPage","@id":"https:\/\/stagezone.hu\/en\/product\/shehds-mini-led-spider-light-8x6w-rgbw\/","url":"https:\/\/stagezone.hu\/en\/product\/shehds-mini-led-spider-light-8x6w-rgbw\/","name":"SHEHDS Mini Led Spider - StageZone","isPartOf":{"@id":"https:\/\/stagezone.hu\/#website"},"primaryImageOfPage":{"@id":"https:\/\/stagezone.hu\/en\/product\/shehds-mini-led-spider-light-8x6w-rgbw\/#primaryimage"},"image":{"@id":"https:\/\/stagezone.hu\/en\/product\/shehds-mini-led-spider-light-8x6w-rgbw\/#primaryimage"},"thumbnailUrl":"https:\/\/stagezone.hu\/wp-content\/uploads\/2024\/05\/1-31.png","datePublished":"2024-05-14T11:11:36+00:00","dateModified":"2026-05-04T18:57:57+00:00","description":"SHEHDS Mini Led Spider k\u00e9t karos beam robotl\u00e1mpa RGBW ledekkel. Otthoni \u00e9s hobbi felhaszn\u00e1l\u00e1sra, vertik\u00e1lis \u00e9s horizont\u00e1lis telep\u00edt\u00e9sre.","breadcrumb":{"@id":"https:\/\/stagezone.hu\/en\/product\/shehds-mini-led-spider-light-8x6w-rgbw\/#breadcrumb"},"inLanguage":"en-US","potentialAction":[{"@type":"ReadAction","target":["https:\/\/stagezone.hu\/en\/product\/shehds-mini-led-spider-light-8x6w-rgbw\/"]}]},{"@type":"ImageObject","inLanguage":"en-US","@id":"https:\/\/stagezone.hu\/en\/product\/shehds-mini-led-spider-light-8x6w-rgbw\/#primaryimage","url":"https:\/\/stagezone.hu\/wp-content\/uploads\/2024\/05\/1-31.png","contentUrl":"https:\/\/stagezone.hu\/wp-content\/uploads\/2024\/05\/1-31.png","width":1000,"height":1000,"caption":"SHEHDS Mini Led Spider"},{"@type":"BreadcrumbList","@id":"https:\/\/stagezone.hu\/en\/product\/shehds-mini-led-spider-light-8x6w-rgbw\/#breadcrumb","itemListElement":[{"@type":"ListItem","position":1,"name":"Kezd\u0151lap","item":"https:\/\/stagezone.hu\/"},{"@type":"ListItem","position":2,"name":"\u00dczlet","item":"https:\/\/stagezone.hu\/uzlet\/"},{"@type":"ListItem","position":3,"name":"SHEHDS Mini LED Spider Light 8x6W RGBW"}]},{"@type":"WebSite","@id":"https:\/\/stagezone.hu\/en\/#website","url":"https:\/\/stagezone.hu\/en\/","name":"StageZone - Ragyogj a Stagezone min\u0151s\u00e9gi f\u00e9nytechnik\u00e1j\u00e1val.","description":"StageZone","publisher":{"@id":"https:\/\/stagezone.hu\/en\/#organization"},"potentialAction":[{"@type":"SearchAction","target":{"@type":"EntryPoint","urlTemplate":"https:\/\/stagezone.hu\/en\/?s={search_term_string}"},"query-input":{"@type":"PropertyValueSpecification","valueRequired":true,"valueName":"search_term_string"}}],"inLanguage":"en-US"},{"@type":"Organization","@id":"https:\/\/stagezone.hu\/en\/#organization","name":"StageZone","url":"https:\/\/stagezone.hu\/en\/","logo":{"@type":"ImageObject","inLanguage":"en-US","@id":"https:\/\/stagezone.hu\/en\/#\/schema\/logo\/image\/","url":"https:\/\/stagezone.hu\/wp-content\/uploads\/2026\/01\/Adam-Hall_1000x1000-1-1.png","contentUrl":"https:\/\/stagezone.hu\/wp-content\/uploads\/2026\/01\/Adam-Hall_1000x1000-1-1.png","width":1000,"height":1000,"caption":"StageZone"},"image":{"@id":"https:\/\/stagezone.hu\/en\/#\/schema\/logo\/image\/"},"sameAs":["https:\/\/www.facebook.com\/stagezonehungary\/","https:\/\/www.instagram.com\/stagezonehungary\/"]}]}},"_links":{"self":[{"href":"https:\/\/stagezone.hu\/en\/wp-json\/wp\/v2\/product\/881","targetHints":{"allow":["GET"]}}],"collection":[{"href":"https:\/\/stagezone.hu\/en\/wp-json\/wp\/v2\/product"}],"about":[{"href":"https:\/\/stagezone.hu\/en\/wp-json\/wp\/v2\/types\/product"}],"replies":[{"embeddable":true,"href":"https:\/\/stagezone.hu\/en\/wp-json\/wp\/v2\/comments?post=881"}],"version-history":[{"count":6,"href":"https:\/\/stagezone.hu\/en\/wp-json\/wp\/v2\/product\/881\/revisions"}],"predecessor-version":[{"id":10350,"href":"https:\/\/stagezone.hu\/en\/wp-json\/wp\/v2\/product\/881\/revisions\/10350"}],"wp:featuredmedia":[{"embeddable":true,"href":"https:\/\/stagezone.hu\/en\/wp-json\/wp\/v2\/media\/9222"}],"wp:attachment":[{"href":"https:\/\/stagezone.hu\/en\/wp-json\/wp\/v2\/media?parent=881"}],"wp:term":[{"taxonomy":"product_brand","embeddable":true,"href":"https:\/\/stagezone.hu\/en\/wp-json\/wp\/v2\/product_brand?post=881"},{"taxonomy":"product_cat","embeddable":true,"href":"https:\/\/stagezone.hu\/en\/wp-json\/wp\/v2\/product_cat?post=881"},{"taxonomy":"product_tag","embeddable":true,"href":"https:\/\/stagezone.hu\/en\/wp-json\/wp\/v2\/product_tag?post=881"}],"curies":[{"name":"wp","href":"https:\/\/api.w.org\/{rel}","templated":true}]}}