{"id":877,"date":"2024-05-14T11:11:36","date_gmt":"2024-05-14T11:11:36","guid":{"rendered":"https:\/\/stagezone.hu\/?post_type=product&#038;p=877"},"modified":"2026-05-04T19:57:59","modified_gmt":"2026-05-04T18:57:59","slug":"stagezone-bee-eye-beam-19x20w","status":"publish","type":"product","link":"https:\/\/stagezone.hu\/en\/product\/shehds-beeeye-beam-19x20-zoom-wash-light\/","title":{"rendered":"SHEHDS BeeEye Beam 19x20 Zoom Wash Light"},"content":{"rendered":"<p><strong>SHEHDS BeeEye Beam 19&#215;20 &#8211; 19x20W RGBW<\/strong><\/p>\n<p>SHEHDS BeeEye Beam 19&#215;20 zoom wash moving head light with rotary disk. An excellent choice for stages and theaters.<\/p>\n<ul>\n<li>Power Supply: AC 100-240 V, 50\/60 Hz<\/li>\n<li>Power Consumption: 500W<\/li>\n<li>DMX Channels: 23\/25\/101 CH<\/li>\n<li>Beam Angle: 4-45\u00b0<\/li>\n<li>Linear CTO<\/li>\n<li>Color Temperature: 2800 &#8211; 8500 K<\/li>\n<li>Strobe: 0-25 Hz<\/li>\n<li>Connectors: Powercon, DMX 3 pin<\/li>\n<li>IP Rating: IP20<\/li>\n<li>Mounting: Quick-release omega bracket<\/li>\n<li>Control Modes: DMX 512\/Auto\/Sound<\/li>\n<\/ul>\n<p>Shehds, founded in 2015, is a company specializing in stage lighting equipment. Their products offer reliable quality and materials, suitable for various applications. They hold CE, ROHS, UL, FCC, TP, TC, SAA, and other safety certifications. The brand has become a trusted name in the lighting technology segment.<\/p>\n","protected":false},"excerpt":{"rendered":"<p>19x20W RGBW, 4-45\u00b0 zoom, linear CTO.<\/p>\n","protected":false},"featured_media":9731,"comment_status":"closed","ping_status":"closed","template":"","meta":[],"product_brand":[],"product_cat":[456,166],"product_tag":[212,210,211],"class_list":{"0":"post-877","1":"product","2":"type-product","3":"status-publish","4":"has-post-thumbnail","6":"product_cat-hybrid-lampak","7":"product_cat-robotlampa","8":"product_tag-bee-eye","9":"product_tag-wash","10":"product_tag-zoom","12":"first","13":"contact_us","14":"downloadable","15":"taxable","16":"shipping-taxable","17":"purchasable","18":"product-type-simple"},"yoast_head":"<!-- This site is optimized with the Yoast SEO Premium plugin v27.2 (Yoast SEO v27.2) - https:\/\/yoast.com\/product\/yoast-seo-premium-wordpress\/ -->\n<title>SHEHDS BeeEye Beam 19x20 Zoom Wash Light<\/title>\n<meta name=\"description\" content=\"19x20W RGBW, 4-45\u00b0 zoom, linear CTO.\" \/>\n<meta name=\"robots\" content=\"index, follow, max-snippet:-1, max-image-preview:large, max-video-preview:-1\" \/>\n<link rel=\"canonical\" href=\"http:\/\/19x20W%20RGBW,%204-45\u00b0%20zoom,%20linear%20CTO.\" \/>\n<meta property=\"og:locale\" content=\"en_US\" \/>\n<meta property=\"og:type\" content=\"article\" \/>\n<meta property=\"og:title\" content=\"SHEHDS BeeEye Beam 19x20 Zoom Wash Light\" \/>\n<meta property=\"og:description\" content=\"19x20W RGBW, 4-45\u00b0 zoom, linear CTO.\" \/>\n<meta property=\"og:url\" content=\"https:\/\/stagezone.hu\/en\/product\/shehds-beeeye-beam-19x20-zoom-wash-light\/\" \/>\n<meta property=\"og:site_name\" content=\"StageZone\" \/>\n<meta property=\"article:publisher\" content=\"https:\/\/www.facebook.com\/stagezonehungary\/\" \/>\n<meta property=\"article:modified_time\" content=\"2026-05-04T18:57:59+00:00\" \/>\n<meta property=\"og:image\" content=\"https:\/\/stagezone.hu\/wp-content\/uploads\/2024\/05\/MG_3611_1-\u62f7\u8d1d.jpg\" \/>\n\t<meta property=\"og:image:width\" content=\"1000\" \/>\n\t<meta property=\"og:image:height\" content=\"1000\" \/>\n\t<meta property=\"og:image:type\" content=\"image\/jpeg\" \/>\n<meta name=\"twitter:card\" content=\"summary_large_image\" \/>\n<meta name=\"twitter:label1\" content=\"Est. reading time\" \/>\n\t<meta name=\"twitter:data1\" content=\"1 minute\" \/>\n<script type=\"application\/ld+json\" class=\"yoast-schema-graph\">{\"@context\":\"https:\/\/schema.org\",\"@graph\":[{\"@type\":\"WebPage\",\"@id\":\"https:\/\/stagezone.hu\/en\/product\/shehds-beeeye-beam-19x20-zoom-wash-light\/\",\"url\":\"https:\/\/stagezone.hu\/en\/product\/shehds-beeeye-beam-19x20-zoom-wash-light\/\",\"name\":\"SHEHDS BeeEye Beam 19x20 - StageZone\",\"isPartOf\":{\"@id\":\"https:\/\/stagezone.hu\/#website\"},\"primaryImageOfPage\":{\"@id\":\"https:\/\/stagezone.hu\/en\/product\/shehds-beeeye-beam-19x20-zoom-wash-light\/#primaryimage\"},\"image\":{\"@id\":\"https:\/\/stagezone.hu\/en\/product\/shehds-beeeye-beam-19x20-zoom-wash-light\/#primaryimage\"},\"thumbnailUrl\":\"https:\/\/stagezone.hu\/wp-content\/uploads\/2024\/05\/MG_3611_1-\u62f7\u8d1d.jpg\",\"datePublished\":\"2024-05-14T11:11:36+00:00\",\"dateModified\":\"2026-05-04T18:57:59+00:00\",\"description\":\"SHEHDS BeeEye Beam 19x20 zoom wash robotl\u00e1mpa RGBW ledekkel, maximum 45\u00b0-os nyit\u00e1si sz\u00f6ggel \u00e9s rot\u00e1ci\u00f3s t\u00e1rcs\u00e1val.\",\"breadcrumb\":{\"@id\":\"https:\/\/stagezone.hu\/en\/product\/shehds-beeeye-beam-19x20-zoom-wash-light\/#breadcrumb\"},\"inLanguage\":\"en-US\",\"potentialAction\":[{\"@type\":\"ReadAction\",\"target\":[\"https:\/\/stagezone.hu\/en\/product\/shehds-beeeye-beam-19x20-zoom-wash-light\/\"]}]},{\"@type\":\"ImageObject\",\"inLanguage\":\"en-US\",\"@id\":\"https:\/\/stagezone.hu\/en\/product\/shehds-beeeye-beam-19x20-zoom-wash-light\/#primaryimage\",\"url\":\"https:\/\/stagezone.hu\/wp-content\/uploads\/2024\/05\/MG_3611_1-\u62f7\u8d1d.jpg\",\"contentUrl\":\"https:\/\/stagezone.hu\/wp-content\/uploads\/2024\/05\/MG_3611_1-\u62f7\u8d1d.jpg\",\"width\":1000,\"height\":1000,\"caption\":\"SHEHDS BeeEye Beam 19x20\"},{\"@type\":\"BreadcrumbList\",\"@id\":\"https:\/\/stagezone.hu\/en\/product\/shehds-beeeye-beam-19x20-zoom-wash-light\/#breadcrumb\",\"itemListElement\":[{\"@type\":\"ListItem\",\"position\":1,\"name\":\"Kezd\u0151lap\",\"item\":\"https:\/\/stagezone.hu\/\"},{\"@type\":\"ListItem\",\"position\":2,\"name\":\"\u00dczlet\",\"item\":\"https:\/\/stagezone.hu\/uzlet\/\"},{\"@type\":\"ListItem\",\"position\":3,\"name\":\"SHEHDS BeeEye Beam 19x20 Zoom Wash Light\"}]},{\"@type\":\"WebSite\",\"@id\":\"https:\/\/stagezone.hu\/en\/#website\",\"url\":\"https:\/\/stagezone.hu\/en\/\",\"name\":\"StageZone - Ragyogj a Stagezone min\u0151s\u00e9gi f\u00e9nytechnik\u00e1j\u00e1val.\",\"description\":\"StageZone\",\"publisher\":{\"@id\":\"https:\/\/stagezone.hu\/en\/#organization\"},\"potentialAction\":[{\"@type\":\"SearchAction\",\"target\":{\"@type\":\"EntryPoint\",\"urlTemplate\":\"https:\/\/stagezone.hu\/en\/?s={search_term_string}\"},\"query-input\":{\"@type\":\"PropertyValueSpecification\",\"valueRequired\":true,\"valueName\":\"search_term_string\"}}],\"inLanguage\":\"en-US\"},{\"@type\":\"Organization\",\"@id\":\"https:\/\/stagezone.hu\/en\/#organization\",\"name\":\"StageZone\",\"url\":\"https:\/\/stagezone.hu\/en\/\",\"logo\":{\"@type\":\"ImageObject\",\"inLanguage\":\"en-US\",\"@id\":\"https:\/\/stagezone.hu\/en\/#\/schema\/logo\/image\/\",\"url\":\"https:\/\/stagezone.hu\/wp-content\/uploads\/2026\/01\/Adam-Hall_1000x1000-1-1.png\",\"contentUrl\":\"https:\/\/stagezone.hu\/wp-content\/uploads\/2026\/01\/Adam-Hall_1000x1000-1-1.png\",\"width\":1000,\"height\":1000,\"caption\":\"StageZone\"},\"image\":{\"@id\":\"https:\/\/stagezone.hu\/en\/#\/schema\/logo\/image\/\"},\"sameAs\":[\"https:\/\/www.facebook.com\/stagezonehungary\/\",\"https:\/\/www.instagram.com\/stagezonehungary\/\"]}]}<\/script>\n<!-- \/ Yoast SEO Premium plugin. -->","yoast_head_json":{"title":"SHEHDS BeeEye Beam 19x20 Zoom Wash Light","description":"19x20W RGBW, 4-45\u00b0 zoom, linear CTO.","robots":{"index":"index","follow":"follow","max-snippet":"max-snippet:-1","max-image-preview":"max-image-preview:large","max-video-preview":"max-video-preview:-1"},"canonical":"19x20W RGBW, 4-45\u00b0 zoom, linear CTO.","og_locale":"en_US","og_type":"article","og_title":"SHEHDS BeeEye Beam 19x20 Zoom Wash Light","og_description":"19x20W RGBW, 4-45\u00b0 zoom, linear CTO.","og_url":"https:\/\/stagezone.hu\/en\/product\/shehds-beeeye-beam-19x20-zoom-wash-light\/","og_site_name":"StageZone","article_publisher":"https:\/\/www.facebook.com\/stagezonehungary\/","article_modified_time":"2026-05-04T18:57:59+00:00","og_image":[{"width":1000,"height":1000,"url":"https:\/\/stagezone.hu\/wp-content\/uploads\/2024\/05\/MG_3611_1-\u62f7\u8d1d.jpg","type":"image\/jpeg"}],"twitter_card":"summary_large_image","twitter_misc":{"Est. reading time":"1 minute"},"schema":{"@context":"https:\/\/schema.org","@graph":[{"@type":"WebPage","@id":"https:\/\/stagezone.hu\/en\/product\/shehds-beeeye-beam-19x20-zoom-wash-light\/","url":"https:\/\/stagezone.hu\/en\/product\/shehds-beeeye-beam-19x20-zoom-wash-light\/","name":"SHEHDS BeeEye Beam 19x20 - StageZone","isPartOf":{"@id":"https:\/\/stagezone.hu\/#website"},"primaryImageOfPage":{"@id":"https:\/\/stagezone.hu\/en\/product\/shehds-beeeye-beam-19x20-zoom-wash-light\/#primaryimage"},"image":{"@id":"https:\/\/stagezone.hu\/en\/product\/shehds-beeeye-beam-19x20-zoom-wash-light\/#primaryimage"},"thumbnailUrl":"https:\/\/stagezone.hu\/wp-content\/uploads\/2024\/05\/MG_3611_1-\u62f7\u8d1d.jpg","datePublished":"2024-05-14T11:11:36+00:00","dateModified":"2026-05-04T18:57:59+00:00","description":"SHEHDS BeeEye Beam 19x20 zoom wash robotl\u00e1mpa RGBW ledekkel, maximum 45\u00b0-os nyit\u00e1si sz\u00f6ggel \u00e9s rot\u00e1ci\u00f3s t\u00e1rcs\u00e1val.","breadcrumb":{"@id":"https:\/\/stagezone.hu\/en\/product\/shehds-beeeye-beam-19x20-zoom-wash-light\/#breadcrumb"},"inLanguage":"en-US","potentialAction":[{"@type":"ReadAction","target":["https:\/\/stagezone.hu\/en\/product\/shehds-beeeye-beam-19x20-zoom-wash-light\/"]}]},{"@type":"ImageObject","inLanguage":"en-US","@id":"https:\/\/stagezone.hu\/en\/product\/shehds-beeeye-beam-19x20-zoom-wash-light\/#primaryimage","url":"https:\/\/stagezone.hu\/wp-content\/uploads\/2024\/05\/MG_3611_1-\u62f7\u8d1d.jpg","contentUrl":"https:\/\/stagezone.hu\/wp-content\/uploads\/2024\/05\/MG_3611_1-\u62f7\u8d1d.jpg","width":1000,"height":1000,"caption":"SHEHDS BeeEye Beam 19x20"},{"@type":"BreadcrumbList","@id":"https:\/\/stagezone.hu\/en\/product\/shehds-beeeye-beam-19x20-zoom-wash-light\/#breadcrumb","itemListElement":[{"@type":"ListItem","position":1,"name":"Kezd\u0151lap","item":"https:\/\/stagezone.hu\/"},{"@type":"ListItem","position":2,"name":"\u00dczlet","item":"https:\/\/stagezone.hu\/uzlet\/"},{"@type":"ListItem","position":3,"name":"SHEHDS BeeEye Beam 19x20 Zoom Wash Light"}]},{"@type":"WebSite","@id":"https:\/\/stagezone.hu\/en\/#website","url":"https:\/\/stagezone.hu\/en\/","name":"StageZone - Ragyogj a Stagezone min\u0151s\u00e9gi f\u00e9nytechnik\u00e1j\u00e1val.","description":"StageZone","publisher":{"@id":"https:\/\/stagezone.hu\/en\/#organization"},"potentialAction":[{"@type":"SearchAction","target":{"@type":"EntryPoint","urlTemplate":"https:\/\/stagezone.hu\/en\/?s={search_term_string}"},"query-input":{"@type":"PropertyValueSpecification","valueRequired":true,"valueName":"search_term_string"}}],"inLanguage":"en-US"},{"@type":"Organization","@id":"https:\/\/stagezone.hu\/en\/#organization","name":"StageZone","url":"https:\/\/stagezone.hu\/en\/","logo":{"@type":"ImageObject","inLanguage":"en-US","@id":"https:\/\/stagezone.hu\/en\/#\/schema\/logo\/image\/","url":"https:\/\/stagezone.hu\/wp-content\/uploads\/2026\/01\/Adam-Hall_1000x1000-1-1.png","contentUrl":"https:\/\/stagezone.hu\/wp-content\/uploads\/2026\/01\/Adam-Hall_1000x1000-1-1.png","width":1000,"height":1000,"caption":"StageZone"},"image":{"@id":"https:\/\/stagezone.hu\/en\/#\/schema\/logo\/image\/"},"sameAs":["https:\/\/www.facebook.com\/stagezonehungary\/","https:\/\/www.instagram.com\/stagezonehungary\/"]}]}},"_links":{"self":[{"href":"https:\/\/stagezone.hu\/en\/wp-json\/wp\/v2\/product\/877","targetHints":{"allow":["GET"]}}],"collection":[{"href":"https:\/\/stagezone.hu\/en\/wp-json\/wp\/v2\/product"}],"about":[{"href":"https:\/\/stagezone.hu\/en\/wp-json\/wp\/v2\/types\/product"}],"replies":[{"embeddable":true,"href":"https:\/\/stagezone.hu\/en\/wp-json\/wp\/v2\/comments?post=877"}],"version-history":[{"count":6,"href":"https:\/\/stagezone.hu\/en\/wp-json\/wp\/v2\/product\/877\/revisions"}],"predecessor-version":[{"id":10370,"href":"https:\/\/stagezone.hu\/en\/wp-json\/wp\/v2\/product\/877\/revisions\/10370"}],"wp:featuredmedia":[{"embeddable":true,"href":"https:\/\/stagezone.hu\/en\/wp-json\/wp\/v2\/media\/9731"}],"wp:attachment":[{"href":"https:\/\/stagezone.hu\/en\/wp-json\/wp\/v2\/media?parent=877"}],"wp:term":[{"taxonomy":"product_brand","embeddable":true,"href":"https:\/\/stagezone.hu\/en\/wp-json\/wp\/v2\/product_brand?post=877"},{"taxonomy":"product_cat","embeddable":true,"href":"https:\/\/stagezone.hu\/en\/wp-json\/wp\/v2\/product_cat?post=877"},{"taxonomy":"product_tag","embeddable":true,"href":"https:\/\/stagezone.hu\/en\/wp-json\/wp\/v2\/product_tag?post=877"}],"curies":[{"name":"wp","href":"https:\/\/api.w.org\/{rel}","templated":true}]}}