{"id":872,"date":"2024-05-14T11:11:36","date_gmt":"2024-05-14T11:11:36","guid":{"rendered":"https:\/\/stagezone.hu\/?post_type=product&#038;p=872"},"modified":"2026-05-04T19:58:02","modified_gmt":"2026-05-04T18:58:02","slug":"stagezone-led-wall-wash-18x18w-rgbwauv","status":"publish","type":"product","link":"https:\/\/stagezone.hu\/en\/product\/shehds-led-bar-18x18w-rgbwa-uv\/","title":{"rendered":"SHEHDS LED Bar 18x18W RGBWA+UV"},"content":{"rendered":"<p><strong>SHEHDS LED Bar 18x18W &#8211; Color-changing LED Bar, RGBWA+UV<\/strong><\/p>\n<p>The SHEHDS LED Bar 18x18W can be placed in any installation or used for wall washing by attaching the included stands. Its high channel configuration allows for individual LED control, ensuring the creation of unique visual effects.<\/p>\n<ul>\n<li>Power Supply: AC 100-240 V, 50\/60 Hz<\/li>\n<li>Power Consumption: 324W<\/li>\n<li>DMX Channels: 11\/19\/108\/119 CH<\/li>\n<li>Beam Angle: 40\u00b0<\/li>\n<li>Brightness: 2853 lux\/10m<\/li>\n<li>Strobe: 0-25 Hz<\/li>\n<li>Connector: Powercon<\/li>\n<li>DMX Input\/Output: 3 pin<\/li>\n<li>Cooling: Active<\/li>\n<li>IP Rating: IP20<\/li>\n<li>Control Modes: DMX 512\/Auto\/Sound<\/li>\n<\/ul>\n<p>Shehds, founded in 2015, is a company specializing in stage lighting equipment. Their products offer reliable quality and materials, suitable for various applications. They hold CE, ROHS, UL, FCC, TP, TC, SAA, and other safety certifications. The brand has become a trusted name in the lighting industry.<\/p>\n<blockquote class=\"tiktok-embed\" cite=\"https:\/\/www.tiktok.com\/@stagezone.hu\/video\/7522528626672258326\" data-video-id=\"7522528626672258326\" data-embed-from=\"oembed\" style=\"max-width:605px; min-width:325px;\">\n<section> <a target=\"_blank\" title=\"@stagezone.hu\" href=\"https:\/\/www.tiktok.com\/@stagezone.hu?refer=embed\">@stagezone.hu<\/a> <\/p>\n<p>A 18x18W Led Bar egy igaz\u00e1n j\u00f3 v\u00e1laszt\u00e1s falsz\u00ednez\u00e9sre! Kiv\u00e1l\u00f3 f\u00e9nyer\u0151, kis t\u00f6meg \u00e9s m\u00e9g h\u00eddon is j\u00f3l mutat! <a title=\"stagezone\" target=\"_blank\" href=\"https:\/\/www.tiktok.com\/tag\/stagezone?refer=embed\">#stagezone<\/a> <a title=\"fenytechnika\" target=\"_blank\" href=\"https:\/\/www.tiktok.com\/tag\/fenytechnika?refer=embed\">#fenytechnika<\/a> <a title=\"led\" target=\"_blank\" href=\"https:\/\/www.tiktok.com\/tag\/led?refer=embed\">#led<\/a> <a title=\"bar\" target=\"_blank\" href=\"https:\/\/www.tiktok.com\/tag\/bar?refer=embed\">#bar<\/a> <a title=\"wolfmix\" target=\"_blank\" href=\"https:\/\/www.tiktok.com\/tag\/wolfmix?refer=embed\">#wolfmix<\/a> <a title=\"wallwash\" target=\"_blank\" href=\"https:\/\/www.tiktok.com\/tag\/wallwash?refer=embed\">#wallwash<\/a> <a title=\"dj\" target=\"_blank\" href=\"https:\/\/www.tiktok.com\/tag\/dj?refer=embed\">#dj<\/a> <a title=\"stagelight\" target=\"_blank\" href=\"https:\/\/www.tiktok.com\/tag\/stagelight?refer=embed\">#stagelight<\/a> <a title=\"ledlight\" target=\"_blank\" href=\"https:\/\/www.tiktok.com\/tag\/ledlight?refer=embed\">#ledlight<\/a> <a title=\"fyp\" target=\"_blank\" href=\"https:\/\/www.tiktok.com\/tag\/fyp?refer=embed\">#fyp<\/a> <\/p>\n<p> <a target=\"_blank\" title=\"\u266c vlog, chill out, calm daily life(1370843) - SUNNY HOOD STUDIO\" href=\"https:\/\/www.tiktok.com\/music\/vlog-chill-out-calm-daily-life-1370843-7179679214566639618?refer=embed\">\u266c vlog, chill out, calm daily life(1370843) &#8211; SUNNY HOOD STUDIO<\/a> <\/section>\n<\/blockquote>\n<p> <script async src=\"https:\/\/www.tiktok.com\/embed.js\"><\/script><\/p>\n","protected":false},"excerpt":{"rendered":"<p>18x18W RGBWA+UV LED bar with a 40\u00b0 beam angle, suitable for installations and wall washing.<\/p>\n","protected":false},"featured_media":9203,"comment_status":"closed","ping_status":"closed","template":"","meta":[],"product_brand":[],"product_cat":[165,159],"product_tag":[394,193],"class_list":{"0":"post-872","1":"product","2":"type-product","3":"status-publish","4":"has-post-thumbnail","6":"product_cat-led-bar","7":"product_cat-statikus-fenyeffekt","8":"product_tag-bar","9":"product_tag-led","11":"first","12":"contact_us","13":"taxable","14":"shipping-taxable","15":"purchasable","16":"product-type-simple"},"yoast_head":"<!-- This site is optimized with the Yoast SEO Premium plugin v27.2 (Yoast SEO v27.2) - https:\/\/yoast.com\/product\/yoast-seo-premium-wordpress\/ -->\n<title>SHEHDS LED Bar 18x18W RGBWA+UV<\/title>\n<meta name=\"description\" content=\"18x18W RGBWA+UV LED bar with a 40\u00b0 beam angle, suitable for installations and wall washing.\" \/>\n<meta name=\"robots\" content=\"index, follow, max-snippet:-1, max-image-preview:large, max-video-preview:-1\" \/>\n<link rel=\"canonical\" href=\"http:\/\/18x18W%20RGBWA%20UV%20LED%20bar%20with%20a%2040\u00b0%20beam%20angle,%20suitable%20for%20installations%20and%20wall%20washing.\" \/>\n<meta property=\"og:locale\" content=\"en_US\" \/>\n<meta property=\"og:type\" content=\"article\" \/>\n<meta property=\"og:title\" content=\"SHEHDS LED Bar 18x18W RGBWA+UV\" \/>\n<meta property=\"og:description\" content=\"18x18W RGBWA+UV LED bar with a 40\u00b0 beam angle, suitable for installations and wall washing.\" \/>\n<meta property=\"og:url\" content=\"https:\/\/stagezone.hu\/en\/product\/shehds-led-bar-18x18w-rgbwa-uv\/\" \/>\n<meta property=\"og:site_name\" content=\"StageZone\" \/>\n<meta property=\"article:publisher\" content=\"https:\/\/www.facebook.com\/stagezonehungary\/\" \/>\n<meta property=\"article:modified_time\" content=\"2026-05-04T18:58:02+00:00\" \/>\n<meta property=\"og:image\" content=\"https:\/\/stagezone.hu\/wp-content\/uploads\/2024\/05\/1-29.png\" \/>\n\t<meta property=\"og:image:width\" content=\"1000\" \/>\n\t<meta property=\"og:image:height\" content=\"1000\" \/>\n\t<meta property=\"og:image:type\" content=\"image\/png\" \/>\n<meta name=\"twitter:card\" content=\"summary_large_image\" \/>\n<meta name=\"twitter:label1\" content=\"Est. reading time\" \/>\n\t<meta name=\"twitter:data1\" content=\"1 minute\" \/>\n<script type=\"application\/ld+json\" class=\"yoast-schema-graph\">{\"@context\":\"https:\/\/schema.org\",\"@graph\":[{\"@type\":\"WebPage\",\"@id\":\"https:\/\/stagezone.hu\/en\/product\/shehds-led-bar-18x18w-rgbwa-uv\/\",\"url\":\"https:\/\/stagezone.hu\/en\/product\/shehds-led-bar-18x18w-rgbwa-uv\/\",\"name\":\"SHEHDS Led Bar 18x18W - StageZone\",\"isPartOf\":{\"@id\":\"https:\/\/stagezone.hu\/#website\"},\"primaryImageOfPage\":{\"@id\":\"https:\/\/stagezone.hu\/en\/product\/shehds-led-bar-18x18w-rgbwa-uv\/#primaryimage\"},\"image\":{\"@id\":\"https:\/\/stagezone.hu\/en\/product\/shehds-led-bar-18x18w-rgbwa-uv\/#primaryimage\"},\"thumbnailUrl\":\"https:\/\/stagezone.hu\/wp-content\/uploads\/2024\/05\/1-29.png\",\"datePublished\":\"2024-05-14T11:11:36+00:00\",\"dateModified\":\"2026-05-04T18:58:02+00:00\",\"description\":\"SHEHDS Led Bar 18x18W RGBWA+UV ledekkel \u00e9s nagy f\u00e9nyer\u0151vel. A 40\u00b0-os nyit\u00e1si sz\u00f6g lehet\u0151v\u00e9 teszi a falsz\u00ednez\u00e9s mellett a sz\u00ednpadi haszn\u00e1latot.\",\"breadcrumb\":{\"@id\":\"https:\/\/stagezone.hu\/en\/product\/shehds-led-bar-18x18w-rgbwa-uv\/#breadcrumb\"},\"inLanguage\":\"en-US\",\"potentialAction\":[{\"@type\":\"ReadAction\",\"target\":[\"https:\/\/stagezone.hu\/en\/product\/shehds-led-bar-18x18w-rgbwa-uv\/\"]}]},{\"@type\":\"ImageObject\",\"inLanguage\":\"en-US\",\"@id\":\"https:\/\/stagezone.hu\/en\/product\/shehds-led-bar-18x18w-rgbwa-uv\/#primaryimage\",\"url\":\"https:\/\/stagezone.hu\/wp-content\/uploads\/2024\/05\/1-29.png\",\"contentUrl\":\"https:\/\/stagezone.hu\/wp-content\/uploads\/2024\/05\/1-29.png\",\"width\":1000,\"height\":1000,\"caption\":\"SHEHDS Led Bar 18x18W\"},{\"@type\":\"BreadcrumbList\",\"@id\":\"https:\/\/stagezone.hu\/en\/product\/shehds-led-bar-18x18w-rgbwa-uv\/#breadcrumb\",\"itemListElement\":[{\"@type\":\"ListItem\",\"position\":1,\"name\":\"Kezd\u0151lap\",\"item\":\"https:\/\/stagezone.hu\/\"},{\"@type\":\"ListItem\",\"position\":2,\"name\":\"\u00dczlet\",\"item\":\"https:\/\/stagezone.hu\/uzlet\/\"},{\"@type\":\"ListItem\",\"position\":3,\"name\":\"SHEHDS LED Bar 18x18W RGBWA+UV\"}]},{\"@type\":\"WebSite\",\"@id\":\"https:\/\/stagezone.hu\/en\/#website\",\"url\":\"https:\/\/stagezone.hu\/en\/\",\"name\":\"StageZone - Ragyogj a Stagezone min\u0151s\u00e9gi f\u00e9nytechnik\u00e1j\u00e1val.\",\"description\":\"StageZone\",\"publisher\":{\"@id\":\"https:\/\/stagezone.hu\/en\/#organization\"},\"potentialAction\":[{\"@type\":\"SearchAction\",\"target\":{\"@type\":\"EntryPoint\",\"urlTemplate\":\"https:\/\/stagezone.hu\/en\/?s={search_term_string}\"},\"query-input\":{\"@type\":\"PropertyValueSpecification\",\"valueRequired\":true,\"valueName\":\"search_term_string\"}}],\"inLanguage\":\"en-US\"},{\"@type\":\"Organization\",\"@id\":\"https:\/\/stagezone.hu\/en\/#organization\",\"name\":\"StageZone\",\"url\":\"https:\/\/stagezone.hu\/en\/\",\"logo\":{\"@type\":\"ImageObject\",\"inLanguage\":\"en-US\",\"@id\":\"https:\/\/stagezone.hu\/en\/#\/schema\/logo\/image\/\",\"url\":\"https:\/\/stagezone.hu\/wp-content\/uploads\/2026\/01\/Adam-Hall_1000x1000-1-1.png\",\"contentUrl\":\"https:\/\/stagezone.hu\/wp-content\/uploads\/2026\/01\/Adam-Hall_1000x1000-1-1.png\",\"width\":1000,\"height\":1000,\"caption\":\"StageZone\"},\"image\":{\"@id\":\"https:\/\/stagezone.hu\/en\/#\/schema\/logo\/image\/\"},\"sameAs\":[\"https:\/\/www.facebook.com\/stagezonehungary\/\",\"https:\/\/www.instagram.com\/stagezonehungary\/\"]}]}<\/script>\n<!-- \/ Yoast SEO Premium plugin. -->","yoast_head_json":{"title":"SHEHDS LED Bar 18x18W RGBWA+UV","description":"18x18W RGBWA+UV LED bar with a 40\u00b0 beam angle, suitable for installations and wall washing.","robots":{"index":"index","follow":"follow","max-snippet":"max-snippet:-1","max-image-preview":"max-image-preview:large","max-video-preview":"max-video-preview:-1"},"canonical":"18x18W RGBWA UV LED bar with a 40\u00b0 beam angle, suitable for installations and wall washing.","og_locale":"en_US","og_type":"article","og_title":"SHEHDS LED Bar 18x18W RGBWA+UV","og_description":"18x18W RGBWA+UV LED bar with a 40\u00b0 beam angle, suitable for installations and wall washing.","og_url":"https:\/\/stagezone.hu\/en\/product\/shehds-led-bar-18x18w-rgbwa-uv\/","og_site_name":"StageZone","article_publisher":"https:\/\/www.facebook.com\/stagezonehungary\/","article_modified_time":"2026-05-04T18:58:02+00:00","og_image":[{"width":1000,"height":1000,"url":"https:\/\/stagezone.hu\/wp-content\/uploads\/2024\/05\/1-29.png","type":"image\/png"}],"twitter_card":"summary_large_image","twitter_misc":{"Est. reading time":"1 minute"},"schema":{"@context":"https:\/\/schema.org","@graph":[{"@type":"WebPage","@id":"https:\/\/stagezone.hu\/en\/product\/shehds-led-bar-18x18w-rgbwa-uv\/","url":"https:\/\/stagezone.hu\/en\/product\/shehds-led-bar-18x18w-rgbwa-uv\/","name":"SHEHDS Led Bar 18x18W - StageZone","isPartOf":{"@id":"https:\/\/stagezone.hu\/#website"},"primaryImageOfPage":{"@id":"https:\/\/stagezone.hu\/en\/product\/shehds-led-bar-18x18w-rgbwa-uv\/#primaryimage"},"image":{"@id":"https:\/\/stagezone.hu\/en\/product\/shehds-led-bar-18x18w-rgbwa-uv\/#primaryimage"},"thumbnailUrl":"https:\/\/stagezone.hu\/wp-content\/uploads\/2024\/05\/1-29.png","datePublished":"2024-05-14T11:11:36+00:00","dateModified":"2026-05-04T18:58:02+00:00","description":"SHEHDS Led Bar 18x18W RGBWA+UV ledekkel \u00e9s nagy f\u00e9nyer\u0151vel. A 40\u00b0-os nyit\u00e1si sz\u00f6g lehet\u0151v\u00e9 teszi a falsz\u00ednez\u00e9s mellett a sz\u00ednpadi haszn\u00e1latot.","breadcrumb":{"@id":"https:\/\/stagezone.hu\/en\/product\/shehds-led-bar-18x18w-rgbwa-uv\/#breadcrumb"},"inLanguage":"en-US","potentialAction":[{"@type":"ReadAction","target":["https:\/\/stagezone.hu\/en\/product\/shehds-led-bar-18x18w-rgbwa-uv\/"]}]},{"@type":"ImageObject","inLanguage":"en-US","@id":"https:\/\/stagezone.hu\/en\/product\/shehds-led-bar-18x18w-rgbwa-uv\/#primaryimage","url":"https:\/\/stagezone.hu\/wp-content\/uploads\/2024\/05\/1-29.png","contentUrl":"https:\/\/stagezone.hu\/wp-content\/uploads\/2024\/05\/1-29.png","width":1000,"height":1000,"caption":"SHEHDS Led Bar 18x18W"},{"@type":"BreadcrumbList","@id":"https:\/\/stagezone.hu\/en\/product\/shehds-led-bar-18x18w-rgbwa-uv\/#breadcrumb","itemListElement":[{"@type":"ListItem","position":1,"name":"Kezd\u0151lap","item":"https:\/\/stagezone.hu\/"},{"@type":"ListItem","position":2,"name":"\u00dczlet","item":"https:\/\/stagezone.hu\/uzlet\/"},{"@type":"ListItem","position":3,"name":"SHEHDS LED Bar 18x18W RGBWA+UV"}]},{"@type":"WebSite","@id":"https:\/\/stagezone.hu\/en\/#website","url":"https:\/\/stagezone.hu\/en\/","name":"StageZone - Ragyogj a Stagezone min\u0151s\u00e9gi f\u00e9nytechnik\u00e1j\u00e1val.","description":"StageZone","publisher":{"@id":"https:\/\/stagezone.hu\/en\/#organization"},"potentialAction":[{"@type":"SearchAction","target":{"@type":"EntryPoint","urlTemplate":"https:\/\/stagezone.hu\/en\/?s={search_term_string}"},"query-input":{"@type":"PropertyValueSpecification","valueRequired":true,"valueName":"search_term_string"}}],"inLanguage":"en-US"},{"@type":"Organization","@id":"https:\/\/stagezone.hu\/en\/#organization","name":"StageZone","url":"https:\/\/stagezone.hu\/en\/","logo":{"@type":"ImageObject","inLanguage":"en-US","@id":"https:\/\/stagezone.hu\/en\/#\/schema\/logo\/image\/","url":"https:\/\/stagezone.hu\/wp-content\/uploads\/2026\/01\/Adam-Hall_1000x1000-1-1.png","contentUrl":"https:\/\/stagezone.hu\/wp-content\/uploads\/2026\/01\/Adam-Hall_1000x1000-1-1.png","width":1000,"height":1000,"caption":"StageZone"},"image":{"@id":"https:\/\/stagezone.hu\/en\/#\/schema\/logo\/image\/"},"sameAs":["https:\/\/www.facebook.com\/stagezonehungary\/","https:\/\/www.instagram.com\/stagezonehungary\/"]}]}},"_links":{"self":[{"href":"https:\/\/stagezone.hu\/en\/wp-json\/wp\/v2\/product\/872","targetHints":{"allow":["GET"]}}],"collection":[{"href":"https:\/\/stagezone.hu\/en\/wp-json\/wp\/v2\/product"}],"about":[{"href":"https:\/\/stagezone.hu\/en\/wp-json\/wp\/v2\/types\/product"}],"replies":[{"embeddable":true,"href":"https:\/\/stagezone.hu\/en\/wp-json\/wp\/v2\/comments?post=872"}],"version-history":[{"count":8,"href":"https:\/\/stagezone.hu\/en\/wp-json\/wp\/v2\/product\/872\/revisions"}],"predecessor-version":[{"id":10404,"href":"https:\/\/stagezone.hu\/en\/wp-json\/wp\/v2\/product\/872\/revisions\/10404"}],"wp:featuredmedia":[{"embeddable":true,"href":"https:\/\/stagezone.hu\/en\/wp-json\/wp\/v2\/media\/9203"}],"wp:attachment":[{"href":"https:\/\/stagezone.hu\/en\/wp-json\/wp\/v2\/media?parent=872"}],"wp:term":[{"taxonomy":"product_brand","embeddable":true,"href":"https:\/\/stagezone.hu\/en\/wp-json\/wp\/v2\/product_brand?post=872"},{"taxonomy":"product_cat","embeddable":true,"href":"https:\/\/stagezone.hu\/en\/wp-json\/wp\/v2\/product_cat?post=872"},{"taxonomy":"product_tag","embeddable":true,"href":"https:\/\/stagezone.hu\/en\/wp-json\/wp\/v2\/product_tag?post=872"}],"curies":[{"name":"wp","href":"https:\/\/api.w.org\/{rel}","templated":true}]}}