{"id":8628,"date":"2025-10-31T15:54:31","date_gmt":"2025-10-31T14:54:31","guid":{"rendered":"https:\/\/stagezone.hu\/?post_type=product&#038;p=8628"},"modified":"2026-05-04T19:50:56","modified_gmt":"2026-05-04T18:50:56","slug":"vertitruss-pinclaw","status":"publish","type":"product","link":"https:\/\/stagezone.hu\/en\/product\/vertitruss-pinclaw-truss-hammer-lifter\/","title":{"rendered":"Vertitruss Pinclaw - Truss Hammer & Lifter"},"content":{"rendered":"<p><strong>Vertitruss Pinclaw &#8211; the perfect tool for trusses<\/strong><\/p>\n<p>The Vertitruss Pinclaw is a 2-in-1 tool that combines the power of a hammer and a pry bar. Its design is gentle on aluminum trusses, while the slim and ergonomic shape guarantees comfortable use and a secure grip. The Pinclaw is also much quieter than traditional hammers, which is especially advantageous for events or exhibitions that run late into the night.<\/p>\n<p>It allows pins to be hammered in the traditional way, and then released particularly easily. The <strong data-start=\"1190\" data-end=\"1201\">Pinclaw<\/strong> provides up to <strong data-start=\"1207\" data-end=\"1232\">12.5 times the leverage<\/strong> for pin removal, making truss pins faster, easier, and more gentle to dismantle.<\/p>\n<p><strong>Package Contents:<\/strong><br \/>\n1 Pinclaw <a href=\"https:\/\/pnclw.com\/en\/\">hammer<\/a><br \/>\n1 replacement head<\/p>\n<p>&nbsp;<\/p>\n<p>&nbsp;<\/p>\n","protected":false},"excerpt":{"rendered":"<p>The Vertitruss Pinclaw is a 2-in-1 tool that functions as both a hammer and a pry bar for truss pins. Its ergonomic design ensures a comfortable grip and gentle operation on trusses.<\/p>\n","protected":false},"featured_media":8630,"comment_status":"open","ping_status":"closed","template":"","meta":[],"product_brand":[],"product_cat":[363,470,508],"product_tag":[530,487,529],"class_list":{"0":"post-8628","1":"product","2":"type-product","3":"status-publish","4":"has-post-thumbnail","6":"product_cat-hardver","7":"product_cat-traverz","8":"product_cat-traverz-kiegeszitok","9":"product_tag-pinclaw","10":"product_tag-traverz","11":"product_tag-vertitruss","13":"first","14":"instock","15":"taxable","16":"shipping-taxable","17":"purchasable","18":"product-type-simple"},"yoast_head":"<!-- This site is optimized with the Yoast SEO Premium plugin v27.2 (Yoast SEO v27.2) - https:\/\/yoast.com\/product\/yoast-seo-premium-wordpress\/ -->\n<title>Vertitruss Pinclaw - Truss Hammer &amp; Lifter<\/title>\n<meta name=\"description\" content=\"The Vertitruss Pinclaw is a 2-in-1 tool that functions as both a hammer and a pry bar for truss pins. Its ergonomic design ensures a comfortable grip and gentle operation on trusses.\" \/>\n<meta name=\"robots\" content=\"index, follow, max-snippet:-1, max-image-preview:large, max-video-preview:-1\" \/>\n<link rel=\"canonical\" href=\"http:\/\/The%20Vertitruss%20Pinclaw%20is%20a%202-in-1%20tool%20that%20functions%20as%20both%20a%20hammer%20and%20a%20pry%20bar%20for%20truss%20pins.%20Its%20ergonomic%20design%20ensures%20a%20comfortable%20grip%20and%20gentle%20operation%20on%20trusses.\" \/>\n<meta property=\"og:locale\" content=\"en_US\" \/>\n<meta property=\"og:type\" content=\"article\" \/>\n<meta property=\"og:title\" content=\"Vertitruss Pinclaw - Truss Hammer &amp; Lifter\" \/>\n<meta property=\"og:description\" content=\"The Vertitruss Pinclaw is a 2-in-1 tool that functions as both a hammer and a pry bar for truss pins. Its ergonomic design ensures a comfortable grip and gentle operation on trusses.\" \/>\n<meta property=\"og:url\" content=\"https:\/\/stagezone.hu\/en\/product\/vertitruss-pinclaw-truss-hammer-lifter\/\" \/>\n<meta property=\"og:site_name\" content=\"StageZone\" \/>\n<meta property=\"article:publisher\" content=\"https:\/\/www.facebook.com\/stagezonehungary\/\" \/>\n<meta property=\"article:modified_time\" content=\"2026-05-04T18:50:56+00:00\" \/>\n<meta property=\"og:image\" content=\"https:\/\/stagezone.hu\/wp-content\/uploads\/2025\/10\/pinclaw.png\" \/>\n\t<meta property=\"og:image:width\" content=\"1125\" \/>\n\t<meta property=\"og:image:height\" content=\"1125\" \/>\n\t<meta property=\"og:image:type\" content=\"image\/png\" \/>\n<meta name=\"twitter:card\" content=\"summary_large_image\" \/>\n<meta name=\"twitter:label1\" content=\"Est. reading time\" \/>\n\t<meta name=\"twitter:data1\" content=\"1 minute\" \/>\n<script type=\"application\/ld+json\" class=\"yoast-schema-graph\">{\"@context\":\"https:\/\/schema.org\",\"@graph\":[{\"@type\":\"WebPage\",\"@id\":\"https:\/\/stagezone.hu\/en\/product\/vertitruss-pinclaw-truss-hammer-lifter\/\",\"url\":\"https:\/\/stagezone.hu\/en\/product\/vertitruss-pinclaw-truss-hammer-lifter\/\",\"name\":\"Vertitruss Pinclaw - StageZone\",\"isPartOf\":{\"@id\":\"https:\/\/stagezone.hu\/#website\"},\"primaryImageOfPage\":{\"@id\":\"https:\/\/stagezone.hu\/en\/product\/vertitruss-pinclaw-truss-hammer-lifter\/#primaryimage\"},\"image\":{\"@id\":\"https:\/\/stagezone.hu\/en\/product\/vertitruss-pinclaw-truss-hammer-lifter\/#primaryimage\"},\"thumbnailUrl\":\"https:\/\/stagezone.hu\/wp-content\/uploads\/2025\/10\/pinclaw.png\",\"datePublished\":\"2025-10-31T14:54:31+00:00\",\"dateModified\":\"2026-05-04T18:50:56+00:00\",\"description\":\"Vertitruss Pinclaw egy kompakt, k\u00edm\u00e9letes haszn\u00e1latot biztos\u00edt\u00f3 kombin\u00e1lt kalap\u00e1cs traverzhez. Seg\u00edts\u00e9g\u00e9vel k\u00f6nnyen \u00f6ssze\u00fcthet\u0151k \u00e9s sz\u00e9tszedhet\u0151k az elemek.\",\"breadcrumb\":{\"@id\":\"https:\/\/stagezone.hu\/en\/product\/vertitruss-pinclaw-truss-hammer-lifter\/#breadcrumb\"},\"inLanguage\":\"en-US\",\"potentialAction\":[{\"@type\":\"ReadAction\",\"target\":[\"https:\/\/stagezone.hu\/en\/product\/vertitruss-pinclaw-truss-hammer-lifter\/\"]}]},{\"@type\":\"ImageObject\",\"inLanguage\":\"en-US\",\"@id\":\"https:\/\/stagezone.hu\/en\/product\/vertitruss-pinclaw-truss-hammer-lifter\/#primaryimage\",\"url\":\"https:\/\/stagezone.hu\/wp-content\/uploads\/2025\/10\/pinclaw.png\",\"contentUrl\":\"https:\/\/stagezone.hu\/wp-content\/uploads\/2025\/10\/pinclaw.png\",\"width\":1125,\"height\":1125,\"caption\":\"Vertitruss Pinclaw\"},{\"@type\":\"BreadcrumbList\",\"@id\":\"https:\/\/stagezone.hu\/en\/product\/vertitruss-pinclaw-truss-hammer-lifter\/#breadcrumb\",\"itemListElement\":[{\"@type\":\"ListItem\",\"position\":1,\"name\":\"Kezd\u0151lap\",\"item\":\"https:\/\/stagezone.hu\/\"},{\"@type\":\"ListItem\",\"position\":2,\"name\":\"\u00dczlet\",\"item\":\"https:\/\/stagezone.hu\/uzlet\/\"},{\"@type\":\"ListItem\",\"position\":3,\"name\":\"Vertitruss Pinclaw - Truss Hammer & Lifter\"}]},{\"@type\":\"WebSite\",\"@id\":\"https:\/\/stagezone.hu\/en\/#website\",\"url\":\"https:\/\/stagezone.hu\/en\/\",\"name\":\"StageZone - Ragyogj a Stagezone min\u0151s\u00e9gi f\u00e9nytechnik\u00e1j\u00e1val.\",\"description\":\"StageZone\",\"publisher\":{\"@id\":\"https:\/\/stagezone.hu\/en\/#organization\"},\"potentialAction\":[{\"@type\":\"SearchAction\",\"target\":{\"@type\":\"EntryPoint\",\"urlTemplate\":\"https:\/\/stagezone.hu\/en\/?s={search_term_string}\"},\"query-input\":{\"@type\":\"PropertyValueSpecification\",\"valueRequired\":true,\"valueName\":\"search_term_string\"}}],\"inLanguage\":\"en-US\"},{\"@type\":\"Organization\",\"@id\":\"https:\/\/stagezone.hu\/en\/#organization\",\"name\":\"StageZone\",\"url\":\"https:\/\/stagezone.hu\/en\/\",\"logo\":{\"@type\":\"ImageObject\",\"inLanguage\":\"en-US\",\"@id\":\"https:\/\/stagezone.hu\/en\/#\/schema\/logo\/image\/\",\"url\":\"https:\/\/stagezone.hu\/wp-content\/uploads\/2026\/01\/Adam-Hall_1000x1000-1-1.png\",\"contentUrl\":\"https:\/\/stagezone.hu\/wp-content\/uploads\/2026\/01\/Adam-Hall_1000x1000-1-1.png\",\"width\":1000,\"height\":1000,\"caption\":\"StageZone\"},\"image\":{\"@id\":\"https:\/\/stagezone.hu\/en\/#\/schema\/logo\/image\/\"},\"sameAs\":[\"https:\/\/www.facebook.com\/stagezonehungary\/\",\"https:\/\/www.instagram.com\/stagezonehungary\/\"]}]}<\/script>\n<!-- \/ Yoast SEO Premium plugin. -->","yoast_head_json":{"title":"Vertitruss Pinclaw - Truss Hammer & Lifter","description":"The Vertitruss Pinclaw is a 2-in-1 tool that functions as both a hammer and a pry bar for truss pins. Its ergonomic design ensures a comfortable grip and gentle operation on trusses.","robots":{"index":"index","follow":"follow","max-snippet":"max-snippet:-1","max-image-preview":"max-image-preview:large","max-video-preview":"max-video-preview:-1"},"canonical":"The Vertitruss Pinclaw is a 2-in-1 tool that functions as both a hammer and a pry bar for truss pins. Its ergonomic design ensures a comfortable grip and gentle operation on trusses.","og_locale":"en_US","og_type":"article","og_title":"Vertitruss Pinclaw - Truss Hammer & Lifter","og_description":"The Vertitruss Pinclaw is a 2-in-1 tool that functions as both a hammer and a pry bar for truss pins. Its ergonomic design ensures a comfortable grip and gentle operation on trusses.","og_url":"https:\/\/stagezone.hu\/en\/product\/vertitruss-pinclaw-truss-hammer-lifter\/","og_site_name":"StageZone","article_publisher":"https:\/\/www.facebook.com\/stagezonehungary\/","article_modified_time":"2026-05-04T18:50:56+00:00","og_image":[{"width":1125,"height":1125,"url":"https:\/\/stagezone.hu\/wp-content\/uploads\/2025\/10\/pinclaw.png","type":"image\/png"}],"twitter_card":"summary_large_image","twitter_misc":{"Est. reading time":"1 minute"},"schema":{"@context":"https:\/\/schema.org","@graph":[{"@type":"WebPage","@id":"https:\/\/stagezone.hu\/en\/product\/vertitruss-pinclaw-truss-hammer-lifter\/","url":"https:\/\/stagezone.hu\/en\/product\/vertitruss-pinclaw-truss-hammer-lifter\/","name":"Vertitruss Pinclaw - StageZone","isPartOf":{"@id":"https:\/\/stagezone.hu\/#website"},"primaryImageOfPage":{"@id":"https:\/\/stagezone.hu\/en\/product\/vertitruss-pinclaw-truss-hammer-lifter\/#primaryimage"},"image":{"@id":"https:\/\/stagezone.hu\/en\/product\/vertitruss-pinclaw-truss-hammer-lifter\/#primaryimage"},"thumbnailUrl":"https:\/\/stagezone.hu\/wp-content\/uploads\/2025\/10\/pinclaw.png","datePublished":"2025-10-31T14:54:31+00:00","dateModified":"2026-05-04T18:50:56+00:00","description":"Vertitruss Pinclaw egy kompakt, k\u00edm\u00e9letes haszn\u00e1latot biztos\u00edt\u00f3 kombin\u00e1lt kalap\u00e1cs traverzhez. Seg\u00edts\u00e9g\u00e9vel k\u00f6nnyen \u00f6ssze\u00fcthet\u0151k \u00e9s sz\u00e9tszedhet\u0151k az elemek.","breadcrumb":{"@id":"https:\/\/stagezone.hu\/en\/product\/vertitruss-pinclaw-truss-hammer-lifter\/#breadcrumb"},"inLanguage":"en-US","potentialAction":[{"@type":"ReadAction","target":["https:\/\/stagezone.hu\/en\/product\/vertitruss-pinclaw-truss-hammer-lifter\/"]}]},{"@type":"ImageObject","inLanguage":"en-US","@id":"https:\/\/stagezone.hu\/en\/product\/vertitruss-pinclaw-truss-hammer-lifter\/#primaryimage","url":"https:\/\/stagezone.hu\/wp-content\/uploads\/2025\/10\/pinclaw.png","contentUrl":"https:\/\/stagezone.hu\/wp-content\/uploads\/2025\/10\/pinclaw.png","width":1125,"height":1125,"caption":"Vertitruss Pinclaw"},{"@type":"BreadcrumbList","@id":"https:\/\/stagezone.hu\/en\/product\/vertitruss-pinclaw-truss-hammer-lifter\/#breadcrumb","itemListElement":[{"@type":"ListItem","position":1,"name":"Kezd\u0151lap","item":"https:\/\/stagezone.hu\/"},{"@type":"ListItem","position":2,"name":"\u00dczlet","item":"https:\/\/stagezone.hu\/uzlet\/"},{"@type":"ListItem","position":3,"name":"Vertitruss Pinclaw - Truss Hammer & Lifter"}]},{"@type":"WebSite","@id":"https:\/\/stagezone.hu\/en\/#website","url":"https:\/\/stagezone.hu\/en\/","name":"StageZone - Ragyogj a Stagezone min\u0151s\u00e9gi f\u00e9nytechnik\u00e1j\u00e1val.","description":"StageZone","publisher":{"@id":"https:\/\/stagezone.hu\/en\/#organization"},"potentialAction":[{"@type":"SearchAction","target":{"@type":"EntryPoint","urlTemplate":"https:\/\/stagezone.hu\/en\/?s={search_term_string}"},"query-input":{"@type":"PropertyValueSpecification","valueRequired":true,"valueName":"search_term_string"}}],"inLanguage":"en-US"},{"@type":"Organization","@id":"https:\/\/stagezone.hu\/en\/#organization","name":"StageZone","url":"https:\/\/stagezone.hu\/en\/","logo":{"@type":"ImageObject","inLanguage":"en-US","@id":"https:\/\/stagezone.hu\/en\/#\/schema\/logo\/image\/","url":"https:\/\/stagezone.hu\/wp-content\/uploads\/2026\/01\/Adam-Hall_1000x1000-1-1.png","contentUrl":"https:\/\/stagezone.hu\/wp-content\/uploads\/2026\/01\/Adam-Hall_1000x1000-1-1.png","width":1000,"height":1000,"caption":"StageZone"},"image":{"@id":"https:\/\/stagezone.hu\/en\/#\/schema\/logo\/image\/"},"sameAs":["https:\/\/www.facebook.com\/stagezonehungary\/","https:\/\/www.instagram.com\/stagezonehungary\/"]}]}},"_links":{"self":[{"href":"https:\/\/stagezone.hu\/en\/wp-json\/wp\/v2\/product\/8628","targetHints":{"allow":["GET"]}}],"collection":[{"href":"https:\/\/stagezone.hu\/en\/wp-json\/wp\/v2\/product"}],"about":[{"href":"https:\/\/stagezone.hu\/en\/wp-json\/wp\/v2\/types\/product"}],"replies":[{"embeddable":true,"href":"https:\/\/stagezone.hu\/en\/wp-json\/wp\/v2\/comments?post=8628"}],"version-history":[{"count":2,"href":"https:\/\/stagezone.hu\/en\/wp-json\/wp\/v2\/product\/8628\/revisions"}],"predecessor-version":[{"id":10522,"href":"https:\/\/stagezone.hu\/en\/wp-json\/wp\/v2\/product\/8628\/revisions\/10522"}],"wp:featuredmedia":[{"embeddable":true,"href":"https:\/\/stagezone.hu\/en\/wp-json\/wp\/v2\/media\/8630"}],"wp:attachment":[{"href":"https:\/\/stagezone.hu\/en\/wp-json\/wp\/v2\/media?parent=8628"}],"wp:term":[{"taxonomy":"product_brand","embeddable":true,"href":"https:\/\/stagezone.hu\/en\/wp-json\/wp\/v2\/product_brand?post=8628"},{"taxonomy":"product_cat","embeddable":true,"href":"https:\/\/stagezone.hu\/en\/wp-json\/wp\/v2\/product_cat?post=8628"},{"taxonomy":"product_tag","embeddable":true,"href":"https:\/\/stagezone.hu\/en\/wp-json\/wp\/v2\/product_tag?post=8628"}],"curies":[{"name":"wp","href":"https:\/\/api.w.org\/{rel}","templated":true}]}}