{"id":8463,"date":"2025-09-19T12:00:09","date_gmt":"2025-09-19T11:00:09","guid":{"rendered":"https:\/\/stagezone.hu\/?post_type=product&#038;p=8463"},"modified":"2026-05-04T19:51:10","modified_gmt":"2026-05-04T18:51:10","slug":"dt-31-2-c41-x","status":"publish","type":"product","link":"https:\/\/stagezone.hu\/en\/product\/dt-31-2-c41-x-aluminum-truss-tube\/","title":{"rendered":"DT 31\/2-C41-X Aluminum Truss Tube"},"content":{"rendered":"<p>The <strong>DT 31\/2-C41-X <\/strong>is a 50 mm diameter aluminum tube with a 2 mm wall thickness, providing an excellent load-bearing to weight ratio for the truss system.<br \/>The system can be expanded as needed, with corners, T-junctions, angles, and curves available.<br \/>A wide range of accessories are available, such as <a href=\"https:\/\/stagezone.hu\/termekkategoria\/hardver\/bilincs\/\">clamps<\/a>, connectors, base plates, wall mounts, spacers, and many other accessories.<\/p>\n<p><strong>Advantages of the DT 31\/2-C41-X:<\/strong><br \/>\u2022 High-quality 50 mm diameter aluminum tube<br \/>\u2022 Simple installation<br \/>\u2022 Low weight<br \/>\u2022 Space-saving transport<br \/>\u2022 For exhibition stand construction and event technology applications<\/p>\n<p><strong>Material:<\/strong><br \/>\u2022 EN-AW 6082 T6<\/p>\n<p><strong>Duratruss<\/strong> <a href=\"https:\/\/eu.duratruss.com\/en\/\">products<\/a> are made of high-quality aluminum and meet the strictest technical standards, such as German <strong>T\u00dcV<\/strong> regulations. Their most popular products include the DT34 series \u2013 a square-profile truss for exhibition stands, smaller roof structures, and standard installations \u2013 the DT33 triangular truss system for temporary installations, and the DT44, which is suitable for larger installations and stage roofs. Their warehouse capacity of 5500 m\u00b2 allows them to maintain a constant stock, ensuring standard products are always quickly available.<\/p>\n","protected":false},"excerpt":{"rendered":"<p>A 50 mm diameter, 2 mm wall thickness aluminum tube, ideal for truss systems. This component offers excellent durability and is part of an expandable system with various connection options and accessories. Suitable for event technology and exhibition stands.<\/p>\n","protected":false},"featured_media":8464,"comment_status":"open","ping_status":"closed","template":"","meta":[],"product_brand":[],"product_cat":[472,363,470],"product_tag":[484,487],"class_list":{"0":"post-8463","1":"product","2":"type-product","3":"status-publish","4":"has-post-thumbnail","6":"product_cat-1-pontos-elemek","7":"product_cat-hardver","8":"product_cat-traverz","9":"product_tag-duratruss","10":"product_tag-traverz","12":"first","13":"contact_us","14":"taxable","15":"shipping-taxable","16":"purchasable","17":"product-type-simple"},"yoast_head":"<!-- This site is optimized with the Yoast SEO Premium plugin v27.2 (Yoast SEO v27.2) - https:\/\/yoast.com\/product\/yoast-seo-premium-wordpress\/ -->\n<title>DT 31\/2-C41-X Aluminum Truss Tube<\/title>\n<meta name=\"description\" content=\"A 50 mm diameter, 2 mm wall thickness aluminum tube, ideal for truss systems. This component offers excellent durability and is part of an expandable system with various connection options and accessories. Suitable for event technology and exhibition stands.\" \/>\n<meta name=\"robots\" content=\"index, follow, max-snippet:-1, max-image-preview:large, max-video-preview:-1\" \/>\n<link rel=\"canonical\" href=\"http:\/\/A%2050%20mm%20diameter,%202%20mm%20wall%20thickness%20aluminum%20tube,%20ideal%20for%20truss%20systems.%20This%20component%20offers%20excellent%20durability%20and%20is%20part%20of%20an%20expandable%20system%20with%20various%20connection%20options%20and%20accessories.%20Suitable%20for%20event%20technology%20and%20exhibition%20stands.\" \/>\n<meta property=\"og:locale\" content=\"en_US\" \/>\n<meta property=\"og:type\" content=\"article\" \/>\n<meta property=\"og:title\" content=\"DT 31\/2-C41-X Aluminum Truss Tube\" \/>\n<meta property=\"og:description\" content=\"A 50 mm diameter, 2 mm wall thickness aluminum tube, ideal for truss systems. This component offers excellent durability and is part of an expandable system with various connection options and accessories. Suitable for event technology and exhibition stands.\" \/>\n<meta property=\"og:url\" content=\"https:\/\/stagezone.hu\/en\/product\/dt-31-2-c41-x-aluminum-truss-tube\/\" \/>\n<meta property=\"og:site_name\" content=\"StageZone\" \/>\n<meta property=\"article:publisher\" content=\"https:\/\/www.facebook.com\/stagezonehungary\/\" \/>\n<meta property=\"article:modified_time\" content=\"2026-05-04T18:51:10+00:00\" \/>\n<meta property=\"og:image\" content=\"https:\/\/stagezone.hu\/wp-content\/uploads\/2025\/09\/DT31-C41-X.jpg\" \/>\n\t<meta property=\"og:image:width\" content=\"1100\" \/>\n\t<meta property=\"og:image:height\" content=\"1100\" \/>\n\t<meta property=\"og:image:type\" content=\"image\/jpeg\" \/>\n<meta name=\"twitter:card\" content=\"summary_large_image\" \/>\n<meta name=\"twitter:label1\" content=\"Est. reading time\" \/>\n\t<meta name=\"twitter:data1\" content=\"2 minutes\" \/>\n<script type=\"application\/ld+json\" class=\"yoast-schema-graph\">{\"@context\":\"https:\/\/schema.org\",\"@graph\":[{\"@type\":\"WebPage\",\"@id\":\"https:\/\/stagezone.hu\/en\/product\/dt-31-2-c41-x-aluminum-truss-tube\/\",\"url\":\"https:\/\/stagezone.hu\/en\/product\/dt-31-2-c41-x-aluminum-truss-tube\/\",\"name\":\"DT 31\/2 C41-X - StageZone\",\"isPartOf\":{\"@id\":\"https:\/\/stagezone.hu\/#website\"},\"primaryImageOfPage\":{\"@id\":\"https:\/\/stagezone.hu\/en\/product\/dt-31-2-c41-x-aluminum-truss-tube\/#primaryimage\"},\"image\":{\"@id\":\"https:\/\/stagezone.hu\/en\/product\/dt-31-2-c41-x-aluminum-truss-tube\/#primaryimage\"},\"thumbnailUrl\":\"https:\/\/stagezone.hu\/wp-content\/uploads\/2025\/09\/DT31-C41-X.jpg\",\"datePublished\":\"2025-09-19T11:00:09+00:00\",\"dateModified\":\"2026-05-04T18:51:10+00:00\",\"description\":\"A DURATRUSS DT 31\/2 C41-X k\u00f6nny\u0171, m\u00e9gis er\u0151s alum\u00ednium traverzrendszer ki\u00e1ll\u00edt\u00e1sokhoz \u00e9s rendezv\u00e9nyekhez, gyors szerelhet\u0151s\u00e9ggel \u00e9s b\u0151v\u00edthet\u0151s\u00e9ggel.\",\"breadcrumb\":{\"@id\":\"https:\/\/stagezone.hu\/en\/product\/dt-31-2-c41-x-aluminum-truss-tube\/#breadcrumb\"},\"inLanguage\":\"en-US\",\"potentialAction\":[{\"@type\":\"ReadAction\",\"target\":[\"https:\/\/stagezone.hu\/en\/product\/dt-31-2-c41-x-aluminum-truss-tube\/\"]}]},{\"@type\":\"ImageObject\",\"inLanguage\":\"en-US\",\"@id\":\"https:\/\/stagezone.hu\/en\/product\/dt-31-2-c41-x-aluminum-truss-tube\/#primaryimage\",\"url\":\"https:\/\/stagezone.hu\/wp-content\/uploads\/2025\/09\/DT31-C41-X.jpg\",\"contentUrl\":\"https:\/\/stagezone.hu\/wp-content\/uploads\/2025\/09\/DT31-C41-X.jpg\",\"width\":1100,\"height\":1100,\"caption\":\"DT 31\/2 C41-X\"},{\"@type\":\"BreadcrumbList\",\"@id\":\"https:\/\/stagezone.hu\/en\/product\/dt-31-2-c41-x-aluminum-truss-tube\/#breadcrumb\",\"itemListElement\":[{\"@type\":\"ListItem\",\"position\":1,\"name\":\"Kezd\u0151lap\",\"item\":\"https:\/\/stagezone.hu\/\"},{\"@type\":\"ListItem\",\"position\":2,\"name\":\"\u00dczlet\",\"item\":\"https:\/\/stagezone.hu\/uzlet\/\"},{\"@type\":\"ListItem\",\"position\":3,\"name\":\"DT 31\/2-C41-X Aluminum Truss Tube\"}]},{\"@type\":\"WebSite\",\"@id\":\"https:\/\/stagezone.hu\/en\/#website\",\"url\":\"https:\/\/stagezone.hu\/en\/\",\"name\":\"StageZone - Ragyogj a Stagezone min\u0151s\u00e9gi f\u00e9nytechnik\u00e1j\u00e1val.\",\"description\":\"StageZone\",\"publisher\":{\"@id\":\"https:\/\/stagezone.hu\/en\/#organization\"},\"potentialAction\":[{\"@type\":\"SearchAction\",\"target\":{\"@type\":\"EntryPoint\",\"urlTemplate\":\"https:\/\/stagezone.hu\/en\/?s={search_term_string}\"},\"query-input\":{\"@type\":\"PropertyValueSpecification\",\"valueRequired\":true,\"valueName\":\"search_term_string\"}}],\"inLanguage\":\"en-US\"},{\"@type\":\"Organization\",\"@id\":\"https:\/\/stagezone.hu\/en\/#organization\",\"name\":\"StageZone\",\"url\":\"https:\/\/stagezone.hu\/en\/\",\"logo\":{\"@type\":\"ImageObject\",\"inLanguage\":\"en-US\",\"@id\":\"https:\/\/stagezone.hu\/en\/#\/schema\/logo\/image\/\",\"url\":\"https:\/\/stagezone.hu\/wp-content\/uploads\/2026\/01\/Adam-Hall_1000x1000-1-1.png\",\"contentUrl\":\"https:\/\/stagezone.hu\/wp-content\/uploads\/2026\/01\/Adam-Hall_1000x1000-1-1.png\",\"width\":1000,\"height\":1000,\"caption\":\"StageZone\"},\"image\":{\"@id\":\"https:\/\/stagezone.hu\/en\/#\/schema\/logo\/image\/\"},\"sameAs\":[\"https:\/\/www.facebook.com\/stagezonehungary\/\",\"https:\/\/www.instagram.com\/stagezonehungary\/\"]}]}<\/script>\n<!-- \/ Yoast SEO Premium plugin. -->","yoast_head_json":{"title":"DT 31\/2-C41-X Aluminum Truss Tube","description":"A 50 mm diameter, 2 mm wall thickness aluminum tube, ideal for truss systems. This component offers excellent durability and is part of an expandable system with various connection options and accessories. Suitable for event technology and exhibition stands.","robots":{"index":"index","follow":"follow","max-snippet":"max-snippet:-1","max-image-preview":"max-image-preview:large","max-video-preview":"max-video-preview:-1"},"canonical":"A 50 mm diameter, 2 mm wall thickness aluminum tube, ideal for truss systems. This component offers excellent durability and is part of an expandable system with various connection options and accessories. Suitable for event technology and exhibition stands.","og_locale":"en_US","og_type":"article","og_title":"DT 31\/2-C41-X Aluminum Truss Tube","og_description":"A 50 mm diameter, 2 mm wall thickness aluminum tube, ideal for truss systems. This component offers excellent durability and is part of an expandable system with various connection options and accessories. Suitable for event technology and exhibition stands.","og_url":"https:\/\/stagezone.hu\/en\/product\/dt-31-2-c41-x-aluminum-truss-tube\/","og_site_name":"StageZone","article_publisher":"https:\/\/www.facebook.com\/stagezonehungary\/","article_modified_time":"2026-05-04T18:51:10+00:00","og_image":[{"width":1100,"height":1100,"url":"https:\/\/stagezone.hu\/wp-content\/uploads\/2025\/09\/DT31-C41-X.jpg","type":"image\/jpeg"}],"twitter_card":"summary_large_image","twitter_misc":{"Est. reading time":"2 minutes"},"schema":{"@context":"https:\/\/schema.org","@graph":[{"@type":"WebPage","@id":"https:\/\/stagezone.hu\/en\/product\/dt-31-2-c41-x-aluminum-truss-tube\/","url":"https:\/\/stagezone.hu\/en\/product\/dt-31-2-c41-x-aluminum-truss-tube\/","name":"DT 31\/2 C41-X - StageZone","isPartOf":{"@id":"https:\/\/stagezone.hu\/#website"},"primaryImageOfPage":{"@id":"https:\/\/stagezone.hu\/en\/product\/dt-31-2-c41-x-aluminum-truss-tube\/#primaryimage"},"image":{"@id":"https:\/\/stagezone.hu\/en\/product\/dt-31-2-c41-x-aluminum-truss-tube\/#primaryimage"},"thumbnailUrl":"https:\/\/stagezone.hu\/wp-content\/uploads\/2025\/09\/DT31-C41-X.jpg","datePublished":"2025-09-19T11:00:09+00:00","dateModified":"2026-05-04T18:51:10+00:00","description":"A DURATRUSS DT 31\/2 C41-X k\u00f6nny\u0171, m\u00e9gis er\u0151s alum\u00ednium traverzrendszer ki\u00e1ll\u00edt\u00e1sokhoz \u00e9s rendezv\u00e9nyekhez, gyors szerelhet\u0151s\u00e9ggel \u00e9s b\u0151v\u00edthet\u0151s\u00e9ggel.","breadcrumb":{"@id":"https:\/\/stagezone.hu\/en\/product\/dt-31-2-c41-x-aluminum-truss-tube\/#breadcrumb"},"inLanguage":"en-US","potentialAction":[{"@type":"ReadAction","target":["https:\/\/stagezone.hu\/en\/product\/dt-31-2-c41-x-aluminum-truss-tube\/"]}]},{"@type":"ImageObject","inLanguage":"en-US","@id":"https:\/\/stagezone.hu\/en\/product\/dt-31-2-c41-x-aluminum-truss-tube\/#primaryimage","url":"https:\/\/stagezone.hu\/wp-content\/uploads\/2025\/09\/DT31-C41-X.jpg","contentUrl":"https:\/\/stagezone.hu\/wp-content\/uploads\/2025\/09\/DT31-C41-X.jpg","width":1100,"height":1100,"caption":"DT 31\/2 C41-X"},{"@type":"BreadcrumbList","@id":"https:\/\/stagezone.hu\/en\/product\/dt-31-2-c41-x-aluminum-truss-tube\/#breadcrumb","itemListElement":[{"@type":"ListItem","position":1,"name":"Kezd\u0151lap","item":"https:\/\/stagezone.hu\/"},{"@type":"ListItem","position":2,"name":"\u00dczlet","item":"https:\/\/stagezone.hu\/uzlet\/"},{"@type":"ListItem","position":3,"name":"DT 31\/2-C41-X Aluminum Truss Tube"}]},{"@type":"WebSite","@id":"https:\/\/stagezone.hu\/en\/#website","url":"https:\/\/stagezone.hu\/en\/","name":"StageZone - Ragyogj a Stagezone min\u0151s\u00e9gi f\u00e9nytechnik\u00e1j\u00e1val.","description":"StageZone","publisher":{"@id":"https:\/\/stagezone.hu\/en\/#organization"},"potentialAction":[{"@type":"SearchAction","target":{"@type":"EntryPoint","urlTemplate":"https:\/\/stagezone.hu\/en\/?s={search_term_string}"},"query-input":{"@type":"PropertyValueSpecification","valueRequired":true,"valueName":"search_term_string"}}],"inLanguage":"en-US"},{"@type":"Organization","@id":"https:\/\/stagezone.hu\/en\/#organization","name":"StageZone","url":"https:\/\/stagezone.hu\/en\/","logo":{"@type":"ImageObject","inLanguage":"en-US","@id":"https:\/\/stagezone.hu\/en\/#\/schema\/logo\/image\/","url":"https:\/\/stagezone.hu\/wp-content\/uploads\/2026\/01\/Adam-Hall_1000x1000-1-1.png","contentUrl":"https:\/\/stagezone.hu\/wp-content\/uploads\/2026\/01\/Adam-Hall_1000x1000-1-1.png","width":1000,"height":1000,"caption":"StageZone"},"image":{"@id":"https:\/\/stagezone.hu\/en\/#\/schema\/logo\/image\/"},"sameAs":["https:\/\/www.facebook.com\/stagezonehungary\/","https:\/\/www.instagram.com\/stagezonehungary\/"]}]}},"_links":{"self":[{"href":"https:\/\/stagezone.hu\/en\/wp-json\/wp\/v2\/product\/8463","targetHints":{"allow":["GET"]}}],"collection":[{"href":"https:\/\/stagezone.hu\/en\/wp-json\/wp\/v2\/product"}],"about":[{"href":"https:\/\/stagezone.hu\/en\/wp-json\/wp\/v2\/types\/product"}],"replies":[{"embeddable":true,"href":"https:\/\/stagezone.hu\/en\/wp-json\/wp\/v2\/comments?post=8463"}],"version-history":[{"count":3,"href":"https:\/\/stagezone.hu\/en\/wp-json\/wp\/v2\/product\/8463\/revisions"}],"predecessor-version":[{"id":10439,"href":"https:\/\/stagezone.hu\/en\/wp-json\/wp\/v2\/product\/8463\/revisions\/10439"}],"wp:featuredmedia":[{"embeddable":true,"href":"https:\/\/stagezone.hu\/en\/wp-json\/wp\/v2\/media\/8464"}],"wp:attachment":[{"href":"https:\/\/stagezone.hu\/en\/wp-json\/wp\/v2\/media?parent=8463"}],"wp:term":[{"taxonomy":"product_brand","embeddable":true,"href":"https:\/\/stagezone.hu\/en\/wp-json\/wp\/v2\/product_brand?post=8463"},{"taxonomy":"product_cat","embeddable":true,"href":"https:\/\/stagezone.hu\/en\/wp-json\/wp\/v2\/product_cat?post=8463"},{"taxonomy":"product_tag","embeddable":true,"href":"https:\/\/stagezone.hu\/en\/wp-json\/wp\/v2\/product_tag?post=8463"}],"curies":[{"name":"wp","href":"https:\/\/api.w.org\/{rel}","templated":true}]}}