{"id":8453,"date":"2025-09-10T16:00:10","date_gmt":"2025-09-10T15:00:10","guid":{"rendered":"https:\/\/stagezone.hu\/?post_type=product&#038;p=8453"},"modified":"2026-05-04T19:51:23","modified_gmt":"2026-05-04T18:51:23","slug":"fos-dj-table-pearl","status":"publish","type":"product","link":"https:\/\/stagezone.hu\/en\/product\/fos-dj-table-pearl-foldable-dj-table\/","title":{"rendered":"FOS DJ Table Pearl - Foldable DJ Table"},"content":{"rendered":"<p><strong>FOS DJ Table Pearl &#8211; foldable DJ table<\/strong><\/p>\n<p>The FOS DJ Table Pearl is a rack-based foldable DJ table specifically designed for mobile use. Its white color makes it blend perfectly into the interior for weddings. The wheels at the bottom of the rack and the spring-loaded handles on the sides facilitate transportation.<\/p>\n<p>FOS Technologies was founded in Athens in 2009 with the aim of providing efficiency, durability, outstanding performance, and easy maintainability with their products at an affordable price. The name &#8220;FOS&#8221; (Greek: \u03a6\u03a9\u03a3 = light) also reflects their mission: to bring light and experience to every production. Since then, FOS has exported its products to over 48 countries worldwide.<\/p>\n","protected":false},"excerpt":{"rendered":"<p>The FOS DJ Table Pearl is a white foldable DJ table with a width of 1230 mm, designed specifically for mobile use.<\/p>\n","protected":false},"featured_media":8454,"comment_status":"open","ping_status":"closed","template":"","meta":[],"product_brand":[],"product_cat":[335,363],"product_tag":[195,514],"class_list":{"0":"post-8453","1":"product","2":"type-product","3":"status-publish","4":"has-post-thumbnail","6":"product_cat-egyeb-allvanyok","7":"product_cat-hardver","8":"product_tag-dj","9":"product_tag-fos","11":"first","12":"contact_us","13":"taxable","14":"shipping-taxable","15":"purchasable","16":"product-type-simple"},"yoast_head":"<!-- This site is optimized with the Yoast SEO Premium plugin v27.2 (Yoast SEO v27.2) - https:\/\/yoast.com\/product\/yoast-seo-premium-wordpress\/ -->\n<title>FOS DJ Table Pearl - Foldable DJ Table<\/title>\n<meta name=\"description\" content=\"The FOS DJ Table Pearl is a white foldable DJ table with a width of 1230 mm, designed specifically for mobile use.\" \/>\n<meta name=\"robots\" content=\"index, follow, max-snippet:-1, max-image-preview:large, max-video-preview:-1\" \/>\n<link rel=\"canonical\" href=\"http:\/\/The%20FOS%20DJ%20Table%20Pearl%20is%20a%20white%20foldable%20DJ%20table%20with%20a%20width%20of%201230%20mm,%20designed%20specifically%20for%20mobile%20use.\" \/>\n<meta property=\"og:locale\" content=\"en_US\" \/>\n<meta property=\"og:type\" content=\"article\" \/>\n<meta property=\"og:title\" content=\"FOS DJ Table Pearl - Foldable DJ Table\" \/>\n<meta property=\"og:description\" content=\"The FOS DJ Table Pearl is a white foldable DJ table with a width of 1230 mm, designed specifically for mobile use.\" \/>\n<meta property=\"og:url\" content=\"https:\/\/stagezone.hu\/en\/product\/fos-dj-table-pearl-foldable-dj-table\/\" \/>\n<meta property=\"og:site_name\" content=\"StageZone\" \/>\n<meta property=\"article:publisher\" content=\"https:\/\/www.facebook.com\/stagezonehungary\/\" \/>\n<meta property=\"article:modified_time\" content=\"2026-05-04T18:51:23+00:00\" \/>\n<meta property=\"og:image\" content=\"https:\/\/stagezone.hu\/wp-content\/uploads\/2025\/09\/17-2.png\" \/>\n\t<meta property=\"og:image:width\" content=\"1125\" \/>\n\t<meta property=\"og:image:height\" content=\"1125\" \/>\n\t<meta property=\"og:image:type\" content=\"image\/png\" \/>\n<meta name=\"twitter:card\" content=\"summary_large_image\" \/>\n<meta name=\"twitter:label1\" content=\"Est. reading time\" \/>\n\t<meta name=\"twitter:data1\" content=\"1 minute\" \/>\n<script type=\"application\/ld+json\" class=\"yoast-schema-graph\">{\"@context\":\"https:\/\/schema.org\",\"@graph\":[{\"@type\":\"WebPage\",\"@id\":\"https:\/\/stagezone.hu\/en\/product\/fos-dj-table-pearl-foldable-dj-table\/\",\"url\":\"https:\/\/stagezone.hu\/en\/product\/fos-dj-table-pearl-foldable-dj-table\/\",\"name\":\"FOS DJ Table Pearl - StageZone\",\"isPartOf\":{\"@id\":\"https:\/\/stagezone.hu\/#website\"},\"primaryImageOfPage\":{\"@id\":\"https:\/\/stagezone.hu\/en\/product\/fos-dj-table-pearl-foldable-dj-table\/#primaryimage\"},\"image\":{\"@id\":\"https:\/\/stagezone.hu\/en\/product\/fos-dj-table-pearl-foldable-dj-table\/#primaryimage\"},\"thumbnailUrl\":\"https:\/\/stagezone.hu\/wp-content\/uploads\/2025\/09\/17-2.png\",\"datePublished\":\"2025-09-10T15:00:10+00:00\",\"dateModified\":\"2026-05-04T18:51:23+00:00\",\"description\":\"A FOS DJ Table Pearl egy feh\u00e9r kihajthat\u00f3 DJ asztal, 1230 mm sz\u00e9less\u00e9ggel, melyet kifejezetten mobil felhaszn\u00e1l\u00e1sra terveztek.\",\"breadcrumb\":{\"@id\":\"https:\/\/stagezone.hu\/en\/product\/fos-dj-table-pearl-foldable-dj-table\/#breadcrumb\"},\"inLanguage\":\"en-US\",\"potentialAction\":[{\"@type\":\"ReadAction\",\"target\":[\"https:\/\/stagezone.hu\/en\/product\/fos-dj-table-pearl-foldable-dj-table\/\"]}]},{\"@type\":\"ImageObject\",\"inLanguage\":\"en-US\",\"@id\":\"https:\/\/stagezone.hu\/en\/product\/fos-dj-table-pearl-foldable-dj-table\/#primaryimage\",\"url\":\"https:\/\/stagezone.hu\/wp-content\/uploads\/2025\/09\/17-2.png\",\"contentUrl\":\"https:\/\/stagezone.hu\/wp-content\/uploads\/2025\/09\/17-2.png\",\"width\":1125,\"height\":1125,\"caption\":\"FOS DJ Table Pearl\"},{\"@type\":\"BreadcrumbList\",\"@id\":\"https:\/\/stagezone.hu\/en\/product\/fos-dj-table-pearl-foldable-dj-table\/#breadcrumb\",\"itemListElement\":[{\"@type\":\"ListItem\",\"position\":1,\"name\":\"Kezd\u0151lap\",\"item\":\"https:\/\/stagezone.hu\/\"},{\"@type\":\"ListItem\",\"position\":2,\"name\":\"\u00dczlet\",\"item\":\"https:\/\/stagezone.hu\/uzlet\/\"},{\"@type\":\"ListItem\",\"position\":3,\"name\":\"FOS DJ Table Pearl - Foldable DJ Table\"}]},{\"@type\":\"WebSite\",\"@id\":\"https:\/\/stagezone.hu\/en\/#website\",\"url\":\"https:\/\/stagezone.hu\/en\/\",\"name\":\"StageZone - Ragyogj a Stagezone min\u0151s\u00e9gi f\u00e9nytechnik\u00e1j\u00e1val.\",\"description\":\"StageZone\",\"publisher\":{\"@id\":\"https:\/\/stagezone.hu\/en\/#organization\"},\"potentialAction\":[{\"@type\":\"SearchAction\",\"target\":{\"@type\":\"EntryPoint\",\"urlTemplate\":\"https:\/\/stagezone.hu\/en\/?s={search_term_string}\"},\"query-input\":{\"@type\":\"PropertyValueSpecification\",\"valueRequired\":true,\"valueName\":\"search_term_string\"}}],\"inLanguage\":\"en-US\"},{\"@type\":\"Organization\",\"@id\":\"https:\/\/stagezone.hu\/en\/#organization\",\"name\":\"StageZone\",\"url\":\"https:\/\/stagezone.hu\/en\/\",\"logo\":{\"@type\":\"ImageObject\",\"inLanguage\":\"en-US\",\"@id\":\"https:\/\/stagezone.hu\/en\/#\/schema\/logo\/image\/\",\"url\":\"https:\/\/stagezone.hu\/wp-content\/uploads\/2026\/01\/Adam-Hall_1000x1000-1-1.png\",\"contentUrl\":\"https:\/\/stagezone.hu\/wp-content\/uploads\/2026\/01\/Adam-Hall_1000x1000-1-1.png\",\"width\":1000,\"height\":1000,\"caption\":\"StageZone\"},\"image\":{\"@id\":\"https:\/\/stagezone.hu\/en\/#\/schema\/logo\/image\/\"},\"sameAs\":[\"https:\/\/www.facebook.com\/stagezonehungary\/\",\"https:\/\/www.instagram.com\/stagezonehungary\/\"]}]}<\/script>\n<!-- \/ Yoast SEO Premium plugin. -->","yoast_head_json":{"title":"FOS DJ Table Pearl - Foldable DJ Table","description":"The FOS DJ Table Pearl is a white foldable DJ table with a width of 1230 mm, designed specifically for mobile use.","robots":{"index":"index","follow":"follow","max-snippet":"max-snippet:-1","max-image-preview":"max-image-preview:large","max-video-preview":"max-video-preview:-1"},"canonical":"The FOS DJ Table Pearl is a white foldable DJ table with a width of 1230 mm, designed specifically for mobile use.","og_locale":"en_US","og_type":"article","og_title":"FOS DJ Table Pearl - Foldable DJ Table","og_description":"The FOS DJ Table Pearl is a white foldable DJ table with a width of 1230 mm, designed specifically for mobile use.","og_url":"https:\/\/stagezone.hu\/en\/product\/fos-dj-table-pearl-foldable-dj-table\/","og_site_name":"StageZone","article_publisher":"https:\/\/www.facebook.com\/stagezonehungary\/","article_modified_time":"2026-05-04T18:51:23+00:00","og_image":[{"width":1125,"height":1125,"url":"https:\/\/stagezone.hu\/wp-content\/uploads\/2025\/09\/17-2.png","type":"image\/png"}],"twitter_card":"summary_large_image","twitter_misc":{"Est. reading time":"1 minute"},"schema":{"@context":"https:\/\/schema.org","@graph":[{"@type":"WebPage","@id":"https:\/\/stagezone.hu\/en\/product\/fos-dj-table-pearl-foldable-dj-table\/","url":"https:\/\/stagezone.hu\/en\/product\/fos-dj-table-pearl-foldable-dj-table\/","name":"FOS DJ Table Pearl - StageZone","isPartOf":{"@id":"https:\/\/stagezone.hu\/#website"},"primaryImageOfPage":{"@id":"https:\/\/stagezone.hu\/en\/product\/fos-dj-table-pearl-foldable-dj-table\/#primaryimage"},"image":{"@id":"https:\/\/stagezone.hu\/en\/product\/fos-dj-table-pearl-foldable-dj-table\/#primaryimage"},"thumbnailUrl":"https:\/\/stagezone.hu\/wp-content\/uploads\/2025\/09\/17-2.png","datePublished":"2025-09-10T15:00:10+00:00","dateModified":"2026-05-04T18:51:23+00:00","description":"A FOS DJ Table Pearl egy feh\u00e9r kihajthat\u00f3 DJ asztal, 1230 mm sz\u00e9less\u00e9ggel, melyet kifejezetten mobil felhaszn\u00e1l\u00e1sra terveztek.","breadcrumb":{"@id":"https:\/\/stagezone.hu\/en\/product\/fos-dj-table-pearl-foldable-dj-table\/#breadcrumb"},"inLanguage":"en-US","potentialAction":[{"@type":"ReadAction","target":["https:\/\/stagezone.hu\/en\/product\/fos-dj-table-pearl-foldable-dj-table\/"]}]},{"@type":"ImageObject","inLanguage":"en-US","@id":"https:\/\/stagezone.hu\/en\/product\/fos-dj-table-pearl-foldable-dj-table\/#primaryimage","url":"https:\/\/stagezone.hu\/wp-content\/uploads\/2025\/09\/17-2.png","contentUrl":"https:\/\/stagezone.hu\/wp-content\/uploads\/2025\/09\/17-2.png","width":1125,"height":1125,"caption":"FOS DJ Table Pearl"},{"@type":"BreadcrumbList","@id":"https:\/\/stagezone.hu\/en\/product\/fos-dj-table-pearl-foldable-dj-table\/#breadcrumb","itemListElement":[{"@type":"ListItem","position":1,"name":"Kezd\u0151lap","item":"https:\/\/stagezone.hu\/"},{"@type":"ListItem","position":2,"name":"\u00dczlet","item":"https:\/\/stagezone.hu\/uzlet\/"},{"@type":"ListItem","position":3,"name":"FOS DJ Table Pearl - Foldable DJ Table"}]},{"@type":"WebSite","@id":"https:\/\/stagezone.hu\/en\/#website","url":"https:\/\/stagezone.hu\/en\/","name":"StageZone - Ragyogj a Stagezone min\u0151s\u00e9gi f\u00e9nytechnik\u00e1j\u00e1val.","description":"StageZone","publisher":{"@id":"https:\/\/stagezone.hu\/en\/#organization"},"potentialAction":[{"@type":"SearchAction","target":{"@type":"EntryPoint","urlTemplate":"https:\/\/stagezone.hu\/en\/?s={search_term_string}"},"query-input":{"@type":"PropertyValueSpecification","valueRequired":true,"valueName":"search_term_string"}}],"inLanguage":"en-US"},{"@type":"Organization","@id":"https:\/\/stagezone.hu\/en\/#organization","name":"StageZone","url":"https:\/\/stagezone.hu\/en\/","logo":{"@type":"ImageObject","inLanguage":"en-US","@id":"https:\/\/stagezone.hu\/en\/#\/schema\/logo\/image\/","url":"https:\/\/stagezone.hu\/wp-content\/uploads\/2026\/01\/Adam-Hall_1000x1000-1-1.png","contentUrl":"https:\/\/stagezone.hu\/wp-content\/uploads\/2026\/01\/Adam-Hall_1000x1000-1-1.png","width":1000,"height":1000,"caption":"StageZone"},"image":{"@id":"https:\/\/stagezone.hu\/en\/#\/schema\/logo\/image\/"},"sameAs":["https:\/\/www.facebook.com\/stagezonehungary\/","https:\/\/www.instagram.com\/stagezonehungary\/"]}]}},"_links":{"self":[{"href":"https:\/\/stagezone.hu\/en\/wp-json\/wp\/v2\/product\/8453","targetHints":{"allow":["GET"]}}],"collection":[{"href":"https:\/\/stagezone.hu\/en\/wp-json\/wp\/v2\/product"}],"about":[{"href":"https:\/\/stagezone.hu\/en\/wp-json\/wp\/v2\/types\/product"}],"replies":[{"embeddable":true,"href":"https:\/\/stagezone.hu\/en\/wp-json\/wp\/v2\/comments?post=8453"}],"version-history":[{"count":1,"href":"https:\/\/stagezone.hu\/en\/wp-json\/wp\/v2\/product\/8453\/revisions"}],"predecessor-version":[{"id":8460,"href":"https:\/\/stagezone.hu\/en\/wp-json\/wp\/v2\/product\/8453\/revisions\/8460"}],"wp:featuredmedia":[{"embeddable":true,"href":"https:\/\/stagezone.hu\/en\/wp-json\/wp\/v2\/media\/8454"}],"wp:attachment":[{"href":"https:\/\/stagezone.hu\/en\/wp-json\/wp\/v2\/media?parent=8453"}],"wp:term":[{"taxonomy":"product_brand","embeddable":true,"href":"https:\/\/stagezone.hu\/en\/wp-json\/wp\/v2\/product_brand?post=8453"},{"taxonomy":"product_cat","embeddable":true,"href":"https:\/\/stagezone.hu\/en\/wp-json\/wp\/v2\/product_cat?post=8453"},{"taxonomy":"product_tag","embeddable":true,"href":"https:\/\/stagezone.hu\/en\/wp-json\/wp\/v2\/product_tag?post=8453"}],"curies":[{"name":"wp","href":"https:\/\/api.w.org\/{rel}","templated":true}]}}