{"id":8432,"date":"2025-09-10T16:00:51","date_gmt":"2025-09-10T15:00:51","guid":{"rendered":"https:\/\/stagezone.hu\/?post_type=product&#038;p=8432"},"modified":"2026-05-04T19:51:15","modified_gmt":"2026-05-04T18:51:15","slug":"ftc-trusscover-2m","status":"publish","type":"product","link":"https:\/\/stagezone.hu\/en\/product\/ftc-trusscover-2m-black\/","title":{"rendered":"FTC Trusscover 2m - Black"},"content":{"rendered":"<p><strong>FTC Trusscover 2m &#8211; Black<\/strong><\/p>\n<p>The FTC Trusscover 2m allows you to hide the cold metal color of your truss. It is an ideal choice for elegant events and weddings. Compatible with any standard truss element.<\/p>\n<p>FOS Technologies was founded in Athens in 2009 with the aim of providing efficiency, durability, outstanding performance, and easy maintainability at affordable prices with their products. The name &#8220;FOS&#8221; (Greek: \u03a6\u03a9\u03a3 = light) also reflects their mission: to bring light and experience to every production. Since then, FOS has exported its products to over 48 countries worldwide.<\/p>\n","protected":false},"excerpt":{"rendered":"<p>The FTC Trusscover 2m hides the cold metal color of your truss, making it ideal for elegant events and weddings.<\/p>\n","protected":false},"featured_media":8430,"comment_status":"open","ping_status":"closed","template":"","meta":[],"product_brand":[],"product_cat":[363,470,508],"product_tag":[514,509],"class_list":{"0":"post-8432","1":"product","2":"type-product","3":"status-publish","4":"has-post-thumbnail","6":"product_cat-hardver","7":"product_cat-traverz","8":"product_cat-traverz-kiegeszitok","9":"product_tag-fos","10":"product_tag-trusscover","12":"first","13":"contact_us","14":"taxable","15":"shipping-taxable","16":"purchasable","17":"product-type-simple"},"yoast_head":"<!-- This site is optimized with the Yoast SEO Premium plugin v27.2 (Yoast SEO v27.2) - https:\/\/yoast.com\/product\/yoast-seo-premium-wordpress\/ -->\n<title>FTC Trusscover 2m - Black<\/title>\n<meta name=\"description\" content=\"The FTC Trusscover 2m hides the cold metal color of your truss, making it ideal for elegant events and weddings.\" \/>\n<meta name=\"robots\" content=\"index, follow, max-snippet:-1, max-image-preview:large, max-video-preview:-1\" \/>\n<link rel=\"canonical\" href=\"http:\/\/The%20FTC%20Trusscover%202m%20hides%20the%20cold%20metal%20color%20of%20your%20truss,%20making%20it%20ideal%20for%20elegant%20events%20and%20weddings.\" \/>\n<meta property=\"og:locale\" content=\"en_US\" \/>\n<meta property=\"og:type\" content=\"article\" \/>\n<meta property=\"og:title\" content=\"FTC Trusscover 2m - Black\" \/>\n<meta property=\"og:description\" content=\"The FTC Trusscover 2m hides the cold metal color of your truss, making it ideal for elegant events and weddings.\" \/>\n<meta property=\"og:url\" content=\"https:\/\/stagezone.hu\/en\/product\/ftc-trusscover-2m-black\/\" \/>\n<meta property=\"og:site_name\" content=\"StageZone\" \/>\n<meta property=\"article:publisher\" content=\"https:\/\/www.facebook.com\/stagezonehungary\/\" \/>\n<meta property=\"article:modified_time\" content=\"2026-05-04T18:51:15+00:00\" \/>\n<meta property=\"og:image\" content=\"https:\/\/stagezone.hu\/wp-content\/uploads\/2025\/09\/2-1.png\" \/>\n\t<meta property=\"og:image:width\" content=\"1125\" \/>\n\t<meta property=\"og:image:height\" content=\"1125\" \/>\n\t<meta property=\"og:image:type\" content=\"image\/png\" \/>\n<meta name=\"twitter:card\" content=\"summary_large_image\" \/>\n<meta name=\"twitter:label1\" content=\"Est. reading time\" \/>\n\t<meta name=\"twitter:data1\" content=\"1 minute\" \/>\n<script type=\"application\/ld+json\" class=\"yoast-schema-graph\">{\"@context\":\"https:\/\/schema.org\",\"@graph\":[{\"@type\":\"WebPage\",\"@id\":\"https:\/\/stagezone.hu\/en\/product\/ftc-trusscover-2m-black\/\",\"url\":\"https:\/\/stagezone.hu\/en\/product\/ftc-trusscover-2m-black\/\",\"name\":\"FTC Trusscover 2m - StageZone\",\"isPartOf\":{\"@id\":\"https:\/\/stagezone.hu\/#website\"},\"primaryImageOfPage\":{\"@id\":\"https:\/\/stagezone.hu\/en\/product\/ftc-trusscover-2m-black\/#primaryimage\"},\"image\":{\"@id\":\"https:\/\/stagezone.hu\/en\/product\/ftc-trusscover-2m-black\/#primaryimage\"},\"thumbnailUrl\":\"https:\/\/stagezone.hu\/wp-content\/uploads\/2025\/09\/2-1.png\",\"datePublished\":\"2025-09-10T15:00:51+00:00\",\"dateModified\":\"2026-05-04T18:51:15+00:00\",\"description\":\"Az FTC Trusscover 2m seg\u00edts\u00e9g\u00e9vel eleg\u00e1nss\u00e1 teheted a traverzeket. Elfedi a f\u00e9m sz\u00edn\u00e9t, a k\u00e1beleket, valamint letisztult hat\u00e1st ny\u00fajt.\",\"breadcrumb\":{\"@id\":\"https:\/\/stagezone.hu\/en\/product\/ftc-trusscover-2m-black\/#breadcrumb\"},\"inLanguage\":\"en-US\",\"potentialAction\":[{\"@type\":\"ReadAction\",\"target\":[\"https:\/\/stagezone.hu\/en\/product\/ftc-trusscover-2m-black\/\"]}]},{\"@type\":\"ImageObject\",\"inLanguage\":\"en-US\",\"@id\":\"https:\/\/stagezone.hu\/en\/product\/ftc-trusscover-2m-black\/#primaryimage\",\"url\":\"https:\/\/stagezone.hu\/wp-content\/uploads\/2025\/09\/2-1.png\",\"contentUrl\":\"https:\/\/stagezone.hu\/wp-content\/uploads\/2025\/09\/2-1.png\",\"width\":1125,\"height\":1125,\"caption\":\"FTC Trusscover 1m\"},{\"@type\":\"BreadcrumbList\",\"@id\":\"https:\/\/stagezone.hu\/en\/product\/ftc-trusscover-2m-black\/#breadcrumb\",\"itemListElement\":[{\"@type\":\"ListItem\",\"position\":1,\"name\":\"Kezd\u0151lap\",\"item\":\"https:\/\/stagezone.hu\/\"},{\"@type\":\"ListItem\",\"position\":2,\"name\":\"\u00dczlet\",\"item\":\"https:\/\/stagezone.hu\/uzlet\/\"},{\"@type\":\"ListItem\",\"position\":3,\"name\":\"FTC Trusscover 2m - Black\"}]},{\"@type\":\"WebSite\",\"@id\":\"https:\/\/stagezone.hu\/en\/#website\",\"url\":\"https:\/\/stagezone.hu\/en\/\",\"name\":\"StageZone - Ragyogj a Stagezone min\u0151s\u00e9gi f\u00e9nytechnik\u00e1j\u00e1val.\",\"description\":\"StageZone\",\"publisher\":{\"@id\":\"https:\/\/stagezone.hu\/en\/#organization\"},\"potentialAction\":[{\"@type\":\"SearchAction\",\"target\":{\"@type\":\"EntryPoint\",\"urlTemplate\":\"https:\/\/stagezone.hu\/en\/?s={search_term_string}\"},\"query-input\":{\"@type\":\"PropertyValueSpecification\",\"valueRequired\":true,\"valueName\":\"search_term_string\"}}],\"inLanguage\":\"en-US\"},{\"@type\":\"Organization\",\"@id\":\"https:\/\/stagezone.hu\/en\/#organization\",\"name\":\"StageZone\",\"url\":\"https:\/\/stagezone.hu\/en\/\",\"logo\":{\"@type\":\"ImageObject\",\"inLanguage\":\"en-US\",\"@id\":\"https:\/\/stagezone.hu\/en\/#\/schema\/logo\/image\/\",\"url\":\"https:\/\/stagezone.hu\/wp-content\/uploads\/2026\/01\/Adam-Hall_1000x1000-1-1.png\",\"contentUrl\":\"https:\/\/stagezone.hu\/wp-content\/uploads\/2026\/01\/Adam-Hall_1000x1000-1-1.png\",\"width\":1000,\"height\":1000,\"caption\":\"StageZone\"},\"image\":{\"@id\":\"https:\/\/stagezone.hu\/en\/#\/schema\/logo\/image\/\"},\"sameAs\":[\"https:\/\/www.facebook.com\/stagezonehungary\/\",\"https:\/\/www.instagram.com\/stagezonehungary\/\"]}]}<\/script>\n<!-- \/ Yoast SEO Premium plugin. -->","yoast_head_json":{"title":"FTC Trusscover 2m - Black","description":"The FTC Trusscover 2m hides the cold metal color of your truss, making it ideal for elegant events and weddings.","robots":{"index":"index","follow":"follow","max-snippet":"max-snippet:-1","max-image-preview":"max-image-preview:large","max-video-preview":"max-video-preview:-1"},"canonical":"The FTC Trusscover 2m hides the cold metal color of your truss, making it ideal for elegant events and weddings.","og_locale":"en_US","og_type":"article","og_title":"FTC Trusscover 2m - Black","og_description":"The FTC Trusscover 2m hides the cold metal color of your truss, making it ideal for elegant events and weddings.","og_url":"https:\/\/stagezone.hu\/en\/product\/ftc-trusscover-2m-black\/","og_site_name":"StageZone","article_publisher":"https:\/\/www.facebook.com\/stagezonehungary\/","article_modified_time":"2026-05-04T18:51:15+00:00","og_image":[{"width":1125,"height":1125,"url":"https:\/\/stagezone.hu\/wp-content\/uploads\/2025\/09\/2-1.png","type":"image\/png"}],"twitter_card":"summary_large_image","twitter_misc":{"Est. reading time":"1 minute"},"schema":{"@context":"https:\/\/schema.org","@graph":[{"@type":"WebPage","@id":"https:\/\/stagezone.hu\/en\/product\/ftc-trusscover-2m-black\/","url":"https:\/\/stagezone.hu\/en\/product\/ftc-trusscover-2m-black\/","name":"FTC Trusscover 2m - StageZone","isPartOf":{"@id":"https:\/\/stagezone.hu\/#website"},"primaryImageOfPage":{"@id":"https:\/\/stagezone.hu\/en\/product\/ftc-trusscover-2m-black\/#primaryimage"},"image":{"@id":"https:\/\/stagezone.hu\/en\/product\/ftc-trusscover-2m-black\/#primaryimage"},"thumbnailUrl":"https:\/\/stagezone.hu\/wp-content\/uploads\/2025\/09\/2-1.png","datePublished":"2025-09-10T15:00:51+00:00","dateModified":"2026-05-04T18:51:15+00:00","description":"Az FTC Trusscover 2m seg\u00edts\u00e9g\u00e9vel eleg\u00e1nss\u00e1 teheted a traverzeket. Elfedi a f\u00e9m sz\u00edn\u00e9t, a k\u00e1beleket, valamint letisztult hat\u00e1st ny\u00fajt.","breadcrumb":{"@id":"https:\/\/stagezone.hu\/en\/product\/ftc-trusscover-2m-black\/#breadcrumb"},"inLanguage":"en-US","potentialAction":[{"@type":"ReadAction","target":["https:\/\/stagezone.hu\/en\/product\/ftc-trusscover-2m-black\/"]}]},{"@type":"ImageObject","inLanguage":"en-US","@id":"https:\/\/stagezone.hu\/en\/product\/ftc-trusscover-2m-black\/#primaryimage","url":"https:\/\/stagezone.hu\/wp-content\/uploads\/2025\/09\/2-1.png","contentUrl":"https:\/\/stagezone.hu\/wp-content\/uploads\/2025\/09\/2-1.png","width":1125,"height":1125,"caption":"FTC Trusscover 1m"},{"@type":"BreadcrumbList","@id":"https:\/\/stagezone.hu\/en\/product\/ftc-trusscover-2m-black\/#breadcrumb","itemListElement":[{"@type":"ListItem","position":1,"name":"Kezd\u0151lap","item":"https:\/\/stagezone.hu\/"},{"@type":"ListItem","position":2,"name":"\u00dczlet","item":"https:\/\/stagezone.hu\/uzlet\/"},{"@type":"ListItem","position":3,"name":"FTC Trusscover 2m - Black"}]},{"@type":"WebSite","@id":"https:\/\/stagezone.hu\/en\/#website","url":"https:\/\/stagezone.hu\/en\/","name":"StageZone - Ragyogj a Stagezone min\u0151s\u00e9gi f\u00e9nytechnik\u00e1j\u00e1val.","description":"StageZone","publisher":{"@id":"https:\/\/stagezone.hu\/en\/#organization"},"potentialAction":[{"@type":"SearchAction","target":{"@type":"EntryPoint","urlTemplate":"https:\/\/stagezone.hu\/en\/?s={search_term_string}"},"query-input":{"@type":"PropertyValueSpecification","valueRequired":true,"valueName":"search_term_string"}}],"inLanguage":"en-US"},{"@type":"Organization","@id":"https:\/\/stagezone.hu\/en\/#organization","name":"StageZone","url":"https:\/\/stagezone.hu\/en\/","logo":{"@type":"ImageObject","inLanguage":"en-US","@id":"https:\/\/stagezone.hu\/en\/#\/schema\/logo\/image\/","url":"https:\/\/stagezone.hu\/wp-content\/uploads\/2026\/01\/Adam-Hall_1000x1000-1-1.png","contentUrl":"https:\/\/stagezone.hu\/wp-content\/uploads\/2026\/01\/Adam-Hall_1000x1000-1-1.png","width":1000,"height":1000,"caption":"StageZone"},"image":{"@id":"https:\/\/stagezone.hu\/en\/#\/schema\/logo\/image\/"},"sameAs":["https:\/\/www.facebook.com\/stagezonehungary\/","https:\/\/www.instagram.com\/stagezonehungary\/"]}]}},"_links":{"self":[{"href":"https:\/\/stagezone.hu\/en\/wp-json\/wp\/v2\/product\/8432","targetHints":{"allow":["GET"]}}],"collection":[{"href":"https:\/\/stagezone.hu\/en\/wp-json\/wp\/v2\/product"}],"about":[{"href":"https:\/\/stagezone.hu\/en\/wp-json\/wp\/v2\/types\/product"}],"replies":[{"embeddable":true,"href":"https:\/\/stagezone.hu\/en\/wp-json\/wp\/v2\/comments?post=8432"}],"version-history":[{"count":4,"href":"https:\/\/stagezone.hu\/en\/wp-json\/wp\/v2\/product\/8432\/revisions"}],"predecessor-version":[{"id":10523,"href":"https:\/\/stagezone.hu\/en\/wp-json\/wp\/v2\/product\/8432\/revisions\/10523"}],"wp:featuredmedia":[{"embeddable":true,"href":"https:\/\/stagezone.hu\/en\/wp-json\/wp\/v2\/media\/8430"}],"wp:attachment":[{"href":"https:\/\/stagezone.hu\/en\/wp-json\/wp\/v2\/media?parent=8432"}],"wp:term":[{"taxonomy":"product_brand","embeddable":true,"href":"https:\/\/stagezone.hu\/en\/wp-json\/wp\/v2\/product_brand?post=8432"},{"taxonomy":"product_cat","embeddable":true,"href":"https:\/\/stagezone.hu\/en\/wp-json\/wp\/v2\/product_cat?post=8432"},{"taxonomy":"product_tag","embeddable":true,"href":"https:\/\/stagezone.hu\/en\/wp-json\/wp\/v2\/product_tag?post=8432"}],"curies":[{"name":"wp","href":"https:\/\/api.w.org\/{rel}","templated":true}]}}