{"id":8411,"date":"2025-09-10T16:00:59","date_gmt":"2025-09-10T15:00:59","guid":{"rendered":"https:\/\/stagezone.hu\/?post_type=product&#038;p=8411"},"modified":"2026-05-04T19:51:13","modified_gmt":"2026-05-04T18:51:13","slug":"fos-water-low-fog-2000","status":"publish","type":"product","link":"https:\/\/stagezone.hu\/en\/product\/fos-water-low-fog-2000-1200w-low-fog-machine\/","title":{"rendered":"FOS Water Low FOG 2000 - 1200W Low Fog Machine"},"content":{"rendered":"<p><strong>FOS Water Low FOG 2000 &#8211; 1200W Heavy Fog Machine<\/strong><\/p>\n<p>A heavy fog machine that does not require dry ice or CO2. The FOS Water Low FOG 2000 creates ground-level fog using a mixture of distilled water and fog fluid. The device has a warm-up time of 3 minutes, after which it is ready for immediate use. With its power, it can cover a maximum of 100 m\u00b2 with fog without loss.<\/p>\n<p><strong data-start=\"247\" data-end=\"267\">FOS Technologies<\/strong> was founded in Athens in 2009 with the goal of providing efficiency, durability, outstanding performance, and easy maintenance at affordable prices with their products. The name &#8220;FOS&#8221; (Greek: \u03a6\u03a9\u03a3 = light) also reflects their mission: to bring light and experience to every production. Since then, FOS has exported its products to over 48 countries worldwide.<\/p>\n<blockquote class=\"tiktok-embed\" cite=\"https:\/\/www.tiktok.com\/@stagezone.hu\/video\/7570773040133344534\" data-video-id=\"7570773040133344534\" data-embed-from=\"oembed\" style=\"max-width:605px; min-width:325px;\">\n<section> <a target=\"_blank\" title=\"@stagezone.hu\" href=\"https:\/\/www.tiktok.com\/@stagezone.hu?refer=embed\">@stagezone.hu<\/a> <\/p>\n<p>K\u00f6vetkez\u0151 szerepl\u0151nk az ultrahangos neh\u00e9zf\u00fcstg\u00e9p! Egyszer\u0171 \u00fczemeltet\u00e9s, l\u00e1tv\u00e1nyos hat\u00e1s!\ud83d\udca8 <a title=\"smoke\" target=\"_blank\" href=\"https:\/\/www.tiktok.com\/tag\/smoke?refer=embed\">#smoke<\/a> <a title=\"fenytechnika\" target=\"_blank\" href=\"https:\/\/www.tiktok.com\/tag\/fenytechnika?refer=embed\">#fenytechnika<\/a> <a title=\"effect\" target=\"_blank\" href=\"https:\/\/www.tiktok.com\/tag\/effect?refer=embed\">#effect<\/a> <a title=\"fos\" target=\"_blank\" href=\"https:\/\/www.tiktok.com\/tag\/fos?refer=embed\">#fos<\/a> <a title=\"fyp\" target=\"_blank\" href=\"https:\/\/www.tiktok.com\/tag\/fyp?refer=embed\">#fyp<\/a> <\/p>\n<p> <a target=\"_blank\" title=\"\u266c Drake style\u30fbLife Is Good style(1547997) - Burning Man\" href=\"https:\/\/www.tiktok.com\/music\/Drake-style-Life-Is-Good-style-1547997-7369308454891931665?refer=embed\">\u266c Drake style\u30fbLife Is Good style(1547997) &#8211; Burning Man<\/a> <\/section>\n<\/blockquote>\n<p> <script async src=\"https:\/\/www.tiktok.com\/embed.js\"><\/script><\/p>\n","protected":false},"excerpt":{"rendered":"<p>The FOS Water Low FOG 2000 is a 1200W heavy fog machine that operates with distilled water and fog fluid, controllable via DMX.<\/p>\n","protected":false},"featured_media":8412,"comment_status":"open","ping_status":"closed","template":"","meta":[],"product_brand":[],"product_cat":[178,185],"product_tag":[514,520],"class_list":{"0":"post-8411","1":"product","2":"type-product","3":"status-publish","4":"has-post-thumbnail","6":"product_cat-effekt","7":"product_cat-fustgep","8":"product_tag-fos","9":"product_tag-nehezfust","11":"first","12":"contact_us","13":"taxable","14":"shipping-taxable","15":"purchasable","16":"product-type-simple"},"yoast_head":"<!-- This site is optimized with the Yoast SEO Premium plugin v27.2 (Yoast SEO v27.2) - https:\/\/yoast.com\/product\/yoast-seo-premium-wordpress\/ -->\n<title>FOS Water Low FOG 2000 - 1200W Low Fog Machine<\/title>\n<meta name=\"description\" content=\"The FOS Water Low FOG 2000 is a 1200W heavy fog machine that operates with distilled water and fog fluid, controllable via DMX.\" \/>\n<meta name=\"robots\" content=\"index, follow, max-snippet:-1, max-image-preview:large, max-video-preview:-1\" \/>\n<link rel=\"canonical\" href=\"http:\/\/The%20FOS%20Water%20Low%20FOG%202000%20is%20a%201200W%20heavy%20fog%20machine%20that%20operates%20with%20distilled%20water%20and%20fog%20fluid,%20controllable%20via%20DMX.\" \/>\n<meta property=\"og:locale\" content=\"en_US\" \/>\n<meta property=\"og:type\" content=\"article\" \/>\n<meta property=\"og:title\" content=\"FOS Water Low FOG 2000 - 1200W Low Fog Machine\" \/>\n<meta property=\"og:description\" content=\"The FOS Water Low FOG 2000 is a 1200W heavy fog machine that operates with distilled water and fog fluid, controllable via DMX.\" \/>\n<meta property=\"og:url\" content=\"https:\/\/stagezone.hu\/en\/product\/fos-water-low-fog-2000-1200w-low-fog-machine\/\" \/>\n<meta property=\"og:site_name\" content=\"StageZone\" \/>\n<meta property=\"article:publisher\" content=\"https:\/\/www.facebook.com\/stagezonehungary\/\" \/>\n<meta property=\"article:modified_time\" content=\"2026-05-04T18:51:13+00:00\" \/>\n<meta property=\"og:image\" content=\"https:\/\/stagezone.hu\/wp-content\/uploads\/2025\/09\/12-1.png\" \/>\n\t<meta property=\"og:image:width\" content=\"1125\" \/>\n\t<meta property=\"og:image:height\" content=\"1125\" \/>\n\t<meta property=\"og:image:type\" content=\"image\/png\" \/>\n<meta name=\"twitter:card\" content=\"summary_large_image\" \/>\n<meta name=\"twitter:label1\" content=\"Est. reading time\" \/>\n\t<meta name=\"twitter:data1\" content=\"1 minute\" \/>\n<script type=\"application\/ld+json\" class=\"yoast-schema-graph\">{\"@context\":\"https:\/\/schema.org\",\"@graph\":[{\"@type\":\"WebPage\",\"@id\":\"https:\/\/stagezone.hu\/en\/product\/fos-water-low-fog-2000-1200w-low-fog-machine\/\",\"url\":\"https:\/\/stagezone.hu\/en\/product\/fos-water-low-fog-2000-1200w-low-fog-machine\/\",\"name\":\"FOS Water Low FOG 2000 - StageZone\",\"isPartOf\":{\"@id\":\"https:\/\/stagezone.hu\/#website\"},\"primaryImageOfPage\":{\"@id\":\"https:\/\/stagezone.hu\/en\/product\/fos-water-low-fog-2000-1200w-low-fog-machine\/#primaryimage\"},\"image\":{\"@id\":\"https:\/\/stagezone.hu\/en\/product\/fos-water-low-fog-2000-1200w-low-fog-machine\/#primaryimage\"},\"thumbnailUrl\":\"https:\/\/stagezone.hu\/wp-content\/uploads\/2025\/09\/12-1.png\",\"datePublished\":\"2025-09-10T15:00:59+00:00\",\"dateModified\":\"2026-05-04T18:51:13+00:00\",\"description\":\"A FOS Water Low FOG 2000 egy 1200W-os desztill\u00e1lt v\u00edzzel \u00e9s f\u00fcstfolyad\u00e9kkal, DMX vez\u00e9rl\u00e9ssel m\u0171k\u00f6dtethet\u0151 neh\u00e9zf\u00fcstg\u00e9p.\",\"breadcrumb\":{\"@id\":\"https:\/\/stagezone.hu\/en\/product\/fos-water-low-fog-2000-1200w-low-fog-machine\/#breadcrumb\"},\"inLanguage\":\"en-US\",\"potentialAction\":[{\"@type\":\"ReadAction\",\"target\":[\"https:\/\/stagezone.hu\/en\/product\/fos-water-low-fog-2000-1200w-low-fog-machine\/\"]}]},{\"@type\":\"ImageObject\",\"inLanguage\":\"en-US\",\"@id\":\"https:\/\/stagezone.hu\/en\/product\/fos-water-low-fog-2000-1200w-low-fog-machine\/#primaryimage\",\"url\":\"https:\/\/stagezone.hu\/wp-content\/uploads\/2025\/09\/12-1.png\",\"contentUrl\":\"https:\/\/stagezone.hu\/wp-content\/uploads\/2025\/09\/12-1.png\",\"width\":1125,\"height\":1125,\"caption\":\"FOS Water Low FOG 2000\"},{\"@type\":\"BreadcrumbList\",\"@id\":\"https:\/\/stagezone.hu\/en\/product\/fos-water-low-fog-2000-1200w-low-fog-machine\/#breadcrumb\",\"itemListElement\":[{\"@type\":\"ListItem\",\"position\":1,\"name\":\"Kezd\u0151lap\",\"item\":\"https:\/\/stagezone.hu\/\"},{\"@type\":\"ListItem\",\"position\":2,\"name\":\"\u00dczlet\",\"item\":\"https:\/\/stagezone.hu\/uzlet\/\"},{\"@type\":\"ListItem\",\"position\":3,\"name\":\"FOS Water Low FOG 2000 - 1200W Low Fog Machine\"}]},{\"@type\":\"WebSite\",\"@id\":\"https:\/\/stagezone.hu\/en\/#website\",\"url\":\"https:\/\/stagezone.hu\/en\/\",\"name\":\"StageZone - Ragyogj a Stagezone min\u0151s\u00e9gi f\u00e9nytechnik\u00e1j\u00e1val.\",\"description\":\"StageZone\",\"publisher\":{\"@id\":\"https:\/\/stagezone.hu\/en\/#organization\"},\"potentialAction\":[{\"@type\":\"SearchAction\",\"target\":{\"@type\":\"EntryPoint\",\"urlTemplate\":\"https:\/\/stagezone.hu\/en\/?s={search_term_string}\"},\"query-input\":{\"@type\":\"PropertyValueSpecification\",\"valueRequired\":true,\"valueName\":\"search_term_string\"}}],\"inLanguage\":\"en-US\"},{\"@type\":\"Organization\",\"@id\":\"https:\/\/stagezone.hu\/en\/#organization\",\"name\":\"StageZone\",\"url\":\"https:\/\/stagezone.hu\/en\/\",\"logo\":{\"@type\":\"ImageObject\",\"inLanguage\":\"en-US\",\"@id\":\"https:\/\/stagezone.hu\/en\/#\/schema\/logo\/image\/\",\"url\":\"https:\/\/stagezone.hu\/wp-content\/uploads\/2026\/01\/Adam-Hall_1000x1000-1-1.png\",\"contentUrl\":\"https:\/\/stagezone.hu\/wp-content\/uploads\/2026\/01\/Adam-Hall_1000x1000-1-1.png\",\"width\":1000,\"height\":1000,\"caption\":\"StageZone\"},\"image\":{\"@id\":\"https:\/\/stagezone.hu\/en\/#\/schema\/logo\/image\/\"},\"sameAs\":[\"https:\/\/www.facebook.com\/stagezonehungary\/\",\"https:\/\/www.instagram.com\/stagezonehungary\/\"]}]}<\/script>\n<!-- \/ Yoast SEO Premium plugin. -->","yoast_head_json":{"title":"FOS Water Low FOG 2000 - 1200W Low Fog Machine","description":"The FOS Water Low FOG 2000 is a 1200W heavy fog machine that operates with distilled water and fog fluid, controllable via DMX.","robots":{"index":"index","follow":"follow","max-snippet":"max-snippet:-1","max-image-preview":"max-image-preview:large","max-video-preview":"max-video-preview:-1"},"canonical":"The FOS Water Low FOG 2000 is a 1200W heavy fog machine that operates with distilled water and fog fluid, controllable via DMX.","og_locale":"en_US","og_type":"article","og_title":"FOS Water Low FOG 2000 - 1200W Low Fog Machine","og_description":"The FOS Water Low FOG 2000 is a 1200W heavy fog machine that operates with distilled water and fog fluid, controllable via DMX.","og_url":"https:\/\/stagezone.hu\/en\/product\/fos-water-low-fog-2000-1200w-low-fog-machine\/","og_site_name":"StageZone","article_publisher":"https:\/\/www.facebook.com\/stagezonehungary\/","article_modified_time":"2026-05-04T18:51:13+00:00","og_image":[{"width":1125,"height":1125,"url":"https:\/\/stagezone.hu\/wp-content\/uploads\/2025\/09\/12-1.png","type":"image\/png"}],"twitter_card":"summary_large_image","twitter_misc":{"Est. reading time":"1 minute"},"schema":{"@context":"https:\/\/schema.org","@graph":[{"@type":"WebPage","@id":"https:\/\/stagezone.hu\/en\/product\/fos-water-low-fog-2000-1200w-low-fog-machine\/","url":"https:\/\/stagezone.hu\/en\/product\/fos-water-low-fog-2000-1200w-low-fog-machine\/","name":"FOS Water Low FOG 2000 - StageZone","isPartOf":{"@id":"https:\/\/stagezone.hu\/#website"},"primaryImageOfPage":{"@id":"https:\/\/stagezone.hu\/en\/product\/fos-water-low-fog-2000-1200w-low-fog-machine\/#primaryimage"},"image":{"@id":"https:\/\/stagezone.hu\/en\/product\/fos-water-low-fog-2000-1200w-low-fog-machine\/#primaryimage"},"thumbnailUrl":"https:\/\/stagezone.hu\/wp-content\/uploads\/2025\/09\/12-1.png","datePublished":"2025-09-10T15:00:59+00:00","dateModified":"2026-05-04T18:51:13+00:00","description":"A FOS Water Low FOG 2000 egy 1200W-os desztill\u00e1lt v\u00edzzel \u00e9s f\u00fcstfolyad\u00e9kkal, DMX vez\u00e9rl\u00e9ssel m\u0171k\u00f6dtethet\u0151 neh\u00e9zf\u00fcstg\u00e9p.","breadcrumb":{"@id":"https:\/\/stagezone.hu\/en\/product\/fos-water-low-fog-2000-1200w-low-fog-machine\/#breadcrumb"},"inLanguage":"en-US","potentialAction":[{"@type":"ReadAction","target":["https:\/\/stagezone.hu\/en\/product\/fos-water-low-fog-2000-1200w-low-fog-machine\/"]}]},{"@type":"ImageObject","inLanguage":"en-US","@id":"https:\/\/stagezone.hu\/en\/product\/fos-water-low-fog-2000-1200w-low-fog-machine\/#primaryimage","url":"https:\/\/stagezone.hu\/wp-content\/uploads\/2025\/09\/12-1.png","contentUrl":"https:\/\/stagezone.hu\/wp-content\/uploads\/2025\/09\/12-1.png","width":1125,"height":1125,"caption":"FOS Water Low FOG 2000"},{"@type":"BreadcrumbList","@id":"https:\/\/stagezone.hu\/en\/product\/fos-water-low-fog-2000-1200w-low-fog-machine\/#breadcrumb","itemListElement":[{"@type":"ListItem","position":1,"name":"Kezd\u0151lap","item":"https:\/\/stagezone.hu\/"},{"@type":"ListItem","position":2,"name":"\u00dczlet","item":"https:\/\/stagezone.hu\/uzlet\/"},{"@type":"ListItem","position":3,"name":"FOS Water Low FOG 2000 - 1200W Low Fog Machine"}]},{"@type":"WebSite","@id":"https:\/\/stagezone.hu\/en\/#website","url":"https:\/\/stagezone.hu\/en\/","name":"StageZone - Ragyogj a Stagezone min\u0151s\u00e9gi f\u00e9nytechnik\u00e1j\u00e1val.","description":"StageZone","publisher":{"@id":"https:\/\/stagezone.hu\/en\/#organization"},"potentialAction":[{"@type":"SearchAction","target":{"@type":"EntryPoint","urlTemplate":"https:\/\/stagezone.hu\/en\/?s={search_term_string}"},"query-input":{"@type":"PropertyValueSpecification","valueRequired":true,"valueName":"search_term_string"}}],"inLanguage":"en-US"},{"@type":"Organization","@id":"https:\/\/stagezone.hu\/en\/#organization","name":"StageZone","url":"https:\/\/stagezone.hu\/en\/","logo":{"@type":"ImageObject","inLanguage":"en-US","@id":"https:\/\/stagezone.hu\/en\/#\/schema\/logo\/image\/","url":"https:\/\/stagezone.hu\/wp-content\/uploads\/2026\/01\/Adam-Hall_1000x1000-1-1.png","contentUrl":"https:\/\/stagezone.hu\/wp-content\/uploads\/2026\/01\/Adam-Hall_1000x1000-1-1.png","width":1000,"height":1000,"caption":"StageZone"},"image":{"@id":"https:\/\/stagezone.hu\/en\/#\/schema\/logo\/image\/"},"sameAs":["https:\/\/www.facebook.com\/stagezonehungary\/","https:\/\/www.instagram.com\/stagezonehungary\/"]}]}},"_links":{"self":[{"href":"https:\/\/stagezone.hu\/en\/wp-json\/wp\/v2\/product\/8411","targetHints":{"allow":["GET"]}}],"collection":[{"href":"https:\/\/stagezone.hu\/en\/wp-json\/wp\/v2\/product"}],"about":[{"href":"https:\/\/stagezone.hu\/en\/wp-json\/wp\/v2\/types\/product"}],"replies":[{"embeddable":true,"href":"https:\/\/stagezone.hu\/en\/wp-json\/wp\/v2\/comments?post=8411"}],"version-history":[{"count":2,"href":"https:\/\/stagezone.hu\/en\/wp-json\/wp\/v2\/product\/8411\/revisions"}],"predecessor-version":[{"id":9749,"href":"https:\/\/stagezone.hu\/en\/wp-json\/wp\/v2\/product\/8411\/revisions\/9749"}],"wp:featuredmedia":[{"embeddable":true,"href":"https:\/\/stagezone.hu\/en\/wp-json\/wp\/v2\/media\/8412"}],"wp:attachment":[{"href":"https:\/\/stagezone.hu\/en\/wp-json\/wp\/v2\/media?parent=8411"}],"wp:term":[{"taxonomy":"product_brand","embeddable":true,"href":"https:\/\/stagezone.hu\/en\/wp-json\/wp\/v2\/product_brand?post=8411"},{"taxonomy":"product_cat","embeddable":true,"href":"https:\/\/stagezone.hu\/en\/wp-json\/wp\/v2\/product_cat?post=8411"},{"taxonomy":"product_tag","embeddable":true,"href":"https:\/\/stagezone.hu\/en\/wp-json\/wp\/v2\/product_tag?post=8411"}],"curies":[{"name":"wp","href":"https:\/\/api.w.org\/{rel}","templated":true}]}}