{"id":8368,"date":"2025-09-10T16:00:53","date_gmt":"2025-09-10T15:00:53","guid":{"rendered":"https:\/\/stagezone.hu\/?post_type=product&#038;p=8368"},"modified":"2026-05-04T19:51:14","modified_gmt":"2026-05-04T18:51:14","slug":"fos-super-jet","status":"publish","type":"product","link":"https:\/\/stagezone.hu\/en\/product\/fos-super-jet-3200w-vertical-fog-machine\/","title":{"rendered":"FOS Super JET - 3200W Vertical Fog Machine"},"content":{"rendered":"<p>&nbsp;<\/p>\n<p><strong>FOS Super JET &#8211; 3200W Vertical Fog Machine<\/strong><\/p>\n<p>With a robust construction, the FOS Super JET can deliver a spray height of up to 15 meters. The 35 x 9W LEDs are controlled in two separate, independently controllable segments. Thanks to the 3.8-liter tank, operating time is not a concern in any venue. The device can be controlled via DMX in 6 or 9 channel modes, and can also be used in a 1600W ECO mode.<\/p>\n<p><strong data-start=\"247\" data-end=\"267\">FOS Technologies<\/strong> was founded in Athens in 2009 with the goal of providing efficiency, durability, outstanding performance, and easy maintainability at affordable prices. The name &#8220;FOS&#8221; (Greek for \u03a6\u03a9\u03a3 = light) also reflects their mission: to bring light and experience to every production. Since then, FOS has exported its products to over 48 countries worldwide.<\/p>\n<p><iframe title=\"FOS Super Jet\" width=\"1220\" height=\"686\" src=\"https:\/\/www.youtube.com\/embed\/LKXP6vd1Qb4?feature=oembed\" frameborder=\"0\" allow=\"accelerometer; autoplay; clipboard-write; encrypted-media; gyroscope; picture-in-picture; web-share\" referrerpolicy=\"strict-origin-when-cross-origin\" allowfullscreen><\/iframe><\/p>\n<p>&nbsp;<\/p>\n","protected":false},"excerpt":{"rendered":"<p>The FOS Super JET is a vertical fog machine or geyser with 3200W power, DMX control, and 35 LEDs.<\/p>\n","protected":false},"featured_media":8370,"comment_status":"open","ping_status":"closed","template":"","meta":[],"product_brand":[],"product_cat":[178,185],"product_tag":[514,518],"class_list":{"0":"post-8368","1":"product","2":"type-product","3":"status-publish","4":"has-post-thumbnail","6":"product_cat-effekt","7":"product_cat-fustgep","8":"product_tag-fos","9":"product_tag-smoke","11":"first","12":"contact_us","13":"taxable","14":"shipping-taxable","15":"purchasable","16":"product-type-simple"},"yoast_head":"<!-- This site is optimized with the Yoast SEO Premium plugin v27.2 (Yoast SEO v27.2) - https:\/\/yoast.com\/product\/yoast-seo-premium-wordpress\/ -->\n<title>FOS Super JET - 3200W Vertical Fog Machine<\/title>\n<meta name=\"description\" content=\"The FOS Super JET is a vertical fog machine or geyser with 3200W power, DMX control, and 35 LEDs.\" \/>\n<meta name=\"robots\" content=\"index, follow, max-snippet:-1, max-image-preview:large, max-video-preview:-1\" \/>\n<link rel=\"canonical\" href=\"http:\/\/The%20FOS%20Super%20JET%20is%20a%20vertical%20fog%20machine%20or%20geyser%20with%203200W%20power,%20DMX%20control,%20and%2035%20LEDs.\" \/>\n<meta property=\"og:locale\" content=\"en_US\" \/>\n<meta property=\"og:type\" content=\"article\" \/>\n<meta property=\"og:title\" content=\"FOS Super JET - 3200W Vertical Fog Machine\" \/>\n<meta property=\"og:description\" content=\"The FOS Super JET is a vertical fog machine or geyser with 3200W power, DMX control, and 35 LEDs.\" \/>\n<meta property=\"og:url\" content=\"https:\/\/stagezone.hu\/en\/product\/fos-super-jet-3200w-vertical-fog-machine\/\" \/>\n<meta property=\"og:site_name\" content=\"StageZone\" \/>\n<meta property=\"article:publisher\" content=\"https:\/\/www.facebook.com\/stagezonehungary\/\" \/>\n<meta property=\"article:modified_time\" content=\"2026-05-04T18:51:14+00:00\" \/>\n<meta property=\"og:image\" content=\"https:\/\/stagezone.hu\/wp-content\/uploads\/2025\/09\/15-1.png\" \/>\n\t<meta property=\"og:image:width\" content=\"1125\" \/>\n\t<meta property=\"og:image:height\" content=\"1125\" \/>\n\t<meta property=\"og:image:type\" content=\"image\/png\" \/>\n<meta name=\"twitter:card\" content=\"summary_large_image\" \/>\n<meta name=\"twitter:label1\" content=\"Est. reading time\" \/>\n\t<meta name=\"twitter:data1\" content=\"1 minute\" \/>\n<script type=\"application\/ld+json\" class=\"yoast-schema-graph\">{\"@context\":\"https:\/\/schema.org\",\"@graph\":[{\"@type\":\"WebPage\",\"@id\":\"https:\/\/stagezone.hu\/en\/product\/fos-super-jet-3200w-vertical-fog-machine\/\",\"url\":\"https:\/\/stagezone.hu\/en\/product\/fos-super-jet-3200w-vertical-fog-machine\/\",\"name\":\"FOS Super JET - StageZone\",\"isPartOf\":{\"@id\":\"https:\/\/stagezone.hu\/#website\"},\"primaryImageOfPage\":{\"@id\":\"https:\/\/stagezone.hu\/en\/product\/fos-super-jet-3200w-vertical-fog-machine\/#primaryimage\"},\"image\":{\"@id\":\"https:\/\/stagezone.hu\/en\/product\/fos-super-jet-3200w-vertical-fog-machine\/#primaryimage\"},\"thumbnailUrl\":\"https:\/\/stagezone.hu\/wp-content\/uploads\/2025\/09\/15-1.png\",\"datePublished\":\"2025-09-10T15:00:53+00:00\",\"dateModified\":\"2026-05-04T18:51:14+00:00\",\"description\":\"A FOS Super JET egy 3200W teljes\u00edtm\u00e9nnyel, DMX vez\u00e9relhet\u0151s\u00e9ggel \u00e9s 35 db leddel rendelkez\u0151 vertik\u00e1lis f\u00fcstg\u00e9p vagy gejz\u00edr.\",\"breadcrumb\":{\"@id\":\"https:\/\/stagezone.hu\/en\/product\/fos-super-jet-3200w-vertical-fog-machine\/#breadcrumb\"},\"inLanguage\":\"en-US\",\"potentialAction\":[{\"@type\":\"ReadAction\",\"target\":[\"https:\/\/stagezone.hu\/en\/product\/fos-super-jet-3200w-vertical-fog-machine\/\"]}]},{\"@type\":\"ImageObject\",\"inLanguage\":\"en-US\",\"@id\":\"https:\/\/stagezone.hu\/en\/product\/fos-super-jet-3200w-vertical-fog-machine\/#primaryimage\",\"url\":\"https:\/\/stagezone.hu\/wp-content\/uploads\/2025\/09\/15-1.png\",\"contentUrl\":\"https:\/\/stagezone.hu\/wp-content\/uploads\/2025\/09\/15-1.png\",\"width\":1125,\"height\":1125,\"caption\":\"FOS Super JET\"},{\"@type\":\"BreadcrumbList\",\"@id\":\"https:\/\/stagezone.hu\/en\/product\/fos-super-jet-3200w-vertical-fog-machine\/#breadcrumb\",\"itemListElement\":[{\"@type\":\"ListItem\",\"position\":1,\"name\":\"Kezd\u0151lap\",\"item\":\"https:\/\/stagezone.hu\/\"},{\"@type\":\"ListItem\",\"position\":2,\"name\":\"\u00dczlet\",\"item\":\"https:\/\/stagezone.hu\/uzlet\/\"},{\"@type\":\"ListItem\",\"position\":3,\"name\":\"FOS Super JET - 3200W Vertical Fog Machine\"}]},{\"@type\":\"WebSite\",\"@id\":\"https:\/\/stagezone.hu\/en\/#website\",\"url\":\"https:\/\/stagezone.hu\/en\/\",\"name\":\"StageZone - Ragyogj a Stagezone min\u0151s\u00e9gi f\u00e9nytechnik\u00e1j\u00e1val.\",\"description\":\"StageZone\",\"publisher\":{\"@id\":\"https:\/\/stagezone.hu\/en\/#organization\"},\"potentialAction\":[{\"@type\":\"SearchAction\",\"target\":{\"@type\":\"EntryPoint\",\"urlTemplate\":\"https:\/\/stagezone.hu\/en\/?s={search_term_string}\"},\"query-input\":{\"@type\":\"PropertyValueSpecification\",\"valueRequired\":true,\"valueName\":\"search_term_string\"}}],\"inLanguage\":\"en-US\"},{\"@type\":\"Organization\",\"@id\":\"https:\/\/stagezone.hu\/en\/#organization\",\"name\":\"StageZone\",\"url\":\"https:\/\/stagezone.hu\/en\/\",\"logo\":{\"@type\":\"ImageObject\",\"inLanguage\":\"en-US\",\"@id\":\"https:\/\/stagezone.hu\/en\/#\/schema\/logo\/image\/\",\"url\":\"https:\/\/stagezone.hu\/wp-content\/uploads\/2026\/01\/Adam-Hall_1000x1000-1-1.png\",\"contentUrl\":\"https:\/\/stagezone.hu\/wp-content\/uploads\/2026\/01\/Adam-Hall_1000x1000-1-1.png\",\"width\":1000,\"height\":1000,\"caption\":\"StageZone\"},\"image\":{\"@id\":\"https:\/\/stagezone.hu\/en\/#\/schema\/logo\/image\/\"},\"sameAs\":[\"https:\/\/www.facebook.com\/stagezonehungary\/\",\"https:\/\/www.instagram.com\/stagezonehungary\/\"]}]}<\/script>\n<!-- \/ Yoast SEO Premium plugin. -->","yoast_head_json":{"title":"FOS Super JET - 3200W Vertical Fog Machine","description":"The FOS Super JET is a vertical fog machine or geyser with 3200W power, DMX control, and 35 LEDs.","robots":{"index":"index","follow":"follow","max-snippet":"max-snippet:-1","max-image-preview":"max-image-preview:large","max-video-preview":"max-video-preview:-1"},"canonical":"The FOS Super JET is a vertical fog machine or geyser with 3200W power, DMX control, and 35 LEDs.","og_locale":"en_US","og_type":"article","og_title":"FOS Super JET - 3200W Vertical Fog Machine","og_description":"The FOS Super JET is a vertical fog machine or geyser with 3200W power, DMX control, and 35 LEDs.","og_url":"https:\/\/stagezone.hu\/en\/product\/fos-super-jet-3200w-vertical-fog-machine\/","og_site_name":"StageZone","article_publisher":"https:\/\/www.facebook.com\/stagezonehungary\/","article_modified_time":"2026-05-04T18:51:14+00:00","og_image":[{"width":1125,"height":1125,"url":"https:\/\/stagezone.hu\/wp-content\/uploads\/2025\/09\/15-1.png","type":"image\/png"}],"twitter_card":"summary_large_image","twitter_misc":{"Est. reading time":"1 minute"},"schema":{"@context":"https:\/\/schema.org","@graph":[{"@type":"WebPage","@id":"https:\/\/stagezone.hu\/en\/product\/fos-super-jet-3200w-vertical-fog-machine\/","url":"https:\/\/stagezone.hu\/en\/product\/fos-super-jet-3200w-vertical-fog-machine\/","name":"FOS Super JET - StageZone","isPartOf":{"@id":"https:\/\/stagezone.hu\/#website"},"primaryImageOfPage":{"@id":"https:\/\/stagezone.hu\/en\/product\/fos-super-jet-3200w-vertical-fog-machine\/#primaryimage"},"image":{"@id":"https:\/\/stagezone.hu\/en\/product\/fos-super-jet-3200w-vertical-fog-machine\/#primaryimage"},"thumbnailUrl":"https:\/\/stagezone.hu\/wp-content\/uploads\/2025\/09\/15-1.png","datePublished":"2025-09-10T15:00:53+00:00","dateModified":"2026-05-04T18:51:14+00:00","description":"A FOS Super JET egy 3200W teljes\u00edtm\u00e9nnyel, DMX vez\u00e9relhet\u0151s\u00e9ggel \u00e9s 35 db leddel rendelkez\u0151 vertik\u00e1lis f\u00fcstg\u00e9p vagy gejz\u00edr.","breadcrumb":{"@id":"https:\/\/stagezone.hu\/en\/product\/fos-super-jet-3200w-vertical-fog-machine\/#breadcrumb"},"inLanguage":"en-US","potentialAction":[{"@type":"ReadAction","target":["https:\/\/stagezone.hu\/en\/product\/fos-super-jet-3200w-vertical-fog-machine\/"]}]},{"@type":"ImageObject","inLanguage":"en-US","@id":"https:\/\/stagezone.hu\/en\/product\/fos-super-jet-3200w-vertical-fog-machine\/#primaryimage","url":"https:\/\/stagezone.hu\/wp-content\/uploads\/2025\/09\/15-1.png","contentUrl":"https:\/\/stagezone.hu\/wp-content\/uploads\/2025\/09\/15-1.png","width":1125,"height":1125,"caption":"FOS Super JET"},{"@type":"BreadcrumbList","@id":"https:\/\/stagezone.hu\/en\/product\/fos-super-jet-3200w-vertical-fog-machine\/#breadcrumb","itemListElement":[{"@type":"ListItem","position":1,"name":"Kezd\u0151lap","item":"https:\/\/stagezone.hu\/"},{"@type":"ListItem","position":2,"name":"\u00dczlet","item":"https:\/\/stagezone.hu\/uzlet\/"},{"@type":"ListItem","position":3,"name":"FOS Super JET - 3200W Vertical Fog Machine"}]},{"@type":"WebSite","@id":"https:\/\/stagezone.hu\/en\/#website","url":"https:\/\/stagezone.hu\/en\/","name":"StageZone - Ragyogj a Stagezone min\u0151s\u00e9gi f\u00e9nytechnik\u00e1j\u00e1val.","description":"StageZone","publisher":{"@id":"https:\/\/stagezone.hu\/en\/#organization"},"potentialAction":[{"@type":"SearchAction","target":{"@type":"EntryPoint","urlTemplate":"https:\/\/stagezone.hu\/en\/?s={search_term_string}"},"query-input":{"@type":"PropertyValueSpecification","valueRequired":true,"valueName":"search_term_string"}}],"inLanguage":"en-US"},{"@type":"Organization","@id":"https:\/\/stagezone.hu\/en\/#organization","name":"StageZone","url":"https:\/\/stagezone.hu\/en\/","logo":{"@type":"ImageObject","inLanguage":"en-US","@id":"https:\/\/stagezone.hu\/en\/#\/schema\/logo\/image\/","url":"https:\/\/stagezone.hu\/wp-content\/uploads\/2026\/01\/Adam-Hall_1000x1000-1-1.png","contentUrl":"https:\/\/stagezone.hu\/wp-content\/uploads\/2026\/01\/Adam-Hall_1000x1000-1-1.png","width":1000,"height":1000,"caption":"StageZone"},"image":{"@id":"https:\/\/stagezone.hu\/en\/#\/schema\/logo\/image\/"},"sameAs":["https:\/\/www.facebook.com\/stagezonehungary\/","https:\/\/www.instagram.com\/stagezonehungary\/"]}]}},"_links":{"self":[{"href":"https:\/\/stagezone.hu\/en\/wp-json\/wp\/v2\/product\/8368","targetHints":{"allow":["GET"]}}],"collection":[{"href":"https:\/\/stagezone.hu\/en\/wp-json\/wp\/v2\/product"}],"about":[{"href":"https:\/\/stagezone.hu\/en\/wp-json\/wp\/v2\/types\/product"}],"replies":[{"embeddable":true,"href":"https:\/\/stagezone.hu\/en\/wp-json\/wp\/v2\/comments?post=8368"}],"version-history":[{"count":1,"href":"https:\/\/stagezone.hu\/en\/wp-json\/wp\/v2\/product\/8368\/revisions"}],"predecessor-version":[{"id":8376,"href":"https:\/\/stagezone.hu\/en\/wp-json\/wp\/v2\/product\/8368\/revisions\/8376"}],"wp:featuredmedia":[{"embeddable":true,"href":"https:\/\/stagezone.hu\/en\/wp-json\/wp\/v2\/media\/8370"}],"wp:attachment":[{"href":"https:\/\/stagezone.hu\/en\/wp-json\/wp\/v2\/media?parent=8368"}],"wp:term":[{"taxonomy":"product_brand","embeddable":true,"href":"https:\/\/stagezone.hu\/en\/wp-json\/wp\/v2\/product_brand?post=8368"},{"taxonomy":"product_cat","embeddable":true,"href":"https:\/\/stagezone.hu\/en\/wp-json\/wp\/v2\/product_cat?post=8368"},{"taxonomy":"product_tag","embeddable":true,"href":"https:\/\/stagezone.hu\/en\/wp-json\/wp\/v2\/product_tag?post=8368"}],"curies":[{"name":"wp","href":"https:\/\/api.w.org\/{rel}","templated":true}]}}