{"id":8333,"date":"2025-09-04T16:00:31","date_gmt":"2025-09-04T15:00:31","guid":{"rendered":"https:\/\/stagezone.hu\/?post_type=product&#038;p=8333"},"modified":"2026-05-04T19:51:44","modified_gmt":"2026-05-04T18:51:44","slug":"fos-f9-pro","status":"publish","type":"product","link":"https:\/\/stagezone.hu\/en\/product\/fos-f9-pro-48x20w-wash-light-with-ip65-protection\/","title":{"rendered":"FOS F9 PRO - 48x20W Wash Light with IP65 Protection"},"content":{"rendered":"<p><strong>FOS F9 PRO &#8211; 48x20W Wash Light with IP65 Protection<\/strong><\/p>\n<p>The RGBW offers perfect possibilities for varied color mixing. It can be operated in 8, 13, 16, 21, 33, and 48-channel modes and has a beam angle of 25\u00b0. The tilt angle of the FOS F9 PRO can be manually adjusted, and magnetic barn doors and frost filters are available. Settings are accessible via 4 touch buttons on the OLED display. The device supports RDM and features Seetronic connectors.<\/p>\n<p><a href=\"https:\/\/www.fos-lighting.eu\/fos-technologies-c-172.html\"><strong>FOS Technologies<\/strong><\/a> was founded in Athens in 2009 with the goal of providing efficiency, durability, outstanding performance, and easy maintainability with their products at affordable prices. The name &#8220;FOS&#8221; (Greek: \u03a6\u03a9\u03a3 = light) also reflects their mission: to bring light and experience to every production. Since then, FOS has exported its products to over 48 countries worldwide.<\/p>\n<p><iframe title=\"FOS F9 Pro | Weather proof RGBW LED washer, with segment control\" width=\"1220\" height=\"686\" src=\"https:\/\/www.youtube.com\/embed\/64Ht2XIgkkk?feature=oembed\" frameborder=\"0\" allow=\"accelerometer; autoplay; clipboard-write; encrypted-media; gyroscope; picture-in-picture; web-share\" referrerpolicy=\"strict-origin-when-cross-origin\" allowfullscreen><\/iframe><\/p>\n","protected":false},"excerpt":{"rendered":"<p>The FOS F9 PRO is a wash light with 48x20W RGBW LEDs, IP65 protection, and a 25\u00b0 beam angle.<\/p>\n","protected":false},"featured_media":8334,"comment_status":"open","ping_status":"closed","template":"","meta":[],"product_brand":[],"product_cat":[471,159,163],"product_tag":[514,415,460,210],"class_list":{"0":"post-8333","1":"product","2":"type-product","3":"status-publish","4":"has-post-thumbnail","6":"product_cat-fenyeffekt","7":"product_cat-statikus-fenyeffekt","8":"product_cat-vizallo-lampak","9":"product_tag-fos","10":"product_tag-ip65","11":"product_tag-rdm","12":"product_tag-wash","14":"first","15":"contact_us","16":"taxable","17":"shipping-taxable","18":"purchasable","19":"product-type-simple"},"yoast_head":"<!-- This site is optimized with the Yoast SEO Premium plugin v27.2 (Yoast SEO v27.2) - https:\/\/yoast.com\/product\/yoast-seo-premium-wordpress\/ -->\n<title>FOS F9 PRO - 48x20W Wash Light with IP65 Protection<\/title>\n<meta name=\"description\" content=\"The FOS F9 PRO is a wash light with 48x20W RGBW LEDs, IP65 protection, and a 25\u00b0 beam angle.\" \/>\n<meta name=\"robots\" content=\"index, follow, max-snippet:-1, max-image-preview:large, max-video-preview:-1\" \/>\n<link rel=\"canonical\" href=\"http:\/\/The%20FOS%20F9%20PRO%20is%20a%20wash%20light%20with%2048x20W%20RGBW%20LEDs,%20IP65%20protection,%20and%20a%2025\u00b0%20beam%20angle.\" \/>\n<meta property=\"og:locale\" content=\"en_US\" \/>\n<meta property=\"og:type\" content=\"article\" \/>\n<meta property=\"og:title\" content=\"FOS F9 PRO - 48x20W Wash Light with IP65 Protection\" \/>\n<meta property=\"og:description\" content=\"The FOS F9 PRO is a wash light with 48x20W RGBW LEDs, IP65 protection, and a 25\u00b0 beam angle.\" \/>\n<meta property=\"og:url\" content=\"https:\/\/stagezone.hu\/en\/product\/fos-f9-pro-48x20w-wash-light-with-ip65-protection\/\" \/>\n<meta property=\"og:site_name\" content=\"StageZone\" \/>\n<meta property=\"article:publisher\" content=\"https:\/\/www.facebook.com\/stagezonehungary\/\" \/>\n<meta property=\"article:modified_time\" content=\"2026-05-04T18:51:44+00:00\" \/>\n<meta property=\"og:image\" content=\"https:\/\/stagezone.hu\/wp-content\/uploads\/2025\/09\/16.png\" \/>\n\t<meta property=\"og:image:width\" content=\"1125\" \/>\n\t<meta property=\"og:image:height\" content=\"1125\" \/>\n\t<meta property=\"og:image:type\" content=\"image\/png\" \/>\n<meta name=\"twitter:card\" content=\"summary_large_image\" \/>\n<meta name=\"twitter:label1\" content=\"Est. reading time\" \/>\n\t<meta name=\"twitter:data1\" content=\"1 minute\" \/>\n<script type=\"application\/ld+json\" class=\"yoast-schema-graph\">{\"@context\":\"https:\/\/schema.org\",\"@graph\":[{\"@type\":\"WebPage\",\"@id\":\"https:\/\/stagezone.hu\/en\/product\/fos-f9-pro-48x20w-wash-light-with-ip65-protection\/\",\"url\":\"https:\/\/stagezone.hu\/en\/product\/fos-f9-pro-48x20w-wash-light-with-ip65-protection\/\",\"name\":\"FOS F9 PRO - StageZone\",\"isPartOf\":{\"@id\":\"https:\/\/stagezone.hu\/#website\"},\"primaryImageOfPage\":{\"@id\":\"https:\/\/stagezone.hu\/en\/product\/fos-f9-pro-48x20w-wash-light-with-ip65-protection\/#primaryimage\"},\"image\":{\"@id\":\"https:\/\/stagezone.hu\/en\/product\/fos-f9-pro-48x20w-wash-light-with-ip65-protection\/#primaryimage\"},\"thumbnailUrl\":\"https:\/\/stagezone.hu\/wp-content\/uploads\/2025\/09\/16.png\",\"datePublished\":\"2025-09-04T15:00:31+00:00\",\"dateModified\":\"2026-05-04T18:51:44+00:00\",\"description\":\"A FOS F9 PRO RDM vez\u00e9rl\u00e9st t\u00e1mogatott, 4in1 48x20W ledekkel ell\u00e1tott falsz\u00ednez\u0151 l\u00e1mpa IP65 v\u00e9delemmel \u00e9s Seetronic csatlakoz\u00f3kkal.\",\"breadcrumb\":{\"@id\":\"https:\/\/stagezone.hu\/en\/product\/fos-f9-pro-48x20w-wash-light-with-ip65-protection\/#breadcrumb\"},\"inLanguage\":\"en-US\",\"potentialAction\":[{\"@type\":\"ReadAction\",\"target\":[\"https:\/\/stagezone.hu\/en\/product\/fos-f9-pro-48x20w-wash-light-with-ip65-protection\/\"]}]},{\"@type\":\"ImageObject\",\"inLanguage\":\"en-US\",\"@id\":\"https:\/\/stagezone.hu\/en\/product\/fos-f9-pro-48x20w-wash-light-with-ip65-protection\/#primaryimage\",\"url\":\"https:\/\/stagezone.hu\/wp-content\/uploads\/2025\/09\/16.png\",\"contentUrl\":\"https:\/\/stagezone.hu\/wp-content\/uploads\/2025\/09\/16.png\",\"width\":1125,\"height\":1125,\"caption\":\"FOS F9 PRO\"},{\"@type\":\"BreadcrumbList\",\"@id\":\"https:\/\/stagezone.hu\/en\/product\/fos-f9-pro-48x20w-wash-light-with-ip65-protection\/#breadcrumb\",\"itemListElement\":[{\"@type\":\"ListItem\",\"position\":1,\"name\":\"Kezd\u0151lap\",\"item\":\"https:\/\/stagezone.hu\/\"},{\"@type\":\"ListItem\",\"position\":2,\"name\":\"\u00dczlet\",\"item\":\"https:\/\/stagezone.hu\/uzlet\/\"},{\"@type\":\"ListItem\",\"position\":3,\"name\":\"FOS F9 PRO - 48x20W Wash Light with IP65 Protection\"}]},{\"@type\":\"WebSite\",\"@id\":\"https:\/\/stagezone.hu\/en\/#website\",\"url\":\"https:\/\/stagezone.hu\/en\/\",\"name\":\"StageZone - Ragyogj a Stagezone min\u0151s\u00e9gi f\u00e9nytechnik\u00e1j\u00e1val.\",\"description\":\"StageZone\",\"publisher\":{\"@id\":\"https:\/\/stagezone.hu\/en\/#organization\"},\"potentialAction\":[{\"@type\":\"SearchAction\",\"target\":{\"@type\":\"EntryPoint\",\"urlTemplate\":\"https:\/\/stagezone.hu\/en\/?s={search_term_string}\"},\"query-input\":{\"@type\":\"PropertyValueSpecification\",\"valueRequired\":true,\"valueName\":\"search_term_string\"}}],\"inLanguage\":\"en-US\"},{\"@type\":\"Organization\",\"@id\":\"https:\/\/stagezone.hu\/en\/#organization\",\"name\":\"StageZone\",\"url\":\"https:\/\/stagezone.hu\/en\/\",\"logo\":{\"@type\":\"ImageObject\",\"inLanguage\":\"en-US\",\"@id\":\"https:\/\/stagezone.hu\/en\/#\/schema\/logo\/image\/\",\"url\":\"https:\/\/stagezone.hu\/wp-content\/uploads\/2026\/01\/Adam-Hall_1000x1000-1-1.png\",\"contentUrl\":\"https:\/\/stagezone.hu\/wp-content\/uploads\/2026\/01\/Adam-Hall_1000x1000-1-1.png\",\"width\":1000,\"height\":1000,\"caption\":\"StageZone\"},\"image\":{\"@id\":\"https:\/\/stagezone.hu\/en\/#\/schema\/logo\/image\/\"},\"sameAs\":[\"https:\/\/www.facebook.com\/stagezonehungary\/\",\"https:\/\/www.instagram.com\/stagezonehungary\/\"]}]}<\/script>\n<!-- \/ Yoast SEO Premium plugin. -->","yoast_head_json":{"title":"FOS F9 PRO - 48x20W Wash Light with IP65 Protection","description":"The FOS F9 PRO is a wash light with 48x20W RGBW LEDs, IP65 protection, and a 25\u00b0 beam angle.","robots":{"index":"index","follow":"follow","max-snippet":"max-snippet:-1","max-image-preview":"max-image-preview:large","max-video-preview":"max-video-preview:-1"},"canonical":"The FOS F9 PRO is a wash light with 48x20W RGBW LEDs, IP65 protection, and a 25\u00b0 beam angle.","og_locale":"en_US","og_type":"article","og_title":"FOS F9 PRO - 48x20W Wash Light with IP65 Protection","og_description":"The FOS F9 PRO is a wash light with 48x20W RGBW LEDs, IP65 protection, and a 25\u00b0 beam angle.","og_url":"https:\/\/stagezone.hu\/en\/product\/fos-f9-pro-48x20w-wash-light-with-ip65-protection\/","og_site_name":"StageZone","article_publisher":"https:\/\/www.facebook.com\/stagezonehungary\/","article_modified_time":"2026-05-04T18:51:44+00:00","og_image":[{"width":1125,"height":1125,"url":"https:\/\/stagezone.hu\/wp-content\/uploads\/2025\/09\/16.png","type":"image\/png"}],"twitter_card":"summary_large_image","twitter_misc":{"Est. reading time":"1 minute"},"schema":{"@context":"https:\/\/schema.org","@graph":[{"@type":"WebPage","@id":"https:\/\/stagezone.hu\/en\/product\/fos-f9-pro-48x20w-wash-light-with-ip65-protection\/","url":"https:\/\/stagezone.hu\/en\/product\/fos-f9-pro-48x20w-wash-light-with-ip65-protection\/","name":"FOS F9 PRO - StageZone","isPartOf":{"@id":"https:\/\/stagezone.hu\/#website"},"primaryImageOfPage":{"@id":"https:\/\/stagezone.hu\/en\/product\/fos-f9-pro-48x20w-wash-light-with-ip65-protection\/#primaryimage"},"image":{"@id":"https:\/\/stagezone.hu\/en\/product\/fos-f9-pro-48x20w-wash-light-with-ip65-protection\/#primaryimage"},"thumbnailUrl":"https:\/\/stagezone.hu\/wp-content\/uploads\/2025\/09\/16.png","datePublished":"2025-09-04T15:00:31+00:00","dateModified":"2026-05-04T18:51:44+00:00","description":"A FOS F9 PRO RDM vez\u00e9rl\u00e9st t\u00e1mogatott, 4in1 48x20W ledekkel ell\u00e1tott falsz\u00ednez\u0151 l\u00e1mpa IP65 v\u00e9delemmel \u00e9s Seetronic csatlakoz\u00f3kkal.","breadcrumb":{"@id":"https:\/\/stagezone.hu\/en\/product\/fos-f9-pro-48x20w-wash-light-with-ip65-protection\/#breadcrumb"},"inLanguage":"en-US","potentialAction":[{"@type":"ReadAction","target":["https:\/\/stagezone.hu\/en\/product\/fos-f9-pro-48x20w-wash-light-with-ip65-protection\/"]}]},{"@type":"ImageObject","inLanguage":"en-US","@id":"https:\/\/stagezone.hu\/en\/product\/fos-f9-pro-48x20w-wash-light-with-ip65-protection\/#primaryimage","url":"https:\/\/stagezone.hu\/wp-content\/uploads\/2025\/09\/16.png","contentUrl":"https:\/\/stagezone.hu\/wp-content\/uploads\/2025\/09\/16.png","width":1125,"height":1125,"caption":"FOS F9 PRO"},{"@type":"BreadcrumbList","@id":"https:\/\/stagezone.hu\/en\/product\/fos-f9-pro-48x20w-wash-light-with-ip65-protection\/#breadcrumb","itemListElement":[{"@type":"ListItem","position":1,"name":"Kezd\u0151lap","item":"https:\/\/stagezone.hu\/"},{"@type":"ListItem","position":2,"name":"\u00dczlet","item":"https:\/\/stagezone.hu\/uzlet\/"},{"@type":"ListItem","position":3,"name":"FOS F9 PRO - 48x20W Wash Light with IP65 Protection"}]},{"@type":"WebSite","@id":"https:\/\/stagezone.hu\/en\/#website","url":"https:\/\/stagezone.hu\/en\/","name":"StageZone - Ragyogj a Stagezone min\u0151s\u00e9gi f\u00e9nytechnik\u00e1j\u00e1val.","description":"StageZone","publisher":{"@id":"https:\/\/stagezone.hu\/en\/#organization"},"potentialAction":[{"@type":"SearchAction","target":{"@type":"EntryPoint","urlTemplate":"https:\/\/stagezone.hu\/en\/?s={search_term_string}"},"query-input":{"@type":"PropertyValueSpecification","valueRequired":true,"valueName":"search_term_string"}}],"inLanguage":"en-US"},{"@type":"Organization","@id":"https:\/\/stagezone.hu\/en\/#organization","name":"StageZone","url":"https:\/\/stagezone.hu\/en\/","logo":{"@type":"ImageObject","inLanguage":"en-US","@id":"https:\/\/stagezone.hu\/en\/#\/schema\/logo\/image\/","url":"https:\/\/stagezone.hu\/wp-content\/uploads\/2026\/01\/Adam-Hall_1000x1000-1-1.png","contentUrl":"https:\/\/stagezone.hu\/wp-content\/uploads\/2026\/01\/Adam-Hall_1000x1000-1-1.png","width":1000,"height":1000,"caption":"StageZone"},"image":{"@id":"https:\/\/stagezone.hu\/en\/#\/schema\/logo\/image\/"},"sameAs":["https:\/\/www.facebook.com\/stagezonehungary\/","https:\/\/www.instagram.com\/stagezonehungary\/"]}]}},"_links":{"self":[{"href":"https:\/\/stagezone.hu\/en\/wp-json\/wp\/v2\/product\/8333","targetHints":{"allow":["GET"]}}],"collection":[{"href":"https:\/\/stagezone.hu\/en\/wp-json\/wp\/v2\/product"}],"about":[{"href":"https:\/\/stagezone.hu\/en\/wp-json\/wp\/v2\/types\/product"}],"replies":[{"embeddable":true,"href":"https:\/\/stagezone.hu\/en\/wp-json\/wp\/v2\/comments?post=8333"}],"version-history":[{"count":4,"href":"https:\/\/stagezone.hu\/en\/wp-json\/wp\/v2\/product\/8333\/revisions"}],"predecessor-version":[{"id":10424,"href":"https:\/\/stagezone.hu\/en\/wp-json\/wp\/v2\/product\/8333\/revisions\/10424"}],"wp:featuredmedia":[{"embeddable":true,"href":"https:\/\/stagezone.hu\/en\/wp-json\/wp\/v2\/media\/8334"}],"wp:attachment":[{"href":"https:\/\/stagezone.hu\/en\/wp-json\/wp\/v2\/media?parent=8333"}],"wp:term":[{"taxonomy":"product_brand","embeddable":true,"href":"https:\/\/stagezone.hu\/en\/wp-json\/wp\/v2\/product_brand?post=8333"},{"taxonomy":"product_cat","embeddable":true,"href":"https:\/\/stagezone.hu\/en\/wp-json\/wp\/v2\/product_cat?post=8333"},{"taxonomy":"product_tag","embeddable":true,"href":"https:\/\/stagezone.hu\/en\/wp-json\/wp\/v2\/product_tag?post=8333"}],"curies":[{"name":"wp","href":"https:\/\/api.w.org\/{rel}","templated":true}]}}