{"id":8323,"date":"2025-09-04T16:00:28","date_gmt":"2025-09-04T15:00:28","guid":{"rendered":"https:\/\/stagezone.hu\/?post_type=product&#038;p=8323"},"modified":"2026-05-04T19:51:49","modified_gmt":"2026-05-04T18:51:49","slug":"fos-f3-pro","status":"publish","type":"product","link":"https:\/\/stagezone.hu\/en\/product\/fos-f3-pro-24x20w-wash-light-ip65\/","title":{"rendered":"FOS F3 PRO - 24x20W Wash Light IP65"},"content":{"rendered":"<p><strong>FOS F3 PRO &#8211; 24x20W Wash Light with IP65 protection<\/strong><\/p>\n<p>The 6in1 RGB &#8211; amber, lime, and cyan LEDs provide perfect opportunities for varied color mixing. It can be operated in 10, 14, 17, and 21 channel modes and has a 25\u00b0 beam angle. The tilt angle of the FOS F3 PRO can be adjusted manually, and magnetic barn doors and frost filters are available upon request. The settings functions are accessible via 4 touch buttons on the OLED display. The device supports RDM.<\/p>\n<p><a href=\"https:\/\/www.fos-lighting.eu\/fos-technologies-c-172.html\"><strong data-start=\"247\" data-end=\"267\">FOS Technologies<\/strong><\/a> was founded in Athens in 2009 with the aim of providing efficiency, durability, outstanding performance, and easy maintainability with their products at an affordable price. The name &#8220;FOS&#8221; (Greek: \u03a6\u03a9\u03a3 = light) also reflects their mission: to bring light and experience to every production. Since then, FOS has been exporting its products to over 48 countries worldwide.<\/p>\n<p><iframe title=\"FOS F3 Pro | RGBALC LED washer\" width=\"1220\" height=\"686\" src=\"https:\/\/www.youtube.com\/embed\/AnkXY7-bZAQ?feature=oembed\" frameborder=\"0\" allow=\"accelerometer; autoplay; clipboard-write; encrypted-media; gyroscope; picture-in-picture; web-share\" referrerpolicy=\"strict-origin-when-cross-origin\" allowfullscreen><\/iframe><\/p>\n","protected":false},"excerpt":{"rendered":"<p>IP65 rated wash light featuring 24x20W 6in1 RGBALC LEDs and a 25\u00b0 beam angle.<\/p>\n","protected":false},"featured_media":8325,"comment_status":"open","ping_status":"closed","template":"","meta":[],"product_brand":[],"product_cat":[471,159,163],"product_tag":[514,415,460,210],"class_list":{"0":"post-8323","1":"product","2":"type-product","3":"status-publish","4":"has-post-thumbnail","6":"product_cat-fenyeffekt","7":"product_cat-statikus-fenyeffekt","8":"product_cat-vizallo-lampak","9":"product_tag-fos","10":"product_tag-ip65","11":"product_tag-rdm","12":"product_tag-wash","14":"first","15":"contact_us","16":"taxable","17":"shipping-taxable","18":"purchasable","19":"product-type-simple"},"yoast_head":"<!-- This site is optimized with the Yoast SEO Premium plugin v27.2 (Yoast SEO v27.2) - https:\/\/yoast.com\/product\/yoast-seo-premium-wordpress\/ -->\n<title>FOS F3 PRO - 24x20W Wash Light IP65<\/title>\n<meta name=\"description\" content=\"IP65 rated wash light featuring 24x20W 6in1 RGBALC LEDs and a 25\u00b0 beam angle.\" \/>\n<meta name=\"robots\" content=\"index, follow, max-snippet:-1, max-image-preview:large, max-video-preview:-1\" \/>\n<link rel=\"canonical\" href=\"http:\/\/IP65%20rated%20wash%20light%20featuring%2024x20W%206in1%20RGBALC%20LEDs%20and%20a%2025\u00b0%20beam%20angle.\" \/>\n<meta property=\"og:locale\" content=\"en_US\" \/>\n<meta property=\"og:type\" content=\"article\" \/>\n<meta property=\"og:title\" content=\"FOS F3 PRO - 24x20W Wash Light IP65\" \/>\n<meta property=\"og:description\" content=\"IP65 rated wash light featuring 24x20W 6in1 RGBALC LEDs and a 25\u00b0 beam angle.\" \/>\n<meta property=\"og:url\" content=\"https:\/\/stagezone.hu\/en\/product\/fos-f3-pro-24x20w-wash-light-ip65\/\" \/>\n<meta property=\"og:site_name\" content=\"StageZone\" \/>\n<meta property=\"article:publisher\" content=\"https:\/\/www.facebook.com\/stagezonehungary\/\" \/>\n<meta property=\"article:modified_time\" content=\"2026-05-04T18:51:49+00:00\" \/>\n<meta property=\"og:image\" content=\"https:\/\/stagezone.hu\/wp-content\/uploads\/2025\/09\/11.png\" \/>\n\t<meta property=\"og:image:width\" content=\"1125\" \/>\n\t<meta property=\"og:image:height\" content=\"1125\" \/>\n\t<meta property=\"og:image:type\" content=\"image\/png\" \/>\n<meta name=\"twitter:card\" content=\"summary_large_image\" \/>\n<meta name=\"twitter:label1\" content=\"Est. reading time\" \/>\n\t<meta name=\"twitter:data1\" content=\"1 minute\" \/>\n<script type=\"application\/ld+json\" class=\"yoast-schema-graph\">{\"@context\":\"https:\/\/schema.org\",\"@graph\":[{\"@type\":\"WebPage\",\"@id\":\"https:\/\/stagezone.hu\/en\/product\/fos-f3-pro-24x20w-wash-light-ip65\/\",\"url\":\"https:\/\/stagezone.hu\/en\/product\/fos-f3-pro-24x20w-wash-light-ip65\/\",\"name\":\"FOS F3 PRO - StageZone\",\"isPartOf\":{\"@id\":\"https:\/\/stagezone.hu\/#website\"},\"primaryImageOfPage\":{\"@id\":\"https:\/\/stagezone.hu\/en\/product\/fos-f3-pro-24x20w-wash-light-ip65\/#primaryimage\"},\"image\":{\"@id\":\"https:\/\/stagezone.hu\/en\/product\/fos-f3-pro-24x20w-wash-light-ip65\/#primaryimage\"},\"thumbnailUrl\":\"https:\/\/stagezone.hu\/wp-content\/uploads\/2025\/09\/11.png\",\"datePublished\":\"2025-09-04T15:00:28+00:00\",\"dateModified\":\"2026-05-04T18:51:49+00:00\",\"description\":\"A FOS F3 PRO RDM vez\u00e9rl\u00e9st t\u00e1mogatott, 6in1 24x20W ledekkel ell\u00e1tott falsz\u00ednez\u0151 l\u00e1mpa IP65 v\u00e9delemmel.\",\"breadcrumb\":{\"@id\":\"https:\/\/stagezone.hu\/en\/product\/fos-f3-pro-24x20w-wash-light-ip65\/#breadcrumb\"},\"inLanguage\":\"en-US\",\"potentialAction\":[{\"@type\":\"ReadAction\",\"target\":[\"https:\/\/stagezone.hu\/en\/product\/fos-f3-pro-24x20w-wash-light-ip65\/\"]}]},{\"@type\":\"ImageObject\",\"inLanguage\":\"en-US\",\"@id\":\"https:\/\/stagezone.hu\/en\/product\/fos-f3-pro-24x20w-wash-light-ip65\/#primaryimage\",\"url\":\"https:\/\/stagezone.hu\/wp-content\/uploads\/2025\/09\/11.png\",\"contentUrl\":\"https:\/\/stagezone.hu\/wp-content\/uploads\/2025\/09\/11.png\",\"width\":1125,\"height\":1125,\"caption\":\"FOS F3 PRO\"},{\"@type\":\"BreadcrumbList\",\"@id\":\"https:\/\/stagezone.hu\/en\/product\/fos-f3-pro-24x20w-wash-light-ip65\/#breadcrumb\",\"itemListElement\":[{\"@type\":\"ListItem\",\"position\":1,\"name\":\"Kezd\u0151lap\",\"item\":\"https:\/\/stagezone.hu\/\"},{\"@type\":\"ListItem\",\"position\":2,\"name\":\"\u00dczlet\",\"item\":\"https:\/\/stagezone.hu\/uzlet\/\"},{\"@type\":\"ListItem\",\"position\":3,\"name\":\"FOS F3 PRO - 24x20W Wash Light IP65\"}]},{\"@type\":\"WebSite\",\"@id\":\"https:\/\/stagezone.hu\/en\/#website\",\"url\":\"https:\/\/stagezone.hu\/en\/\",\"name\":\"StageZone - Ragyogj a Stagezone min\u0151s\u00e9gi f\u00e9nytechnik\u00e1j\u00e1val.\",\"description\":\"StageZone\",\"publisher\":{\"@id\":\"https:\/\/stagezone.hu\/en\/#organization\"},\"potentialAction\":[{\"@type\":\"SearchAction\",\"target\":{\"@type\":\"EntryPoint\",\"urlTemplate\":\"https:\/\/stagezone.hu\/en\/?s={search_term_string}\"},\"query-input\":{\"@type\":\"PropertyValueSpecification\",\"valueRequired\":true,\"valueName\":\"search_term_string\"}}],\"inLanguage\":\"en-US\"},{\"@type\":\"Organization\",\"@id\":\"https:\/\/stagezone.hu\/en\/#organization\",\"name\":\"StageZone\",\"url\":\"https:\/\/stagezone.hu\/en\/\",\"logo\":{\"@type\":\"ImageObject\",\"inLanguage\":\"en-US\",\"@id\":\"https:\/\/stagezone.hu\/en\/#\/schema\/logo\/image\/\",\"url\":\"https:\/\/stagezone.hu\/wp-content\/uploads\/2026\/01\/Adam-Hall_1000x1000-1-1.png\",\"contentUrl\":\"https:\/\/stagezone.hu\/wp-content\/uploads\/2026\/01\/Adam-Hall_1000x1000-1-1.png\",\"width\":1000,\"height\":1000,\"caption\":\"StageZone\"},\"image\":{\"@id\":\"https:\/\/stagezone.hu\/en\/#\/schema\/logo\/image\/\"},\"sameAs\":[\"https:\/\/www.facebook.com\/stagezonehungary\/\",\"https:\/\/www.instagram.com\/stagezonehungary\/\"]}]}<\/script>\n<!-- \/ Yoast SEO Premium plugin. -->","yoast_head_json":{"title":"FOS F3 PRO - 24x20W Wash Light IP65","description":"IP65 rated wash light featuring 24x20W 6in1 RGBALC LEDs and a 25\u00b0 beam angle.","robots":{"index":"index","follow":"follow","max-snippet":"max-snippet:-1","max-image-preview":"max-image-preview:large","max-video-preview":"max-video-preview:-1"},"canonical":"IP65 rated wash light featuring 24x20W 6in1 RGBALC LEDs and a 25\u00b0 beam angle.","og_locale":"en_US","og_type":"article","og_title":"FOS F3 PRO - 24x20W Wash Light IP65","og_description":"IP65 rated wash light featuring 24x20W 6in1 RGBALC LEDs and a 25\u00b0 beam angle.","og_url":"https:\/\/stagezone.hu\/en\/product\/fos-f3-pro-24x20w-wash-light-ip65\/","og_site_name":"StageZone","article_publisher":"https:\/\/www.facebook.com\/stagezonehungary\/","article_modified_time":"2026-05-04T18:51:49+00:00","og_image":[{"width":1125,"height":1125,"url":"https:\/\/stagezone.hu\/wp-content\/uploads\/2025\/09\/11.png","type":"image\/png"}],"twitter_card":"summary_large_image","twitter_misc":{"Est. reading time":"1 minute"},"schema":{"@context":"https:\/\/schema.org","@graph":[{"@type":"WebPage","@id":"https:\/\/stagezone.hu\/en\/product\/fos-f3-pro-24x20w-wash-light-ip65\/","url":"https:\/\/stagezone.hu\/en\/product\/fos-f3-pro-24x20w-wash-light-ip65\/","name":"FOS F3 PRO - StageZone","isPartOf":{"@id":"https:\/\/stagezone.hu\/#website"},"primaryImageOfPage":{"@id":"https:\/\/stagezone.hu\/en\/product\/fos-f3-pro-24x20w-wash-light-ip65\/#primaryimage"},"image":{"@id":"https:\/\/stagezone.hu\/en\/product\/fos-f3-pro-24x20w-wash-light-ip65\/#primaryimage"},"thumbnailUrl":"https:\/\/stagezone.hu\/wp-content\/uploads\/2025\/09\/11.png","datePublished":"2025-09-04T15:00:28+00:00","dateModified":"2026-05-04T18:51:49+00:00","description":"A FOS F3 PRO RDM vez\u00e9rl\u00e9st t\u00e1mogatott, 6in1 24x20W ledekkel ell\u00e1tott falsz\u00ednez\u0151 l\u00e1mpa IP65 v\u00e9delemmel.","breadcrumb":{"@id":"https:\/\/stagezone.hu\/en\/product\/fos-f3-pro-24x20w-wash-light-ip65\/#breadcrumb"},"inLanguage":"en-US","potentialAction":[{"@type":"ReadAction","target":["https:\/\/stagezone.hu\/en\/product\/fos-f3-pro-24x20w-wash-light-ip65\/"]}]},{"@type":"ImageObject","inLanguage":"en-US","@id":"https:\/\/stagezone.hu\/en\/product\/fos-f3-pro-24x20w-wash-light-ip65\/#primaryimage","url":"https:\/\/stagezone.hu\/wp-content\/uploads\/2025\/09\/11.png","contentUrl":"https:\/\/stagezone.hu\/wp-content\/uploads\/2025\/09\/11.png","width":1125,"height":1125,"caption":"FOS F3 PRO"},{"@type":"BreadcrumbList","@id":"https:\/\/stagezone.hu\/en\/product\/fos-f3-pro-24x20w-wash-light-ip65\/#breadcrumb","itemListElement":[{"@type":"ListItem","position":1,"name":"Kezd\u0151lap","item":"https:\/\/stagezone.hu\/"},{"@type":"ListItem","position":2,"name":"\u00dczlet","item":"https:\/\/stagezone.hu\/uzlet\/"},{"@type":"ListItem","position":3,"name":"FOS F3 PRO - 24x20W Wash Light IP65"}]},{"@type":"WebSite","@id":"https:\/\/stagezone.hu\/en\/#website","url":"https:\/\/stagezone.hu\/en\/","name":"StageZone - Ragyogj a Stagezone min\u0151s\u00e9gi f\u00e9nytechnik\u00e1j\u00e1val.","description":"StageZone","publisher":{"@id":"https:\/\/stagezone.hu\/en\/#organization"},"potentialAction":[{"@type":"SearchAction","target":{"@type":"EntryPoint","urlTemplate":"https:\/\/stagezone.hu\/en\/?s={search_term_string}"},"query-input":{"@type":"PropertyValueSpecification","valueRequired":true,"valueName":"search_term_string"}}],"inLanguage":"en-US"},{"@type":"Organization","@id":"https:\/\/stagezone.hu\/en\/#organization","name":"StageZone","url":"https:\/\/stagezone.hu\/en\/","logo":{"@type":"ImageObject","inLanguage":"en-US","@id":"https:\/\/stagezone.hu\/en\/#\/schema\/logo\/image\/","url":"https:\/\/stagezone.hu\/wp-content\/uploads\/2026\/01\/Adam-Hall_1000x1000-1-1.png","contentUrl":"https:\/\/stagezone.hu\/wp-content\/uploads\/2026\/01\/Adam-Hall_1000x1000-1-1.png","width":1000,"height":1000,"caption":"StageZone"},"image":{"@id":"https:\/\/stagezone.hu\/en\/#\/schema\/logo\/image\/"},"sameAs":["https:\/\/www.facebook.com\/stagezonehungary\/","https:\/\/www.instagram.com\/stagezonehungary\/"]}]}},"_links":{"self":[{"href":"https:\/\/stagezone.hu\/en\/wp-json\/wp\/v2\/product\/8323","targetHints":{"allow":["GET"]}}],"collection":[{"href":"https:\/\/stagezone.hu\/en\/wp-json\/wp\/v2\/product"}],"about":[{"href":"https:\/\/stagezone.hu\/en\/wp-json\/wp\/v2\/types\/product"}],"replies":[{"embeddable":true,"href":"https:\/\/stagezone.hu\/en\/wp-json\/wp\/v2\/comments?post=8323"}],"version-history":[{"count":5,"href":"https:\/\/stagezone.hu\/en\/wp-json\/wp\/v2\/product\/8323\/revisions"}],"predecessor-version":[{"id":10425,"href":"https:\/\/stagezone.hu\/en\/wp-json\/wp\/v2\/product\/8323\/revisions\/10425"}],"wp:featuredmedia":[{"embeddable":true,"href":"https:\/\/stagezone.hu\/en\/wp-json\/wp\/v2\/media\/8325"}],"wp:attachment":[{"href":"https:\/\/stagezone.hu\/en\/wp-json\/wp\/v2\/media?parent=8323"}],"wp:term":[{"taxonomy":"product_brand","embeddable":true,"href":"https:\/\/stagezone.hu\/en\/wp-json\/wp\/v2\/product_brand?post=8323"},{"taxonomy":"product_cat","embeddable":true,"href":"https:\/\/stagezone.hu\/en\/wp-json\/wp\/v2\/product_cat?post=8323"},{"taxonomy":"product_tag","embeddable":true,"href":"https:\/\/stagezone.hu\/en\/wp-json\/wp\/v2\/product_tag?post=8323"}],"curies":[{"name":"wp","href":"https:\/\/api.w.org\/{rel}","templated":true}]}}