{"id":8315,"date":"2025-09-04T16:00:50","date_gmt":"2025-09-04T15:00:50","guid":{"rendered":"https:\/\/stagezone.hu\/?post_type=product&#038;p=8315"},"modified":"2026-05-04T19:51:30","modified_gmt":"2026-05-04T18:51:30","slug":"fos-luminus-bar","status":"publish","type":"product","link":"https:\/\/stagezone.hu\/en\/product\/fos-luminus-bar-battery-powered-led-bar-with-remote-control-and-ip65-protection\/","title":{"rendered":"FOS Luminus Bar - Battery-powered LED Bar with Remote Control and IP65 Protection"},"content":{"rendered":"<p><strong>FOS Luminus Bar &#8211; Battery-powered LED Bar with Remote Control and IP65 Protection<\/strong><\/p>\n<p>The FOS Luminus Bar, equipped with 24x4W RGBW LEDs, features a 25\u00b0 beam angle and a 12-hour runtime. It can be controlled in 6, 8, 14, and 50-channel modes, as well as via wireless DMX. The device is easy to use with the included remote control, making it suitable for use without DMX.<\/p>\n<p><a href=\"https:\/\/www.fos-lighting.eu\/fos-technologies-c-172.html\"><strong data-start=\"247\" data-end=\"267\">FOS Technologies<\/strong><\/a> was founded in Athens in 2009 with the goal of providing efficiency, durability, outstanding performance, and easy maintainability at affordable prices with their products. The name &#8220;FOS&#8221; (Greek: \u03a6\u03a9\u03a3 = light) also reflects their mission: to bring light and experience to every production. Since then, FOS has exported its products to over 48 countries worldwide.<\/p>\n<p><iframe title=\"FOS Luminus BAR IP65 | Battery operated LED bar, with Wireless DMX control\" width=\"1220\" height=\"686\" src=\"https:\/\/www.youtube.com\/embed\/5OOMmm4aBZM?feature=oembed\" frameborder=\"0\" allow=\"accelerometer; autoplay; clipboard-write; encrypted-media; gyroscope; picture-in-picture; web-share\" referrerpolicy=\"strict-origin-when-cross-origin\" allowfullscreen><\/iframe><\/p>\n","protected":false},"excerpt":{"rendered":"<p>Battery-powered LED bar with remote control and IP65 protection. Features 24x4W RGBW LEDs and a 12-hour runtime.<\/p>\n","protected":false},"featured_media":8316,"comment_status":"open","ping_status":"closed","template":"","meta":[],"product_brand":[],"product_cat":[164,165,159,163],"product_tag":[394,514,415],"class_list":{"0":"post-8315","1":"product","2":"type-product","3":"status-publish","4":"has-post-thumbnail","6":"product_cat-akkumulatoros-par-lampa","7":"product_cat-led-bar","8":"product_cat-statikus-fenyeffekt","9":"product_cat-vizallo-lampak","10":"product_tag-bar","11":"product_tag-fos","12":"product_tag-ip65","14":"first","15":"contact_us","16":"taxable","17":"shipping-taxable","18":"purchasable","19":"product-type-simple"},"yoast_head":"<!-- This site is optimized with the Yoast SEO Premium plugin v27.2 (Yoast SEO v27.2) - https:\/\/yoast.com\/product\/yoast-seo-premium-wordpress\/ -->\n<title>FOS Luminus Bar - Battery-powered LED Bar with Remote Control and IP65 Protection<\/title>\n<meta name=\"description\" content=\"Battery-powered LED bar with remote control and IP65 protection. Features 24x4W RGBW LEDs and a 12-hour runtime.\" \/>\n<meta name=\"robots\" content=\"index, follow, max-snippet:-1, max-image-preview:large, max-video-preview:-1\" \/>\n<link rel=\"canonical\" href=\"http:\/\/Battery-powered%20LED%20bar%20with%20remote%20control%20and%20IP65%20protection.%20Features%2024x4W%20RGBW%20LEDs%20and%20a%2012-hour%20runtime.\" \/>\n<meta property=\"og:locale\" content=\"en_US\" \/>\n<meta property=\"og:type\" content=\"article\" \/>\n<meta property=\"og:title\" content=\"FOS Luminus Bar - Battery-powered LED Bar with Remote Control and IP65 Protection\" \/>\n<meta property=\"og:description\" content=\"Battery-powered LED bar with remote control and IP65 protection. Features 24x4W RGBW LEDs and a 12-hour runtime.\" \/>\n<meta property=\"og:url\" content=\"https:\/\/stagezone.hu\/en\/product\/fos-luminus-bar-battery-powered-led-bar-with-remote-control-and-ip65-protection\/\" \/>\n<meta property=\"og:site_name\" content=\"StageZone\" \/>\n<meta property=\"article:publisher\" content=\"https:\/\/www.facebook.com\/stagezonehungary\/\" \/>\n<meta property=\"article:modified_time\" content=\"2026-05-04T18:51:30+00:00\" \/>\n<meta property=\"og:image\" content=\"https:\/\/stagezone.hu\/wp-content\/uploads\/2025\/09\/26-1.png\" \/>\n\t<meta property=\"og:image:width\" content=\"1125\" \/>\n\t<meta property=\"og:image:height\" content=\"1125\" \/>\n\t<meta property=\"og:image:type\" content=\"image\/png\" \/>\n<meta name=\"twitter:card\" content=\"summary_large_image\" \/>\n<meta name=\"twitter:label1\" content=\"Est. reading time\" \/>\n\t<meta name=\"twitter:data1\" content=\"1 minute\" \/>\n<script type=\"application\/ld+json\" class=\"yoast-schema-graph\">{\"@context\":\"https:\/\/schema.org\",\"@graph\":[{\"@type\":\"WebPage\",\"@id\":\"https:\/\/stagezone.hu\/en\/product\/fos-luminus-bar-battery-powered-led-bar-with-remote-control-and-ip65-protection\/\",\"url\":\"https:\/\/stagezone.hu\/en\/product\/fos-luminus-bar-battery-powered-led-bar-with-remote-control-and-ip65-protection\/\",\"name\":\"FOS Luminus Bar - StageZone\",\"isPartOf\":{\"@id\":\"https:\/\/stagezone.hu\/#website\"},\"primaryImageOfPage\":{\"@id\":\"https:\/\/stagezone.hu\/en\/product\/fos-luminus-bar-battery-powered-led-bar-with-remote-control-and-ip65-protection\/#primaryimage\"},\"image\":{\"@id\":\"https:\/\/stagezone.hu\/en\/product\/fos-luminus-bar-battery-powered-led-bar-with-remote-control-and-ip65-protection\/#primaryimage\"},\"thumbnailUrl\":\"https:\/\/stagezone.hu\/wp-content\/uploads\/2025\/09\/26-1.png\",\"datePublished\":\"2025-09-04T15:00:50+00:00\",\"dateModified\":\"2026-05-04T18:51:30+00:00\",\"description\":\"A FOS Luminus Bar egy IP65 v\u00e9delemmel ell\u00e1tott akkuml\u00e1toros led bar RGBWA ledekkel, vezet\u00e9k n\u00e9lk\u00fcli vez\u00e9rl\u00e9ssel \u00e9s 100W \u00f6sszteljes\u00edtm\u00e9nnyel.\",\"breadcrumb\":{\"@id\":\"https:\/\/stagezone.hu\/en\/product\/fos-luminus-bar-battery-powered-led-bar-with-remote-control-and-ip65-protection\/#breadcrumb\"},\"inLanguage\":\"en-US\",\"potentialAction\":[{\"@type\":\"ReadAction\",\"target\":[\"https:\/\/stagezone.hu\/en\/product\/fos-luminus-bar-battery-powered-led-bar-with-remote-control-and-ip65-protection\/\"]}]},{\"@type\":\"ImageObject\",\"inLanguage\":\"en-US\",\"@id\":\"https:\/\/stagezone.hu\/en\/product\/fos-luminus-bar-battery-powered-led-bar-with-remote-control-and-ip65-protection\/#primaryimage\",\"url\":\"https:\/\/stagezone.hu\/wp-content\/uploads\/2025\/09\/26-1.png\",\"contentUrl\":\"https:\/\/stagezone.hu\/wp-content\/uploads\/2025\/09\/26-1.png\",\"width\":1125,\"height\":1125,\"caption\":\"FOS Luminus Bar\"},{\"@type\":\"BreadcrumbList\",\"@id\":\"https:\/\/stagezone.hu\/en\/product\/fos-luminus-bar-battery-powered-led-bar-with-remote-control-and-ip65-protection\/#breadcrumb\",\"itemListElement\":[{\"@type\":\"ListItem\",\"position\":1,\"name\":\"Kezd\u0151lap\",\"item\":\"https:\/\/stagezone.hu\/\"},{\"@type\":\"ListItem\",\"position\":2,\"name\":\"\u00dczlet\",\"item\":\"https:\/\/stagezone.hu\/uzlet\/\"},{\"@type\":\"ListItem\",\"position\":3,\"name\":\"FOS Luminus Bar - Battery-powered LED Bar with Remote Control and IP65 Protection\"}]},{\"@type\":\"WebSite\",\"@id\":\"https:\/\/stagezone.hu\/en\/#website\",\"url\":\"https:\/\/stagezone.hu\/en\/\",\"name\":\"StageZone - Ragyogj a Stagezone min\u0151s\u00e9gi f\u00e9nytechnik\u00e1j\u00e1val.\",\"description\":\"StageZone\",\"publisher\":{\"@id\":\"https:\/\/stagezone.hu\/en\/#organization\"},\"potentialAction\":[{\"@type\":\"SearchAction\",\"target\":{\"@type\":\"EntryPoint\",\"urlTemplate\":\"https:\/\/stagezone.hu\/en\/?s={search_term_string}\"},\"query-input\":{\"@type\":\"PropertyValueSpecification\",\"valueRequired\":true,\"valueName\":\"search_term_string\"}}],\"inLanguage\":\"en-US\"},{\"@type\":\"Organization\",\"@id\":\"https:\/\/stagezone.hu\/en\/#organization\",\"name\":\"StageZone\",\"url\":\"https:\/\/stagezone.hu\/en\/\",\"logo\":{\"@type\":\"ImageObject\",\"inLanguage\":\"en-US\",\"@id\":\"https:\/\/stagezone.hu\/en\/#\/schema\/logo\/image\/\",\"url\":\"https:\/\/stagezone.hu\/wp-content\/uploads\/2026\/01\/Adam-Hall_1000x1000-1-1.png\",\"contentUrl\":\"https:\/\/stagezone.hu\/wp-content\/uploads\/2026\/01\/Adam-Hall_1000x1000-1-1.png\",\"width\":1000,\"height\":1000,\"caption\":\"StageZone\"},\"image\":{\"@id\":\"https:\/\/stagezone.hu\/en\/#\/schema\/logo\/image\/\"},\"sameAs\":[\"https:\/\/www.facebook.com\/stagezonehungary\/\",\"https:\/\/www.instagram.com\/stagezonehungary\/\"]}]}<\/script>\n<!-- \/ Yoast SEO Premium plugin. -->","yoast_head_json":{"title":"FOS Luminus Bar - Battery-powered LED Bar with Remote Control and IP65 Protection","description":"Battery-powered LED bar with remote control and IP65 protection. Features 24x4W RGBW LEDs and a 12-hour runtime.","robots":{"index":"index","follow":"follow","max-snippet":"max-snippet:-1","max-image-preview":"max-image-preview:large","max-video-preview":"max-video-preview:-1"},"canonical":"Battery-powered LED bar with remote control and IP65 protection. Features 24x4W RGBW LEDs and a 12-hour runtime.","og_locale":"en_US","og_type":"article","og_title":"FOS Luminus Bar - Battery-powered LED Bar with Remote Control and IP65 Protection","og_description":"Battery-powered LED bar with remote control and IP65 protection. Features 24x4W RGBW LEDs and a 12-hour runtime.","og_url":"https:\/\/stagezone.hu\/en\/product\/fos-luminus-bar-battery-powered-led-bar-with-remote-control-and-ip65-protection\/","og_site_name":"StageZone","article_publisher":"https:\/\/www.facebook.com\/stagezonehungary\/","article_modified_time":"2026-05-04T18:51:30+00:00","og_image":[{"width":1125,"height":1125,"url":"https:\/\/stagezone.hu\/wp-content\/uploads\/2025\/09\/26-1.png","type":"image\/png"}],"twitter_card":"summary_large_image","twitter_misc":{"Est. reading time":"1 minute"},"schema":{"@context":"https:\/\/schema.org","@graph":[{"@type":"WebPage","@id":"https:\/\/stagezone.hu\/en\/product\/fos-luminus-bar-battery-powered-led-bar-with-remote-control-and-ip65-protection\/","url":"https:\/\/stagezone.hu\/en\/product\/fos-luminus-bar-battery-powered-led-bar-with-remote-control-and-ip65-protection\/","name":"FOS Luminus Bar - StageZone","isPartOf":{"@id":"https:\/\/stagezone.hu\/#website"},"primaryImageOfPage":{"@id":"https:\/\/stagezone.hu\/en\/product\/fos-luminus-bar-battery-powered-led-bar-with-remote-control-and-ip65-protection\/#primaryimage"},"image":{"@id":"https:\/\/stagezone.hu\/en\/product\/fos-luminus-bar-battery-powered-led-bar-with-remote-control-and-ip65-protection\/#primaryimage"},"thumbnailUrl":"https:\/\/stagezone.hu\/wp-content\/uploads\/2025\/09\/26-1.png","datePublished":"2025-09-04T15:00:50+00:00","dateModified":"2026-05-04T18:51:30+00:00","description":"A FOS Luminus Bar egy IP65 v\u00e9delemmel ell\u00e1tott akkuml\u00e1toros led bar RGBWA ledekkel, vezet\u00e9k n\u00e9lk\u00fcli vez\u00e9rl\u00e9ssel \u00e9s 100W \u00f6sszteljes\u00edtm\u00e9nnyel.","breadcrumb":{"@id":"https:\/\/stagezone.hu\/en\/product\/fos-luminus-bar-battery-powered-led-bar-with-remote-control-and-ip65-protection\/#breadcrumb"},"inLanguage":"en-US","potentialAction":[{"@type":"ReadAction","target":["https:\/\/stagezone.hu\/en\/product\/fos-luminus-bar-battery-powered-led-bar-with-remote-control-and-ip65-protection\/"]}]},{"@type":"ImageObject","inLanguage":"en-US","@id":"https:\/\/stagezone.hu\/en\/product\/fos-luminus-bar-battery-powered-led-bar-with-remote-control-and-ip65-protection\/#primaryimage","url":"https:\/\/stagezone.hu\/wp-content\/uploads\/2025\/09\/26-1.png","contentUrl":"https:\/\/stagezone.hu\/wp-content\/uploads\/2025\/09\/26-1.png","width":1125,"height":1125,"caption":"FOS Luminus Bar"},{"@type":"BreadcrumbList","@id":"https:\/\/stagezone.hu\/en\/product\/fos-luminus-bar-battery-powered-led-bar-with-remote-control-and-ip65-protection\/#breadcrumb","itemListElement":[{"@type":"ListItem","position":1,"name":"Kezd\u0151lap","item":"https:\/\/stagezone.hu\/"},{"@type":"ListItem","position":2,"name":"\u00dczlet","item":"https:\/\/stagezone.hu\/uzlet\/"},{"@type":"ListItem","position":3,"name":"FOS Luminus Bar - Battery-powered LED Bar with Remote Control and IP65 Protection"}]},{"@type":"WebSite","@id":"https:\/\/stagezone.hu\/en\/#website","url":"https:\/\/stagezone.hu\/en\/","name":"StageZone - Ragyogj a Stagezone min\u0151s\u00e9gi f\u00e9nytechnik\u00e1j\u00e1val.","description":"StageZone","publisher":{"@id":"https:\/\/stagezone.hu\/en\/#organization"},"potentialAction":[{"@type":"SearchAction","target":{"@type":"EntryPoint","urlTemplate":"https:\/\/stagezone.hu\/en\/?s={search_term_string}"},"query-input":{"@type":"PropertyValueSpecification","valueRequired":true,"valueName":"search_term_string"}}],"inLanguage":"en-US"},{"@type":"Organization","@id":"https:\/\/stagezone.hu\/en\/#organization","name":"StageZone","url":"https:\/\/stagezone.hu\/en\/","logo":{"@type":"ImageObject","inLanguage":"en-US","@id":"https:\/\/stagezone.hu\/en\/#\/schema\/logo\/image\/","url":"https:\/\/stagezone.hu\/wp-content\/uploads\/2026\/01\/Adam-Hall_1000x1000-1-1.png","contentUrl":"https:\/\/stagezone.hu\/wp-content\/uploads\/2026\/01\/Adam-Hall_1000x1000-1-1.png","width":1000,"height":1000,"caption":"StageZone"},"image":{"@id":"https:\/\/stagezone.hu\/en\/#\/schema\/logo\/image\/"},"sameAs":["https:\/\/www.facebook.com\/stagezonehungary\/","https:\/\/www.instagram.com\/stagezonehungary\/"]}]}},"_links":{"self":[{"href":"https:\/\/stagezone.hu\/en\/wp-json\/wp\/v2\/product\/8315","targetHints":{"allow":["GET"]}}],"collection":[{"href":"https:\/\/stagezone.hu\/en\/wp-json\/wp\/v2\/product"}],"about":[{"href":"https:\/\/stagezone.hu\/en\/wp-json\/wp\/v2\/types\/product"}],"replies":[{"embeddable":true,"href":"https:\/\/stagezone.hu\/en\/wp-json\/wp\/v2\/comments?post=8315"}],"version-history":[{"count":4,"href":"https:\/\/stagezone.hu\/en\/wp-json\/wp\/v2\/product\/8315\/revisions"}],"predecessor-version":[{"id":10396,"href":"https:\/\/stagezone.hu\/en\/wp-json\/wp\/v2\/product\/8315\/revisions\/10396"}],"wp:featuredmedia":[{"embeddable":true,"href":"https:\/\/stagezone.hu\/en\/wp-json\/wp\/v2\/media\/8316"}],"wp:attachment":[{"href":"https:\/\/stagezone.hu\/en\/wp-json\/wp\/v2\/media?parent=8315"}],"wp:term":[{"taxonomy":"product_brand","embeddable":true,"href":"https:\/\/stagezone.hu\/en\/wp-json\/wp\/v2\/product_brand?post=8315"},{"taxonomy":"product_cat","embeddable":true,"href":"https:\/\/stagezone.hu\/en\/wp-json\/wp\/v2\/product_cat?post=8315"},{"taxonomy":"product_tag","embeddable":true,"href":"https:\/\/stagezone.hu\/en\/wp-json\/wp\/v2\/product_tag?post=8315"}],"curies":[{"name":"wp","href":"https:\/\/api.w.org\/{rel}","templated":true}]}}