{"id":8185,"date":"2025-09-04T16:00:20","date_gmt":"2025-09-04T15:00:20","guid":{"rendered":"https:\/\/stagezone.hu\/?post_type=product&#038;p=8185"},"modified":"2026-05-04T19:51:57","modified_gmt":"2026-05-04T18:51:57","slug":"fos-scorpio-wash","status":"publish","type":"product","link":"https:\/\/stagezone.hu\/en\/product\/fos-scorpio-wash-7x60w-rgbw-led-moving-head\/","title":{"rendered":"FOS Scorpio Wash - 7x60W RGBW LED Moving Head"},"content":{"rendered":"<p><strong>FOS Scorpio Wash &#8211; 7x60W LED wash moving head<\/strong><\/p>\n<p>The FOS Scorpio Wash is the little brother of the <a href=\"https:\/\/stagezone.hu\/termek\/fos-helix-ultra\/\">Helix Ultra<\/a>. The 7 RGBW LEDs allow for mixing a wide spectrum of colors. Similarly, the rim of the head can be illuminated with a ring consisting of 39 low-power (0.2W) LEDs. The linear zoom can be adjusted between 6-60\u00b0, making it suitable for use as both a beam and a wash light. The color temperature can be varied between 3200K-8000K in 26, 38, or 66-channel mode.<\/p>\n<p><strong data-start=\"247\" data-end=\"267\">FOS Technologies<\/strong> was founded in Athens in 2009 with the goal of providing efficiency, durability, outstanding performance, and easy maintainability with their products at affordable prices. The name &#8220;FOS&#8221; (Greek: \u03a6\u03a9\u03a3 = light) also reflects their mission: to bring light and experience to every production. Since then, FOS has exported its products to over 48 countries worldwide.<\/p>\n<p><iframe title=\"FOS Scorpio Wash\" width=\"1220\" height=\"686\" src=\"https:\/\/www.youtube.com\/embed\/E2EP74Rz8ts?feature=oembed\" frameborder=\"0\" allow=\"accelerometer; autoplay; clipboard-write; encrypted-media; gyroscope; picture-in-picture; web-share\" referrerpolicy=\"strict-origin-when-cross-origin\" allowfullscreen><\/iframe><\/p>\n","protected":false},"excerpt":{"rendered":"<p>7x60W RGBW LED wash moving head with linear zoom (6-60\u00b0) and LED ring effect.<\/p>\n","protected":false},"featured_media":8186,"comment_status":"open","ping_status":"closed","template":"","meta":[],"product_brand":[],"product_cat":[166,167],"product_tag":[514,210],"class_list":{"0":"post-8185","1":"product","2":"type-product","3":"status-publish","4":"has-post-thumbnail","6":"product_cat-robotlampa","7":"product_cat-wash-lampak","8":"product_tag-fos","9":"product_tag-wash","11":"first","12":"contact_us","13":"downloadable","14":"taxable","15":"shipping-taxable","16":"purchasable","17":"product-type-simple"},"yoast_head":"<!-- This site is optimized with the Yoast SEO Premium plugin v27.2 (Yoast SEO v27.2) - https:\/\/yoast.com\/product\/yoast-seo-premium-wordpress\/ -->\n<title>FOS Scorpio Wash - 7x60W RGBW LED Moving Head<\/title>\n<meta name=\"description\" content=\"7x60W RGBW LED wash moving head with linear zoom (6-60\u00b0) and LED ring effect.\" \/>\n<meta name=\"robots\" content=\"index, follow, max-snippet:-1, max-image-preview:large, max-video-preview:-1\" \/>\n<link rel=\"canonical\" href=\"http:\/\/7x60W%20RGBW%20LED%20wash%20moving%20head%20with%20linear%20zoom%20(6-60\u00b0)%20and%20LED%20ring%20effect.\" \/>\n<meta property=\"og:locale\" content=\"en_US\" \/>\n<meta property=\"og:type\" content=\"article\" \/>\n<meta property=\"og:title\" content=\"FOS Scorpio Wash - 7x60W RGBW LED Moving Head\" \/>\n<meta property=\"og:description\" content=\"7x60W RGBW LED wash moving head with linear zoom (6-60\u00b0) and LED ring effect.\" \/>\n<meta property=\"og:url\" content=\"https:\/\/stagezone.hu\/en\/product\/fos-scorpio-wash-7x60w-rgbw-led-moving-head\/\" \/>\n<meta property=\"og:site_name\" content=\"StageZone\" \/>\n<meta property=\"article:publisher\" content=\"https:\/\/www.facebook.com\/stagezonehungary\/\" \/>\n<meta property=\"article:modified_time\" content=\"2026-05-04T18:51:57+00:00\" \/>\n<meta property=\"og:image\" content=\"https:\/\/stagezone.hu\/wp-content\/uploads\/2025\/09\/63.png\" \/>\n\t<meta property=\"og:image:width\" content=\"1125\" \/>\n\t<meta property=\"og:image:height\" content=\"1125\" \/>\n\t<meta property=\"og:image:type\" content=\"image\/png\" \/>\n<meta name=\"twitter:card\" content=\"summary_large_image\" \/>\n<meta name=\"twitter:label1\" content=\"Est. reading time\" \/>\n\t<meta name=\"twitter:data1\" content=\"1 minute\" \/>\n<script type=\"application\/ld+json\" class=\"yoast-schema-graph\">{\"@context\":\"https:\/\/schema.org\",\"@graph\":[{\"@type\":\"WebPage\",\"@id\":\"https:\/\/stagezone.hu\/en\/product\/fos-scorpio-wash-7x60w-rgbw-led-moving-head\/\",\"url\":\"https:\/\/stagezone.hu\/en\/product\/fos-scorpio-wash-7x60w-rgbw-led-moving-head\/\",\"name\":\"FOS Scorpio Wash - StageZone\",\"isPartOf\":{\"@id\":\"https:\/\/stagezone.hu\/#website\"},\"primaryImageOfPage\":{\"@id\":\"https:\/\/stagezone.hu\/en\/product\/fos-scorpio-wash-7x60w-rgbw-led-moving-head\/#primaryimage\"},\"image\":{\"@id\":\"https:\/\/stagezone.hu\/en\/product\/fos-scorpio-wash-7x60w-rgbw-led-moving-head\/#primaryimage\"},\"thumbnailUrl\":\"https:\/\/stagezone.hu\/wp-content\/uploads\/2025\/09\/63.png\",\"datePublished\":\"2025-09-04T15:00:20+00:00\",\"dateModified\":\"2026-05-04T18:51:57+00:00\",\"description\":\"A FOS Scorpio Wash egy 7x60W RGBW ledekkel ell\u00e1tott wash robotl\u00e1mpa. Hasonl\u00f3an a Helix Ultra mellett ledenk\u00e9nt is vez\u00e9relhet\u0151 eszk\u00f6z.\",\"breadcrumb\":{\"@id\":\"https:\/\/stagezone.hu\/en\/product\/fos-scorpio-wash-7x60w-rgbw-led-moving-head\/#breadcrumb\"},\"inLanguage\":\"en-US\",\"potentialAction\":[{\"@type\":\"ReadAction\",\"target\":[\"https:\/\/stagezone.hu\/en\/product\/fos-scorpio-wash-7x60w-rgbw-led-moving-head\/\"]}]},{\"@type\":\"ImageObject\",\"inLanguage\":\"en-US\",\"@id\":\"https:\/\/stagezone.hu\/en\/product\/fos-scorpio-wash-7x60w-rgbw-led-moving-head\/#primaryimage\",\"url\":\"https:\/\/stagezone.hu\/wp-content\/uploads\/2025\/09\/63.png\",\"contentUrl\":\"https:\/\/stagezone.hu\/wp-content\/uploads\/2025\/09\/63.png\",\"width\":1125,\"height\":1125,\"caption\":\"FOS Scorpio Wash\"},{\"@type\":\"BreadcrumbList\",\"@id\":\"https:\/\/stagezone.hu\/en\/product\/fos-scorpio-wash-7x60w-rgbw-led-moving-head\/#breadcrumb\",\"itemListElement\":[{\"@type\":\"ListItem\",\"position\":1,\"name\":\"Kezd\u0151lap\",\"item\":\"https:\/\/stagezone.hu\/\"},{\"@type\":\"ListItem\",\"position\":2,\"name\":\"\u00dczlet\",\"item\":\"https:\/\/stagezone.hu\/uzlet\/\"},{\"@type\":\"ListItem\",\"position\":3,\"name\":\"FOS Scorpio Wash - 7x60W RGBW LED Moving Head\"}]},{\"@type\":\"WebSite\",\"@id\":\"https:\/\/stagezone.hu\/en\/#website\",\"url\":\"https:\/\/stagezone.hu\/en\/\",\"name\":\"StageZone - Ragyogj a Stagezone min\u0151s\u00e9gi f\u00e9nytechnik\u00e1j\u00e1val.\",\"description\":\"StageZone\",\"publisher\":{\"@id\":\"https:\/\/stagezone.hu\/en\/#organization\"},\"potentialAction\":[{\"@type\":\"SearchAction\",\"target\":{\"@type\":\"EntryPoint\",\"urlTemplate\":\"https:\/\/stagezone.hu\/en\/?s={search_term_string}\"},\"query-input\":{\"@type\":\"PropertyValueSpecification\",\"valueRequired\":true,\"valueName\":\"search_term_string\"}}],\"inLanguage\":\"en-US\"},{\"@type\":\"Organization\",\"@id\":\"https:\/\/stagezone.hu\/en\/#organization\",\"name\":\"StageZone\",\"url\":\"https:\/\/stagezone.hu\/en\/\",\"logo\":{\"@type\":\"ImageObject\",\"inLanguage\":\"en-US\",\"@id\":\"https:\/\/stagezone.hu\/en\/#\/schema\/logo\/image\/\",\"url\":\"https:\/\/stagezone.hu\/wp-content\/uploads\/2026\/01\/Adam-Hall_1000x1000-1-1.png\",\"contentUrl\":\"https:\/\/stagezone.hu\/wp-content\/uploads\/2026\/01\/Adam-Hall_1000x1000-1-1.png\",\"width\":1000,\"height\":1000,\"caption\":\"StageZone\"},\"image\":{\"@id\":\"https:\/\/stagezone.hu\/en\/#\/schema\/logo\/image\/\"},\"sameAs\":[\"https:\/\/www.facebook.com\/stagezonehungary\/\",\"https:\/\/www.instagram.com\/stagezonehungary\/\"]}]}<\/script>\n<!-- \/ Yoast SEO Premium plugin. -->","yoast_head_json":{"title":"FOS Scorpio Wash - 7x60W RGBW LED Moving Head","description":"7x60W RGBW LED wash moving head with linear zoom (6-60\u00b0) and LED ring effect.","robots":{"index":"index","follow":"follow","max-snippet":"max-snippet:-1","max-image-preview":"max-image-preview:large","max-video-preview":"max-video-preview:-1"},"canonical":"7x60W RGBW LED wash moving head with linear zoom (6-60\u00b0) and LED ring effect.","og_locale":"en_US","og_type":"article","og_title":"FOS Scorpio Wash - 7x60W RGBW LED Moving Head","og_description":"7x60W RGBW LED wash moving head with linear zoom (6-60\u00b0) and LED ring effect.","og_url":"https:\/\/stagezone.hu\/en\/product\/fos-scorpio-wash-7x60w-rgbw-led-moving-head\/","og_site_name":"StageZone","article_publisher":"https:\/\/www.facebook.com\/stagezonehungary\/","article_modified_time":"2026-05-04T18:51:57+00:00","og_image":[{"width":1125,"height":1125,"url":"https:\/\/stagezone.hu\/wp-content\/uploads\/2025\/09\/63.png","type":"image\/png"}],"twitter_card":"summary_large_image","twitter_misc":{"Est. reading time":"1 minute"},"schema":{"@context":"https:\/\/schema.org","@graph":[{"@type":"WebPage","@id":"https:\/\/stagezone.hu\/en\/product\/fos-scorpio-wash-7x60w-rgbw-led-moving-head\/","url":"https:\/\/stagezone.hu\/en\/product\/fos-scorpio-wash-7x60w-rgbw-led-moving-head\/","name":"FOS Scorpio Wash - StageZone","isPartOf":{"@id":"https:\/\/stagezone.hu\/#website"},"primaryImageOfPage":{"@id":"https:\/\/stagezone.hu\/en\/product\/fos-scorpio-wash-7x60w-rgbw-led-moving-head\/#primaryimage"},"image":{"@id":"https:\/\/stagezone.hu\/en\/product\/fos-scorpio-wash-7x60w-rgbw-led-moving-head\/#primaryimage"},"thumbnailUrl":"https:\/\/stagezone.hu\/wp-content\/uploads\/2025\/09\/63.png","datePublished":"2025-09-04T15:00:20+00:00","dateModified":"2026-05-04T18:51:57+00:00","description":"A FOS Scorpio Wash egy 7x60W RGBW ledekkel ell\u00e1tott wash robotl\u00e1mpa. Hasonl\u00f3an a Helix Ultra mellett ledenk\u00e9nt is vez\u00e9relhet\u0151 eszk\u00f6z.","breadcrumb":{"@id":"https:\/\/stagezone.hu\/en\/product\/fos-scorpio-wash-7x60w-rgbw-led-moving-head\/#breadcrumb"},"inLanguage":"en-US","potentialAction":[{"@type":"ReadAction","target":["https:\/\/stagezone.hu\/en\/product\/fos-scorpio-wash-7x60w-rgbw-led-moving-head\/"]}]},{"@type":"ImageObject","inLanguage":"en-US","@id":"https:\/\/stagezone.hu\/en\/product\/fos-scorpio-wash-7x60w-rgbw-led-moving-head\/#primaryimage","url":"https:\/\/stagezone.hu\/wp-content\/uploads\/2025\/09\/63.png","contentUrl":"https:\/\/stagezone.hu\/wp-content\/uploads\/2025\/09\/63.png","width":1125,"height":1125,"caption":"FOS Scorpio Wash"},{"@type":"BreadcrumbList","@id":"https:\/\/stagezone.hu\/en\/product\/fos-scorpio-wash-7x60w-rgbw-led-moving-head\/#breadcrumb","itemListElement":[{"@type":"ListItem","position":1,"name":"Kezd\u0151lap","item":"https:\/\/stagezone.hu\/"},{"@type":"ListItem","position":2,"name":"\u00dczlet","item":"https:\/\/stagezone.hu\/uzlet\/"},{"@type":"ListItem","position":3,"name":"FOS Scorpio Wash - 7x60W RGBW LED Moving Head"}]},{"@type":"WebSite","@id":"https:\/\/stagezone.hu\/en\/#website","url":"https:\/\/stagezone.hu\/en\/","name":"StageZone - Ragyogj a Stagezone min\u0151s\u00e9gi f\u00e9nytechnik\u00e1j\u00e1val.","description":"StageZone","publisher":{"@id":"https:\/\/stagezone.hu\/en\/#organization"},"potentialAction":[{"@type":"SearchAction","target":{"@type":"EntryPoint","urlTemplate":"https:\/\/stagezone.hu\/en\/?s={search_term_string}"},"query-input":{"@type":"PropertyValueSpecification","valueRequired":true,"valueName":"search_term_string"}}],"inLanguage":"en-US"},{"@type":"Organization","@id":"https:\/\/stagezone.hu\/en\/#organization","name":"StageZone","url":"https:\/\/stagezone.hu\/en\/","logo":{"@type":"ImageObject","inLanguage":"en-US","@id":"https:\/\/stagezone.hu\/en\/#\/schema\/logo\/image\/","url":"https:\/\/stagezone.hu\/wp-content\/uploads\/2026\/01\/Adam-Hall_1000x1000-1-1.png","contentUrl":"https:\/\/stagezone.hu\/wp-content\/uploads\/2026\/01\/Adam-Hall_1000x1000-1-1.png","width":1000,"height":1000,"caption":"StageZone"},"image":{"@id":"https:\/\/stagezone.hu\/en\/#\/schema\/logo\/image\/"},"sameAs":["https:\/\/www.facebook.com\/stagezonehungary\/","https:\/\/www.instagram.com\/stagezonehungary\/"]}]}},"_links":{"self":[{"href":"https:\/\/stagezone.hu\/en\/wp-json\/wp\/v2\/product\/8185","targetHints":{"allow":["GET"]}}],"collection":[{"href":"https:\/\/stagezone.hu\/en\/wp-json\/wp\/v2\/product"}],"about":[{"href":"https:\/\/stagezone.hu\/en\/wp-json\/wp\/v2\/types\/product"}],"replies":[{"embeddable":true,"href":"https:\/\/stagezone.hu\/en\/wp-json\/wp\/v2\/comments?post=8185"}],"version-history":[{"count":6,"href":"https:\/\/stagezone.hu\/en\/wp-json\/wp\/v2\/product\/8185\/revisions"}],"predecessor-version":[{"id":10374,"href":"https:\/\/stagezone.hu\/en\/wp-json\/wp\/v2\/product\/8185\/revisions\/10374"}],"wp:featuredmedia":[{"embeddable":true,"href":"https:\/\/stagezone.hu\/en\/wp-json\/wp\/v2\/media\/8186"}],"wp:attachment":[{"href":"https:\/\/stagezone.hu\/en\/wp-json\/wp\/v2\/media?parent=8185"}],"wp:term":[{"taxonomy":"product_brand","embeddable":true,"href":"https:\/\/stagezone.hu\/en\/wp-json\/wp\/v2\/product_brand?post=8185"},{"taxonomy":"product_cat","embeddable":true,"href":"https:\/\/stagezone.hu\/en\/wp-json\/wp\/v2\/product_cat?post=8185"},{"taxonomy":"product_tag","embeddable":true,"href":"https:\/\/stagezone.hu\/en\/wp-json\/wp\/v2\/product_tag?post=8185"}],"curies":[{"name":"wp","href":"https:\/\/api.w.org\/{rel}","templated":true}]}}