{"id":8133,"date":"2025-09-04T16:00:37","date_gmt":"2025-09-04T15:00:37","guid":{"rendered":"https:\/\/stagezone.hu\/?post_type=product&#038;p=8133"},"modified":"2026-05-04T19:51:41","modified_gmt":"2026-05-04T18:51:41","slug":"fos-iridium-beam","status":"publish","type":"product","link":"https:\/\/stagezone.hu\/en\/product\/fos-iridium-beam-75w-beam-moving-head-light\/","title":{"rendered":"FOS Iridium Beam 75W Beam Moving Head Light"},"content":{"rendered":"<p><strong>FOS Iridium Beam &#8211; 75W beam moving head light<\/strong><\/p>\n<p>The FOS Iridium Beam is a solution for those looking for a compact yet powerful beam light. Measuring only 305 mm in height, it can be installed in spaces with low ceiling heights. The fixture features 14 colors, 17 static gobos, and an 8-facet prism. It can be operated in 9 or 11-channel modes.<\/p>\n<p>FOS Technologies was founded in Athens in 2009 with the goal of providing efficiency, durability, outstanding performance, and easy maintainability at affordable prices. The name &#8220;FOS&#8221; (Greek for \u03a6\u03a9\u03a3 = light) reflects their mission: to bring light and experience to every production. Since then, FOS has exported its products to over 48 countries worldwide.<\/p>\n<p><iframe title=\"FOS Iridium 75W Beam\" width=\"1220\" height=\"686\" src=\"https:\/\/www.youtube.com\/embed\/S9JBDynlmoU?feature=oembed\" frameborder=\"0\" allow=\"accelerometer; autoplay; clipboard-write; encrypted-media; gyroscope; picture-in-picture; web-share\" referrerpolicy=\"strict-origin-when-cross-origin\" allowfullscreen><\/iframe><\/p>\n","protected":false},"excerpt":{"rendered":"<p>The FOS Iridium Beam is a compact 75W beam moving head light, ideal for spaces with low ceilings. It offers 14 colors, 17 gobos, and an 8-facet prism.<\/p>\n","protected":false},"featured_media":8134,"comment_status":"open","ping_status":"closed","template":"","meta":[],"product_brand":[],"product_cat":[168,166],"product_tag":[198,514],"class_list":{"0":"post-8133","1":"product","2":"type-product","3":"status-publish","4":"has-post-thumbnail","6":"product_cat-beam-lampa","7":"product_cat-robotlampa","8":"product_tag-beam","9":"product_tag-fos","11":"first","12":"contact_us","13":"taxable","14":"shipping-taxable","15":"purchasable","16":"product-type-simple"},"yoast_head":"<!-- This site is optimized with the Yoast SEO Premium plugin v27.2 (Yoast SEO v27.2) - https:\/\/yoast.com\/product\/yoast-seo-premium-wordpress\/ -->\n<title>FOS Iridium Beam 75W Beam Moving Head Light<\/title>\n<meta name=\"description\" content=\"The FOS Iridium Beam is a compact 75W beam moving head light, ideal for spaces with low ceilings. It offers 14 colors, 17 gobos, and an 8-facet prism.\" \/>\n<meta name=\"robots\" content=\"index, follow, max-snippet:-1, max-image-preview:large, max-video-preview:-1\" \/>\n<link rel=\"canonical\" href=\"http:\/\/The%20FOS%20Iridium%20Beam%20is%20a%20compact%2075W%20beam%20moving%20head%20light,%20ideal%20for%20spaces%20with%20low%20ceilings.%20It%20offers%2014%20colors,%2017%20gobos,%20and%20an%208-facet%20prism.\" \/>\n<meta property=\"og:locale\" content=\"en_US\" \/>\n<meta property=\"og:type\" content=\"article\" \/>\n<meta property=\"og:title\" content=\"FOS Iridium Beam 75W Beam Moving Head Light\" \/>\n<meta property=\"og:description\" content=\"The FOS Iridium Beam is a compact 75W beam moving head light, ideal for spaces with low ceilings. It offers 14 colors, 17 gobos, and an 8-facet prism.\" \/>\n<meta property=\"og:url\" content=\"https:\/\/stagezone.hu\/en\/product\/fos-iridium-beam-75w-beam-moving-head-light\/\" \/>\n<meta property=\"og:site_name\" content=\"StageZone\" \/>\n<meta property=\"article:publisher\" content=\"https:\/\/www.facebook.com\/stagezonehungary\/\" \/>\n<meta property=\"article:modified_time\" content=\"2026-05-04T18:51:41+00:00\" \/>\n<meta property=\"og:image\" content=\"https:\/\/stagezone.hu\/wp-content\/uploads\/2025\/09\/39.png\" \/>\n\t<meta property=\"og:image:width\" content=\"1125\" \/>\n\t<meta property=\"og:image:height\" content=\"1125\" \/>\n\t<meta property=\"og:image:type\" content=\"image\/png\" \/>\n<meta name=\"twitter:card\" content=\"summary_large_image\" \/>\n<meta name=\"twitter:label1\" content=\"Est. reading time\" \/>\n\t<meta name=\"twitter:data1\" content=\"1 minute\" \/>\n<script type=\"application\/ld+json\" class=\"yoast-schema-graph\">{\"@context\":\"https:\/\/schema.org\",\"@graph\":[{\"@type\":\"WebPage\",\"@id\":\"https:\/\/stagezone.hu\/en\/product\/fos-iridium-beam-75w-beam-moving-head-light\/\",\"url\":\"https:\/\/stagezone.hu\/en\/product\/fos-iridium-beam-75w-beam-moving-head-light\/\",\"name\":\"FOS Iridium Beam - StageZone\",\"isPartOf\":{\"@id\":\"https:\/\/stagezone.hu\/#website\"},\"primaryImageOfPage\":{\"@id\":\"https:\/\/stagezone.hu\/en\/product\/fos-iridium-beam-75w-beam-moving-head-light\/#primaryimage\"},\"image\":{\"@id\":\"https:\/\/stagezone.hu\/en\/product\/fos-iridium-beam-75w-beam-moving-head-light\/#primaryimage\"},\"thumbnailUrl\":\"https:\/\/stagezone.hu\/wp-content\/uploads\/2025\/09\/39.png\",\"datePublished\":\"2025-09-04T15:00:37+00:00\",\"dateModified\":\"2026-05-04T18:51:41+00:00\",\"description\":\"A FOS Iridium Beam egy 75W teljes\u00edtm\u00e9nnyel rendelkez\u0151 kis m\u00e9ret\u0171 beam l\u00e1mpa. Mobil felhaszn\u00e1l\u00e1sra \u00e9s alacsony belter\u0171 helyekre javasolt.\",\"breadcrumb\":{\"@id\":\"https:\/\/stagezone.hu\/en\/product\/fos-iridium-beam-75w-beam-moving-head-light\/#breadcrumb\"},\"inLanguage\":\"en-US\",\"potentialAction\":[{\"@type\":\"ReadAction\",\"target\":[\"https:\/\/stagezone.hu\/en\/product\/fos-iridium-beam-75w-beam-moving-head-light\/\"]}]},{\"@type\":\"ImageObject\",\"inLanguage\":\"en-US\",\"@id\":\"https:\/\/stagezone.hu\/en\/product\/fos-iridium-beam-75w-beam-moving-head-light\/#primaryimage\",\"url\":\"https:\/\/stagezone.hu\/wp-content\/uploads\/2025\/09\/39.png\",\"contentUrl\":\"https:\/\/stagezone.hu\/wp-content\/uploads\/2025\/09\/39.png\",\"width\":1125,\"height\":1125,\"caption\":\"FOS Iridium Beam\"},{\"@type\":\"BreadcrumbList\",\"@id\":\"https:\/\/stagezone.hu\/en\/product\/fos-iridium-beam-75w-beam-moving-head-light\/#breadcrumb\",\"itemListElement\":[{\"@type\":\"ListItem\",\"position\":1,\"name\":\"Kezd\u0151lap\",\"item\":\"https:\/\/stagezone.hu\/\"},{\"@type\":\"ListItem\",\"position\":2,\"name\":\"\u00dczlet\",\"item\":\"https:\/\/stagezone.hu\/uzlet\/\"},{\"@type\":\"ListItem\",\"position\":3,\"name\":\"FOS Iridium Beam 75W Beam Moving Head Light\"}]},{\"@type\":\"WebSite\",\"@id\":\"https:\/\/stagezone.hu\/en\/#website\",\"url\":\"https:\/\/stagezone.hu\/en\/\",\"name\":\"StageZone - Ragyogj a Stagezone min\u0151s\u00e9gi f\u00e9nytechnik\u00e1j\u00e1val.\",\"description\":\"StageZone\",\"publisher\":{\"@id\":\"https:\/\/stagezone.hu\/en\/#organization\"},\"potentialAction\":[{\"@type\":\"SearchAction\",\"target\":{\"@type\":\"EntryPoint\",\"urlTemplate\":\"https:\/\/stagezone.hu\/en\/?s={search_term_string}\"},\"query-input\":{\"@type\":\"PropertyValueSpecification\",\"valueRequired\":true,\"valueName\":\"search_term_string\"}}],\"inLanguage\":\"en-US\"},{\"@type\":\"Organization\",\"@id\":\"https:\/\/stagezone.hu\/en\/#organization\",\"name\":\"StageZone\",\"url\":\"https:\/\/stagezone.hu\/en\/\",\"logo\":{\"@type\":\"ImageObject\",\"inLanguage\":\"en-US\",\"@id\":\"https:\/\/stagezone.hu\/en\/#\/schema\/logo\/image\/\",\"url\":\"https:\/\/stagezone.hu\/wp-content\/uploads\/2026\/01\/Adam-Hall_1000x1000-1-1.png\",\"contentUrl\":\"https:\/\/stagezone.hu\/wp-content\/uploads\/2026\/01\/Adam-Hall_1000x1000-1-1.png\",\"width\":1000,\"height\":1000,\"caption\":\"StageZone\"},\"image\":{\"@id\":\"https:\/\/stagezone.hu\/en\/#\/schema\/logo\/image\/\"},\"sameAs\":[\"https:\/\/www.facebook.com\/stagezonehungary\/\",\"https:\/\/www.instagram.com\/stagezonehungary\/\"]}]}<\/script>\n<!-- \/ Yoast SEO Premium plugin. -->","yoast_head_json":{"title":"FOS Iridium Beam 75W Beam Moving Head Light","description":"The FOS Iridium Beam is a compact 75W beam moving head light, ideal for spaces with low ceilings. It offers 14 colors, 17 gobos, and an 8-facet prism.","robots":{"index":"index","follow":"follow","max-snippet":"max-snippet:-1","max-image-preview":"max-image-preview:large","max-video-preview":"max-video-preview:-1"},"canonical":"The FOS Iridium Beam is a compact 75W beam moving head light, ideal for spaces with low ceilings. It offers 14 colors, 17 gobos, and an 8-facet prism.","og_locale":"en_US","og_type":"article","og_title":"FOS Iridium Beam 75W Beam Moving Head Light","og_description":"The FOS Iridium Beam is a compact 75W beam moving head light, ideal for spaces with low ceilings. It offers 14 colors, 17 gobos, and an 8-facet prism.","og_url":"https:\/\/stagezone.hu\/en\/product\/fos-iridium-beam-75w-beam-moving-head-light\/","og_site_name":"StageZone","article_publisher":"https:\/\/www.facebook.com\/stagezonehungary\/","article_modified_time":"2026-05-04T18:51:41+00:00","og_image":[{"width":1125,"height":1125,"url":"https:\/\/stagezone.hu\/wp-content\/uploads\/2025\/09\/39.png","type":"image\/png"}],"twitter_card":"summary_large_image","twitter_misc":{"Est. reading time":"1 minute"},"schema":{"@context":"https:\/\/schema.org","@graph":[{"@type":"WebPage","@id":"https:\/\/stagezone.hu\/en\/product\/fos-iridium-beam-75w-beam-moving-head-light\/","url":"https:\/\/stagezone.hu\/en\/product\/fos-iridium-beam-75w-beam-moving-head-light\/","name":"FOS Iridium Beam - StageZone","isPartOf":{"@id":"https:\/\/stagezone.hu\/#website"},"primaryImageOfPage":{"@id":"https:\/\/stagezone.hu\/en\/product\/fos-iridium-beam-75w-beam-moving-head-light\/#primaryimage"},"image":{"@id":"https:\/\/stagezone.hu\/en\/product\/fos-iridium-beam-75w-beam-moving-head-light\/#primaryimage"},"thumbnailUrl":"https:\/\/stagezone.hu\/wp-content\/uploads\/2025\/09\/39.png","datePublished":"2025-09-04T15:00:37+00:00","dateModified":"2026-05-04T18:51:41+00:00","description":"A FOS Iridium Beam egy 75W teljes\u00edtm\u00e9nnyel rendelkez\u0151 kis m\u00e9ret\u0171 beam l\u00e1mpa. Mobil felhaszn\u00e1l\u00e1sra \u00e9s alacsony belter\u0171 helyekre javasolt.","breadcrumb":{"@id":"https:\/\/stagezone.hu\/en\/product\/fos-iridium-beam-75w-beam-moving-head-light\/#breadcrumb"},"inLanguage":"en-US","potentialAction":[{"@type":"ReadAction","target":["https:\/\/stagezone.hu\/en\/product\/fos-iridium-beam-75w-beam-moving-head-light\/"]}]},{"@type":"ImageObject","inLanguage":"en-US","@id":"https:\/\/stagezone.hu\/en\/product\/fos-iridium-beam-75w-beam-moving-head-light\/#primaryimage","url":"https:\/\/stagezone.hu\/wp-content\/uploads\/2025\/09\/39.png","contentUrl":"https:\/\/stagezone.hu\/wp-content\/uploads\/2025\/09\/39.png","width":1125,"height":1125,"caption":"FOS Iridium Beam"},{"@type":"BreadcrumbList","@id":"https:\/\/stagezone.hu\/en\/product\/fos-iridium-beam-75w-beam-moving-head-light\/#breadcrumb","itemListElement":[{"@type":"ListItem","position":1,"name":"Kezd\u0151lap","item":"https:\/\/stagezone.hu\/"},{"@type":"ListItem","position":2,"name":"\u00dczlet","item":"https:\/\/stagezone.hu\/uzlet\/"},{"@type":"ListItem","position":3,"name":"FOS Iridium Beam 75W Beam Moving Head Light"}]},{"@type":"WebSite","@id":"https:\/\/stagezone.hu\/en\/#website","url":"https:\/\/stagezone.hu\/en\/","name":"StageZone - Ragyogj a Stagezone min\u0151s\u00e9gi f\u00e9nytechnik\u00e1j\u00e1val.","description":"StageZone","publisher":{"@id":"https:\/\/stagezone.hu\/en\/#organization"},"potentialAction":[{"@type":"SearchAction","target":{"@type":"EntryPoint","urlTemplate":"https:\/\/stagezone.hu\/en\/?s={search_term_string}"},"query-input":{"@type":"PropertyValueSpecification","valueRequired":true,"valueName":"search_term_string"}}],"inLanguage":"en-US"},{"@type":"Organization","@id":"https:\/\/stagezone.hu\/en\/#organization","name":"StageZone","url":"https:\/\/stagezone.hu\/en\/","logo":{"@type":"ImageObject","inLanguage":"en-US","@id":"https:\/\/stagezone.hu\/en\/#\/schema\/logo\/image\/","url":"https:\/\/stagezone.hu\/wp-content\/uploads\/2026\/01\/Adam-Hall_1000x1000-1-1.png","contentUrl":"https:\/\/stagezone.hu\/wp-content\/uploads\/2026\/01\/Adam-Hall_1000x1000-1-1.png","width":1000,"height":1000,"caption":"StageZone"},"image":{"@id":"https:\/\/stagezone.hu\/en\/#\/schema\/logo\/image\/"},"sameAs":["https:\/\/www.facebook.com\/stagezonehungary\/","https:\/\/www.instagram.com\/stagezonehungary\/"]}]}},"_links":{"self":[{"href":"https:\/\/stagezone.hu\/en\/wp-json\/wp\/v2\/product\/8133","targetHints":{"allow":["GET"]}}],"collection":[{"href":"https:\/\/stagezone.hu\/en\/wp-json\/wp\/v2\/product"}],"about":[{"href":"https:\/\/stagezone.hu\/en\/wp-json\/wp\/v2\/types\/product"}],"replies":[{"embeddable":true,"href":"https:\/\/stagezone.hu\/en\/wp-json\/wp\/v2\/comments?post=8133"}],"version-history":[{"count":5,"href":"https:\/\/stagezone.hu\/en\/wp-json\/wp\/v2\/product\/8133\/revisions"}],"predecessor-version":[{"id":10329,"href":"https:\/\/stagezone.hu\/en\/wp-json\/wp\/v2\/product\/8133\/revisions\/10329"}],"wp:featuredmedia":[{"embeddable":true,"href":"https:\/\/stagezone.hu\/en\/wp-json\/wp\/v2\/media\/8134"}],"wp:attachment":[{"href":"https:\/\/stagezone.hu\/en\/wp-json\/wp\/v2\/media?parent=8133"}],"wp:term":[{"taxonomy":"product_brand","embeddable":true,"href":"https:\/\/stagezone.hu\/en\/wp-json\/wp\/v2\/product_brand?post=8133"},{"taxonomy":"product_cat","embeddable":true,"href":"https:\/\/stagezone.hu\/en\/wp-json\/wp\/v2\/product_cat?post=8133"},{"taxonomy":"product_tag","embeddable":true,"href":"https:\/\/stagezone.hu\/en\/wp-json\/wp\/v2\/product_tag?post=8133"}],"curies":[{"name":"wp","href":"https:\/\/api.w.org\/{rel}","templated":true}]}}