{"id":8124,"date":"2025-09-04T16:00:06","date_gmt":"2025-09-04T15:00:06","guid":{"rendered":"https:\/\/stagezone.hu\/?post_type=product&#038;p=8124"},"modified":"2026-05-04T19:52:03","modified_gmt":"2026-05-04T18:52:03","slug":"fos-hydor-wash","status":"publish","type":"product","link":"https:\/\/stagezone.hu\/en\/product\/fos-hydor-wash-ip65\/","title":{"rendered":"FOS HYDOR Wash IP65"},"content":{"rendered":"<p><strong>FOS HYDOR Wash &#8211; zoom wash with IP65 protection<\/strong><\/p>\n<p>The FOS HYDOR Wash is one of the brand&#8217;s largest lamps with IP65 protection. Its performance is the same as the <a href=\"https:\/\/stagezone.hu\/termek\/fos-helix-ultra\/\">Helix Ultra<\/a>, but this device represents a higher standard in terms of its capabilities. Thanks to its opening angle between 7-42\u00b0, it can also be used similarly as a beam lamp. It has 4 different dimming modes and CTO control option.<\/p>\n<p><a href=\"https:\/\/www.fos-lighting.eu\/fos-technologies-c-172.html\"><strong data-start=\"247\" data-end=\"267\">FOS Technologies<\/strong><\/a> was founded in Athens in 2009 with the aim of providing efficiency, durability, outstanding performance, and easy maintainability with their products at an affordable price. The name &#8220;FOS&#8221; (Greek: \u03a6\u03a9\u03a3 = light) also reflects their mission: to bring light and experience to every production. Since then, FOS has exported its products to over 48 countries worldwide.<\/p>\n<p><iframe title=\"FOS Hydor Wash | IP65 Moving head with zoom &amp; multibeam effects!\" width=\"1220\" height=\"686\" src=\"https:\/\/www.youtube.com\/embed\/VkTcSw69gyU?feature=oembed\" frameborder=\"0\" allow=\"accelerometer; autoplay; clipboard-write; encrypted-media; gyroscope; picture-in-picture; web-share\" referrerpolicy=\"strict-origin-when-cross-origin\" allowfullscreen><\/iframe><\/p>\n<p>&nbsp;<\/p>\n","protected":false},"excerpt":{"rendered":"<p>19x40W RGBW, IP65, CTO, 7-42\u00b0 beam angle, 4 dimmer modes, LED ring.<\/p>\n","protected":false},"featured_media":8125,"comment_status":"open","ping_status":"closed","template":"","meta":[],"product_brand":[],"product_cat":[166,167],"product_tag":[514,210],"class_list":{"0":"post-8124","1":"product","2":"type-product","3":"status-publish","4":"has-post-thumbnail","6":"product_cat-robotlampa","7":"product_cat-wash-lampak","8":"product_tag-fos","9":"product_tag-wash","11":"first","12":"contact_us","13":"taxable","14":"shipping-taxable","15":"purchasable","16":"product-type-simple"},"yoast_head":"<!-- This site is optimized with the Yoast SEO Premium plugin v27.2 (Yoast SEO v27.2) - https:\/\/yoast.com\/product\/yoast-seo-premium-wordpress\/ -->\n<title>FOS HYDOR Wash IP65<\/title>\n<meta name=\"description\" content=\"19x40W RGBW, IP65, CTO, 7-42\u00b0 beam angle, 4 dimmer modes, LED ring.\" \/>\n<meta name=\"robots\" content=\"index, follow, max-snippet:-1, max-image-preview:large, max-video-preview:-1\" \/>\n<link rel=\"canonical\" href=\"http:\/\/19x40W%20RGBW,%20IP65,%20CTO,%207-42\u00b0%20beam%20angle,%204%20dimmer%20modes,%20LED%20ring.\" \/>\n<meta property=\"og:locale\" content=\"en_US\" \/>\n<meta property=\"og:type\" content=\"article\" \/>\n<meta property=\"og:title\" content=\"FOS HYDOR Wash IP65\" \/>\n<meta property=\"og:description\" content=\"19x40W RGBW, IP65, CTO, 7-42\u00b0 beam angle, 4 dimmer modes, LED ring.\" \/>\n<meta property=\"og:url\" content=\"https:\/\/stagezone.hu\/en\/product\/fos-hydor-wash-ip65\/\" \/>\n<meta property=\"og:site_name\" content=\"StageZone\" \/>\n<meta property=\"article:publisher\" content=\"https:\/\/www.facebook.com\/stagezonehungary\/\" \/>\n<meta property=\"article:modified_time\" content=\"2026-05-04T18:52:03+00:00\" \/>\n<meta property=\"og:image\" content=\"https:\/\/stagezone.hu\/wp-content\/uploads\/2025\/09\/35.png\" \/>\n\t<meta property=\"og:image:width\" content=\"1125\" \/>\n\t<meta property=\"og:image:height\" content=\"1125\" \/>\n\t<meta property=\"og:image:type\" content=\"image\/png\" \/>\n<meta name=\"twitter:card\" content=\"summary_large_image\" \/>\n<meta name=\"twitter:label1\" content=\"Est. reading time\" \/>\n\t<meta name=\"twitter:data1\" content=\"1 minute\" \/>\n<script type=\"application\/ld+json\" class=\"yoast-schema-graph\">{\"@context\":\"https:\/\/schema.org\",\"@graph\":[{\"@type\":\"WebPage\",\"@id\":\"https:\/\/stagezone.hu\/en\/product\/fos-hydor-wash-ip65\/\",\"url\":\"https:\/\/stagezone.hu\/en\/product\/fos-hydor-wash-ip65\/\",\"name\":\"FOS HYDOR Wash - StageZone\",\"isPartOf\":{\"@id\":\"https:\/\/stagezone.hu\/#website\"},\"primaryImageOfPage\":{\"@id\":\"https:\/\/stagezone.hu\/en\/product\/fos-hydor-wash-ip65\/#primaryimage\"},\"image\":{\"@id\":\"https:\/\/stagezone.hu\/en\/product\/fos-hydor-wash-ip65\/#primaryimage\"},\"thumbnailUrl\":\"https:\/\/stagezone.hu\/wp-content\/uploads\/2025\/09\/35.png\",\"datePublished\":\"2025-09-04T15:00:06+00:00\",\"dateModified\":\"2026-05-04T18:52:03+00:00\",\"description\":\"A FOS HYDOR Wash egy 19x40W-os, IP65 v\u00e9delemmel ell\u00e1tott wash robotl\u00e1mpa CTO szab\u00e1lyz\u00e1ssal \u00e9s pixeleffektussal.\",\"breadcrumb\":{\"@id\":\"https:\/\/stagezone.hu\/en\/product\/fos-hydor-wash-ip65\/#breadcrumb\"},\"inLanguage\":\"en-US\",\"potentialAction\":[{\"@type\":\"ReadAction\",\"target\":[\"https:\/\/stagezone.hu\/en\/product\/fos-hydor-wash-ip65\/\"]}]},{\"@type\":\"ImageObject\",\"inLanguage\":\"en-US\",\"@id\":\"https:\/\/stagezone.hu\/en\/product\/fos-hydor-wash-ip65\/#primaryimage\",\"url\":\"https:\/\/stagezone.hu\/wp-content\/uploads\/2025\/09\/35.png\",\"contentUrl\":\"https:\/\/stagezone.hu\/wp-content\/uploads\/2025\/09\/35.png\",\"width\":1125,\"height\":1125,\"caption\":\"FOS HYDOR Wash\"},{\"@type\":\"BreadcrumbList\",\"@id\":\"https:\/\/stagezone.hu\/en\/product\/fos-hydor-wash-ip65\/#breadcrumb\",\"itemListElement\":[{\"@type\":\"ListItem\",\"position\":1,\"name\":\"Kezd\u0151lap\",\"item\":\"https:\/\/stagezone.hu\/\"},{\"@type\":\"ListItem\",\"position\":2,\"name\":\"\u00dczlet\",\"item\":\"https:\/\/stagezone.hu\/uzlet\/\"},{\"@type\":\"ListItem\",\"position\":3,\"name\":\"FOS HYDOR Wash IP65\"}]},{\"@type\":\"WebSite\",\"@id\":\"https:\/\/stagezone.hu\/en\/#website\",\"url\":\"https:\/\/stagezone.hu\/en\/\",\"name\":\"StageZone - Ragyogj a Stagezone min\u0151s\u00e9gi f\u00e9nytechnik\u00e1j\u00e1val.\",\"description\":\"StageZone\",\"publisher\":{\"@id\":\"https:\/\/stagezone.hu\/en\/#organization\"},\"potentialAction\":[{\"@type\":\"SearchAction\",\"target\":{\"@type\":\"EntryPoint\",\"urlTemplate\":\"https:\/\/stagezone.hu\/en\/?s={search_term_string}\"},\"query-input\":{\"@type\":\"PropertyValueSpecification\",\"valueRequired\":true,\"valueName\":\"search_term_string\"}}],\"inLanguage\":\"en-US\"},{\"@type\":\"Organization\",\"@id\":\"https:\/\/stagezone.hu\/en\/#organization\",\"name\":\"StageZone\",\"url\":\"https:\/\/stagezone.hu\/en\/\",\"logo\":{\"@type\":\"ImageObject\",\"inLanguage\":\"en-US\",\"@id\":\"https:\/\/stagezone.hu\/en\/#\/schema\/logo\/image\/\",\"url\":\"https:\/\/stagezone.hu\/wp-content\/uploads\/2026\/01\/Adam-Hall_1000x1000-1-1.png\",\"contentUrl\":\"https:\/\/stagezone.hu\/wp-content\/uploads\/2026\/01\/Adam-Hall_1000x1000-1-1.png\",\"width\":1000,\"height\":1000,\"caption\":\"StageZone\"},\"image\":{\"@id\":\"https:\/\/stagezone.hu\/en\/#\/schema\/logo\/image\/\"},\"sameAs\":[\"https:\/\/www.facebook.com\/stagezonehungary\/\",\"https:\/\/www.instagram.com\/stagezonehungary\/\"]}]}<\/script>\n<!-- \/ Yoast SEO Premium plugin. -->","yoast_head_json":{"title":"FOS HYDOR Wash IP65","description":"19x40W RGBW, IP65, CTO, 7-42\u00b0 beam angle, 4 dimmer modes, LED ring.","robots":{"index":"index","follow":"follow","max-snippet":"max-snippet:-1","max-image-preview":"max-image-preview:large","max-video-preview":"max-video-preview:-1"},"canonical":"19x40W RGBW, IP65, CTO, 7-42\u00b0 beam angle, 4 dimmer modes, LED ring.","og_locale":"en_US","og_type":"article","og_title":"FOS HYDOR Wash IP65","og_description":"19x40W RGBW, IP65, CTO, 7-42\u00b0 beam angle, 4 dimmer modes, LED ring.","og_url":"https:\/\/stagezone.hu\/en\/product\/fos-hydor-wash-ip65\/","og_site_name":"StageZone","article_publisher":"https:\/\/www.facebook.com\/stagezonehungary\/","article_modified_time":"2026-05-04T18:52:03+00:00","og_image":[{"width":1125,"height":1125,"url":"https:\/\/stagezone.hu\/wp-content\/uploads\/2025\/09\/35.png","type":"image\/png"}],"twitter_card":"summary_large_image","twitter_misc":{"Est. reading time":"1 minute"},"schema":{"@context":"https:\/\/schema.org","@graph":[{"@type":"WebPage","@id":"https:\/\/stagezone.hu\/en\/product\/fos-hydor-wash-ip65\/","url":"https:\/\/stagezone.hu\/en\/product\/fos-hydor-wash-ip65\/","name":"FOS HYDOR Wash - StageZone","isPartOf":{"@id":"https:\/\/stagezone.hu\/#website"},"primaryImageOfPage":{"@id":"https:\/\/stagezone.hu\/en\/product\/fos-hydor-wash-ip65\/#primaryimage"},"image":{"@id":"https:\/\/stagezone.hu\/en\/product\/fos-hydor-wash-ip65\/#primaryimage"},"thumbnailUrl":"https:\/\/stagezone.hu\/wp-content\/uploads\/2025\/09\/35.png","datePublished":"2025-09-04T15:00:06+00:00","dateModified":"2026-05-04T18:52:03+00:00","description":"A FOS HYDOR Wash egy 19x40W-os, IP65 v\u00e9delemmel ell\u00e1tott wash robotl\u00e1mpa CTO szab\u00e1lyz\u00e1ssal \u00e9s pixeleffektussal.","breadcrumb":{"@id":"https:\/\/stagezone.hu\/en\/product\/fos-hydor-wash-ip65\/#breadcrumb"},"inLanguage":"en-US","potentialAction":[{"@type":"ReadAction","target":["https:\/\/stagezone.hu\/en\/product\/fos-hydor-wash-ip65\/"]}]},{"@type":"ImageObject","inLanguage":"en-US","@id":"https:\/\/stagezone.hu\/en\/product\/fos-hydor-wash-ip65\/#primaryimage","url":"https:\/\/stagezone.hu\/wp-content\/uploads\/2025\/09\/35.png","contentUrl":"https:\/\/stagezone.hu\/wp-content\/uploads\/2025\/09\/35.png","width":1125,"height":1125,"caption":"FOS HYDOR Wash"},{"@type":"BreadcrumbList","@id":"https:\/\/stagezone.hu\/en\/product\/fos-hydor-wash-ip65\/#breadcrumb","itemListElement":[{"@type":"ListItem","position":1,"name":"Kezd\u0151lap","item":"https:\/\/stagezone.hu\/"},{"@type":"ListItem","position":2,"name":"\u00dczlet","item":"https:\/\/stagezone.hu\/uzlet\/"},{"@type":"ListItem","position":3,"name":"FOS HYDOR Wash IP65"}]},{"@type":"WebSite","@id":"https:\/\/stagezone.hu\/en\/#website","url":"https:\/\/stagezone.hu\/en\/","name":"StageZone - Ragyogj a Stagezone min\u0151s\u00e9gi f\u00e9nytechnik\u00e1j\u00e1val.","description":"StageZone","publisher":{"@id":"https:\/\/stagezone.hu\/en\/#organization"},"potentialAction":[{"@type":"SearchAction","target":{"@type":"EntryPoint","urlTemplate":"https:\/\/stagezone.hu\/en\/?s={search_term_string}"},"query-input":{"@type":"PropertyValueSpecification","valueRequired":true,"valueName":"search_term_string"}}],"inLanguage":"en-US"},{"@type":"Organization","@id":"https:\/\/stagezone.hu\/en\/#organization","name":"StageZone","url":"https:\/\/stagezone.hu\/en\/","logo":{"@type":"ImageObject","inLanguage":"en-US","@id":"https:\/\/stagezone.hu\/en\/#\/schema\/logo\/image\/","url":"https:\/\/stagezone.hu\/wp-content\/uploads\/2026\/01\/Adam-Hall_1000x1000-1-1.png","contentUrl":"https:\/\/stagezone.hu\/wp-content\/uploads\/2026\/01\/Adam-Hall_1000x1000-1-1.png","width":1000,"height":1000,"caption":"StageZone"},"image":{"@id":"https:\/\/stagezone.hu\/en\/#\/schema\/logo\/image\/"},"sameAs":["https:\/\/www.facebook.com\/stagezonehungary\/","https:\/\/www.instagram.com\/stagezonehungary\/"]}]}},"_links":{"self":[{"href":"https:\/\/stagezone.hu\/en\/wp-json\/wp\/v2\/product\/8124","targetHints":{"allow":["GET"]}}],"collection":[{"href":"https:\/\/stagezone.hu\/en\/wp-json\/wp\/v2\/product"}],"about":[{"href":"https:\/\/stagezone.hu\/en\/wp-json\/wp\/v2\/types\/product"}],"replies":[{"embeddable":true,"href":"https:\/\/stagezone.hu\/en\/wp-json\/wp\/v2\/comments?post=8124"}],"version-history":[{"count":7,"href":"https:\/\/stagezone.hu\/en\/wp-json\/wp\/v2\/product\/8124\/revisions"}],"predecessor-version":[{"id":10377,"href":"https:\/\/stagezone.hu\/en\/wp-json\/wp\/v2\/product\/8124\/revisions\/10377"}],"wp:featuredmedia":[{"embeddable":true,"href":"https:\/\/stagezone.hu\/en\/wp-json\/wp\/v2\/media\/8125"}],"wp:attachment":[{"href":"https:\/\/stagezone.hu\/en\/wp-json\/wp\/v2\/media?parent=8124"}],"wp:term":[{"taxonomy":"product_brand","embeddable":true,"href":"https:\/\/stagezone.hu\/en\/wp-json\/wp\/v2\/product_brand?post=8124"},{"taxonomy":"product_cat","embeddable":true,"href":"https:\/\/stagezone.hu\/en\/wp-json\/wp\/v2\/product_cat?post=8124"},{"taxonomy":"product_tag","embeddable":true,"href":"https:\/\/stagezone.hu\/en\/wp-json\/wp\/v2\/product_tag?post=8124"}],"curies":[{"name":"wp","href":"https:\/\/api.w.org\/{rel}","templated":true}]}}