{"id":8114,"date":"2025-09-04T16:00:50","date_gmt":"2025-09-04T15:00:50","guid":{"rendered":"https:\/\/stagezone.hu\/?post_type=product&#038;p=8114"},"modified":"2026-05-04T19:51:31","modified_gmt":"2026-05-04T18:51:31","slug":"fos-helix-ultra","status":"publish","type":"product","link":"https:\/\/stagezone.hu\/en\/product\/fos-helix-ultra-zoom-wash-light\/","title":{"rendered":"FOS Helix Ultra - Zoom Wash Light"},"content":{"rendered":"<p><strong>FOS Helix Ultra &#8211; zoom wash light<\/strong><\/p>\n<p>The 19 x 40W RGBW LEDs produce a dazzling light in any installation. The beam angle between 4\u00b0 and 60\u00b0 allows the device to be used as a <a href=\"https:\/\/stagezone.hu\/termekkategoria\/robotlampa\/beam-lampa\/\">beam<\/a> light. It can be used in 28, 38, 102, 114 channel modes, so you can control each LED individually. If you want to further enhance the visual experience, you can do so with the RGB LED ring located on the front of the lamp. The FOS Helix Ultra is a unique lamp due to its distinctive projection pattern.<\/p>\n<p>FOS Technologies was founded in Athens in 2009 with the aim of providing efficiency, durability, outstanding performance, and easy maintainability at affordable prices. The name &#8220;FOS&#8221; (Greek: \u03a6\u03a9\u03a3 = light) also reflects their mission: to bring light and experience to every production. Since then, FOS has exported its products to over 48 countries worldwide.<\/p>\n<p><iframe title=\"FOS Helix Ultra\" width=\"1220\" height=\"686\" src=\"https:\/\/www.youtube.com\/embed\/8rg1L9XaTkw?feature=oembed\" frameborder=\"0\" allow=\"accelerometer; autoplay; clipboard-write; encrypted-media; gyroscope; picture-in-picture; web-share\" referrerpolicy=\"strict-origin-when-cross-origin\" allowfullscreen><\/iframe><\/p>\n","protected":false},"excerpt":{"rendered":"<p>19x40W RGBW LEDs, 4\u00b0-60\u00b0 zoom angle, LED ring for extra effects.<\/p>\n","protected":false},"featured_media":8115,"comment_status":"open","ping_status":"closed","template":"","meta":[],"product_brand":[],"product_cat":[166,167],"product_tag":[514,210],"class_list":{"0":"post-8114","1":"product","2":"type-product","3":"status-publish","4":"has-post-thumbnail","6":"product_cat-robotlampa","7":"product_cat-wash-lampak","8":"product_tag-fos","9":"product_tag-wash","11":"first","12":"contact_us","13":"taxable","14":"shipping-taxable","15":"purchasable","16":"product-type-simple"},"yoast_head":"<!-- This site is optimized with the Yoast SEO Premium plugin v27.2 (Yoast SEO v27.2) - https:\/\/yoast.com\/product\/yoast-seo-premium-wordpress\/ -->\n<title>FOS Helix Ultra - Zoom Wash Light<\/title>\n<meta name=\"description\" content=\"19x40W RGBW LEDs, 4\u00b0-60\u00b0 zoom angle, LED ring for extra effects.\" \/>\n<meta name=\"robots\" content=\"index, follow, max-snippet:-1, max-image-preview:large, max-video-preview:-1\" \/>\n<link rel=\"canonical\" href=\"http:\/\/19x40W%20RGBW%20LEDs,%204\u00b0-60\u00b0%20zoom%20angle,%20LED%20ring%20for%20extra%20effects.\" \/>\n<meta property=\"og:locale\" content=\"en_US\" \/>\n<meta property=\"og:type\" content=\"article\" \/>\n<meta property=\"og:title\" content=\"FOS Helix Ultra - Zoom Wash Light\" \/>\n<meta property=\"og:description\" content=\"19x40W RGBW LEDs, 4\u00b0-60\u00b0 zoom angle, LED ring for extra effects.\" \/>\n<meta property=\"og:url\" content=\"https:\/\/stagezone.hu\/en\/product\/fos-helix-ultra-zoom-wash-light\/\" \/>\n<meta property=\"og:site_name\" content=\"StageZone\" \/>\n<meta property=\"article:publisher\" content=\"https:\/\/www.facebook.com\/stagezonehungary\/\" \/>\n<meta property=\"article:modified_time\" content=\"2026-05-04T18:51:31+00:00\" \/>\n<meta property=\"og:image\" content=\"https:\/\/stagezone.hu\/wp-content\/uploads\/2025\/09\/30.png\" \/>\n\t<meta property=\"og:image:width\" content=\"1125\" \/>\n\t<meta property=\"og:image:height\" content=\"1125\" \/>\n\t<meta property=\"og:image:type\" content=\"image\/png\" \/>\n<meta name=\"twitter:card\" content=\"summary_large_image\" \/>\n<meta name=\"twitter:label1\" content=\"Est. reading time\" \/>\n\t<meta name=\"twitter:data1\" content=\"1 minute\" \/>\n<script type=\"application\/ld+json\" class=\"yoast-schema-graph\">{\"@context\":\"https:\/\/schema.org\",\"@graph\":[{\"@type\":\"WebPage\",\"@id\":\"https:\/\/stagezone.hu\/en\/product\/fos-helix-ultra-zoom-wash-light\/\",\"url\":\"https:\/\/stagezone.hu\/en\/product\/fos-helix-ultra-zoom-wash-light\/\",\"name\":\"FOS Helix Ultra - StageZone\",\"isPartOf\":{\"@id\":\"https:\/\/stagezone.hu\/#website\"},\"primaryImageOfPage\":{\"@id\":\"https:\/\/stagezone.hu\/en\/product\/fos-helix-ultra-zoom-wash-light\/#primaryimage\"},\"image\":{\"@id\":\"https:\/\/stagezone.hu\/en\/product\/fos-helix-ultra-zoom-wash-light\/#primaryimage\"},\"thumbnailUrl\":\"https:\/\/stagezone.hu\/wp-content\/uploads\/2025\/09\/30.png\",\"datePublished\":\"2025-09-04T15:00:50+00:00\",\"dateModified\":\"2026-05-04T18:51:31+00:00\",\"description\":\"A FOS Helix Ultra egy 19x40W RGBW ledekkel szerelt zoom wash l\u00e1mpa 760W \u00f6sszteljes\u00edtm\u00e9nnyel.\",\"breadcrumb\":{\"@id\":\"https:\/\/stagezone.hu\/en\/product\/fos-helix-ultra-zoom-wash-light\/#breadcrumb\"},\"inLanguage\":\"en-US\",\"potentialAction\":[{\"@type\":\"ReadAction\",\"target\":[\"https:\/\/stagezone.hu\/en\/product\/fos-helix-ultra-zoom-wash-light\/\"]}]},{\"@type\":\"ImageObject\",\"inLanguage\":\"en-US\",\"@id\":\"https:\/\/stagezone.hu\/en\/product\/fos-helix-ultra-zoom-wash-light\/#primaryimage\",\"url\":\"https:\/\/stagezone.hu\/wp-content\/uploads\/2025\/09\/30.png\",\"contentUrl\":\"https:\/\/stagezone.hu\/wp-content\/uploads\/2025\/09\/30.png\",\"width\":1125,\"height\":1125,\"caption\":\"FOS Helix Ultra\"},{\"@type\":\"BreadcrumbList\",\"@id\":\"https:\/\/stagezone.hu\/en\/product\/fos-helix-ultra-zoom-wash-light\/#breadcrumb\",\"itemListElement\":[{\"@type\":\"ListItem\",\"position\":1,\"name\":\"Kezd\u0151lap\",\"item\":\"https:\/\/stagezone.hu\/\"},{\"@type\":\"ListItem\",\"position\":2,\"name\":\"\u00dczlet\",\"item\":\"https:\/\/stagezone.hu\/uzlet\/\"},{\"@type\":\"ListItem\",\"position\":3,\"name\":\"FOS Helix Ultra - Zoom Wash Light\"}]},{\"@type\":\"WebSite\",\"@id\":\"https:\/\/stagezone.hu\/en\/#website\",\"url\":\"https:\/\/stagezone.hu\/en\/\",\"name\":\"StageZone - Ragyogj a Stagezone min\u0151s\u00e9gi f\u00e9nytechnik\u00e1j\u00e1val.\",\"description\":\"StageZone\",\"publisher\":{\"@id\":\"https:\/\/stagezone.hu\/en\/#organization\"},\"potentialAction\":[{\"@type\":\"SearchAction\",\"target\":{\"@type\":\"EntryPoint\",\"urlTemplate\":\"https:\/\/stagezone.hu\/en\/?s={search_term_string}\"},\"query-input\":{\"@type\":\"PropertyValueSpecification\",\"valueRequired\":true,\"valueName\":\"search_term_string\"}}],\"inLanguage\":\"en-US\"},{\"@type\":\"Organization\",\"@id\":\"https:\/\/stagezone.hu\/en\/#organization\",\"name\":\"StageZone\",\"url\":\"https:\/\/stagezone.hu\/en\/\",\"logo\":{\"@type\":\"ImageObject\",\"inLanguage\":\"en-US\",\"@id\":\"https:\/\/stagezone.hu\/en\/#\/schema\/logo\/image\/\",\"url\":\"https:\/\/stagezone.hu\/wp-content\/uploads\/2026\/01\/Adam-Hall_1000x1000-1-1.png\",\"contentUrl\":\"https:\/\/stagezone.hu\/wp-content\/uploads\/2026\/01\/Adam-Hall_1000x1000-1-1.png\",\"width\":1000,\"height\":1000,\"caption\":\"StageZone\"},\"image\":{\"@id\":\"https:\/\/stagezone.hu\/en\/#\/schema\/logo\/image\/\"},\"sameAs\":[\"https:\/\/www.facebook.com\/stagezonehungary\/\",\"https:\/\/www.instagram.com\/stagezonehungary\/\"]}]}<\/script>\n<!-- \/ Yoast SEO Premium plugin. -->","yoast_head_json":{"title":"FOS Helix Ultra - Zoom Wash Light","description":"19x40W RGBW LEDs, 4\u00b0-60\u00b0 zoom angle, LED ring for extra effects.","robots":{"index":"index","follow":"follow","max-snippet":"max-snippet:-1","max-image-preview":"max-image-preview:large","max-video-preview":"max-video-preview:-1"},"canonical":"19x40W RGBW LEDs, 4\u00b0-60\u00b0 zoom angle, LED ring for extra effects.","og_locale":"en_US","og_type":"article","og_title":"FOS Helix Ultra - Zoom Wash Light","og_description":"19x40W RGBW LEDs, 4\u00b0-60\u00b0 zoom angle, LED ring for extra effects.","og_url":"https:\/\/stagezone.hu\/en\/product\/fos-helix-ultra-zoom-wash-light\/","og_site_name":"StageZone","article_publisher":"https:\/\/www.facebook.com\/stagezonehungary\/","article_modified_time":"2026-05-04T18:51:31+00:00","og_image":[{"width":1125,"height":1125,"url":"https:\/\/stagezone.hu\/wp-content\/uploads\/2025\/09\/30.png","type":"image\/png"}],"twitter_card":"summary_large_image","twitter_misc":{"Est. reading time":"1 minute"},"schema":{"@context":"https:\/\/schema.org","@graph":[{"@type":"WebPage","@id":"https:\/\/stagezone.hu\/en\/product\/fos-helix-ultra-zoom-wash-light\/","url":"https:\/\/stagezone.hu\/en\/product\/fos-helix-ultra-zoom-wash-light\/","name":"FOS Helix Ultra - StageZone","isPartOf":{"@id":"https:\/\/stagezone.hu\/#website"},"primaryImageOfPage":{"@id":"https:\/\/stagezone.hu\/en\/product\/fos-helix-ultra-zoom-wash-light\/#primaryimage"},"image":{"@id":"https:\/\/stagezone.hu\/en\/product\/fos-helix-ultra-zoom-wash-light\/#primaryimage"},"thumbnailUrl":"https:\/\/stagezone.hu\/wp-content\/uploads\/2025\/09\/30.png","datePublished":"2025-09-04T15:00:50+00:00","dateModified":"2026-05-04T18:51:31+00:00","description":"A FOS Helix Ultra egy 19x40W RGBW ledekkel szerelt zoom wash l\u00e1mpa 760W \u00f6sszteljes\u00edtm\u00e9nnyel.","breadcrumb":{"@id":"https:\/\/stagezone.hu\/en\/product\/fos-helix-ultra-zoom-wash-light\/#breadcrumb"},"inLanguage":"en-US","potentialAction":[{"@type":"ReadAction","target":["https:\/\/stagezone.hu\/en\/product\/fos-helix-ultra-zoom-wash-light\/"]}]},{"@type":"ImageObject","inLanguage":"en-US","@id":"https:\/\/stagezone.hu\/en\/product\/fos-helix-ultra-zoom-wash-light\/#primaryimage","url":"https:\/\/stagezone.hu\/wp-content\/uploads\/2025\/09\/30.png","contentUrl":"https:\/\/stagezone.hu\/wp-content\/uploads\/2025\/09\/30.png","width":1125,"height":1125,"caption":"FOS Helix Ultra"},{"@type":"BreadcrumbList","@id":"https:\/\/stagezone.hu\/en\/product\/fos-helix-ultra-zoom-wash-light\/#breadcrumb","itemListElement":[{"@type":"ListItem","position":1,"name":"Kezd\u0151lap","item":"https:\/\/stagezone.hu\/"},{"@type":"ListItem","position":2,"name":"\u00dczlet","item":"https:\/\/stagezone.hu\/uzlet\/"},{"@type":"ListItem","position":3,"name":"FOS Helix Ultra - Zoom Wash Light"}]},{"@type":"WebSite","@id":"https:\/\/stagezone.hu\/en\/#website","url":"https:\/\/stagezone.hu\/en\/","name":"StageZone - Ragyogj a Stagezone min\u0151s\u00e9gi f\u00e9nytechnik\u00e1j\u00e1val.","description":"StageZone","publisher":{"@id":"https:\/\/stagezone.hu\/en\/#organization"},"potentialAction":[{"@type":"SearchAction","target":{"@type":"EntryPoint","urlTemplate":"https:\/\/stagezone.hu\/en\/?s={search_term_string}"},"query-input":{"@type":"PropertyValueSpecification","valueRequired":true,"valueName":"search_term_string"}}],"inLanguage":"en-US"},{"@type":"Organization","@id":"https:\/\/stagezone.hu\/en\/#organization","name":"StageZone","url":"https:\/\/stagezone.hu\/en\/","logo":{"@type":"ImageObject","inLanguage":"en-US","@id":"https:\/\/stagezone.hu\/en\/#\/schema\/logo\/image\/","url":"https:\/\/stagezone.hu\/wp-content\/uploads\/2026\/01\/Adam-Hall_1000x1000-1-1.png","contentUrl":"https:\/\/stagezone.hu\/wp-content\/uploads\/2026\/01\/Adam-Hall_1000x1000-1-1.png","width":1000,"height":1000,"caption":"StageZone"},"image":{"@id":"https:\/\/stagezone.hu\/en\/#\/schema\/logo\/image\/"},"sameAs":["https:\/\/www.facebook.com\/stagezonehungary\/","https:\/\/www.instagram.com\/stagezonehungary\/"]}]}},"_links":{"self":[{"href":"https:\/\/stagezone.hu\/en\/wp-json\/wp\/v2\/product\/8114","targetHints":{"allow":["GET"]}}],"collection":[{"href":"https:\/\/stagezone.hu\/en\/wp-json\/wp\/v2\/product"}],"about":[{"href":"https:\/\/stagezone.hu\/en\/wp-json\/wp\/v2\/types\/product"}],"replies":[{"embeddable":true,"href":"https:\/\/stagezone.hu\/en\/wp-json\/wp\/v2\/comments?post=8114"}],"version-history":[{"count":5,"href":"https:\/\/stagezone.hu\/en\/wp-json\/wp\/v2\/product\/8114\/revisions"}],"predecessor-version":[{"id":10371,"href":"https:\/\/stagezone.hu\/en\/wp-json\/wp\/v2\/product\/8114\/revisions\/10371"}],"wp:featuredmedia":[{"embeddable":true,"href":"https:\/\/stagezone.hu\/en\/wp-json\/wp\/v2\/media\/8115"}],"wp:attachment":[{"href":"https:\/\/stagezone.hu\/en\/wp-json\/wp\/v2\/media?parent=8114"}],"wp:term":[{"taxonomy":"product_brand","embeddable":true,"href":"https:\/\/stagezone.hu\/en\/wp-json\/wp\/v2\/product_brand?post=8114"},{"taxonomy":"product_cat","embeddable":true,"href":"https:\/\/stagezone.hu\/en\/wp-json\/wp\/v2\/product_cat?post=8114"},{"taxonomy":"product_tag","embeddable":true,"href":"https:\/\/stagezone.hu\/en\/wp-json\/wp\/v2\/product_tag?post=8114"}],"curies":[{"name":"wp","href":"https:\/\/api.w.org\/{rel}","templated":true}]}}