{"id":8065,"date":"2025-09-04T16:00:30","date_gmt":"2025-09-04T15:00:30","guid":{"rendered":"https:\/\/stagezone.hu\/?post_type=product&#038;p=8065"},"modified":"2026-05-04T19:51:47","modified_gmt":"2026-05-04T18:51:47","slug":"fos-beam-cmy","status":"publish","type":"product","link":"https:\/\/stagezone.hu\/en\/product\/fos-beam-cmy-380w-beam-light\/","title":{"rendered":"FOS Beam CMY 380W Beam Light"},"content":{"rendered":"<p><strong>FOS Beam CMY &#8211; 380W Bulb Beam Lamp<\/strong><\/p>\n<p>The FOS Beam CMY features a high-performance PHILIPS MSD Silver 380W bulb, providing an impressive lifespan of up to 4000 hours. The CMY color mixing system ensures smooth transitions between all shades. The unit is further enhanced with a unique <strong data-start=\"764\" data-end=\"788\">Custom Rainbow Wheel<\/strong> function (WW\u2013CW\u2013Amber\u2013Red\u2013Deep Blue), offering extra creative color possibilities for every project. With 17 static gobos and 16- and 24-facet prisms, it meets all demands. The 160 mm lens projects a razor-sharp image even at a narrow 2\u00b0 beam angle.<\/p>\n<p><strong>FOS Technologies<\/strong>, founded in Athens in 2009, aims to deliver products with efficiency, durability, outstanding performance, and easy maintainability at an affordable price. The name &#8220;FOS&#8221; (Greek for \u03a6\u03a9\u03a3 = light) reflects their mission: to bring light and experience to every production. FOS now exports its products to over 48 countries worldwide.<\/p>\n<p><iframe title=\"FOS Beam CMY \ud83d\udd35\ud83d\udd34\ud83d\udfe1\" width=\"1220\" height=\"686\" src=\"https:\/\/www.youtube.com\/embed\/V8gcUAexwVM?start=1&#038;feature=oembed\" frameborder=\"0\" allow=\"accelerometer; autoplay; clipboard-write; encrypted-media; gyroscope; picture-in-picture; web-share\" referrerpolicy=\"strict-origin-when-cross-origin\" allowfullscreen><\/iframe><\/p>\n","protected":false},"excerpt":{"rendered":"<p>The FOS Beam CMY is a powerful 380W beam light featuring CMY color mixing and a custom rainbow wheel for creative effects. It includes 17 gobos and prisms, with a 160mm lens for sharp projection.<\/p>\n","protected":false},"featured_media":8066,"comment_status":"open","ping_status":"closed","template":"","meta":[],"product_brand":[],"product_cat":[168,166],"product_tag":[198,462,514],"class_list":{"0":"post-8065","1":"product","2":"type-product","3":"status-publish","4":"has-post-thumbnail","6":"product_cat-beam-lampa","7":"product_cat-robotlampa","8":"product_tag-beam","9":"product_tag-cmy","10":"product_tag-fos","12":"first","13":"contact_us","14":"taxable","15":"shipping-taxable","16":"purchasable","17":"product-type-simple"},"yoast_head":"<!-- This site is optimized with the Yoast SEO Premium plugin v27.2 (Yoast SEO v27.2) - https:\/\/yoast.com\/product\/yoast-seo-premium-wordpress\/ -->\n<title>FOS Beam CMY 380W Beam Light<\/title>\n<meta name=\"description\" content=\"The FOS Beam CMY is a powerful 380W beam light featuring CMY color mixing and a custom rainbow wheel for creative effects. It includes 17 gobos and prisms, with a 160mm lens for sharp projection.\" \/>\n<meta name=\"robots\" content=\"index, follow, max-snippet:-1, max-image-preview:large, max-video-preview:-1\" \/>\n<link rel=\"canonical\" href=\"http:\/\/The%20FOS%20Beam%20CMY%20is%20a%20powerful%20380W%20beam%20light%20featuring%20CMY%20color%20mixing%20and%20a%20custom%20rainbow%20wheel%20for%20creative%20effects.%20It%20includes%2017%20gobos%20and%20prisms,%20with%20a%20160mm%20lens%20for%20sharp%20projection.\" \/>\n<meta property=\"og:locale\" content=\"en_US\" \/>\n<meta property=\"og:type\" content=\"article\" \/>\n<meta property=\"og:title\" content=\"FOS Beam CMY 380W Beam Light\" \/>\n<meta property=\"og:description\" content=\"The FOS Beam CMY is a powerful 380W beam light featuring CMY color mixing and a custom rainbow wheel for creative effects. It includes 17 gobos and prisms, with a 160mm lens for sharp projection.\" \/>\n<meta property=\"og:url\" content=\"https:\/\/stagezone.hu\/en\/product\/fos-beam-cmy-380w-beam-light\/\" \/>\n<meta property=\"og:site_name\" content=\"StageZone\" \/>\n<meta property=\"article:publisher\" content=\"https:\/\/www.facebook.com\/stagezonehungary\/\" \/>\n<meta property=\"article:modified_time\" content=\"2026-05-04T18:51:47+00:00\" \/>\n<meta property=\"og:image\" content=\"https:\/\/stagezone.hu\/wp-content\/uploads\/2025\/08\/13.png\" \/>\n\t<meta property=\"og:image:width\" content=\"1125\" \/>\n\t<meta property=\"og:image:height\" content=\"1125\" \/>\n\t<meta property=\"og:image:type\" content=\"image\/png\" \/>\n<meta name=\"twitter:card\" content=\"summary_large_image\" \/>\n<meta name=\"twitter:label1\" content=\"Est. reading time\" \/>\n\t<meta name=\"twitter:data1\" content=\"1 minute\" \/>\n<script type=\"application\/ld+json\" class=\"yoast-schema-graph\">{\"@context\":\"https:\/\/schema.org\",\"@graph\":[{\"@type\":\"WebPage\",\"@id\":\"https:\/\/stagezone.hu\/en\/product\/fos-beam-cmy-380w-beam-light\/\",\"url\":\"https:\/\/stagezone.hu\/en\/product\/fos-beam-cmy-380w-beam-light\/\",\"name\":\"FOS Beam CMY - StageZone\",\"isPartOf\":{\"@id\":\"https:\/\/stagezone.hu\/#website\"},\"primaryImageOfPage\":{\"@id\":\"https:\/\/stagezone.hu\/en\/product\/fos-beam-cmy-380w-beam-light\/#primaryimage\"},\"image\":{\"@id\":\"https:\/\/stagezone.hu\/en\/product\/fos-beam-cmy-380w-beam-light\/#primaryimage\"},\"thumbnailUrl\":\"https:\/\/stagezone.hu\/wp-content\/uploads\/2025\/08\/13.png\",\"datePublished\":\"2025-09-04T15:00:30+00:00\",\"dateModified\":\"2026-05-04T18:51:47+00:00\",\"description\":\"A FOS Beam CMY a gy\u00e1rt\u00f3 egyik leg\u00fajabb beam l\u00e1mp\u00e1ja. CMY sz\u00ednkever\u00e9s, 2\u00b0-os nyal\u00e1bsz\u00f6g, csendes motorok \u00e9s nagy sebess\u00e9g jellemzi.\",\"breadcrumb\":{\"@id\":\"https:\/\/stagezone.hu\/en\/product\/fos-beam-cmy-380w-beam-light\/#breadcrumb\"},\"inLanguage\":\"en-US\",\"potentialAction\":[{\"@type\":\"ReadAction\",\"target\":[\"https:\/\/stagezone.hu\/en\/product\/fos-beam-cmy-380w-beam-light\/\"]}]},{\"@type\":\"ImageObject\",\"inLanguage\":\"en-US\",\"@id\":\"https:\/\/stagezone.hu\/en\/product\/fos-beam-cmy-380w-beam-light\/#primaryimage\",\"url\":\"https:\/\/stagezone.hu\/wp-content\/uploads\/2025\/08\/13.png\",\"contentUrl\":\"https:\/\/stagezone.hu\/wp-content\/uploads\/2025\/08\/13.png\",\"width\":1125,\"height\":1125,\"caption\":\"FOS Beam CMY\"},{\"@type\":\"BreadcrumbList\",\"@id\":\"https:\/\/stagezone.hu\/en\/product\/fos-beam-cmy-380w-beam-light\/#breadcrumb\",\"itemListElement\":[{\"@type\":\"ListItem\",\"position\":1,\"name\":\"Kezd\u0151lap\",\"item\":\"https:\/\/stagezone.hu\/\"},{\"@type\":\"ListItem\",\"position\":2,\"name\":\"\u00dczlet\",\"item\":\"https:\/\/stagezone.hu\/uzlet\/\"},{\"@type\":\"ListItem\",\"position\":3,\"name\":\"FOS Beam CMY 380W Beam Light\"}]},{\"@type\":\"WebSite\",\"@id\":\"https:\/\/stagezone.hu\/en\/#website\",\"url\":\"https:\/\/stagezone.hu\/en\/\",\"name\":\"StageZone - Ragyogj a Stagezone min\u0151s\u00e9gi f\u00e9nytechnik\u00e1j\u00e1val.\",\"description\":\"StageZone\",\"publisher\":{\"@id\":\"https:\/\/stagezone.hu\/en\/#organization\"},\"potentialAction\":[{\"@type\":\"SearchAction\",\"target\":{\"@type\":\"EntryPoint\",\"urlTemplate\":\"https:\/\/stagezone.hu\/en\/?s={search_term_string}\"},\"query-input\":{\"@type\":\"PropertyValueSpecification\",\"valueRequired\":true,\"valueName\":\"search_term_string\"}}],\"inLanguage\":\"en-US\"},{\"@type\":\"Organization\",\"@id\":\"https:\/\/stagezone.hu\/en\/#organization\",\"name\":\"StageZone\",\"url\":\"https:\/\/stagezone.hu\/en\/\",\"logo\":{\"@type\":\"ImageObject\",\"inLanguage\":\"en-US\",\"@id\":\"https:\/\/stagezone.hu\/en\/#\/schema\/logo\/image\/\",\"url\":\"https:\/\/stagezone.hu\/wp-content\/uploads\/2026\/01\/Adam-Hall_1000x1000-1-1.png\",\"contentUrl\":\"https:\/\/stagezone.hu\/wp-content\/uploads\/2026\/01\/Adam-Hall_1000x1000-1-1.png\",\"width\":1000,\"height\":1000,\"caption\":\"StageZone\"},\"image\":{\"@id\":\"https:\/\/stagezone.hu\/en\/#\/schema\/logo\/image\/\"},\"sameAs\":[\"https:\/\/www.facebook.com\/stagezonehungary\/\",\"https:\/\/www.instagram.com\/stagezonehungary\/\"]}]}<\/script>\n<!-- \/ Yoast SEO Premium plugin. -->","yoast_head_json":{"title":"FOS Beam CMY 380W Beam Light","description":"The FOS Beam CMY is a powerful 380W beam light featuring CMY color mixing and a custom rainbow wheel for creative effects. It includes 17 gobos and prisms, with a 160mm lens for sharp projection.","robots":{"index":"index","follow":"follow","max-snippet":"max-snippet:-1","max-image-preview":"max-image-preview:large","max-video-preview":"max-video-preview:-1"},"canonical":"The FOS Beam CMY is a powerful 380W beam light featuring CMY color mixing and a custom rainbow wheel for creative effects. It includes 17 gobos and prisms, with a 160mm lens for sharp projection.","og_locale":"en_US","og_type":"article","og_title":"FOS Beam CMY 380W Beam Light","og_description":"The FOS Beam CMY is a powerful 380W beam light featuring CMY color mixing and a custom rainbow wheel for creative effects. It includes 17 gobos and prisms, with a 160mm lens for sharp projection.","og_url":"https:\/\/stagezone.hu\/en\/product\/fos-beam-cmy-380w-beam-light\/","og_site_name":"StageZone","article_publisher":"https:\/\/www.facebook.com\/stagezonehungary\/","article_modified_time":"2026-05-04T18:51:47+00:00","og_image":[{"width":1125,"height":1125,"url":"https:\/\/stagezone.hu\/wp-content\/uploads\/2025\/08\/13.png","type":"image\/png"}],"twitter_card":"summary_large_image","twitter_misc":{"Est. reading time":"1 minute"},"schema":{"@context":"https:\/\/schema.org","@graph":[{"@type":"WebPage","@id":"https:\/\/stagezone.hu\/en\/product\/fos-beam-cmy-380w-beam-light\/","url":"https:\/\/stagezone.hu\/en\/product\/fos-beam-cmy-380w-beam-light\/","name":"FOS Beam CMY - StageZone","isPartOf":{"@id":"https:\/\/stagezone.hu\/#website"},"primaryImageOfPage":{"@id":"https:\/\/stagezone.hu\/en\/product\/fos-beam-cmy-380w-beam-light\/#primaryimage"},"image":{"@id":"https:\/\/stagezone.hu\/en\/product\/fos-beam-cmy-380w-beam-light\/#primaryimage"},"thumbnailUrl":"https:\/\/stagezone.hu\/wp-content\/uploads\/2025\/08\/13.png","datePublished":"2025-09-04T15:00:30+00:00","dateModified":"2026-05-04T18:51:47+00:00","description":"A FOS Beam CMY a gy\u00e1rt\u00f3 egyik leg\u00fajabb beam l\u00e1mp\u00e1ja. CMY sz\u00ednkever\u00e9s, 2\u00b0-os nyal\u00e1bsz\u00f6g, csendes motorok \u00e9s nagy sebess\u00e9g jellemzi.","breadcrumb":{"@id":"https:\/\/stagezone.hu\/en\/product\/fos-beam-cmy-380w-beam-light\/#breadcrumb"},"inLanguage":"en-US","potentialAction":[{"@type":"ReadAction","target":["https:\/\/stagezone.hu\/en\/product\/fos-beam-cmy-380w-beam-light\/"]}]},{"@type":"ImageObject","inLanguage":"en-US","@id":"https:\/\/stagezone.hu\/en\/product\/fos-beam-cmy-380w-beam-light\/#primaryimage","url":"https:\/\/stagezone.hu\/wp-content\/uploads\/2025\/08\/13.png","contentUrl":"https:\/\/stagezone.hu\/wp-content\/uploads\/2025\/08\/13.png","width":1125,"height":1125,"caption":"FOS Beam CMY"},{"@type":"BreadcrumbList","@id":"https:\/\/stagezone.hu\/en\/product\/fos-beam-cmy-380w-beam-light\/#breadcrumb","itemListElement":[{"@type":"ListItem","position":1,"name":"Kezd\u0151lap","item":"https:\/\/stagezone.hu\/"},{"@type":"ListItem","position":2,"name":"\u00dczlet","item":"https:\/\/stagezone.hu\/uzlet\/"},{"@type":"ListItem","position":3,"name":"FOS Beam CMY 380W Beam Light"}]},{"@type":"WebSite","@id":"https:\/\/stagezone.hu\/en\/#website","url":"https:\/\/stagezone.hu\/en\/","name":"StageZone - Ragyogj a Stagezone min\u0151s\u00e9gi f\u00e9nytechnik\u00e1j\u00e1val.","description":"StageZone","publisher":{"@id":"https:\/\/stagezone.hu\/en\/#organization"},"potentialAction":[{"@type":"SearchAction","target":{"@type":"EntryPoint","urlTemplate":"https:\/\/stagezone.hu\/en\/?s={search_term_string}"},"query-input":{"@type":"PropertyValueSpecification","valueRequired":true,"valueName":"search_term_string"}}],"inLanguage":"en-US"},{"@type":"Organization","@id":"https:\/\/stagezone.hu\/en\/#organization","name":"StageZone","url":"https:\/\/stagezone.hu\/en\/","logo":{"@type":"ImageObject","inLanguage":"en-US","@id":"https:\/\/stagezone.hu\/en\/#\/schema\/logo\/image\/","url":"https:\/\/stagezone.hu\/wp-content\/uploads\/2026\/01\/Adam-Hall_1000x1000-1-1.png","contentUrl":"https:\/\/stagezone.hu\/wp-content\/uploads\/2026\/01\/Adam-Hall_1000x1000-1-1.png","width":1000,"height":1000,"caption":"StageZone"},"image":{"@id":"https:\/\/stagezone.hu\/en\/#\/schema\/logo\/image\/"},"sameAs":["https:\/\/www.facebook.com\/stagezonehungary\/","https:\/\/www.instagram.com\/stagezonehungary\/"]}]}},"_links":{"self":[{"href":"https:\/\/stagezone.hu\/en\/wp-json\/wp\/v2\/product\/8065","targetHints":{"allow":["GET"]}}],"collection":[{"href":"https:\/\/stagezone.hu\/en\/wp-json\/wp\/v2\/product"}],"about":[{"href":"https:\/\/stagezone.hu\/en\/wp-json\/wp\/v2\/types\/product"}],"replies":[{"embeddable":true,"href":"https:\/\/stagezone.hu\/en\/wp-json\/wp\/v2\/comments?post=8065"}],"version-history":[{"count":6,"href":"https:\/\/stagezone.hu\/en\/wp-json\/wp\/v2\/product\/8065\/revisions"}],"predecessor-version":[{"id":10330,"href":"https:\/\/stagezone.hu\/en\/wp-json\/wp\/v2\/product\/8065\/revisions\/10330"}],"wp:featuredmedia":[{"embeddable":true,"href":"https:\/\/stagezone.hu\/en\/wp-json\/wp\/v2\/media\/8066"}],"wp:attachment":[{"href":"https:\/\/stagezone.hu\/en\/wp-json\/wp\/v2\/media?parent=8065"}],"wp:term":[{"taxonomy":"product_brand","embeddable":true,"href":"https:\/\/stagezone.hu\/en\/wp-json\/wp\/v2\/product_brand?post=8065"},{"taxonomy":"product_cat","embeddable":true,"href":"https:\/\/stagezone.hu\/en\/wp-json\/wp\/v2\/product_cat?post=8065"},{"taxonomy":"product_tag","embeddable":true,"href":"https:\/\/stagezone.hu\/en\/wp-json\/wp\/v2\/product_tag?post=8065"}],"curies":[{"name":"wp","href":"https:\/\/api.w.org\/{rel}","templated":true}]}}