{"id":7966,"date":"2025-08-18T12:00:53","date_gmt":"2025-08-18T11:00:53","guid":{"rendered":"https:\/\/stagezone.hu\/?post_type=product&#038;p=7966"},"modified":"2026-05-04T19:52:05","modified_gmt":"2026-05-04T18:52:05","slug":"dt-34-3-c30-ld","status":"publish","type":"product","link":"https:\/\/stagezone.hu\/en\/product\/duratruss-dt-34-3-c30-ld-3-way-corner-90\/","title":{"rendered":"DuraTruss DT 34\/3 C30-LD - 3-way corner 90\u00b0"},"content":{"rendered":"<p><strong>DuraTruss DT 34\/3 C30-LD &#8211; 3-way corner 90\u00b0<\/strong><\/p>\n<p>The DT 34\/3 is a 50 mm diameter, 4-point truss element, which provides an excellent load-bearing capacity-to-weight ratio for the system.<br \/>The system can be expanded as needed; corners, T-junctions, angles, and curves are available.<br \/>A wide range of accessories are available, such as <a href=\"https:\/\/stagezone.hu\/termekkategoria\/hardver\/bilincs\/\">clamps<\/a>, connectors, base plates, wall mounts, spacers, and many other accessories.<\/p>\n<p><strong>Advantages of the DT 34\/3 C30-LD:<\/strong><br \/>\u2022 High-quality, 50 mm diameter aluminum tube with 3 mm wall thickness<br \/>\u2022 Easy installation<br \/>\u2022 Low weight<br \/>\u2022 Space-saving transport<br \/>\u2022 For exhibition stand construction and event technology applications<\/p>\n<p><strong>Material:<\/strong><br \/>\u2022 EN-AW 6082 T6<\/p>\n<p><strong>Duratruss<\/strong> products are made of high-quality aluminum and meet the strictest technical standards, such as the German <strong>T\u00dcV<\/strong> regulations. Their most popular products include the DT34 series \u2013 a square cross-section truss for exhibition stands, small roof structures, and standard installations \u2013 the DT33 triangular truss system for temporary installations, and the DT44, which is suitable for larger installations and stage roofs. Their warehouse capacity of 5500 m\u00b2 allows them to maintain a permanent stock, so standard products are always quickly available.<\/p>\n","protected":false},"excerpt":{"rendered":"<p>The DURATRUSS DT 34\/3 is a lightweight yet strong aluminum truss system for exhibitions and events, featuring quick assembly and expandability.<\/p>\n","protected":false},"featured_media":7967,"comment_status":"open","ping_status":"closed","template":"","meta":[],"product_brand":[],"product_cat":[475,363,470],"product_tag":[484,487],"class_list":{"0":"post-7966","1":"product","2":"type-product","3":"status-publish","4":"has-post-thumbnail","6":"product_cat-4-pontos-elemek","7":"product_cat-hardver","8":"product_cat-traverz","9":"product_tag-duratruss","10":"product_tag-traverz","12":"first","13":"contact_us","14":"taxable","15":"shipping-taxable","16":"purchasable","17":"product-type-simple"},"yoast_head":"<!-- This site is optimized with the Yoast SEO Premium plugin v27.2 (Yoast SEO v27.2) - https:\/\/yoast.com\/product\/yoast-seo-premium-wordpress\/ -->\n<title>DuraTruss DT 34\/3 C30-LD - 3-way corner 90\u00b0<\/title>\n<meta name=\"description\" content=\"The DURATRUSS DT 34\/3 is a lightweight yet strong aluminum truss system for exhibitions and events, featuring quick assembly and expandability.\" \/>\n<meta name=\"robots\" content=\"index, follow, max-snippet:-1, max-image-preview:large, max-video-preview:-1\" \/>\n<link rel=\"canonical\" href=\"http:\/\/The%20DURATRUSS%20DT%2034\/3%20is%20a%20lightweight%20yet%20strong%20aluminum%20truss%20system%20for%20exhibitions%20and%20events,%20featuring%20quick%20assembly%20and%20expandability.\" \/>\n<meta property=\"og:locale\" content=\"en_US\" \/>\n<meta property=\"og:type\" content=\"article\" \/>\n<meta property=\"og:title\" content=\"DuraTruss DT 34\/3 C30-LD - 3-way corner 90\u00b0\" \/>\n<meta property=\"og:description\" content=\"The DURATRUSS DT 34\/3 is a lightweight yet strong aluminum truss system for exhibitions and events, featuring quick assembly and expandability.\" \/>\n<meta property=\"og:url\" content=\"https:\/\/stagezone.hu\/en\/product\/duratruss-dt-34-3-c30-ld-3-way-corner-90\/\" \/>\n<meta property=\"og:site_name\" content=\"StageZone\" \/>\n<meta property=\"article:publisher\" content=\"https:\/\/www.facebook.com\/stagezonehungary\/\" \/>\n<meta property=\"article:modified_time\" content=\"2026-05-04T18:52:05+00:00\" \/>\n<meta property=\"og:image\" content=\"https:\/\/stagezone.hu\/wp-content\/uploads\/2025\/08\/DT34-C30.jpg\" \/>\n\t<meta property=\"og:image:width\" content=\"1000\" \/>\n\t<meta property=\"og:image:height\" content=\"1000\" \/>\n\t<meta property=\"og:image:type\" content=\"image\/jpeg\" \/>\n<meta name=\"twitter:card\" content=\"summary_large_image\" \/>\n<meta name=\"twitter:label1\" content=\"Est. reading time\" \/>\n\t<meta name=\"twitter:data1\" content=\"2 minutes\" \/>\n<script type=\"application\/ld+json\" class=\"yoast-schema-graph\">{\"@context\":\"https:\/\/schema.org\",\"@graph\":[{\"@type\":\"WebPage\",\"@id\":\"https:\/\/stagezone.hu\/en\/product\/duratruss-dt-34-3-c30-ld-3-way-corner-90\/\",\"url\":\"https:\/\/stagezone.hu\/en\/product\/duratruss-dt-34-3-c30-ld-3-way-corner-90\/\",\"name\":\"DT 34\/3 C30-LD - StageZone\",\"isPartOf\":{\"@id\":\"https:\/\/stagezone.hu\/#website\"},\"primaryImageOfPage\":{\"@id\":\"https:\/\/stagezone.hu\/en\/product\/duratruss-dt-34-3-c30-ld-3-way-corner-90\/#primaryimage\"},\"image\":{\"@id\":\"https:\/\/stagezone.hu\/en\/product\/duratruss-dt-34-3-c30-ld-3-way-corner-90\/#primaryimage\"},\"thumbnailUrl\":\"https:\/\/stagezone.hu\/wp-content\/uploads\/2025\/08\/DT34-C30.jpg\",\"datePublished\":\"2025-08-18T11:00:53+00:00\",\"dateModified\":\"2026-05-04T18:52:05+00:00\",\"description\":\"A DURATRUSS DT 34\/3 k\u00f6nny\u0171, m\u00e9gis er\u0151s alum\u00ednium trussrendszer ki\u00e1ll\u00edt\u00e1sokhoz \u00e9s rendezv\u00e9nyekhez, gyors szerelhet\u0151s\u00e9ggel \u00e9s b\u0151v\u00edthet\u0151s\u00e9ggel.\",\"breadcrumb\":{\"@id\":\"https:\/\/stagezone.hu\/en\/product\/duratruss-dt-34-3-c30-ld-3-way-corner-90\/#breadcrumb\"},\"inLanguage\":\"en-US\",\"potentialAction\":[{\"@type\":\"ReadAction\",\"target\":[\"https:\/\/stagezone.hu\/en\/product\/duratruss-dt-34-3-c30-ld-3-way-corner-90\/\"]}]},{\"@type\":\"ImageObject\",\"inLanguage\":\"en-US\",\"@id\":\"https:\/\/stagezone.hu\/en\/product\/duratruss-dt-34-3-c30-ld-3-way-corner-90\/#primaryimage\",\"url\":\"https:\/\/stagezone.hu\/wp-content\/uploads\/2025\/08\/DT34-C30.jpg\",\"contentUrl\":\"https:\/\/stagezone.hu\/wp-content\/uploads\/2025\/08\/DT34-C30.jpg\",\"width\":1000,\"height\":1000,\"caption\":\"DT 34\/3 C30-LD\"},{\"@type\":\"BreadcrumbList\",\"@id\":\"https:\/\/stagezone.hu\/en\/product\/duratruss-dt-34-3-c30-ld-3-way-corner-90\/#breadcrumb\",\"itemListElement\":[{\"@type\":\"ListItem\",\"position\":1,\"name\":\"Kezd\u0151lap\",\"item\":\"https:\/\/stagezone.hu\/\"},{\"@type\":\"ListItem\",\"position\":2,\"name\":\"\u00dczlet\",\"item\":\"https:\/\/stagezone.hu\/uzlet\/\"},{\"@type\":\"ListItem\",\"position\":3,\"name\":\"DuraTruss DT 34\/3 C30-LD - 3-way corner 90\u00b0\"}]},{\"@type\":\"WebSite\",\"@id\":\"https:\/\/stagezone.hu\/en\/#website\",\"url\":\"https:\/\/stagezone.hu\/en\/\",\"name\":\"StageZone - Ragyogj a Stagezone min\u0151s\u00e9gi f\u00e9nytechnik\u00e1j\u00e1val.\",\"description\":\"StageZone\",\"publisher\":{\"@id\":\"https:\/\/stagezone.hu\/en\/#organization\"},\"potentialAction\":[{\"@type\":\"SearchAction\",\"target\":{\"@type\":\"EntryPoint\",\"urlTemplate\":\"https:\/\/stagezone.hu\/en\/?s={search_term_string}\"},\"query-input\":{\"@type\":\"PropertyValueSpecification\",\"valueRequired\":true,\"valueName\":\"search_term_string\"}}],\"inLanguage\":\"en-US\"},{\"@type\":\"Organization\",\"@id\":\"https:\/\/stagezone.hu\/en\/#organization\",\"name\":\"StageZone\",\"url\":\"https:\/\/stagezone.hu\/en\/\",\"logo\":{\"@type\":\"ImageObject\",\"inLanguage\":\"en-US\",\"@id\":\"https:\/\/stagezone.hu\/en\/#\/schema\/logo\/image\/\",\"url\":\"https:\/\/stagezone.hu\/wp-content\/uploads\/2026\/01\/Adam-Hall_1000x1000-1-1.png\",\"contentUrl\":\"https:\/\/stagezone.hu\/wp-content\/uploads\/2026\/01\/Adam-Hall_1000x1000-1-1.png\",\"width\":1000,\"height\":1000,\"caption\":\"StageZone\"},\"image\":{\"@id\":\"https:\/\/stagezone.hu\/en\/#\/schema\/logo\/image\/\"},\"sameAs\":[\"https:\/\/www.facebook.com\/stagezonehungary\/\",\"https:\/\/www.instagram.com\/stagezonehungary\/\"]}]}<\/script>\n<!-- \/ Yoast SEO Premium plugin. -->","yoast_head_json":{"title":"DuraTruss DT 34\/3 C30-LD - 3-way corner 90\u00b0","description":"The DURATRUSS DT 34\/3 is a lightweight yet strong aluminum truss system for exhibitions and events, featuring quick assembly and expandability.","robots":{"index":"index","follow":"follow","max-snippet":"max-snippet:-1","max-image-preview":"max-image-preview:large","max-video-preview":"max-video-preview:-1"},"canonical":"The DURATRUSS DT 34\/3 is a lightweight yet strong aluminum truss system for exhibitions and events, featuring quick assembly and expandability.","og_locale":"en_US","og_type":"article","og_title":"DuraTruss DT 34\/3 C30-LD - 3-way corner 90\u00b0","og_description":"The DURATRUSS DT 34\/3 is a lightweight yet strong aluminum truss system for exhibitions and events, featuring quick assembly and expandability.","og_url":"https:\/\/stagezone.hu\/en\/product\/duratruss-dt-34-3-c30-ld-3-way-corner-90\/","og_site_name":"StageZone","article_publisher":"https:\/\/www.facebook.com\/stagezonehungary\/","article_modified_time":"2026-05-04T18:52:05+00:00","og_image":[{"width":1000,"height":1000,"url":"https:\/\/stagezone.hu\/wp-content\/uploads\/2025\/08\/DT34-C30.jpg","type":"image\/jpeg"}],"twitter_card":"summary_large_image","twitter_misc":{"Est. reading time":"2 minutes"},"schema":{"@context":"https:\/\/schema.org","@graph":[{"@type":"WebPage","@id":"https:\/\/stagezone.hu\/en\/product\/duratruss-dt-34-3-c30-ld-3-way-corner-90\/","url":"https:\/\/stagezone.hu\/en\/product\/duratruss-dt-34-3-c30-ld-3-way-corner-90\/","name":"DT 34\/3 C30-LD - StageZone","isPartOf":{"@id":"https:\/\/stagezone.hu\/#website"},"primaryImageOfPage":{"@id":"https:\/\/stagezone.hu\/en\/product\/duratruss-dt-34-3-c30-ld-3-way-corner-90\/#primaryimage"},"image":{"@id":"https:\/\/stagezone.hu\/en\/product\/duratruss-dt-34-3-c30-ld-3-way-corner-90\/#primaryimage"},"thumbnailUrl":"https:\/\/stagezone.hu\/wp-content\/uploads\/2025\/08\/DT34-C30.jpg","datePublished":"2025-08-18T11:00:53+00:00","dateModified":"2026-05-04T18:52:05+00:00","description":"A DURATRUSS DT 34\/3 k\u00f6nny\u0171, m\u00e9gis er\u0151s alum\u00ednium trussrendszer ki\u00e1ll\u00edt\u00e1sokhoz \u00e9s rendezv\u00e9nyekhez, gyors szerelhet\u0151s\u00e9ggel \u00e9s b\u0151v\u00edthet\u0151s\u00e9ggel.","breadcrumb":{"@id":"https:\/\/stagezone.hu\/en\/product\/duratruss-dt-34-3-c30-ld-3-way-corner-90\/#breadcrumb"},"inLanguage":"en-US","potentialAction":[{"@type":"ReadAction","target":["https:\/\/stagezone.hu\/en\/product\/duratruss-dt-34-3-c30-ld-3-way-corner-90\/"]}]},{"@type":"ImageObject","inLanguage":"en-US","@id":"https:\/\/stagezone.hu\/en\/product\/duratruss-dt-34-3-c30-ld-3-way-corner-90\/#primaryimage","url":"https:\/\/stagezone.hu\/wp-content\/uploads\/2025\/08\/DT34-C30.jpg","contentUrl":"https:\/\/stagezone.hu\/wp-content\/uploads\/2025\/08\/DT34-C30.jpg","width":1000,"height":1000,"caption":"DT 34\/3 C30-LD"},{"@type":"BreadcrumbList","@id":"https:\/\/stagezone.hu\/en\/product\/duratruss-dt-34-3-c30-ld-3-way-corner-90\/#breadcrumb","itemListElement":[{"@type":"ListItem","position":1,"name":"Kezd\u0151lap","item":"https:\/\/stagezone.hu\/"},{"@type":"ListItem","position":2,"name":"\u00dczlet","item":"https:\/\/stagezone.hu\/uzlet\/"},{"@type":"ListItem","position":3,"name":"DuraTruss DT 34\/3 C30-LD - 3-way corner 90\u00b0"}]},{"@type":"WebSite","@id":"https:\/\/stagezone.hu\/en\/#website","url":"https:\/\/stagezone.hu\/en\/","name":"StageZone - Ragyogj a Stagezone min\u0151s\u00e9gi f\u00e9nytechnik\u00e1j\u00e1val.","description":"StageZone","publisher":{"@id":"https:\/\/stagezone.hu\/en\/#organization"},"potentialAction":[{"@type":"SearchAction","target":{"@type":"EntryPoint","urlTemplate":"https:\/\/stagezone.hu\/en\/?s={search_term_string}"},"query-input":{"@type":"PropertyValueSpecification","valueRequired":true,"valueName":"search_term_string"}}],"inLanguage":"en-US"},{"@type":"Organization","@id":"https:\/\/stagezone.hu\/en\/#organization","name":"StageZone","url":"https:\/\/stagezone.hu\/en\/","logo":{"@type":"ImageObject","inLanguage":"en-US","@id":"https:\/\/stagezone.hu\/en\/#\/schema\/logo\/image\/","url":"https:\/\/stagezone.hu\/wp-content\/uploads\/2026\/01\/Adam-Hall_1000x1000-1-1.png","contentUrl":"https:\/\/stagezone.hu\/wp-content\/uploads\/2026\/01\/Adam-Hall_1000x1000-1-1.png","width":1000,"height":1000,"caption":"StageZone"},"image":{"@id":"https:\/\/stagezone.hu\/en\/#\/schema\/logo\/image\/"},"sameAs":["https:\/\/www.facebook.com\/stagezonehungary\/","https:\/\/www.instagram.com\/stagezonehungary\/"]}]}},"_links":{"self":[{"href":"https:\/\/stagezone.hu\/en\/wp-json\/wp\/v2\/product\/7966","targetHints":{"allow":["GET"]}}],"collection":[{"href":"https:\/\/stagezone.hu\/en\/wp-json\/wp\/v2\/product"}],"about":[{"href":"https:\/\/stagezone.hu\/en\/wp-json\/wp\/v2\/types\/product"}],"replies":[{"embeddable":true,"href":"https:\/\/stagezone.hu\/en\/wp-json\/wp\/v2\/comments?post=7966"}],"version-history":[{"count":2,"href":"https:\/\/stagezone.hu\/en\/wp-json\/wp\/v2\/product\/7966\/revisions"}],"predecessor-version":[{"id":7969,"href":"https:\/\/stagezone.hu\/en\/wp-json\/wp\/v2\/product\/7966\/revisions\/7969"}],"wp:featuredmedia":[{"embeddable":true,"href":"https:\/\/stagezone.hu\/en\/wp-json\/wp\/v2\/media\/7967"}],"wp:attachment":[{"href":"https:\/\/stagezone.hu\/en\/wp-json\/wp\/v2\/media?parent=7966"}],"wp:term":[{"taxonomy":"product_brand","embeddable":true,"href":"https:\/\/stagezone.hu\/en\/wp-json\/wp\/v2\/product_brand?post=7966"},{"taxonomy":"product_cat","embeddable":true,"href":"https:\/\/stagezone.hu\/en\/wp-json\/wp\/v2\/product_cat?post=7966"},{"taxonomy":"product_tag","embeddable":true,"href":"https:\/\/stagezone.hu\/en\/wp-json\/wp\/v2\/product_tag?post=7966"}],"curies":[{"name":"wp","href":"https:\/\/api.w.org\/{rel}","templated":true}]}}