{"id":7876,"date":"2025-08-04T12:51:17","date_gmt":"2025-08-04T11:51:17","guid":{"rendered":"https:\/\/stagezone.hu\/?post_type=product&#038;p=7876"},"modified":"2026-05-04T19:52:23","modified_gmt":"2026-05-04T18:52:23","slug":"adj-mydmx-go","status":"publish","type":"product","link":"https:\/\/stagezone.hu\/en\/product\/adj-mydmx-go-mobile-lighting-controller\/","title":{"rendered":"ADJ myDMX GO Mobile Lighting Controller"},"content":{"rendered":"<p><strong>ADJ myDMX GO Light Controller<\/strong><\/p>\n<p>The ADJ myDMX GO is a mobile-ready, no-programming lighting control system. It combines a unique app-based control interface with a compact interface that wirelessly connects to an <strong>iPad<\/strong> or <strong>Android<\/strong> tablet. The streamlined interface features <strong>two FX wheels<\/strong> \u2013 one for color changes and the other for movement patterns \u2013 each offering <strong>eight preset effects<\/strong>. These effects can be combined and parameterized for full customization. Your created effect sequences can be saved to one of the <strong>50 presets<\/strong>.<\/p>\n<p>With an extensive lighting fixture library of over 15,000 profiles, the mydmx GO can control lights from any manufacturer. If your fixture is not found in the database, its patch can be created using the Online Profile Builder.<\/p>\n<ul>\n<li>256 DMX channels<\/li>\n<li>21 automatic effects<\/li>\n<li>50 Presets<\/li>\n<li>Speed \/ Size \/ Shift \/ Fade \/ Fanning control<\/li>\n<li>Color palette and RGB color selection<\/li>\n<\/ul>\n<p>ADJ is a globally recognized manufacturer specializing in entertainment lighting, LED video technology, and various stage effects. With over 35 years of industry experience, ADJ leads the market worldwide with its reliable and innovative products. Its product range covers a wide spectrum: moving heads, static lighting effects, DMX control hardware and software, fog machines, and other effect machines.<\/p>\n","protected":false},"excerpt":{"rendered":"<p>ADJ myDMX GO is a mobile lighting controller for iPad and Android, featuring 256 DMX channels and app-based control.<\/p>\n","protected":false},"featured_media":7877,"comment_status":"open","ping_status":"closed","template":"","meta":[],"product_brand":[],"product_cat":[455],"product_tag":[218,507],"class_list":{"0":"post-7876","1":"product","2":"type-product","3":"status-publish","4":"has-post-thumbnail","6":"product_cat-vezerlok","7":"product_tag-adj","8":"product_tag-mydmx","10":"first","11":"contact_us","12":"taxable","13":"shipping-taxable","14":"purchasable","15":"product-type-simple"},"yoast_head":"<!-- This site is optimized with the Yoast SEO Premium plugin v27.2 (Yoast SEO v27.2) - https:\/\/yoast.com\/product\/yoast-seo-premium-wordpress\/ -->\n<title>ADJ myDMX GO Mobile Lighting Controller<\/title>\n<meta name=\"description\" content=\"ADJ myDMX GO is a mobile lighting controller for iPad and Android, featuring 256 DMX channels and app-based control.\" \/>\n<meta name=\"robots\" content=\"index, follow, max-snippet:-1, max-image-preview:large, max-video-preview:-1\" \/>\n<link rel=\"canonical\" href=\"http:\/\/ADJ%20myDMX%20GO%20is%20a%20mobile%20lighting%20controller%20for%20iPad%20and%20Android,%20featuring%20256%20DMX%20channels%20and%20app-based%20control.\" \/>\n<meta property=\"og:locale\" content=\"en_US\" \/>\n<meta property=\"og:type\" content=\"article\" \/>\n<meta property=\"og:title\" content=\"ADJ myDMX GO Mobile Lighting Controller\" \/>\n<meta property=\"og:description\" content=\"ADJ myDMX GO is a mobile lighting controller for iPad and Android, featuring 256 DMX channels and app-based control.\" \/>\n<meta property=\"og:url\" content=\"https:\/\/stagezone.hu\/en\/product\/adj-mydmx-go-mobile-lighting-controller\/\" \/>\n<meta property=\"og:site_name\" content=\"StageZone\" \/>\n<meta property=\"article:publisher\" content=\"https:\/\/www.facebook.com\/stagezonehungary\/\" \/>\n<meta property=\"article:modified_time\" content=\"2026-05-04T18:52:23+00:00\" \/>\n<meta property=\"og:image\" content=\"https:\/\/stagezone.hu\/wp-content\/uploads\/2025\/08\/MyDMXGo1_1.jpg\" \/>\n\t<meta property=\"og:image:width\" content=\"1100\" \/>\n\t<meta property=\"og:image:height\" content=\"1100\" \/>\n\t<meta property=\"og:image:type\" content=\"image\/jpeg\" \/>\n<meta name=\"twitter:card\" content=\"summary_large_image\" \/>\n<meta name=\"twitter:label1\" content=\"Est. reading time\" \/>\n\t<meta name=\"twitter:data1\" content=\"2 minutes\" \/>\n<script type=\"application\/ld+json\" class=\"yoast-schema-graph\">{\"@context\":\"https:\/\/schema.org\",\"@graph\":[{\"@type\":\"WebPage\",\"@id\":\"https:\/\/stagezone.hu\/en\/product\/adj-mydmx-go-mobile-lighting-controller\/\",\"url\":\"https:\/\/stagezone.hu\/en\/product\/adj-mydmx-go-mobile-lighting-controller\/\",\"name\":\"ADJ myDMX GO - StageZone\",\"isPartOf\":{\"@id\":\"https:\/\/stagezone.hu\/#website\"},\"primaryImageOfPage\":{\"@id\":\"https:\/\/stagezone.hu\/en\/product\/adj-mydmx-go-mobile-lighting-controller\/#primaryimage\"},\"image\":{\"@id\":\"https:\/\/stagezone.hu\/en\/product\/adj-mydmx-go-mobile-lighting-controller\/#primaryimage\"},\"thumbnailUrl\":\"https:\/\/stagezone.hu\/wp-content\/uploads\/2025\/08\/MyDMXGo1_1.jpg\",\"datePublished\":\"2025-08-04T11:51:17+00:00\",\"dateModified\":\"2026-05-04T18:52:23+00:00\",\"description\":\"Az ADJ myDMX GO egy programoz\u00e1s n\u00e9lk\u00fcl haszn\u00e1lhat\u00f3 f\u00e9nyvez\u00e9rl\u0151 rendszer, mely iPaddel \u00e9s Androiddal egyar\u00e1nt haszn\u00e1lhat\u00f3.\",\"breadcrumb\":{\"@id\":\"https:\/\/stagezone.hu\/en\/product\/adj-mydmx-go-mobile-lighting-controller\/#breadcrumb\"},\"inLanguage\":\"en-US\",\"potentialAction\":[{\"@type\":\"ReadAction\",\"target\":[\"https:\/\/stagezone.hu\/en\/product\/adj-mydmx-go-mobile-lighting-controller\/\"]}]},{\"@type\":\"ImageObject\",\"inLanguage\":\"en-US\",\"@id\":\"https:\/\/stagezone.hu\/en\/product\/adj-mydmx-go-mobile-lighting-controller\/#primaryimage\",\"url\":\"https:\/\/stagezone.hu\/wp-content\/uploads\/2025\/08\/MyDMXGo1_1.jpg\",\"contentUrl\":\"https:\/\/stagezone.hu\/wp-content\/uploads\/2025\/08\/MyDMXGo1_1.jpg\",\"width\":1100,\"height\":1100,\"caption\":\"ADJ myDMX GO\"},{\"@type\":\"BreadcrumbList\",\"@id\":\"https:\/\/stagezone.hu\/en\/product\/adj-mydmx-go-mobile-lighting-controller\/#breadcrumb\",\"itemListElement\":[{\"@type\":\"ListItem\",\"position\":1,\"name\":\"Kezd\u0151lap\",\"item\":\"https:\/\/stagezone.hu\/\"},{\"@type\":\"ListItem\",\"position\":2,\"name\":\"\u00dczlet\",\"item\":\"https:\/\/stagezone.hu\/uzlet\/\"},{\"@type\":\"ListItem\",\"position\":3,\"name\":\"ADJ myDMX GO Mobile Lighting Controller\"}]},{\"@type\":\"WebSite\",\"@id\":\"https:\/\/stagezone.hu\/en\/#website\",\"url\":\"https:\/\/stagezone.hu\/en\/\",\"name\":\"StageZone - Ragyogj a Stagezone min\u0151s\u00e9gi f\u00e9nytechnik\u00e1j\u00e1val.\",\"description\":\"StageZone\",\"publisher\":{\"@id\":\"https:\/\/stagezone.hu\/en\/#organization\"},\"potentialAction\":[{\"@type\":\"SearchAction\",\"target\":{\"@type\":\"EntryPoint\",\"urlTemplate\":\"https:\/\/stagezone.hu\/en\/?s={search_term_string}\"},\"query-input\":{\"@type\":\"PropertyValueSpecification\",\"valueRequired\":true,\"valueName\":\"search_term_string\"}}],\"inLanguage\":\"en-US\"},{\"@type\":\"Organization\",\"@id\":\"https:\/\/stagezone.hu\/en\/#organization\",\"name\":\"StageZone\",\"url\":\"https:\/\/stagezone.hu\/en\/\",\"logo\":{\"@type\":\"ImageObject\",\"inLanguage\":\"en-US\",\"@id\":\"https:\/\/stagezone.hu\/en\/#\/schema\/logo\/image\/\",\"url\":\"https:\/\/stagezone.hu\/wp-content\/uploads\/2026\/01\/Adam-Hall_1000x1000-1-1.png\",\"contentUrl\":\"https:\/\/stagezone.hu\/wp-content\/uploads\/2026\/01\/Adam-Hall_1000x1000-1-1.png\",\"width\":1000,\"height\":1000,\"caption\":\"StageZone\"},\"image\":{\"@id\":\"https:\/\/stagezone.hu\/en\/#\/schema\/logo\/image\/\"},\"sameAs\":[\"https:\/\/www.facebook.com\/stagezonehungary\/\",\"https:\/\/www.instagram.com\/stagezonehungary\/\"]}]}<\/script>\n<!-- \/ Yoast SEO Premium plugin. -->","yoast_head_json":{"title":"ADJ myDMX GO Mobile Lighting Controller","description":"ADJ myDMX GO is a mobile lighting controller for iPad and Android, featuring 256 DMX channels and app-based control.","robots":{"index":"index","follow":"follow","max-snippet":"max-snippet:-1","max-image-preview":"max-image-preview:large","max-video-preview":"max-video-preview:-1"},"canonical":"ADJ myDMX GO is a mobile lighting controller for iPad and Android, featuring 256 DMX channels and app-based control.","og_locale":"en_US","og_type":"article","og_title":"ADJ myDMX GO Mobile Lighting Controller","og_description":"ADJ myDMX GO is a mobile lighting controller for iPad and Android, featuring 256 DMX channels and app-based control.","og_url":"https:\/\/stagezone.hu\/en\/product\/adj-mydmx-go-mobile-lighting-controller\/","og_site_name":"StageZone","article_publisher":"https:\/\/www.facebook.com\/stagezonehungary\/","article_modified_time":"2026-05-04T18:52:23+00:00","og_image":[{"width":1100,"height":1100,"url":"https:\/\/stagezone.hu\/wp-content\/uploads\/2025\/08\/MyDMXGo1_1.jpg","type":"image\/jpeg"}],"twitter_card":"summary_large_image","twitter_misc":{"Est. reading time":"2 minutes"},"schema":{"@context":"https:\/\/schema.org","@graph":[{"@type":"WebPage","@id":"https:\/\/stagezone.hu\/en\/product\/adj-mydmx-go-mobile-lighting-controller\/","url":"https:\/\/stagezone.hu\/en\/product\/adj-mydmx-go-mobile-lighting-controller\/","name":"ADJ myDMX GO - StageZone","isPartOf":{"@id":"https:\/\/stagezone.hu\/#website"},"primaryImageOfPage":{"@id":"https:\/\/stagezone.hu\/en\/product\/adj-mydmx-go-mobile-lighting-controller\/#primaryimage"},"image":{"@id":"https:\/\/stagezone.hu\/en\/product\/adj-mydmx-go-mobile-lighting-controller\/#primaryimage"},"thumbnailUrl":"https:\/\/stagezone.hu\/wp-content\/uploads\/2025\/08\/MyDMXGo1_1.jpg","datePublished":"2025-08-04T11:51:17+00:00","dateModified":"2026-05-04T18:52:23+00:00","description":"Az ADJ myDMX GO egy programoz\u00e1s n\u00e9lk\u00fcl haszn\u00e1lhat\u00f3 f\u00e9nyvez\u00e9rl\u0151 rendszer, mely iPaddel \u00e9s Androiddal egyar\u00e1nt haszn\u00e1lhat\u00f3.","breadcrumb":{"@id":"https:\/\/stagezone.hu\/en\/product\/adj-mydmx-go-mobile-lighting-controller\/#breadcrumb"},"inLanguage":"en-US","potentialAction":[{"@type":"ReadAction","target":["https:\/\/stagezone.hu\/en\/product\/adj-mydmx-go-mobile-lighting-controller\/"]}]},{"@type":"ImageObject","inLanguage":"en-US","@id":"https:\/\/stagezone.hu\/en\/product\/adj-mydmx-go-mobile-lighting-controller\/#primaryimage","url":"https:\/\/stagezone.hu\/wp-content\/uploads\/2025\/08\/MyDMXGo1_1.jpg","contentUrl":"https:\/\/stagezone.hu\/wp-content\/uploads\/2025\/08\/MyDMXGo1_1.jpg","width":1100,"height":1100,"caption":"ADJ myDMX GO"},{"@type":"BreadcrumbList","@id":"https:\/\/stagezone.hu\/en\/product\/adj-mydmx-go-mobile-lighting-controller\/#breadcrumb","itemListElement":[{"@type":"ListItem","position":1,"name":"Kezd\u0151lap","item":"https:\/\/stagezone.hu\/"},{"@type":"ListItem","position":2,"name":"\u00dczlet","item":"https:\/\/stagezone.hu\/uzlet\/"},{"@type":"ListItem","position":3,"name":"ADJ myDMX GO Mobile Lighting Controller"}]},{"@type":"WebSite","@id":"https:\/\/stagezone.hu\/en\/#website","url":"https:\/\/stagezone.hu\/en\/","name":"StageZone - Ragyogj a Stagezone min\u0151s\u00e9gi f\u00e9nytechnik\u00e1j\u00e1val.","description":"StageZone","publisher":{"@id":"https:\/\/stagezone.hu\/en\/#organization"},"potentialAction":[{"@type":"SearchAction","target":{"@type":"EntryPoint","urlTemplate":"https:\/\/stagezone.hu\/en\/?s={search_term_string}"},"query-input":{"@type":"PropertyValueSpecification","valueRequired":true,"valueName":"search_term_string"}}],"inLanguage":"en-US"},{"@type":"Organization","@id":"https:\/\/stagezone.hu\/en\/#organization","name":"StageZone","url":"https:\/\/stagezone.hu\/en\/","logo":{"@type":"ImageObject","inLanguage":"en-US","@id":"https:\/\/stagezone.hu\/en\/#\/schema\/logo\/image\/","url":"https:\/\/stagezone.hu\/wp-content\/uploads\/2026\/01\/Adam-Hall_1000x1000-1-1.png","contentUrl":"https:\/\/stagezone.hu\/wp-content\/uploads\/2026\/01\/Adam-Hall_1000x1000-1-1.png","width":1000,"height":1000,"caption":"StageZone"},"image":{"@id":"https:\/\/stagezone.hu\/en\/#\/schema\/logo\/image\/"},"sameAs":["https:\/\/www.facebook.com\/stagezonehungary\/","https:\/\/www.instagram.com\/stagezonehungary\/"]}]}},"_links":{"self":[{"href":"https:\/\/stagezone.hu\/en\/wp-json\/wp\/v2\/product\/7876","targetHints":{"allow":["GET"]}}],"collection":[{"href":"https:\/\/stagezone.hu\/en\/wp-json\/wp\/v2\/product"}],"about":[{"href":"https:\/\/stagezone.hu\/en\/wp-json\/wp\/v2\/types\/product"}],"replies":[{"embeddable":true,"href":"https:\/\/stagezone.hu\/en\/wp-json\/wp\/v2\/comments?post=7876"}],"version-history":[{"count":3,"href":"https:\/\/stagezone.hu\/en\/wp-json\/wp\/v2\/product\/7876\/revisions"}],"predecessor-version":[{"id":10307,"href":"https:\/\/stagezone.hu\/en\/wp-json\/wp\/v2\/product\/7876\/revisions\/10307"}],"wp:featuredmedia":[{"embeddable":true,"href":"https:\/\/stagezone.hu\/en\/wp-json\/wp\/v2\/media\/7877"}],"wp:attachment":[{"href":"https:\/\/stagezone.hu\/en\/wp-json\/wp\/v2\/media?parent=7876"}],"wp:term":[{"taxonomy":"product_brand","embeddable":true,"href":"https:\/\/stagezone.hu\/en\/wp-json\/wp\/v2\/product_brand?post=7876"},{"taxonomy":"product_cat","embeddable":true,"href":"https:\/\/stagezone.hu\/en\/wp-json\/wp\/v2\/product_cat?post=7876"},{"taxonomy":"product_tag","embeddable":true,"href":"https:\/\/stagezone.hu\/en\/wp-json\/wp\/v2\/product_tag?post=7876"}],"curies":[{"name":"wp","href":"https:\/\/api.w.org\/{rel}","templated":true}]}}