{"id":7835,"date":"2025-08-01T16:00:59","date_gmt":"2025-08-01T15:00:59","guid":{"rendered":"https:\/\/stagezone.hu\/?post_type=product&#038;p=7835"},"modified":"2026-05-05T20:51:13","modified_gmt":"2026-05-05T19:51:13","slug":"durastage-kerekes-szinpadlab-22cm","status":"publish","type":"product","link":"https:\/\/stagezone.hu\/en\/product\/durastage-wheeled-stage-leg-22cm\/","title":{"rendered":"DURASTAGE Wheeled Stage Leg 22cm"},"content":{"rendered":"<p><strong>DURASTAGE Wheeled Stage Leg 22cm<\/strong><\/p>\n<p>DURASTAGE Wheeled Stage Leg 22cm. Equip your stage or podium with wheeled legs. The legs are compatible with the DURASTAGE 750 series and any stage element with a 60&#215;60 mm sleeve. Mounting elements can be used to maximize stage stability. The fixed legs have low weight and are easy to handle. Despite this, their structural design allows them to withstand intensive use.<\/p>\n<p>Duratruss products are made of high-quality aluminum and comply with the strictest technical standards, such as the German T\u00dcV regulations. Their 5500 sqm warehouse capacity allows them to maintain a constant stock, ensuring standard products are always quickly available.<\/p>\n","protected":false},"excerpt":{"rendered":"<p>This DURASTAGE wheeled stage leg is 22cm high and features a 60&#215;60 mm sleeve. It is compatible with the DURASTAGE 750 series and other stage elements. The leg is designed for easy handling and stability.<\/p>\n","protected":false},"featured_media":7836,"comment_status":"open","ping_status":"closed","template":"","meta":[],"product_brand":[],"product_cat":[363,498,503],"product_tag":[484,191],"class_list":{"0":"post-7835","1":"product","2":"type-product","3":"status-publish","4":"has-post-thumbnail","6":"product_cat-hardver","7":"product_cat-szinpad","8":"product_cat-szinpadlab","9":"product_tag-duratruss","10":"product_tag-szinpad","12":"first","13":"contact_us","14":"taxable","15":"shipping-taxable","16":"purchasable","17":"product-type-simple"},"yoast_head":"<!-- This site is optimized with the Yoast SEO Premium plugin v27.2 (Yoast SEO v27.2) - https:\/\/yoast.com\/product\/yoast-seo-premium-wordpress\/ -->\n<title>DURASTAGE Wheeled Stage Leg 22cm<\/title>\n<meta name=\"description\" content=\"This DURASTAGE wheeled stage leg is 22cm high and features a 60x60 mm sleeve. It is compatible with the DURASTAGE 750 series and other stage elements. The leg is designed for easy handling and stability.\" \/>\n<meta name=\"robots\" content=\"index, follow, max-snippet:-1, max-image-preview:large, max-video-preview:-1\" \/>\n<link rel=\"canonical\" href=\"http:\/\/This%20DURASTAGE%20wheeled%20stage%20leg%20is%2022cm%20high%20and%20features%20a%2060x60%20mm%20sleeve.%20It%20is%20compatible%20with%20the%20DURASTAGE%20750%20series%20and%20other%20stage%20elements.%20The%20leg%20is%20designed%20for%20easy%20handling%20and%20stability.\" \/>\n<meta property=\"og:locale\" content=\"en_US\" \/>\n<meta property=\"og:type\" content=\"article\" \/>\n<meta property=\"og:title\" content=\"DURASTAGE Wheeled Stage Leg 22cm\" \/>\n<meta property=\"og:description\" content=\"This DURASTAGE wheeled stage leg is 22cm high and features a 60x60 mm sleeve. It is compatible with the DURASTAGE 750 series and other stage elements. The leg is designed for easy handling and stability.\" \/>\n<meta property=\"og:url\" content=\"https:\/\/stagezone.hu\/en\/product\/durastage-wheeled-stage-leg-22cm\/\" \/>\n<meta property=\"og:site_name\" content=\"StageZone\" \/>\n<meta property=\"article:publisher\" content=\"https:\/\/www.facebook.com\/stagezonehungary\/\" \/>\n<meta property=\"article:modified_time\" content=\"2026-05-05T19:51:13+00:00\" \/>\n<meta property=\"og:image\" content=\"https:\/\/stagezone.hu\/wp-content\/uploads\/2025\/07\/DT_Wheel_1b.jpg\" \/>\n\t<meta property=\"og:image:width\" content=\"1200\" \/>\n\t<meta property=\"og:image:height\" content=\"1200\" \/>\n\t<meta property=\"og:image:type\" content=\"image\/jpeg\" \/>\n<meta name=\"twitter:card\" content=\"summary_large_image\" \/>\n<meta name=\"twitter:label1\" content=\"Est. reading time\" \/>\n\t<meta name=\"twitter:data1\" content=\"1 minute\" \/>\n<script type=\"application\/ld+json\" class=\"yoast-schema-graph\">{\"@context\":\"https:\/\/schema.org\",\"@graph\":[{\"@type\":\"WebPage\",\"@id\":\"https:\/\/stagezone.hu\/en\/product\/durastage-wheeled-stage-leg-22cm\/\",\"url\":\"https:\/\/stagezone.hu\/en\/product\/durastage-wheeled-stage-leg-22cm\/\",\"name\":\"DURASTAGE Kerekes sz\u00ednpadl\u00e1b 22cm - StageZone\",\"isPartOf\":{\"@id\":\"https:\/\/stagezone.hu\/#website\"},\"primaryImageOfPage\":{\"@id\":\"https:\/\/stagezone.hu\/en\/product\/durastage-wheeled-stage-leg-22cm\/#primaryimage\"},\"image\":{\"@id\":\"https:\/\/stagezone.hu\/en\/product\/durastage-wheeled-stage-leg-22cm\/#primaryimage\"},\"thumbnailUrl\":\"https:\/\/stagezone.hu\/wp-content\/uploads\/2025\/07\/DT_Wheel_1b.jpg\",\"datePublished\":\"2025-08-01T15:00:59+00:00\",\"dateModified\":\"2026-05-05T19:51:13+00:00\",\"description\":\"DURASTAGE Kerekes sz\u00ednpadl\u00e1b 22cm. Szereld fel sz\u00ednpadod vagy dobog\u00f3d kerekes l\u00e1bakkal. A csomagol\u00e1s 1 db Duratruss sz\u00ednpadl\u00e1bat tartalmaz.\",\"breadcrumb\":{\"@id\":\"https:\/\/stagezone.hu\/en\/product\/durastage-wheeled-stage-leg-22cm\/#breadcrumb\"},\"inLanguage\":\"en-US\",\"potentialAction\":[{\"@type\":\"ReadAction\",\"target\":[\"https:\/\/stagezone.hu\/en\/product\/durastage-wheeled-stage-leg-22cm\/\"]}]},{\"@type\":\"ImageObject\",\"inLanguage\":\"en-US\",\"@id\":\"https:\/\/stagezone.hu\/en\/product\/durastage-wheeled-stage-leg-22cm\/#primaryimage\",\"url\":\"https:\/\/stagezone.hu\/wp-content\/uploads\/2025\/07\/DT_Wheel_1b.jpg\",\"contentUrl\":\"https:\/\/stagezone.hu\/wp-content\/uploads\/2025\/07\/DT_Wheel_1b.jpg\",\"width\":1200,\"height\":1200,\"caption\":\"DURASTAGE Kerekes sz\u00ednpadl\u00e1b 22cm\"},{\"@type\":\"BreadcrumbList\",\"@id\":\"https:\/\/stagezone.hu\/en\/product\/durastage-wheeled-stage-leg-22cm\/#breadcrumb\",\"itemListElement\":[{\"@type\":\"ListItem\",\"position\":1,\"name\":\"Kezd\u0151lap\",\"item\":\"https:\/\/stagezone.hu\/\"},{\"@type\":\"ListItem\",\"position\":2,\"name\":\"\u00dczlet\",\"item\":\"https:\/\/stagezone.hu\/uzlet\/\"},{\"@type\":\"ListItem\",\"position\":3,\"name\":\"DURASTAGE Wheeled Stage Leg 22cm\"}]},{\"@type\":\"WebSite\",\"@id\":\"https:\/\/stagezone.hu\/en\/#website\",\"url\":\"https:\/\/stagezone.hu\/en\/\",\"name\":\"StageZone - Ragyogj a Stagezone min\u0151s\u00e9gi f\u00e9nytechnik\u00e1j\u00e1val.\",\"description\":\"StageZone\",\"publisher\":{\"@id\":\"https:\/\/stagezone.hu\/en\/#organization\"},\"potentialAction\":[{\"@type\":\"SearchAction\",\"target\":{\"@type\":\"EntryPoint\",\"urlTemplate\":\"https:\/\/stagezone.hu\/en\/?s={search_term_string}\"},\"query-input\":{\"@type\":\"PropertyValueSpecification\",\"valueRequired\":true,\"valueName\":\"search_term_string\"}}],\"inLanguage\":\"en-US\"},{\"@type\":\"Organization\",\"@id\":\"https:\/\/stagezone.hu\/en\/#organization\",\"name\":\"StageZone\",\"url\":\"https:\/\/stagezone.hu\/en\/\",\"logo\":{\"@type\":\"ImageObject\",\"inLanguage\":\"en-US\",\"@id\":\"https:\/\/stagezone.hu\/en\/#\/schema\/logo\/image\/\",\"url\":\"https:\/\/stagezone.hu\/wp-content\/uploads\/2026\/01\/Adam-Hall_1000x1000-1-1.png\",\"contentUrl\":\"https:\/\/stagezone.hu\/wp-content\/uploads\/2026\/01\/Adam-Hall_1000x1000-1-1.png\",\"width\":1000,\"height\":1000,\"caption\":\"StageZone\"},\"image\":{\"@id\":\"https:\/\/stagezone.hu\/en\/#\/schema\/logo\/image\/\"},\"sameAs\":[\"https:\/\/www.facebook.com\/stagezonehungary\/\",\"https:\/\/www.instagram.com\/stagezonehungary\/\"]}]}<\/script>\n<!-- \/ Yoast SEO Premium plugin. -->","yoast_head_json":{"title":"DURASTAGE Wheeled Stage Leg 22cm","description":"This DURASTAGE wheeled stage leg is 22cm high and features a 60x60 mm sleeve. It is compatible with the DURASTAGE 750 series and other stage elements. The leg is designed for easy handling and stability.","robots":{"index":"index","follow":"follow","max-snippet":"max-snippet:-1","max-image-preview":"max-image-preview:large","max-video-preview":"max-video-preview:-1"},"canonical":"This DURASTAGE wheeled stage leg is 22cm high and features a 60x60 mm sleeve. It is compatible with the DURASTAGE 750 series and other stage elements. The leg is designed for easy handling and stability.","og_locale":"en_US","og_type":"article","og_title":"DURASTAGE Wheeled Stage Leg 22cm","og_description":"This DURASTAGE wheeled stage leg is 22cm high and features a 60x60 mm sleeve. It is compatible with the DURASTAGE 750 series and other stage elements. The leg is designed for easy handling and stability.","og_url":"https:\/\/stagezone.hu\/en\/product\/durastage-wheeled-stage-leg-22cm\/","og_site_name":"StageZone","article_publisher":"https:\/\/www.facebook.com\/stagezonehungary\/","article_modified_time":"2026-05-05T19:51:13+00:00","og_image":[{"width":1200,"height":1200,"url":"https:\/\/stagezone.hu\/wp-content\/uploads\/2025\/07\/DT_Wheel_1b.jpg","type":"image\/jpeg"}],"twitter_card":"summary_large_image","twitter_misc":{"Est. reading time":"1 minute"},"schema":{"@context":"https:\/\/schema.org","@graph":[{"@type":"WebPage","@id":"https:\/\/stagezone.hu\/en\/product\/durastage-wheeled-stage-leg-22cm\/","url":"https:\/\/stagezone.hu\/en\/product\/durastage-wheeled-stage-leg-22cm\/","name":"DURASTAGE Kerekes sz\u00ednpadl\u00e1b 22cm - StageZone","isPartOf":{"@id":"https:\/\/stagezone.hu\/#website"},"primaryImageOfPage":{"@id":"https:\/\/stagezone.hu\/en\/product\/durastage-wheeled-stage-leg-22cm\/#primaryimage"},"image":{"@id":"https:\/\/stagezone.hu\/en\/product\/durastage-wheeled-stage-leg-22cm\/#primaryimage"},"thumbnailUrl":"https:\/\/stagezone.hu\/wp-content\/uploads\/2025\/07\/DT_Wheel_1b.jpg","datePublished":"2025-08-01T15:00:59+00:00","dateModified":"2026-05-05T19:51:13+00:00","description":"DURASTAGE Kerekes sz\u00ednpadl\u00e1b 22cm. Szereld fel sz\u00ednpadod vagy dobog\u00f3d kerekes l\u00e1bakkal. A csomagol\u00e1s 1 db Duratruss sz\u00ednpadl\u00e1bat tartalmaz.","breadcrumb":{"@id":"https:\/\/stagezone.hu\/en\/product\/durastage-wheeled-stage-leg-22cm\/#breadcrumb"},"inLanguage":"en-US","potentialAction":[{"@type":"ReadAction","target":["https:\/\/stagezone.hu\/en\/product\/durastage-wheeled-stage-leg-22cm\/"]}]},{"@type":"ImageObject","inLanguage":"en-US","@id":"https:\/\/stagezone.hu\/en\/product\/durastage-wheeled-stage-leg-22cm\/#primaryimage","url":"https:\/\/stagezone.hu\/wp-content\/uploads\/2025\/07\/DT_Wheel_1b.jpg","contentUrl":"https:\/\/stagezone.hu\/wp-content\/uploads\/2025\/07\/DT_Wheel_1b.jpg","width":1200,"height":1200,"caption":"DURASTAGE Kerekes sz\u00ednpadl\u00e1b 22cm"},{"@type":"BreadcrumbList","@id":"https:\/\/stagezone.hu\/en\/product\/durastage-wheeled-stage-leg-22cm\/#breadcrumb","itemListElement":[{"@type":"ListItem","position":1,"name":"Kezd\u0151lap","item":"https:\/\/stagezone.hu\/"},{"@type":"ListItem","position":2,"name":"\u00dczlet","item":"https:\/\/stagezone.hu\/uzlet\/"},{"@type":"ListItem","position":3,"name":"DURASTAGE Wheeled Stage Leg 22cm"}]},{"@type":"WebSite","@id":"https:\/\/stagezone.hu\/en\/#website","url":"https:\/\/stagezone.hu\/en\/","name":"StageZone - Ragyogj a Stagezone min\u0151s\u00e9gi f\u00e9nytechnik\u00e1j\u00e1val.","description":"StageZone","publisher":{"@id":"https:\/\/stagezone.hu\/en\/#organization"},"potentialAction":[{"@type":"SearchAction","target":{"@type":"EntryPoint","urlTemplate":"https:\/\/stagezone.hu\/en\/?s={search_term_string}"},"query-input":{"@type":"PropertyValueSpecification","valueRequired":true,"valueName":"search_term_string"}}],"inLanguage":"en-US"},{"@type":"Organization","@id":"https:\/\/stagezone.hu\/en\/#organization","name":"StageZone","url":"https:\/\/stagezone.hu\/en\/","logo":{"@type":"ImageObject","inLanguage":"en-US","@id":"https:\/\/stagezone.hu\/en\/#\/schema\/logo\/image\/","url":"https:\/\/stagezone.hu\/wp-content\/uploads\/2026\/01\/Adam-Hall_1000x1000-1-1.png","contentUrl":"https:\/\/stagezone.hu\/wp-content\/uploads\/2026\/01\/Adam-Hall_1000x1000-1-1.png","width":1000,"height":1000,"caption":"StageZone"},"image":{"@id":"https:\/\/stagezone.hu\/en\/#\/schema\/logo\/image\/"},"sameAs":["https:\/\/www.facebook.com\/stagezonehungary\/","https:\/\/www.instagram.com\/stagezonehungary\/"]}]}},"_links":{"self":[{"href":"https:\/\/stagezone.hu\/en\/wp-json\/wp\/v2\/product\/7835","targetHints":{"allow":["GET"]}}],"collection":[{"href":"https:\/\/stagezone.hu\/en\/wp-json\/wp\/v2\/product"}],"about":[{"href":"https:\/\/stagezone.hu\/en\/wp-json\/wp\/v2\/types\/product"}],"replies":[{"embeddable":true,"href":"https:\/\/stagezone.hu\/en\/wp-json\/wp\/v2\/comments?post=7835"}],"version-history":[{"count":3,"href":"https:\/\/stagezone.hu\/en\/wp-json\/wp\/v2\/product\/7835\/revisions"}],"predecessor-version":[{"id":10251,"href":"https:\/\/stagezone.hu\/en\/wp-json\/wp\/v2\/product\/7835\/revisions\/10251"}],"wp:featuredmedia":[{"embeddable":true,"href":"https:\/\/stagezone.hu\/en\/wp-json\/wp\/v2\/media\/7836"}],"wp:attachment":[{"href":"https:\/\/stagezone.hu\/en\/wp-json\/wp\/v2\/media?parent=7835"}],"wp:term":[{"taxonomy":"product_brand","embeddable":true,"href":"https:\/\/stagezone.hu\/en\/wp-json\/wp\/v2\/product_brand?post=7835"},{"taxonomy":"product_cat","embeddable":true,"href":"https:\/\/stagezone.hu\/en\/wp-json\/wp\/v2\/product_cat?post=7835"},{"taxonomy":"product_tag","embeddable":true,"href":"https:\/\/stagezone.hu\/en\/wp-json\/wp\/v2\/product_tag?post=7835"}],"curies":[{"name":"wp","href":"https:\/\/api.w.org\/{rel}","templated":true}]}}