{"id":7755,"date":"2025-07-23T16:00:22","date_gmt":"2025-07-23T15:00:22","guid":{"rendered":"https:\/\/stagezone.hu\/?post_type=product&#038;p=7755"},"modified":"2026-05-04T19:52:46","modified_gmt":"2026-05-04T18:52:46","slug":"durastage-750-szinpadlab-70cm","status":"publish","type":"product","link":"https:\/\/stagezone.hu\/en\/product\/durastage-750-stage-leg-70cm\/","title":{"rendered":"DURASTAGE 750 Stage Leg 70cm"},"content":{"rendered":"<p><strong>DURASTAGE 750 Stage Leg 70cm (4 pcs)<\/strong><\/p>\n<p>DURASTAGE 750 Stage Leg 70cm. Equip your stage with fixed legs. The legs are compatible with the <a href=\"https:\/\/eu.duratruss.com\/en\/products\/durastage-750\">DURASTAGE 750<\/a> series, as well as any stage element with a 60&#215;60 mm sleeve. The <a href=\"https:\/\/stagezone.hu\/termekkategoria\/hardver\/szinpad\/rogzitoelem\/\">fasteners<\/a> maximize stage stability. Fixed legs are lightweight and easy to handle. Nevertheless, their structural design makes them resistant to intensive use. Fixed legs are available in heights from 20 to 100 cm.<\/p>\n<p>The package contains 4 stage legs.<\/p>\n<p><strong>Duratruss<\/strong> <a href=\"https:\/\/eu.duratruss.com\/en\/\">products<\/a> are made of high-quality aluminum and meet the strictest technical standards, such as German <strong>T\u00dcV<\/strong> regulations. Their 5500 m\u00b2 warehouse capacity allows them to maintain a constant stock, ensuring quick availability of standard products.<\/p>\n","protected":false},"excerpt":{"rendered":"<p>Fixed stage leg, 60&#215;60 mm sleeve, compatible with DURASTAGE 750.<\/p>\n","protected":false},"featured_media":7756,"comment_status":"open","ping_status":"closed","template":"","meta":[],"product_brand":[],"product_cat":[363,498,503],"product_tag":[484,191],"class_list":{"0":"post-7755","1":"product","2":"type-product","3":"status-publish","4":"has-post-thumbnail","6":"product_cat-hardver","7":"product_cat-szinpad","8":"product_cat-szinpadlab","9":"product_tag-duratruss","10":"product_tag-szinpad","12":"first","13":"contact_us","14":"taxable","15":"shipping-taxable","16":"purchasable","17":"product-type-simple"},"yoast_head":"<!-- This site is optimized with the Yoast SEO Premium plugin v27.2 (Yoast SEO v27.2) - https:\/\/yoast.com\/product\/yoast-seo-premium-wordpress\/ -->\n<title>DURASTAGE 750 Stage Leg 70cm<\/title>\n<meta name=\"description\" content=\"Fixed stage leg, 60x60 mm sleeve, compatible with DURASTAGE 750.\" \/>\n<meta name=\"robots\" content=\"index, follow, max-snippet:-1, max-image-preview:large, max-video-preview:-1\" \/>\n<link rel=\"canonical\" href=\"http:\/\/Fixed%20stage%20leg,%2060x60%20mm%20sleeve,%20compatible%20with%20DURASTAGE%20750.\" \/>\n<meta property=\"og:locale\" content=\"en_US\" \/>\n<meta property=\"og:type\" content=\"article\" \/>\n<meta property=\"og:title\" content=\"DURASTAGE 750 Stage Leg 70cm\" \/>\n<meta property=\"og:description\" content=\"Fixed stage leg, 60x60 mm sleeve, compatible with DURASTAGE 750.\" \/>\n<meta property=\"og:url\" content=\"https:\/\/stagezone.hu\/en\/product\/durastage-750-stage-leg-70cm\/\" \/>\n<meta property=\"og:site_name\" content=\"StageZone\" \/>\n<meta property=\"article:publisher\" content=\"https:\/\/www.facebook.com\/stagezonehungary\/\" \/>\n<meta property=\"article:modified_time\" content=\"2026-05-04T18:52:46+00:00\" \/>\n<meta property=\"og:image\" content=\"https:\/\/stagezone.hu\/wp-content\/uploads\/2025\/07\/70.png\" \/>\n\t<meta property=\"og:image:width\" content=\"1000\" \/>\n\t<meta property=\"og:image:height\" content=\"1000\" \/>\n\t<meta property=\"og:image:type\" content=\"image\/png\" \/>\n<meta name=\"twitter:card\" content=\"summary_large_image\" \/>\n<meta name=\"twitter:label1\" content=\"Est. reading time\" \/>\n\t<meta name=\"twitter:data1\" content=\"1 minute\" \/>\n<script type=\"application\/ld+json\" class=\"yoast-schema-graph\">{\"@context\":\"https:\/\/schema.org\",\"@graph\":[{\"@type\":\"WebPage\",\"@id\":\"https:\/\/stagezone.hu\/en\/product\/durastage-750-stage-leg-70cm\/\",\"url\":\"https:\/\/stagezone.hu\/en\/product\/durastage-750-stage-leg-70cm\/\",\"name\":\"DURASTAGE 750 Sz\u00ednpadl\u00e1b 70cm - StageZone\",\"isPartOf\":{\"@id\":\"https:\/\/stagezone.hu\/#website\"},\"primaryImageOfPage\":{\"@id\":\"https:\/\/stagezone.hu\/en\/product\/durastage-750-stage-leg-70cm\/#primaryimage\"},\"image\":{\"@id\":\"https:\/\/stagezone.hu\/en\/product\/durastage-750-stage-leg-70cm\/#primaryimage\"},\"thumbnailUrl\":\"https:\/\/stagezone.hu\/wp-content\/uploads\/2025\/07\/70.png\",\"datePublished\":\"2025-07-23T15:00:22+00:00\",\"dateModified\":\"2026-05-04T18:52:46+00:00\",\"description\":\"DURASTAGE 750 Sz\u00ednpadl\u00e1b 70cm. Szereld fel sz\u00ednpadot fix l\u00e1bakkal. A csomagol\u00e1s 4 db Duratruss 60x60 mm sz\u00ednpadl\u00e1bat tartalmaz.\",\"breadcrumb\":{\"@id\":\"https:\/\/stagezone.hu\/en\/product\/durastage-750-stage-leg-70cm\/#breadcrumb\"},\"inLanguage\":\"en-US\",\"potentialAction\":[{\"@type\":\"ReadAction\",\"target\":[\"https:\/\/stagezone.hu\/en\/product\/durastage-750-stage-leg-70cm\/\"]}]},{\"@type\":\"ImageObject\",\"inLanguage\":\"en-US\",\"@id\":\"https:\/\/stagezone.hu\/en\/product\/durastage-750-stage-leg-70cm\/#primaryimage\",\"url\":\"https:\/\/stagezone.hu\/wp-content\/uploads\/2025\/07\/70.png\",\"contentUrl\":\"https:\/\/stagezone.hu\/wp-content\/uploads\/2025\/07\/70.png\",\"width\":1000,\"height\":1000,\"caption\":\"DURASTAGE 750 Sz\u00ednpadl\u00e1b 70cm\"},{\"@type\":\"BreadcrumbList\",\"@id\":\"https:\/\/stagezone.hu\/en\/product\/durastage-750-stage-leg-70cm\/#breadcrumb\",\"itemListElement\":[{\"@type\":\"ListItem\",\"position\":1,\"name\":\"Kezd\u0151lap\",\"item\":\"https:\/\/stagezone.hu\/\"},{\"@type\":\"ListItem\",\"position\":2,\"name\":\"\u00dczlet\",\"item\":\"https:\/\/stagezone.hu\/uzlet\/\"},{\"@type\":\"ListItem\",\"position\":3,\"name\":\"DURASTAGE 750 Stage Leg 70cm\"}]},{\"@type\":\"WebSite\",\"@id\":\"https:\/\/stagezone.hu\/en\/#website\",\"url\":\"https:\/\/stagezone.hu\/en\/\",\"name\":\"StageZone - Ragyogj a Stagezone min\u0151s\u00e9gi f\u00e9nytechnik\u00e1j\u00e1val.\",\"description\":\"StageZone\",\"publisher\":{\"@id\":\"https:\/\/stagezone.hu\/en\/#organization\"},\"potentialAction\":[{\"@type\":\"SearchAction\",\"target\":{\"@type\":\"EntryPoint\",\"urlTemplate\":\"https:\/\/stagezone.hu\/en\/?s={search_term_string}\"},\"query-input\":{\"@type\":\"PropertyValueSpecification\",\"valueRequired\":true,\"valueName\":\"search_term_string\"}}],\"inLanguage\":\"en-US\"},{\"@type\":\"Organization\",\"@id\":\"https:\/\/stagezone.hu\/en\/#organization\",\"name\":\"StageZone\",\"url\":\"https:\/\/stagezone.hu\/en\/\",\"logo\":{\"@type\":\"ImageObject\",\"inLanguage\":\"en-US\",\"@id\":\"https:\/\/stagezone.hu\/en\/#\/schema\/logo\/image\/\",\"url\":\"https:\/\/stagezone.hu\/wp-content\/uploads\/2026\/01\/Adam-Hall_1000x1000-1-1.png\",\"contentUrl\":\"https:\/\/stagezone.hu\/wp-content\/uploads\/2026\/01\/Adam-Hall_1000x1000-1-1.png\",\"width\":1000,\"height\":1000,\"caption\":\"StageZone\"},\"image\":{\"@id\":\"https:\/\/stagezone.hu\/en\/#\/schema\/logo\/image\/\"},\"sameAs\":[\"https:\/\/www.facebook.com\/stagezonehungary\/\",\"https:\/\/www.instagram.com\/stagezonehungary\/\"]}]}<\/script>\n<!-- \/ Yoast SEO Premium plugin. -->","yoast_head_json":{"title":"DURASTAGE 750 Stage Leg 70cm","description":"Fixed stage leg, 60x60 mm sleeve, compatible with DURASTAGE 750.","robots":{"index":"index","follow":"follow","max-snippet":"max-snippet:-1","max-image-preview":"max-image-preview:large","max-video-preview":"max-video-preview:-1"},"canonical":"Fixed stage leg, 60x60 mm sleeve, compatible with DURASTAGE 750.","og_locale":"en_US","og_type":"article","og_title":"DURASTAGE 750 Stage Leg 70cm","og_description":"Fixed stage leg, 60x60 mm sleeve, compatible with DURASTAGE 750.","og_url":"https:\/\/stagezone.hu\/en\/product\/durastage-750-stage-leg-70cm\/","og_site_name":"StageZone","article_publisher":"https:\/\/www.facebook.com\/stagezonehungary\/","article_modified_time":"2026-05-04T18:52:46+00:00","og_image":[{"width":1000,"height":1000,"url":"https:\/\/stagezone.hu\/wp-content\/uploads\/2025\/07\/70.png","type":"image\/png"}],"twitter_card":"summary_large_image","twitter_misc":{"Est. reading time":"1 minute"},"schema":{"@context":"https:\/\/schema.org","@graph":[{"@type":"WebPage","@id":"https:\/\/stagezone.hu\/en\/product\/durastage-750-stage-leg-70cm\/","url":"https:\/\/stagezone.hu\/en\/product\/durastage-750-stage-leg-70cm\/","name":"DURASTAGE 750 Sz\u00ednpadl\u00e1b 70cm - StageZone","isPartOf":{"@id":"https:\/\/stagezone.hu\/#website"},"primaryImageOfPage":{"@id":"https:\/\/stagezone.hu\/en\/product\/durastage-750-stage-leg-70cm\/#primaryimage"},"image":{"@id":"https:\/\/stagezone.hu\/en\/product\/durastage-750-stage-leg-70cm\/#primaryimage"},"thumbnailUrl":"https:\/\/stagezone.hu\/wp-content\/uploads\/2025\/07\/70.png","datePublished":"2025-07-23T15:00:22+00:00","dateModified":"2026-05-04T18:52:46+00:00","description":"DURASTAGE 750 Sz\u00ednpadl\u00e1b 70cm. Szereld fel sz\u00ednpadot fix l\u00e1bakkal. A csomagol\u00e1s 4 db Duratruss 60x60 mm sz\u00ednpadl\u00e1bat tartalmaz.","breadcrumb":{"@id":"https:\/\/stagezone.hu\/en\/product\/durastage-750-stage-leg-70cm\/#breadcrumb"},"inLanguage":"en-US","potentialAction":[{"@type":"ReadAction","target":["https:\/\/stagezone.hu\/en\/product\/durastage-750-stage-leg-70cm\/"]}]},{"@type":"ImageObject","inLanguage":"en-US","@id":"https:\/\/stagezone.hu\/en\/product\/durastage-750-stage-leg-70cm\/#primaryimage","url":"https:\/\/stagezone.hu\/wp-content\/uploads\/2025\/07\/70.png","contentUrl":"https:\/\/stagezone.hu\/wp-content\/uploads\/2025\/07\/70.png","width":1000,"height":1000,"caption":"DURASTAGE 750 Sz\u00ednpadl\u00e1b 70cm"},{"@type":"BreadcrumbList","@id":"https:\/\/stagezone.hu\/en\/product\/durastage-750-stage-leg-70cm\/#breadcrumb","itemListElement":[{"@type":"ListItem","position":1,"name":"Kezd\u0151lap","item":"https:\/\/stagezone.hu\/"},{"@type":"ListItem","position":2,"name":"\u00dczlet","item":"https:\/\/stagezone.hu\/uzlet\/"},{"@type":"ListItem","position":3,"name":"DURASTAGE 750 Stage Leg 70cm"}]},{"@type":"WebSite","@id":"https:\/\/stagezone.hu\/en\/#website","url":"https:\/\/stagezone.hu\/en\/","name":"StageZone - Ragyogj a Stagezone min\u0151s\u00e9gi f\u00e9nytechnik\u00e1j\u00e1val.","description":"StageZone","publisher":{"@id":"https:\/\/stagezone.hu\/en\/#organization"},"potentialAction":[{"@type":"SearchAction","target":{"@type":"EntryPoint","urlTemplate":"https:\/\/stagezone.hu\/en\/?s={search_term_string}"},"query-input":{"@type":"PropertyValueSpecification","valueRequired":true,"valueName":"search_term_string"}}],"inLanguage":"en-US"},{"@type":"Organization","@id":"https:\/\/stagezone.hu\/en\/#organization","name":"StageZone","url":"https:\/\/stagezone.hu\/en\/","logo":{"@type":"ImageObject","inLanguage":"en-US","@id":"https:\/\/stagezone.hu\/en\/#\/schema\/logo\/image\/","url":"https:\/\/stagezone.hu\/wp-content\/uploads\/2026\/01\/Adam-Hall_1000x1000-1-1.png","contentUrl":"https:\/\/stagezone.hu\/wp-content\/uploads\/2026\/01\/Adam-Hall_1000x1000-1-1.png","width":1000,"height":1000,"caption":"StageZone"},"image":{"@id":"https:\/\/stagezone.hu\/en\/#\/schema\/logo\/image\/"},"sameAs":["https:\/\/www.facebook.com\/stagezonehungary\/","https:\/\/www.instagram.com\/stagezonehungary\/"]}]}},"_links":{"self":[{"href":"https:\/\/stagezone.hu\/en\/wp-json\/wp\/v2\/product\/7755","targetHints":{"allow":["GET"]}}],"collection":[{"href":"https:\/\/stagezone.hu\/en\/wp-json\/wp\/v2\/product"}],"about":[{"href":"https:\/\/stagezone.hu\/en\/wp-json\/wp\/v2\/types\/product"}],"replies":[{"embeddable":true,"href":"https:\/\/stagezone.hu\/en\/wp-json\/wp\/v2\/comments?post=7755"}],"version-history":[{"count":2,"href":"https:\/\/stagezone.hu\/en\/wp-json\/wp\/v2\/product\/7755\/revisions"}],"predecessor-version":[{"id":10279,"href":"https:\/\/stagezone.hu\/en\/wp-json\/wp\/v2\/product\/7755\/revisions\/10279"}],"wp:featuredmedia":[{"embeddable":true,"href":"https:\/\/stagezone.hu\/en\/wp-json\/wp\/v2\/media\/7756"}],"wp:attachment":[{"href":"https:\/\/stagezone.hu\/en\/wp-json\/wp\/v2\/media?parent=7755"}],"wp:term":[{"taxonomy":"product_brand","embeddable":true,"href":"https:\/\/stagezone.hu\/en\/wp-json\/wp\/v2\/product_brand?post=7755"},{"taxonomy":"product_cat","embeddable":true,"href":"https:\/\/stagezone.hu\/en\/wp-json\/wp\/v2\/product_cat?post=7755"},{"taxonomy":"product_tag","embeddable":true,"href":"https:\/\/stagezone.hu\/en\/wp-json\/wp\/v2\/product_tag?post=7755"}],"curies":[{"name":"wp","href":"https:\/\/api.w.org\/{rel}","templated":true}]}}