{"id":7743,"date":"2025-07-23T16:00:25","date_gmt":"2025-07-23T15:00:25","guid":{"rendered":"https:\/\/stagezone.hu\/?post_type=product&#038;p=7743"},"modified":"2026-05-04T19:52:45","modified_gmt":"2026-05-04T18:52:45","slug":"durastage-750-szinpadlab-30cm","status":"publish","type":"product","link":"https:\/\/stagezone.hu\/en\/product\/durastage-750-stage-leg-30cm-4-pcs\/","title":{"rendered":"DURASTAGE 750 Stage Leg 30cm (4 pcs)"},"content":{"rendered":"<p><strong>DURASTAGE 750 Stage Leg 30cm (4 pcs)<\/strong><\/p>\n<p>Equip your stage with fixed legs. The legs are compatible with the DURASTAGE 750 series as well as any stage element with a 60&#215;60 mm sleeve. Fixing elements can be used to maximize stage stability. The fixed legs are lightweight and easy to handle. Despite this, they are resistant to intensive use thanks to their structural design. Fixed legs are available from 20-100 cm.<\/p>\n<p>The package contains 4 stage legs.<\/p>\n<p>Duratruss products are made of high-quality aluminum and meet the strictest technical standards, such as the German T\u00dcV regulations. Their warehouse capacity of 5500 m\u00b2 allows them to maintain a constant stock, ensuring fast availability of standard products.<\/p>\n<p>&nbsp;<\/p>\n","protected":false},"excerpt":{"rendered":"<p>4 pcs of DURASTAGE 750 stage legs, 30cm height, designed for 60x60mm sleeve compatibility.<\/p>\n","protected":false},"featured_media":7744,"comment_status":"open","ping_status":"closed","template":"","meta":[],"product_brand":[],"product_cat":[363,498,503],"product_tag":[484,191],"class_list":{"0":"post-7743","1":"product","2":"type-product","3":"status-publish","4":"has-post-thumbnail","6":"product_cat-hardver","7":"product_cat-szinpad","8":"product_cat-szinpadlab","9":"product_tag-duratruss","10":"product_tag-szinpad","12":"first","13":"contact_us","14":"taxable","15":"shipping-taxable","16":"purchasable","17":"product-type-simple"},"yoast_head":"<!-- This site is optimized with the Yoast SEO Premium plugin v27.2 (Yoast SEO v27.2) - https:\/\/yoast.com\/product\/yoast-seo-premium-wordpress\/ -->\n<title>DURASTAGE 750 Stage Leg 30cm (4 pcs)<\/title>\n<meta name=\"description\" content=\"4 pcs of DURASTAGE 750 stage legs, 30cm height, designed for 60x60mm sleeve compatibility.\" \/>\n<meta name=\"robots\" content=\"index, follow, max-snippet:-1, max-image-preview:large, max-video-preview:-1\" \/>\n<link rel=\"canonical\" href=\"http:\/\/4%20pcs%20of%20DURASTAGE%20750%20stage%20legs,%2030cm%20height,%20designed%20for%2060x60mm%20sleeve%20compatibility.\" \/>\n<meta property=\"og:locale\" content=\"en_US\" \/>\n<meta property=\"og:type\" content=\"article\" \/>\n<meta property=\"og:title\" content=\"DURASTAGE 750 Stage Leg 30cm (4 pcs)\" \/>\n<meta property=\"og:description\" content=\"4 pcs of DURASTAGE 750 stage legs, 30cm height, designed for 60x60mm sleeve compatibility.\" \/>\n<meta property=\"og:url\" content=\"https:\/\/stagezone.hu\/en\/product\/durastage-750-stage-leg-30cm-4-pcs\/\" \/>\n<meta property=\"og:site_name\" content=\"StageZone\" \/>\n<meta property=\"article:publisher\" content=\"https:\/\/www.facebook.com\/stagezonehungary\/\" \/>\n<meta property=\"article:modified_time\" content=\"2026-05-04T18:52:45+00:00\" \/>\n<meta property=\"og:image\" content=\"https:\/\/stagezone.hu\/wp-content\/uploads\/2025\/07\/30.png\" \/>\n\t<meta property=\"og:image:width\" content=\"1000\" \/>\n\t<meta property=\"og:image:height\" content=\"1000\" \/>\n\t<meta property=\"og:image:type\" content=\"image\/png\" \/>\n<meta name=\"twitter:card\" content=\"summary_large_image\" \/>\n<meta name=\"twitter:label1\" content=\"Est. reading time\" \/>\n\t<meta name=\"twitter:data1\" content=\"1 minute\" \/>\n<script type=\"application\/ld+json\" class=\"yoast-schema-graph\">{\"@context\":\"https:\/\/schema.org\",\"@graph\":[{\"@type\":\"WebPage\",\"@id\":\"https:\/\/stagezone.hu\/en\/product\/durastage-750-stage-leg-30cm-4-pcs\/\",\"url\":\"https:\/\/stagezone.hu\/en\/product\/durastage-750-stage-leg-30cm-4-pcs\/\",\"name\":\"DURASTAGE 750 Sz\u00ednpadl\u00e1b 30cm - StageZone\",\"isPartOf\":{\"@id\":\"https:\/\/stagezone.hu\/#website\"},\"primaryImageOfPage\":{\"@id\":\"https:\/\/stagezone.hu\/en\/product\/durastage-750-stage-leg-30cm-4-pcs\/#primaryimage\"},\"image\":{\"@id\":\"https:\/\/stagezone.hu\/en\/product\/durastage-750-stage-leg-30cm-4-pcs\/#primaryimage\"},\"thumbnailUrl\":\"https:\/\/stagezone.hu\/wp-content\/uploads\/2025\/07\/30.png\",\"datePublished\":\"2025-07-23T15:00:25+00:00\",\"dateModified\":\"2026-05-04T18:52:45+00:00\",\"description\":\"DURASTAGE 750 Sz\u00ednpadl\u00e1b 30cm. Szereld fel sz\u00ednpadot fix l\u00e1bakkal. A csomagol\u00e1s 4 db Duratruss 60x60 mm sz\u00ednpadl\u00e1bat tartalmaz.\",\"breadcrumb\":{\"@id\":\"https:\/\/stagezone.hu\/en\/product\/durastage-750-stage-leg-30cm-4-pcs\/#breadcrumb\"},\"inLanguage\":\"en-US\",\"potentialAction\":[{\"@type\":\"ReadAction\",\"target\":[\"https:\/\/stagezone.hu\/en\/product\/durastage-750-stage-leg-30cm-4-pcs\/\"]}]},{\"@type\":\"ImageObject\",\"inLanguage\":\"en-US\",\"@id\":\"https:\/\/stagezone.hu\/en\/product\/durastage-750-stage-leg-30cm-4-pcs\/#primaryimage\",\"url\":\"https:\/\/stagezone.hu\/wp-content\/uploads\/2025\/07\/30.png\",\"contentUrl\":\"https:\/\/stagezone.hu\/wp-content\/uploads\/2025\/07\/30.png\",\"width\":1000,\"height\":1000,\"caption\":\"DURASTAGE 750 Sz\u00ednpadl\u00e1b 30cm\"},{\"@type\":\"BreadcrumbList\",\"@id\":\"https:\/\/stagezone.hu\/en\/product\/durastage-750-stage-leg-30cm-4-pcs\/#breadcrumb\",\"itemListElement\":[{\"@type\":\"ListItem\",\"position\":1,\"name\":\"Kezd\u0151lap\",\"item\":\"https:\/\/stagezone.hu\/\"},{\"@type\":\"ListItem\",\"position\":2,\"name\":\"\u00dczlet\",\"item\":\"https:\/\/stagezone.hu\/uzlet\/\"},{\"@type\":\"ListItem\",\"position\":3,\"name\":\"DURASTAGE 750 Stage Leg 30cm (4 pcs)\"}]},{\"@type\":\"WebSite\",\"@id\":\"https:\/\/stagezone.hu\/en\/#website\",\"url\":\"https:\/\/stagezone.hu\/en\/\",\"name\":\"StageZone - Ragyogj a Stagezone min\u0151s\u00e9gi f\u00e9nytechnik\u00e1j\u00e1val.\",\"description\":\"StageZone\",\"publisher\":{\"@id\":\"https:\/\/stagezone.hu\/en\/#organization\"},\"potentialAction\":[{\"@type\":\"SearchAction\",\"target\":{\"@type\":\"EntryPoint\",\"urlTemplate\":\"https:\/\/stagezone.hu\/en\/?s={search_term_string}\"},\"query-input\":{\"@type\":\"PropertyValueSpecification\",\"valueRequired\":true,\"valueName\":\"search_term_string\"}}],\"inLanguage\":\"en-US\"},{\"@type\":\"Organization\",\"@id\":\"https:\/\/stagezone.hu\/en\/#organization\",\"name\":\"StageZone\",\"url\":\"https:\/\/stagezone.hu\/en\/\",\"logo\":{\"@type\":\"ImageObject\",\"inLanguage\":\"en-US\",\"@id\":\"https:\/\/stagezone.hu\/en\/#\/schema\/logo\/image\/\",\"url\":\"https:\/\/stagezone.hu\/wp-content\/uploads\/2026\/01\/Adam-Hall_1000x1000-1-1.png\",\"contentUrl\":\"https:\/\/stagezone.hu\/wp-content\/uploads\/2026\/01\/Adam-Hall_1000x1000-1-1.png\",\"width\":1000,\"height\":1000,\"caption\":\"StageZone\"},\"image\":{\"@id\":\"https:\/\/stagezone.hu\/en\/#\/schema\/logo\/image\/\"},\"sameAs\":[\"https:\/\/www.facebook.com\/stagezonehungary\/\",\"https:\/\/www.instagram.com\/stagezonehungary\/\"]}]}<\/script>\n<!-- \/ Yoast SEO Premium plugin. -->","yoast_head_json":{"title":"DURASTAGE 750 Stage Leg 30cm (4 pcs)","description":"4 pcs of DURASTAGE 750 stage legs, 30cm height, designed for 60x60mm sleeve compatibility.","robots":{"index":"index","follow":"follow","max-snippet":"max-snippet:-1","max-image-preview":"max-image-preview:large","max-video-preview":"max-video-preview:-1"},"canonical":"4 pcs of DURASTAGE 750 stage legs, 30cm height, designed for 60x60mm sleeve compatibility.","og_locale":"en_US","og_type":"article","og_title":"DURASTAGE 750 Stage Leg 30cm (4 pcs)","og_description":"4 pcs of DURASTAGE 750 stage legs, 30cm height, designed for 60x60mm sleeve compatibility.","og_url":"https:\/\/stagezone.hu\/en\/product\/durastage-750-stage-leg-30cm-4-pcs\/","og_site_name":"StageZone","article_publisher":"https:\/\/www.facebook.com\/stagezonehungary\/","article_modified_time":"2026-05-04T18:52:45+00:00","og_image":[{"width":1000,"height":1000,"url":"https:\/\/stagezone.hu\/wp-content\/uploads\/2025\/07\/30.png","type":"image\/png"}],"twitter_card":"summary_large_image","twitter_misc":{"Est. reading time":"1 minute"},"schema":{"@context":"https:\/\/schema.org","@graph":[{"@type":"WebPage","@id":"https:\/\/stagezone.hu\/en\/product\/durastage-750-stage-leg-30cm-4-pcs\/","url":"https:\/\/stagezone.hu\/en\/product\/durastage-750-stage-leg-30cm-4-pcs\/","name":"DURASTAGE 750 Sz\u00ednpadl\u00e1b 30cm - StageZone","isPartOf":{"@id":"https:\/\/stagezone.hu\/#website"},"primaryImageOfPage":{"@id":"https:\/\/stagezone.hu\/en\/product\/durastage-750-stage-leg-30cm-4-pcs\/#primaryimage"},"image":{"@id":"https:\/\/stagezone.hu\/en\/product\/durastage-750-stage-leg-30cm-4-pcs\/#primaryimage"},"thumbnailUrl":"https:\/\/stagezone.hu\/wp-content\/uploads\/2025\/07\/30.png","datePublished":"2025-07-23T15:00:25+00:00","dateModified":"2026-05-04T18:52:45+00:00","description":"DURASTAGE 750 Sz\u00ednpadl\u00e1b 30cm. Szereld fel sz\u00ednpadot fix l\u00e1bakkal. A csomagol\u00e1s 4 db Duratruss 60x60 mm sz\u00ednpadl\u00e1bat tartalmaz.","breadcrumb":{"@id":"https:\/\/stagezone.hu\/en\/product\/durastage-750-stage-leg-30cm-4-pcs\/#breadcrumb"},"inLanguage":"en-US","potentialAction":[{"@type":"ReadAction","target":["https:\/\/stagezone.hu\/en\/product\/durastage-750-stage-leg-30cm-4-pcs\/"]}]},{"@type":"ImageObject","inLanguage":"en-US","@id":"https:\/\/stagezone.hu\/en\/product\/durastage-750-stage-leg-30cm-4-pcs\/#primaryimage","url":"https:\/\/stagezone.hu\/wp-content\/uploads\/2025\/07\/30.png","contentUrl":"https:\/\/stagezone.hu\/wp-content\/uploads\/2025\/07\/30.png","width":1000,"height":1000,"caption":"DURASTAGE 750 Sz\u00ednpadl\u00e1b 30cm"},{"@type":"BreadcrumbList","@id":"https:\/\/stagezone.hu\/en\/product\/durastage-750-stage-leg-30cm-4-pcs\/#breadcrumb","itemListElement":[{"@type":"ListItem","position":1,"name":"Kezd\u0151lap","item":"https:\/\/stagezone.hu\/"},{"@type":"ListItem","position":2,"name":"\u00dczlet","item":"https:\/\/stagezone.hu\/uzlet\/"},{"@type":"ListItem","position":3,"name":"DURASTAGE 750 Stage Leg 30cm (4 pcs)"}]},{"@type":"WebSite","@id":"https:\/\/stagezone.hu\/en\/#website","url":"https:\/\/stagezone.hu\/en\/","name":"StageZone - Ragyogj a Stagezone min\u0151s\u00e9gi f\u00e9nytechnik\u00e1j\u00e1val.","description":"StageZone","publisher":{"@id":"https:\/\/stagezone.hu\/en\/#organization"},"potentialAction":[{"@type":"SearchAction","target":{"@type":"EntryPoint","urlTemplate":"https:\/\/stagezone.hu\/en\/?s={search_term_string}"},"query-input":{"@type":"PropertyValueSpecification","valueRequired":true,"valueName":"search_term_string"}}],"inLanguage":"en-US"},{"@type":"Organization","@id":"https:\/\/stagezone.hu\/en\/#organization","name":"StageZone","url":"https:\/\/stagezone.hu\/en\/","logo":{"@type":"ImageObject","inLanguage":"en-US","@id":"https:\/\/stagezone.hu\/en\/#\/schema\/logo\/image\/","url":"https:\/\/stagezone.hu\/wp-content\/uploads\/2026\/01\/Adam-Hall_1000x1000-1-1.png","contentUrl":"https:\/\/stagezone.hu\/wp-content\/uploads\/2026\/01\/Adam-Hall_1000x1000-1-1.png","width":1000,"height":1000,"caption":"StageZone"},"image":{"@id":"https:\/\/stagezone.hu\/en\/#\/schema\/logo\/image\/"},"sameAs":["https:\/\/www.facebook.com\/stagezonehungary\/","https:\/\/www.instagram.com\/stagezonehungary\/"]}]}},"_links":{"self":[{"href":"https:\/\/stagezone.hu\/en\/wp-json\/wp\/v2\/product\/7743","targetHints":{"allow":["GET"]}}],"collection":[{"href":"https:\/\/stagezone.hu\/en\/wp-json\/wp\/v2\/product"}],"about":[{"href":"https:\/\/stagezone.hu\/en\/wp-json\/wp\/v2\/types\/product"}],"replies":[{"embeddable":true,"href":"https:\/\/stagezone.hu\/en\/wp-json\/wp\/v2\/comments?post=7743"}],"version-history":[{"count":2,"href":"https:\/\/stagezone.hu\/en\/wp-json\/wp\/v2\/product\/7743\/revisions"}],"predecessor-version":[{"id":10278,"href":"https:\/\/stagezone.hu\/en\/wp-json\/wp\/v2\/product\/7743\/revisions\/10278"}],"wp:featuredmedia":[{"embeddable":true,"href":"https:\/\/stagezone.hu\/en\/wp-json\/wp\/v2\/media\/7744"}],"wp:attachment":[{"href":"https:\/\/stagezone.hu\/en\/wp-json\/wp\/v2\/media?parent=7743"}],"wp:term":[{"taxonomy":"product_brand","embeddable":true,"href":"https:\/\/stagezone.hu\/en\/wp-json\/wp\/v2\/product_brand?post=7743"},{"taxonomy":"product_cat","embeddable":true,"href":"https:\/\/stagezone.hu\/en\/wp-json\/wp\/v2\/product_cat?post=7743"},{"taxonomy":"product_tag","embeddable":true,"href":"https:\/\/stagezone.hu\/en\/wp-json\/wp\/v2\/product_tag?post=7743"}],"curies":[{"name":"wp","href":"https:\/\/api.w.org\/{rel}","templated":true}]}}