{"id":7728,"date":"2025-07-23T16:00:16","date_gmt":"2025-07-23T15:00:16","guid":{"rendered":"https:\/\/stagezone.hu\/?post_type=product&#038;p=7728"},"modified":"2026-05-04T19:52:53","modified_gmt":"2026-05-04T18:52:53","slug":"durastage-750-szinpadlab-20cm","status":"publish","type":"product","link":"https:\/\/stagezone.hu\/en\/product\/durastage-750-stage-leg-20cm-set-of-4\/","title":{"rendered":"DURASTAGE 750 Stage Leg 20cm (Set of 4)"},"content":{"rendered":"<p><strong>DURASTAGE 750 Stage Leg 20cm (4 pcs)<\/strong><\/p>\n<p>Equip your stage with fixed legs. The legs are compatible with the <a href=\"https:\/\/eu.duratruss.com\/en\/products\/durastage-750\">DURASTAGE 750<\/a> series, as well as any stage element with a 60&#215;60 mm sleeve. The use of <a href=\"https:\/\/stagezone.hu\/termekkategoria\/hardver\/szinpad\/rogzitoelem\/\">fixing elements<\/a> can maximize stage stability. Fixed legs are lightweight and easy to handle. Despite this, their structural design makes them resistant to intensive use. Fixed legs are available from 20cm to 100cm.<\/p>\n<p>The package contains 4 stage legs.<\/p>\n<p><strong>Duratruss<\/strong> <a href=\"https:\/\/eu.duratruss.com\/en\/\">products<\/a> are made from high-quality aluminum and meet the strictest technical standards, such as the German <strong>T\u00dcV<\/strong> regulations. Their 5500 m\u00b2 warehouse capacity allows them to maintain a constant stock, ensuring quick availability of standard products.<\/p>\n","protected":false},"excerpt":{"rendered":"<p>Equip your stage with fixed legs. These legs are compatible with the DURASTAGE 750 series and any stage element with a 60&#215;60 mm sleeve.<\/p>\n","protected":false},"featured_media":7730,"comment_status":"open","ping_status":"closed","template":"","meta":[],"product_brand":[],"product_cat":[363,498,503],"product_tag":[484,504],"class_list":{"0":"post-7728","1":"product","2":"type-product","3":"status-publish","4":"has-post-thumbnail","6":"product_cat-hardver","7":"product_cat-szinpad","8":"product_cat-szinpadlab","9":"product_tag-duratruss","10":"product_tag-szinpadlab","12":"first","13":"contact_us","14":"taxable","15":"shipping-taxable","16":"purchasable","17":"product-type-simple"},"yoast_head":"<!-- This site is optimized with the Yoast SEO Premium plugin v27.2 (Yoast SEO v27.2) - https:\/\/yoast.com\/product\/yoast-seo-premium-wordpress\/ -->\n<title>DURASTAGE 750 Stage Leg 20cm (Set of 4)<\/title>\n<meta name=\"description\" content=\"Equip your stage with fixed legs. These legs are compatible with the DURASTAGE 750 series and any stage element with a 60x60 mm sleeve.\" \/>\n<meta name=\"robots\" content=\"index, follow, max-snippet:-1, max-image-preview:large, max-video-preview:-1\" \/>\n<link rel=\"canonical\" href=\"http:\/\/Equip%20your%20stage%20with%20fixed%20legs.%20These%20legs%20are%20compatible%20with%20the%20DURASTAGE%20750%20series%20and%20any%20stage%20element%20with%20a%2060x60%20mm%20sleeve.\" \/>\n<meta property=\"og:locale\" content=\"en_US\" \/>\n<meta property=\"og:type\" content=\"article\" \/>\n<meta property=\"og:title\" content=\"DURASTAGE 750 Stage Leg 20cm (Set of 4)\" \/>\n<meta property=\"og:description\" content=\"Equip your stage with fixed legs. These legs are compatible with the DURASTAGE 750 series and any stage element with a 60x60 mm sleeve.\" \/>\n<meta property=\"og:url\" content=\"https:\/\/stagezone.hu\/en\/product\/durastage-750-stage-leg-20cm-set-of-4\/\" \/>\n<meta property=\"og:site_name\" content=\"StageZone\" \/>\n<meta property=\"article:publisher\" content=\"https:\/\/www.facebook.com\/stagezonehungary\/\" \/>\n<meta property=\"article:modified_time\" content=\"2026-05-04T18:52:53+00:00\" \/>\n<meta property=\"og:image\" content=\"https:\/\/stagezone.hu\/wp-content\/uploads\/2025\/07\/20.png\" \/>\n\t<meta property=\"og:image:width\" content=\"1000\" \/>\n\t<meta property=\"og:image:height\" content=\"1000\" \/>\n\t<meta property=\"og:image:type\" content=\"image\/png\" \/>\n<meta name=\"twitter:card\" content=\"summary_large_image\" \/>\n<meta name=\"twitter:label1\" content=\"Est. reading time\" \/>\n\t<meta name=\"twitter:data1\" content=\"1 minute\" \/>\n<script type=\"application\/ld+json\" class=\"yoast-schema-graph\">{\"@context\":\"https:\/\/schema.org\",\"@graph\":[{\"@type\":\"WebPage\",\"@id\":\"https:\/\/stagezone.hu\/en\/product\/durastage-750-stage-leg-20cm-set-of-4\/\",\"url\":\"https:\/\/stagezone.hu\/en\/product\/durastage-750-stage-leg-20cm-set-of-4\/\",\"name\":\"DURASTAGE 750 Sz\u00ednpadl\u00e1b 20cm - StageZone\",\"isPartOf\":{\"@id\":\"https:\/\/stagezone.hu\/#website\"},\"primaryImageOfPage\":{\"@id\":\"https:\/\/stagezone.hu\/en\/product\/durastage-750-stage-leg-20cm-set-of-4\/#primaryimage\"},\"image\":{\"@id\":\"https:\/\/stagezone.hu\/en\/product\/durastage-750-stage-leg-20cm-set-of-4\/#primaryimage\"},\"thumbnailUrl\":\"https:\/\/stagezone.hu\/wp-content\/uploads\/2025\/07\/20.png\",\"datePublished\":\"2025-07-23T15:00:16+00:00\",\"dateModified\":\"2026-05-04T18:52:53+00:00\",\"description\":\"DURASTAGE 750 Sz\u00ednpadl\u00e1b 20cm. Szereld fel sz\u00ednpadot fix l\u00e1bakkal. A csomagol\u00e1s 4 db Duratruss 60x60 mm sz\u00ednpadl\u00e1bat tartalmaz.\",\"breadcrumb\":{\"@id\":\"https:\/\/stagezone.hu\/en\/product\/durastage-750-stage-leg-20cm-set-of-4\/#breadcrumb\"},\"inLanguage\":\"en-US\",\"potentialAction\":[{\"@type\":\"ReadAction\",\"target\":[\"https:\/\/stagezone.hu\/en\/product\/durastage-750-stage-leg-20cm-set-of-4\/\"]}]},{\"@type\":\"ImageObject\",\"inLanguage\":\"en-US\",\"@id\":\"https:\/\/stagezone.hu\/en\/product\/durastage-750-stage-leg-20cm-set-of-4\/#primaryimage\",\"url\":\"https:\/\/stagezone.hu\/wp-content\/uploads\/2025\/07\/20.png\",\"contentUrl\":\"https:\/\/stagezone.hu\/wp-content\/uploads\/2025\/07\/20.png\",\"width\":1000,\"height\":1000,\"caption\":\"DURASTAGE 750 Sz\u00ednpadl\u00e1b 20cm\"},{\"@type\":\"BreadcrumbList\",\"@id\":\"https:\/\/stagezone.hu\/en\/product\/durastage-750-stage-leg-20cm-set-of-4\/#breadcrumb\",\"itemListElement\":[{\"@type\":\"ListItem\",\"position\":1,\"name\":\"Kezd\u0151lap\",\"item\":\"https:\/\/stagezone.hu\/\"},{\"@type\":\"ListItem\",\"position\":2,\"name\":\"\u00dczlet\",\"item\":\"https:\/\/stagezone.hu\/uzlet\/\"},{\"@type\":\"ListItem\",\"position\":3,\"name\":\"DURASTAGE 750 Stage Leg 20cm (Set of 4)\"}]},{\"@type\":\"WebSite\",\"@id\":\"https:\/\/stagezone.hu\/en\/#website\",\"url\":\"https:\/\/stagezone.hu\/en\/\",\"name\":\"StageZone - Ragyogj a Stagezone min\u0151s\u00e9gi f\u00e9nytechnik\u00e1j\u00e1val.\",\"description\":\"StageZone\",\"publisher\":{\"@id\":\"https:\/\/stagezone.hu\/en\/#organization\"},\"potentialAction\":[{\"@type\":\"SearchAction\",\"target\":{\"@type\":\"EntryPoint\",\"urlTemplate\":\"https:\/\/stagezone.hu\/en\/?s={search_term_string}\"},\"query-input\":{\"@type\":\"PropertyValueSpecification\",\"valueRequired\":true,\"valueName\":\"search_term_string\"}}],\"inLanguage\":\"en-US\"},{\"@type\":\"Organization\",\"@id\":\"https:\/\/stagezone.hu\/en\/#organization\",\"name\":\"StageZone\",\"url\":\"https:\/\/stagezone.hu\/en\/\",\"logo\":{\"@type\":\"ImageObject\",\"inLanguage\":\"en-US\",\"@id\":\"https:\/\/stagezone.hu\/en\/#\/schema\/logo\/image\/\",\"url\":\"https:\/\/stagezone.hu\/wp-content\/uploads\/2026\/01\/Adam-Hall_1000x1000-1-1.png\",\"contentUrl\":\"https:\/\/stagezone.hu\/wp-content\/uploads\/2026\/01\/Adam-Hall_1000x1000-1-1.png\",\"width\":1000,\"height\":1000,\"caption\":\"StageZone\"},\"image\":{\"@id\":\"https:\/\/stagezone.hu\/en\/#\/schema\/logo\/image\/\"},\"sameAs\":[\"https:\/\/www.facebook.com\/stagezonehungary\/\",\"https:\/\/www.instagram.com\/stagezonehungary\/\"]}]}<\/script>\n<!-- \/ Yoast SEO Premium plugin. -->","yoast_head_json":{"title":"DURASTAGE 750 Stage Leg 20cm (Set of 4)","description":"Equip your stage with fixed legs. These legs are compatible with the DURASTAGE 750 series and any stage element with a 60x60 mm sleeve.","robots":{"index":"index","follow":"follow","max-snippet":"max-snippet:-1","max-image-preview":"max-image-preview:large","max-video-preview":"max-video-preview:-1"},"canonical":"Equip your stage with fixed legs. These legs are compatible with the DURASTAGE 750 series and any stage element with a 60x60 mm sleeve.","og_locale":"en_US","og_type":"article","og_title":"DURASTAGE 750 Stage Leg 20cm (Set of 4)","og_description":"Equip your stage with fixed legs. These legs are compatible with the DURASTAGE 750 series and any stage element with a 60x60 mm sleeve.","og_url":"https:\/\/stagezone.hu\/en\/product\/durastage-750-stage-leg-20cm-set-of-4\/","og_site_name":"StageZone","article_publisher":"https:\/\/www.facebook.com\/stagezonehungary\/","article_modified_time":"2026-05-04T18:52:53+00:00","og_image":[{"width":1000,"height":1000,"url":"https:\/\/stagezone.hu\/wp-content\/uploads\/2025\/07\/20.png","type":"image\/png"}],"twitter_card":"summary_large_image","twitter_misc":{"Est. reading time":"1 minute"},"schema":{"@context":"https:\/\/schema.org","@graph":[{"@type":"WebPage","@id":"https:\/\/stagezone.hu\/en\/product\/durastage-750-stage-leg-20cm-set-of-4\/","url":"https:\/\/stagezone.hu\/en\/product\/durastage-750-stage-leg-20cm-set-of-4\/","name":"DURASTAGE 750 Sz\u00ednpadl\u00e1b 20cm - StageZone","isPartOf":{"@id":"https:\/\/stagezone.hu\/#website"},"primaryImageOfPage":{"@id":"https:\/\/stagezone.hu\/en\/product\/durastage-750-stage-leg-20cm-set-of-4\/#primaryimage"},"image":{"@id":"https:\/\/stagezone.hu\/en\/product\/durastage-750-stage-leg-20cm-set-of-4\/#primaryimage"},"thumbnailUrl":"https:\/\/stagezone.hu\/wp-content\/uploads\/2025\/07\/20.png","datePublished":"2025-07-23T15:00:16+00:00","dateModified":"2026-05-04T18:52:53+00:00","description":"DURASTAGE 750 Sz\u00ednpadl\u00e1b 20cm. Szereld fel sz\u00ednpadot fix l\u00e1bakkal. A csomagol\u00e1s 4 db Duratruss 60x60 mm sz\u00ednpadl\u00e1bat tartalmaz.","breadcrumb":{"@id":"https:\/\/stagezone.hu\/en\/product\/durastage-750-stage-leg-20cm-set-of-4\/#breadcrumb"},"inLanguage":"en-US","potentialAction":[{"@type":"ReadAction","target":["https:\/\/stagezone.hu\/en\/product\/durastage-750-stage-leg-20cm-set-of-4\/"]}]},{"@type":"ImageObject","inLanguage":"en-US","@id":"https:\/\/stagezone.hu\/en\/product\/durastage-750-stage-leg-20cm-set-of-4\/#primaryimage","url":"https:\/\/stagezone.hu\/wp-content\/uploads\/2025\/07\/20.png","contentUrl":"https:\/\/stagezone.hu\/wp-content\/uploads\/2025\/07\/20.png","width":1000,"height":1000,"caption":"DURASTAGE 750 Sz\u00ednpadl\u00e1b 20cm"},{"@type":"BreadcrumbList","@id":"https:\/\/stagezone.hu\/en\/product\/durastage-750-stage-leg-20cm-set-of-4\/#breadcrumb","itemListElement":[{"@type":"ListItem","position":1,"name":"Kezd\u0151lap","item":"https:\/\/stagezone.hu\/"},{"@type":"ListItem","position":2,"name":"\u00dczlet","item":"https:\/\/stagezone.hu\/uzlet\/"},{"@type":"ListItem","position":3,"name":"DURASTAGE 750 Stage Leg 20cm (Set of 4)"}]},{"@type":"WebSite","@id":"https:\/\/stagezone.hu\/en\/#website","url":"https:\/\/stagezone.hu\/en\/","name":"StageZone - Ragyogj a Stagezone min\u0151s\u00e9gi f\u00e9nytechnik\u00e1j\u00e1val.","description":"StageZone","publisher":{"@id":"https:\/\/stagezone.hu\/en\/#organization"},"potentialAction":[{"@type":"SearchAction","target":{"@type":"EntryPoint","urlTemplate":"https:\/\/stagezone.hu\/en\/?s={search_term_string}"},"query-input":{"@type":"PropertyValueSpecification","valueRequired":true,"valueName":"search_term_string"}}],"inLanguage":"en-US"},{"@type":"Organization","@id":"https:\/\/stagezone.hu\/en\/#organization","name":"StageZone","url":"https:\/\/stagezone.hu\/en\/","logo":{"@type":"ImageObject","inLanguage":"en-US","@id":"https:\/\/stagezone.hu\/en\/#\/schema\/logo\/image\/","url":"https:\/\/stagezone.hu\/wp-content\/uploads\/2026\/01\/Adam-Hall_1000x1000-1-1.png","contentUrl":"https:\/\/stagezone.hu\/wp-content\/uploads\/2026\/01\/Adam-Hall_1000x1000-1-1.png","width":1000,"height":1000,"caption":"StageZone"},"image":{"@id":"https:\/\/stagezone.hu\/en\/#\/schema\/logo\/image\/"},"sameAs":["https:\/\/www.facebook.com\/stagezonehungary\/","https:\/\/www.instagram.com\/stagezonehungary\/"]}]}},"_links":{"self":[{"href":"https:\/\/stagezone.hu\/en\/wp-json\/wp\/v2\/product\/7728","targetHints":{"allow":["GET"]}}],"collection":[{"href":"https:\/\/stagezone.hu\/en\/wp-json\/wp\/v2\/product"}],"about":[{"href":"https:\/\/stagezone.hu\/en\/wp-json\/wp\/v2\/types\/product"}],"replies":[{"embeddable":true,"href":"https:\/\/stagezone.hu\/en\/wp-json\/wp\/v2\/comments?post=7728"}],"version-history":[{"count":4,"href":"https:\/\/stagezone.hu\/en\/wp-json\/wp\/v2\/product\/7728\/revisions"}],"predecessor-version":[{"id":10292,"href":"https:\/\/stagezone.hu\/en\/wp-json\/wp\/v2\/product\/7728\/revisions\/10292"}],"wp:featuredmedia":[{"embeddable":true,"href":"https:\/\/stagezone.hu\/en\/wp-json\/wp\/v2\/media\/7730"}],"wp:attachment":[{"href":"https:\/\/stagezone.hu\/en\/wp-json\/wp\/v2\/media?parent=7728"}],"wp:term":[{"taxonomy":"product_brand","embeddable":true,"href":"https:\/\/stagezone.hu\/en\/wp-json\/wp\/v2\/product_brand?post=7728"},{"taxonomy":"product_cat","embeddable":true,"href":"https:\/\/stagezone.hu\/en\/wp-json\/wp\/v2\/product_cat?post=7728"},{"taxonomy":"product_tag","embeddable":true,"href":"https:\/\/stagezone.hu\/en\/wp-json\/wp\/v2\/product_tag?post=7728"}],"curies":[{"name":"wp","href":"https:\/\/api.w.org\/{rel}","templated":true}]}}