{"id":7704,"date":"2025-07-23T16:00:41","date_gmt":"2025-07-23T15:00:41","guid":{"rendered":"https:\/\/stagezone.hu\/?post_type=product&#038;p=7704"},"modified":"2026-05-04T19:52:36","modified_gmt":"2026-05-04T18:52:36","slug":"durastage-750-2x1m-triangle-right","status":"publish","type":"product","link":"https:\/\/stagezone.hu\/en\/product\/durastage-750-2x1m-triangle-right-stage-element\/","title":{"rendered":"DURASTAGE 750 2x1m Triangle Right Stage Element"},"content":{"rendered":"<p><strong>DURASTAGE 750 2x1m Triangle Right Stage Element<\/strong><\/p>\n<p>T\u00dcV-tested according to DIN 15921 standard, with a load capacity of 750 kg\/m\u00b2, Duratruss stages are strong enough to withstand the heavy load of any performance. The stages are suitable for both touring and permanent installations. The universal aluminum profile with modular connectors allows for quick assembly. The black, hexagon-patterned, non-slip surface is permanently waterproof, making it suitable for outdoor use. This new platform is also compatible with stage elements from other leading manufacturers.<\/p>\n<p><strong>Advantages of DURASTAGE 750 2x1m Triangle Right Stage Elements:<\/strong><\/p>\n<ul>\n<li>High load capacity<\/li>\n<li>High-quality aluminum frame<\/li>\n<li>Simple and fast installation<\/li>\n<li>Compatible with stage panels from other manufacturers<\/li>\n<li>Space-saving transport thanks to detachable legs<\/li>\n<li>Suitable for permanent installation and event technology companies<\/li>\n<\/ul>\n<ul>\n<li>New connectors for round and square legs (up to 48.3\u201360 mm diameter)<\/li>\n<\/ul>\n","protected":false},"excerpt":{"rendered":"<p>DURASTAGE 750 2x1m Triangle Right stage element with a load capacity of 750 kg\/m\u00b2.<\/p>\n","protected":false},"featured_media":7705,"comment_status":"open","ping_status":"closed","template":"","meta":[],"product_brand":[],"product_cat":[363,498,502],"product_tag":[484,191],"class_list":{"0":"post-7704","1":"product","2":"type-product","3":"status-publish","4":"has-post-thumbnail","6":"product_cat-hardver","7":"product_cat-szinpad","8":"product_cat-szinpadelem","9":"product_tag-duratruss","10":"product_tag-szinpad","12":"first","13":"contact_us","14":"taxable","15":"shipping-taxable","16":"purchasable","17":"product-type-simple"},"yoast_head":"<!-- This site is optimized with the Yoast SEO Premium plugin v27.2 (Yoast SEO v27.2) - https:\/\/yoast.com\/product\/yoast-seo-premium-wordpress\/ -->\n<title>DURASTAGE 750 2x1m Triangle Right Stage Element<\/title>\n<meta name=\"description\" content=\"DURASTAGE 750 2x1m Triangle Right stage element with a load capacity of 750 kg\/m\u00b2.\" \/>\n<meta name=\"robots\" content=\"index, follow, max-snippet:-1, max-image-preview:large, max-video-preview:-1\" \/>\n<link rel=\"canonical\" href=\"http:\/\/DURASTAGE%20750%202x1m%20Triangle%20Right%20stage%20element%20with%20a%20load%20capacity%20of%20750%20kg\/m\u00b2.\" \/>\n<meta property=\"og:locale\" content=\"en_US\" \/>\n<meta property=\"og:type\" content=\"article\" \/>\n<meta property=\"og:title\" content=\"DURASTAGE 750 2x1m Triangle Right Stage Element\" \/>\n<meta property=\"og:description\" content=\"DURASTAGE 750 2x1m Triangle Right stage element with a load capacity of 750 kg\/m\u00b2.\" \/>\n<meta property=\"og:url\" content=\"https:\/\/stagezone.hu\/en\/product\/durastage-750-2x1m-triangle-right-stage-element\/\" \/>\n<meta property=\"og:site_name\" content=\"StageZone\" \/>\n<meta property=\"article:publisher\" content=\"https:\/\/www.facebook.com\/stagezonehungary\/\" \/>\n<meta property=\"article:modified_time\" content=\"2026-05-04T18:52:36+00:00\" \/>\n<meta property=\"og:image\" content=\"https:\/\/stagezone.hu\/wp-content\/uploads\/2025\/07\/1712000009-DURASTAGE-750-2x1-TRIANGLE-RIGHT.jpg\" \/>\n\t<meta property=\"og:image:width\" content=\"1100\" \/>\n\t<meta property=\"og:image:height\" content=\"1100\" \/>\n\t<meta property=\"og:image:type\" content=\"image\/jpeg\" \/>\n<meta name=\"twitter:card\" content=\"summary_large_image\" \/>\n<meta name=\"twitter:label1\" content=\"Est. reading time\" \/>\n\t<meta name=\"twitter:data1\" content=\"1 minute\" \/>\n<script type=\"application\/ld+json\" class=\"yoast-schema-graph\">{\"@context\":\"https:\/\/schema.org\",\"@graph\":[{\"@type\":\"WebPage\",\"@id\":\"https:\/\/stagezone.hu\/en\/product\/durastage-750-2x1m-triangle-right-stage-element\/\",\"url\":\"https:\/\/stagezone.hu\/en\/product\/durastage-750-2x1m-triangle-right-stage-element\/\",\"name\":\"DURASTAGE 750 2x1m Triangle Right - StageZone\",\"isPartOf\":{\"@id\":\"https:\/\/stagezone.hu\/#website\"},\"primaryImageOfPage\":{\"@id\":\"https:\/\/stagezone.hu\/en\/product\/durastage-750-2x1m-triangle-right-stage-element\/#primaryimage\"},\"image\":{\"@id\":\"https:\/\/stagezone.hu\/en\/product\/durastage-750-2x1m-triangle-right-stage-element\/#primaryimage\"},\"thumbnailUrl\":\"https:\/\/stagezone.hu\/wp-content\/uploads\/2025\/07\/1712000009-DURASTAGE-750-2x1-TRIANGLE-RIGHT.jpg\",\"datePublished\":\"2025-07-23T15:00:41+00:00\",\"dateModified\":\"2026-05-04T18:52:36+00:00\",\"description\":\"A DURASTAGE 750 2x1m Triangle Right sz\u00ednpadelemek 750 kg\/m\u00b2 teherb\u00edr\u00e1ssal rendelkez\u0151, magas min\u0151s\u00e9g\u0171 sz\u00ednpadok. T\u00dcV \u00e1ltal tesztelt \u00e9s j\u00f3v\u00e1hagyott.\",\"breadcrumb\":{\"@id\":\"https:\/\/stagezone.hu\/en\/product\/durastage-750-2x1m-triangle-right-stage-element\/#breadcrumb\"},\"inLanguage\":\"en-US\",\"potentialAction\":[{\"@type\":\"ReadAction\",\"target\":[\"https:\/\/stagezone.hu\/en\/product\/durastage-750-2x1m-triangle-right-stage-element\/\"]}]},{\"@type\":\"ImageObject\",\"inLanguage\":\"en-US\",\"@id\":\"https:\/\/stagezone.hu\/en\/product\/durastage-750-2x1m-triangle-right-stage-element\/#primaryimage\",\"url\":\"https:\/\/stagezone.hu\/wp-content\/uploads\/2025\/07\/1712000009-DURASTAGE-750-2x1-TRIANGLE-RIGHT.jpg\",\"contentUrl\":\"https:\/\/stagezone.hu\/wp-content\/uploads\/2025\/07\/1712000009-DURASTAGE-750-2x1-TRIANGLE-RIGHT.jpg\",\"width\":1100,\"height\":1100,\"caption\":\"DURASTAGE 750 2x1m Triangle Right\"},{\"@type\":\"BreadcrumbList\",\"@id\":\"https:\/\/stagezone.hu\/en\/product\/durastage-750-2x1m-triangle-right-stage-element\/#breadcrumb\",\"itemListElement\":[{\"@type\":\"ListItem\",\"position\":1,\"name\":\"Kezd\u0151lap\",\"item\":\"https:\/\/stagezone.hu\/\"},{\"@type\":\"ListItem\",\"position\":2,\"name\":\"\u00dczlet\",\"item\":\"https:\/\/stagezone.hu\/uzlet\/\"},{\"@type\":\"ListItem\",\"position\":3,\"name\":\"DURASTAGE 750 2x1m Triangle Right Stage Element\"}]},{\"@type\":\"WebSite\",\"@id\":\"https:\/\/stagezone.hu\/en\/#website\",\"url\":\"https:\/\/stagezone.hu\/en\/\",\"name\":\"StageZone - Ragyogj a Stagezone min\u0151s\u00e9gi f\u00e9nytechnik\u00e1j\u00e1val.\",\"description\":\"StageZone\",\"publisher\":{\"@id\":\"https:\/\/stagezone.hu\/en\/#organization\"},\"potentialAction\":[{\"@type\":\"SearchAction\",\"target\":{\"@type\":\"EntryPoint\",\"urlTemplate\":\"https:\/\/stagezone.hu\/en\/?s={search_term_string}\"},\"query-input\":{\"@type\":\"PropertyValueSpecification\",\"valueRequired\":true,\"valueName\":\"search_term_string\"}}],\"inLanguage\":\"en-US\"},{\"@type\":\"Organization\",\"@id\":\"https:\/\/stagezone.hu\/en\/#organization\",\"name\":\"StageZone\",\"url\":\"https:\/\/stagezone.hu\/en\/\",\"logo\":{\"@type\":\"ImageObject\",\"inLanguage\":\"en-US\",\"@id\":\"https:\/\/stagezone.hu\/en\/#\/schema\/logo\/image\/\",\"url\":\"https:\/\/stagezone.hu\/wp-content\/uploads\/2026\/01\/Adam-Hall_1000x1000-1-1.png\",\"contentUrl\":\"https:\/\/stagezone.hu\/wp-content\/uploads\/2026\/01\/Adam-Hall_1000x1000-1-1.png\",\"width\":1000,\"height\":1000,\"caption\":\"StageZone\"},\"image\":{\"@id\":\"https:\/\/stagezone.hu\/en\/#\/schema\/logo\/image\/\"},\"sameAs\":[\"https:\/\/www.facebook.com\/stagezonehungary\/\",\"https:\/\/www.instagram.com\/stagezonehungary\/\"]}]}<\/script>\n<!-- \/ Yoast SEO Premium plugin. -->","yoast_head_json":{"title":"DURASTAGE 750 2x1m Triangle Right Stage Element","description":"DURASTAGE 750 2x1m Triangle Right stage element with a load capacity of 750 kg\/m\u00b2.","robots":{"index":"index","follow":"follow","max-snippet":"max-snippet:-1","max-image-preview":"max-image-preview:large","max-video-preview":"max-video-preview:-1"},"canonical":"DURASTAGE 750 2x1m Triangle Right stage element with a load capacity of 750 kg\/m\u00b2.","og_locale":"en_US","og_type":"article","og_title":"DURASTAGE 750 2x1m Triangle Right Stage Element","og_description":"DURASTAGE 750 2x1m Triangle Right stage element with a load capacity of 750 kg\/m\u00b2.","og_url":"https:\/\/stagezone.hu\/en\/product\/durastage-750-2x1m-triangle-right-stage-element\/","og_site_name":"StageZone","article_publisher":"https:\/\/www.facebook.com\/stagezonehungary\/","article_modified_time":"2026-05-04T18:52:36+00:00","og_image":[{"width":1100,"height":1100,"url":"https:\/\/stagezone.hu\/wp-content\/uploads\/2025\/07\/1712000009-DURASTAGE-750-2x1-TRIANGLE-RIGHT.jpg","type":"image\/jpeg"}],"twitter_card":"summary_large_image","twitter_misc":{"Est. reading time":"1 minute"},"schema":{"@context":"https:\/\/schema.org","@graph":[{"@type":"WebPage","@id":"https:\/\/stagezone.hu\/en\/product\/durastage-750-2x1m-triangle-right-stage-element\/","url":"https:\/\/stagezone.hu\/en\/product\/durastage-750-2x1m-triangle-right-stage-element\/","name":"DURASTAGE 750 2x1m Triangle Right - StageZone","isPartOf":{"@id":"https:\/\/stagezone.hu\/#website"},"primaryImageOfPage":{"@id":"https:\/\/stagezone.hu\/en\/product\/durastage-750-2x1m-triangle-right-stage-element\/#primaryimage"},"image":{"@id":"https:\/\/stagezone.hu\/en\/product\/durastage-750-2x1m-triangle-right-stage-element\/#primaryimage"},"thumbnailUrl":"https:\/\/stagezone.hu\/wp-content\/uploads\/2025\/07\/1712000009-DURASTAGE-750-2x1-TRIANGLE-RIGHT.jpg","datePublished":"2025-07-23T15:00:41+00:00","dateModified":"2026-05-04T18:52:36+00:00","description":"A DURASTAGE 750 2x1m Triangle Right sz\u00ednpadelemek 750 kg\/m\u00b2 teherb\u00edr\u00e1ssal rendelkez\u0151, magas min\u0151s\u00e9g\u0171 sz\u00ednpadok. T\u00dcV \u00e1ltal tesztelt \u00e9s j\u00f3v\u00e1hagyott.","breadcrumb":{"@id":"https:\/\/stagezone.hu\/en\/product\/durastage-750-2x1m-triangle-right-stage-element\/#breadcrumb"},"inLanguage":"en-US","potentialAction":[{"@type":"ReadAction","target":["https:\/\/stagezone.hu\/en\/product\/durastage-750-2x1m-triangle-right-stage-element\/"]}]},{"@type":"ImageObject","inLanguage":"en-US","@id":"https:\/\/stagezone.hu\/en\/product\/durastage-750-2x1m-triangle-right-stage-element\/#primaryimage","url":"https:\/\/stagezone.hu\/wp-content\/uploads\/2025\/07\/1712000009-DURASTAGE-750-2x1-TRIANGLE-RIGHT.jpg","contentUrl":"https:\/\/stagezone.hu\/wp-content\/uploads\/2025\/07\/1712000009-DURASTAGE-750-2x1-TRIANGLE-RIGHT.jpg","width":1100,"height":1100,"caption":"DURASTAGE 750 2x1m Triangle Right"},{"@type":"BreadcrumbList","@id":"https:\/\/stagezone.hu\/en\/product\/durastage-750-2x1m-triangle-right-stage-element\/#breadcrumb","itemListElement":[{"@type":"ListItem","position":1,"name":"Kezd\u0151lap","item":"https:\/\/stagezone.hu\/"},{"@type":"ListItem","position":2,"name":"\u00dczlet","item":"https:\/\/stagezone.hu\/uzlet\/"},{"@type":"ListItem","position":3,"name":"DURASTAGE 750 2x1m Triangle Right Stage Element"}]},{"@type":"WebSite","@id":"https:\/\/stagezone.hu\/en\/#website","url":"https:\/\/stagezone.hu\/en\/","name":"StageZone - Ragyogj a Stagezone min\u0151s\u00e9gi f\u00e9nytechnik\u00e1j\u00e1val.","description":"StageZone","publisher":{"@id":"https:\/\/stagezone.hu\/en\/#organization"},"potentialAction":[{"@type":"SearchAction","target":{"@type":"EntryPoint","urlTemplate":"https:\/\/stagezone.hu\/en\/?s={search_term_string}"},"query-input":{"@type":"PropertyValueSpecification","valueRequired":true,"valueName":"search_term_string"}}],"inLanguage":"en-US"},{"@type":"Organization","@id":"https:\/\/stagezone.hu\/en\/#organization","name":"StageZone","url":"https:\/\/stagezone.hu\/en\/","logo":{"@type":"ImageObject","inLanguage":"en-US","@id":"https:\/\/stagezone.hu\/en\/#\/schema\/logo\/image\/","url":"https:\/\/stagezone.hu\/wp-content\/uploads\/2026\/01\/Adam-Hall_1000x1000-1-1.png","contentUrl":"https:\/\/stagezone.hu\/wp-content\/uploads\/2026\/01\/Adam-Hall_1000x1000-1-1.png","width":1000,"height":1000,"caption":"StageZone"},"image":{"@id":"https:\/\/stagezone.hu\/en\/#\/schema\/logo\/image\/"},"sameAs":["https:\/\/www.facebook.com\/stagezonehungary\/","https:\/\/www.instagram.com\/stagezonehungary\/"]}]}},"_links":{"self":[{"href":"https:\/\/stagezone.hu\/en\/wp-json\/wp\/v2\/product\/7704","targetHints":{"allow":["GET"]}}],"collection":[{"href":"https:\/\/stagezone.hu\/en\/wp-json\/wp\/v2\/product"}],"about":[{"href":"https:\/\/stagezone.hu\/en\/wp-json\/wp\/v2\/types\/product"}],"replies":[{"embeddable":true,"href":"https:\/\/stagezone.hu\/en\/wp-json\/wp\/v2\/comments?post=7704"}],"version-history":[{"count":3,"href":"https:\/\/stagezone.hu\/en\/wp-json\/wp\/v2\/product\/7704\/revisions"}],"predecessor-version":[{"id":10269,"href":"https:\/\/stagezone.hu\/en\/wp-json\/wp\/v2\/product\/7704\/revisions\/10269"}],"wp:featuredmedia":[{"embeddable":true,"href":"https:\/\/stagezone.hu\/en\/wp-json\/wp\/v2\/media\/7705"}],"wp:attachment":[{"href":"https:\/\/stagezone.hu\/en\/wp-json\/wp\/v2\/media?parent=7704"}],"wp:term":[{"taxonomy":"product_brand","embeddable":true,"href":"https:\/\/stagezone.hu\/en\/wp-json\/wp\/v2\/product_brand?post=7704"},{"taxonomy":"product_cat","embeddable":true,"href":"https:\/\/stagezone.hu\/en\/wp-json\/wp\/v2\/product_cat?post=7704"},{"taxonomy":"product_tag","embeddable":true,"href":"https:\/\/stagezone.hu\/en\/wp-json\/wp\/v2\/product_tag?post=7704"}],"curies":[{"name":"wp","href":"https:\/\/api.w.org\/{rel}","templated":true}]}}