{"id":7701,"date":"2025-07-23T16:00:00","date_gmt":"2025-07-23T15:00:00","guid":{"rendered":"https:\/\/stagezone.hu\/?post_type=product&#038;p=7701"},"modified":"2026-05-04T19:53:04","modified_gmt":"2026-05-04T18:53:04","slug":"durastage-750-2x1m-triangle-left","status":"publish","type":"product","link":"https:\/\/stagezone.hu\/en\/product\/durastage-750-2x1m-triangle-left-stage-platform\/","title":{"rendered":"DURASTAGE 750 2x1m Triangle Left Stage Platform"},"content":{"rendered":"<p><strong>DURASTAGE 750 2x1m Triangle Left Stage Platform<\/strong><\/p>\n<p>T\u00dcV-tested according to DIN 15921 standard with a load capacity of 750 kg\/m\u00b2, Duratruss stages are strong enough to withstand the robust load of any performance. The stages are suitable for both touring and permanent installations. The universal aluminum profile with modular connectors allows for quick assembly. The black, hexagon-patterned, non-slip surface is permanently waterproof, making it suitable for outdoor use. This new platform is also compatible with stage elements from other leading manufacturers.<\/p>\n<p><strong>Advantages of the DURASTAGE 750 2x1m Triangle Left Stage Platforms:<\/strong><\/p>\n<ul>\n<li>High load capacity<\/li>\n<li>High-quality aluminum frame<\/li>\n<li>Simple and fast installation<\/li>\n<li>Compatible with stage panels from other manufacturers<\/li>\n<li>Space-saving transport thanks to detachable legs<\/li>\n<li>Suitable for permanent installations and event technology companies<\/li>\n<\/ul>\n<ul>\n<li>New connectors for round and square legs (up to 48.3\u201360 mm diameter)<\/li>\n<\/ul>\n","protected":false},"excerpt":{"rendered":"<p>The DURASTAGE 750 2x1m Triangle Left is a stage platform with a high load capacity of 750 kg\/m\u00b2, suitable for both touring and permanent installations.<\/p>\n","protected":false},"featured_media":7702,"comment_status":"open","ping_status":"closed","template":"","meta":[],"product_brand":[],"product_cat":[363,498,502],"product_tag":[484,191],"class_list":{"0":"post-7701","1":"product","2":"type-product","3":"status-publish","4":"has-post-thumbnail","6":"product_cat-hardver","7":"product_cat-szinpad","8":"product_cat-szinpadelem","9":"product_tag-duratruss","10":"product_tag-szinpad","12":"first","13":"contact_us","14":"taxable","15":"shipping-taxable","16":"purchasable","17":"product-type-simple"},"yoast_head":"<!-- This site is optimized with the Yoast SEO Premium plugin v27.2 (Yoast SEO v27.2) - https:\/\/yoast.com\/product\/yoast-seo-premium-wordpress\/ -->\n<title>DURASTAGE 750 2x1m Triangle Left Stage Platform<\/title>\n<meta name=\"description\" content=\"The DURASTAGE 750 2x1m Triangle Left is a stage platform with a high load capacity of 750 kg\/m\u00b2, suitable for both touring and permanent installations.\" \/>\n<meta name=\"robots\" content=\"index, follow, max-snippet:-1, max-image-preview:large, max-video-preview:-1\" \/>\n<link rel=\"canonical\" href=\"http:\/\/The%20DURASTAGE%20750%202x1m%20Triangle%20Left%20is%20a%20stage%20platform%20with%20a%20high%20load%20capacity%20of%20750%20kg\/m\u00b2,%20suitable%20for%20both%20touring%20and%20permanent%20installations.\" \/>\n<meta property=\"og:locale\" content=\"en_US\" \/>\n<meta property=\"og:type\" content=\"article\" \/>\n<meta property=\"og:title\" content=\"DURASTAGE 750 2x1m Triangle Left Stage Platform\" \/>\n<meta property=\"og:description\" content=\"The DURASTAGE 750 2x1m Triangle Left is a stage platform with a high load capacity of 750 kg\/m\u00b2, suitable for both touring and permanent installations.\" \/>\n<meta property=\"og:url\" content=\"https:\/\/stagezone.hu\/en\/product\/durastage-750-2x1m-triangle-left-stage-platform\/\" \/>\n<meta property=\"og:site_name\" content=\"StageZone\" \/>\n<meta property=\"article:publisher\" content=\"https:\/\/www.facebook.com\/stagezonehungary\/\" \/>\n<meta property=\"article:modified_time\" content=\"2026-05-04T18:53:04+00:00\" \/>\n<meta property=\"og:image\" content=\"https:\/\/stagezone.hu\/wp-content\/uploads\/2025\/07\/1712000010-DURASTAGE-750-2x1-TRIANGLE-LEFT.jpg\" \/>\n\t<meta property=\"og:image:width\" content=\"1100\" \/>\n\t<meta property=\"og:image:height\" content=\"1100\" \/>\n\t<meta property=\"og:image:type\" content=\"image\/jpeg\" \/>\n<meta name=\"twitter:card\" content=\"summary_large_image\" \/>\n<meta name=\"twitter:label1\" content=\"Est. reading time\" \/>\n\t<meta name=\"twitter:data1\" content=\"1 minute\" \/>\n<script type=\"application\/ld+json\" class=\"yoast-schema-graph\">{\"@context\":\"https:\/\/schema.org\",\"@graph\":[{\"@type\":\"WebPage\",\"@id\":\"https:\/\/stagezone.hu\/en\/product\/durastage-750-2x1m-triangle-left-stage-platform\/\",\"url\":\"https:\/\/stagezone.hu\/en\/product\/durastage-750-2x1m-triangle-left-stage-platform\/\",\"name\":\"DURASTAGE 750 2x1m Triangle Left - StageZone\",\"isPartOf\":{\"@id\":\"https:\/\/stagezone.hu\/#website\"},\"primaryImageOfPage\":{\"@id\":\"https:\/\/stagezone.hu\/en\/product\/durastage-750-2x1m-triangle-left-stage-platform\/#primaryimage\"},\"image\":{\"@id\":\"https:\/\/stagezone.hu\/en\/product\/durastage-750-2x1m-triangle-left-stage-platform\/#primaryimage\"},\"thumbnailUrl\":\"https:\/\/stagezone.hu\/wp-content\/uploads\/2025\/07\/1712000010-DURASTAGE-750-2x1-TRIANGLE-LEFT.jpg\",\"datePublished\":\"2025-07-23T15:00:00+00:00\",\"dateModified\":\"2026-05-04T18:53:04+00:00\",\"description\":\"A DURASTAGE 750 2x1m Triangle Left sz\u00ednpadelemek 750 kg\/m\u00b2 teherb\u00edr\u00e1ssal rendelkez\u0151, magas min\u0151s\u00e9g\u0171 sz\u00ednpadok. T\u00dcV \u00e1ltal tesztelt \u00e9s j\u00f3v\u00e1hagyott.\",\"breadcrumb\":{\"@id\":\"https:\/\/stagezone.hu\/en\/product\/durastage-750-2x1m-triangle-left-stage-platform\/#breadcrumb\"},\"inLanguage\":\"en-US\",\"potentialAction\":[{\"@type\":\"ReadAction\",\"target\":[\"https:\/\/stagezone.hu\/en\/product\/durastage-750-2x1m-triangle-left-stage-platform\/\"]}]},{\"@type\":\"ImageObject\",\"inLanguage\":\"en-US\",\"@id\":\"https:\/\/stagezone.hu\/en\/product\/durastage-750-2x1m-triangle-left-stage-platform\/#primaryimage\",\"url\":\"https:\/\/stagezone.hu\/wp-content\/uploads\/2025\/07\/1712000010-DURASTAGE-750-2x1-TRIANGLE-LEFT.jpg\",\"contentUrl\":\"https:\/\/stagezone.hu\/wp-content\/uploads\/2025\/07\/1712000010-DURASTAGE-750-2x1-TRIANGLE-LEFT.jpg\",\"width\":1100,\"height\":1100,\"caption\":\"DURASTAGE 750 2x1m Triangle Left\"},{\"@type\":\"BreadcrumbList\",\"@id\":\"https:\/\/stagezone.hu\/en\/product\/durastage-750-2x1m-triangle-left-stage-platform\/#breadcrumb\",\"itemListElement\":[{\"@type\":\"ListItem\",\"position\":1,\"name\":\"Kezd\u0151lap\",\"item\":\"https:\/\/stagezone.hu\/\"},{\"@type\":\"ListItem\",\"position\":2,\"name\":\"\u00dczlet\",\"item\":\"https:\/\/stagezone.hu\/uzlet\/\"},{\"@type\":\"ListItem\",\"position\":3,\"name\":\"DURASTAGE 750 2x1m Triangle Left Stage Platform\"}]},{\"@type\":\"WebSite\",\"@id\":\"https:\/\/stagezone.hu\/en\/#website\",\"url\":\"https:\/\/stagezone.hu\/en\/\",\"name\":\"StageZone - Ragyogj a Stagezone min\u0151s\u00e9gi f\u00e9nytechnik\u00e1j\u00e1val.\",\"description\":\"StageZone\",\"publisher\":{\"@id\":\"https:\/\/stagezone.hu\/en\/#organization\"},\"potentialAction\":[{\"@type\":\"SearchAction\",\"target\":{\"@type\":\"EntryPoint\",\"urlTemplate\":\"https:\/\/stagezone.hu\/en\/?s={search_term_string}\"},\"query-input\":{\"@type\":\"PropertyValueSpecification\",\"valueRequired\":true,\"valueName\":\"search_term_string\"}}],\"inLanguage\":\"en-US\"},{\"@type\":\"Organization\",\"@id\":\"https:\/\/stagezone.hu\/en\/#organization\",\"name\":\"StageZone\",\"url\":\"https:\/\/stagezone.hu\/en\/\",\"logo\":{\"@type\":\"ImageObject\",\"inLanguage\":\"en-US\",\"@id\":\"https:\/\/stagezone.hu\/en\/#\/schema\/logo\/image\/\",\"url\":\"https:\/\/stagezone.hu\/wp-content\/uploads\/2026\/01\/Adam-Hall_1000x1000-1-1.png\",\"contentUrl\":\"https:\/\/stagezone.hu\/wp-content\/uploads\/2026\/01\/Adam-Hall_1000x1000-1-1.png\",\"width\":1000,\"height\":1000,\"caption\":\"StageZone\"},\"image\":{\"@id\":\"https:\/\/stagezone.hu\/en\/#\/schema\/logo\/image\/\"},\"sameAs\":[\"https:\/\/www.facebook.com\/stagezonehungary\/\",\"https:\/\/www.instagram.com\/stagezonehungary\/\"]}]}<\/script>\n<!-- \/ Yoast SEO Premium plugin. -->","yoast_head_json":{"title":"DURASTAGE 750 2x1m Triangle Left Stage Platform","description":"The DURASTAGE 750 2x1m Triangle Left is a stage platform with a high load capacity of 750 kg\/m\u00b2, suitable for both touring and permanent installations.","robots":{"index":"index","follow":"follow","max-snippet":"max-snippet:-1","max-image-preview":"max-image-preview:large","max-video-preview":"max-video-preview:-1"},"canonical":"The DURASTAGE 750 2x1m Triangle Left is a stage platform with a high load capacity of 750 kg\/m\u00b2, suitable for both touring and permanent installations.","og_locale":"en_US","og_type":"article","og_title":"DURASTAGE 750 2x1m Triangle Left Stage Platform","og_description":"The DURASTAGE 750 2x1m Triangle Left is a stage platform with a high load capacity of 750 kg\/m\u00b2, suitable for both touring and permanent installations.","og_url":"https:\/\/stagezone.hu\/en\/product\/durastage-750-2x1m-triangle-left-stage-platform\/","og_site_name":"StageZone","article_publisher":"https:\/\/www.facebook.com\/stagezonehungary\/","article_modified_time":"2026-05-04T18:53:04+00:00","og_image":[{"width":1100,"height":1100,"url":"https:\/\/stagezone.hu\/wp-content\/uploads\/2025\/07\/1712000010-DURASTAGE-750-2x1-TRIANGLE-LEFT.jpg","type":"image\/jpeg"}],"twitter_card":"summary_large_image","twitter_misc":{"Est. reading time":"1 minute"},"schema":{"@context":"https:\/\/schema.org","@graph":[{"@type":"WebPage","@id":"https:\/\/stagezone.hu\/en\/product\/durastage-750-2x1m-triangle-left-stage-platform\/","url":"https:\/\/stagezone.hu\/en\/product\/durastage-750-2x1m-triangle-left-stage-platform\/","name":"DURASTAGE 750 2x1m Triangle Left - StageZone","isPartOf":{"@id":"https:\/\/stagezone.hu\/#website"},"primaryImageOfPage":{"@id":"https:\/\/stagezone.hu\/en\/product\/durastage-750-2x1m-triangle-left-stage-platform\/#primaryimage"},"image":{"@id":"https:\/\/stagezone.hu\/en\/product\/durastage-750-2x1m-triangle-left-stage-platform\/#primaryimage"},"thumbnailUrl":"https:\/\/stagezone.hu\/wp-content\/uploads\/2025\/07\/1712000010-DURASTAGE-750-2x1-TRIANGLE-LEFT.jpg","datePublished":"2025-07-23T15:00:00+00:00","dateModified":"2026-05-04T18:53:04+00:00","description":"A DURASTAGE 750 2x1m Triangle Left sz\u00ednpadelemek 750 kg\/m\u00b2 teherb\u00edr\u00e1ssal rendelkez\u0151, magas min\u0151s\u00e9g\u0171 sz\u00ednpadok. T\u00dcV \u00e1ltal tesztelt \u00e9s j\u00f3v\u00e1hagyott.","breadcrumb":{"@id":"https:\/\/stagezone.hu\/en\/product\/durastage-750-2x1m-triangle-left-stage-platform\/#breadcrumb"},"inLanguage":"en-US","potentialAction":[{"@type":"ReadAction","target":["https:\/\/stagezone.hu\/en\/product\/durastage-750-2x1m-triangle-left-stage-platform\/"]}]},{"@type":"ImageObject","inLanguage":"en-US","@id":"https:\/\/stagezone.hu\/en\/product\/durastage-750-2x1m-triangle-left-stage-platform\/#primaryimage","url":"https:\/\/stagezone.hu\/wp-content\/uploads\/2025\/07\/1712000010-DURASTAGE-750-2x1-TRIANGLE-LEFT.jpg","contentUrl":"https:\/\/stagezone.hu\/wp-content\/uploads\/2025\/07\/1712000010-DURASTAGE-750-2x1-TRIANGLE-LEFT.jpg","width":1100,"height":1100,"caption":"DURASTAGE 750 2x1m Triangle Left"},{"@type":"BreadcrumbList","@id":"https:\/\/stagezone.hu\/en\/product\/durastage-750-2x1m-triangle-left-stage-platform\/#breadcrumb","itemListElement":[{"@type":"ListItem","position":1,"name":"Kezd\u0151lap","item":"https:\/\/stagezone.hu\/"},{"@type":"ListItem","position":2,"name":"\u00dczlet","item":"https:\/\/stagezone.hu\/uzlet\/"},{"@type":"ListItem","position":3,"name":"DURASTAGE 750 2x1m Triangle Left Stage Platform"}]},{"@type":"WebSite","@id":"https:\/\/stagezone.hu\/en\/#website","url":"https:\/\/stagezone.hu\/en\/","name":"StageZone - Ragyogj a Stagezone min\u0151s\u00e9gi f\u00e9nytechnik\u00e1j\u00e1val.","description":"StageZone","publisher":{"@id":"https:\/\/stagezone.hu\/en\/#organization"},"potentialAction":[{"@type":"SearchAction","target":{"@type":"EntryPoint","urlTemplate":"https:\/\/stagezone.hu\/en\/?s={search_term_string}"},"query-input":{"@type":"PropertyValueSpecification","valueRequired":true,"valueName":"search_term_string"}}],"inLanguage":"en-US"},{"@type":"Organization","@id":"https:\/\/stagezone.hu\/en\/#organization","name":"StageZone","url":"https:\/\/stagezone.hu\/en\/","logo":{"@type":"ImageObject","inLanguage":"en-US","@id":"https:\/\/stagezone.hu\/en\/#\/schema\/logo\/image\/","url":"https:\/\/stagezone.hu\/wp-content\/uploads\/2026\/01\/Adam-Hall_1000x1000-1-1.png","contentUrl":"https:\/\/stagezone.hu\/wp-content\/uploads\/2026\/01\/Adam-Hall_1000x1000-1-1.png","width":1000,"height":1000,"caption":"StageZone"},"image":{"@id":"https:\/\/stagezone.hu\/en\/#\/schema\/logo\/image\/"},"sameAs":["https:\/\/www.facebook.com\/stagezonehungary\/","https:\/\/www.instagram.com\/stagezonehungary\/"]}]}},"_links":{"self":[{"href":"https:\/\/stagezone.hu\/en\/wp-json\/wp\/v2\/product\/7701","targetHints":{"allow":["GET"]}}],"collection":[{"href":"https:\/\/stagezone.hu\/en\/wp-json\/wp\/v2\/product"}],"about":[{"href":"https:\/\/stagezone.hu\/en\/wp-json\/wp\/v2\/types\/product"}],"replies":[{"embeddable":true,"href":"https:\/\/stagezone.hu\/en\/wp-json\/wp\/v2\/comments?post=7701"}],"version-history":[{"count":2,"href":"https:\/\/stagezone.hu\/en\/wp-json\/wp\/v2\/product\/7701\/revisions"}],"predecessor-version":[{"id":10291,"href":"https:\/\/stagezone.hu\/en\/wp-json\/wp\/v2\/product\/7701\/revisions\/10291"}],"wp:featuredmedia":[{"embeddable":true,"href":"https:\/\/stagezone.hu\/en\/wp-json\/wp\/v2\/media\/7702"}],"wp:attachment":[{"href":"https:\/\/stagezone.hu\/en\/wp-json\/wp\/v2\/media?parent=7701"}],"wp:term":[{"taxonomy":"product_brand","embeddable":true,"href":"https:\/\/stagezone.hu\/en\/wp-json\/wp\/v2\/product_brand?post=7701"},{"taxonomy":"product_cat","embeddable":true,"href":"https:\/\/stagezone.hu\/en\/wp-json\/wp\/v2\/product_cat?post=7701"},{"taxonomy":"product_tag","embeddable":true,"href":"https:\/\/stagezone.hu\/en\/wp-json\/wp\/v2\/product_tag?post=7701"}],"curies":[{"name":"wp","href":"https:\/\/api.w.org\/{rel}","templated":true}]}}