{"id":7689,"date":"2025-07-23T16:00:04","date_gmt":"2025-07-23T15:00:04","guid":{"rendered":"https:\/\/stagezone.hu\/?post_type=product&#038;p=7689"},"modified":"2026-05-04T19:52:59","modified_gmt":"2026-05-04T18:52:59","slug":"durastage-750-1x1m","status":"publish","type":"product","link":"https:\/\/stagezone.hu\/en\/product\/durastage-750-1x1m-stage-element\/","title":{"rendered":"DURASTAGE 750 1x1m Stage Element"},"content":{"rendered":"<p><strong>DURASTAGE 750 1x1m Stage Element<\/strong><\/p>\n<p>T\u00dcV tested according to DIN 15921 standard, with a load capacity of 750 kg\/m\u00b2, Duratruss stages are strong enough to support the robust load of any performance. The stages are suitable for both tours and permanent installations. The universal aluminum profile with modular fixings allows for quick assembly. The black, hexagonal pattern, non-slip surface is permanently waterproof, making it suitable for outdoor use. This new platform is also compatible with stage elements from other leading manufacturers.<\/p>\n<p><strong>Advantages of DURASTAGE 750 1x1m Stage Elements:<\/strong><\/p>\n<ul>\n<li>High load capacity<\/li>\n<li>High-quality aluminum frame<\/li>\n<li>Simple and fast installation<\/li>\n<li>Compatible with stage panels from other manufacturers<\/li>\n<li>Space-saving transport thanks to removable legs<\/li>\n<li>Suitable for permanent installation and event technology companies<\/li>\n<li>New connectors for round and square legs (up to 48.3\u201360 mm diameter)<\/li>\n<\/ul>\n","protected":false},"excerpt":{"rendered":"<p>DURASTAGE 750 1x1m is a stage element with a load capacity of 750 kg\/m\u00b2, suitable for various performances.<\/p>\n","protected":false},"featured_media":7690,"comment_status":"open","ping_status":"closed","template":"","meta":[],"product_brand":[],"product_cat":[363,498,502],"product_tag":[484,191],"class_list":{"0":"post-7689","1":"product","2":"type-product","3":"status-publish","4":"has-post-thumbnail","6":"product_cat-hardver","7":"product_cat-szinpad","8":"product_cat-szinpadelem","9":"product_tag-duratruss","10":"product_tag-szinpad","12":"first","13":"contact_us","14":"taxable","15":"shipping-taxable","16":"purchasable","17":"product-type-simple"},"yoast_head":"<!-- This site is optimized with the Yoast SEO Premium plugin v27.2 (Yoast SEO v27.2) - https:\/\/yoast.com\/product\/yoast-seo-premium-wordpress\/ -->\n<title>DURASTAGE 750 1x1m Stage Element<\/title>\n<meta name=\"description\" content=\"DURASTAGE 750 1x1m is a stage element with a load capacity of 750 kg\/m\u00b2, suitable for various performances.\" \/>\n<meta name=\"robots\" content=\"index, follow, max-snippet:-1, max-image-preview:large, max-video-preview:-1\" \/>\n<link rel=\"canonical\" href=\"http:\/\/DURASTAGE%20750%201x1m%20is%20a%20stage%20element%20with%20a%20load%20capacity%20of%20750%20kg\/m\u00b2,%20suitable%20for%20various%20performances.\" \/>\n<meta property=\"og:locale\" content=\"en_US\" \/>\n<meta property=\"og:type\" content=\"article\" \/>\n<meta property=\"og:title\" content=\"DURASTAGE 750 1x1m Stage Element\" \/>\n<meta property=\"og:description\" content=\"DURASTAGE 750 1x1m is a stage element with a load capacity of 750 kg\/m\u00b2, suitable for various performances.\" \/>\n<meta property=\"og:url\" content=\"https:\/\/stagezone.hu\/en\/product\/durastage-750-1x1m-stage-element\/\" \/>\n<meta property=\"og:site_name\" content=\"StageZone\" \/>\n<meta property=\"article:publisher\" content=\"https:\/\/www.facebook.com\/stagezonehungary\/\" \/>\n<meta property=\"article:modified_time\" content=\"2026-05-04T18:52:59+00:00\" \/>\n<meta property=\"og:image\" content=\"https:\/\/stagezone.hu\/wp-content\/uploads\/2025\/07\/1712000002-DURASTAGE-750-1x1-1.jpg\" \/>\n\t<meta property=\"og:image:width\" content=\"1100\" \/>\n\t<meta property=\"og:image:height\" content=\"1100\" \/>\n\t<meta property=\"og:image:type\" content=\"image\/jpeg\" \/>\n<meta name=\"twitter:card\" content=\"summary_large_image\" \/>\n<meta name=\"twitter:label1\" content=\"Est. reading time\" \/>\n\t<meta name=\"twitter:data1\" content=\"1 minute\" \/>\n<script type=\"application\/ld+json\" class=\"yoast-schema-graph\">{\"@context\":\"https:\/\/schema.org\",\"@graph\":[{\"@type\":\"WebPage\",\"@id\":\"https:\/\/stagezone.hu\/en\/product\/durastage-750-1x1m-stage-element\/\",\"url\":\"https:\/\/stagezone.hu\/en\/product\/durastage-750-1x1m-stage-element\/\",\"name\":\"DURASTAGE 750 1x1m - StageZone\",\"isPartOf\":{\"@id\":\"https:\/\/stagezone.hu\/#website\"},\"primaryImageOfPage\":{\"@id\":\"https:\/\/stagezone.hu\/en\/product\/durastage-750-1x1m-stage-element\/#primaryimage\"},\"image\":{\"@id\":\"https:\/\/stagezone.hu\/en\/product\/durastage-750-1x1m-stage-element\/#primaryimage\"},\"thumbnailUrl\":\"https:\/\/stagezone.hu\/wp-content\/uploads\/2025\/07\/1712000002-DURASTAGE-750-1x1-1.jpg\",\"datePublished\":\"2025-07-23T15:00:04+00:00\",\"dateModified\":\"2026-05-04T18:52:59+00:00\",\"description\":\"A DURASTAGE 750 1x1m sz\u00ednpadelemek 750 kg\/m\u00b2 teherb\u00edr\u00e1ssal rendelkez\u0151, magas min\u0151s\u00e9g\u0171 sz\u00ednpadok. T\u00dcV \u00e1ltal tesztelt \u00e9s j\u00f3v\u00e1hagyott.\",\"breadcrumb\":{\"@id\":\"https:\/\/stagezone.hu\/en\/product\/durastage-750-1x1m-stage-element\/#breadcrumb\"},\"inLanguage\":\"en-US\",\"potentialAction\":[{\"@type\":\"ReadAction\",\"target\":[\"https:\/\/stagezone.hu\/en\/product\/durastage-750-1x1m-stage-element\/\"]}]},{\"@type\":\"ImageObject\",\"inLanguage\":\"en-US\",\"@id\":\"https:\/\/stagezone.hu\/en\/product\/durastage-750-1x1m-stage-element\/#primaryimage\",\"url\":\"https:\/\/stagezone.hu\/wp-content\/uploads\/2025\/07\/1712000002-DURASTAGE-750-1x1-1.jpg\",\"contentUrl\":\"https:\/\/stagezone.hu\/wp-content\/uploads\/2025\/07\/1712000002-DURASTAGE-750-1x1-1.jpg\",\"width\":1100,\"height\":1100,\"caption\":\"DURASTAGE 750 1x1m\"},{\"@type\":\"BreadcrumbList\",\"@id\":\"https:\/\/stagezone.hu\/en\/product\/durastage-750-1x1m-stage-element\/#breadcrumb\",\"itemListElement\":[{\"@type\":\"ListItem\",\"position\":1,\"name\":\"Kezd\u0151lap\",\"item\":\"https:\/\/stagezone.hu\/\"},{\"@type\":\"ListItem\",\"position\":2,\"name\":\"\u00dczlet\",\"item\":\"https:\/\/stagezone.hu\/uzlet\/\"},{\"@type\":\"ListItem\",\"position\":3,\"name\":\"DURASTAGE 750 1x1m Stage Element\"}]},{\"@type\":\"WebSite\",\"@id\":\"https:\/\/stagezone.hu\/en\/#website\",\"url\":\"https:\/\/stagezone.hu\/en\/\",\"name\":\"StageZone - Ragyogj a Stagezone min\u0151s\u00e9gi f\u00e9nytechnik\u00e1j\u00e1val.\",\"description\":\"StageZone\",\"publisher\":{\"@id\":\"https:\/\/stagezone.hu\/en\/#organization\"},\"potentialAction\":[{\"@type\":\"SearchAction\",\"target\":{\"@type\":\"EntryPoint\",\"urlTemplate\":\"https:\/\/stagezone.hu\/en\/?s={search_term_string}\"},\"query-input\":{\"@type\":\"PropertyValueSpecification\",\"valueRequired\":true,\"valueName\":\"search_term_string\"}}],\"inLanguage\":\"en-US\"},{\"@type\":\"Organization\",\"@id\":\"https:\/\/stagezone.hu\/en\/#organization\",\"name\":\"StageZone\",\"url\":\"https:\/\/stagezone.hu\/en\/\",\"logo\":{\"@type\":\"ImageObject\",\"inLanguage\":\"en-US\",\"@id\":\"https:\/\/stagezone.hu\/en\/#\/schema\/logo\/image\/\",\"url\":\"https:\/\/stagezone.hu\/wp-content\/uploads\/2026\/01\/Adam-Hall_1000x1000-1-1.png\",\"contentUrl\":\"https:\/\/stagezone.hu\/wp-content\/uploads\/2026\/01\/Adam-Hall_1000x1000-1-1.png\",\"width\":1000,\"height\":1000,\"caption\":\"StageZone\"},\"image\":{\"@id\":\"https:\/\/stagezone.hu\/en\/#\/schema\/logo\/image\/\"},\"sameAs\":[\"https:\/\/www.facebook.com\/stagezonehungary\/\",\"https:\/\/www.instagram.com\/stagezonehungary\/\"]}]}<\/script>\n<!-- \/ Yoast SEO Premium plugin. -->","yoast_head_json":{"title":"DURASTAGE 750 1x1m Stage Element","description":"DURASTAGE 750 1x1m is a stage element with a load capacity of 750 kg\/m\u00b2, suitable for various performances.","robots":{"index":"index","follow":"follow","max-snippet":"max-snippet:-1","max-image-preview":"max-image-preview:large","max-video-preview":"max-video-preview:-1"},"canonical":"DURASTAGE 750 1x1m is a stage element with a load capacity of 750 kg\/m\u00b2, suitable for various performances.","og_locale":"en_US","og_type":"article","og_title":"DURASTAGE 750 1x1m Stage Element","og_description":"DURASTAGE 750 1x1m is a stage element with a load capacity of 750 kg\/m\u00b2, suitable for various performances.","og_url":"https:\/\/stagezone.hu\/en\/product\/durastage-750-1x1m-stage-element\/","og_site_name":"StageZone","article_publisher":"https:\/\/www.facebook.com\/stagezonehungary\/","article_modified_time":"2026-05-04T18:52:59+00:00","og_image":[{"width":1100,"height":1100,"url":"https:\/\/stagezone.hu\/wp-content\/uploads\/2025\/07\/1712000002-DURASTAGE-750-1x1-1.jpg","type":"image\/jpeg"}],"twitter_card":"summary_large_image","twitter_misc":{"Est. reading time":"1 minute"},"schema":{"@context":"https:\/\/schema.org","@graph":[{"@type":"WebPage","@id":"https:\/\/stagezone.hu\/en\/product\/durastage-750-1x1m-stage-element\/","url":"https:\/\/stagezone.hu\/en\/product\/durastage-750-1x1m-stage-element\/","name":"DURASTAGE 750 1x1m - StageZone","isPartOf":{"@id":"https:\/\/stagezone.hu\/#website"},"primaryImageOfPage":{"@id":"https:\/\/stagezone.hu\/en\/product\/durastage-750-1x1m-stage-element\/#primaryimage"},"image":{"@id":"https:\/\/stagezone.hu\/en\/product\/durastage-750-1x1m-stage-element\/#primaryimage"},"thumbnailUrl":"https:\/\/stagezone.hu\/wp-content\/uploads\/2025\/07\/1712000002-DURASTAGE-750-1x1-1.jpg","datePublished":"2025-07-23T15:00:04+00:00","dateModified":"2026-05-04T18:52:59+00:00","description":"A DURASTAGE 750 1x1m sz\u00ednpadelemek 750 kg\/m\u00b2 teherb\u00edr\u00e1ssal rendelkez\u0151, magas min\u0151s\u00e9g\u0171 sz\u00ednpadok. T\u00dcV \u00e1ltal tesztelt \u00e9s j\u00f3v\u00e1hagyott.","breadcrumb":{"@id":"https:\/\/stagezone.hu\/en\/product\/durastage-750-1x1m-stage-element\/#breadcrumb"},"inLanguage":"en-US","potentialAction":[{"@type":"ReadAction","target":["https:\/\/stagezone.hu\/en\/product\/durastage-750-1x1m-stage-element\/"]}]},{"@type":"ImageObject","inLanguage":"en-US","@id":"https:\/\/stagezone.hu\/en\/product\/durastage-750-1x1m-stage-element\/#primaryimage","url":"https:\/\/stagezone.hu\/wp-content\/uploads\/2025\/07\/1712000002-DURASTAGE-750-1x1-1.jpg","contentUrl":"https:\/\/stagezone.hu\/wp-content\/uploads\/2025\/07\/1712000002-DURASTAGE-750-1x1-1.jpg","width":1100,"height":1100,"caption":"DURASTAGE 750 1x1m"},{"@type":"BreadcrumbList","@id":"https:\/\/stagezone.hu\/en\/product\/durastage-750-1x1m-stage-element\/#breadcrumb","itemListElement":[{"@type":"ListItem","position":1,"name":"Kezd\u0151lap","item":"https:\/\/stagezone.hu\/"},{"@type":"ListItem","position":2,"name":"\u00dczlet","item":"https:\/\/stagezone.hu\/uzlet\/"},{"@type":"ListItem","position":3,"name":"DURASTAGE 750 1x1m Stage Element"}]},{"@type":"WebSite","@id":"https:\/\/stagezone.hu\/en\/#website","url":"https:\/\/stagezone.hu\/en\/","name":"StageZone - Ragyogj a Stagezone min\u0151s\u00e9gi f\u00e9nytechnik\u00e1j\u00e1val.","description":"StageZone","publisher":{"@id":"https:\/\/stagezone.hu\/en\/#organization"},"potentialAction":[{"@type":"SearchAction","target":{"@type":"EntryPoint","urlTemplate":"https:\/\/stagezone.hu\/en\/?s={search_term_string}"},"query-input":{"@type":"PropertyValueSpecification","valueRequired":true,"valueName":"search_term_string"}}],"inLanguage":"en-US"},{"@type":"Organization","@id":"https:\/\/stagezone.hu\/en\/#organization","name":"StageZone","url":"https:\/\/stagezone.hu\/en\/","logo":{"@type":"ImageObject","inLanguage":"en-US","@id":"https:\/\/stagezone.hu\/en\/#\/schema\/logo\/image\/","url":"https:\/\/stagezone.hu\/wp-content\/uploads\/2026\/01\/Adam-Hall_1000x1000-1-1.png","contentUrl":"https:\/\/stagezone.hu\/wp-content\/uploads\/2026\/01\/Adam-Hall_1000x1000-1-1.png","width":1000,"height":1000,"caption":"StageZone"},"image":{"@id":"https:\/\/stagezone.hu\/en\/#\/schema\/logo\/image\/"},"sameAs":["https:\/\/www.facebook.com\/stagezonehungary\/","https:\/\/www.instagram.com\/stagezonehungary\/"]}]}},"_links":{"self":[{"href":"https:\/\/stagezone.hu\/en\/wp-json\/wp\/v2\/product\/7689","targetHints":{"allow":["GET"]}}],"collection":[{"href":"https:\/\/stagezone.hu\/en\/wp-json\/wp\/v2\/product"}],"about":[{"href":"https:\/\/stagezone.hu\/en\/wp-json\/wp\/v2\/types\/product"}],"replies":[{"embeddable":true,"href":"https:\/\/stagezone.hu\/en\/wp-json\/wp\/v2\/comments?post=7689"}],"version-history":[{"count":2,"href":"https:\/\/stagezone.hu\/en\/wp-json\/wp\/v2\/product\/7689\/revisions"}],"predecessor-version":[{"id":10288,"href":"https:\/\/stagezone.hu\/en\/wp-json\/wp\/v2\/product\/7689\/revisions\/10288"}],"wp:featuredmedia":[{"embeddable":true,"href":"https:\/\/stagezone.hu\/en\/wp-json\/wp\/v2\/media\/7690"}],"wp:attachment":[{"href":"https:\/\/stagezone.hu\/en\/wp-json\/wp\/v2\/media?parent=7689"}],"wp:term":[{"taxonomy":"product_brand","embeddable":true,"href":"https:\/\/stagezone.hu\/en\/wp-json\/wp\/v2\/product_brand?post=7689"},{"taxonomy":"product_cat","embeddable":true,"href":"https:\/\/stagezone.hu\/en\/wp-json\/wp\/v2\/product_cat?post=7689"},{"taxonomy":"product_tag","embeddable":true,"href":"https:\/\/stagezone.hu\/en\/wp-json\/wp\/v2\/product_tag?post=7689"}],"curies":[{"name":"wp","href":"https:\/\/api.w.org\/{rel}","templated":true}]}}