{"id":7662,"date":"2025-07-17T10:39:16","date_gmt":"2025-07-17T09:39:16","guid":{"rendered":"https:\/\/stagezone.hu\/?post_type=product&#038;p=7662"},"modified":"2026-05-04T19:53:05","modified_gmt":"2026-05-04T18:53:05","slug":"co2-folyadek","status":"publish","type":"product","link":"https:\/\/stagezone.hu\/en\/product\/adj-co2-fluid-for-smoke-machines-5l\/","title":{"rendered":"ADJ CO2 Fluid for Smoke Machines - 5L"},"content":{"rendered":"<p><strong>ADJ CO2 Fluid for Smoke Machines<\/strong><\/p>\n<p>This specially developed fluid creates a CO2 effect. It dissipates within seconds at approximately 20\u00b0C. The CO2 fluid is ideal for stage effects and spectacular show elements. It can be used with any water-based <a href=\"https:\/\/stagezone.hu\/termekkategoria\/effektgepek\/fustgep\/\">smoke machine<\/a>, but it is recommended for vertical machines. ADJ suggests using their powerful smoke machines to achieve the &#8220;boost&#8221; effect.<\/p>\n<p><strong>Packaging:<\/strong> 5 L<\/p>\n<p>ADJ is a globally recognized manufacturer specializing in entertainment lighting technology, LED video technology, and various stage effects. With over 35 years of industry experience, ADJ holds a leading position in the global market with its reliable and innovative products. Their <a href=\"https:\/\/www.adj.eu\/\">product range<\/a> covers a wide spectrum: moving head lights, static lighting effects, DMX control hardware and software, smoke machines, and other effect machines.<\/p>\n<blockquote class=\"tiktok-embed\" cite=\"https:\/\/www.tiktok.com\/@stagezone.hu\/video\/7566315856482028822\" data-video-id=\"7566315856482028822\" data-embed-from=\"oembed\" style=\"max-width:605px; min-width:325px;\">\n<section> <a target=\"_blank\" title=\"@stagezone.hu\" href=\"https:\/\/www.tiktok.com\/@stagezone.hu?refer=embed\">@stagezone.hu<\/a> <\/p>\n<p>Nem tudod milyen f\u00fcstfolyad\u00e9kot \u00f6nts a f\u00fcstg\u00e9pedbe? Mutatjuk!\ud83d\udca8 <a title=\"smoke\" target=\"_blank\" href=\"https:\/\/www.tiktok.com\/tag\/smoke?refer=embed\">#smoke<\/a> <a title=\"adj\" target=\"_blank\" href=\"https:\/\/www.tiktok.com\/tag\/adj?refer=embed\">#adj<\/a> <a title=\"light\" target=\"_blank\" href=\"https:\/\/www.tiktok.com\/tag\/light?refer=embed\">#light<\/a> <a title=\"effect\" target=\"_blank\" href=\"https:\/\/www.tiktok.com\/tag\/effect?refer=embed\">#effect<\/a> <a title=\"stagelighting\" target=\"_blank\" href=\"https:\/\/www.tiktok.com\/tag\/stagelighting?refer=embed\">#stagelighting<\/a> <\/p>\n<p> <a target=\"_blank\" title=\"\u266c Yeah! (feat. Lil Jon &#038; Ludacris) - Usher\" href=\"https:\/\/www.tiktok.com\/music\/Yeah-feat-Lil-Jon-Ludacris-7072812562194106370?refer=embed\">\u266c Yeah! (feat. Lil Jon &#038; Ludacris) &#8211; Usher<\/a> <\/section>\n<\/blockquote>\n<p> <script async src=\"https:\/\/www.tiktok.com\/embed.js\"><\/script><\/p>\n","protected":false},"excerpt":{"rendered":"<p>ADJ CO2 fluid for water-based smoke machines. This fluid allows you to achieve a CO2 effect with any smoke machine. The resulting fog dissipates in seconds.<\/p>\n","protected":false},"featured_media":7663,"comment_status":"open","ping_status":"closed","template":"","meta":[],"product_brand":[],"product_cat":[178,184],"product_tag":[218,318,221],"class_list":{"0":"post-7662","1":"product","2":"type-product","3":"status-publish","4":"has-post-thumbnail","6":"product_cat-effekt","7":"product_cat-effekt-anyagok","8":"product_tag-adj","9":"product_tag-co2","10":"product_tag-fustgep","12":"first","13":"instock","14":"taxable","15":"shipping-taxable","16":"purchasable","17":"product-type-simple"},"yoast_head":"<!-- This site is optimized with the Yoast SEO Premium plugin v27.2 (Yoast SEO v27.2) - https:\/\/yoast.com\/product\/yoast-seo-premium-wordpress\/ -->\n<title>ADJ CO2 Fluid for Smoke Machines - 5L<\/title>\n<meta name=\"description\" content=\"ADJ CO2 fluid for water-based smoke machines. This fluid allows you to achieve a CO2 effect with any smoke machine. The resulting fog dissipates in seconds.\" \/>\n<meta name=\"robots\" content=\"index, follow, max-snippet:-1, max-image-preview:large, max-video-preview:-1\" \/>\n<link rel=\"canonical\" href=\"http:\/\/ADJ%20CO2%20fluid%20for%20water-based%20smoke%20machines.%20This%20fluid%20allows%20you%20to%20achieve%20a%20CO2%20effect%20with%20any%20smoke%20machine.%20The%20resulting%20fog%20dissipates%20in%20seconds.\" \/>\n<meta property=\"og:locale\" content=\"en_US\" \/>\n<meta property=\"og:type\" content=\"article\" \/>\n<meta property=\"og:title\" content=\"ADJ CO2 Fluid for Smoke Machines - 5L\" \/>\n<meta property=\"og:description\" content=\"ADJ CO2 fluid for water-based smoke machines. This fluid allows you to achieve a CO2 effect with any smoke machine. The resulting fog dissipates in seconds.\" \/>\n<meta property=\"og:url\" content=\"https:\/\/stagezone.hu\/en\/product\/adj-co2-fluid-for-smoke-machines-5l\/\" \/>\n<meta property=\"og:site_name\" content=\"StageZone\" \/>\n<meta property=\"article:publisher\" content=\"https:\/\/www.facebook.com\/stagezonehungary\/\" \/>\n<meta property=\"article:modified_time\" content=\"2026-05-04T18:53:05+00:00\" \/>\n<meta property=\"og:image\" content=\"https:\/\/stagezone.hu\/wp-content\/uploads\/2025\/07\/1421200022_1_new_1.jpg\" \/>\n\t<meta property=\"og:image:width\" content=\"1100\" \/>\n\t<meta property=\"og:image:height\" content=\"1100\" \/>\n\t<meta property=\"og:image:type\" content=\"image\/jpeg\" \/>\n<meta name=\"twitter:card\" content=\"summary_large_image\" \/>\n<meta name=\"twitter:label1\" content=\"Est. reading time\" \/>\n\t<meta name=\"twitter:data1\" content=\"1 minute\" \/>\n<script type=\"application\/ld+json\" class=\"yoast-schema-graph\">{\"@context\":\"https:\/\/schema.org\",\"@graph\":[{\"@type\":\"WebPage\",\"@id\":\"https:\/\/stagezone.hu\/en\/product\/adj-co2-fluid-for-smoke-machines-5l\/\",\"url\":\"https:\/\/stagezone.hu\/en\/product\/adj-co2-fluid-for-smoke-machines-5l\/\",\"name\":\"CO2 folyad\u00e9k - StageZone\",\"isPartOf\":{\"@id\":\"https:\/\/stagezone.hu\/#website\"},\"primaryImageOfPage\":{\"@id\":\"https:\/\/stagezone.hu\/en\/product\/adj-co2-fluid-for-smoke-machines-5l\/#primaryimage\"},\"image\":{\"@id\":\"https:\/\/stagezone.hu\/en\/product\/adj-co2-fluid-for-smoke-machines-5l\/#primaryimage\"},\"thumbnailUrl\":\"https:\/\/stagezone.hu\/wp-content\/uploads\/2025\/07\/1421200022_1_new_1.jpg\",\"datePublished\":\"2025-07-17T09:39:16+00:00\",\"dateModified\":\"2026-05-04T18:53:05+00:00\",\"description\":\"ADJ CO2 folyad\u00e9k v\u00edzb\u00e1zis\u00fa f\u00fcstg\u00e9pekhez. A folyad\u00e9k seg\u00edts\u00e9g\u00e9vel CO2 hat\u00e1st tudunk el\u00e9rni b\u00e1rmely f\u00fcstg\u00e9ppel. A keletkezett k\u00f6d p\u00e1r m\u00e1sodperc alatt elillan.\",\"breadcrumb\":{\"@id\":\"https:\/\/stagezone.hu\/en\/product\/adj-co2-fluid-for-smoke-machines-5l\/#breadcrumb\"},\"inLanguage\":\"en-US\",\"potentialAction\":[{\"@type\":\"ReadAction\",\"target\":[\"https:\/\/stagezone.hu\/en\/product\/adj-co2-fluid-for-smoke-machines-5l\/\"]}]},{\"@type\":\"ImageObject\",\"inLanguage\":\"en-US\",\"@id\":\"https:\/\/stagezone.hu\/en\/product\/adj-co2-fluid-for-smoke-machines-5l\/#primaryimage\",\"url\":\"https:\/\/stagezone.hu\/wp-content\/uploads\/2025\/07\/1421200022_1_new_1.jpg\",\"contentUrl\":\"https:\/\/stagezone.hu\/wp-content\/uploads\/2025\/07\/1421200022_1_new_1.jpg\",\"width\":1100,\"height\":1100,\"caption\":\"CO2 folyad\u00e9k\"},{\"@type\":\"BreadcrumbList\",\"@id\":\"https:\/\/stagezone.hu\/en\/product\/adj-co2-fluid-for-smoke-machines-5l\/#breadcrumb\",\"itemListElement\":[{\"@type\":\"ListItem\",\"position\":1,\"name\":\"Kezd\u0151lap\",\"item\":\"https:\/\/stagezone.hu\/\"},{\"@type\":\"ListItem\",\"position\":2,\"name\":\"\u00dczlet\",\"item\":\"https:\/\/stagezone.hu\/uzlet\/\"},{\"@type\":\"ListItem\",\"position\":3,\"name\":\"ADJ CO2 Fluid for Smoke Machines - 5L\"}]},{\"@type\":\"WebSite\",\"@id\":\"https:\/\/stagezone.hu\/en\/#website\",\"url\":\"https:\/\/stagezone.hu\/en\/\",\"name\":\"StageZone - Ragyogj a Stagezone min\u0151s\u00e9gi f\u00e9nytechnik\u00e1j\u00e1val.\",\"description\":\"StageZone\",\"publisher\":{\"@id\":\"https:\/\/stagezone.hu\/en\/#organization\"},\"potentialAction\":[{\"@type\":\"SearchAction\",\"target\":{\"@type\":\"EntryPoint\",\"urlTemplate\":\"https:\/\/stagezone.hu\/en\/?s={search_term_string}\"},\"query-input\":{\"@type\":\"PropertyValueSpecification\",\"valueRequired\":true,\"valueName\":\"search_term_string\"}}],\"inLanguage\":\"en-US\"},{\"@type\":\"Organization\",\"@id\":\"https:\/\/stagezone.hu\/en\/#organization\",\"name\":\"StageZone\",\"url\":\"https:\/\/stagezone.hu\/en\/\",\"logo\":{\"@type\":\"ImageObject\",\"inLanguage\":\"en-US\",\"@id\":\"https:\/\/stagezone.hu\/en\/#\/schema\/logo\/image\/\",\"url\":\"https:\/\/stagezone.hu\/wp-content\/uploads\/2026\/01\/Adam-Hall_1000x1000-1-1.png\",\"contentUrl\":\"https:\/\/stagezone.hu\/wp-content\/uploads\/2026\/01\/Adam-Hall_1000x1000-1-1.png\",\"width\":1000,\"height\":1000,\"caption\":\"StageZone\"},\"image\":{\"@id\":\"https:\/\/stagezone.hu\/en\/#\/schema\/logo\/image\/\"},\"sameAs\":[\"https:\/\/www.facebook.com\/stagezonehungary\/\",\"https:\/\/www.instagram.com\/stagezonehungary\/\"]}]}<\/script>\n<!-- \/ Yoast SEO Premium plugin. -->","yoast_head_json":{"title":"ADJ CO2 Fluid for Smoke Machines - 5L","description":"ADJ CO2 fluid for water-based smoke machines. This fluid allows you to achieve a CO2 effect with any smoke machine. The resulting fog dissipates in seconds.","robots":{"index":"index","follow":"follow","max-snippet":"max-snippet:-1","max-image-preview":"max-image-preview:large","max-video-preview":"max-video-preview:-1"},"canonical":"ADJ CO2 fluid for water-based smoke machines. This fluid allows you to achieve a CO2 effect with any smoke machine. The resulting fog dissipates in seconds.","og_locale":"en_US","og_type":"article","og_title":"ADJ CO2 Fluid for Smoke Machines - 5L","og_description":"ADJ CO2 fluid for water-based smoke machines. This fluid allows you to achieve a CO2 effect with any smoke machine. The resulting fog dissipates in seconds.","og_url":"https:\/\/stagezone.hu\/en\/product\/adj-co2-fluid-for-smoke-machines-5l\/","og_site_name":"StageZone","article_publisher":"https:\/\/www.facebook.com\/stagezonehungary\/","article_modified_time":"2026-05-04T18:53:05+00:00","og_image":[{"width":1100,"height":1100,"url":"https:\/\/stagezone.hu\/wp-content\/uploads\/2025\/07\/1421200022_1_new_1.jpg","type":"image\/jpeg"}],"twitter_card":"summary_large_image","twitter_misc":{"Est. reading time":"1 minute"},"schema":{"@context":"https:\/\/schema.org","@graph":[{"@type":"WebPage","@id":"https:\/\/stagezone.hu\/en\/product\/adj-co2-fluid-for-smoke-machines-5l\/","url":"https:\/\/stagezone.hu\/en\/product\/adj-co2-fluid-for-smoke-machines-5l\/","name":"CO2 folyad\u00e9k - StageZone","isPartOf":{"@id":"https:\/\/stagezone.hu\/#website"},"primaryImageOfPage":{"@id":"https:\/\/stagezone.hu\/en\/product\/adj-co2-fluid-for-smoke-machines-5l\/#primaryimage"},"image":{"@id":"https:\/\/stagezone.hu\/en\/product\/adj-co2-fluid-for-smoke-machines-5l\/#primaryimage"},"thumbnailUrl":"https:\/\/stagezone.hu\/wp-content\/uploads\/2025\/07\/1421200022_1_new_1.jpg","datePublished":"2025-07-17T09:39:16+00:00","dateModified":"2026-05-04T18:53:05+00:00","description":"ADJ CO2 folyad\u00e9k v\u00edzb\u00e1zis\u00fa f\u00fcstg\u00e9pekhez. A folyad\u00e9k seg\u00edts\u00e9g\u00e9vel CO2 hat\u00e1st tudunk el\u00e9rni b\u00e1rmely f\u00fcstg\u00e9ppel. A keletkezett k\u00f6d p\u00e1r m\u00e1sodperc alatt elillan.","breadcrumb":{"@id":"https:\/\/stagezone.hu\/en\/product\/adj-co2-fluid-for-smoke-machines-5l\/#breadcrumb"},"inLanguage":"en-US","potentialAction":[{"@type":"ReadAction","target":["https:\/\/stagezone.hu\/en\/product\/adj-co2-fluid-for-smoke-machines-5l\/"]}]},{"@type":"ImageObject","inLanguage":"en-US","@id":"https:\/\/stagezone.hu\/en\/product\/adj-co2-fluid-for-smoke-machines-5l\/#primaryimage","url":"https:\/\/stagezone.hu\/wp-content\/uploads\/2025\/07\/1421200022_1_new_1.jpg","contentUrl":"https:\/\/stagezone.hu\/wp-content\/uploads\/2025\/07\/1421200022_1_new_1.jpg","width":1100,"height":1100,"caption":"CO2 folyad\u00e9k"},{"@type":"BreadcrumbList","@id":"https:\/\/stagezone.hu\/en\/product\/adj-co2-fluid-for-smoke-machines-5l\/#breadcrumb","itemListElement":[{"@type":"ListItem","position":1,"name":"Kezd\u0151lap","item":"https:\/\/stagezone.hu\/"},{"@type":"ListItem","position":2,"name":"\u00dczlet","item":"https:\/\/stagezone.hu\/uzlet\/"},{"@type":"ListItem","position":3,"name":"ADJ CO2 Fluid for Smoke Machines - 5L"}]},{"@type":"WebSite","@id":"https:\/\/stagezone.hu\/en\/#website","url":"https:\/\/stagezone.hu\/en\/","name":"StageZone - Ragyogj a Stagezone min\u0151s\u00e9gi f\u00e9nytechnik\u00e1j\u00e1val.","description":"StageZone","publisher":{"@id":"https:\/\/stagezone.hu\/en\/#organization"},"potentialAction":[{"@type":"SearchAction","target":{"@type":"EntryPoint","urlTemplate":"https:\/\/stagezone.hu\/en\/?s={search_term_string}"},"query-input":{"@type":"PropertyValueSpecification","valueRequired":true,"valueName":"search_term_string"}}],"inLanguage":"en-US"},{"@type":"Organization","@id":"https:\/\/stagezone.hu\/en\/#organization","name":"StageZone","url":"https:\/\/stagezone.hu\/en\/","logo":{"@type":"ImageObject","inLanguage":"en-US","@id":"https:\/\/stagezone.hu\/en\/#\/schema\/logo\/image\/","url":"https:\/\/stagezone.hu\/wp-content\/uploads\/2026\/01\/Adam-Hall_1000x1000-1-1.png","contentUrl":"https:\/\/stagezone.hu\/wp-content\/uploads\/2026\/01\/Adam-Hall_1000x1000-1-1.png","width":1000,"height":1000,"caption":"StageZone"},"image":{"@id":"https:\/\/stagezone.hu\/en\/#\/schema\/logo\/image\/"},"sameAs":["https:\/\/www.facebook.com\/stagezonehungary\/","https:\/\/www.instagram.com\/stagezonehungary\/"]}]}},"_links":{"self":[{"href":"https:\/\/stagezone.hu\/en\/wp-json\/wp\/v2\/product\/7662","targetHints":{"allow":["GET"]}}],"collection":[{"href":"https:\/\/stagezone.hu\/en\/wp-json\/wp\/v2\/product"}],"about":[{"href":"https:\/\/stagezone.hu\/en\/wp-json\/wp\/v2\/types\/product"}],"replies":[{"embeddable":true,"href":"https:\/\/stagezone.hu\/en\/wp-json\/wp\/v2\/comments?post=7662"}],"version-history":[{"count":4,"href":"https:\/\/stagezone.hu\/en\/wp-json\/wp\/v2\/product\/7662\/revisions"}],"predecessor-version":[{"id":9906,"href":"https:\/\/stagezone.hu\/en\/wp-json\/wp\/v2\/product\/7662\/revisions\/9906"}],"wp:featuredmedia":[{"embeddable":true,"href":"https:\/\/stagezone.hu\/en\/wp-json\/wp\/v2\/media\/7663"}],"wp:attachment":[{"href":"https:\/\/stagezone.hu\/en\/wp-json\/wp\/v2\/media?parent=7662"}],"wp:term":[{"taxonomy":"product_brand","embeddable":true,"href":"https:\/\/stagezone.hu\/en\/wp-json\/wp\/v2\/product_brand?post=7662"},{"taxonomy":"product_cat","embeddable":true,"href":"https:\/\/stagezone.hu\/en\/wp-json\/wp\/v2\/product_cat?post=7662"},{"taxonomy":"product_tag","embeddable":true,"href":"https:\/\/stagezone.hu\/en\/wp-json\/wp\/v2\/product_tag?post=7662"}],"curies":[{"name":"wp","href":"https:\/\/api.w.org\/{rel}","templated":true}]}}