{"id":7644,"date":"2025-07-16T16:51:30","date_gmt":"2025-07-16T15:51:30","guid":{"rendered":"https:\/\/stagezone.hu\/?post_type=product&#038;p=7644"},"modified":"2026-05-04T19:53:08","modified_gmt":"2026-05-04T18:53:08","slug":"adj-fog-scent","status":"publish","type":"product","link":"https:\/\/stagezone.hu\/en\/product\/adj-fog-scent-scented-fog-fluid-additive\/","title":{"rendered":"ADJ Fog Scent - Scented Fog Fluid Additive"},"content":{"rendered":"<p><strong>ADJ Fog Scent<\/strong><\/p>\n<p>Scent your fog fluid with aromatic fragrances.<\/p>\n<p>One vial of scent additive is sufficient for 5 L of fog fluid.<\/p>\n<p><strong>Size:<\/strong> 20 ml<\/p>\n<p>ADJ is a globally recognized manufacturer specializing in entertainment lighting, LED video technology, and various stage effects. With over 35 years of industry experience, ADJ holds a leading market position worldwide with its reliable and innovative products. Their product range covers a wide spectrum: moving head lights, static lighting effects, DMX control hardware and software, smoke machines, and other effect machines.<\/p>\n","protected":false},"excerpt":{"rendered":"<p>Enhance your fog fluid with ADJ Fog Scent aromatic additives. The 20 ml bottle is recommended for 5 L of fog fluid.<\/p>\n","protected":false},"featured_media":7653,"comment_status":"open","ping_status":"closed","template":"","meta":[],"product_brand":[],"product_cat":[178,184],"product_tag":[218,499],"class_list":{"0":"post-7644","1":"product","2":"type-product","3":"status-publish","4":"has-post-thumbnail","6":"product_cat-effekt","7":"product_cat-effekt-anyagok","8":"product_tag-adj","9":"product_tag-illataroma","11":"first","12":"instock","13":"taxable","14":"shipping-taxable","15":"purchasable","16":"product-type-variable","17":"has-default-attributes"},"yoast_head":"<!-- This site is optimized with the Yoast SEO Premium plugin v27.2 (Yoast SEO v27.2) - https:\/\/yoast.com\/product\/yoast-seo-premium-wordpress\/ -->\n<title>ADJ Fog Scent - Scented Fog Fluid Additive<\/title>\n<meta name=\"description\" content=\"Enhance your fog fluid with ADJ Fog Scent aromatic additives. The 20 ml bottle is recommended for 5 L of fog fluid.\" \/>\n<meta name=\"robots\" content=\"index, follow, max-snippet:-1, max-image-preview:large, max-video-preview:-1\" \/>\n<link rel=\"canonical\" href=\"http:\/\/Enhance%20your%20fog%20fluid%20with%20ADJ%20Fog%20Scent%20aromatic%20additives.%20The%2020%20ml%20bottle%20is%20recommended%20for%205%20L%20of%20fog%20fluid.\" \/>\n<meta property=\"og:locale\" content=\"en_US\" \/>\n<meta property=\"og:type\" content=\"article\" \/>\n<meta property=\"og:title\" content=\"ADJ Fog Scent - Scented Fog Fluid Additive\" \/>\n<meta property=\"og:description\" content=\"Enhance your fog fluid with ADJ Fog Scent aromatic additives. The 20 ml bottle is recommended for 5 L of fog fluid.\" \/>\n<meta property=\"og:url\" content=\"https:\/\/stagezone.hu\/en\/product\/adj-fog-scent-scented-fog-fluid-additive\/\" \/>\n<meta property=\"og:site_name\" content=\"StageZone\" \/>\n<meta property=\"article:publisher\" content=\"https:\/\/www.facebook.com\/stagezonehungary\/\" \/>\n<meta property=\"article:modified_time\" content=\"2026-05-04T18:53:08+00:00\" \/>\n<meta property=\"og:image\" content=\"https:\/\/stagezone.hu\/wp-content\/uploads\/2025\/07\/Fog_scent_coconut_1.jpg\" \/>\n\t<meta property=\"og:image:width\" content=\"1100\" \/>\n\t<meta property=\"og:image:height\" content=\"1100\" \/>\n\t<meta property=\"og:image:type\" content=\"image\/jpeg\" \/>\n<meta name=\"twitter:card\" content=\"summary_large_image\" \/>\n<meta name=\"twitter:label1\" content=\"Est. reading time\" \/>\n\t<meta name=\"twitter:data1\" content=\"1 minute\" \/>\n<script type=\"application\/ld+json\" class=\"yoast-schema-graph\">{\"@context\":\"https:\/\/schema.org\",\"@graph\":[{\"@type\":\"WebPage\",\"@id\":\"https:\/\/stagezone.hu\/en\/product\/adj-fog-scent-scented-fog-fluid-additive\/\",\"url\":\"https:\/\/stagezone.hu\/en\/product\/adj-fog-scent-scented-fog-fluid-additive\/\",\"name\":\"ADJ Fog Scent - StageZone\",\"isPartOf\":{\"@id\":\"https:\/\/stagezone.hu\/#website\"},\"primaryImageOfPage\":{\"@id\":\"https:\/\/stagezone.hu\/en\/product\/adj-fog-scent-scented-fog-fluid-additive\/#primaryimage\"},\"image\":{\"@id\":\"https:\/\/stagezone.hu\/en\/product\/adj-fog-scent-scented-fog-fluid-additive\/#primaryimage\"},\"thumbnailUrl\":\"https:\/\/stagezone.hu\/wp-content\/uploads\/2025\/07\/Fog_scent_coconut_1.jpg\",\"datePublished\":\"2025-07-16T15:51:30+00:00\",\"dateModified\":\"2026-05-04T18:53:08+00:00\",\"description\":\"Az ADJ Fog Scent illataroma seg\u00edts\u00e9g\u00e9vel feldobhatod a f\u00fcstolajad illat\u00e1t. A 20 ml-es kiszerel\u00e9s 5 L f\u00fcstolajhoz aj\u00e1nlott.\",\"breadcrumb\":{\"@id\":\"https:\/\/stagezone.hu\/en\/product\/adj-fog-scent-scented-fog-fluid-additive\/#breadcrumb\"},\"inLanguage\":\"en-US\",\"potentialAction\":[{\"@type\":\"ReadAction\",\"target\":[\"https:\/\/stagezone.hu\/en\/product\/adj-fog-scent-scented-fog-fluid-additive\/\"]}]},{\"@type\":\"ImageObject\",\"inLanguage\":\"en-US\",\"@id\":\"https:\/\/stagezone.hu\/en\/product\/adj-fog-scent-scented-fog-fluid-additive\/#primaryimage\",\"url\":\"https:\/\/stagezone.hu\/wp-content\/uploads\/2025\/07\/Fog_scent_coconut_1.jpg\",\"contentUrl\":\"https:\/\/stagezone.hu\/wp-content\/uploads\/2025\/07\/Fog_scent_coconut_1.jpg\",\"width\":1100,\"height\":1100,\"caption\":\"ADJ Fog Scent\"},{\"@type\":\"BreadcrumbList\",\"@id\":\"https:\/\/stagezone.hu\/en\/product\/adj-fog-scent-scented-fog-fluid-additive\/#breadcrumb\",\"itemListElement\":[{\"@type\":\"ListItem\",\"position\":1,\"name\":\"Kezd\u0151lap\",\"item\":\"https:\/\/stagezone.hu\/\"},{\"@type\":\"ListItem\",\"position\":2,\"name\":\"\u00dczlet\",\"item\":\"https:\/\/stagezone.hu\/uzlet\/\"},{\"@type\":\"ListItem\",\"position\":3,\"name\":\"ADJ Fog Scent - Scented Fog Fluid Additive\"}]},{\"@type\":\"WebSite\",\"@id\":\"https:\/\/stagezone.hu\/en\/#website\",\"url\":\"https:\/\/stagezone.hu\/en\/\",\"name\":\"StageZone - Ragyogj a Stagezone min\u0151s\u00e9gi f\u00e9nytechnik\u00e1j\u00e1val.\",\"description\":\"StageZone\",\"publisher\":{\"@id\":\"https:\/\/stagezone.hu\/en\/#organization\"},\"potentialAction\":[{\"@type\":\"SearchAction\",\"target\":{\"@type\":\"EntryPoint\",\"urlTemplate\":\"https:\/\/stagezone.hu\/en\/?s={search_term_string}\"},\"query-input\":{\"@type\":\"PropertyValueSpecification\",\"valueRequired\":true,\"valueName\":\"search_term_string\"}}],\"inLanguage\":\"en-US\"},{\"@type\":\"Organization\",\"@id\":\"https:\/\/stagezone.hu\/en\/#organization\",\"name\":\"StageZone\",\"url\":\"https:\/\/stagezone.hu\/en\/\",\"logo\":{\"@type\":\"ImageObject\",\"inLanguage\":\"en-US\",\"@id\":\"https:\/\/stagezone.hu\/en\/#\/schema\/logo\/image\/\",\"url\":\"https:\/\/stagezone.hu\/wp-content\/uploads\/2026\/01\/Adam-Hall_1000x1000-1-1.png\",\"contentUrl\":\"https:\/\/stagezone.hu\/wp-content\/uploads\/2026\/01\/Adam-Hall_1000x1000-1-1.png\",\"width\":1000,\"height\":1000,\"caption\":\"StageZone\"},\"image\":{\"@id\":\"https:\/\/stagezone.hu\/en\/#\/schema\/logo\/image\/\"},\"sameAs\":[\"https:\/\/www.facebook.com\/stagezonehungary\/\",\"https:\/\/www.instagram.com\/stagezonehungary\/\"]}]}<\/script>\n<!-- \/ Yoast SEO Premium plugin. -->","yoast_head_json":{"title":"ADJ Fog Scent - Scented Fog Fluid Additive","description":"Enhance your fog fluid with ADJ Fog Scent aromatic additives. The 20 ml bottle is recommended for 5 L of fog fluid.","robots":{"index":"index","follow":"follow","max-snippet":"max-snippet:-1","max-image-preview":"max-image-preview:large","max-video-preview":"max-video-preview:-1"},"canonical":"Enhance your fog fluid with ADJ Fog Scent aromatic additives. The 20 ml bottle is recommended for 5 L of fog fluid.","og_locale":"en_US","og_type":"article","og_title":"ADJ Fog Scent - Scented Fog Fluid Additive","og_description":"Enhance your fog fluid with ADJ Fog Scent aromatic additives. The 20 ml bottle is recommended for 5 L of fog fluid.","og_url":"https:\/\/stagezone.hu\/en\/product\/adj-fog-scent-scented-fog-fluid-additive\/","og_site_name":"StageZone","article_publisher":"https:\/\/www.facebook.com\/stagezonehungary\/","article_modified_time":"2026-05-04T18:53:08+00:00","og_image":[{"width":1100,"height":1100,"url":"https:\/\/stagezone.hu\/wp-content\/uploads\/2025\/07\/Fog_scent_coconut_1.jpg","type":"image\/jpeg"}],"twitter_card":"summary_large_image","twitter_misc":{"Est. reading time":"1 minute"},"schema":{"@context":"https:\/\/schema.org","@graph":[{"@type":"WebPage","@id":"https:\/\/stagezone.hu\/en\/product\/adj-fog-scent-scented-fog-fluid-additive\/","url":"https:\/\/stagezone.hu\/en\/product\/adj-fog-scent-scented-fog-fluid-additive\/","name":"ADJ Fog Scent - StageZone","isPartOf":{"@id":"https:\/\/stagezone.hu\/#website"},"primaryImageOfPage":{"@id":"https:\/\/stagezone.hu\/en\/product\/adj-fog-scent-scented-fog-fluid-additive\/#primaryimage"},"image":{"@id":"https:\/\/stagezone.hu\/en\/product\/adj-fog-scent-scented-fog-fluid-additive\/#primaryimage"},"thumbnailUrl":"https:\/\/stagezone.hu\/wp-content\/uploads\/2025\/07\/Fog_scent_coconut_1.jpg","datePublished":"2025-07-16T15:51:30+00:00","dateModified":"2026-05-04T18:53:08+00:00","description":"Az ADJ Fog Scent illataroma seg\u00edts\u00e9g\u00e9vel feldobhatod a f\u00fcstolajad illat\u00e1t. A 20 ml-es kiszerel\u00e9s 5 L f\u00fcstolajhoz aj\u00e1nlott.","breadcrumb":{"@id":"https:\/\/stagezone.hu\/en\/product\/adj-fog-scent-scented-fog-fluid-additive\/#breadcrumb"},"inLanguage":"en-US","potentialAction":[{"@type":"ReadAction","target":["https:\/\/stagezone.hu\/en\/product\/adj-fog-scent-scented-fog-fluid-additive\/"]}]},{"@type":"ImageObject","inLanguage":"en-US","@id":"https:\/\/stagezone.hu\/en\/product\/adj-fog-scent-scented-fog-fluid-additive\/#primaryimage","url":"https:\/\/stagezone.hu\/wp-content\/uploads\/2025\/07\/Fog_scent_coconut_1.jpg","contentUrl":"https:\/\/stagezone.hu\/wp-content\/uploads\/2025\/07\/Fog_scent_coconut_1.jpg","width":1100,"height":1100,"caption":"ADJ Fog Scent"},{"@type":"BreadcrumbList","@id":"https:\/\/stagezone.hu\/en\/product\/adj-fog-scent-scented-fog-fluid-additive\/#breadcrumb","itemListElement":[{"@type":"ListItem","position":1,"name":"Kezd\u0151lap","item":"https:\/\/stagezone.hu\/"},{"@type":"ListItem","position":2,"name":"\u00dczlet","item":"https:\/\/stagezone.hu\/uzlet\/"},{"@type":"ListItem","position":3,"name":"ADJ Fog Scent - Scented Fog Fluid Additive"}]},{"@type":"WebSite","@id":"https:\/\/stagezone.hu\/en\/#website","url":"https:\/\/stagezone.hu\/en\/","name":"StageZone - Ragyogj a Stagezone min\u0151s\u00e9gi f\u00e9nytechnik\u00e1j\u00e1val.","description":"StageZone","publisher":{"@id":"https:\/\/stagezone.hu\/en\/#organization"},"potentialAction":[{"@type":"SearchAction","target":{"@type":"EntryPoint","urlTemplate":"https:\/\/stagezone.hu\/en\/?s={search_term_string}"},"query-input":{"@type":"PropertyValueSpecification","valueRequired":true,"valueName":"search_term_string"}}],"inLanguage":"en-US"},{"@type":"Organization","@id":"https:\/\/stagezone.hu\/en\/#organization","name":"StageZone","url":"https:\/\/stagezone.hu\/en\/","logo":{"@type":"ImageObject","inLanguage":"en-US","@id":"https:\/\/stagezone.hu\/en\/#\/schema\/logo\/image\/","url":"https:\/\/stagezone.hu\/wp-content\/uploads\/2026\/01\/Adam-Hall_1000x1000-1-1.png","contentUrl":"https:\/\/stagezone.hu\/wp-content\/uploads\/2026\/01\/Adam-Hall_1000x1000-1-1.png","width":1000,"height":1000,"caption":"StageZone"},"image":{"@id":"https:\/\/stagezone.hu\/en\/#\/schema\/logo\/image\/"},"sameAs":["https:\/\/www.facebook.com\/stagezonehungary\/","https:\/\/www.instagram.com\/stagezonehungary\/"]}]}},"_links":{"self":[{"href":"https:\/\/stagezone.hu\/en\/wp-json\/wp\/v2\/product\/7644","targetHints":{"allow":["GET"]}}],"collection":[{"href":"https:\/\/stagezone.hu\/en\/wp-json\/wp\/v2\/product"}],"about":[{"href":"https:\/\/stagezone.hu\/en\/wp-json\/wp\/v2\/types\/product"}],"replies":[{"embeddable":true,"href":"https:\/\/stagezone.hu\/en\/wp-json\/wp\/v2\/comments?post=7644"}],"version-history":[{"count":2,"href":"https:\/\/stagezone.hu\/en\/wp-json\/wp\/v2\/product\/7644\/revisions"}],"predecessor-version":[{"id":7656,"href":"https:\/\/stagezone.hu\/en\/wp-json\/wp\/v2\/product\/7644\/revisions\/7656"}],"wp:featuredmedia":[{"embeddable":true,"href":"https:\/\/stagezone.hu\/en\/wp-json\/wp\/v2\/media\/7653"}],"wp:attachment":[{"href":"https:\/\/stagezone.hu\/en\/wp-json\/wp\/v2\/media?parent=7644"}],"wp:term":[{"taxonomy":"product_brand","embeddable":true,"href":"https:\/\/stagezone.hu\/en\/wp-json\/wp\/v2\/product_brand?post=7644"},{"taxonomy":"product_cat","embeddable":true,"href":"https:\/\/stagezone.hu\/en\/wp-json\/wp\/v2\/product_cat?post=7644"},{"taxonomy":"product_tag","embeddable":true,"href":"https:\/\/stagezone.hu\/en\/wp-json\/wp\/v2\/product_tag?post=7644"}],"curies":[{"name":"wp","href":"https:\/\/api.w.org\/{rel}","templated":true}]}}