{"id":7637,"date":"2025-07-16T15:39:04","date_gmt":"2025-07-16T14:39:04","guid":{"rendered":"https:\/\/stagezone.hu\/?post_type=product&#038;p=7637"},"modified":"2026-05-04T19:53:09","modified_gmt":"2026-05-04T18:53:09","slug":"beeeye-beam-7x40w","status":"publish","type":"product","link":"https:\/\/stagezone.hu\/en\/product\/shehds-beeeye-beam-7x40-zoom-wash-moving-head-light\/","title":{"rendered":"SHEHDS BeeEye Beam 7x40 - Zoom Wash Moving Head Light"},"content":{"rendered":"<p><strong>SHEHDS BeeEye Beam 7&#215;40 &#8211; 7x40W RGBW<\/strong><\/p>\n<p>SHEHDS BeeEye Beam 7&#215;40 zoom wash moving head light with rotating disc. An excellent choice for stages and theaters.<\/p>\n<ul>\n<li>Power Supply: AC 100-240 V, 50\/60 Hz<\/li>\n<li>Power Consumption: 280W<\/li>\n<li>DMX Channels: 23\/35\/51 CH<\/li>\n<li>Beam Angle: 7-34\u00b0<\/li>\n<li>Linear CTO<\/li>\n<li>Color Temperature: 2500 &#8211; 8000 K<\/li>\n<li>Strobe: 0-25 Hz<\/li>\n<li>Connectors: Powercon, DMX 3 pin<\/li>\n<li>IP Rating: IP20<\/li>\n<li>Mounting: Quick-release omega bracket<\/li>\n<li>Control Modes: DMX 512\/RDM\/Auto\/Sound<\/li>\n<\/ul>\n<p>Shehds, founded in 2015, specializes in stage lighting equipment. Their products offer reliable quality and materials, suitable for various applications. They hold safety certifications such as CE, ROHS, UL, FCC, TP, TC, SAA, and others. The brand has become a trusted name in the lighting industry.<\/p>\n","protected":false},"excerpt":{"rendered":"<p>7x40W RGBW zoom wash moving head light with a 7-34\u00b0 beam angle.<\/p>\n","protected":false},"featured_media":7641,"comment_status":"open","ping_status":"closed","template":"","meta":[],"product_brand":[],"product_cat":[456,166],"product_tag":[212,444,211],"class_list":{"0":"post-7637","1":"product","2":"type-product","3":"status-publish","4":"has-post-thumbnail","6":"product_cat-hybrid-lampak","7":"product_cat-robotlampa","8":"product_tag-bee-eye","9":"product_tag-hybrid","10":"product_tag-zoom","12":"first","13":"contact_us","14":"taxable","15":"shipping-taxable","16":"purchasable","17":"product-type-simple"},"yoast_head":"<!-- This site is optimized with the Yoast SEO Premium plugin v27.2 (Yoast SEO v27.2) - https:\/\/yoast.com\/product\/yoast-seo-premium-wordpress\/ -->\n<title>SHEHDS BeeEye Beam 7x40 - Zoom Wash Moving Head Light<\/title>\n<meta name=\"description\" content=\"7x40W RGBW zoom wash moving head light with a 7-34\u00b0 beam angle.\" \/>\n<meta name=\"robots\" content=\"index, follow, max-snippet:-1, max-image-preview:large, max-video-preview:-1\" \/>\n<link rel=\"canonical\" href=\"http:\/\/7x40W%20RGBW%20zoom%20wash%20moving%20head%20light%20with%20a%207-34\u00b0%20beam%20angle.\" \/>\n<meta property=\"og:locale\" content=\"en_US\" \/>\n<meta property=\"og:type\" content=\"article\" \/>\n<meta property=\"og:title\" content=\"SHEHDS BeeEye Beam 7x40 - Zoom Wash Moving Head Light\" \/>\n<meta property=\"og:description\" content=\"7x40W RGBW zoom wash moving head light with a 7-34\u00b0 beam angle.\" \/>\n<meta property=\"og:url\" content=\"https:\/\/stagezone.hu\/en\/product\/shehds-beeeye-beam-7x40-zoom-wash-moving-head-light\/\" \/>\n<meta property=\"og:site_name\" content=\"StageZone\" \/>\n<meta property=\"article:publisher\" content=\"https:\/\/www.facebook.com\/stagezonehungary\/\" \/>\n<meta property=\"article:modified_time\" content=\"2026-05-04T18:53:09+00:00\" \/>\n<meta property=\"og:image\" content=\"https:\/\/stagezone.hu\/wp-content\/uploads\/2025\/07\/7x40w\u8702\u773c\u8c03\u7126\u6a21\u578b-2-1.jpg\" \/>\n\t<meta property=\"og:image:width\" content=\"1000\" \/>\n\t<meta property=\"og:image:height\" content=\"1000\" \/>\n\t<meta property=\"og:image:type\" content=\"image\/jpeg\" \/>\n<meta name=\"twitter:card\" content=\"summary_large_image\" \/>\n<meta name=\"twitter:label1\" content=\"Est. reading time\" \/>\n\t<meta name=\"twitter:data1\" content=\"1 minute\" \/>\n<script type=\"application\/ld+json\" class=\"yoast-schema-graph\">{\"@context\":\"https:\/\/schema.org\",\"@graph\":[{\"@type\":\"WebPage\",\"@id\":\"https:\/\/stagezone.hu\/en\/product\/shehds-beeeye-beam-7x40-zoom-wash-moving-head-light\/\",\"url\":\"https:\/\/stagezone.hu\/en\/product\/shehds-beeeye-beam-7x40-zoom-wash-moving-head-light\/\",\"name\":\"SHEHDS BeeEye Beam 7x40 - StageZone\",\"isPartOf\":{\"@id\":\"https:\/\/stagezone.hu\/#website\"},\"primaryImageOfPage\":{\"@id\":\"https:\/\/stagezone.hu\/en\/product\/shehds-beeeye-beam-7x40-zoom-wash-moving-head-light\/#primaryimage\"},\"image\":{\"@id\":\"https:\/\/stagezone.hu\/en\/product\/shehds-beeeye-beam-7x40-zoom-wash-moving-head-light\/#primaryimage\"},\"thumbnailUrl\":\"https:\/\/stagezone.hu\/wp-content\/uploads\/2025\/07\/7x40w\u8702\u773c\u8c03\u7126\u6a21\u578b-2-1.jpg\",\"datePublished\":\"2025-07-16T14:39:04+00:00\",\"dateModified\":\"2026-05-04T18:53:09+00:00\",\"description\":\"SHEHDS BeeEye Beam 7x40 zoom wash robotl\u00e1mpa RGBW ledekkel, maximum 34\u00b0-os nyit\u00e1si sz\u00f6ggel \u00e9s rot\u00e1ci\u00f3s t\u00e1rcs\u00e1val.\",\"breadcrumb\":{\"@id\":\"https:\/\/stagezone.hu\/en\/product\/shehds-beeeye-beam-7x40-zoom-wash-moving-head-light\/#breadcrumb\"},\"inLanguage\":\"en-US\",\"potentialAction\":[{\"@type\":\"ReadAction\",\"target\":[\"https:\/\/stagezone.hu\/en\/product\/shehds-beeeye-beam-7x40-zoom-wash-moving-head-light\/\"]}]},{\"@type\":\"ImageObject\",\"inLanguage\":\"en-US\",\"@id\":\"https:\/\/stagezone.hu\/en\/product\/shehds-beeeye-beam-7x40-zoom-wash-moving-head-light\/#primaryimage\",\"url\":\"https:\/\/stagezone.hu\/wp-content\/uploads\/2025\/07\/7x40w\u8702\u773c\u8c03\u7126\u6a21\u578b-2-1.jpg\",\"contentUrl\":\"https:\/\/stagezone.hu\/wp-content\/uploads\/2025\/07\/7x40w\u8702\u773c\u8c03\u7126\u6a21\u578b-2-1.jpg\",\"width\":1000,\"height\":1000,\"caption\":\"BeeEye Beam 7x40W\"},{\"@type\":\"BreadcrumbList\",\"@id\":\"https:\/\/stagezone.hu\/en\/product\/shehds-beeeye-beam-7x40-zoom-wash-moving-head-light\/#breadcrumb\",\"itemListElement\":[{\"@type\":\"ListItem\",\"position\":1,\"name\":\"Kezd\u0151lap\",\"item\":\"https:\/\/stagezone.hu\/\"},{\"@type\":\"ListItem\",\"position\":2,\"name\":\"\u00dczlet\",\"item\":\"https:\/\/stagezone.hu\/uzlet\/\"},{\"@type\":\"ListItem\",\"position\":3,\"name\":\"SHEHDS BeeEye Beam 7x40 - Zoom Wash Moving Head Light\"}]},{\"@type\":\"WebSite\",\"@id\":\"https:\/\/stagezone.hu\/en\/#website\",\"url\":\"https:\/\/stagezone.hu\/en\/\",\"name\":\"StageZone - Ragyogj a Stagezone min\u0151s\u00e9gi f\u00e9nytechnik\u00e1j\u00e1val.\",\"description\":\"StageZone\",\"publisher\":{\"@id\":\"https:\/\/stagezone.hu\/en\/#organization\"},\"potentialAction\":[{\"@type\":\"SearchAction\",\"target\":{\"@type\":\"EntryPoint\",\"urlTemplate\":\"https:\/\/stagezone.hu\/en\/?s={search_term_string}\"},\"query-input\":{\"@type\":\"PropertyValueSpecification\",\"valueRequired\":true,\"valueName\":\"search_term_string\"}}],\"inLanguage\":\"en-US\"},{\"@type\":\"Organization\",\"@id\":\"https:\/\/stagezone.hu\/en\/#organization\",\"name\":\"StageZone\",\"url\":\"https:\/\/stagezone.hu\/en\/\",\"logo\":{\"@type\":\"ImageObject\",\"inLanguage\":\"en-US\",\"@id\":\"https:\/\/stagezone.hu\/en\/#\/schema\/logo\/image\/\",\"url\":\"https:\/\/stagezone.hu\/wp-content\/uploads\/2026\/01\/Adam-Hall_1000x1000-1-1.png\",\"contentUrl\":\"https:\/\/stagezone.hu\/wp-content\/uploads\/2026\/01\/Adam-Hall_1000x1000-1-1.png\",\"width\":1000,\"height\":1000,\"caption\":\"StageZone\"},\"image\":{\"@id\":\"https:\/\/stagezone.hu\/en\/#\/schema\/logo\/image\/\"},\"sameAs\":[\"https:\/\/www.facebook.com\/stagezonehungary\/\",\"https:\/\/www.instagram.com\/stagezonehungary\/\"]}]}<\/script>\n<!-- \/ Yoast SEO Premium plugin. -->","yoast_head_json":{"title":"SHEHDS BeeEye Beam 7x40 - Zoom Wash Moving Head Light","description":"7x40W RGBW zoom wash moving head light with a 7-34\u00b0 beam angle.","robots":{"index":"index","follow":"follow","max-snippet":"max-snippet:-1","max-image-preview":"max-image-preview:large","max-video-preview":"max-video-preview:-1"},"canonical":"7x40W RGBW zoom wash moving head light with a 7-34\u00b0 beam angle.","og_locale":"en_US","og_type":"article","og_title":"SHEHDS BeeEye Beam 7x40 - Zoom Wash Moving Head Light","og_description":"7x40W RGBW zoom wash moving head light with a 7-34\u00b0 beam angle.","og_url":"https:\/\/stagezone.hu\/en\/product\/shehds-beeeye-beam-7x40-zoom-wash-moving-head-light\/","og_site_name":"StageZone","article_publisher":"https:\/\/www.facebook.com\/stagezonehungary\/","article_modified_time":"2026-05-04T18:53:09+00:00","og_image":[{"width":1000,"height":1000,"url":"https:\/\/stagezone.hu\/wp-content\/uploads\/2025\/07\/7x40w\u8702\u773c\u8c03\u7126\u6a21\u578b-2-1.jpg","type":"image\/jpeg"}],"twitter_card":"summary_large_image","twitter_misc":{"Est. reading time":"1 minute"},"schema":{"@context":"https:\/\/schema.org","@graph":[{"@type":"WebPage","@id":"https:\/\/stagezone.hu\/en\/product\/shehds-beeeye-beam-7x40-zoom-wash-moving-head-light\/","url":"https:\/\/stagezone.hu\/en\/product\/shehds-beeeye-beam-7x40-zoom-wash-moving-head-light\/","name":"SHEHDS BeeEye Beam 7x40 - StageZone","isPartOf":{"@id":"https:\/\/stagezone.hu\/#website"},"primaryImageOfPage":{"@id":"https:\/\/stagezone.hu\/en\/product\/shehds-beeeye-beam-7x40-zoom-wash-moving-head-light\/#primaryimage"},"image":{"@id":"https:\/\/stagezone.hu\/en\/product\/shehds-beeeye-beam-7x40-zoom-wash-moving-head-light\/#primaryimage"},"thumbnailUrl":"https:\/\/stagezone.hu\/wp-content\/uploads\/2025\/07\/7x40w\u8702\u773c\u8c03\u7126\u6a21\u578b-2-1.jpg","datePublished":"2025-07-16T14:39:04+00:00","dateModified":"2026-05-04T18:53:09+00:00","description":"SHEHDS BeeEye Beam 7x40 zoom wash robotl\u00e1mpa RGBW ledekkel, maximum 34\u00b0-os nyit\u00e1si sz\u00f6ggel \u00e9s rot\u00e1ci\u00f3s t\u00e1rcs\u00e1val.","breadcrumb":{"@id":"https:\/\/stagezone.hu\/en\/product\/shehds-beeeye-beam-7x40-zoom-wash-moving-head-light\/#breadcrumb"},"inLanguage":"en-US","potentialAction":[{"@type":"ReadAction","target":["https:\/\/stagezone.hu\/en\/product\/shehds-beeeye-beam-7x40-zoom-wash-moving-head-light\/"]}]},{"@type":"ImageObject","inLanguage":"en-US","@id":"https:\/\/stagezone.hu\/en\/product\/shehds-beeeye-beam-7x40-zoom-wash-moving-head-light\/#primaryimage","url":"https:\/\/stagezone.hu\/wp-content\/uploads\/2025\/07\/7x40w\u8702\u773c\u8c03\u7126\u6a21\u578b-2-1.jpg","contentUrl":"https:\/\/stagezone.hu\/wp-content\/uploads\/2025\/07\/7x40w\u8702\u773c\u8c03\u7126\u6a21\u578b-2-1.jpg","width":1000,"height":1000,"caption":"BeeEye Beam 7x40W"},{"@type":"BreadcrumbList","@id":"https:\/\/stagezone.hu\/en\/product\/shehds-beeeye-beam-7x40-zoom-wash-moving-head-light\/#breadcrumb","itemListElement":[{"@type":"ListItem","position":1,"name":"Kezd\u0151lap","item":"https:\/\/stagezone.hu\/"},{"@type":"ListItem","position":2,"name":"\u00dczlet","item":"https:\/\/stagezone.hu\/uzlet\/"},{"@type":"ListItem","position":3,"name":"SHEHDS BeeEye Beam 7x40 - Zoom Wash Moving Head Light"}]},{"@type":"WebSite","@id":"https:\/\/stagezone.hu\/en\/#website","url":"https:\/\/stagezone.hu\/en\/","name":"StageZone - Ragyogj a Stagezone min\u0151s\u00e9gi f\u00e9nytechnik\u00e1j\u00e1val.","description":"StageZone","publisher":{"@id":"https:\/\/stagezone.hu\/en\/#organization"},"potentialAction":[{"@type":"SearchAction","target":{"@type":"EntryPoint","urlTemplate":"https:\/\/stagezone.hu\/en\/?s={search_term_string}"},"query-input":{"@type":"PropertyValueSpecification","valueRequired":true,"valueName":"search_term_string"}}],"inLanguage":"en-US"},{"@type":"Organization","@id":"https:\/\/stagezone.hu\/en\/#organization","name":"StageZone","url":"https:\/\/stagezone.hu\/en\/","logo":{"@type":"ImageObject","inLanguage":"en-US","@id":"https:\/\/stagezone.hu\/en\/#\/schema\/logo\/image\/","url":"https:\/\/stagezone.hu\/wp-content\/uploads\/2026\/01\/Adam-Hall_1000x1000-1-1.png","contentUrl":"https:\/\/stagezone.hu\/wp-content\/uploads\/2026\/01\/Adam-Hall_1000x1000-1-1.png","width":1000,"height":1000,"caption":"StageZone"},"image":{"@id":"https:\/\/stagezone.hu\/en\/#\/schema\/logo\/image\/"},"sameAs":["https:\/\/www.facebook.com\/stagezonehungary\/","https:\/\/www.instagram.com\/stagezonehungary\/"]}]}},"_links":{"self":[{"href":"https:\/\/stagezone.hu\/en\/wp-json\/wp\/v2\/product\/7637","targetHints":{"allow":["GET"]}}],"collection":[{"href":"https:\/\/stagezone.hu\/en\/wp-json\/wp\/v2\/product"}],"about":[{"href":"https:\/\/stagezone.hu\/en\/wp-json\/wp\/v2\/types\/product"}],"replies":[{"embeddable":true,"href":"https:\/\/stagezone.hu\/en\/wp-json\/wp\/v2\/comments?post=7637"}],"version-history":[{"count":5,"href":"https:\/\/stagezone.hu\/en\/wp-json\/wp\/v2\/product\/7637\/revisions"}],"predecessor-version":[{"id":10365,"href":"https:\/\/stagezone.hu\/en\/wp-json\/wp\/v2\/product\/7637\/revisions\/10365"}],"wp:featuredmedia":[{"embeddable":true,"href":"https:\/\/stagezone.hu\/en\/wp-json\/wp\/v2\/media\/7641"}],"wp:attachment":[{"href":"https:\/\/stagezone.hu\/en\/wp-json\/wp\/v2\/media?parent=7637"}],"wp:term":[{"taxonomy":"product_brand","embeddable":true,"href":"https:\/\/stagezone.hu\/en\/wp-json\/wp\/v2\/product_brand?post=7637"},{"taxonomy":"product_cat","embeddable":true,"href":"https:\/\/stagezone.hu\/en\/wp-json\/wp\/v2\/product_cat?post=7637"},{"taxonomy":"product_tag","embeddable":true,"href":"https:\/\/stagezone.hu\/en\/wp-json\/wp\/v2\/product_tag?post=7637"}],"curies":[{"name":"wp","href":"https:\/\/api.w.org\/{rel}","templated":true}]}}