{"id":7613,"date":"2025-07-09T14:30:20","date_gmt":"2025-07-09T13:30:20","guid":{"rendered":"https:\/\/stagezone.hu\/?post_type=product&#038;p=7613"},"modified":"2026-05-04T19:53:10","modified_gmt":"2026-05-04T18:53:10","slug":"bubbletron-ex-go","status":"publish","type":"product","link":"https:\/\/stagezone.hu\/en\/product\/eliminator-bubbletron-ex-go-battery-powered-bubble-machine\/","title":{"rendered":"Eliminator Bubbletron EX GO Battery-Powered Bubble Machine"},"content":{"rendered":"<p>&nbsp;<\/p>\n<p><strong>Eliminator Bubbletron EX GO bubble machine<\/strong><\/p>\n<p>Take the bubbles anywhere with the battery-powered Bubbletron EX GO! The <strong>integrated lithium battery<\/strong> provides up to <strong>5 hours of operation<\/strong> on a single charge, making it ideal for longer events. The battery is capable of approximately <strong>500 charging cycles<\/strong>, ensuring reliable performance over time. A full charge takes only <strong>6 hours<\/strong>. The included <strong>remote control<\/strong> (BUBGO-WR) simplifies operation, allowing you to control your bubble show even from a distance.<br \/>\nThe 1-liter fluid tank and the durable yet lightweight plastic housing ensure convenient use and long-lasting durability.<\/p>\n<p>This device can only be used with <a href=\"https:\/\/stagezone.hu\/termek\/bubble-juice-5l\/\">bubble fluid<\/a>!<\/p>\n<p><strong>Eliminator Lighting<\/strong> is an American lighting technology brand that has been serving the needs of DJs, clubs, event organizers, and other entertainment industry players for over 15 years with affordable yet reliable lighting and effect equipment. The brand is particularly known for its party-focused devices, ease of use, and excellent value for money. It is primarily strong in the entry-level and mid-range segments, for users seeking lighting technology as a portable, mobile system rather than for industrial use. Additionally, many of its products can be an ideal choice for fixed installations in smaller clubs, pubs, or community centers. The brand has been part of the <strong>ADJ Group<\/strong> since 2019.<\/p>\n<blockquote class=\"tiktok-embed\" cite=\"https:\/\/www.tiktok.com\/@stagezone.hu\/video\/7525099055563672854\" data-video-id=\"7525099055563672854\" data-embed-from=\"oembed\" style=\"max-width:605px; min-width:325px;\">\n<section> <a target=\"_blank\" title=\"@stagezone.hu\" href=\"https:\/\/www.tiktok.com\/@stagezone.hu?refer=embed\">@stagezone.hu<\/a> <\/p>\n<p>Kicsi, k\u00f6nny\u0171, akkuml\u00e1toros! Ez a Bubbletron EX GO bubor\u00e9kf\u00faj\u00f3 g\u00e9p!\ud83e\udee7 <a title=\"stagezone\" target=\"_blank\" href=\"https:\/\/www.tiktok.com\/tag\/stagezone?refer=embed\">#stagezone<\/a> <a title=\"fenytechnika\" target=\"_blank\" href=\"https:\/\/www.tiktok.com\/tag\/fenytechnika?refer=embed\">#fenytechnika<\/a> <a title=\"bubble\" target=\"_blank\" href=\"https:\/\/www.tiktok.com\/tag\/bubble?refer=embed\">#bubble<\/a> <a title=\"bubblemachine\" target=\"_blank\" href=\"https:\/\/www.tiktok.com\/tag\/bubblemachine?refer=embed\">#bubblemachine<\/a> <a title=\"eliminator\" target=\"_blank\" href=\"https:\/\/www.tiktok.com\/tag\/eliminator?refer=embed\">#eliminator<\/a> <a title=\"adj\" target=\"_blank\" href=\"https:\/\/www.tiktok.com\/tag\/adj?refer=embed\">#adj<\/a> <a title=\"weddingday\" target=\"_blank\" href=\"https:\/\/www.tiktok.com\/tag\/weddingday?refer=embed\">#weddingday<\/a> <a title=\"dj\" target=\"_blank\" href=\"https:\/\/www.tiktok.com\/tag\/dj?refer=embed\">#dj<\/a> <a title=\"fyp\" target=\"_blank\" href=\"https:\/\/www.tiktok.com\/tag\/fyp?refer=embed\">#fyp<\/a> <\/p>\n<p> <a target=\"_blank\" title=\"\u266c Little Things - Adri\u00e1n Berenguer\" href=\"https:\/\/www.tiktok.com\/music\/Little-Things-6981828410792216577?refer=embed\">\u266c Little Things &#8211; Adri\u00e1n Berenguer<\/a> <\/section>\n<\/blockquote>\n<p> <script async src=\"https:\/\/www.tiktok.com\/embed.js\"><\/script><\/p>\n","protected":false},"excerpt":{"rendered":"<p>The Bubbletron EX GO is a battery-powered bubble machine that lets you take the bubbles anywhere! Ready to use after filling the tank.<\/p>\n","protected":false},"featured_media":7616,"comment_status":"open","ping_status":"closed","template":"","meta":[],"product_brand":[],"product_cat":[178,185],"product_tag":[],"class_list":{"0":"post-7613","1":"product","2":"type-product","3":"status-publish","4":"has-post-thumbnail","6":"product_cat-effekt","7":"product_cat-fustgep","9":"first","10":"instock","11":"taxable","12":"shipping-taxable","13":"purchasable","14":"product-type-simple"},"yoast_head":"<!-- This site is optimized with the Yoast SEO Premium plugin v27.2 (Yoast SEO v27.2) - https:\/\/yoast.com\/product\/yoast-seo-premium-wordpress\/ -->\n<title>Eliminator Bubbletron EX GO Battery-Powered Bubble Machine<\/title>\n<meta name=\"description\" content=\"The Bubbletron EX GO is a battery-powered bubble machine that lets you take the bubbles anywhere! Ready to use after filling the tank.\" \/>\n<meta name=\"robots\" content=\"index, follow, max-snippet:-1, max-image-preview:large, max-video-preview:-1\" \/>\n<link rel=\"canonical\" href=\"http:\/\/The%20Bubbletron%20EX%20GO%20is%20a%20battery-powered%20bubble%20machine%20that%20lets%20you%20take%20the%20bubbles%20anywhere!%20Ready%20to%20use%20after%20filling%20the%20tank.\" \/>\n<meta property=\"og:locale\" content=\"en_US\" \/>\n<meta property=\"og:type\" content=\"article\" \/>\n<meta property=\"og:title\" content=\"Eliminator Bubbletron EX GO Battery-Powered Bubble Machine\" \/>\n<meta property=\"og:description\" content=\"The Bubbletron EX GO is a battery-powered bubble machine that lets you take the bubbles anywhere! Ready to use after filling the tank.\" \/>\n<meta property=\"og:url\" content=\"https:\/\/stagezone.hu\/en\/product\/eliminator-bubbletron-ex-go-battery-powered-bubble-machine\/\" \/>\n<meta property=\"og:site_name\" content=\"StageZone\" \/>\n<meta property=\"article:publisher\" content=\"https:\/\/www.facebook.com\/stagezonehungary\/\" \/>\n<meta property=\"article:modified_time\" content=\"2026-05-04T18:53:10+00:00\" \/>\n<meta property=\"og:image\" content=\"https:\/\/stagezone.hu\/wp-content\/uploads\/2025\/07\/1.png\" \/>\n\t<meta property=\"og:image:width\" content=\"1000\" \/>\n\t<meta property=\"og:image:height\" content=\"1000\" \/>\n\t<meta property=\"og:image:type\" content=\"image\/png\" \/>\n<meta name=\"twitter:card\" content=\"summary_large_image\" \/>\n<meta name=\"twitter:label1\" content=\"Est. reading time\" \/>\n\t<meta name=\"twitter:data1\" content=\"2 minutes\" \/>\n<script type=\"application\/ld+json\" class=\"yoast-schema-graph\">{\"@context\":\"https:\/\/schema.org\",\"@graph\":[{\"@type\":\"WebPage\",\"@id\":\"https:\/\/stagezone.hu\/en\/product\/eliminator-bubbletron-ex-go-battery-powered-bubble-machine\/\",\"url\":\"https:\/\/stagezone.hu\/en\/product\/eliminator-bubbletron-ex-go-battery-powered-bubble-machine\/\",\"name\":\"Bubbletron EX GO - StageZone\",\"isPartOf\":{\"@id\":\"https:\/\/stagezone.hu\/#website\"},\"primaryImageOfPage\":{\"@id\":\"https:\/\/stagezone.hu\/en\/product\/eliminator-bubbletron-ex-go-battery-powered-bubble-machine\/#primaryimage\"},\"image\":{\"@id\":\"https:\/\/stagezone.hu\/en\/product\/eliminator-bubbletron-ex-go-battery-powered-bubble-machine\/#primaryimage\"},\"thumbnailUrl\":\"https:\/\/stagezone.hu\/wp-content\/uploads\/2025\/07\/1.png\",\"datePublished\":\"2025-07-09T13:30:20+00:00\",\"dateModified\":\"2026-05-04T18:53:10+00:00\",\"description\":\"A Bubbletron EX GO akkuml\u00e1toros bubor\u00e9kf\u00faj\u00f3 g\u00e9p seg\u00edts\u00e9g\u00e9vel b\u00e1rhova magaddal viheted a bubikat! A tart\u00e1ly felt\u00f6lt\u00e9se ut\u00e1n azonnal haszn\u00e1lhat\u00f3.\",\"breadcrumb\":{\"@id\":\"https:\/\/stagezone.hu\/en\/product\/eliminator-bubbletron-ex-go-battery-powered-bubble-machine\/#breadcrumb\"},\"inLanguage\":\"en-US\",\"potentialAction\":[{\"@type\":\"ReadAction\",\"target\":[\"https:\/\/stagezone.hu\/en\/product\/eliminator-bubbletron-ex-go-battery-powered-bubble-machine\/\"]}]},{\"@type\":\"ImageObject\",\"inLanguage\":\"en-US\",\"@id\":\"https:\/\/stagezone.hu\/en\/product\/eliminator-bubbletron-ex-go-battery-powered-bubble-machine\/#primaryimage\",\"url\":\"https:\/\/stagezone.hu\/wp-content\/uploads\/2025\/07\/1.png\",\"contentUrl\":\"https:\/\/stagezone.hu\/wp-content\/uploads\/2025\/07\/1.png\",\"width\":1000,\"height\":1000,\"caption\":\"Bubbletron EX GO\"},{\"@type\":\"BreadcrumbList\",\"@id\":\"https:\/\/stagezone.hu\/en\/product\/eliminator-bubbletron-ex-go-battery-powered-bubble-machine\/#breadcrumb\",\"itemListElement\":[{\"@type\":\"ListItem\",\"position\":1,\"name\":\"Kezd\u0151lap\",\"item\":\"https:\/\/stagezone.hu\/\"},{\"@type\":\"ListItem\",\"position\":2,\"name\":\"\u00dczlet\",\"item\":\"https:\/\/stagezone.hu\/uzlet\/\"},{\"@type\":\"ListItem\",\"position\":3,\"name\":\"Eliminator Bubbletron EX GO Battery-Powered Bubble Machine\"}]},{\"@type\":\"WebSite\",\"@id\":\"https:\/\/stagezone.hu\/en\/#website\",\"url\":\"https:\/\/stagezone.hu\/en\/\",\"name\":\"StageZone - Ragyogj a Stagezone min\u0151s\u00e9gi f\u00e9nytechnik\u00e1j\u00e1val.\",\"description\":\"StageZone\",\"publisher\":{\"@id\":\"https:\/\/stagezone.hu\/en\/#organization\"},\"potentialAction\":[{\"@type\":\"SearchAction\",\"target\":{\"@type\":\"EntryPoint\",\"urlTemplate\":\"https:\/\/stagezone.hu\/en\/?s={search_term_string}\"},\"query-input\":{\"@type\":\"PropertyValueSpecification\",\"valueRequired\":true,\"valueName\":\"search_term_string\"}}],\"inLanguage\":\"en-US\"},{\"@type\":\"Organization\",\"@id\":\"https:\/\/stagezone.hu\/en\/#organization\",\"name\":\"StageZone\",\"url\":\"https:\/\/stagezone.hu\/en\/\",\"logo\":{\"@type\":\"ImageObject\",\"inLanguage\":\"en-US\",\"@id\":\"https:\/\/stagezone.hu\/en\/#\/schema\/logo\/image\/\",\"url\":\"https:\/\/stagezone.hu\/wp-content\/uploads\/2026\/01\/Adam-Hall_1000x1000-1-1.png\",\"contentUrl\":\"https:\/\/stagezone.hu\/wp-content\/uploads\/2026\/01\/Adam-Hall_1000x1000-1-1.png\",\"width\":1000,\"height\":1000,\"caption\":\"StageZone\"},\"image\":{\"@id\":\"https:\/\/stagezone.hu\/en\/#\/schema\/logo\/image\/\"},\"sameAs\":[\"https:\/\/www.facebook.com\/stagezonehungary\/\",\"https:\/\/www.instagram.com\/stagezonehungary\/\"]}]}<\/script>\n<!-- \/ Yoast SEO Premium plugin. -->","yoast_head_json":{"title":"Eliminator Bubbletron EX GO Battery-Powered Bubble Machine","description":"The Bubbletron EX GO is a battery-powered bubble machine that lets you take the bubbles anywhere! Ready to use after filling the tank.","robots":{"index":"index","follow":"follow","max-snippet":"max-snippet:-1","max-image-preview":"max-image-preview:large","max-video-preview":"max-video-preview:-1"},"canonical":"The Bubbletron EX GO is a battery-powered bubble machine that lets you take the bubbles anywhere! Ready to use after filling the tank.","og_locale":"en_US","og_type":"article","og_title":"Eliminator Bubbletron EX GO Battery-Powered Bubble Machine","og_description":"The Bubbletron EX GO is a battery-powered bubble machine that lets you take the bubbles anywhere! Ready to use after filling the tank.","og_url":"https:\/\/stagezone.hu\/en\/product\/eliminator-bubbletron-ex-go-battery-powered-bubble-machine\/","og_site_name":"StageZone","article_publisher":"https:\/\/www.facebook.com\/stagezonehungary\/","article_modified_time":"2026-05-04T18:53:10+00:00","og_image":[{"width":1000,"height":1000,"url":"https:\/\/stagezone.hu\/wp-content\/uploads\/2025\/07\/1.png","type":"image\/png"}],"twitter_card":"summary_large_image","twitter_misc":{"Est. reading time":"2 minutes"},"schema":{"@context":"https:\/\/schema.org","@graph":[{"@type":"WebPage","@id":"https:\/\/stagezone.hu\/en\/product\/eliminator-bubbletron-ex-go-battery-powered-bubble-machine\/","url":"https:\/\/stagezone.hu\/en\/product\/eliminator-bubbletron-ex-go-battery-powered-bubble-machine\/","name":"Bubbletron EX GO - StageZone","isPartOf":{"@id":"https:\/\/stagezone.hu\/#website"},"primaryImageOfPage":{"@id":"https:\/\/stagezone.hu\/en\/product\/eliminator-bubbletron-ex-go-battery-powered-bubble-machine\/#primaryimage"},"image":{"@id":"https:\/\/stagezone.hu\/en\/product\/eliminator-bubbletron-ex-go-battery-powered-bubble-machine\/#primaryimage"},"thumbnailUrl":"https:\/\/stagezone.hu\/wp-content\/uploads\/2025\/07\/1.png","datePublished":"2025-07-09T13:30:20+00:00","dateModified":"2026-05-04T18:53:10+00:00","description":"A Bubbletron EX GO akkuml\u00e1toros bubor\u00e9kf\u00faj\u00f3 g\u00e9p seg\u00edts\u00e9g\u00e9vel b\u00e1rhova magaddal viheted a bubikat! A tart\u00e1ly felt\u00f6lt\u00e9se ut\u00e1n azonnal haszn\u00e1lhat\u00f3.","breadcrumb":{"@id":"https:\/\/stagezone.hu\/en\/product\/eliminator-bubbletron-ex-go-battery-powered-bubble-machine\/#breadcrumb"},"inLanguage":"en-US","potentialAction":[{"@type":"ReadAction","target":["https:\/\/stagezone.hu\/en\/product\/eliminator-bubbletron-ex-go-battery-powered-bubble-machine\/"]}]},{"@type":"ImageObject","inLanguage":"en-US","@id":"https:\/\/stagezone.hu\/en\/product\/eliminator-bubbletron-ex-go-battery-powered-bubble-machine\/#primaryimage","url":"https:\/\/stagezone.hu\/wp-content\/uploads\/2025\/07\/1.png","contentUrl":"https:\/\/stagezone.hu\/wp-content\/uploads\/2025\/07\/1.png","width":1000,"height":1000,"caption":"Bubbletron EX GO"},{"@type":"BreadcrumbList","@id":"https:\/\/stagezone.hu\/en\/product\/eliminator-bubbletron-ex-go-battery-powered-bubble-machine\/#breadcrumb","itemListElement":[{"@type":"ListItem","position":1,"name":"Kezd\u0151lap","item":"https:\/\/stagezone.hu\/"},{"@type":"ListItem","position":2,"name":"\u00dczlet","item":"https:\/\/stagezone.hu\/uzlet\/"},{"@type":"ListItem","position":3,"name":"Eliminator Bubbletron EX GO Battery-Powered Bubble Machine"}]},{"@type":"WebSite","@id":"https:\/\/stagezone.hu\/en\/#website","url":"https:\/\/stagezone.hu\/en\/","name":"StageZone - Ragyogj a Stagezone min\u0151s\u00e9gi f\u00e9nytechnik\u00e1j\u00e1val.","description":"StageZone","publisher":{"@id":"https:\/\/stagezone.hu\/en\/#organization"},"potentialAction":[{"@type":"SearchAction","target":{"@type":"EntryPoint","urlTemplate":"https:\/\/stagezone.hu\/en\/?s={search_term_string}"},"query-input":{"@type":"PropertyValueSpecification","valueRequired":true,"valueName":"search_term_string"}}],"inLanguage":"en-US"},{"@type":"Organization","@id":"https:\/\/stagezone.hu\/en\/#organization","name":"StageZone","url":"https:\/\/stagezone.hu\/en\/","logo":{"@type":"ImageObject","inLanguage":"en-US","@id":"https:\/\/stagezone.hu\/en\/#\/schema\/logo\/image\/","url":"https:\/\/stagezone.hu\/wp-content\/uploads\/2026\/01\/Adam-Hall_1000x1000-1-1.png","contentUrl":"https:\/\/stagezone.hu\/wp-content\/uploads\/2026\/01\/Adam-Hall_1000x1000-1-1.png","width":1000,"height":1000,"caption":"StageZone"},"image":{"@id":"https:\/\/stagezone.hu\/en\/#\/schema\/logo\/image\/"},"sameAs":["https:\/\/www.facebook.com\/stagezonehungary\/","https:\/\/www.instagram.com\/stagezonehungary\/"]}]}},"_links":{"self":[{"href":"https:\/\/stagezone.hu\/en\/wp-json\/wp\/v2\/product\/7613","targetHints":{"allow":["GET"]}}],"collection":[{"href":"https:\/\/stagezone.hu\/en\/wp-json\/wp\/v2\/product"}],"about":[{"href":"https:\/\/stagezone.hu\/en\/wp-json\/wp\/v2\/types\/product"}],"replies":[{"embeddable":true,"href":"https:\/\/stagezone.hu\/en\/wp-json\/wp\/v2\/comments?post=7613"}],"version-history":[{"count":3,"href":"https:\/\/stagezone.hu\/en\/wp-json\/wp\/v2\/product\/7613\/revisions"}],"predecessor-version":[{"id":9751,"href":"https:\/\/stagezone.hu\/en\/wp-json\/wp\/v2\/product\/7613\/revisions\/9751"}],"wp:featuredmedia":[{"embeddable":true,"href":"https:\/\/stagezone.hu\/en\/wp-json\/wp\/v2\/media\/7616"}],"wp:attachment":[{"href":"https:\/\/stagezone.hu\/en\/wp-json\/wp\/v2\/media?parent=7613"}],"wp:term":[{"taxonomy":"product_brand","embeddable":true,"href":"https:\/\/stagezone.hu\/en\/wp-json\/wp\/v2\/product_brand?post=7613"},{"taxonomy":"product_cat","embeddable":true,"href":"https:\/\/stagezone.hu\/en\/wp-json\/wp\/v2\/product_cat?post=7613"},{"taxonomy":"product_tag","embeddable":true,"href":"https:\/\/stagezone.hu\/en\/wp-json\/wp\/v2\/product_tag?post=7613"}],"curies":[{"name":"wp","href":"https:\/\/api.w.org\/{rel}","templated":true}]}}