{"id":7576,"date":"2025-06-25T14:00:11","date_gmt":"2025-06-25T13:00:11","guid":{"rendered":"https:\/\/stagezone.hu\/?post_type=product&#038;p=7576"},"modified":"2025-06-25T14:00:12","modified_gmt":"2025-06-25T13:00:12","slug":"ss-018","status":"publish","type":"product","link":"https:\/\/stagezone.hu\/en\/product\/ss-018\/","title":{"rendered":"SS 018"},"content":{"rendered":"<p>&nbsp;<\/p>\n<p>Az SS 018 csavar a <a href=\"https:\/\/stagezone.hu\/termek\/ls-super-tb-01\/\">Gravity LS Super<\/a> TB kieg\u00e9sz\u00edt\u0151 term\u00e9ke. Seg\u00edts\u00e9g\u00e9vel eszk\u00f6zeinket megfelel\u0151en tudjuk r\u00f6gz\u00edteni az elemre.<\/p>\n<p><strong>M\u00e9ret:<\/strong> M10 x 16<\/p>\n","protected":false},"excerpt":{"rendered":"<p style=\"text-align: center;\"><strong>R\u00f6gz\u00edt\u0151csavar Gravity LS Super TB \u00e1llv\u00e1nyhoz.<\/strong><\/p>\n","protected":false},"featured_media":7577,"comment_status":"open","ping_status":"closed","template":"","meta":[],"product_brand":[],"product_cat":[326,363],"product_tag":[329,365,497],"class_list":{"0":"post-7576","1":"product","2":"type-product","3":"status-publish","4":"has-post-thumbnail","6":"product_cat-fenyallvany","7":"product_cat-hardver","8":"product_tag-adam-hall","9":"product_tag-gravity","10":"product_tag-superttb","12":"first","13":"contact_us","14":"taxable","15":"shipping-taxable","16":"purchasable","17":"product-type-simple"},"yoast_head":"<!-- This site is optimized with the Yoast SEO Premium plugin v27.2 (Yoast SEO v27.2) - https:\/\/yoast.com\/product\/yoast-seo-premium-wordpress\/ -->\n<title>SS 018<\/title>\n<meta name=\"description\" content=\"Az SS 018 csavar a Gravity LS Super TB kieg\u00e9sz\u00edt\u0151 term\u00e9ke. Seg\u00edts\u00e9g\u00e9vel megfelel\u0151en tudjuk r\u00f6gz\u00edteni eszk\u00f6zeinket a T elemre.\" \/>\n<meta name=\"robots\" content=\"index, follow, max-snippet:-1, max-image-preview:large, max-video-preview:-1\" \/>\n<link rel=\"canonical\" href=\"http:\/\/R\u00f6gz\u00edt\u0151csavar%20Gravity%20LS%20Super%20TB%20\u00e1llv\u00e1nyhoz.\" \/>\n<meta property=\"og:locale\" content=\"en_US\" \/>\n<meta property=\"og:type\" content=\"article\" \/>\n<meta property=\"og:title\" content=\"SS 018\" \/>\n<meta property=\"og:description\" content=\"Az SS 018 csavar a Gravity LS Super TB kieg\u00e9sz\u00edt\u0151 term\u00e9ke. Seg\u00edts\u00e9g\u00e9vel megfelel\u0151en tudjuk r\u00f6gz\u00edteni eszk\u00f6zeinket a T elemre.\" \/>\n<meta property=\"og:url\" content=\"https:\/\/stagezone.hu\/en\/product\/ss-018\/\" \/>\n<meta property=\"og:site_name\" content=\"StageZone\" \/>\n<meta property=\"article:publisher\" content=\"https:\/\/www.facebook.com\/stagezonehungary\/\" \/>\n<meta property=\"article:modified_time\" content=\"2025-06-25T13:00:12+00:00\" \/>\n<meta property=\"og:image\" content=\"https:\/\/stagezone.hu\/wp-content\/uploads\/2025\/06\/SS018_1.jpg\" \/>\n\t<meta property=\"og:image:width\" content=\"1000\" \/>\n\t<meta property=\"og:image:height\" content=\"1000\" \/>\n\t<meta property=\"og:image:type\" content=\"image\/jpeg\" \/>\n<meta name=\"twitter:card\" content=\"summary_large_image\" \/>\n<meta name=\"twitter:label1\" content=\"Est. reading time\" \/>\n\t<meta name=\"twitter:data1\" content=\"1 minute\" \/>\n<script type=\"application\/ld+json\" class=\"yoast-schema-graph\">{\"@context\":\"https:\/\/schema.org\",\"@graph\":[{\"@type\":\"WebPage\",\"@id\":\"https:\/\/stagezone.hu\/en\/product\/ss-018\/\",\"url\":\"https:\/\/stagezone.hu\/en\/product\/ss-018\/\",\"name\":\"SS 018 - StageZone\",\"isPartOf\":{\"@id\":\"https:\/\/stagezone.hu\/#website\"},\"primaryImageOfPage\":{\"@id\":\"https:\/\/stagezone.hu\/en\/product\/ss-018\/#primaryimage\"},\"image\":{\"@id\":\"https:\/\/stagezone.hu\/en\/product\/ss-018\/#primaryimage\"},\"thumbnailUrl\":\"https:\/\/stagezone.hu\/wp-content\/uploads\/2025\/06\/SS018_1.jpg\",\"datePublished\":\"2025-06-25T13:00:11+00:00\",\"dateModified\":\"2025-06-25T13:00:12+00:00\",\"description\":\"Az SS 018 csavar a Gravity LS Super TB kieg\u00e9sz\u00edt\u0151 term\u00e9ke. Seg\u00edts\u00e9g\u00e9vel megfelel\u0151en tudjuk r\u00f6gz\u00edteni eszk\u00f6zeinket a T elemre.\",\"breadcrumb\":{\"@id\":\"https:\/\/stagezone.hu\/en\/product\/ss-018\/#breadcrumb\"},\"inLanguage\":\"en-US\",\"potentialAction\":[{\"@type\":\"ReadAction\",\"target\":[\"https:\/\/stagezone.hu\/en\/product\/ss-018\/\"]}]},{\"@type\":\"ImageObject\",\"inLanguage\":\"en-US\",\"@id\":\"https:\/\/stagezone.hu\/en\/product\/ss-018\/#primaryimage\",\"url\":\"https:\/\/stagezone.hu\/wp-content\/uploads\/2025\/06\/SS018_1.jpg\",\"contentUrl\":\"https:\/\/stagezone.hu\/wp-content\/uploads\/2025\/06\/SS018_1.jpg\",\"width\":1000,\"height\":1000,\"caption\":\"SS018\"},{\"@type\":\"BreadcrumbList\",\"@id\":\"https:\/\/stagezone.hu\/en\/product\/ss-018\/#breadcrumb\",\"itemListElement\":[{\"@type\":\"ListItem\",\"position\":1,\"name\":\"Kezd\u0151lap\",\"item\":\"https:\/\/stagezone.hu\/\"},{\"@type\":\"ListItem\",\"position\":2,\"name\":\"\u00dczlet\",\"item\":\"https:\/\/stagezone.hu\/uzlet\/\"},{\"@type\":\"ListItem\",\"position\":3,\"name\":\"SS 018\"}]},{\"@type\":\"WebSite\",\"@id\":\"https:\/\/stagezone.hu\/en\/#website\",\"url\":\"https:\/\/stagezone.hu\/en\/\",\"name\":\"StageZone - Ragyogj a Stagezone min\u0151s\u00e9gi f\u00e9nytechnik\u00e1j\u00e1val.\",\"description\":\"StageZone\",\"publisher\":{\"@id\":\"https:\/\/stagezone.hu\/en\/#organization\"},\"potentialAction\":[{\"@type\":\"SearchAction\",\"target\":{\"@type\":\"EntryPoint\",\"urlTemplate\":\"https:\/\/stagezone.hu\/en\/?s={search_term_string}\"},\"query-input\":{\"@type\":\"PropertyValueSpecification\",\"valueRequired\":true,\"valueName\":\"search_term_string\"}}],\"inLanguage\":\"en-US\"},{\"@type\":\"Organization\",\"@id\":\"https:\/\/stagezone.hu\/en\/#organization\",\"name\":\"StageZone\",\"url\":\"https:\/\/stagezone.hu\/en\/\",\"logo\":{\"@type\":\"ImageObject\",\"inLanguage\":\"en-US\",\"@id\":\"https:\/\/stagezone.hu\/en\/#\/schema\/logo\/image\/\",\"url\":\"https:\/\/stagezone.hu\/wp-content\/uploads\/2026\/01\/Adam-Hall_1000x1000-1-1.png\",\"contentUrl\":\"https:\/\/stagezone.hu\/wp-content\/uploads\/2026\/01\/Adam-Hall_1000x1000-1-1.png\",\"width\":1000,\"height\":1000,\"caption\":\"StageZone\"},\"image\":{\"@id\":\"https:\/\/stagezone.hu\/en\/#\/schema\/logo\/image\/\"},\"sameAs\":[\"https:\/\/www.facebook.com\/stagezonehungary\/\",\"https:\/\/www.instagram.com\/stagezonehungary\/\"]}]}<\/script>\n<!-- \/ Yoast SEO Premium plugin. -->","yoast_head_json":{"title":"SS 018","description":"Az SS 018 csavar a Gravity LS Super TB kieg\u00e9sz\u00edt\u0151 term\u00e9ke. Seg\u00edts\u00e9g\u00e9vel megfelel\u0151en tudjuk r\u00f6gz\u00edteni eszk\u00f6zeinket a T elemre.","robots":{"index":"index","follow":"follow","max-snippet":"max-snippet:-1","max-image-preview":"max-image-preview:large","max-video-preview":"max-video-preview:-1"},"canonical":"R\u00f6gz\u00edt\u0151csavar Gravity LS Super TB \u00e1llv\u00e1nyhoz.","og_locale":"en_US","og_type":"article","og_title":"SS 018","og_description":"Az SS 018 csavar a Gravity LS Super TB kieg\u00e9sz\u00edt\u0151 term\u00e9ke. Seg\u00edts\u00e9g\u00e9vel megfelel\u0151en tudjuk r\u00f6gz\u00edteni eszk\u00f6zeinket a T elemre.","og_url":"https:\/\/stagezone.hu\/en\/product\/ss-018\/","og_site_name":"StageZone","article_publisher":"https:\/\/www.facebook.com\/stagezonehungary\/","article_modified_time":"2025-06-25T13:00:12+00:00","og_image":[{"width":1000,"height":1000,"url":"https:\/\/stagezone.hu\/wp-content\/uploads\/2025\/06\/SS018_1.jpg","type":"image\/jpeg"}],"twitter_card":"summary_large_image","twitter_misc":{"Est. reading time":"1 minute"},"schema":{"@context":"https:\/\/schema.org","@graph":[{"@type":"WebPage","@id":"https:\/\/stagezone.hu\/en\/product\/ss-018\/","url":"https:\/\/stagezone.hu\/en\/product\/ss-018\/","name":"SS 018 - StageZone","isPartOf":{"@id":"https:\/\/stagezone.hu\/#website"},"primaryImageOfPage":{"@id":"https:\/\/stagezone.hu\/en\/product\/ss-018\/#primaryimage"},"image":{"@id":"https:\/\/stagezone.hu\/en\/product\/ss-018\/#primaryimage"},"thumbnailUrl":"https:\/\/stagezone.hu\/wp-content\/uploads\/2025\/06\/SS018_1.jpg","datePublished":"2025-06-25T13:00:11+00:00","dateModified":"2025-06-25T13:00:12+00:00","description":"Az SS 018 csavar a Gravity LS Super TB kieg\u00e9sz\u00edt\u0151 term\u00e9ke. Seg\u00edts\u00e9g\u00e9vel megfelel\u0151en tudjuk r\u00f6gz\u00edteni eszk\u00f6zeinket a T elemre.","breadcrumb":{"@id":"https:\/\/stagezone.hu\/en\/product\/ss-018\/#breadcrumb"},"inLanguage":"en-US","potentialAction":[{"@type":"ReadAction","target":["https:\/\/stagezone.hu\/en\/product\/ss-018\/"]}]},{"@type":"ImageObject","inLanguage":"en-US","@id":"https:\/\/stagezone.hu\/en\/product\/ss-018\/#primaryimage","url":"https:\/\/stagezone.hu\/wp-content\/uploads\/2025\/06\/SS018_1.jpg","contentUrl":"https:\/\/stagezone.hu\/wp-content\/uploads\/2025\/06\/SS018_1.jpg","width":1000,"height":1000,"caption":"SS018"},{"@type":"BreadcrumbList","@id":"https:\/\/stagezone.hu\/en\/product\/ss-018\/#breadcrumb","itemListElement":[{"@type":"ListItem","position":1,"name":"Kezd\u0151lap","item":"https:\/\/stagezone.hu\/"},{"@type":"ListItem","position":2,"name":"\u00dczlet","item":"https:\/\/stagezone.hu\/uzlet\/"},{"@type":"ListItem","position":3,"name":"SS 018"}]},{"@type":"WebSite","@id":"https:\/\/stagezone.hu\/en\/#website","url":"https:\/\/stagezone.hu\/en\/","name":"StageZone - Ragyogj a Stagezone min\u0151s\u00e9gi f\u00e9nytechnik\u00e1j\u00e1val.","description":"StageZone","publisher":{"@id":"https:\/\/stagezone.hu\/en\/#organization"},"potentialAction":[{"@type":"SearchAction","target":{"@type":"EntryPoint","urlTemplate":"https:\/\/stagezone.hu\/en\/?s={search_term_string}"},"query-input":{"@type":"PropertyValueSpecification","valueRequired":true,"valueName":"search_term_string"}}],"inLanguage":"en-US"},{"@type":"Organization","@id":"https:\/\/stagezone.hu\/en\/#organization","name":"StageZone","url":"https:\/\/stagezone.hu\/en\/","logo":{"@type":"ImageObject","inLanguage":"en-US","@id":"https:\/\/stagezone.hu\/en\/#\/schema\/logo\/image\/","url":"https:\/\/stagezone.hu\/wp-content\/uploads\/2026\/01\/Adam-Hall_1000x1000-1-1.png","contentUrl":"https:\/\/stagezone.hu\/wp-content\/uploads\/2026\/01\/Adam-Hall_1000x1000-1-1.png","width":1000,"height":1000,"caption":"StageZone"},"image":{"@id":"https:\/\/stagezone.hu\/en\/#\/schema\/logo\/image\/"},"sameAs":["https:\/\/www.facebook.com\/stagezonehungary\/","https:\/\/www.instagram.com\/stagezonehungary\/"]}]}},"_links":{"self":[{"href":"https:\/\/stagezone.hu\/en\/wp-json\/wp\/v2\/product\/7576","targetHints":{"allow":["GET"]}}],"collection":[{"href":"https:\/\/stagezone.hu\/en\/wp-json\/wp\/v2\/product"}],"about":[{"href":"https:\/\/stagezone.hu\/en\/wp-json\/wp\/v2\/types\/product"}],"replies":[{"embeddable":true,"href":"https:\/\/stagezone.hu\/en\/wp-json\/wp\/v2\/comments?post=7576"}],"version-history":[{"count":1,"href":"https:\/\/stagezone.hu\/en\/wp-json\/wp\/v2\/product\/7576\/revisions"}],"predecessor-version":[{"id":7579,"href":"https:\/\/stagezone.hu\/en\/wp-json\/wp\/v2\/product\/7576\/revisions\/7579"}],"wp:featuredmedia":[{"embeddable":true,"href":"https:\/\/stagezone.hu\/en\/wp-json\/wp\/v2\/media\/7577"}],"wp:attachment":[{"href":"https:\/\/stagezone.hu\/en\/wp-json\/wp\/v2\/media?parent=7576"}],"wp:term":[{"taxonomy":"product_brand","embeddable":true,"href":"https:\/\/stagezone.hu\/en\/wp-json\/wp\/v2\/product_brand?post=7576"},{"taxonomy":"product_cat","embeddable":true,"href":"https:\/\/stagezone.hu\/en\/wp-json\/wp\/v2\/product_cat?post=7576"},{"taxonomy":"product_tag","embeddable":true,"href":"https:\/\/stagezone.hu\/en\/wp-json\/wp\/v2\/product_tag?post=7576"}],"curies":[{"name":"wp","href":"https:\/\/api.w.org\/{rel}","templated":true}]}}