{"id":7517,"date":"2025-06-27T16:00:55","date_gmt":"2025-06-27T15:00:55","guid":{"rendered":"https:\/\/stagezone.hu\/?post_type=product&#038;p=7517"},"modified":"2026-05-04T19:53:18","modified_gmt":"2026-05-04T18:53:18","slug":"dt-33-2-dyno-wheel-black","status":"publish","type":"product","link":"https:\/\/stagezone.hu\/en\/product\/duratruss-dt-33-2-dyno-wheel-black\/","title":{"rendered":"DuraTruss DT 33\/2 Dyno Wheel Black"},"content":{"rendered":"<p><strong>DuraTruss DT 33\/2 Dyno Wheel Black<\/strong> is a 3-point circular element, providing an excellent load-bearing to weight ratio for the system.<br \/>The system can be expanded as needed, with corners, T-junctions, angles, and curves available.<br \/>A wide range of accessories are available, such as clamps, connectors, base plates, wall mounts, spacers, and many other accessories.<\/p>\n<p><strong data-start=\"649\" data-end=\"677\">Advantages of the DT 33\/2 Dyno Wheel Black:<\/strong><br \/>\u2022 High-quality 50 mm diameter aluminum tube with 2 mm wall thickness<br \/>\u2022 Easy installation<br \/>\u2022 Low weight<br \/>\u2022 Space-saving transport<br \/>\u2022 For exhibition stand construction and event technology applications<\/p>\n<p><strong>Material:<\/strong><br \/>\u2022 EN-AW 6082 T6<\/p>\n<p><strong>Duratruss<\/strong> products are made from high-quality aluminum and meet the strictest technical standards, such as the German <strong>T\u00dcV<\/strong> regulations. Its most popular products include the DT34 series \u2013 a square-profile truss for exhibition stands, small roof structures, and standard installations \u2013, the DT33 triangular truss system for temporary installations, and the DT44, which is suitable for larger installations and stage roofs. Their 5500 m\u00b2 warehouse capacity allows them to maintain a constant stock, ensuring standard products are always quickly available.<\/p>\n<p><strong>Diameter:<\/strong> 1 m<\/p>\n","protected":false},"excerpt":{"rendered":"<p>The DuraTruss DT 33\/2 Dyno Wheel Black is a circular truss element offering a good load-bearing to weight ratio.<\/p>\n","protected":false},"featured_media":7518,"comment_status":"open","ping_status":"closed","template":"","meta":[],"product_brand":[],"product_cat":[474,363,470],"product_tag":[484,487,486],"class_list":{"0":"post-7517","1":"product","2":"type-product","3":"status-publish","4":"has-post-thumbnail","6":"product_cat-3-pontos-elemek","7":"product_cat-hardver","8":"product_cat-traverz","9":"product_tag-duratruss","10":"product_tag-traverz","11":"product_tag-truss","13":"first","14":"contact_us","15":"taxable","16":"shipping-taxable","17":"purchasable","18":"product-type-simple"},"yoast_head":"<!-- This site is optimized with the Yoast SEO Premium plugin v27.2 (Yoast SEO v27.2) - https:\/\/yoast.com\/product\/yoast-seo-premium-wordpress\/ -->\n<title>DuraTruss DT 33\/2 Dyno Wheel Black<\/title>\n<meta name=\"description\" content=\"The DuraTruss DT 33\/2 Dyno Wheel Black is a circular truss element offering a good load-bearing to weight ratio.\" \/>\n<meta name=\"robots\" content=\"index, follow, max-snippet:-1, max-image-preview:large, max-video-preview:-1\" \/>\n<link rel=\"canonical\" href=\"http:\/\/The%20DuraTruss%20DT%2033\/2%20Dyno%20Wheel%20Black%20is%20a%20circular%20truss%20element%20offering%20a%20good%20load-bearing%20to%20weight%20ratio.\" \/>\n<meta property=\"og:locale\" content=\"en_US\" \/>\n<meta property=\"og:type\" content=\"article\" \/>\n<meta property=\"og:title\" content=\"DuraTruss DT 33\/2 Dyno Wheel Black\" \/>\n<meta property=\"og:description\" content=\"The DuraTruss DT 33\/2 Dyno Wheel Black is a circular truss element offering a good load-bearing to weight ratio.\" \/>\n<meta property=\"og:url\" content=\"https:\/\/stagezone.hu\/en\/product\/duratruss-dt-33-2-dyno-wheel-black\/\" \/>\n<meta property=\"og:site_name\" content=\"StageZone\" \/>\n<meta property=\"article:publisher\" content=\"https:\/\/www.facebook.com\/stagezonehungary\/\" \/>\n<meta property=\"article:modified_time\" content=\"2026-05-04T18:53:18+00:00\" \/>\n<meta property=\"og:image\" content=\"https:\/\/stagezone.hu\/wp-content\/uploads\/2025\/06\/1723300019.jpg\" \/>\n\t<meta property=\"og:image:width\" content=\"1100\" \/>\n\t<meta property=\"og:image:height\" content=\"1100\" \/>\n\t<meta property=\"og:image:type\" content=\"image\/jpeg\" \/>\n<meta name=\"twitter:card\" content=\"summary_large_image\" \/>\n<meta name=\"twitter:label1\" content=\"Est. reading time\" \/>\n\t<meta name=\"twitter:data1\" content=\"2 minutes\" \/>\n<script type=\"application\/ld+json\" class=\"yoast-schema-graph\">{\"@context\":\"https:\/\/schema.org\",\"@graph\":[{\"@type\":\"WebPage\",\"@id\":\"https:\/\/stagezone.hu\/en\/product\/duratruss-dt-33-2-dyno-wheel-black\/\",\"url\":\"https:\/\/stagezone.hu\/en\/product\/duratruss-dt-33-2-dyno-wheel-black\/\",\"name\":\"DT 33\/2 Dyno Wheel Black - StageZone\",\"isPartOf\":{\"@id\":\"https:\/\/stagezone.hu\/#website\"},\"primaryImageOfPage\":{\"@id\":\"https:\/\/stagezone.hu\/en\/product\/duratruss-dt-33-2-dyno-wheel-black\/#primaryimage\"},\"image\":{\"@id\":\"https:\/\/stagezone.hu\/en\/product\/duratruss-dt-33-2-dyno-wheel-black\/#primaryimage\"},\"thumbnailUrl\":\"https:\/\/stagezone.hu\/wp-content\/uploads\/2025\/06\/1723300019.jpg\",\"datePublished\":\"2025-06-27T15:00:55+00:00\",\"dateModified\":\"2026-05-04T18:53:18+00:00\",\"description\":\"A DURATRUSS DT 33\/2 k\u00f6nny\u0171, m\u00e9gis er\u0151s alum\u00ednium trussrendszer ki\u00e1ll\u00edt\u00e1sokhoz \u00e9s rendezv\u00e9nyekhez, gyors szerelhet\u0151s\u00e9ggel \u00e9s b\u0151v\u00edthet\u0151s\u00e9ggel.\",\"breadcrumb\":{\"@id\":\"https:\/\/stagezone.hu\/en\/product\/duratruss-dt-33-2-dyno-wheel-black\/#breadcrumb\"},\"inLanguage\":\"en-US\",\"potentialAction\":[{\"@type\":\"ReadAction\",\"target\":[\"https:\/\/stagezone.hu\/en\/product\/duratruss-dt-33-2-dyno-wheel-black\/\"]}]},{\"@type\":\"ImageObject\",\"inLanguage\":\"en-US\",\"@id\":\"https:\/\/stagezone.hu\/en\/product\/duratruss-dt-33-2-dyno-wheel-black\/#primaryimage\",\"url\":\"https:\/\/stagezone.hu\/wp-content\/uploads\/2025\/06\/1723300019.jpg\",\"contentUrl\":\"https:\/\/stagezone.hu\/wp-content\/uploads\/2025\/06\/1723300019.jpg\",\"width\":1100,\"height\":1100,\"caption\":\"DT 33\/2 Dyno Wheel Black\"},{\"@type\":\"BreadcrumbList\",\"@id\":\"https:\/\/stagezone.hu\/en\/product\/duratruss-dt-33-2-dyno-wheel-black\/#breadcrumb\",\"itemListElement\":[{\"@type\":\"ListItem\",\"position\":1,\"name\":\"Kezd\u0151lap\",\"item\":\"https:\/\/stagezone.hu\/\"},{\"@type\":\"ListItem\",\"position\":2,\"name\":\"\u00dczlet\",\"item\":\"https:\/\/stagezone.hu\/uzlet\/\"},{\"@type\":\"ListItem\",\"position\":3,\"name\":\"DuraTruss DT 33\/2 Dyno Wheel Black\"}]},{\"@type\":\"WebSite\",\"@id\":\"https:\/\/stagezone.hu\/en\/#website\",\"url\":\"https:\/\/stagezone.hu\/en\/\",\"name\":\"StageZone - Ragyogj a Stagezone min\u0151s\u00e9gi f\u00e9nytechnik\u00e1j\u00e1val.\",\"description\":\"StageZone\",\"publisher\":{\"@id\":\"https:\/\/stagezone.hu\/en\/#organization\"},\"potentialAction\":[{\"@type\":\"SearchAction\",\"target\":{\"@type\":\"EntryPoint\",\"urlTemplate\":\"https:\/\/stagezone.hu\/en\/?s={search_term_string}\"},\"query-input\":{\"@type\":\"PropertyValueSpecification\",\"valueRequired\":true,\"valueName\":\"search_term_string\"}}],\"inLanguage\":\"en-US\"},{\"@type\":\"Organization\",\"@id\":\"https:\/\/stagezone.hu\/en\/#organization\",\"name\":\"StageZone\",\"url\":\"https:\/\/stagezone.hu\/en\/\",\"logo\":{\"@type\":\"ImageObject\",\"inLanguage\":\"en-US\",\"@id\":\"https:\/\/stagezone.hu\/en\/#\/schema\/logo\/image\/\",\"url\":\"https:\/\/stagezone.hu\/wp-content\/uploads\/2026\/01\/Adam-Hall_1000x1000-1-1.png\",\"contentUrl\":\"https:\/\/stagezone.hu\/wp-content\/uploads\/2026\/01\/Adam-Hall_1000x1000-1-1.png\",\"width\":1000,\"height\":1000,\"caption\":\"StageZone\"},\"image\":{\"@id\":\"https:\/\/stagezone.hu\/en\/#\/schema\/logo\/image\/\"},\"sameAs\":[\"https:\/\/www.facebook.com\/stagezonehungary\/\",\"https:\/\/www.instagram.com\/stagezonehungary\/\"]}]}<\/script>\n<!-- \/ Yoast SEO Premium plugin. -->","yoast_head_json":{"title":"DuraTruss DT 33\/2 Dyno Wheel Black","description":"The DuraTruss DT 33\/2 Dyno Wheel Black is a circular truss element offering a good load-bearing to weight ratio.","robots":{"index":"index","follow":"follow","max-snippet":"max-snippet:-1","max-image-preview":"max-image-preview:large","max-video-preview":"max-video-preview:-1"},"canonical":"The DuraTruss DT 33\/2 Dyno Wheel Black is a circular truss element offering a good load-bearing to weight ratio.","og_locale":"en_US","og_type":"article","og_title":"DuraTruss DT 33\/2 Dyno Wheel Black","og_description":"The DuraTruss DT 33\/2 Dyno Wheel Black is a circular truss element offering a good load-bearing to weight ratio.","og_url":"https:\/\/stagezone.hu\/en\/product\/duratruss-dt-33-2-dyno-wheel-black\/","og_site_name":"StageZone","article_publisher":"https:\/\/www.facebook.com\/stagezonehungary\/","article_modified_time":"2026-05-04T18:53:18+00:00","og_image":[{"width":1100,"height":1100,"url":"https:\/\/stagezone.hu\/wp-content\/uploads\/2025\/06\/1723300019.jpg","type":"image\/jpeg"}],"twitter_card":"summary_large_image","twitter_misc":{"Est. reading time":"2 minutes"},"schema":{"@context":"https:\/\/schema.org","@graph":[{"@type":"WebPage","@id":"https:\/\/stagezone.hu\/en\/product\/duratruss-dt-33-2-dyno-wheel-black\/","url":"https:\/\/stagezone.hu\/en\/product\/duratruss-dt-33-2-dyno-wheel-black\/","name":"DT 33\/2 Dyno Wheel Black - StageZone","isPartOf":{"@id":"https:\/\/stagezone.hu\/#website"},"primaryImageOfPage":{"@id":"https:\/\/stagezone.hu\/en\/product\/duratruss-dt-33-2-dyno-wheel-black\/#primaryimage"},"image":{"@id":"https:\/\/stagezone.hu\/en\/product\/duratruss-dt-33-2-dyno-wheel-black\/#primaryimage"},"thumbnailUrl":"https:\/\/stagezone.hu\/wp-content\/uploads\/2025\/06\/1723300019.jpg","datePublished":"2025-06-27T15:00:55+00:00","dateModified":"2026-05-04T18:53:18+00:00","description":"A DURATRUSS DT 33\/2 k\u00f6nny\u0171, m\u00e9gis er\u0151s alum\u00ednium trussrendszer ki\u00e1ll\u00edt\u00e1sokhoz \u00e9s rendezv\u00e9nyekhez, gyors szerelhet\u0151s\u00e9ggel \u00e9s b\u0151v\u00edthet\u0151s\u00e9ggel.","breadcrumb":{"@id":"https:\/\/stagezone.hu\/en\/product\/duratruss-dt-33-2-dyno-wheel-black\/#breadcrumb"},"inLanguage":"en-US","potentialAction":[{"@type":"ReadAction","target":["https:\/\/stagezone.hu\/en\/product\/duratruss-dt-33-2-dyno-wheel-black\/"]}]},{"@type":"ImageObject","inLanguage":"en-US","@id":"https:\/\/stagezone.hu\/en\/product\/duratruss-dt-33-2-dyno-wheel-black\/#primaryimage","url":"https:\/\/stagezone.hu\/wp-content\/uploads\/2025\/06\/1723300019.jpg","contentUrl":"https:\/\/stagezone.hu\/wp-content\/uploads\/2025\/06\/1723300019.jpg","width":1100,"height":1100,"caption":"DT 33\/2 Dyno Wheel Black"},{"@type":"BreadcrumbList","@id":"https:\/\/stagezone.hu\/en\/product\/duratruss-dt-33-2-dyno-wheel-black\/#breadcrumb","itemListElement":[{"@type":"ListItem","position":1,"name":"Kezd\u0151lap","item":"https:\/\/stagezone.hu\/"},{"@type":"ListItem","position":2,"name":"\u00dczlet","item":"https:\/\/stagezone.hu\/uzlet\/"},{"@type":"ListItem","position":3,"name":"DuraTruss DT 33\/2 Dyno Wheel Black"}]},{"@type":"WebSite","@id":"https:\/\/stagezone.hu\/en\/#website","url":"https:\/\/stagezone.hu\/en\/","name":"StageZone - Ragyogj a Stagezone min\u0151s\u00e9gi f\u00e9nytechnik\u00e1j\u00e1val.","description":"StageZone","publisher":{"@id":"https:\/\/stagezone.hu\/en\/#organization"},"potentialAction":[{"@type":"SearchAction","target":{"@type":"EntryPoint","urlTemplate":"https:\/\/stagezone.hu\/en\/?s={search_term_string}"},"query-input":{"@type":"PropertyValueSpecification","valueRequired":true,"valueName":"search_term_string"}}],"inLanguage":"en-US"},{"@type":"Organization","@id":"https:\/\/stagezone.hu\/en\/#organization","name":"StageZone","url":"https:\/\/stagezone.hu\/en\/","logo":{"@type":"ImageObject","inLanguage":"en-US","@id":"https:\/\/stagezone.hu\/en\/#\/schema\/logo\/image\/","url":"https:\/\/stagezone.hu\/wp-content\/uploads\/2026\/01\/Adam-Hall_1000x1000-1-1.png","contentUrl":"https:\/\/stagezone.hu\/wp-content\/uploads\/2026\/01\/Adam-Hall_1000x1000-1-1.png","width":1000,"height":1000,"caption":"StageZone"},"image":{"@id":"https:\/\/stagezone.hu\/en\/#\/schema\/logo\/image\/"},"sameAs":["https:\/\/www.facebook.com\/stagezonehungary\/","https:\/\/www.instagram.com\/stagezonehungary\/"]}]}},"_links":{"self":[{"href":"https:\/\/stagezone.hu\/en\/wp-json\/wp\/v2\/product\/7517","targetHints":{"allow":["GET"]}}],"collection":[{"href":"https:\/\/stagezone.hu\/en\/wp-json\/wp\/v2\/product"}],"about":[{"href":"https:\/\/stagezone.hu\/en\/wp-json\/wp\/v2\/types\/product"}],"replies":[{"embeddable":true,"href":"https:\/\/stagezone.hu\/en\/wp-json\/wp\/v2\/comments?post=7517"}],"version-history":[{"count":2,"href":"https:\/\/stagezone.hu\/en\/wp-json\/wp\/v2\/product\/7517\/revisions"}],"predecessor-version":[{"id":10501,"href":"https:\/\/stagezone.hu\/en\/wp-json\/wp\/v2\/product\/7517\/revisions\/10501"}],"wp:featuredmedia":[{"embeddable":true,"href":"https:\/\/stagezone.hu\/en\/wp-json\/wp\/v2\/media\/7518"}],"wp:attachment":[{"href":"https:\/\/stagezone.hu\/en\/wp-json\/wp\/v2\/media?parent=7517"}],"wp:term":[{"taxonomy":"product_brand","embeddable":true,"href":"https:\/\/stagezone.hu\/en\/wp-json\/wp\/v2\/product_brand?post=7517"},{"taxonomy":"product_cat","embeddable":true,"href":"https:\/\/stagezone.hu\/en\/wp-json\/wp\/v2\/product_cat?post=7517"},{"taxonomy":"product_tag","embeddable":true,"href":"https:\/\/stagezone.hu\/en\/wp-json\/wp\/v2\/product_tag?post=7517"}],"curies":[{"name":"wp","href":"https:\/\/api.w.org\/{rel}","templated":true}]}}