{"id":7256,"date":"2025-06-03T16:00:13","date_gmt":"2025-06-03T15:00:13","guid":{"rendered":"https:\/\/stagezone.hu\/?post_type=product&#038;p=7256"},"modified":"2026-05-04T19:54:03","modified_gmt":"2026-05-04T18:54:03","slug":"vf-400-ep","status":"publish","type":"product","link":"https:\/\/stagezone.hu\/en\/product\/eliminator-lighting-vf-400-ep-fog-machine\/","title":{"rendered":"Eliminator Lighting VF 400 EP Fog Machine"},"content":{"rendered":"<p>&nbsp;<\/p>\n<h5>Eliminator Lighting VF 400 EP Fog Machine<\/h5>\n<p>The <strong>VF 400 EP<\/strong> fog machine is the perfect choice if you want to use fog in a small space. Despite its compact design, it offers surprisingly good performance. With its 400W power, it easily highlights light beams, enhancing the visual effect.<\/p>\n<h5>Key Features:<\/h5>\n<ul>\n<li>\n<p><strong >Fast Heat-up:<\/strong> ready in just <strong >5 minutes<\/strong><\/p>\n<\/li>\n<li>\n<p><strong >Quick Reheat:<\/strong> 30 seconds<\/p>\n<\/li>\n<li>\n<p><strong >Efficient Heating Block:<\/strong> fast operation, minimal build-up<\/p>\n<\/li>\n<li>\n<p><strong >Built-in Tank:<\/strong> 0.25-liter capacity<\/p>\n<\/li>\n<li>\n<p><strong >Fluid Level Indicator:<\/strong> easy monitoring<\/p>\n<\/li>\n<li>\n<p><strong >Remote Control:<\/strong> ADJ Z-VG400EP-R wired controller included<\/p>\n<\/li>\n<li>\n<p><strong >Dimensions:<\/strong> 240 x 200 x 140 mm<\/p>\n<\/li>\n<li>\n<p><strong >Weight:<\/strong> only 2 kg<\/p>\n<\/li>\n<li>\n<p><strong >Usage:<\/strong> can only be operated with water-based <a href=\"https:\/\/stagezone.hu\/termekkategoria\/effektgepek\/effekt-anyagok\/\">fog fluid<\/a><\/p>\n<\/li>\n<\/ul>\n<p>The <strong >Eliminator VF 400 EP<\/strong> is a reliable, easy-to-use, and efficient fog machine that fits even in small spaces while delivering a spectacular effect. Enhance your events with magical fog effects and create a lasting impression for your audience!<\/p>\n<p><strong >Eliminator<\/strong> Lighting is an American lighting technology brand that has been serving the needs of DJs, clubs, event organizers, and other players in the entertainment industry for over 15 years with affordable yet reliable lighting and effect equipment. The brand is particularly known for its party-focused devices, ease of use, and excellent value for money. It is primarily strong in the entry-level and mid-range segments, for users seeking lighting technology not for industrial use but often for mobile, portable systems. Additionally, many of its products can be an ideal choice for permanent installations in smaller clubs, pubs, or community centers. The brand has been part of the <strong>ADJ Group<\/strong> since 2019.<\/p>\n","protected":false},"excerpt":{"rendered":"<p>The Eliminator VF 400 EP is an entry-level fog machine from Eliminator Lighting. It&#8217;s a great choice for small rooms, home use, pubs, or small dance floors.<\/p>\n","protected":false},"featured_media":7257,"comment_status":"open","ping_status":"closed","template":"","meta":[],"product_brand":[],"product_cat":[178,185],"product_tag":[492,489,221],"class_list":{"0":"post-7256","1":"product","2":"type-product","3":"status-publish","4":"has-post-thumbnail","6":"product_cat-effekt","7":"product_cat-fustgep","8":"product_tag-492","9":"product_tag-eliminator","10":"product_tag-fustgep","12":"first","13":"contact_us","14":"taxable","15":"shipping-taxable","16":"purchasable","17":"product-type-simple"},"yoast_head":"<!-- This site is optimized with the Yoast SEO Premium plugin v27.2 (Yoast SEO v27.2) - https:\/\/yoast.com\/product\/yoast-seo-premium-wordpress\/ -->\n<title>Eliminator Lighting VF 400 EP Fog Machine<\/title>\n<meta name=\"description\" content=\"The Eliminator VF 400 EP is an entry-level fog machine from Eliminator Lighting. It&#039;s a great choice for small rooms, home use, pubs, or small dance floors.\" \/>\n<meta name=\"robots\" content=\"index, follow, max-snippet:-1, max-image-preview:large, max-video-preview:-1\" \/>\n<link rel=\"canonical\" href=\"http:\/\/The%20Eliminator%20VF%20400%20EP%20is%20an%20entry-level%20fog%20machine%20from%20Eliminator%20Lighting.%20It's%20a%20great%20choice%20for%20small%20rooms,%20home%20use,%20pubs,%20or%20small%20dance%20floors.\" \/>\n<meta property=\"og:locale\" content=\"en_US\" \/>\n<meta property=\"og:type\" content=\"article\" \/>\n<meta property=\"og:title\" content=\"Eliminator Lighting VF 400 EP Fog Machine\" \/>\n<meta property=\"og:description\" content=\"The Eliminator VF 400 EP is an entry-level fog machine from Eliminator Lighting. It&#039;s a great choice for small rooms, home use, pubs, or small dance floors.\" \/>\n<meta property=\"og:url\" content=\"https:\/\/stagezone.hu\/en\/product\/eliminator-lighting-vf-400-ep-fog-machine\/\" \/>\n<meta property=\"og:site_name\" content=\"StageZone\" \/>\n<meta property=\"article:publisher\" content=\"https:\/\/www.facebook.com\/stagezonehungary\/\" \/>\n<meta property=\"article:modified_time\" content=\"2026-05-04T18:54:03+00:00\" \/>\n<meta property=\"og:image\" content=\"https:\/\/stagezone.hu\/wp-content\/uploads\/2025\/06\/1.png\" \/>\n\t<meta property=\"og:image:width\" content=\"1000\" \/>\n\t<meta property=\"og:image:height\" content=\"1000\" \/>\n\t<meta property=\"og:image:type\" content=\"image\/png\" \/>\n<meta name=\"twitter:card\" content=\"summary_large_image\" \/>\n<meta name=\"twitter:label1\" content=\"Est. reading time\" \/>\n\t<meta name=\"twitter:data1\" content=\"2 minutes\" \/>\n<script type=\"application\/ld+json\" class=\"yoast-schema-graph\">{\"@context\":\"https:\/\/schema.org\",\"@graph\":[{\"@type\":\"WebPage\",\"@id\":\"https:\/\/stagezone.hu\/en\/product\/eliminator-lighting-vf-400-ep-fog-machine\/\",\"url\":\"https:\/\/stagezone.hu\/en\/product\/eliminator-lighting-vf-400-ep-fog-machine\/\",\"name\":\"VF 400 EP - StageZone\",\"isPartOf\":{\"@id\":\"https:\/\/stagezone.hu\/#website\"},\"primaryImageOfPage\":{\"@id\":\"https:\/\/stagezone.hu\/en\/product\/eliminator-lighting-vf-400-ep-fog-machine\/#primaryimage\"},\"image\":{\"@id\":\"https:\/\/stagezone.hu\/en\/product\/eliminator-lighting-vf-400-ep-fog-machine\/#primaryimage\"},\"thumbnailUrl\":\"https:\/\/stagezone.hu\/wp-content\/uploads\/2025\/06\/1.png\",\"datePublished\":\"2025-06-03T15:00:13+00:00\",\"dateModified\":\"2026-05-04T18:54:03+00:00\",\"description\":\"A VF 400 EP az Eliminator Lighting bel\u00e9p\u0151 szint\u0171 f\u00fcstg\u00e9pe. T\u00f6k\u00e9letes v\u00e1laszt\u00e1s otthoni haszn\u00e1latra, pubokba, kis t\u00e1ncterekre vagy kisebb helyis\u00e9gekbe.\",\"breadcrumb\":{\"@id\":\"https:\/\/stagezone.hu\/en\/product\/eliminator-lighting-vf-400-ep-fog-machine\/#breadcrumb\"},\"inLanguage\":\"en-US\",\"potentialAction\":[{\"@type\":\"ReadAction\",\"target\":[\"https:\/\/stagezone.hu\/en\/product\/eliminator-lighting-vf-400-ep-fog-machine\/\"]}]},{\"@type\":\"ImageObject\",\"inLanguage\":\"en-US\",\"@id\":\"https:\/\/stagezone.hu\/en\/product\/eliminator-lighting-vf-400-ep-fog-machine\/#primaryimage\",\"url\":\"https:\/\/stagezone.hu\/wp-content\/uploads\/2025\/06\/1.png\",\"contentUrl\":\"https:\/\/stagezone.hu\/wp-content\/uploads\/2025\/06\/1.png\",\"width\":1000,\"height\":1000,\"caption\":\"VF 400 EP\"},{\"@type\":\"BreadcrumbList\",\"@id\":\"https:\/\/stagezone.hu\/en\/product\/eliminator-lighting-vf-400-ep-fog-machine\/#breadcrumb\",\"itemListElement\":[{\"@type\":\"ListItem\",\"position\":1,\"name\":\"Kezd\u0151lap\",\"item\":\"https:\/\/stagezone.hu\/\"},{\"@type\":\"ListItem\",\"position\":2,\"name\":\"\u00dczlet\",\"item\":\"https:\/\/stagezone.hu\/uzlet\/\"},{\"@type\":\"ListItem\",\"position\":3,\"name\":\"Eliminator Lighting VF 400 EP Fog Machine\"}]},{\"@type\":\"WebSite\",\"@id\":\"https:\/\/stagezone.hu\/en\/#website\",\"url\":\"https:\/\/stagezone.hu\/en\/\",\"name\":\"StageZone - Ragyogj a Stagezone min\u0151s\u00e9gi f\u00e9nytechnik\u00e1j\u00e1val.\",\"description\":\"StageZone\",\"publisher\":{\"@id\":\"https:\/\/stagezone.hu\/en\/#organization\"},\"potentialAction\":[{\"@type\":\"SearchAction\",\"target\":{\"@type\":\"EntryPoint\",\"urlTemplate\":\"https:\/\/stagezone.hu\/en\/?s={search_term_string}\"},\"query-input\":{\"@type\":\"PropertyValueSpecification\",\"valueRequired\":true,\"valueName\":\"search_term_string\"}}],\"inLanguage\":\"en-US\"},{\"@type\":\"Organization\",\"@id\":\"https:\/\/stagezone.hu\/en\/#organization\",\"name\":\"StageZone\",\"url\":\"https:\/\/stagezone.hu\/en\/\",\"logo\":{\"@type\":\"ImageObject\",\"inLanguage\":\"en-US\",\"@id\":\"https:\/\/stagezone.hu\/en\/#\/schema\/logo\/image\/\",\"url\":\"https:\/\/stagezone.hu\/wp-content\/uploads\/2026\/01\/Adam-Hall_1000x1000-1-1.png\",\"contentUrl\":\"https:\/\/stagezone.hu\/wp-content\/uploads\/2026\/01\/Adam-Hall_1000x1000-1-1.png\",\"width\":1000,\"height\":1000,\"caption\":\"StageZone\"},\"image\":{\"@id\":\"https:\/\/stagezone.hu\/en\/#\/schema\/logo\/image\/\"},\"sameAs\":[\"https:\/\/www.facebook.com\/stagezonehungary\/\",\"https:\/\/www.instagram.com\/stagezonehungary\/\"]}]}<\/script>\n<!-- \/ Yoast SEO Premium plugin. -->","yoast_head_json":{"title":"Eliminator Lighting VF 400 EP Fog Machine","description":"The Eliminator VF 400 EP is an entry-level fog machine from Eliminator Lighting. It's a great choice for small rooms, home use, pubs, or small dance floors.","robots":{"index":"index","follow":"follow","max-snippet":"max-snippet:-1","max-image-preview":"max-image-preview:large","max-video-preview":"max-video-preview:-1"},"canonical":"The Eliminator VF 400 EP is an entry-level fog machine from Eliminator Lighting. It's a great choice for small rooms, home use, pubs, or small dance floors.","og_locale":"en_US","og_type":"article","og_title":"Eliminator Lighting VF 400 EP Fog Machine","og_description":"The Eliminator VF 400 EP is an entry-level fog machine from Eliminator Lighting. It's a great choice for small rooms, home use, pubs, or small dance floors.","og_url":"https:\/\/stagezone.hu\/en\/product\/eliminator-lighting-vf-400-ep-fog-machine\/","og_site_name":"StageZone","article_publisher":"https:\/\/www.facebook.com\/stagezonehungary\/","article_modified_time":"2026-05-04T18:54:03+00:00","og_image":[{"width":1000,"height":1000,"url":"https:\/\/stagezone.hu\/wp-content\/uploads\/2025\/06\/1.png","type":"image\/png"}],"twitter_card":"summary_large_image","twitter_misc":{"Est. reading time":"2 minutes"},"schema":{"@context":"https:\/\/schema.org","@graph":[{"@type":"WebPage","@id":"https:\/\/stagezone.hu\/en\/product\/eliminator-lighting-vf-400-ep-fog-machine\/","url":"https:\/\/stagezone.hu\/en\/product\/eliminator-lighting-vf-400-ep-fog-machine\/","name":"VF 400 EP - StageZone","isPartOf":{"@id":"https:\/\/stagezone.hu\/#website"},"primaryImageOfPage":{"@id":"https:\/\/stagezone.hu\/en\/product\/eliminator-lighting-vf-400-ep-fog-machine\/#primaryimage"},"image":{"@id":"https:\/\/stagezone.hu\/en\/product\/eliminator-lighting-vf-400-ep-fog-machine\/#primaryimage"},"thumbnailUrl":"https:\/\/stagezone.hu\/wp-content\/uploads\/2025\/06\/1.png","datePublished":"2025-06-03T15:00:13+00:00","dateModified":"2026-05-04T18:54:03+00:00","description":"A VF 400 EP az Eliminator Lighting bel\u00e9p\u0151 szint\u0171 f\u00fcstg\u00e9pe. T\u00f6k\u00e9letes v\u00e1laszt\u00e1s otthoni haszn\u00e1latra, pubokba, kis t\u00e1ncterekre vagy kisebb helyis\u00e9gekbe.","breadcrumb":{"@id":"https:\/\/stagezone.hu\/en\/product\/eliminator-lighting-vf-400-ep-fog-machine\/#breadcrumb"},"inLanguage":"en-US","potentialAction":[{"@type":"ReadAction","target":["https:\/\/stagezone.hu\/en\/product\/eliminator-lighting-vf-400-ep-fog-machine\/"]}]},{"@type":"ImageObject","inLanguage":"en-US","@id":"https:\/\/stagezone.hu\/en\/product\/eliminator-lighting-vf-400-ep-fog-machine\/#primaryimage","url":"https:\/\/stagezone.hu\/wp-content\/uploads\/2025\/06\/1.png","contentUrl":"https:\/\/stagezone.hu\/wp-content\/uploads\/2025\/06\/1.png","width":1000,"height":1000,"caption":"VF 400 EP"},{"@type":"BreadcrumbList","@id":"https:\/\/stagezone.hu\/en\/product\/eliminator-lighting-vf-400-ep-fog-machine\/#breadcrumb","itemListElement":[{"@type":"ListItem","position":1,"name":"Kezd\u0151lap","item":"https:\/\/stagezone.hu\/"},{"@type":"ListItem","position":2,"name":"\u00dczlet","item":"https:\/\/stagezone.hu\/uzlet\/"},{"@type":"ListItem","position":3,"name":"Eliminator Lighting VF 400 EP Fog Machine"}]},{"@type":"WebSite","@id":"https:\/\/stagezone.hu\/en\/#website","url":"https:\/\/stagezone.hu\/en\/","name":"StageZone - Ragyogj a Stagezone min\u0151s\u00e9gi f\u00e9nytechnik\u00e1j\u00e1val.","description":"StageZone","publisher":{"@id":"https:\/\/stagezone.hu\/en\/#organization"},"potentialAction":[{"@type":"SearchAction","target":{"@type":"EntryPoint","urlTemplate":"https:\/\/stagezone.hu\/en\/?s={search_term_string}"},"query-input":{"@type":"PropertyValueSpecification","valueRequired":true,"valueName":"search_term_string"}}],"inLanguage":"en-US"},{"@type":"Organization","@id":"https:\/\/stagezone.hu\/en\/#organization","name":"StageZone","url":"https:\/\/stagezone.hu\/en\/","logo":{"@type":"ImageObject","inLanguage":"en-US","@id":"https:\/\/stagezone.hu\/en\/#\/schema\/logo\/image\/","url":"https:\/\/stagezone.hu\/wp-content\/uploads\/2026\/01\/Adam-Hall_1000x1000-1-1.png","contentUrl":"https:\/\/stagezone.hu\/wp-content\/uploads\/2026\/01\/Adam-Hall_1000x1000-1-1.png","width":1000,"height":1000,"caption":"StageZone"},"image":{"@id":"https:\/\/stagezone.hu\/en\/#\/schema\/logo\/image\/"},"sameAs":["https:\/\/www.facebook.com\/stagezonehungary\/","https:\/\/www.instagram.com\/stagezonehungary\/"]}]}},"_links":{"self":[{"href":"https:\/\/stagezone.hu\/en\/wp-json\/wp\/v2\/product\/7256","targetHints":{"allow":["GET"]}}],"collection":[{"href":"https:\/\/stagezone.hu\/en\/wp-json\/wp\/v2\/product"}],"about":[{"href":"https:\/\/stagezone.hu\/en\/wp-json\/wp\/v2\/types\/product"}],"replies":[{"embeddable":true,"href":"https:\/\/stagezone.hu\/en\/wp-json\/wp\/v2\/comments?post=7256"}],"version-history":[{"count":3,"href":"https:\/\/stagezone.hu\/en\/wp-json\/wp\/v2\/product\/7256\/revisions"}],"predecessor-version":[{"id":7268,"href":"https:\/\/stagezone.hu\/en\/wp-json\/wp\/v2\/product\/7256\/revisions\/7268"}],"wp:featuredmedia":[{"embeddable":true,"href":"https:\/\/stagezone.hu\/en\/wp-json\/wp\/v2\/media\/7257"}],"wp:attachment":[{"href":"https:\/\/stagezone.hu\/en\/wp-json\/wp\/v2\/media?parent=7256"}],"wp:term":[{"taxonomy":"product_brand","embeddable":true,"href":"https:\/\/stagezone.hu\/en\/wp-json\/wp\/v2\/product_brand?post=7256"},{"taxonomy":"product_cat","embeddable":true,"href":"https:\/\/stagezone.hu\/en\/wp-json\/wp\/v2\/product_cat?post=7256"},{"taxonomy":"product_tag","embeddable":true,"href":"https:\/\/stagezone.hu\/en\/wp-json\/wp\/v2\/product_tag?post=7256"}],"curies":[{"name":"wp","href":"https:\/\/api.w.org\/{rel}","templated":true}]}}