{"id":7192,"date":"2025-05-30T17:00:24","date_gmt":"2025-05-30T16:00:24","guid":{"rendered":"https:\/\/stagezone.hu\/?post_type=product&#038;p=7192"},"modified":"2026-05-05T20:51:19","modified_gmt":"2026-05-05T19:51:19","slug":"c-kampo-50-kg","status":"publish","type":"product","link":"https:\/\/stagezone.hu\/en\/product\/dt-c-hook-50-kg-max-load\/","title":{"rendered":"DT C Hook - 50 kg Max Load"},"content":{"rendered":"<p><strong>DT C Hook<\/strong><\/p>\n<ul>\n<li>Suitable for trusses with a diameter of 35\u201351 mm<\/li>\n<li>Material: 8 mm thick steel<\/li>\n<li>Color: silver<\/li>\n<li>Max. load capacity: 50 kg<\/li>\n<li>Dimensions: 119 x 72 x 25 mm<\/li>\n<li>Weight: 0.475 kg<\/li>\n<\/ul>\n<p>Duratruss products are made of high-quality aluminum and meet the strictest technical standards, such as the German T\u00dcV regulations. Their clamps are available in various sizes, load capacities, and designs. Their warehouse capacity of 5500 m\u00b2 allows them to maintain a constant stock, ensuring quick availability of standard products.<\/p>\n","protected":false},"excerpt":{"rendered":"<p>The DT C Hook is made of 8 mm thick steel and is suitable for trusses with a diameter of 35\u201351 mm. It has a maximum load capacity of 50 kg.<\/p>\n","protected":false},"featured_media":7193,"comment_status":"open","ping_status":"closed","template":"","meta":[],"product_brand":[],"product_cat":[477,452,363],"product_tag":[488,484],"class_list":{"0":"post-7192","1":"product","2":"type-product","3":"status-publish","4":"has-post-thumbnail","6":"product_cat-48-51-mm","7":"product_cat-bilincs","8":"product_cat-hardver","9":"product_tag-c-kampo","10":"product_tag-duratruss","12":"first","13":"contact_us","14":"taxable","15":"shipping-taxable","16":"purchasable","17":"product-type-simple"},"yoast_head":"<!-- This site is optimized with the Yoast SEO Premium plugin v27.2 (Yoast SEO v27.2) - https:\/\/yoast.com\/product\/yoast-seo-premium-wordpress\/ -->\n<title>DT C Hook - 50 kg Max Load<\/title>\n<meta name=\"description\" content=\"The DT C Hook is made of 8 mm thick steel and is suitable for trusses with a diameter of 35\u201351 mm. It has a maximum load capacity of 50 kg.\" \/>\n<meta name=\"robots\" content=\"index, follow, max-snippet:-1, max-image-preview:large, max-video-preview:-1\" \/>\n<link rel=\"canonical\" href=\"http:\/\/The%20DT%20C%20Hook%20is%20made%20of%208%20mm%20thick%20steel%20and%20is%20suitable%20for%20trusses%20with%20a%20diameter%20of%2035\u201351%20mm.%20It%20has%20a%20maximum%20load%20capacity%20of%2050%20kg.\" \/>\n<meta property=\"og:locale\" content=\"en_US\" \/>\n<meta property=\"og:type\" content=\"article\" \/>\n<meta property=\"og:title\" content=\"DT C Hook - 50 kg Max Load\" \/>\n<meta property=\"og:description\" content=\"The DT C Hook is made of 8 mm thick steel and is suitable for trusses with a diameter of 35\u201351 mm. It has a maximum load capacity of 50 kg.\" \/>\n<meta property=\"og:url\" content=\"https:\/\/stagezone.hu\/en\/product\/dt-c-hook-50-kg-max-load\/\" \/>\n<meta property=\"og:site_name\" content=\"StageZone\" \/>\n<meta property=\"article:publisher\" content=\"https:\/\/www.facebook.com\/stagezonehungary\/\" \/>\n<meta property=\"article:modified_time\" content=\"2026-05-05T19:51:19+00:00\" \/>\n<meta property=\"og:image\" content=\"https:\/\/stagezone.hu\/wp-content\/uploads\/2025\/05\/1750000060.png\" \/>\n\t<meta property=\"og:image:width\" content=\"1000\" \/>\n\t<meta property=\"og:image:height\" content=\"1000\" \/>\n\t<meta property=\"og:image:type\" content=\"image\/png\" \/>\n<meta name=\"twitter:card\" content=\"summary_large_image\" \/>\n<meta name=\"twitter:label1\" content=\"Est. reading time\" \/>\n\t<meta name=\"twitter:data1\" content=\"1 minute\" \/>\n<script type=\"application\/ld+json\" class=\"yoast-schema-graph\">{\"@context\":\"https:\/\/schema.org\",\"@graph\":[{\"@type\":\"WebPage\",\"@id\":\"https:\/\/stagezone.hu\/en\/product\/dt-c-hook-50-kg-max-load\/\",\"url\":\"https:\/\/stagezone.hu\/en\/product\/dt-c-hook-50-kg-max-load\/\",\"name\":\"DT C kamp\u00f3 - StageZone\",\"isPartOf\":{\"@id\":\"https:\/\/stagezone.hu\/#website\"},\"primaryImageOfPage\":{\"@id\":\"https:\/\/stagezone.hu\/en\/product\/dt-c-hook-50-kg-max-load\/#primaryimage\"},\"image\":{\"@id\":\"https:\/\/stagezone.hu\/en\/product\/dt-c-hook-50-kg-max-load\/#primaryimage\"},\"thumbnailUrl\":\"https:\/\/stagezone.hu\/wp-content\/uploads\/2025\/05\/1750000060.png\",\"datePublished\":\"2025-05-30T16:00:24+00:00\",\"dateModified\":\"2026-05-05T19:51:19+00:00\",\"description\":\"Duratruss ac\u00e9l C kamp\u00f3 35\u201351 mm \u00e1tm\u00e9r\u0151j\u0171 traverzhez 50 kg teherb\u00edr\u00e1ssal. Tart\u00f3s, k\u00f6nny\u0171, megb\u00edzhat\u00f3 r\u00f6gz\u00edt\u00e9st biztos\u00edt professzion\u00e1lis felhaszn\u00e1l\u00e1sra.\",\"breadcrumb\":{\"@id\":\"https:\/\/stagezone.hu\/en\/product\/dt-c-hook-50-kg-max-load\/#breadcrumb\"},\"inLanguage\":\"en-US\",\"potentialAction\":[{\"@type\":\"ReadAction\",\"target\":[\"https:\/\/stagezone.hu\/en\/product\/dt-c-hook-50-kg-max-load\/\"]}]},{\"@type\":\"ImageObject\",\"inLanguage\":\"en-US\",\"@id\":\"https:\/\/stagezone.hu\/en\/product\/dt-c-hook-50-kg-max-load\/#primaryimage\",\"url\":\"https:\/\/stagezone.hu\/wp-content\/uploads\/2025\/05\/1750000060.png\",\"contentUrl\":\"https:\/\/stagezone.hu\/wp-content\/uploads\/2025\/05\/1750000060.png\",\"width\":1000,\"height\":1000,\"caption\":\"DT C kamp\u00f3\"},{\"@type\":\"BreadcrumbList\",\"@id\":\"https:\/\/stagezone.hu\/en\/product\/dt-c-hook-50-kg-max-load\/#breadcrumb\",\"itemListElement\":[{\"@type\":\"ListItem\",\"position\":1,\"name\":\"Kezd\u0151lap\",\"item\":\"https:\/\/stagezone.hu\/\"},{\"@type\":\"ListItem\",\"position\":2,\"name\":\"\u00dczlet\",\"item\":\"https:\/\/stagezone.hu\/uzlet\/\"},{\"@type\":\"ListItem\",\"position\":3,\"name\":\"DT C Hook - 50 kg Max Load\"}]},{\"@type\":\"WebSite\",\"@id\":\"https:\/\/stagezone.hu\/en\/#website\",\"url\":\"https:\/\/stagezone.hu\/en\/\",\"name\":\"StageZone - Ragyogj a Stagezone min\u0151s\u00e9gi f\u00e9nytechnik\u00e1j\u00e1val.\",\"description\":\"StageZone\",\"publisher\":{\"@id\":\"https:\/\/stagezone.hu\/en\/#organization\"},\"potentialAction\":[{\"@type\":\"SearchAction\",\"target\":{\"@type\":\"EntryPoint\",\"urlTemplate\":\"https:\/\/stagezone.hu\/en\/?s={search_term_string}\"},\"query-input\":{\"@type\":\"PropertyValueSpecification\",\"valueRequired\":true,\"valueName\":\"search_term_string\"}}],\"inLanguage\":\"en-US\"},{\"@type\":\"Organization\",\"@id\":\"https:\/\/stagezone.hu\/en\/#organization\",\"name\":\"StageZone\",\"url\":\"https:\/\/stagezone.hu\/en\/\",\"logo\":{\"@type\":\"ImageObject\",\"inLanguage\":\"en-US\",\"@id\":\"https:\/\/stagezone.hu\/en\/#\/schema\/logo\/image\/\",\"url\":\"https:\/\/stagezone.hu\/wp-content\/uploads\/2026\/01\/Adam-Hall_1000x1000-1-1.png\",\"contentUrl\":\"https:\/\/stagezone.hu\/wp-content\/uploads\/2026\/01\/Adam-Hall_1000x1000-1-1.png\",\"width\":1000,\"height\":1000,\"caption\":\"StageZone\"},\"image\":{\"@id\":\"https:\/\/stagezone.hu\/en\/#\/schema\/logo\/image\/\"},\"sameAs\":[\"https:\/\/www.facebook.com\/stagezonehungary\/\",\"https:\/\/www.instagram.com\/stagezonehungary\/\"]}]}<\/script>\n<!-- \/ Yoast SEO Premium plugin. -->","yoast_head_json":{"title":"DT C Hook - 50 kg Max Load","description":"The DT C Hook is made of 8 mm thick steel and is suitable for trusses with a diameter of 35\u201351 mm. It has a maximum load capacity of 50 kg.","robots":{"index":"index","follow":"follow","max-snippet":"max-snippet:-1","max-image-preview":"max-image-preview:large","max-video-preview":"max-video-preview:-1"},"canonical":"The DT C Hook is made of 8 mm thick steel and is suitable for trusses with a diameter of 35\u201351 mm. It has a maximum load capacity of 50 kg.","og_locale":"en_US","og_type":"article","og_title":"DT C Hook - 50 kg Max Load","og_description":"The DT C Hook is made of 8 mm thick steel and is suitable for trusses with a diameter of 35\u201351 mm. It has a maximum load capacity of 50 kg.","og_url":"https:\/\/stagezone.hu\/en\/product\/dt-c-hook-50-kg-max-load\/","og_site_name":"StageZone","article_publisher":"https:\/\/www.facebook.com\/stagezonehungary\/","article_modified_time":"2026-05-05T19:51:19+00:00","og_image":[{"width":1000,"height":1000,"url":"https:\/\/stagezone.hu\/wp-content\/uploads\/2025\/05\/1750000060.png","type":"image\/png"}],"twitter_card":"summary_large_image","twitter_misc":{"Est. reading time":"1 minute"},"schema":{"@context":"https:\/\/schema.org","@graph":[{"@type":"WebPage","@id":"https:\/\/stagezone.hu\/en\/product\/dt-c-hook-50-kg-max-load\/","url":"https:\/\/stagezone.hu\/en\/product\/dt-c-hook-50-kg-max-load\/","name":"DT C kamp\u00f3 - StageZone","isPartOf":{"@id":"https:\/\/stagezone.hu\/#website"},"primaryImageOfPage":{"@id":"https:\/\/stagezone.hu\/en\/product\/dt-c-hook-50-kg-max-load\/#primaryimage"},"image":{"@id":"https:\/\/stagezone.hu\/en\/product\/dt-c-hook-50-kg-max-load\/#primaryimage"},"thumbnailUrl":"https:\/\/stagezone.hu\/wp-content\/uploads\/2025\/05\/1750000060.png","datePublished":"2025-05-30T16:00:24+00:00","dateModified":"2026-05-05T19:51:19+00:00","description":"Duratruss ac\u00e9l C kamp\u00f3 35\u201351 mm \u00e1tm\u00e9r\u0151j\u0171 traverzhez 50 kg teherb\u00edr\u00e1ssal. Tart\u00f3s, k\u00f6nny\u0171, megb\u00edzhat\u00f3 r\u00f6gz\u00edt\u00e9st biztos\u00edt professzion\u00e1lis felhaszn\u00e1l\u00e1sra.","breadcrumb":{"@id":"https:\/\/stagezone.hu\/en\/product\/dt-c-hook-50-kg-max-load\/#breadcrumb"},"inLanguage":"en-US","potentialAction":[{"@type":"ReadAction","target":["https:\/\/stagezone.hu\/en\/product\/dt-c-hook-50-kg-max-load\/"]}]},{"@type":"ImageObject","inLanguage":"en-US","@id":"https:\/\/stagezone.hu\/en\/product\/dt-c-hook-50-kg-max-load\/#primaryimage","url":"https:\/\/stagezone.hu\/wp-content\/uploads\/2025\/05\/1750000060.png","contentUrl":"https:\/\/stagezone.hu\/wp-content\/uploads\/2025\/05\/1750000060.png","width":1000,"height":1000,"caption":"DT C kamp\u00f3"},{"@type":"BreadcrumbList","@id":"https:\/\/stagezone.hu\/en\/product\/dt-c-hook-50-kg-max-load\/#breadcrumb","itemListElement":[{"@type":"ListItem","position":1,"name":"Kezd\u0151lap","item":"https:\/\/stagezone.hu\/"},{"@type":"ListItem","position":2,"name":"\u00dczlet","item":"https:\/\/stagezone.hu\/uzlet\/"},{"@type":"ListItem","position":3,"name":"DT C Hook - 50 kg Max Load"}]},{"@type":"WebSite","@id":"https:\/\/stagezone.hu\/en\/#website","url":"https:\/\/stagezone.hu\/en\/","name":"StageZone - Ragyogj a Stagezone min\u0151s\u00e9gi f\u00e9nytechnik\u00e1j\u00e1val.","description":"StageZone","publisher":{"@id":"https:\/\/stagezone.hu\/en\/#organization"},"potentialAction":[{"@type":"SearchAction","target":{"@type":"EntryPoint","urlTemplate":"https:\/\/stagezone.hu\/en\/?s={search_term_string}"},"query-input":{"@type":"PropertyValueSpecification","valueRequired":true,"valueName":"search_term_string"}}],"inLanguage":"en-US"},{"@type":"Organization","@id":"https:\/\/stagezone.hu\/en\/#organization","name":"StageZone","url":"https:\/\/stagezone.hu\/en\/","logo":{"@type":"ImageObject","inLanguage":"en-US","@id":"https:\/\/stagezone.hu\/en\/#\/schema\/logo\/image\/","url":"https:\/\/stagezone.hu\/wp-content\/uploads\/2026\/01\/Adam-Hall_1000x1000-1-1.png","contentUrl":"https:\/\/stagezone.hu\/wp-content\/uploads\/2026\/01\/Adam-Hall_1000x1000-1-1.png","width":1000,"height":1000,"caption":"StageZone"},"image":{"@id":"https:\/\/stagezone.hu\/en\/#\/schema\/logo\/image\/"},"sameAs":["https:\/\/www.facebook.com\/stagezonehungary\/","https:\/\/www.instagram.com\/stagezonehungary\/"]}]}},"_links":{"self":[{"href":"https:\/\/stagezone.hu\/en\/wp-json\/wp\/v2\/product\/7192","targetHints":{"allow":["GET"]}}],"collection":[{"href":"https:\/\/stagezone.hu\/en\/wp-json\/wp\/v2\/product"}],"about":[{"href":"https:\/\/stagezone.hu\/en\/wp-json\/wp\/v2\/types\/product"}],"replies":[{"embeddable":true,"href":"https:\/\/stagezone.hu\/en\/wp-json\/wp\/v2\/comments?post=7192"}],"version-history":[{"count":2,"href":"https:\/\/stagezone.hu\/en\/wp-json\/wp\/v2\/product\/7192\/revisions"}],"predecessor-version":[{"id":10590,"href":"https:\/\/stagezone.hu\/en\/wp-json\/wp\/v2\/product\/7192\/revisions\/10590"}],"wp:featuredmedia":[{"embeddable":true,"href":"https:\/\/stagezone.hu\/en\/wp-json\/wp\/v2\/media\/7193"}],"wp:attachment":[{"href":"https:\/\/stagezone.hu\/en\/wp-json\/wp\/v2\/media?parent=7192"}],"wp:term":[{"taxonomy":"product_brand","embeddable":true,"href":"https:\/\/stagezone.hu\/en\/wp-json\/wp\/v2\/product_brand?post=7192"},{"taxonomy":"product_cat","embeddable":true,"href":"https:\/\/stagezone.hu\/en\/wp-json\/wp\/v2\/product_cat?post=7192"},{"taxonomy":"product_tag","embeddable":true,"href":"https:\/\/stagezone.hu\/en\/wp-json\/wp\/v2\/product_tag?post=7192"}],"curies":[{"name":"wp","href":"https:\/\/api.w.org\/{rel}","templated":true}]}}