{"id":7185,"date":"2025-05-29T17:00:08","date_gmt":"2025-05-29T16:00:08","guid":{"rendered":"https:\/\/stagezone.hu\/?post_type=product&#038;p=7185"},"modified":"2026-05-04T19:54:22","modified_gmt":"2026-05-04T18:54:22","slug":"dt-selflock-clamp-light","status":"publish","type":"product","link":"https:\/\/stagezone.hu\/en\/product\/dt-selflock-clamp-light\/","title":{"rendered":"DT Selflock Clamp Light"},"content":{"rendered":"<p><strong>DT Selflock Clamp Light<\/strong><\/p>\n<ul>\n<li>For truss tubes with a diameter of 48\u201351 mm<\/li>\n<li>Material: 6061 T6 aluminum<\/li>\n<li>Mounting bolt: M10 x 30 mm<\/li>\n<li>Color: aluminum<\/li>\n<li>Max. load capacity \/ SWL: 50 kg<\/li>\n<li>Dimensions: 100 x 30 x 134 mm<\/li>\n<li>Weight: 0.262 kg<\/li>\n<\/ul>\n<p>Duratruss products are made of high-quality aluminum and meet the strictest technical standards, such as the German T\u00dcV regulations. Their clamps are available in various sizes, load capacities, and designs. Their warehouse capacity of 5500 m\u00b2 allows them to maintain a constant stock, ensuring quick availability of standard products.<\/p>\n","protected":false},"excerpt":{"rendered":"<p>DT Selflock Clamp Light for 48-51 mm truss tubes, made of 6061 T6 aluminum with an M10 x 30 mm bolt, supporting up to 50 kg.<\/p>\n","protected":false},"featured_media":7186,"comment_status":"open","ping_status":"closed","template":"","meta":[],"product_brand":[],"product_cat":[477,452,363],"product_tag":[420,484],"class_list":{"0":"post-7185","1":"product","2":"type-product","3":"status-publish","4":"has-post-thumbnail","6":"product_cat-48-51-mm","7":"product_cat-bilincs","8":"product_cat-hardver","9":"product_tag-bilincs","10":"product_tag-duratruss","12":"first","13":"instock","14":"taxable","15":"shipping-taxable","16":"purchasable","17":"product-type-simple"},"yoast_head":"<!-- This site is optimized with the Yoast SEO Premium plugin v27.2 (Yoast SEO v27.2) - https:\/\/yoast.com\/product\/yoast-seo-premium-wordpress\/ -->\n<title>DT Selflock Clamp Light<\/title>\n<meta name=\"description\" content=\"DT Selflock Clamp Light for 48-51 mm truss tubes, made of 6061 T6 aluminum with an M10 x 30 mm bolt, supporting up to 50 kg.\" \/>\n<meta name=\"robots\" content=\"index, follow, max-snippet:-1, max-image-preview:large, max-video-preview:-1\" \/>\n<link rel=\"canonical\" href=\"http:\/\/DT%20Selflock%20Clamp%20Light%20for%2048-51%20mm%20truss%20tubes,%20made%20of%206061%20T6%20aluminum%20with%20an%20M10%20x%2030%20mm%20bolt,%20supporting%20up%20to%2050%20kg.\" \/>\n<meta property=\"og:locale\" content=\"en_US\" \/>\n<meta property=\"og:type\" content=\"article\" \/>\n<meta property=\"og:title\" content=\"DT Selflock Clamp Light\" \/>\n<meta property=\"og:description\" content=\"DT Selflock Clamp Light for 48-51 mm truss tubes, made of 6061 T6 aluminum with an M10 x 30 mm bolt, supporting up to 50 kg.\" \/>\n<meta property=\"og:url\" content=\"https:\/\/stagezone.hu\/en\/product\/dt-selflock-clamp-light\/\" \/>\n<meta property=\"og:site_name\" content=\"StageZone\" \/>\n<meta property=\"article:publisher\" content=\"https:\/\/www.facebook.com\/stagezonehungary\/\" \/>\n<meta property=\"article:modified_time\" content=\"2026-05-04T18:54:22+00:00\" \/>\n<meta property=\"og:image\" content=\"https:\/\/stagezone.hu\/wp-content\/uploads\/2025\/05\/1741000116.png\" \/>\n\t<meta property=\"og:image:width\" content=\"1000\" \/>\n\t<meta property=\"og:image:height\" content=\"1000\" \/>\n\t<meta property=\"og:image:type\" content=\"image\/png\" \/>\n<meta name=\"twitter:card\" content=\"summary_large_image\" \/>\n<meta name=\"twitter:label1\" content=\"Est. reading time\" \/>\n\t<meta name=\"twitter:data1\" content=\"1 minute\" \/>\n<script type=\"application\/ld+json\" class=\"yoast-schema-graph\">{\"@context\":\"https:\/\/schema.org\",\"@graph\":[{\"@type\":\"WebPage\",\"@id\":\"https:\/\/stagezone.hu\/en\/product\/dt-selflock-clamp-light\/\",\"url\":\"https:\/\/stagezone.hu\/en\/product\/dt-selflock-clamp-light\/\",\"name\":\"DT Selflock Clamp Light - StageZone\",\"isPartOf\":{\"@id\":\"https:\/\/stagezone.hu\/#website\"},\"primaryImageOfPage\":{\"@id\":\"https:\/\/stagezone.hu\/en\/product\/dt-selflock-clamp-light\/#primaryimage\"},\"image\":{\"@id\":\"https:\/\/stagezone.hu\/en\/product\/dt-selflock-clamp-light\/#primaryimage\"},\"thumbnailUrl\":\"https:\/\/stagezone.hu\/wp-content\/uploads\/2025\/05\/1741000116.png\",\"datePublished\":\"2025-05-29T16:00:08+00:00\",\"dateModified\":\"2026-05-04T18:54:22+00:00\",\"description\":\"Duratruss alum\u00ednium bilincs 48\u201351 mm \u00e1tm\u00e9r\u0151j\u0171 traverzhez 50 kg teherb\u00edr\u00e1ssal. Tart\u00f3s, k\u00f6nny\u0171, megb\u00edzhat\u00f3 r\u00f6gz\u00edt\u00e9st biztos\u00edt professzion\u00e1lis felhaszn\u00e1l\u00e1sra.\",\"breadcrumb\":{\"@id\":\"https:\/\/stagezone.hu\/en\/product\/dt-selflock-clamp-light\/#breadcrumb\"},\"inLanguage\":\"en-US\",\"potentialAction\":[{\"@type\":\"ReadAction\",\"target\":[\"https:\/\/stagezone.hu\/en\/product\/dt-selflock-clamp-light\/\"]}]},{\"@type\":\"ImageObject\",\"inLanguage\":\"en-US\",\"@id\":\"https:\/\/stagezone.hu\/en\/product\/dt-selflock-clamp-light\/#primaryimage\",\"url\":\"https:\/\/stagezone.hu\/wp-content\/uploads\/2025\/05\/1741000116.png\",\"contentUrl\":\"https:\/\/stagezone.hu\/wp-content\/uploads\/2025\/05\/1741000116.png\",\"width\":1000,\"height\":1000,\"caption\":\"DT Selflock Clamp Light\"},{\"@type\":\"BreadcrumbList\",\"@id\":\"https:\/\/stagezone.hu\/en\/product\/dt-selflock-clamp-light\/#breadcrumb\",\"itemListElement\":[{\"@type\":\"ListItem\",\"position\":1,\"name\":\"Kezd\u0151lap\",\"item\":\"https:\/\/stagezone.hu\/\"},{\"@type\":\"ListItem\",\"position\":2,\"name\":\"\u00dczlet\",\"item\":\"https:\/\/stagezone.hu\/uzlet\/\"},{\"@type\":\"ListItem\",\"position\":3,\"name\":\"DT Selflock Clamp Light\"}]},{\"@type\":\"WebSite\",\"@id\":\"https:\/\/stagezone.hu\/en\/#website\",\"url\":\"https:\/\/stagezone.hu\/en\/\",\"name\":\"StageZone - Ragyogj a Stagezone min\u0151s\u00e9gi f\u00e9nytechnik\u00e1j\u00e1val.\",\"description\":\"StageZone\",\"publisher\":{\"@id\":\"https:\/\/stagezone.hu\/en\/#organization\"},\"potentialAction\":[{\"@type\":\"SearchAction\",\"target\":{\"@type\":\"EntryPoint\",\"urlTemplate\":\"https:\/\/stagezone.hu\/en\/?s={search_term_string}\"},\"query-input\":{\"@type\":\"PropertyValueSpecification\",\"valueRequired\":true,\"valueName\":\"search_term_string\"}}],\"inLanguage\":\"en-US\"},{\"@type\":\"Organization\",\"@id\":\"https:\/\/stagezone.hu\/en\/#organization\",\"name\":\"StageZone\",\"url\":\"https:\/\/stagezone.hu\/en\/\",\"logo\":{\"@type\":\"ImageObject\",\"inLanguage\":\"en-US\",\"@id\":\"https:\/\/stagezone.hu\/en\/#\/schema\/logo\/image\/\",\"url\":\"https:\/\/stagezone.hu\/wp-content\/uploads\/2026\/01\/Adam-Hall_1000x1000-1-1.png\",\"contentUrl\":\"https:\/\/stagezone.hu\/wp-content\/uploads\/2026\/01\/Adam-Hall_1000x1000-1-1.png\",\"width\":1000,\"height\":1000,\"caption\":\"StageZone\"},\"image\":{\"@id\":\"https:\/\/stagezone.hu\/en\/#\/schema\/logo\/image\/\"},\"sameAs\":[\"https:\/\/www.facebook.com\/stagezonehungary\/\",\"https:\/\/www.instagram.com\/stagezonehungary\/\"]}]}<\/script>\n<!-- \/ Yoast SEO Premium plugin. -->","yoast_head_json":{"title":"DT Selflock Clamp Light","description":"DT Selflock Clamp Light for 48-51 mm truss tubes, made of 6061 T6 aluminum with an M10 x 30 mm bolt, supporting up to 50 kg.","robots":{"index":"index","follow":"follow","max-snippet":"max-snippet:-1","max-image-preview":"max-image-preview:large","max-video-preview":"max-video-preview:-1"},"canonical":"DT Selflock Clamp Light for 48-51 mm truss tubes, made of 6061 T6 aluminum with an M10 x 30 mm bolt, supporting up to 50 kg.","og_locale":"en_US","og_type":"article","og_title":"DT Selflock Clamp Light","og_description":"DT Selflock Clamp Light for 48-51 mm truss tubes, made of 6061 T6 aluminum with an M10 x 30 mm bolt, supporting up to 50 kg.","og_url":"https:\/\/stagezone.hu\/en\/product\/dt-selflock-clamp-light\/","og_site_name":"StageZone","article_publisher":"https:\/\/www.facebook.com\/stagezonehungary\/","article_modified_time":"2026-05-04T18:54:22+00:00","og_image":[{"width":1000,"height":1000,"url":"https:\/\/stagezone.hu\/wp-content\/uploads\/2025\/05\/1741000116.png","type":"image\/png"}],"twitter_card":"summary_large_image","twitter_misc":{"Est. reading time":"1 minute"},"schema":{"@context":"https:\/\/schema.org","@graph":[{"@type":"WebPage","@id":"https:\/\/stagezone.hu\/en\/product\/dt-selflock-clamp-light\/","url":"https:\/\/stagezone.hu\/en\/product\/dt-selflock-clamp-light\/","name":"DT Selflock Clamp Light - StageZone","isPartOf":{"@id":"https:\/\/stagezone.hu\/#website"},"primaryImageOfPage":{"@id":"https:\/\/stagezone.hu\/en\/product\/dt-selflock-clamp-light\/#primaryimage"},"image":{"@id":"https:\/\/stagezone.hu\/en\/product\/dt-selflock-clamp-light\/#primaryimage"},"thumbnailUrl":"https:\/\/stagezone.hu\/wp-content\/uploads\/2025\/05\/1741000116.png","datePublished":"2025-05-29T16:00:08+00:00","dateModified":"2026-05-04T18:54:22+00:00","description":"Duratruss alum\u00ednium bilincs 48\u201351 mm \u00e1tm\u00e9r\u0151j\u0171 traverzhez 50 kg teherb\u00edr\u00e1ssal. Tart\u00f3s, k\u00f6nny\u0171, megb\u00edzhat\u00f3 r\u00f6gz\u00edt\u00e9st biztos\u00edt professzion\u00e1lis felhaszn\u00e1l\u00e1sra.","breadcrumb":{"@id":"https:\/\/stagezone.hu\/en\/product\/dt-selflock-clamp-light\/#breadcrumb"},"inLanguage":"en-US","potentialAction":[{"@type":"ReadAction","target":["https:\/\/stagezone.hu\/en\/product\/dt-selflock-clamp-light\/"]}]},{"@type":"ImageObject","inLanguage":"en-US","@id":"https:\/\/stagezone.hu\/en\/product\/dt-selflock-clamp-light\/#primaryimage","url":"https:\/\/stagezone.hu\/wp-content\/uploads\/2025\/05\/1741000116.png","contentUrl":"https:\/\/stagezone.hu\/wp-content\/uploads\/2025\/05\/1741000116.png","width":1000,"height":1000,"caption":"DT Selflock Clamp Light"},{"@type":"BreadcrumbList","@id":"https:\/\/stagezone.hu\/en\/product\/dt-selflock-clamp-light\/#breadcrumb","itemListElement":[{"@type":"ListItem","position":1,"name":"Kezd\u0151lap","item":"https:\/\/stagezone.hu\/"},{"@type":"ListItem","position":2,"name":"\u00dczlet","item":"https:\/\/stagezone.hu\/uzlet\/"},{"@type":"ListItem","position":3,"name":"DT Selflock Clamp Light"}]},{"@type":"WebSite","@id":"https:\/\/stagezone.hu\/en\/#website","url":"https:\/\/stagezone.hu\/en\/","name":"StageZone - Ragyogj a Stagezone min\u0151s\u00e9gi f\u00e9nytechnik\u00e1j\u00e1val.","description":"StageZone","publisher":{"@id":"https:\/\/stagezone.hu\/en\/#organization"},"potentialAction":[{"@type":"SearchAction","target":{"@type":"EntryPoint","urlTemplate":"https:\/\/stagezone.hu\/en\/?s={search_term_string}"},"query-input":{"@type":"PropertyValueSpecification","valueRequired":true,"valueName":"search_term_string"}}],"inLanguage":"en-US"},{"@type":"Organization","@id":"https:\/\/stagezone.hu\/en\/#organization","name":"StageZone","url":"https:\/\/stagezone.hu\/en\/","logo":{"@type":"ImageObject","inLanguage":"en-US","@id":"https:\/\/stagezone.hu\/en\/#\/schema\/logo\/image\/","url":"https:\/\/stagezone.hu\/wp-content\/uploads\/2026\/01\/Adam-Hall_1000x1000-1-1.png","contentUrl":"https:\/\/stagezone.hu\/wp-content\/uploads\/2026\/01\/Adam-Hall_1000x1000-1-1.png","width":1000,"height":1000,"caption":"StageZone"},"image":{"@id":"https:\/\/stagezone.hu\/en\/#\/schema\/logo\/image\/"},"sameAs":["https:\/\/www.facebook.com\/stagezonehungary\/","https:\/\/www.instagram.com\/stagezonehungary\/"]}]}},"_links":{"self":[{"href":"https:\/\/stagezone.hu\/en\/wp-json\/wp\/v2\/product\/7185","targetHints":{"allow":["GET"]}}],"collection":[{"href":"https:\/\/stagezone.hu\/en\/wp-json\/wp\/v2\/product"}],"about":[{"href":"https:\/\/stagezone.hu\/en\/wp-json\/wp\/v2\/types\/product"}],"replies":[{"embeddable":true,"href":"https:\/\/stagezone.hu\/en\/wp-json\/wp\/v2\/comments?post=7185"}],"version-history":[{"count":2,"href":"https:\/\/stagezone.hu\/en\/wp-json\/wp\/v2\/product\/7185\/revisions"}],"predecessor-version":[{"id":10607,"href":"https:\/\/stagezone.hu\/en\/wp-json\/wp\/v2\/product\/7185\/revisions\/10607"}],"wp:featuredmedia":[{"embeddable":true,"href":"https:\/\/stagezone.hu\/en\/wp-json\/wp\/v2\/media\/7186"}],"wp:attachment":[{"href":"https:\/\/stagezone.hu\/en\/wp-json\/wp\/v2\/media?parent=7185"}],"wp:term":[{"taxonomy":"product_brand","embeddable":true,"href":"https:\/\/stagezone.hu\/en\/wp-json\/wp\/v2\/product_brand?post=7185"},{"taxonomy":"product_cat","embeddable":true,"href":"https:\/\/stagezone.hu\/en\/wp-json\/wp\/v2\/product_cat?post=7185"},{"taxonomy":"product_tag","embeddable":true,"href":"https:\/\/stagezone.hu\/en\/wp-json\/wp\/v2\/product_tag?post=7185"}],"curies":[{"name":"wp","href":"https:\/\/api.w.org\/{rel}","templated":true}]}}