{"id":6951,"date":"2025-05-27T16:00:47","date_gmt":"2025-05-27T15:00:47","guid":{"rendered":"https:\/\/stagezone.hu\/?post_type=product&#038;p=6951"},"modified":"2026-05-04T19:54:41","modified_gmt":"2026-05-04T18:54:41","slug":"dt-jr-clamp-halfcone-75kg-black","status":"publish","type":"product","link":"https:\/\/stagezone.hu\/en\/product\/dt-jr-clamp-halfcone-black-75kg\/","title":{"rendered":"DT Jr Clamp Halfcone Black - 75kg"},"content":{"rendered":"<p><strong>DT Jr Clamp Halfcone Black<\/strong><\/p>\n<ul>\n<li>Fits truss tubes with a diameter of 32\u201335 mm<\/li>\n<li>Material: 6061 T6 aluminum<\/li>\n<li>Fastener: 35 mm half cone<\/li>\n<li>Color: black<\/li>\n<li>Max. load capacity \/ SWL: 75 kg<\/li>\n<li>Dimensions: 82.9 x 30.0 mm (without bolt)<\/li>\n<li>Weight: 0.148 kg<\/li>\n<\/ul>\n<p>Duratruss products are made from high-quality aluminum and meet the strictest technical standards, such as the German T\u00dcV regulations. Their warehouse capacity of 5500 m\u00b2 allows them to maintain a constant stock, ensuring standard products are always quickly available.<\/p>\n","protected":false},"excerpt":{"rendered":"<p>DT Jr Clamp Halfcone Black is a black clamp made of 6061 T6 aluminum with a 35 mm half cone. It fits truss tubes from 32-35 mm and has a maximum load capacity of 75 kg.<\/p>\n","protected":false},"featured_media":6952,"comment_status":"open","ping_status":"closed","template":"","meta":[],"product_brand":[],"product_cat":[476,452,363],"product_tag":[420,484],"class_list":{"0":"post-6951","1":"product","2":"type-product","3":"status-publish","4":"has-post-thumbnail","6":"product_cat-32-35-mm","7":"product_cat-bilincs","8":"product_cat-hardver","9":"product_tag-bilincs","10":"product_tag-duratruss","12":"first","13":"low_stock","14":"taxable","15":"shipping-taxable","16":"purchasable","17":"product-type-simple"},"yoast_head":"<!-- This site is optimized with the Yoast SEO Premium plugin v27.2 (Yoast SEO v27.2) - https:\/\/yoast.com\/product\/yoast-seo-premium-wordpress\/ -->\n<title>DT Jr Clamp Halfcone Black - 75kg<\/title>\n<meta name=\"description\" content=\"DT Jr Clamp Halfcone Black is a black clamp made of 6061 T6 aluminum with a 35 mm half cone. It fits truss tubes from 32-35 mm and has a maximum load capacity of 75 kg.\" \/>\n<meta name=\"robots\" content=\"index, follow, max-snippet:-1, max-image-preview:large, max-video-preview:-1\" \/>\n<link rel=\"canonical\" href=\"http:\/\/DT%20Jr%20Clamp%20Halfcone%20Black%20is%20a%20black%20clamp%20made%20of%206061%20T6%20aluminum%20with%20a%2035%20mm%20half%20cone.%20It%20fits%20truss%20tubes%20from%2032-35%20mm%20and%20has%20a%20maximum%20load%20capacity%20of%2075%20kg.\" \/>\n<meta property=\"og:locale\" content=\"en_US\" \/>\n<meta property=\"og:type\" content=\"article\" \/>\n<meta property=\"og:title\" content=\"DT Jr Clamp Halfcone Black - 75kg\" \/>\n<meta property=\"og:description\" content=\"DT Jr Clamp Halfcone Black is a black clamp made of 6061 T6 aluminum with a 35 mm half cone. It fits truss tubes from 32-35 mm and has a maximum load capacity of 75 kg.\" \/>\n<meta property=\"og:url\" content=\"https:\/\/stagezone.hu\/en\/product\/dt-jr-clamp-halfcone-black-75kg\/\" \/>\n<meta property=\"og:site_name\" content=\"StageZone\" \/>\n<meta property=\"article:publisher\" content=\"https:\/\/www.facebook.com\/stagezonehungary\/\" \/>\n<meta property=\"article:modified_time\" content=\"2026-05-04T18:54:41+00:00\" \/>\n<meta property=\"og:image\" content=\"https:\/\/stagezone.hu\/wp-content\/uploads\/2025\/05\/1741000071.jpg\" \/>\n\t<meta property=\"og:image:width\" content=\"1000\" \/>\n\t<meta property=\"og:image:height\" content=\"1000\" \/>\n\t<meta property=\"og:image:type\" content=\"image\/jpeg\" \/>\n<meta name=\"twitter:card\" content=\"summary_large_image\" \/>\n<meta name=\"twitter:label1\" content=\"Est. reading time\" \/>\n\t<meta name=\"twitter:data1\" content=\"1 minute\" \/>\n<script type=\"application\/ld+json\" class=\"yoast-schema-graph\">{\"@context\":\"https:\/\/schema.org\",\"@graph\":[{\"@type\":\"WebPage\",\"@id\":\"https:\/\/stagezone.hu\/en\/product\/dt-jr-clamp-halfcone-black-75kg\/\",\"url\":\"https:\/\/stagezone.hu\/en\/product\/dt-jr-clamp-halfcone-black-75kg\/\",\"name\":\"DT Jr Clamp Halfcone Black - StageZone\",\"isPartOf\":{\"@id\":\"https:\/\/stagezone.hu\/#website\"},\"primaryImageOfPage\":{\"@id\":\"https:\/\/stagezone.hu\/en\/product\/dt-jr-clamp-halfcone-black-75kg\/#primaryimage\"},\"image\":{\"@id\":\"https:\/\/stagezone.hu\/en\/product\/dt-jr-clamp-halfcone-black-75kg\/#primaryimage\"},\"thumbnailUrl\":\"https:\/\/stagezone.hu\/wp-content\/uploads\/2025\/05\/1741000071.jpg\",\"datePublished\":\"2025-05-27T15:00:47+00:00\",\"dateModified\":\"2026-05-04T18:54:41+00:00\",\"description\":\"Duratruss alum\u00ednium bilincs 32\u201335 mm \u00e1tm\u00e9r\u0151j\u0171 traverzhez 75 kg teherb\u00edr\u00e1ssal. Tart\u00f3s, k\u00f6nny\u0171, megb\u00edzhat\u00f3 r\u00f6gz\u00edt\u00e9st biztos\u00edt professzion\u00e1lis felhaszn\u00e1l\u00e1sra.\",\"breadcrumb\":{\"@id\":\"https:\/\/stagezone.hu\/en\/product\/dt-jr-clamp-halfcone-black-75kg\/#breadcrumb\"},\"inLanguage\":\"en-US\",\"potentialAction\":[{\"@type\":\"ReadAction\",\"target\":[\"https:\/\/stagezone.hu\/en\/product\/dt-jr-clamp-halfcone-black-75kg\/\"]}]},{\"@type\":\"ImageObject\",\"inLanguage\":\"en-US\",\"@id\":\"https:\/\/stagezone.hu\/en\/product\/dt-jr-clamp-halfcone-black-75kg\/#primaryimage\",\"url\":\"https:\/\/stagezone.hu\/wp-content\/uploads\/2025\/05\/1741000071.jpg\",\"contentUrl\":\"https:\/\/stagezone.hu\/wp-content\/uploads\/2025\/05\/1741000071.jpg\",\"width\":1000,\"height\":1000,\"caption\":\"DT Jr Clamp Halfcone Black\"},{\"@type\":\"BreadcrumbList\",\"@id\":\"https:\/\/stagezone.hu\/en\/product\/dt-jr-clamp-halfcone-black-75kg\/#breadcrumb\",\"itemListElement\":[{\"@type\":\"ListItem\",\"position\":1,\"name\":\"Kezd\u0151lap\",\"item\":\"https:\/\/stagezone.hu\/\"},{\"@type\":\"ListItem\",\"position\":2,\"name\":\"\u00dczlet\",\"item\":\"https:\/\/stagezone.hu\/uzlet\/\"},{\"@type\":\"ListItem\",\"position\":3,\"name\":\"DT Jr Clamp Halfcone Black - 75kg\"}]},{\"@type\":\"WebSite\",\"@id\":\"https:\/\/stagezone.hu\/en\/#website\",\"url\":\"https:\/\/stagezone.hu\/en\/\",\"name\":\"StageZone - Ragyogj a Stagezone min\u0151s\u00e9gi f\u00e9nytechnik\u00e1j\u00e1val.\",\"description\":\"StageZone\",\"publisher\":{\"@id\":\"https:\/\/stagezone.hu\/en\/#organization\"},\"potentialAction\":[{\"@type\":\"SearchAction\",\"target\":{\"@type\":\"EntryPoint\",\"urlTemplate\":\"https:\/\/stagezone.hu\/en\/?s={search_term_string}\"},\"query-input\":{\"@type\":\"PropertyValueSpecification\",\"valueRequired\":true,\"valueName\":\"search_term_string\"}}],\"inLanguage\":\"en-US\"},{\"@type\":\"Organization\",\"@id\":\"https:\/\/stagezone.hu\/en\/#organization\",\"name\":\"StageZone\",\"url\":\"https:\/\/stagezone.hu\/en\/\",\"logo\":{\"@type\":\"ImageObject\",\"inLanguage\":\"en-US\",\"@id\":\"https:\/\/stagezone.hu\/en\/#\/schema\/logo\/image\/\",\"url\":\"https:\/\/stagezone.hu\/wp-content\/uploads\/2026\/01\/Adam-Hall_1000x1000-1-1.png\",\"contentUrl\":\"https:\/\/stagezone.hu\/wp-content\/uploads\/2026\/01\/Adam-Hall_1000x1000-1-1.png\",\"width\":1000,\"height\":1000,\"caption\":\"StageZone\"},\"image\":{\"@id\":\"https:\/\/stagezone.hu\/en\/#\/schema\/logo\/image\/\"},\"sameAs\":[\"https:\/\/www.facebook.com\/stagezonehungary\/\",\"https:\/\/www.instagram.com\/stagezonehungary\/\"]}]}<\/script>\n<!-- \/ Yoast SEO Premium plugin. -->","yoast_head_json":{"title":"DT Jr Clamp Halfcone Black - 75kg","description":"DT Jr Clamp Halfcone Black is a black clamp made of 6061 T6 aluminum with a 35 mm half cone. It fits truss tubes from 32-35 mm and has a maximum load capacity of 75 kg.","robots":{"index":"index","follow":"follow","max-snippet":"max-snippet:-1","max-image-preview":"max-image-preview:large","max-video-preview":"max-video-preview:-1"},"canonical":"DT Jr Clamp Halfcone Black is a black clamp made of 6061 T6 aluminum with a 35 mm half cone. It fits truss tubes from 32-35 mm and has a maximum load capacity of 75 kg.","og_locale":"en_US","og_type":"article","og_title":"DT Jr Clamp Halfcone Black - 75kg","og_description":"DT Jr Clamp Halfcone Black is a black clamp made of 6061 T6 aluminum with a 35 mm half cone. It fits truss tubes from 32-35 mm and has a maximum load capacity of 75 kg.","og_url":"https:\/\/stagezone.hu\/en\/product\/dt-jr-clamp-halfcone-black-75kg\/","og_site_name":"StageZone","article_publisher":"https:\/\/www.facebook.com\/stagezonehungary\/","article_modified_time":"2026-05-04T18:54:41+00:00","og_image":[{"width":1000,"height":1000,"url":"https:\/\/stagezone.hu\/wp-content\/uploads\/2025\/05\/1741000071.jpg","type":"image\/jpeg"}],"twitter_card":"summary_large_image","twitter_misc":{"Est. reading time":"1 minute"},"schema":{"@context":"https:\/\/schema.org","@graph":[{"@type":"WebPage","@id":"https:\/\/stagezone.hu\/en\/product\/dt-jr-clamp-halfcone-black-75kg\/","url":"https:\/\/stagezone.hu\/en\/product\/dt-jr-clamp-halfcone-black-75kg\/","name":"DT Jr Clamp Halfcone Black - StageZone","isPartOf":{"@id":"https:\/\/stagezone.hu\/#website"},"primaryImageOfPage":{"@id":"https:\/\/stagezone.hu\/en\/product\/dt-jr-clamp-halfcone-black-75kg\/#primaryimage"},"image":{"@id":"https:\/\/stagezone.hu\/en\/product\/dt-jr-clamp-halfcone-black-75kg\/#primaryimage"},"thumbnailUrl":"https:\/\/stagezone.hu\/wp-content\/uploads\/2025\/05\/1741000071.jpg","datePublished":"2025-05-27T15:00:47+00:00","dateModified":"2026-05-04T18:54:41+00:00","description":"Duratruss alum\u00ednium bilincs 32\u201335 mm \u00e1tm\u00e9r\u0151j\u0171 traverzhez 75 kg teherb\u00edr\u00e1ssal. Tart\u00f3s, k\u00f6nny\u0171, megb\u00edzhat\u00f3 r\u00f6gz\u00edt\u00e9st biztos\u00edt professzion\u00e1lis felhaszn\u00e1l\u00e1sra.","breadcrumb":{"@id":"https:\/\/stagezone.hu\/en\/product\/dt-jr-clamp-halfcone-black-75kg\/#breadcrumb"},"inLanguage":"en-US","potentialAction":[{"@type":"ReadAction","target":["https:\/\/stagezone.hu\/en\/product\/dt-jr-clamp-halfcone-black-75kg\/"]}]},{"@type":"ImageObject","inLanguage":"en-US","@id":"https:\/\/stagezone.hu\/en\/product\/dt-jr-clamp-halfcone-black-75kg\/#primaryimage","url":"https:\/\/stagezone.hu\/wp-content\/uploads\/2025\/05\/1741000071.jpg","contentUrl":"https:\/\/stagezone.hu\/wp-content\/uploads\/2025\/05\/1741000071.jpg","width":1000,"height":1000,"caption":"DT Jr Clamp Halfcone Black"},{"@type":"BreadcrumbList","@id":"https:\/\/stagezone.hu\/en\/product\/dt-jr-clamp-halfcone-black-75kg\/#breadcrumb","itemListElement":[{"@type":"ListItem","position":1,"name":"Kezd\u0151lap","item":"https:\/\/stagezone.hu\/"},{"@type":"ListItem","position":2,"name":"\u00dczlet","item":"https:\/\/stagezone.hu\/uzlet\/"},{"@type":"ListItem","position":3,"name":"DT Jr Clamp Halfcone Black - 75kg"}]},{"@type":"WebSite","@id":"https:\/\/stagezone.hu\/en\/#website","url":"https:\/\/stagezone.hu\/en\/","name":"StageZone - Ragyogj a Stagezone min\u0151s\u00e9gi f\u00e9nytechnik\u00e1j\u00e1val.","description":"StageZone","publisher":{"@id":"https:\/\/stagezone.hu\/en\/#organization"},"potentialAction":[{"@type":"SearchAction","target":{"@type":"EntryPoint","urlTemplate":"https:\/\/stagezone.hu\/en\/?s={search_term_string}"},"query-input":{"@type":"PropertyValueSpecification","valueRequired":true,"valueName":"search_term_string"}}],"inLanguage":"en-US"},{"@type":"Organization","@id":"https:\/\/stagezone.hu\/en\/#organization","name":"StageZone","url":"https:\/\/stagezone.hu\/en\/","logo":{"@type":"ImageObject","inLanguage":"en-US","@id":"https:\/\/stagezone.hu\/en\/#\/schema\/logo\/image\/","url":"https:\/\/stagezone.hu\/wp-content\/uploads\/2026\/01\/Adam-Hall_1000x1000-1-1.png","contentUrl":"https:\/\/stagezone.hu\/wp-content\/uploads\/2026\/01\/Adam-Hall_1000x1000-1-1.png","width":1000,"height":1000,"caption":"StageZone"},"image":{"@id":"https:\/\/stagezone.hu\/en\/#\/schema\/logo\/image\/"},"sameAs":["https:\/\/www.facebook.com\/stagezonehungary\/","https:\/\/www.instagram.com\/stagezonehungary\/"]}]}},"_links":{"self":[{"href":"https:\/\/stagezone.hu\/en\/wp-json\/wp\/v2\/product\/6951","targetHints":{"allow":["GET"]}}],"collection":[{"href":"https:\/\/stagezone.hu\/en\/wp-json\/wp\/v2\/product"}],"about":[{"href":"https:\/\/stagezone.hu\/en\/wp-json\/wp\/v2\/types\/product"}],"replies":[{"embeddable":true,"href":"https:\/\/stagezone.hu\/en\/wp-json\/wp\/v2\/comments?post=6951"}],"version-history":[{"count":3,"href":"https:\/\/stagezone.hu\/en\/wp-json\/wp\/v2\/product\/6951\/revisions"}],"predecessor-version":[{"id":10569,"href":"https:\/\/stagezone.hu\/en\/wp-json\/wp\/v2\/product\/6951\/revisions\/10569"}],"wp:featuredmedia":[{"embeddable":true,"href":"https:\/\/stagezone.hu\/en\/wp-json\/wp\/v2\/media\/6952"}],"wp:attachment":[{"href":"https:\/\/stagezone.hu\/en\/wp-json\/wp\/v2\/media?parent=6951"}],"wp:term":[{"taxonomy":"product_brand","embeddable":true,"href":"https:\/\/stagezone.hu\/en\/wp-json\/wp\/v2\/product_brand?post=6951"},{"taxonomy":"product_cat","embeddable":true,"href":"https:\/\/stagezone.hu\/en\/wp-json\/wp\/v2\/product_cat?post=6951"},{"taxonomy":"product_tag","embeddable":true,"href":"https:\/\/stagezone.hu\/en\/wp-json\/wp\/v2\/product_tag?post=6951"}],"curies":[{"name":"wp","href":"https:\/\/api.w.org\/{rel}","templated":true}]}}