{"id":6945,"date":"2025-05-27T16:00:01","date_gmt":"2025-05-27T15:00:01","guid":{"rendered":"https:\/\/stagezone.hu\/?post_type=product&#038;p=6945"},"modified":"2026-05-04T19:54:57","modified_gmt":"2026-05-04T18:54:57","slug":"dt-jr-clamp-wing-75kg-black","status":"publish","type":"product","link":"https:\/\/stagezone.hu\/en\/product\/duratruss-dt-jr-clamp-wing-black\/","title":{"rendered":"Duratruss DT Jr Clamp Wing Black"},"content":{"rendered":"<p><strong>DT Jr Clamp Wing Black<\/strong><\/p>\n<ul>\n<li>Fits truss pipes with a diameter of 32\u201335 mm<\/li>\n<li>Material: 6061 T6 aluminum<\/li>\n<li>Fastener: M10x30<\/li>\n<li>Color: black<\/li>\n<li>Max. load capacity \/ SWL: 75 kg<\/li>\n<li>Dimensions: 53.6 x 30.0 mm (without bolt)<\/li>\n<li>Weight: 0.165 kg<\/li>\n<\/ul>\n<p><strong>Duratruss<\/strong> products are made of high-quality aluminum and meet the strictest technical standards, such as the German <strong>T\u00dcV<\/strong> regulations. Their 5500 m\u00b2 warehouse capacity allows them to maintain a constant stock, ensuring quick availability of standard products.<\/p>\n","protected":false},"excerpt":{"rendered":"<p>The DT Jr Clamp Wing Black is a black aluminum clamp designed for 32-35mm truss pipes, with a maximum load capacity of 75kg.<\/p>\n","protected":false},"featured_media":6946,"comment_status":"open","ping_status":"closed","template":"","meta":[],"product_brand":[],"product_cat":[476,452,363],"product_tag":[420,484],"class_list":{"0":"post-6945","1":"product","2":"type-product","3":"status-publish","4":"has-post-thumbnail","6":"product_cat-32-35-mm","7":"product_cat-bilincs","8":"product_cat-hardver","9":"product_tag-bilincs","10":"product_tag-duratruss","12":"first","13":"low_stock","14":"taxable","15":"shipping-taxable","16":"purchasable","17":"product-type-simple"},"yoast_head":"<!-- This site is optimized with the Yoast SEO Premium plugin v27.2 (Yoast SEO v27.2) - https:\/\/yoast.com\/product\/yoast-seo-premium-wordpress\/ -->\n<title>Duratruss DT Jr Clamp Wing Black<\/title>\n<meta name=\"description\" content=\"The DT Jr Clamp Wing Black is a black aluminum clamp designed for 32-35mm truss pipes, with a maximum load capacity of 75kg.\" \/>\n<meta name=\"robots\" content=\"index, follow, max-snippet:-1, max-image-preview:large, max-video-preview:-1\" \/>\n<link rel=\"canonical\" href=\"http:\/\/The%20DT%20Jr%20Clamp%20Wing%20Black%20is%20a%20black%20aluminum%20clamp%20designed%20for%2032-35mm%20truss%20pipes,%20with%20a%20maximum%20load%20capacity%20of%2075kg.\" \/>\n<meta property=\"og:locale\" content=\"en_US\" \/>\n<meta property=\"og:type\" content=\"article\" \/>\n<meta property=\"og:title\" content=\"Duratruss DT Jr Clamp Wing Black\" \/>\n<meta property=\"og:description\" content=\"The DT Jr Clamp Wing Black is a black aluminum clamp designed for 32-35mm truss pipes, with a maximum load capacity of 75kg.\" \/>\n<meta property=\"og:url\" content=\"https:\/\/stagezone.hu\/en\/product\/duratruss-dt-jr-clamp-wing-black\/\" \/>\n<meta property=\"og:site_name\" content=\"StageZone\" \/>\n<meta property=\"article:publisher\" content=\"https:\/\/www.facebook.com\/stagezonehungary\/\" \/>\n<meta property=\"article:modified_time\" content=\"2026-05-04T18:54:57+00:00\" \/>\n<meta property=\"og:image\" content=\"https:\/\/stagezone.hu\/wp-content\/uploads\/2025\/05\/1741000104-DT-Junior-Clamp-Wing-Black.jpg\" \/>\n\t<meta property=\"og:image:width\" content=\"1000\" \/>\n\t<meta property=\"og:image:height\" content=\"1000\" \/>\n\t<meta property=\"og:image:type\" content=\"image\/jpeg\" \/>\n<meta name=\"twitter:card\" content=\"summary_large_image\" \/>\n<meta name=\"twitter:label1\" content=\"Est. reading time\" \/>\n\t<meta name=\"twitter:data1\" content=\"1 minute\" \/>\n<script type=\"application\/ld+json\" class=\"yoast-schema-graph\">{\"@context\":\"https:\/\/schema.org\",\"@graph\":[{\"@type\":\"WebPage\",\"@id\":\"https:\/\/stagezone.hu\/en\/product\/duratruss-dt-jr-clamp-wing-black\/\",\"url\":\"https:\/\/stagezone.hu\/en\/product\/duratruss-dt-jr-clamp-wing-black\/\",\"name\":\"DT Jr Clamp Wing Black - StageZone\",\"isPartOf\":{\"@id\":\"https:\/\/stagezone.hu\/#website\"},\"primaryImageOfPage\":{\"@id\":\"https:\/\/stagezone.hu\/en\/product\/duratruss-dt-jr-clamp-wing-black\/#primaryimage\"},\"image\":{\"@id\":\"https:\/\/stagezone.hu\/en\/product\/duratruss-dt-jr-clamp-wing-black\/#primaryimage\"},\"thumbnailUrl\":\"https:\/\/stagezone.hu\/wp-content\/uploads\/2025\/05\/1741000104-DT-Junior-Clamp-Wing-Black.jpg\",\"datePublished\":\"2025-05-27T15:00:01+00:00\",\"dateModified\":\"2026-05-04T18:54:57+00:00\",\"description\":\"Duratruss alum\u00ednium bilincs 32\u201335 mm \u00e1tm\u00e9r\u0151j\u0171 traverzhez 75 kg teherb\u00edr\u00e1ssal. Tart\u00f3s, k\u00f6nny\u0171, megb\u00edzhat\u00f3 r\u00f6gz\u00edt\u00e9st biztos\u00edt professzion\u00e1lis felhaszn\u00e1l\u00e1sra.\",\"breadcrumb\":{\"@id\":\"https:\/\/stagezone.hu\/en\/product\/duratruss-dt-jr-clamp-wing-black\/#breadcrumb\"},\"inLanguage\":\"en-US\",\"potentialAction\":[{\"@type\":\"ReadAction\",\"target\":[\"https:\/\/stagezone.hu\/en\/product\/duratruss-dt-jr-clamp-wing-black\/\"]}]},{\"@type\":\"ImageObject\",\"inLanguage\":\"en-US\",\"@id\":\"https:\/\/stagezone.hu\/en\/product\/duratruss-dt-jr-clamp-wing-black\/#primaryimage\",\"url\":\"https:\/\/stagezone.hu\/wp-content\/uploads\/2025\/05\/1741000104-DT-Junior-Clamp-Wing-Black.jpg\",\"contentUrl\":\"https:\/\/stagezone.hu\/wp-content\/uploads\/2025\/05\/1741000104-DT-Junior-Clamp-Wing-Black.jpg\",\"width\":1000,\"height\":1000,\"caption\":\"DT Jr Clamp Wing Black\"},{\"@type\":\"BreadcrumbList\",\"@id\":\"https:\/\/stagezone.hu\/en\/product\/duratruss-dt-jr-clamp-wing-black\/#breadcrumb\",\"itemListElement\":[{\"@type\":\"ListItem\",\"position\":1,\"name\":\"Kezd\u0151lap\",\"item\":\"https:\/\/stagezone.hu\/\"},{\"@type\":\"ListItem\",\"position\":2,\"name\":\"\u00dczlet\",\"item\":\"https:\/\/stagezone.hu\/uzlet\/\"},{\"@type\":\"ListItem\",\"position\":3,\"name\":\"Duratruss DT Jr Clamp Wing Black\"}]},{\"@type\":\"WebSite\",\"@id\":\"https:\/\/stagezone.hu\/en\/#website\",\"url\":\"https:\/\/stagezone.hu\/en\/\",\"name\":\"StageZone - Ragyogj a Stagezone min\u0151s\u00e9gi f\u00e9nytechnik\u00e1j\u00e1val.\",\"description\":\"StageZone\",\"publisher\":{\"@id\":\"https:\/\/stagezone.hu\/en\/#organization\"},\"potentialAction\":[{\"@type\":\"SearchAction\",\"target\":{\"@type\":\"EntryPoint\",\"urlTemplate\":\"https:\/\/stagezone.hu\/en\/?s={search_term_string}\"},\"query-input\":{\"@type\":\"PropertyValueSpecification\",\"valueRequired\":true,\"valueName\":\"search_term_string\"}}],\"inLanguage\":\"en-US\"},{\"@type\":\"Organization\",\"@id\":\"https:\/\/stagezone.hu\/en\/#organization\",\"name\":\"StageZone\",\"url\":\"https:\/\/stagezone.hu\/en\/\",\"logo\":{\"@type\":\"ImageObject\",\"inLanguage\":\"en-US\",\"@id\":\"https:\/\/stagezone.hu\/en\/#\/schema\/logo\/image\/\",\"url\":\"https:\/\/stagezone.hu\/wp-content\/uploads\/2026\/01\/Adam-Hall_1000x1000-1-1.png\",\"contentUrl\":\"https:\/\/stagezone.hu\/wp-content\/uploads\/2026\/01\/Adam-Hall_1000x1000-1-1.png\",\"width\":1000,\"height\":1000,\"caption\":\"StageZone\"},\"image\":{\"@id\":\"https:\/\/stagezone.hu\/en\/#\/schema\/logo\/image\/\"},\"sameAs\":[\"https:\/\/www.facebook.com\/stagezonehungary\/\",\"https:\/\/www.instagram.com\/stagezonehungary\/\"]}]}<\/script>\n<!-- \/ Yoast SEO Premium plugin. -->","yoast_head_json":{"title":"Duratruss DT Jr Clamp Wing Black","description":"The DT Jr Clamp Wing Black is a black aluminum clamp designed for 32-35mm truss pipes, with a maximum load capacity of 75kg.","robots":{"index":"index","follow":"follow","max-snippet":"max-snippet:-1","max-image-preview":"max-image-preview:large","max-video-preview":"max-video-preview:-1"},"canonical":"The DT Jr Clamp Wing Black is a black aluminum clamp designed for 32-35mm truss pipes, with a maximum load capacity of 75kg.","og_locale":"en_US","og_type":"article","og_title":"Duratruss DT Jr Clamp Wing Black","og_description":"The DT Jr Clamp Wing Black is a black aluminum clamp designed for 32-35mm truss pipes, with a maximum load capacity of 75kg.","og_url":"https:\/\/stagezone.hu\/en\/product\/duratruss-dt-jr-clamp-wing-black\/","og_site_name":"StageZone","article_publisher":"https:\/\/www.facebook.com\/stagezonehungary\/","article_modified_time":"2026-05-04T18:54:57+00:00","og_image":[{"width":1000,"height":1000,"url":"https:\/\/stagezone.hu\/wp-content\/uploads\/2025\/05\/1741000104-DT-Junior-Clamp-Wing-Black.jpg","type":"image\/jpeg"}],"twitter_card":"summary_large_image","twitter_misc":{"Est. reading time":"1 minute"},"schema":{"@context":"https:\/\/schema.org","@graph":[{"@type":"WebPage","@id":"https:\/\/stagezone.hu\/en\/product\/duratruss-dt-jr-clamp-wing-black\/","url":"https:\/\/stagezone.hu\/en\/product\/duratruss-dt-jr-clamp-wing-black\/","name":"DT Jr Clamp Wing Black - StageZone","isPartOf":{"@id":"https:\/\/stagezone.hu\/#website"},"primaryImageOfPage":{"@id":"https:\/\/stagezone.hu\/en\/product\/duratruss-dt-jr-clamp-wing-black\/#primaryimage"},"image":{"@id":"https:\/\/stagezone.hu\/en\/product\/duratruss-dt-jr-clamp-wing-black\/#primaryimage"},"thumbnailUrl":"https:\/\/stagezone.hu\/wp-content\/uploads\/2025\/05\/1741000104-DT-Junior-Clamp-Wing-Black.jpg","datePublished":"2025-05-27T15:00:01+00:00","dateModified":"2026-05-04T18:54:57+00:00","description":"Duratruss alum\u00ednium bilincs 32\u201335 mm \u00e1tm\u00e9r\u0151j\u0171 traverzhez 75 kg teherb\u00edr\u00e1ssal. Tart\u00f3s, k\u00f6nny\u0171, megb\u00edzhat\u00f3 r\u00f6gz\u00edt\u00e9st biztos\u00edt professzion\u00e1lis felhaszn\u00e1l\u00e1sra.","breadcrumb":{"@id":"https:\/\/stagezone.hu\/en\/product\/duratruss-dt-jr-clamp-wing-black\/#breadcrumb"},"inLanguage":"en-US","potentialAction":[{"@type":"ReadAction","target":["https:\/\/stagezone.hu\/en\/product\/duratruss-dt-jr-clamp-wing-black\/"]}]},{"@type":"ImageObject","inLanguage":"en-US","@id":"https:\/\/stagezone.hu\/en\/product\/duratruss-dt-jr-clamp-wing-black\/#primaryimage","url":"https:\/\/stagezone.hu\/wp-content\/uploads\/2025\/05\/1741000104-DT-Junior-Clamp-Wing-Black.jpg","contentUrl":"https:\/\/stagezone.hu\/wp-content\/uploads\/2025\/05\/1741000104-DT-Junior-Clamp-Wing-Black.jpg","width":1000,"height":1000,"caption":"DT Jr Clamp Wing Black"},{"@type":"BreadcrumbList","@id":"https:\/\/stagezone.hu\/en\/product\/duratruss-dt-jr-clamp-wing-black\/#breadcrumb","itemListElement":[{"@type":"ListItem","position":1,"name":"Kezd\u0151lap","item":"https:\/\/stagezone.hu\/"},{"@type":"ListItem","position":2,"name":"\u00dczlet","item":"https:\/\/stagezone.hu\/uzlet\/"},{"@type":"ListItem","position":3,"name":"Duratruss DT Jr Clamp Wing Black"}]},{"@type":"WebSite","@id":"https:\/\/stagezone.hu\/en\/#website","url":"https:\/\/stagezone.hu\/en\/","name":"StageZone - Ragyogj a Stagezone min\u0151s\u00e9gi f\u00e9nytechnik\u00e1j\u00e1val.","description":"StageZone","publisher":{"@id":"https:\/\/stagezone.hu\/en\/#organization"},"potentialAction":[{"@type":"SearchAction","target":{"@type":"EntryPoint","urlTemplate":"https:\/\/stagezone.hu\/en\/?s={search_term_string}"},"query-input":{"@type":"PropertyValueSpecification","valueRequired":true,"valueName":"search_term_string"}}],"inLanguage":"en-US"},{"@type":"Organization","@id":"https:\/\/stagezone.hu\/en\/#organization","name":"StageZone","url":"https:\/\/stagezone.hu\/en\/","logo":{"@type":"ImageObject","inLanguage":"en-US","@id":"https:\/\/stagezone.hu\/en\/#\/schema\/logo\/image\/","url":"https:\/\/stagezone.hu\/wp-content\/uploads\/2026\/01\/Adam-Hall_1000x1000-1-1.png","contentUrl":"https:\/\/stagezone.hu\/wp-content\/uploads\/2026\/01\/Adam-Hall_1000x1000-1-1.png","width":1000,"height":1000,"caption":"StageZone"},"image":{"@id":"https:\/\/stagezone.hu\/en\/#\/schema\/logo\/image\/"},"sameAs":["https:\/\/www.facebook.com\/stagezonehungary\/","https:\/\/www.instagram.com\/stagezonehungary\/"]}]}},"_links":{"self":[{"href":"https:\/\/stagezone.hu\/en\/wp-json\/wp\/v2\/product\/6945","targetHints":{"allow":["GET"]}}],"collection":[{"href":"https:\/\/stagezone.hu\/en\/wp-json\/wp\/v2\/product"}],"about":[{"href":"https:\/\/stagezone.hu\/en\/wp-json\/wp\/v2\/types\/product"}],"replies":[{"embeddable":true,"href":"https:\/\/stagezone.hu\/en\/wp-json\/wp\/v2\/comments?post=6945"}],"version-history":[{"count":2,"href":"https:\/\/stagezone.hu\/en\/wp-json\/wp\/v2\/product\/6945\/revisions"}],"predecessor-version":[{"id":10584,"href":"https:\/\/stagezone.hu\/en\/wp-json\/wp\/v2\/product\/6945\/revisions\/10584"}],"wp:featuredmedia":[{"embeddable":true,"href":"https:\/\/stagezone.hu\/en\/wp-json\/wp\/v2\/media\/6946"}],"wp:attachment":[{"href":"https:\/\/stagezone.hu\/en\/wp-json\/wp\/v2\/media?parent=6945"}],"wp:term":[{"taxonomy":"product_brand","embeddable":true,"href":"https:\/\/stagezone.hu\/en\/wp-json\/wp\/v2\/product_brand?post=6945"},{"taxonomy":"product_cat","embeddable":true,"href":"https:\/\/stagezone.hu\/en\/wp-json\/wp\/v2\/product_cat?post=6945"},{"taxonomy":"product_tag","embeddable":true,"href":"https:\/\/stagezone.hu\/en\/wp-json\/wp\/v2\/product_tag?post=6945"}],"curies":[{"name":"wp","href":"https:\/\/api.w.org\/{rel}","templated":true}]}}