{"id":6904,"date":"2025-05-27T16:00:05","date_gmt":"2025-05-27T15:00:05","guid":{"rendered":"https:\/\/stagezone.hu\/?post_type=product&#038;p=6904"},"modified":"2026-05-04T19:54:56","modified_gmt":"2026-05-04T18:54:56","slug":"dt-mini-360-f14","status":"publish","type":"product","link":"https:\/\/stagezone.hu\/en\/product\/dt-mini-360-f14-truss-clamp\/","title":{"rendered":"DT Mini 360-F14 Truss Clamp"},"content":{"rendered":"<p><strong>DT Mini 360-F14<\/strong><\/p>\n<ul>\n<li>For truss tubes with a diameter of 18\u201320 mm<\/li>\n<li>Material: 6061 T6 aluminum<\/li>\n<li>Mounting screw: M6x20<\/li>\n<li>Color: aluminum<\/li>\n<li>Max. load capacity \/ SWL: 10 kg<\/li>\n<li>Dimensions: 31.25 x 20.0 mm (without screw)<\/li>\n<li>Weight: 0.032 kg<\/li>\n<\/ul>\n<p>Duratruss products are made of high-quality aluminum and meet the strictest technical standards, such as the German T\u00dcV regulations. Their warehouse capacity of 5500 m\u00b2 allows them to maintain a constant stock, ensuring products are always quickly available.<\/p>\n","protected":false},"excerpt":{"rendered":"<p>The DT Mini 360-F14 is a truss clamp made of 6061 T6 aluminum, suitable for 18-20 mm diameter tubes with a maximum load capacity of 10 kg.<\/p>\n","protected":false},"featured_media":6909,"comment_status":"open","ping_status":"closed","template":"","meta":[],"product_brand":[],"product_cat":[485,452,363],"product_tag":[420,484],"class_list":{"0":"post-6904","1":"product","2":"type-product","3":"status-publish","4":"has-post-thumbnail","6":"product_cat-18-20-mm","7":"product_cat-bilincs","8":"product_cat-hardver","9":"product_tag-bilincs","10":"product_tag-duratruss","12":"first","13":"pre_order","14":"taxable","15":"shipping-taxable","16":"purchasable","17":"product-type-simple"},"yoast_head":"<!-- This site is optimized with the Yoast SEO Premium plugin v27.2 (Yoast SEO v27.2) - https:\/\/yoast.com\/product\/yoast-seo-premium-wordpress\/ -->\n<title>DT Mini 360-F14 Truss Clamp<\/title>\n<meta name=\"description\" content=\"The DT Mini 360-F14 is a truss clamp made of 6061 T6 aluminum, suitable for 18-20 mm diameter tubes with a maximum load capacity of 10 kg.\" \/>\n<meta name=\"robots\" content=\"index, follow, max-snippet:-1, max-image-preview:large, max-video-preview:-1\" \/>\n<link rel=\"canonical\" href=\"http:\/\/The%20DT%20Mini%20360-F14%20is%20a%20truss%20clamp%20made%20of%206061%20T6%20aluminum,%20suitable%20for%2018-20%20mm%20diameter%20tubes%20with%20a%20maximum%20load%20capacity%20of%2010%20kg.\" \/>\n<meta property=\"og:locale\" content=\"en_US\" \/>\n<meta property=\"og:type\" content=\"article\" \/>\n<meta property=\"og:title\" content=\"DT Mini 360-F14 Truss Clamp\" \/>\n<meta property=\"og:description\" content=\"The DT Mini 360-F14 is a truss clamp made of 6061 T6 aluminum, suitable for 18-20 mm diameter tubes with a maximum load capacity of 10 kg.\" \/>\n<meta property=\"og:url\" content=\"https:\/\/stagezone.hu\/en\/product\/dt-mini-360-f14-truss-clamp\/\" \/>\n<meta property=\"og:site_name\" content=\"StageZone\" \/>\n<meta property=\"article:publisher\" content=\"https:\/\/www.facebook.com\/stagezonehungary\/\" \/>\n<meta property=\"article:modified_time\" content=\"2026-05-04T18:54:56+00:00\" \/>\n<meta property=\"og:image\" content=\"https:\/\/stagezone.hu\/wp-content\/uploads\/2025\/05\/1741000041.png\" \/>\n\t<meta property=\"og:image:width\" content=\"1000\" \/>\n\t<meta property=\"og:image:height\" content=\"1000\" \/>\n\t<meta property=\"og:image:type\" content=\"image\/png\" \/>\n<meta name=\"twitter:card\" content=\"summary_large_image\" \/>\n<meta name=\"twitter:label1\" content=\"Est. reading time\" \/>\n\t<meta name=\"twitter:data1\" content=\"1 minute\" \/>\n<script type=\"application\/ld+json\" class=\"yoast-schema-graph\">{\"@context\":\"https:\/\/schema.org\",\"@graph\":[{\"@type\":\"WebPage\",\"@id\":\"https:\/\/stagezone.hu\/en\/product\/dt-mini-360-f14-truss-clamp\/\",\"url\":\"https:\/\/stagezone.hu\/en\/product\/dt-mini-360-f14-truss-clamp\/\",\"name\":\"DT Mini 360-F14 - StageZone\",\"isPartOf\":{\"@id\":\"https:\/\/stagezone.hu\/#website\"},\"primaryImageOfPage\":{\"@id\":\"https:\/\/stagezone.hu\/en\/product\/dt-mini-360-f14-truss-clamp\/#primaryimage\"},\"image\":{\"@id\":\"https:\/\/stagezone.hu\/en\/product\/dt-mini-360-f14-truss-clamp\/#primaryimage\"},\"thumbnailUrl\":\"https:\/\/stagezone.hu\/wp-content\/uploads\/2025\/05\/1741000041.png\",\"datePublished\":\"2025-05-27T15:00:05+00:00\",\"dateModified\":\"2026-05-04T18:54:56+00:00\",\"description\":\"DT Mini 360-F14 alum\u00ednium bilincs 18\u201320 mm \u00e1tm\u00e9r\u0151j\u0171 traverzcs\u00f6vekhez, 10 kg teherb\u00edr\u00e1ssal. Tart\u00f3s, k\u00f6nny\u0171 \u00e9s megb\u00edzhat\u00f3 r\u00f6gz\u00edt\u00e9st biztos\u00edt.\",\"breadcrumb\":{\"@id\":\"https:\/\/stagezone.hu\/en\/product\/dt-mini-360-f14-truss-clamp\/#breadcrumb\"},\"inLanguage\":\"en-US\",\"potentialAction\":[{\"@type\":\"ReadAction\",\"target\":[\"https:\/\/stagezone.hu\/en\/product\/dt-mini-360-f14-truss-clamp\/\"]}]},{\"@type\":\"ImageObject\",\"inLanguage\":\"en-US\",\"@id\":\"https:\/\/stagezone.hu\/en\/product\/dt-mini-360-f14-truss-clamp\/#primaryimage\",\"url\":\"https:\/\/stagezone.hu\/wp-content\/uploads\/2025\/05\/1741000041.png\",\"contentUrl\":\"https:\/\/stagezone.hu\/wp-content\/uploads\/2025\/05\/1741000041.png\",\"width\":1000,\"height\":1000,\"caption\":\"DT Mini 360-F14\"},{\"@type\":\"BreadcrumbList\",\"@id\":\"https:\/\/stagezone.hu\/en\/product\/dt-mini-360-f14-truss-clamp\/#breadcrumb\",\"itemListElement\":[{\"@type\":\"ListItem\",\"position\":1,\"name\":\"Kezd\u0151lap\",\"item\":\"https:\/\/stagezone.hu\/\"},{\"@type\":\"ListItem\",\"position\":2,\"name\":\"\u00dczlet\",\"item\":\"https:\/\/stagezone.hu\/uzlet\/\"},{\"@type\":\"ListItem\",\"position\":3,\"name\":\"DT Mini 360-F14 Truss Clamp\"}]},{\"@type\":\"WebSite\",\"@id\":\"https:\/\/stagezone.hu\/en\/#website\",\"url\":\"https:\/\/stagezone.hu\/en\/\",\"name\":\"StageZone - Ragyogj a Stagezone min\u0151s\u00e9gi f\u00e9nytechnik\u00e1j\u00e1val.\",\"description\":\"StageZone\",\"publisher\":{\"@id\":\"https:\/\/stagezone.hu\/en\/#organization\"},\"potentialAction\":[{\"@type\":\"SearchAction\",\"target\":{\"@type\":\"EntryPoint\",\"urlTemplate\":\"https:\/\/stagezone.hu\/en\/?s={search_term_string}\"},\"query-input\":{\"@type\":\"PropertyValueSpecification\",\"valueRequired\":true,\"valueName\":\"search_term_string\"}}],\"inLanguage\":\"en-US\"},{\"@type\":\"Organization\",\"@id\":\"https:\/\/stagezone.hu\/en\/#organization\",\"name\":\"StageZone\",\"url\":\"https:\/\/stagezone.hu\/en\/\",\"logo\":{\"@type\":\"ImageObject\",\"inLanguage\":\"en-US\",\"@id\":\"https:\/\/stagezone.hu\/en\/#\/schema\/logo\/image\/\",\"url\":\"https:\/\/stagezone.hu\/wp-content\/uploads\/2026\/01\/Adam-Hall_1000x1000-1-1.png\",\"contentUrl\":\"https:\/\/stagezone.hu\/wp-content\/uploads\/2026\/01\/Adam-Hall_1000x1000-1-1.png\",\"width\":1000,\"height\":1000,\"caption\":\"StageZone\"},\"image\":{\"@id\":\"https:\/\/stagezone.hu\/en\/#\/schema\/logo\/image\/\"},\"sameAs\":[\"https:\/\/www.facebook.com\/stagezonehungary\/\",\"https:\/\/www.instagram.com\/stagezonehungary\/\"]}]}<\/script>\n<!-- \/ Yoast SEO Premium plugin. -->","yoast_head_json":{"title":"DT Mini 360-F14 Truss Clamp","description":"The DT Mini 360-F14 is a truss clamp made of 6061 T6 aluminum, suitable for 18-20 mm diameter tubes with a maximum load capacity of 10 kg.","robots":{"index":"index","follow":"follow","max-snippet":"max-snippet:-1","max-image-preview":"max-image-preview:large","max-video-preview":"max-video-preview:-1"},"canonical":"The DT Mini 360-F14 is a truss clamp made of 6061 T6 aluminum, suitable for 18-20 mm diameter tubes with a maximum load capacity of 10 kg.","og_locale":"en_US","og_type":"article","og_title":"DT Mini 360-F14 Truss Clamp","og_description":"The DT Mini 360-F14 is a truss clamp made of 6061 T6 aluminum, suitable for 18-20 mm diameter tubes with a maximum load capacity of 10 kg.","og_url":"https:\/\/stagezone.hu\/en\/product\/dt-mini-360-f14-truss-clamp\/","og_site_name":"StageZone","article_publisher":"https:\/\/www.facebook.com\/stagezonehungary\/","article_modified_time":"2026-05-04T18:54:56+00:00","og_image":[{"width":1000,"height":1000,"url":"https:\/\/stagezone.hu\/wp-content\/uploads\/2025\/05\/1741000041.png","type":"image\/png"}],"twitter_card":"summary_large_image","twitter_misc":{"Est. reading time":"1 minute"},"schema":{"@context":"https:\/\/schema.org","@graph":[{"@type":"WebPage","@id":"https:\/\/stagezone.hu\/en\/product\/dt-mini-360-f14-truss-clamp\/","url":"https:\/\/stagezone.hu\/en\/product\/dt-mini-360-f14-truss-clamp\/","name":"DT Mini 360-F14 - StageZone","isPartOf":{"@id":"https:\/\/stagezone.hu\/#website"},"primaryImageOfPage":{"@id":"https:\/\/stagezone.hu\/en\/product\/dt-mini-360-f14-truss-clamp\/#primaryimage"},"image":{"@id":"https:\/\/stagezone.hu\/en\/product\/dt-mini-360-f14-truss-clamp\/#primaryimage"},"thumbnailUrl":"https:\/\/stagezone.hu\/wp-content\/uploads\/2025\/05\/1741000041.png","datePublished":"2025-05-27T15:00:05+00:00","dateModified":"2026-05-04T18:54:56+00:00","description":"DT Mini 360-F14 alum\u00ednium bilincs 18\u201320 mm \u00e1tm\u00e9r\u0151j\u0171 traverzcs\u00f6vekhez, 10 kg teherb\u00edr\u00e1ssal. Tart\u00f3s, k\u00f6nny\u0171 \u00e9s megb\u00edzhat\u00f3 r\u00f6gz\u00edt\u00e9st biztos\u00edt.","breadcrumb":{"@id":"https:\/\/stagezone.hu\/en\/product\/dt-mini-360-f14-truss-clamp\/#breadcrumb"},"inLanguage":"en-US","potentialAction":[{"@type":"ReadAction","target":["https:\/\/stagezone.hu\/en\/product\/dt-mini-360-f14-truss-clamp\/"]}]},{"@type":"ImageObject","inLanguage":"en-US","@id":"https:\/\/stagezone.hu\/en\/product\/dt-mini-360-f14-truss-clamp\/#primaryimage","url":"https:\/\/stagezone.hu\/wp-content\/uploads\/2025\/05\/1741000041.png","contentUrl":"https:\/\/stagezone.hu\/wp-content\/uploads\/2025\/05\/1741000041.png","width":1000,"height":1000,"caption":"DT Mini 360-F14"},{"@type":"BreadcrumbList","@id":"https:\/\/stagezone.hu\/en\/product\/dt-mini-360-f14-truss-clamp\/#breadcrumb","itemListElement":[{"@type":"ListItem","position":1,"name":"Kezd\u0151lap","item":"https:\/\/stagezone.hu\/"},{"@type":"ListItem","position":2,"name":"\u00dczlet","item":"https:\/\/stagezone.hu\/uzlet\/"},{"@type":"ListItem","position":3,"name":"DT Mini 360-F14 Truss Clamp"}]},{"@type":"WebSite","@id":"https:\/\/stagezone.hu\/en\/#website","url":"https:\/\/stagezone.hu\/en\/","name":"StageZone - Ragyogj a Stagezone min\u0151s\u00e9gi f\u00e9nytechnik\u00e1j\u00e1val.","description":"StageZone","publisher":{"@id":"https:\/\/stagezone.hu\/en\/#organization"},"potentialAction":[{"@type":"SearchAction","target":{"@type":"EntryPoint","urlTemplate":"https:\/\/stagezone.hu\/en\/?s={search_term_string}"},"query-input":{"@type":"PropertyValueSpecification","valueRequired":true,"valueName":"search_term_string"}}],"inLanguage":"en-US"},{"@type":"Organization","@id":"https:\/\/stagezone.hu\/en\/#organization","name":"StageZone","url":"https:\/\/stagezone.hu\/en\/","logo":{"@type":"ImageObject","inLanguage":"en-US","@id":"https:\/\/stagezone.hu\/en\/#\/schema\/logo\/image\/","url":"https:\/\/stagezone.hu\/wp-content\/uploads\/2026\/01\/Adam-Hall_1000x1000-1-1.png","contentUrl":"https:\/\/stagezone.hu\/wp-content\/uploads\/2026\/01\/Adam-Hall_1000x1000-1-1.png","width":1000,"height":1000,"caption":"StageZone"},"image":{"@id":"https:\/\/stagezone.hu\/en\/#\/schema\/logo\/image\/"},"sameAs":["https:\/\/www.facebook.com\/stagezonehungary\/","https:\/\/www.instagram.com\/stagezonehungary\/"]}]}},"_links":{"self":[{"href":"https:\/\/stagezone.hu\/en\/wp-json\/wp\/v2\/product\/6904","targetHints":{"allow":["GET"]}}],"collection":[{"href":"https:\/\/stagezone.hu\/en\/wp-json\/wp\/v2\/product"}],"about":[{"href":"https:\/\/stagezone.hu\/en\/wp-json\/wp\/v2\/types\/product"}],"replies":[{"embeddable":true,"href":"https:\/\/stagezone.hu\/en\/wp-json\/wp\/v2\/comments?post=6904"}],"version-history":[{"count":5,"href":"https:\/\/stagezone.hu\/en\/wp-json\/wp\/v2\/product\/6904\/revisions"}],"predecessor-version":[{"id":10609,"href":"https:\/\/stagezone.hu\/en\/wp-json\/wp\/v2\/product\/6904\/revisions\/10609"}],"wp:featuredmedia":[{"embeddable":true,"href":"https:\/\/stagezone.hu\/en\/wp-json\/wp\/v2\/media\/6909"}],"wp:attachment":[{"href":"https:\/\/stagezone.hu\/en\/wp-json\/wp\/v2\/media?parent=6904"}],"wp:term":[{"taxonomy":"product_brand","embeddable":true,"href":"https:\/\/stagezone.hu\/en\/wp-json\/wp\/v2\/product_brand?post=6904"},{"taxonomy":"product_cat","embeddable":true,"href":"https:\/\/stagezone.hu\/en\/wp-json\/wp\/v2\/product_cat?post=6904"},{"taxonomy":"product_tag","embeddable":true,"href":"https:\/\/stagezone.hu\/en\/wp-json\/wp\/v2\/product_tag?post=6904"}],"curies":[{"name":"wp","href":"https:\/\/api.w.org\/{rel}","templated":true}]}}