{"id":6851,"date":"2025-05-15T10:00:39","date_gmt":"2025-05-15T09:00:39","guid":{"rendered":"https:\/\/stagezone.hu\/?post_type=product&#038;p=6851"},"modified":"2026-05-04T19:55:01","modified_gmt":"2026-05-04T18:55:01","slug":"mini-dekker","status":"publish","type":"product","link":"https:\/\/stagezone.hu\/en\/product\/adj-mini-dekker-led-light-effect\/","title":{"rendered":"ADJ Mini Dekker LED Light Effect"},"content":{"rendered":"<h4><strong>ADJ Mini Dekker<\/strong><\/h4>\n<p>The ADJ Mini Dekker is an extremely lightweight and simple LED light effect. The product does not exceed 2 kg and thanks to its small size, it can be placed almost anywhere. It does not require a controller for operation, as the built-in programs perfectly serve the user.<\/p>\n<ul>\n<li>DMX512 LED light effect, which emits RGBW (red, green, blue, and white) color beams through 48 lenses<\/li>\n<li>Features 2 powerful 10-watt RGBW Quad LEDs<\/li>\n<li>Lightweight and portable, ideal for traveling performers<\/li>\n<li>Strobe effect<\/li>\n<li>7 operating modes (via DMX): Color Change, Color Fade, Color Change with Strobe, Color Fade with Strobe, Sound Activated, Static Color, and DMX Control<\/li>\n<li>DMX512 protocol<\/li>\n<li>4-button DMX LED menu<\/li>\n<li>9-channel DMX mode<\/li>\n<li>Standalone or Master\/Slave configuration<\/li>\n<li>Adjustable sound sensitivity potentiometer<\/li>\n<li>Includes hanging bracket<\/li>\n<li>Continuous operation suitable \u2013 no duty cycle limitations<\/li>\n<li>Power consumption: 25W<\/li>\n<li>Built-in 3-pin XLR input and output for linking up to 16 Mini Dekker units<\/li>\n<li>Long-life LEDs (50,000 hour lifespan)<\/li>\n<\/ul>\n<p>If you are looking for a small, controller-free device for home, simple use, or parties, this is what you are looking for!<\/p>\n<p>ADJ is a globally recognized manufacturer specializing in entertainment lighting, LED video technology, and various stage effects. With over 35 years of industry experience, ADJ holds a leading position in the global market with its reliable and innovative products. Its product range covers a wide spectrum: moving head lights, static light effects, DMX controller hardware and software, fog machines, and other effect machines.<\/p>\n<blockquote class=\"tiktok-embed\" cite=\"https:\/\/www.tiktok.com\/@stagezone.hu\/video\/7510258084082715927\" data-video-id=\"7510258084082715927\" data-embed-from=\"oembed\" style=\"max-width:605px; min-width:325px;\">\n<section> <a target=\"_blank\" title=\"@stagezone.hu\" href=\"https:\/\/www.tiktok.com\/@stagezone.hu?refer=embed\">@stagezone.hu<\/a> <\/p>\n<p>Az egyik legcukibb eszk\u00f6z\u00fcnk! Amennyiben otthonra keresel tuti l\u00e1mp\u00e1t, ez kell Neked! <a title=\"stagezone\" target=\"_blank\" href=\"https:\/\/www.tiktok.com\/tag\/stagezone?refer=embed\">#stagezone<\/a> <a title=\"adj\" target=\"_blank\" href=\"https:\/\/www.tiktok.com\/tag\/adj?refer=embed\">#adj<\/a> <a title=\"dekker\" target=\"_blank\" href=\"https:\/\/www.tiktok.com\/tag\/dekker?refer=embed\">#dekker<\/a> <a title=\"fenytechnika\" target=\"_blank\" href=\"https:\/\/www.tiktok.com\/tag\/fenytechnika?refer=embed\">#fenytechnika<\/a> <a title=\"otthon\" target=\"_blank\" href=\"https:\/\/www.tiktok.com\/tag\/otthon?refer=embed\">#otthon<\/a> <a title=\"lampa\" target=\"_blank\" href=\"https:\/\/www.tiktok.com\/tag\/lampa?refer=embed\">#lampa<\/a> <a title=\"disco\" target=\"_blank\" href=\"https:\/\/www.tiktok.com\/tag\/disco?refer=embed\">#disco<\/a> <a title=\"vira\" target=\"_blank\" href=\"https:\/\/www.tiktok.com\/tag\/vira?refer=embed\">#vira<\/a> <a title=\"fyp\" target=\"_blank\" href=\"https:\/\/www.tiktok.com\/tag\/fyp?refer=embed\">#fyp<\/a> <\/p>\n<p> <a target=\"_blank\" title=\"\u266c Hip Hop Background(814204) - Pavel\" href=\"https:\/\/www.tiktok.com\/music\/Hip-Hop-Background-814204-6860551076676896769?refer=embed\">\u266c Hip Hop Background(814204) &#8211; Pavel<\/a> <\/section>\n<\/blockquote>\n<p> <script async src=\"https:\/\/www.tiktok.com\/embed.js\"><\/script><\/p>\n","protected":false},"excerpt":{"rendered":"<p>This is a lightweight and compact LED light effect featuring 2x10W RGBW Quad LEDs and 48 lenses, ideal for various applications.<\/p>\n","protected":false},"featured_media":6874,"comment_status":"open","ping_status":"closed","template":"","meta":[],"product_brand":[],"product_cat":[540,471,159],"product_tag":[218,193],"class_list":{"0":"post-6851","1":"product","2":"type-product","3":"status-publish","4":"has-post-thumbnail","6":"product_cat-adj-akcios","7":"product_cat-fenyeffekt","8":"product_cat-statikus-fenyeffekt","9":"product_tag-adj","10":"product_tag-led","12":"first","13":"contact_us","14":"taxable","15":"shipping-taxable","16":"purchasable","17":"product-type-simple"},"yoast_head":"<!-- This site is optimized with the Yoast SEO Premium plugin v27.2 (Yoast SEO v27.2) - https:\/\/yoast.com\/product\/yoast-seo-premium-wordpress\/ -->\n<title>ADJ Mini Dekker LED Light Effect<\/title>\n<meta name=\"description\" content=\"This is a lightweight and compact LED light effect featuring 2x10W RGBW Quad LEDs and 48 lenses, ideal for various applications.\" \/>\n<meta name=\"robots\" content=\"index, follow, max-snippet:-1, max-image-preview:large, max-video-preview:-1\" \/>\n<link rel=\"canonical\" href=\"http:\/\/This%20is%20a%20lightweight%20and%20compact%20LED%20light%20effect%20featuring%202x10W%20RGBW%20Quad%20LEDs%20and%2048%20lenses,%20ideal%20for%20various%20applications.\" \/>\n<meta property=\"og:locale\" content=\"en_US\" \/>\n<meta property=\"og:type\" content=\"article\" \/>\n<meta property=\"og:title\" content=\"ADJ Mini Dekker LED Light Effect\" \/>\n<meta property=\"og:description\" content=\"This is a lightweight and compact LED light effect featuring 2x10W RGBW Quad LEDs and 48 lenses, ideal for various applications.\" \/>\n<meta property=\"og:url\" content=\"https:\/\/stagezone.hu\/en\/product\/adj-mini-dekker-led-light-effect\/\" \/>\n<meta property=\"og:site_name\" content=\"StageZone\" \/>\n<meta property=\"article:publisher\" content=\"https:\/\/www.facebook.com\/stagezonehungary\/\" \/>\n<meta property=\"article:modified_time\" content=\"2026-05-04T18:55:01+00:00\" \/>\n<meta property=\"og:image\" content=\"https:\/\/stagezone.hu\/wp-content\/uploads\/2025\/05\/Mini-Dekker_1.png\" \/>\n\t<meta property=\"og:image:width\" content=\"1000\" \/>\n\t<meta property=\"og:image:height\" content=\"1000\" \/>\n\t<meta property=\"og:image:type\" content=\"image\/png\" \/>\n<meta name=\"twitter:card\" content=\"summary_large_image\" \/>\n<meta name=\"twitter:label1\" content=\"Est. reading time\" \/>\n\t<meta name=\"twitter:data1\" content=\"2 minutes\" \/>\n<script type=\"application\/ld+json\" class=\"yoast-schema-graph\">{\"@context\":\"https:\/\/schema.org\",\"@graph\":[{\"@type\":\"WebPage\",\"@id\":\"https:\/\/stagezone.hu\/en\/product\/adj-mini-dekker-led-light-effect\/\",\"url\":\"https:\/\/stagezone.hu\/en\/product\/adj-mini-dekker-led-light-effect\/\",\"name\":\"ADJ ADJ Mini Dekker - StageZone\",\"isPartOf\":{\"@id\":\"https:\/\/stagezone.hu\/#website\"},\"primaryImageOfPage\":{\"@id\":\"https:\/\/stagezone.hu\/en\/product\/adj-mini-dekker-led-light-effect\/#primaryimage\"},\"image\":{\"@id\":\"https:\/\/stagezone.hu\/en\/product\/adj-mini-dekker-led-light-effect\/#primaryimage\"},\"thumbnailUrl\":\"https:\/\/stagezone.hu\/wp-content\/uploads\/2025\/05\/Mini-Dekker_1.png\",\"datePublished\":\"2025-05-15T09:00:39+00:00\",\"dateModified\":\"2026-05-04T18:55:01+00:00\",\"description\":\"Az ADJ Mini Dekker egy rendk\u00edv\u00fcl egyszer\u0171, kis m\u00e9ret\u0171, otthoni felhaszn\u00e1l\u00e1sra alkalmas LED f\u00e9nyeffekt, mely vez\u00e9rl\u0151 n\u00e9lk\u00fcl is meg\u00e1llja a hely\u00e9t.\",\"breadcrumb\":{\"@id\":\"https:\/\/stagezone.hu\/en\/product\/adj-mini-dekker-led-light-effect\/#breadcrumb\"},\"inLanguage\":\"en-US\",\"potentialAction\":[{\"@type\":\"ReadAction\",\"target\":[\"https:\/\/stagezone.hu\/en\/product\/adj-mini-dekker-led-light-effect\/\"]}]},{\"@type\":\"ImageObject\",\"inLanguage\":\"en-US\",\"@id\":\"https:\/\/stagezone.hu\/en\/product\/adj-mini-dekker-led-light-effect\/#primaryimage\",\"url\":\"https:\/\/stagezone.hu\/wp-content\/uploads\/2025\/05\/Mini-Dekker_1.png\",\"contentUrl\":\"https:\/\/stagezone.hu\/wp-content\/uploads\/2025\/05\/Mini-Dekker_1.png\",\"width\":1000,\"height\":1000,\"caption\":\"ADJ Mini Dekker\"},{\"@type\":\"BreadcrumbList\",\"@id\":\"https:\/\/stagezone.hu\/en\/product\/adj-mini-dekker-led-light-effect\/#breadcrumb\",\"itemListElement\":[{\"@type\":\"ListItem\",\"position\":1,\"name\":\"Kezd\u0151lap\",\"item\":\"https:\/\/stagezone.hu\/\"},{\"@type\":\"ListItem\",\"position\":2,\"name\":\"\u00dczlet\",\"item\":\"https:\/\/stagezone.hu\/uzlet\/\"},{\"@type\":\"ListItem\",\"position\":3,\"name\":\"ADJ Mini Dekker LED Light Effect\"}]},{\"@type\":\"WebSite\",\"@id\":\"https:\/\/stagezone.hu\/en\/#website\",\"url\":\"https:\/\/stagezone.hu\/en\/\",\"name\":\"StageZone - Ragyogj a Stagezone min\u0151s\u00e9gi f\u00e9nytechnik\u00e1j\u00e1val.\",\"description\":\"StageZone\",\"publisher\":{\"@id\":\"https:\/\/stagezone.hu\/en\/#organization\"},\"potentialAction\":[{\"@type\":\"SearchAction\",\"target\":{\"@type\":\"EntryPoint\",\"urlTemplate\":\"https:\/\/stagezone.hu\/en\/?s={search_term_string}\"},\"query-input\":{\"@type\":\"PropertyValueSpecification\",\"valueRequired\":true,\"valueName\":\"search_term_string\"}}],\"inLanguage\":\"en-US\"},{\"@type\":\"Organization\",\"@id\":\"https:\/\/stagezone.hu\/en\/#organization\",\"name\":\"StageZone\",\"url\":\"https:\/\/stagezone.hu\/en\/\",\"logo\":{\"@type\":\"ImageObject\",\"inLanguage\":\"en-US\",\"@id\":\"https:\/\/stagezone.hu\/en\/#\/schema\/logo\/image\/\",\"url\":\"https:\/\/stagezone.hu\/wp-content\/uploads\/2026\/01\/Adam-Hall_1000x1000-1-1.png\",\"contentUrl\":\"https:\/\/stagezone.hu\/wp-content\/uploads\/2026\/01\/Adam-Hall_1000x1000-1-1.png\",\"width\":1000,\"height\":1000,\"caption\":\"StageZone\"},\"image\":{\"@id\":\"https:\/\/stagezone.hu\/en\/#\/schema\/logo\/image\/\"},\"sameAs\":[\"https:\/\/www.facebook.com\/stagezonehungary\/\",\"https:\/\/www.instagram.com\/stagezonehungary\/\"]}]}<\/script>\n<!-- \/ Yoast SEO Premium plugin. -->","yoast_head_json":{"title":"ADJ Mini Dekker LED Light Effect","description":"This is a lightweight and compact LED light effect featuring 2x10W RGBW Quad LEDs and 48 lenses, ideal for various applications.","robots":{"index":"index","follow":"follow","max-snippet":"max-snippet:-1","max-image-preview":"max-image-preview:large","max-video-preview":"max-video-preview:-1"},"canonical":"This is a lightweight and compact LED light effect featuring 2x10W RGBW Quad LEDs and 48 lenses, ideal for various applications.","og_locale":"en_US","og_type":"article","og_title":"ADJ Mini Dekker LED Light Effect","og_description":"This is a lightweight and compact LED light effect featuring 2x10W RGBW Quad LEDs and 48 lenses, ideal for various applications.","og_url":"https:\/\/stagezone.hu\/en\/product\/adj-mini-dekker-led-light-effect\/","og_site_name":"StageZone","article_publisher":"https:\/\/www.facebook.com\/stagezonehungary\/","article_modified_time":"2026-05-04T18:55:01+00:00","og_image":[{"width":1000,"height":1000,"url":"https:\/\/stagezone.hu\/wp-content\/uploads\/2025\/05\/Mini-Dekker_1.png","type":"image\/png"}],"twitter_card":"summary_large_image","twitter_misc":{"Est. reading time":"2 minutes"},"schema":{"@context":"https:\/\/schema.org","@graph":[{"@type":"WebPage","@id":"https:\/\/stagezone.hu\/en\/product\/adj-mini-dekker-led-light-effect\/","url":"https:\/\/stagezone.hu\/en\/product\/adj-mini-dekker-led-light-effect\/","name":"ADJ ADJ Mini Dekker - StageZone","isPartOf":{"@id":"https:\/\/stagezone.hu\/#website"},"primaryImageOfPage":{"@id":"https:\/\/stagezone.hu\/en\/product\/adj-mini-dekker-led-light-effect\/#primaryimage"},"image":{"@id":"https:\/\/stagezone.hu\/en\/product\/adj-mini-dekker-led-light-effect\/#primaryimage"},"thumbnailUrl":"https:\/\/stagezone.hu\/wp-content\/uploads\/2025\/05\/Mini-Dekker_1.png","datePublished":"2025-05-15T09:00:39+00:00","dateModified":"2026-05-04T18:55:01+00:00","description":"Az ADJ Mini Dekker egy rendk\u00edv\u00fcl egyszer\u0171, kis m\u00e9ret\u0171, otthoni felhaszn\u00e1l\u00e1sra alkalmas LED f\u00e9nyeffekt, mely vez\u00e9rl\u0151 n\u00e9lk\u00fcl is meg\u00e1llja a hely\u00e9t.","breadcrumb":{"@id":"https:\/\/stagezone.hu\/en\/product\/adj-mini-dekker-led-light-effect\/#breadcrumb"},"inLanguage":"en-US","potentialAction":[{"@type":"ReadAction","target":["https:\/\/stagezone.hu\/en\/product\/adj-mini-dekker-led-light-effect\/"]}]},{"@type":"ImageObject","inLanguage":"en-US","@id":"https:\/\/stagezone.hu\/en\/product\/adj-mini-dekker-led-light-effect\/#primaryimage","url":"https:\/\/stagezone.hu\/wp-content\/uploads\/2025\/05\/Mini-Dekker_1.png","contentUrl":"https:\/\/stagezone.hu\/wp-content\/uploads\/2025\/05\/Mini-Dekker_1.png","width":1000,"height":1000,"caption":"ADJ Mini Dekker"},{"@type":"BreadcrumbList","@id":"https:\/\/stagezone.hu\/en\/product\/adj-mini-dekker-led-light-effect\/#breadcrumb","itemListElement":[{"@type":"ListItem","position":1,"name":"Kezd\u0151lap","item":"https:\/\/stagezone.hu\/"},{"@type":"ListItem","position":2,"name":"\u00dczlet","item":"https:\/\/stagezone.hu\/uzlet\/"},{"@type":"ListItem","position":3,"name":"ADJ Mini Dekker LED Light Effect"}]},{"@type":"WebSite","@id":"https:\/\/stagezone.hu\/en\/#website","url":"https:\/\/stagezone.hu\/en\/","name":"StageZone - Ragyogj a Stagezone min\u0151s\u00e9gi f\u00e9nytechnik\u00e1j\u00e1val.","description":"StageZone","publisher":{"@id":"https:\/\/stagezone.hu\/en\/#organization"},"potentialAction":[{"@type":"SearchAction","target":{"@type":"EntryPoint","urlTemplate":"https:\/\/stagezone.hu\/en\/?s={search_term_string}"},"query-input":{"@type":"PropertyValueSpecification","valueRequired":true,"valueName":"search_term_string"}}],"inLanguage":"en-US"},{"@type":"Organization","@id":"https:\/\/stagezone.hu\/en\/#organization","name":"StageZone","url":"https:\/\/stagezone.hu\/en\/","logo":{"@type":"ImageObject","inLanguage":"en-US","@id":"https:\/\/stagezone.hu\/en\/#\/schema\/logo\/image\/","url":"https:\/\/stagezone.hu\/wp-content\/uploads\/2026\/01\/Adam-Hall_1000x1000-1-1.png","contentUrl":"https:\/\/stagezone.hu\/wp-content\/uploads\/2026\/01\/Adam-Hall_1000x1000-1-1.png","width":1000,"height":1000,"caption":"StageZone"},"image":{"@id":"https:\/\/stagezone.hu\/en\/#\/schema\/logo\/image\/"},"sameAs":["https:\/\/www.facebook.com\/stagezonehungary\/","https:\/\/www.instagram.com\/stagezonehungary\/"]}]}},"_links":{"self":[{"href":"https:\/\/stagezone.hu\/en\/wp-json\/wp\/v2\/product\/6851","targetHints":{"allow":["GET"]}}],"collection":[{"href":"https:\/\/stagezone.hu\/en\/wp-json\/wp\/v2\/product"}],"about":[{"href":"https:\/\/stagezone.hu\/en\/wp-json\/wp\/v2\/types\/product"}],"replies":[{"embeddable":true,"href":"https:\/\/stagezone.hu\/en\/wp-json\/wp\/v2\/comments?post=6851"}],"version-history":[{"count":6,"href":"https:\/\/stagezone.hu\/en\/wp-json\/wp\/v2\/product\/6851\/revisions"}],"predecessor-version":[{"id":10405,"href":"https:\/\/stagezone.hu\/en\/wp-json\/wp\/v2\/product\/6851\/revisions\/10405"}],"wp:featuredmedia":[{"embeddable":true,"href":"https:\/\/stagezone.hu\/en\/wp-json\/wp\/v2\/media\/6874"}],"wp:attachment":[{"href":"https:\/\/stagezone.hu\/en\/wp-json\/wp\/v2\/media?parent=6851"}],"wp:term":[{"taxonomy":"product_brand","embeddable":true,"href":"https:\/\/stagezone.hu\/en\/wp-json\/wp\/v2\/product_brand?post=6851"},{"taxonomy":"product_cat","embeddable":true,"href":"https:\/\/stagezone.hu\/en\/wp-json\/wp\/v2\/product_cat?post=6851"},{"taxonomy":"product_tag","embeddable":true,"href":"https:\/\/stagezone.hu\/en\/wp-json\/wp\/v2\/product_tag?post=6851"}],"curies":[{"name":"wp","href":"https:\/\/api.w.org\/{rel}","templated":true}]}}